{"id":8673,"date":"2020-09-29T14:37:29","date_gmt":"2020-12-04T08:13:01","guid":{"rendered":"https:\/\/adgt.cz\/?post_type=product&#038;p=8673"},"modified":"2021-09-22T06:41:07","modified_gmt":"2021-09-22T06:41:07","slug":"serwer-danych-adgt-dtu","status":"publish","type":"product","link":"https:\/\/adgt.cz\/pl\/products\/software\/serwer-danych-adgt-dtu\/","title":{"rendered":"Serwer Danych ADGT DTU"},"content":{"rendered":"<p>Oprogramowanie do integracji rejestrator\u00f3w danych ADGT DTU z systemami zdalnego odczytu i monitorowania dostawc\u00f3w zewn\u0119trznych.<br \/>\nNasze rejestratory danych DTU maj\u0105 du\u017c\u0105 liczb\u0119 konfigurowalnych parametr\u00f3w i dzia\u0142aj\u0105 zgodnie z naszym protoko\u0142em transmisji DTU Protocol. Je\u015bli firma planuje wykorzystanie rejestrator\u00f3w DTU w swoim systemie AMR, integracja naszych urz\u0105dze\u0144 mo\u017ce zaj\u0105\u0107 do\u015b\u0107 du\u017co czasu: najpierw nale\u017cy doda\u0107 protok\u00f3\u0142 transmisji DTU do swojego oprogramowania, a nast\u0119pnie przetestowa\u0107 jego dzia\u0142anie i przeprowadzi\u0107 debugowanie, je\u015bli to konieczne.<br \/>\nAby zmniejszy\u0107 ryzyko i koszty integracji, a tak\u017ce zaoszcz\u0119dzi\u0107 czas, opracowali\u015bmy specjalne narz\u0119dzie &#8211; ADGT DTU DATA SERVER.<br \/>\nNarz\u0119dzie integracyjne pozwoli Ci szybko i bezpiecznie wdro\u017cy\u0107 system monitorowania przy u\u017cyciu rejestrator\u00f3w danych DTU bez konieczno\u015bci integracji protoko\u0142u ADGT DTU z Twoim systemem.<br \/>\nProdukt jest przeznaczony dla programist\u00f3w, integrator\u00f3w produkt\u00f3w i administrator\u00f3w baz danych.<\/p>\n<p><strong>Funkcje oprogramowania:<\/strong><br \/>\n\u2014 Odbiera i przetwarza po\u0142\u0105czenia przychodz\u0105ce z rejestrator\u00f3w danych<br \/>\n\u2014 Zapewnia interakcj\u0119 oprogramowania AMR z rejestratorami danych<br \/>\n\u2014 Przechowuje wszystkie dane z rejestrator\u00f3w danych (odczyt, zdarzenia, informacje telemetryczne) w bazie danych PostgreSQL<br \/>\n\u2014 Aktualizuje oprogramowanie firmowe rejestratora danych na \u017c\u0105danie u\u017cytkownika<br \/>\n\u2014 Pozwala na zdaln\u0105 zmian\u0119 parametr\u00f3w rejestratora danych z op\u00f3\u017anionym wykonaniem<br \/>\n\u2014 Obs\u0142uguje protok\u00f3\u0142 UDP dla urz\u0105dze\u0144 NB-IoT<br \/>\n\u2014 Czyta archiwa na \u017c\u0105danie<\/p>\n<p><strong>Jak to dzia\u0142a<\/strong><br \/>\n\u2014 Platforma pe\u0142ni rol\u0119 serwera TCP i UDP oraz zapewnia po\u0142\u0105czenie zdalnych rejestrator\u00f3w danych DTU przez Internet.<br \/>\n\u2014 Oprogramowanie zbiera dane z rejestrator\u00f3w danych i przechowuje je w bazie danych PostgreSQL<br \/>\n\u2014 System AMR wysy\u0142a \u017c\u0105danie odczytu danych i\/lub pro\u015bb\u0119 o zmian\u0119 ustawie\u0144 urz\u0105dzenia.<br \/>\n\u2014 Oprogramowanie zg\u0142asza \u017c\u0105dane dane i\/lub stosuje nowe ustawienia do rejestrator\u00f3w danych.<\/p>\n","protected":false},"excerpt":{"rendered":"<p>Oprogramowanie do integracji rejestrator\u00f3w danych ADGT DTU z systemami zdalnego odczytu i monitorowania dostawc\u00f3w zewn\u0119trznych.<\/p>\n","protected":false},"featured_media":8001,"comment_status":"closed","ping_status":"closed","template":"","meta":[],"product_cat":[277],"product_tag":[],"class_list":{"0":"post-8673","1":"product","2":"type-product","3":"status-publish","4":"has-post-thumbnail","6":"product_cat-software","8":"first","9":"instock","10":"shipping-taxable","11":"product-type-simple"},"yoast_head":"<!-- This site is optimized with the Yoast SEO plugin v23.5 - https:\/\/yoast.com\/wordpress\/plugins\/seo\/ -->\n<title>Serwer Danych ADGT DTU - ADGT<\/title>\n<meta name=\"robots\" content=\"index, follow, max-snippet:-1, max-image-preview:large, max-video-preview:-1\" \/>\n<link rel=\"canonical\" href=\"https:\/\/adgt.cz\/pl\/products\/software\/serwer-danych-adgt-dtu\/\" \/>\n<meta property=\"og:locale\" content=\"pl_PL\" \/>\n<meta property=\"og:type\" content=\"article\" \/>\n<meta property=\"og:title\" content=\"Serwer Danych ADGT DTU - ADGT\" \/>\n<meta property=\"og:description\" content=\"Oprogramowanie do integracji rejestrator\u00f3w danych ADGT DTU z systemami zdalnego odczytu i monitorowania dostawc\u00f3w zewn\u0119trznych.\" \/>\n<meta property=\"og:url\" content=\"https:\/\/adgt.cz\/pl\/products\/software\/serwer-danych-adgt-dtu\/\" \/>\n<meta property=\"og:site_name\" content=\"ADGT\" \/>\n<meta property=\"article:modified_time\" content=\"2021-09-22T06:41:07+00:00\" \/>\n<meta property=\"og:image\" content=\"https:\/\/adgt.cz\/wp-content\/uploads\/2020\/10\/ADGT.jpg\" \/>\n\t<meta property=\"og:image:width\" content=\"1200\" \/>\n\t<meta property=\"og:image:height\" content=\"1177\" \/>\n\t<meta property=\"og:image:type\" content=\"image\/jpeg\" \/>\n<meta name=\"twitter:card\" content=\"summary_large_image\" \/>\n<meta name=\"twitter:label1\" content=\"Szacowany czas czytania\" \/>\n\t<meta name=\"twitter:data1\" content=\"1 minuta\" \/>\n<script type=\"application\/ld+json\" class=\"yoast-schema-graph\">{\"@context\":\"https:\/\/schema.org\",\"@graph\":[{\"@type\":\"WebPage\",\"@id\":\"https:\/\/adgt.cz\/pl\/products\/software\/serwer-danych-adgt-dtu\/\",\"url\":\"https:\/\/adgt.cz\/pl\/products\/software\/serwer-danych-adgt-dtu\/\",\"name\":\"Serwer Danych ADGT DTU - ADGT\",\"isPartOf\":{\"@id\":\"https:\/\/adgt.cz\/pl\/#website\"},\"primaryImageOfPage\":{\"@id\":\"https:\/\/adgt.cz\/pl\/products\/software\/serwer-danych-adgt-dtu\/#primaryimage\"},\"image\":{\"@id\":\"https:\/\/adgt.cz\/pl\/products\/software\/serwer-danych-adgt-dtu\/#primaryimage\"},\"thumbnailUrl\":\"https:\/\/adgt.cz\/wp-content\/uploads\/2020\/10\/ADGT.jpg\",\"datePublished\":\"2020-12-04T08:13:01+00:00\",\"dateModified\":\"2021-09-22T06:41:07+00:00\",\"breadcrumb\":{\"@id\":\"https:\/\/adgt.cz\/pl\/products\/software\/serwer-danych-adgt-dtu\/#breadcrumb\"},\"inLanguage\":\"pl-PL\",\"potentialAction\":[{\"@type\":\"ReadAction\",\"target\":[\"https:\/\/adgt.cz\/pl\/products\/software\/serwer-danych-adgt-dtu\/\"]}]},{\"@type\":\"ImageObject\",\"inLanguage\":\"pl-PL\",\"@id\":\"https:\/\/adgt.cz\/pl\/products\/software\/serwer-danych-adgt-dtu\/#primaryimage\",\"url\":\"https:\/\/adgt.cz\/wp-content\/uploads\/2020\/10\/ADGT.jpg\",\"contentUrl\":\"https:\/\/adgt.cz\/wp-content\/uploads\/2020\/10\/ADGT.jpg\",\"width\":1200,\"height\":1177},{\"@type\":\"BreadcrumbList\",\"@id\":\"https:\/\/adgt.cz\/pl\/products\/software\/serwer-danych-adgt-dtu\/#breadcrumb\",\"itemListElement\":[{\"@type\":\"ListItem\",\"position\":1,\"name\":\"Home\",\"item\":\"https:\/\/adgt.cz\/pl\/\"},{\"@type\":\"ListItem\",\"position\":2,\"name\":\"Produkty\",\"item\":\"https:\/\/adgt.cz\/products\/\"},{\"@type\":\"ListItem\",\"position\":3,\"name\":\"Oprogramowanie\",\"item\":\"https:\/\/adgt.cz\/pl\/product-category\/software\/\"},{\"@type\":\"ListItem\",\"position\":4,\"name\":\"Serwer Danych ADGT DTU\"}]},{\"@type\":\"WebSite\",\"@id\":\"https:\/\/adgt.cz\/pl\/#website\",\"url\":\"https:\/\/adgt.cz\/pl\/\",\"name\":\"ADGT\",\"description\":\"Just another WordPress site\",\"publisher\":{\"@id\":\"https:\/\/adgt.cz\/pl\/#organization\"},\"potentialAction\":[{\"@type\":\"SearchAction\",\"target\":{\"@type\":\"EntryPoint\",\"urlTemplate\":\"https:\/\/adgt.cz\/pl\/?s={search_term_string}\"},\"query-input\":{\"@type\":\"PropertyValueSpecification\",\"valueRequired\":true,\"valueName\":\"search_term_string\"}}],\"inLanguage\":\"pl-PL\"},{\"@type\":\"Organization\",\"@id\":\"https:\/\/adgt.cz\/pl\/#organization\",\"name\":\"ADGT\",\"url\":\"https:\/\/adgt.cz\/pl\/\",\"logo\":{\"@type\":\"ImageObject\",\"inLanguage\":\"pl-PL\",\"@id\":\"https:\/\/adgt.cz\/pl\/#\/schema\/logo\/image\/\",\"url\":\"https:\/\/adgt.cz\/wp-content\/uploads\/2020\/09\/ADGT_logo_Magenta.png\",\"contentUrl\":\"https:\/\/adgt.cz\/wp-content\/uploads\/2020\/09\/ADGT_logo_Magenta.png\",\"width\":798,\"height\":208,\"caption\":\"ADGT\"},\"image\":{\"@id\":\"https:\/\/adgt.cz\/pl\/#\/schema\/logo\/image\/\"}}]}<\/script>\n<!-- \/ Yoast SEO plugin. -->","yoast_head_json":{"title":"Serwer Danych ADGT DTU - ADGT","robots":{"index":"index","follow":"follow","max-snippet":"max-snippet:-1","max-image-preview":"max-image-preview:large","max-video-preview":"max-video-preview:-1"},"canonical":"https:\/\/adgt.cz\/pl\/products\/software\/serwer-danych-adgt-dtu\/","og_locale":"pl_PL","og_type":"article","og_title":"Serwer Danych ADGT DTU - ADGT","og_description":"Oprogramowanie do integracji rejestrator\u00f3w danych ADGT DTU z systemami zdalnego odczytu i monitorowania dostawc\u00f3w zewn\u0119trznych.","og_url":"https:\/\/adgt.cz\/pl\/products\/software\/serwer-danych-adgt-dtu\/","og_site_name":"ADGT","article_modified_time":"2021-09-22T06:41:07+00:00","og_image":[{"width":1200,"height":1177,"url":"https:\/\/adgt.cz\/wp-content\/uploads\/2020\/10\/ADGT.jpg","type":"image\/jpeg"}],"twitter_card":"summary_large_image","twitter_misc":{"Szacowany czas czytania":"1 minuta"},"schema":{"@context":"https:\/\/schema.org","@graph":[{"@type":"WebPage","@id":"https:\/\/adgt.cz\/pl\/products\/software\/serwer-danych-adgt-dtu\/","url":"https:\/\/adgt.cz\/pl\/products\/software\/serwer-danych-adgt-dtu\/","name":"Serwer Danych ADGT DTU - ADGT","isPartOf":{"@id":"https:\/\/adgt.cz\/pl\/#website"},"primaryImageOfPage":{"@id":"https:\/\/adgt.cz\/pl\/products\/software\/serwer-danych-adgt-dtu\/#primaryimage"},"image":{"@id":"https:\/\/adgt.cz\/pl\/products\/software\/serwer-danych-adgt-dtu\/#primaryimage"},"thumbnailUrl":"https:\/\/adgt.cz\/wp-content\/uploads\/2020\/10\/ADGT.jpg","datePublished":"2020-12-04T08:13:01+00:00","dateModified":"2021-09-22T06:41:07+00:00","breadcrumb":{"@id":"https:\/\/adgt.cz\/pl\/products\/software\/serwer-danych-adgt-dtu\/#breadcrumb"},"inLanguage":"pl-PL","potentialAction":[{"@type":"ReadAction","target":["https:\/\/adgt.cz\/pl\/products\/software\/serwer-danych-adgt-dtu\/"]}]},{"@type":"ImageObject","inLanguage":"pl-PL","@id":"https:\/\/adgt.cz\/pl\/products\/software\/serwer-danych-adgt-dtu\/#primaryimage","url":"https:\/\/adgt.cz\/wp-content\/uploads\/2020\/10\/ADGT.jpg","contentUrl":"https:\/\/adgt.cz\/wp-content\/uploads\/2020\/10\/ADGT.jpg","width":1200,"height":1177},{"@type":"BreadcrumbList","@id":"https:\/\/adgt.cz\/pl\/products\/software\/serwer-danych-adgt-dtu\/#breadcrumb","itemListElement":[{"@type":"ListItem","position":1,"name":"Home","item":"https:\/\/adgt.cz\/pl\/"},{"@type":"ListItem","position":2,"name":"Produkty","item":"https:\/\/adgt.cz\/products\/"},{"@type":"ListItem","position":3,"name":"Oprogramowanie","item":"https:\/\/adgt.cz\/pl\/product-category\/software\/"},{"@type":"ListItem","position":4,"name":"Serwer Danych ADGT DTU"}]},{"@type":"WebSite","@id":"https:\/\/adgt.cz\/pl\/#website","url":"https:\/\/adgt.cz\/pl\/","name":"ADGT","description":"Just another WordPress site","publisher":{"@id":"https:\/\/adgt.cz\/pl\/#organization"},"potentialAction":[{"@type":"SearchAction","target":{"@type":"EntryPoint","urlTemplate":"https:\/\/adgt.cz\/pl\/?s={search_term_string}"},"query-input":{"@type":"PropertyValueSpecification","valueRequired":true,"valueName":"search_term_string"}}],"inLanguage":"pl-PL"},{"@type":"Organization","@id":"https:\/\/adgt.cz\/pl\/#organization","name":"ADGT","url":"https:\/\/adgt.cz\/pl\/","logo":{"@type":"ImageObject","inLanguage":"pl-PL","@id":"https:\/\/adgt.cz\/pl\/#\/schema\/logo\/image\/","url":"https:\/\/adgt.cz\/wp-content\/uploads\/2020\/09\/ADGT_logo_Magenta.png","contentUrl":"https:\/\/adgt.cz\/wp-content\/uploads\/2020\/09\/ADGT_logo_Magenta.png","width":798,"height":208,"caption":"ADGT"},"image":{"@id":"https:\/\/adgt.cz\/pl\/#\/schema\/logo\/image\/"}}]}},"_links":{"self":[{"href":"https:\/\/adgt.cz\/pl\/wp-json\/wp\/v2\/product\/8673"}],"collection":[{"href":"https:\/\/adgt.cz\/pl\/wp-json\/wp\/v2\/product"}],"about":[{"href":"https:\/\/adgt.cz\/pl\/wp-json\/wp\/v2\/types\/product"}],"replies":[{"embeddable":true,"href":"https:\/\/adgt.cz\/pl\/wp-json\/wp\/v2\/comments?post=8673"}],"wp:featuredmedia":[{"embeddable":true,"href":"https:\/\/adgt.cz\/pl\/wp-json\/wp\/v2\/media\/8001"}],"wp:attachment":[{"href":"https:\/\/adgt.cz\/pl\/wp-json\/wp\/v2\/media?parent=8673"}],"wp:term":[{"taxonomy":"product_cat","embeddable":true,"href":"https:\/\/adgt.cz\/pl\/wp-json\/wp\/v2\/product_cat?post=8673"},{"taxonomy":"product_tag","embeddable":true,"href":"https:\/\/adgt.cz\/pl\/wp-json\/wp\/v2\/product_tag?post=8673"}],"curies":[{"name":"wp","href":"https:\/\/api.w.org\/{rel}","templated":true}]}}