{"id":8671,"date":"2020-09-29T14:32:46","date_gmt":"2020-12-04T08:07:22","guid":{"rendered":"https:\/\/adgt.cz\/?post_type=product&#038;p=8671"},"modified":"2021-08-30T12:14:27","modified_gmt":"2021-08-30T12:14:27","slug":"platforma-oprogramowania-iot24-eu-cloud","status":"publish","type":"product","link":"https:\/\/adgt.cz\/pl\/products\/software\/platforma-oprogramowania-iot24-eu-cloud\/","title":{"rendered":"Platforma Oprogramowania IOT24.EU Cloud"},"content":{"rendered":"<p>IOT24.EU \u2014 platforma oprogramowania w chmurze do pomiaru i monitorowania zasob\u00f3w energii. Platforma umo\u017cliwia przechowywanie, wizualizacj\u0119 i zarz\u0105dzanie danymi o zu\u017cyciu z licznik\u00f3w i czujnik\u00f3w pod\u0142\u0105czonych do rejestrator\u00f3w danych ADGT DTU. Platforma jest dobr\u0105 alternatyw\u0105 dla innych system\u00f3w AMR i nadaje si\u0119 do monitorowania danych z licznik\u00f3w wody, gazu, a tak\u017ce czujnik\u00f3w analogowych.<\/p>\n<h6>Opcje IoT24.eu:<\/h6>\n<p>\u2014 24\/7 zdalny dost\u0119p do odczyt\u00f3w w chmurze<br \/>\n\u2014 Wizualizacja danych<br \/>\n\u2014 Zdalna konfiguracja rejestrator\u00f3w<br \/>\n\u2014 Wy\u015bwietlanie poziomu baterii i sygna\u0142u<br \/>\n\u2014 Weryfikacja i korekta odczyt\u00f3w<br \/>\n\u2014 Szybkie wysy\u0142anie komunikat\u00f3w \/ zdarze\u0144 alarmowych<br \/>\n\u2014 Generowanie raport\u00f3w za wybrany okres<br \/>\n\u2014 Dost\u0119p do informacji telemetrycznych rejestratora danych<br \/>\n\u2014 Interfejs API REST do integracji z innymi platformami<\/p>\n<div class=\"wp-block-button\"><a class=\"wp-block-button__link has-white-color has-text-color has-background\" style=\"border-radius: 6px; background-color: #d81a7a;\" href=\"https:\/\/adgt.cz\/pl\/resources\/our-products\/dtu-cellular-data-logger-series\/\" target=\"_blank\" rel=\"https:\/\/adgt.cz\/resources\/our-products\/dtu-cellular-data-logger-series\/ noopener noreferrer\">POZNAJ REJESTRATORY DANYCH<\/a><\/div>\n","protected":false},"excerpt":{"rendered":"<p>IOT24.EU \u2014 platforma oprogramowania w chmurze do pomiaru i monitorowania zasob\u00f3w energii. Platforma umo\u017cliwia przechowywanie, wizualizacj\u0119 i zarz\u0105dzanie danymi o zu\u017cyciu z licznik\u00f3w i czujnik\u00f3w pod\u0142\u0105czonych do <a href=\"https:\/\/adgt.cz\/pl\/product-category\/data-loggers\/\" target=\"_blank\" rel=\"noopener noreferrer\">rejestrator\u00f3w danych ADGT DTU<\/a>. Platforma jest dobr\u0105 alternatyw\u0105 dla innych system\u00f3w AMR i nadaje si\u0119 do monitorowania danych z licznik\u00f3w wody, gazu, a tak\u017ce czujnik\u00f3w analogowych.<\/p>\n","protected":false},"featured_media":7507,"comment_status":"closed","ping_status":"closed","template":"","meta":[],"product_cat":[277],"product_tag":[],"class_list":{"0":"post-8671","1":"product","2":"type-product","3":"status-publish","4":"has-post-thumbnail","6":"product_cat-software","8":"first","9":"instock","10":"shipping-taxable","11":"product-type-simple"},"yoast_head":"<!-- This site is optimized with the Yoast SEO plugin v23.5 - https:\/\/yoast.com\/wordpress\/plugins\/seo\/ -->\n<title>Platforma Oprogramowania IOT24.EU Cloud - ADGT<\/title>\n<meta name=\"robots\" content=\"index, follow, max-snippet:-1, max-image-preview:large, max-video-preview:-1\" \/>\n<link rel=\"canonical\" href=\"https:\/\/adgt.cz\/pl\/products\/software\/platforma-oprogramowania-iot24-eu-cloud\/\" \/>\n<meta property=\"og:locale\" content=\"pl_PL\" \/>\n<meta property=\"og:type\" content=\"article\" \/>\n<meta property=\"og:title\" content=\"Platforma Oprogramowania IOT24.EU Cloud - ADGT\" \/>\n<meta property=\"og:description\" content=\"IOT24.EU \u2014 platforma oprogramowania w chmurze do pomiaru i monitorowania zasob\u00f3w energii. Platforma umo\u017cliwia przechowywanie, wizualizacj\u0119 i zarz\u0105dzanie danymi o zu\u017cyciu z licznik\u00f3w i czujnik\u00f3w pod\u0142\u0105czonych do rejestrator\u00f3w danych ADGT DTU. Platforma jest dobr\u0105 alternatyw\u0105 dla innych system\u00f3w AMR i nadaje si\u0119 do monitorowania danych z licznik\u00f3w wody, gazu, a tak\u017ce czujnik\u00f3w analogowych.\" \/>\n<meta property=\"og:url\" content=\"https:\/\/adgt.cz\/pl\/products\/software\/platforma-oprogramowania-iot24-eu-cloud\/\" \/>\n<meta property=\"og:site_name\" content=\"ADGT\" \/>\n<meta property=\"article:modified_time\" content=\"2021-08-30T12:14:27+00:00\" \/>\n<meta property=\"og:image\" content=\"https:\/\/adgt.cz\/wp-content\/uploads\/2020\/09\/iot24_eu.jpg\" \/>\n\t<meta property=\"og:image:width\" content=\"1100\" \/>\n\t<meta property=\"og:image:height\" content=\"1100\" \/>\n\t<meta property=\"og:image:type\" content=\"image\/jpeg\" \/>\n<meta name=\"twitter:card\" content=\"summary_large_image\" \/>\n<meta name=\"twitter:label1\" content=\"Szacowany czas czytania\" \/>\n\t<meta name=\"twitter:data1\" content=\"1 minuta\" \/>\n<script type=\"application\/ld+json\" class=\"yoast-schema-graph\">{\"@context\":\"https:\/\/schema.org\",\"@graph\":[{\"@type\":\"WebPage\",\"@id\":\"https:\/\/adgt.cz\/pl\/products\/software\/platforma-oprogramowania-iot24-eu-cloud\/\",\"url\":\"https:\/\/adgt.cz\/pl\/products\/software\/platforma-oprogramowania-iot24-eu-cloud\/\",\"name\":\"Platforma Oprogramowania IOT24.EU Cloud - ADGT\",\"isPartOf\":{\"@id\":\"https:\/\/adgt.cz\/pl\/#website\"},\"primaryImageOfPage\":{\"@id\":\"https:\/\/adgt.cz\/pl\/products\/software\/platforma-oprogramowania-iot24-eu-cloud\/#primaryimage\"},\"image\":{\"@id\":\"https:\/\/adgt.cz\/pl\/products\/software\/platforma-oprogramowania-iot24-eu-cloud\/#primaryimage\"},\"thumbnailUrl\":\"https:\/\/adgt.cz\/wp-content\/uploads\/2020\/09\/iot24_eu.jpg\",\"datePublished\":\"2020-12-04T08:07:22+00:00\",\"dateModified\":\"2021-08-30T12:14:27+00:00\",\"breadcrumb\":{\"@id\":\"https:\/\/adgt.cz\/pl\/products\/software\/platforma-oprogramowania-iot24-eu-cloud\/#breadcrumb\"},\"inLanguage\":\"pl-PL\",\"potentialAction\":[{\"@type\":\"ReadAction\",\"target\":[\"https:\/\/adgt.cz\/pl\/products\/software\/platforma-oprogramowania-iot24-eu-cloud\/\"]}]},{\"@type\":\"ImageObject\",\"inLanguage\":\"pl-PL\",\"@id\":\"https:\/\/adgt.cz\/pl\/products\/software\/platforma-oprogramowania-iot24-eu-cloud\/#primaryimage\",\"url\":\"https:\/\/adgt.cz\/wp-content\/uploads\/2020\/09\/iot24_eu.jpg\",\"contentUrl\":\"https:\/\/adgt.cz\/wp-content\/uploads\/2020\/09\/iot24_eu.jpg\",\"width\":1100,\"height\":1100},{\"@type\":\"BreadcrumbList\",\"@id\":\"https:\/\/adgt.cz\/pl\/products\/software\/platforma-oprogramowania-iot24-eu-cloud\/#breadcrumb\",\"itemListElement\":[{\"@type\":\"ListItem\",\"position\":1,\"name\":\"Home\",\"item\":\"https:\/\/adgt.cz\/pl\/\"},{\"@type\":\"ListItem\",\"position\":2,\"name\":\"Produkty\",\"item\":\"https:\/\/adgt.cz\/products\/\"},{\"@type\":\"ListItem\",\"position\":3,\"name\":\"Oprogramowanie\",\"item\":\"https:\/\/adgt.cz\/pl\/product-category\/software\/\"},{\"@type\":\"ListItem\",\"position\":4,\"name\":\"Platforma Oprogramowania IOT24.EU Cloud\"}]},{\"@type\":\"WebSite\",\"@id\":\"https:\/\/adgt.cz\/pl\/#website\",\"url\":\"https:\/\/adgt.cz\/pl\/\",\"name\":\"ADGT\",\"description\":\"Just another WordPress site\",\"publisher\":{\"@id\":\"https:\/\/adgt.cz\/pl\/#organization\"},\"potentialAction\":[{\"@type\":\"SearchAction\",\"target\":{\"@type\":\"EntryPoint\",\"urlTemplate\":\"https:\/\/adgt.cz\/pl\/?s={search_term_string}\"},\"query-input\":{\"@type\":\"PropertyValueSpecification\",\"valueRequired\":true,\"valueName\":\"search_term_string\"}}],\"inLanguage\":\"pl-PL\"},{\"@type\":\"Organization\",\"@id\":\"https:\/\/adgt.cz\/pl\/#organization\",\"name\":\"ADGT\",\"url\":\"https:\/\/adgt.cz\/pl\/\",\"logo\":{\"@type\":\"ImageObject\",\"inLanguage\":\"pl-PL\",\"@id\":\"https:\/\/adgt.cz\/pl\/#\/schema\/logo\/image\/\",\"url\":\"https:\/\/adgt.cz\/wp-content\/uploads\/2020\/09\/ADGT_logo_Magenta.png\",\"contentUrl\":\"https:\/\/adgt.cz\/wp-content\/uploads\/2020\/09\/ADGT_logo_Magenta.png\",\"width\":798,\"height\":208,\"caption\":\"ADGT\"},\"image\":{\"@id\":\"https:\/\/adgt.cz\/pl\/#\/schema\/logo\/image\/\"}}]}<\/script>\n<!-- \/ Yoast SEO plugin. -->","yoast_head_json":{"title":"Platforma Oprogramowania IOT24.EU Cloud - ADGT","robots":{"index":"index","follow":"follow","max-snippet":"max-snippet:-1","max-image-preview":"max-image-preview:large","max-video-preview":"max-video-preview:-1"},"canonical":"https:\/\/adgt.cz\/pl\/products\/software\/platforma-oprogramowania-iot24-eu-cloud\/","og_locale":"pl_PL","og_type":"article","og_title":"Platforma Oprogramowania IOT24.EU Cloud - ADGT","og_description":"IOT24.EU \u2014 platforma oprogramowania w chmurze do pomiaru i monitorowania zasob\u00f3w energii. Platforma umo\u017cliwia przechowywanie, wizualizacj\u0119 i zarz\u0105dzanie danymi o zu\u017cyciu z licznik\u00f3w i czujnik\u00f3w pod\u0142\u0105czonych do rejestrator\u00f3w danych ADGT DTU. Platforma jest dobr\u0105 alternatyw\u0105 dla innych system\u00f3w AMR i nadaje si\u0119 do monitorowania danych z licznik\u00f3w wody, gazu, a tak\u017ce czujnik\u00f3w analogowych.","og_url":"https:\/\/adgt.cz\/pl\/products\/software\/platforma-oprogramowania-iot24-eu-cloud\/","og_site_name":"ADGT","article_modified_time":"2021-08-30T12:14:27+00:00","og_image":[{"width":1100,"height":1100,"url":"https:\/\/adgt.cz\/wp-content\/uploads\/2020\/09\/iot24_eu.jpg","type":"image\/jpeg"}],"twitter_card":"summary_large_image","twitter_misc":{"Szacowany czas czytania":"1 minuta"},"schema":{"@context":"https:\/\/schema.org","@graph":[{"@type":"WebPage","@id":"https:\/\/adgt.cz\/pl\/products\/software\/platforma-oprogramowania-iot24-eu-cloud\/","url":"https:\/\/adgt.cz\/pl\/products\/software\/platforma-oprogramowania-iot24-eu-cloud\/","name":"Platforma Oprogramowania IOT24.EU Cloud - ADGT","isPartOf":{"@id":"https:\/\/adgt.cz\/pl\/#website"},"primaryImageOfPage":{"@id":"https:\/\/adgt.cz\/pl\/products\/software\/platforma-oprogramowania-iot24-eu-cloud\/#primaryimage"},"image":{"@id":"https:\/\/adgt.cz\/pl\/products\/software\/platforma-oprogramowania-iot24-eu-cloud\/#primaryimage"},"thumbnailUrl":"https:\/\/adgt.cz\/wp-content\/uploads\/2020\/09\/iot24_eu.jpg","datePublished":"2020-12-04T08:07:22+00:00","dateModified":"2021-08-30T12:14:27+00:00","breadcrumb":{"@id":"https:\/\/adgt.cz\/pl\/products\/software\/platforma-oprogramowania-iot24-eu-cloud\/#breadcrumb"},"inLanguage":"pl-PL","potentialAction":[{"@type":"ReadAction","target":["https:\/\/adgt.cz\/pl\/products\/software\/platforma-oprogramowania-iot24-eu-cloud\/"]}]},{"@type":"ImageObject","inLanguage":"pl-PL","@id":"https:\/\/adgt.cz\/pl\/products\/software\/platforma-oprogramowania-iot24-eu-cloud\/#primaryimage","url":"https:\/\/adgt.cz\/wp-content\/uploads\/2020\/09\/iot24_eu.jpg","contentUrl":"https:\/\/adgt.cz\/wp-content\/uploads\/2020\/09\/iot24_eu.jpg","width":1100,"height":1100},{"@type":"BreadcrumbList","@id":"https:\/\/adgt.cz\/pl\/products\/software\/platforma-oprogramowania-iot24-eu-cloud\/#breadcrumb","itemListElement":[{"@type":"ListItem","position":1,"name":"Home","item":"https:\/\/adgt.cz\/pl\/"},{"@type":"ListItem","position":2,"name":"Produkty","item":"https:\/\/adgt.cz\/products\/"},{"@type":"ListItem","position":3,"name":"Oprogramowanie","item":"https:\/\/adgt.cz\/pl\/product-category\/software\/"},{"@type":"ListItem","position":4,"name":"Platforma Oprogramowania IOT24.EU Cloud"}]},{"@type":"WebSite","@id":"https:\/\/adgt.cz\/pl\/#website","url":"https:\/\/adgt.cz\/pl\/","name":"ADGT","description":"Just another WordPress site","publisher":{"@id":"https:\/\/adgt.cz\/pl\/#organization"},"potentialAction":[{"@type":"SearchAction","target":{"@type":"EntryPoint","urlTemplate":"https:\/\/adgt.cz\/pl\/?s={search_term_string}"},"query-input":{"@type":"PropertyValueSpecification","valueRequired":true,"valueName":"search_term_string"}}],"inLanguage":"pl-PL"},{"@type":"Organization","@id":"https:\/\/adgt.cz\/pl\/#organization","name":"ADGT","url":"https:\/\/adgt.cz\/pl\/","logo":{"@type":"ImageObject","inLanguage":"pl-PL","@id":"https:\/\/adgt.cz\/pl\/#\/schema\/logo\/image\/","url":"https:\/\/adgt.cz\/wp-content\/uploads\/2020\/09\/ADGT_logo_Magenta.png","contentUrl":"https:\/\/adgt.cz\/wp-content\/uploads\/2020\/09\/ADGT_logo_Magenta.png","width":798,"height":208,"caption":"ADGT"},"image":{"@id":"https:\/\/adgt.cz\/pl\/#\/schema\/logo\/image\/"}}]}},"_links":{"self":[{"href":"https:\/\/adgt.cz\/pl\/wp-json\/wp\/v2\/product\/8671"}],"collection":[{"href":"https:\/\/adgt.cz\/pl\/wp-json\/wp\/v2\/product"}],"about":[{"href":"https:\/\/adgt.cz\/pl\/wp-json\/wp\/v2\/types\/product"}],"replies":[{"embeddable":true,"href":"https:\/\/adgt.cz\/pl\/wp-json\/wp\/v2\/comments?post=8671"}],"wp:featuredmedia":[{"embeddable":true,"href":"https:\/\/adgt.cz\/pl\/wp-json\/wp\/v2\/media\/7507"}],"wp:attachment":[{"href":"https:\/\/adgt.cz\/pl\/wp-json\/wp\/v2\/media?parent=8671"}],"wp:term":[{"taxonomy":"product_cat","embeddable":true,"href":"https:\/\/adgt.cz\/pl\/wp-json\/wp\/v2\/product_cat?post=8671"},{"taxonomy":"product_tag","embeddable":true,"href":"https:\/\/adgt.cz\/pl\/wp-json\/wp\/v2\/product_tag?post=8671"}],"curies":[{"name":"wp","href":"https:\/\/api.w.org\/{rel}","templated":true}]}}