{"id":8648,"date":"2020-09-29T12:25:56","date_gmt":"2020-12-03T14:52:25","guid":{"rendered":"https:\/\/adgt.cz\/?post_type=product&#038;p=8648"},"modified":"2021-09-06T14:53:59","modified_gmt":"2021-09-06T14:53:59","slug":"edm106-g","status":"publish","type":"product","link":"https:\/\/adgt.cz\/pl\/products\/converters\/ethernet-converters\/edm106-g\/","title":{"rendered":"EDM106-G"},"content":{"rendered":"<p>Dwukierunkowy konwerter szeregowy na Ethernet z jednym portem RS-232 i dwoma izolowanymi galwanicznie portami RS-485. Przeznaczony do \u0142\u0105czenia urz\u0105dze\u0144 szeregowych RS-232\/RS-485\/RS-422 z Internetem LAN\/WAN przez sie\u0107 Ethernet. \u0141atwe w obs\u0142udze, niezawodne i ekonomiczne rozwi\u0105zanie zapewniaj\u0105ce zdalny dost\u0119p do urz\u0105dze\u0144 przemys\u0142owych z dowolnego miejsca na \u015bwiecie. Wszystkie interfejsy szeregowe mog\u0105 by\u0107 u\u017cywane jednocze\u015bnie, co pozwala na pod\u0142\u0105czenie szerokiej gamy urz\u0105dze\u0144: miernik\u00f3w, kontroler\u00f3w, czujnik\u00f3w itp.<\/p>\n<p>\u2014 Tryby pracy serwera TCP i klienta TCP<br \/>\n\u2014 \u0141atwa integracja z systemem SCADA lub dowolnym systemem automatyki przemys\u0142owej<br \/>\n\u2014 Konfiguracja poprzez interfejs sieciowy<br \/>\n\u2014 Wbudowany zegar watchdog zapewnia automatyczne ponowne uruchomienie urz\u0105dzenia w przypadku awarii systemu i zawieszania si\u0119<br \/>\n\u2014 Kompaktowa metalowa obudowa<br \/>\n\u2014 Mo\u017cliwo\u015b\u0107 monta\u017cu na szynie DIN i na \u015bcianie<\/p>\n","protected":false},"excerpt":{"rendered":"<p>Dwukierunkowy konwerter szeregowy na Ethernet z jednym portem RS-232 i dwoma izolowanymi galwanicznie portami RS-485. Przeznaczony do \u0142\u0105czenia urz\u0105dze\u0144 szeregowych RS-232\/RS-485\/RS-422 z Internetem LAN\/WAN przez sie\u0107 Ethernet. \u0141atwe w obs\u0142udze, niezawodne i ekonomiczne rozwi\u0105zanie zapewniaj\u0105ce zdalny dost\u0119p do urz\u0105dze\u0144 przemys\u0142owych z dowolnego miejsca na \u015bwiecie. Wszystkie interfejsy szeregowe mog\u0105 by\u0107 u\u017cywane jednocze\u015bnie, co pozwala na pod\u0142\u0105czenie szerokiej gamy urz\u0105dze\u0144: miernik\u00f3w, kontroler\u00f3w, czujnik\u00f3w itp.<\/p>\n","protected":false},"featured_media":7425,"comment_status":"closed","ping_status":"closed","template":"","meta":[],"product_cat":[274,275],"product_tag":[],"class_list":{"0":"post-8648","1":"product","2":"type-product","3":"status-publish","4":"has-post-thumbnail","6":"product_cat-converters","7":"product_cat-ethernet-converters","9":"first","10":"instock","11":"shipping-taxable","12":"purchasable","13":"product-type-simple"},"yoast_head":"<!-- This site is optimized with the Yoast SEO plugin v23.5 - https:\/\/yoast.com\/wordpress\/plugins\/seo\/ -->\n<title>EDM106-G - ADGT<\/title>\n<meta name=\"robots\" content=\"index, follow, max-snippet:-1, max-image-preview:large, max-video-preview:-1\" \/>\n<link rel=\"canonical\" href=\"https:\/\/adgt.cz\/pl\/products\/converters\/ethernet-converters\/edm106-g\/\" \/>\n<meta property=\"og:locale\" content=\"pl_PL\" \/>\n<meta property=\"og:type\" content=\"article\" \/>\n<meta property=\"og:title\" content=\"EDM106-G - ADGT\" \/>\n<meta property=\"og:description\" content=\"Dwukierunkowy konwerter szeregowy na Ethernet z jednym portem RS-232 i dwoma izolowanymi galwanicznie portami RS-485. Przeznaczony do \u0142\u0105czenia urz\u0105dze\u0144 szeregowych RS-232\/RS-485\/RS-422 z Internetem LAN\/WAN przez sie\u0107 Ethernet. \u0141atwe w obs\u0142udze, niezawodne i ekonomiczne rozwi\u0105zanie zapewniaj\u0105ce zdalny dost\u0119p do urz\u0105dze\u0144 przemys\u0142owych z dowolnego miejsca na \u015bwiecie. Wszystkie interfejsy szeregowe mog\u0105 by\u0107 u\u017cywane jednocze\u015bnie, co pozwala na pod\u0142\u0105czenie szerokiej gamy urz\u0105dze\u0144: miernik\u00f3w, kontroler\u00f3w, czujnik\u00f3w itp.\" \/>\n<meta property=\"og:url\" content=\"https:\/\/adgt.cz\/pl\/products\/converters\/ethernet-converters\/edm106-g\/\" \/>\n<meta property=\"og:site_name\" content=\"ADGT\" \/>\n<meta property=\"article:modified_time\" content=\"2021-09-06T14:53:59+00:00\" \/>\n<meta property=\"og:image\" content=\"https:\/\/adgt.cz\/wp-content\/uploads\/2020\/09\/ER108_3.jpg\" \/>\n\t<meta property=\"og:image:width\" content=\"1022\" \/>\n\t<meta property=\"og:image:height\" content=\"1024\" \/>\n\t<meta property=\"og:image:type\" content=\"image\/jpeg\" \/>\n<meta name=\"twitter:card\" content=\"summary_large_image\" \/>\n<meta name=\"twitter:label1\" content=\"Szacowany czas czytania\" \/>\n\t<meta name=\"twitter:data1\" content=\"1 minuta\" \/>\n<script type=\"application\/ld+json\" class=\"yoast-schema-graph\">{\"@context\":\"https:\/\/schema.org\",\"@graph\":[{\"@type\":\"WebPage\",\"@id\":\"https:\/\/adgt.cz\/pl\/products\/converters\/ethernet-converters\/edm106-g\/\",\"url\":\"https:\/\/adgt.cz\/pl\/products\/converters\/ethernet-converters\/edm106-g\/\",\"name\":\"EDM106-G - ADGT\",\"isPartOf\":{\"@id\":\"https:\/\/adgt.cz\/pl\/#website\"},\"primaryImageOfPage\":{\"@id\":\"https:\/\/adgt.cz\/pl\/products\/converters\/ethernet-converters\/edm106-g\/#primaryimage\"},\"image\":{\"@id\":\"https:\/\/adgt.cz\/pl\/products\/converters\/ethernet-converters\/edm106-g\/#primaryimage\"},\"thumbnailUrl\":\"https:\/\/adgt.cz\/wp-content\/uploads\/2020\/09\/ER108_3.jpg\",\"datePublished\":\"2020-12-03T14:52:25+00:00\",\"dateModified\":\"2021-09-06T14:53:59+00:00\",\"breadcrumb\":{\"@id\":\"https:\/\/adgt.cz\/pl\/products\/converters\/ethernet-converters\/edm106-g\/#breadcrumb\"},\"inLanguage\":\"pl-PL\",\"potentialAction\":[{\"@type\":\"ReadAction\",\"target\":[\"https:\/\/adgt.cz\/pl\/products\/converters\/ethernet-converters\/edm106-g\/\"]}]},{\"@type\":\"ImageObject\",\"inLanguage\":\"pl-PL\",\"@id\":\"https:\/\/adgt.cz\/pl\/products\/converters\/ethernet-converters\/edm106-g\/#primaryimage\",\"url\":\"https:\/\/adgt.cz\/wp-content\/uploads\/2020\/09\/ER108_3.jpg\",\"contentUrl\":\"https:\/\/adgt.cz\/wp-content\/uploads\/2020\/09\/ER108_3.jpg\",\"width\":1022,\"height\":1024},{\"@type\":\"BreadcrumbList\",\"@id\":\"https:\/\/adgt.cz\/pl\/products\/converters\/ethernet-converters\/edm106-g\/#breadcrumb\",\"itemListElement\":[{\"@type\":\"ListItem\",\"position\":1,\"name\":\"Home\",\"item\":\"https:\/\/adgt.cz\/pl\/\"},{\"@type\":\"ListItem\",\"position\":2,\"name\":\"Produkty\",\"item\":\"https:\/\/adgt.cz\/products\/\"},{\"@type\":\"ListItem\",\"position\":3,\"name\":\"Konwertery\",\"item\":\"https:\/\/adgt.cz\/pl\/product-category\/converters\/\"},{\"@type\":\"ListItem\",\"position\":4,\"name\":\"Konwertery portu szeregowego na Ethernet\",\"item\":\"https:\/\/adgt.cz\/pl\/product-category\/converters\/ethernet-converters\/\"},{\"@type\":\"ListItem\",\"position\":5,\"name\":\"EDM106-G\"}]},{\"@type\":\"WebSite\",\"@id\":\"https:\/\/adgt.cz\/pl\/#website\",\"url\":\"https:\/\/adgt.cz\/pl\/\",\"name\":\"ADGT\",\"description\":\"Just another WordPress site\",\"publisher\":{\"@id\":\"https:\/\/adgt.cz\/pl\/#organization\"},\"potentialAction\":[{\"@type\":\"SearchAction\",\"target\":{\"@type\":\"EntryPoint\",\"urlTemplate\":\"https:\/\/adgt.cz\/pl\/?s={search_term_string}\"},\"query-input\":{\"@type\":\"PropertyValueSpecification\",\"valueRequired\":true,\"valueName\":\"search_term_string\"}}],\"inLanguage\":\"pl-PL\"},{\"@type\":\"Organization\",\"@id\":\"https:\/\/adgt.cz\/pl\/#organization\",\"name\":\"ADGT\",\"url\":\"https:\/\/adgt.cz\/pl\/\",\"logo\":{\"@type\":\"ImageObject\",\"inLanguage\":\"pl-PL\",\"@id\":\"https:\/\/adgt.cz\/pl\/#\/schema\/logo\/image\/\",\"url\":\"https:\/\/adgt.cz\/wp-content\/uploads\/2020\/09\/ADGT_logo_Magenta.png\",\"contentUrl\":\"https:\/\/adgt.cz\/wp-content\/uploads\/2020\/09\/ADGT_logo_Magenta.png\",\"width\":798,\"height\":208,\"caption\":\"ADGT\"},\"image\":{\"@id\":\"https:\/\/adgt.cz\/pl\/#\/schema\/logo\/image\/\"}}]}<\/script>\n<!-- \/ Yoast SEO plugin. -->","yoast_head_json":{"title":"EDM106-G - ADGT","robots":{"index":"index","follow":"follow","max-snippet":"max-snippet:-1","max-image-preview":"max-image-preview:large","max-video-preview":"max-video-preview:-1"},"canonical":"https:\/\/adgt.cz\/pl\/products\/converters\/ethernet-converters\/edm106-g\/","og_locale":"pl_PL","og_type":"article","og_title":"EDM106-G - ADGT","og_description":"Dwukierunkowy konwerter szeregowy na Ethernet z jednym portem RS-232 i dwoma izolowanymi galwanicznie portami RS-485. Przeznaczony do \u0142\u0105czenia urz\u0105dze\u0144 szeregowych RS-232\/RS-485\/RS-422 z Internetem LAN\/WAN przez sie\u0107 Ethernet. \u0141atwe w obs\u0142udze, niezawodne i ekonomiczne rozwi\u0105zanie zapewniaj\u0105ce zdalny dost\u0119p do urz\u0105dze\u0144 przemys\u0142owych z dowolnego miejsca na \u015bwiecie. Wszystkie interfejsy szeregowe mog\u0105 by\u0107 u\u017cywane jednocze\u015bnie, co pozwala na pod\u0142\u0105czenie szerokiej gamy urz\u0105dze\u0144: miernik\u00f3w, kontroler\u00f3w, czujnik\u00f3w itp.","og_url":"https:\/\/adgt.cz\/pl\/products\/converters\/ethernet-converters\/edm106-g\/","og_site_name":"ADGT","article_modified_time":"2021-09-06T14:53:59+00:00","og_image":[{"width":1022,"height":1024,"url":"https:\/\/adgt.cz\/wp-content\/uploads\/2020\/09\/ER108_3.jpg","type":"image\/jpeg"}],"twitter_card":"summary_large_image","twitter_misc":{"Szacowany czas czytania":"1 minuta"},"schema":{"@context":"https:\/\/schema.org","@graph":[{"@type":"WebPage","@id":"https:\/\/adgt.cz\/pl\/products\/converters\/ethernet-converters\/edm106-g\/","url":"https:\/\/adgt.cz\/pl\/products\/converters\/ethernet-converters\/edm106-g\/","name":"EDM106-G - ADGT","isPartOf":{"@id":"https:\/\/adgt.cz\/pl\/#website"},"primaryImageOfPage":{"@id":"https:\/\/adgt.cz\/pl\/products\/converters\/ethernet-converters\/edm106-g\/#primaryimage"},"image":{"@id":"https:\/\/adgt.cz\/pl\/products\/converters\/ethernet-converters\/edm106-g\/#primaryimage"},"thumbnailUrl":"https:\/\/adgt.cz\/wp-content\/uploads\/2020\/09\/ER108_3.jpg","datePublished":"2020-12-03T14:52:25+00:00","dateModified":"2021-09-06T14:53:59+00:00","breadcrumb":{"@id":"https:\/\/adgt.cz\/pl\/products\/converters\/ethernet-converters\/edm106-g\/#breadcrumb"},"inLanguage":"pl-PL","potentialAction":[{"@type":"ReadAction","target":["https:\/\/adgt.cz\/pl\/products\/converters\/ethernet-converters\/edm106-g\/"]}]},{"@type":"ImageObject","inLanguage":"pl-PL","@id":"https:\/\/adgt.cz\/pl\/products\/converters\/ethernet-converters\/edm106-g\/#primaryimage","url":"https:\/\/adgt.cz\/wp-content\/uploads\/2020\/09\/ER108_3.jpg","contentUrl":"https:\/\/adgt.cz\/wp-content\/uploads\/2020\/09\/ER108_3.jpg","width":1022,"height":1024},{"@type":"BreadcrumbList","@id":"https:\/\/adgt.cz\/pl\/products\/converters\/ethernet-converters\/edm106-g\/#breadcrumb","itemListElement":[{"@type":"ListItem","position":1,"name":"Home","item":"https:\/\/adgt.cz\/pl\/"},{"@type":"ListItem","position":2,"name":"Produkty","item":"https:\/\/adgt.cz\/products\/"},{"@type":"ListItem","position":3,"name":"Konwertery","item":"https:\/\/adgt.cz\/pl\/product-category\/converters\/"},{"@type":"ListItem","position":4,"name":"Konwertery portu szeregowego na Ethernet","item":"https:\/\/adgt.cz\/pl\/product-category\/converters\/ethernet-converters\/"},{"@type":"ListItem","position":5,"name":"EDM106-G"}]},{"@type":"WebSite","@id":"https:\/\/adgt.cz\/pl\/#website","url":"https:\/\/adgt.cz\/pl\/","name":"ADGT","description":"Just another WordPress site","publisher":{"@id":"https:\/\/adgt.cz\/pl\/#organization"},"potentialAction":[{"@type":"SearchAction","target":{"@type":"EntryPoint","urlTemplate":"https:\/\/adgt.cz\/pl\/?s={search_term_string}"},"query-input":{"@type":"PropertyValueSpecification","valueRequired":true,"valueName":"search_term_string"}}],"inLanguage":"pl-PL"},{"@type":"Organization","@id":"https:\/\/adgt.cz\/pl\/#organization","name":"ADGT","url":"https:\/\/adgt.cz\/pl\/","logo":{"@type":"ImageObject","inLanguage":"pl-PL","@id":"https:\/\/adgt.cz\/pl\/#\/schema\/logo\/image\/","url":"https:\/\/adgt.cz\/wp-content\/uploads\/2020\/09\/ADGT_logo_Magenta.png","contentUrl":"https:\/\/adgt.cz\/wp-content\/uploads\/2020\/09\/ADGT_logo_Magenta.png","width":798,"height":208,"caption":"ADGT"},"image":{"@id":"https:\/\/adgt.cz\/pl\/#\/schema\/logo\/image\/"}}]}},"_links":{"self":[{"href":"https:\/\/adgt.cz\/pl\/wp-json\/wp\/v2\/product\/8648"}],"collection":[{"href":"https:\/\/adgt.cz\/pl\/wp-json\/wp\/v2\/product"}],"about":[{"href":"https:\/\/adgt.cz\/pl\/wp-json\/wp\/v2\/types\/product"}],"replies":[{"embeddable":true,"href":"https:\/\/adgt.cz\/pl\/wp-json\/wp\/v2\/comments?post=8648"}],"wp:featuredmedia":[{"embeddable":true,"href":"https:\/\/adgt.cz\/pl\/wp-json\/wp\/v2\/media\/7425"}],"wp:attachment":[{"href":"https:\/\/adgt.cz\/pl\/wp-json\/wp\/v2\/media?parent=8648"}],"wp:term":[{"taxonomy":"product_cat","embeddable":true,"href":"https:\/\/adgt.cz\/pl\/wp-json\/wp\/v2\/product_cat?post=8648"},{"taxonomy":"product_tag","embeddable":true,"href":"https:\/\/adgt.cz\/pl\/wp-json\/wp\/v2\/product_tag?post=8648"}],"curies":[{"name":"wp","href":"https:\/\/api.w.org\/{rel}","templated":true}]}}