{"id":8636,"date":"2020-09-28T12:22:03","date_gmt":"2020-12-03T14:06:49","guid":{"rendered":"https:\/\/adgt.cz\/?post_type=product&#038;p=8636"},"modified":"2021-12-22T10:15:10","modified_gmt":"2021-12-22T10:15:10","slug":"glc40","status":"publish","type":"product","link":"https:\/\/adgt.cz\/pl\/products\/routers\/4g-routers\/glc40\/","title":{"rendered":"GLC40"},"content":{"rendered":"<p>Router 4G LTE z systemem operacyjnym OpenWrt. Zapewnia solidn\u0105 i szybk\u0105 komunikacj\u0119 bezprzewodow\u0105 w sieci LTE (4G). Zaprojektowany z miejscami o M2M\/IoT i aplikacjach biznesowych, w tym w transporcie, bankomatach, vendingu, SOHO itp.<\/p>\n<p>\u2014 Pr\u0119dko\u015b\u0107 modemu LTE do 150 Mb\/s<br \/>\n\u2014 1 x Ethernet 10\/100 Mbps<br \/>\n\u2014 1 x port mini USB<br \/>\n\u2014 2 x gniazda SIM<br \/>\n\u2014 2 x z\u0142\u0105cza SMA do anten 4G<br \/>\n\u2014 Us\u0142ugi sieciowe: OpenVPN, IPsec, NAT, Firewall, SNMP, GRE, PPTP, L2TP, PPPoE, DHCP (serwer\/klient), Collectd<br \/>\n\u2014 System operacyjny OpenWrt\u00ae typu open source, zapewniaj\u0105cy szeroki zakres mo\u017cliwo\u015bci tworzenia bezpiecznych sieci VPN<br \/>\n\u2014 Mo\u017cliwo\u015b\u0107 monta\u017cu na szynie DIN i na \u015bcianie<br \/>\n\u2014 Temperatura pracy: -40\u2026 + 60C<br \/>\n\u2014 Zegar kontrolny<\/p>\n","protected":false},"excerpt":{"rendered":"<p>Router 4G LTE z systemem operacyjnym OpenWrt. Zapewnia solidn\u0105 i szybk\u0105 komunikacj\u0119 bezprzewodow\u0105 w sieci LTE (4G). Zaprojektowany z miejscami o M2M\/IoT i aplikacjach biznesowych, w tym w transporcie, bankomatach, vendingu, SOHO itp.<\/p>\n","protected":false},"featured_media":7727,"comment_status":"closed","ping_status":"closed","template":"","meta":[],"product_cat":[270,272],"product_tag":[300],"class_list":{"0":"post-8636","1":"product","2":"type-product","3":"status-publish","4":"has-post-thumbnail","6":"product_cat-routers","7":"product_cat-4g-routers","8":"product_tag-lte-4g","10":"first","11":"instock","12":"shipping-taxable","13":"purchasable","14":"product-type-simple"},"yoast_head":"<!-- This site is optimized with the Yoast SEO plugin v23.5 - https:\/\/yoast.com\/wordpress\/plugins\/seo\/ -->\n<title>GLC40 - ADGT<\/title>\n<meta name=\"robots\" content=\"index, follow, max-snippet:-1, max-image-preview:large, max-video-preview:-1\" \/>\n<link rel=\"canonical\" href=\"https:\/\/adgt.cz\/pl\/products\/routers\/4g-routers\/glc40\/\" \/>\n<meta property=\"og:locale\" content=\"pl_PL\" \/>\n<meta property=\"og:type\" content=\"article\" \/>\n<meta property=\"og:title\" content=\"GLC40 - ADGT\" \/>\n<meta property=\"og:description\" content=\"Router 4G LTE z systemem operacyjnym OpenWrt. Zapewnia solidn\u0105 i szybk\u0105 komunikacj\u0119 bezprzewodow\u0105 w sieci LTE (4G). Zaprojektowany z miejscami o M2M\/IoT i aplikacjach biznesowych, w tym w transporcie, bankomatach, vendingu, SOHO itp.\" \/>\n<meta property=\"og:url\" content=\"https:\/\/adgt.cz\/pl\/products\/routers\/4g-routers\/glc40\/\" \/>\n<meta property=\"og:site_name\" content=\"ADGT\" \/>\n<meta property=\"article:modified_time\" content=\"2021-12-22T10:15:10+00:00\" \/>\n<meta property=\"og:image\" content=\"https:\/\/adgt.cz\/wp-content\/uploads\/2020\/09\/GLC40_1.jpg\" \/>\n\t<meta property=\"og:image:width\" content=\"1600\" \/>\n\t<meta property=\"og:image:height\" content=\"1600\" \/>\n\t<meta property=\"og:image:type\" content=\"image\/jpeg\" \/>\n<meta name=\"twitter:card\" content=\"summary_large_image\" \/>\n<meta name=\"twitter:label1\" content=\"Szacowany czas czytania\" \/>\n\t<meta name=\"twitter:data1\" content=\"1 minuta\" \/>\n<script type=\"application\/ld+json\" class=\"yoast-schema-graph\">{\"@context\":\"https:\/\/schema.org\",\"@graph\":[{\"@type\":\"WebPage\",\"@id\":\"https:\/\/adgt.cz\/pl\/products\/routers\/4g-routers\/glc40\/\",\"url\":\"https:\/\/adgt.cz\/pl\/products\/routers\/4g-routers\/glc40\/\",\"name\":\"GLC40 - ADGT\",\"isPartOf\":{\"@id\":\"https:\/\/adgt.cz\/pl\/#website\"},\"primaryImageOfPage\":{\"@id\":\"https:\/\/adgt.cz\/pl\/products\/routers\/4g-routers\/glc40\/#primaryimage\"},\"image\":{\"@id\":\"https:\/\/adgt.cz\/pl\/products\/routers\/4g-routers\/glc40\/#primaryimage\"},\"thumbnailUrl\":\"https:\/\/adgt.cz\/wp-content\/uploads\/2020\/09\/GLC40_1.jpg\",\"datePublished\":\"2020-12-03T14:06:49+00:00\",\"dateModified\":\"2021-12-22T10:15:10+00:00\",\"breadcrumb\":{\"@id\":\"https:\/\/adgt.cz\/pl\/products\/routers\/4g-routers\/glc40\/#breadcrumb\"},\"inLanguage\":\"pl-PL\",\"potentialAction\":[{\"@type\":\"ReadAction\",\"target\":[\"https:\/\/adgt.cz\/pl\/products\/routers\/4g-routers\/glc40\/\"]}]},{\"@type\":\"ImageObject\",\"inLanguage\":\"pl-PL\",\"@id\":\"https:\/\/adgt.cz\/pl\/products\/routers\/4g-routers\/glc40\/#primaryimage\",\"url\":\"https:\/\/adgt.cz\/wp-content\/uploads\/2020\/09\/GLC40_1.jpg\",\"contentUrl\":\"https:\/\/adgt.cz\/wp-content\/uploads\/2020\/09\/GLC40_1.jpg\",\"width\":1600,\"height\":1600},{\"@type\":\"BreadcrumbList\",\"@id\":\"https:\/\/adgt.cz\/pl\/products\/routers\/4g-routers\/glc40\/#breadcrumb\",\"itemListElement\":[{\"@type\":\"ListItem\",\"position\":1,\"name\":\"Home\",\"item\":\"https:\/\/adgt.cz\/pl\/\"},{\"@type\":\"ListItem\",\"position\":2,\"name\":\"Produkty\",\"item\":\"https:\/\/adgt.cz\/products\/\"},{\"@type\":\"ListItem\",\"position\":3,\"name\":\"Routery\",\"item\":\"https:\/\/adgt.cz\/pl\/product-category\/routers\/\"},{\"@type\":\"ListItem\",\"position\":4,\"name\":\"Routery 4G\",\"item\":\"https:\/\/adgt.cz\/pl\/product-category\/routers\/4g-routers\/\"},{\"@type\":\"ListItem\",\"position\":5,\"name\":\"GLC40\"}]},{\"@type\":\"WebSite\",\"@id\":\"https:\/\/adgt.cz\/pl\/#website\",\"url\":\"https:\/\/adgt.cz\/pl\/\",\"name\":\"ADGT\",\"description\":\"Just another WordPress site\",\"publisher\":{\"@id\":\"https:\/\/adgt.cz\/pl\/#organization\"},\"potentialAction\":[{\"@type\":\"SearchAction\",\"target\":{\"@type\":\"EntryPoint\",\"urlTemplate\":\"https:\/\/adgt.cz\/pl\/?s={search_term_string}\"},\"query-input\":{\"@type\":\"PropertyValueSpecification\",\"valueRequired\":true,\"valueName\":\"search_term_string\"}}],\"inLanguage\":\"pl-PL\"},{\"@type\":\"Organization\",\"@id\":\"https:\/\/adgt.cz\/pl\/#organization\",\"name\":\"ADGT\",\"url\":\"https:\/\/adgt.cz\/pl\/\",\"logo\":{\"@type\":\"ImageObject\",\"inLanguage\":\"pl-PL\",\"@id\":\"https:\/\/adgt.cz\/pl\/#\/schema\/logo\/image\/\",\"url\":\"https:\/\/adgt.cz\/wp-content\/uploads\/2020\/09\/ADGT_logo_Magenta.png\",\"contentUrl\":\"https:\/\/adgt.cz\/wp-content\/uploads\/2020\/09\/ADGT_logo_Magenta.png\",\"width\":798,\"height\":208,\"caption\":\"ADGT\"},\"image\":{\"@id\":\"https:\/\/adgt.cz\/pl\/#\/schema\/logo\/image\/\"}}]}<\/script>\n<!-- \/ Yoast SEO plugin. -->","yoast_head_json":{"title":"GLC40 - ADGT","robots":{"index":"index","follow":"follow","max-snippet":"max-snippet:-1","max-image-preview":"max-image-preview:large","max-video-preview":"max-video-preview:-1"},"canonical":"https:\/\/adgt.cz\/pl\/products\/routers\/4g-routers\/glc40\/","og_locale":"pl_PL","og_type":"article","og_title":"GLC40 - ADGT","og_description":"Router 4G LTE z systemem operacyjnym OpenWrt. Zapewnia solidn\u0105 i szybk\u0105 komunikacj\u0119 bezprzewodow\u0105 w sieci LTE (4G). Zaprojektowany z miejscami o M2M\/IoT i aplikacjach biznesowych, w tym w transporcie, bankomatach, vendingu, SOHO itp.","og_url":"https:\/\/adgt.cz\/pl\/products\/routers\/4g-routers\/glc40\/","og_site_name":"ADGT","article_modified_time":"2021-12-22T10:15:10+00:00","og_image":[{"width":1600,"height":1600,"url":"https:\/\/adgt.cz\/wp-content\/uploads\/2020\/09\/GLC40_1.jpg","type":"image\/jpeg"}],"twitter_card":"summary_large_image","twitter_misc":{"Szacowany czas czytania":"1 minuta"},"schema":{"@context":"https:\/\/schema.org","@graph":[{"@type":"WebPage","@id":"https:\/\/adgt.cz\/pl\/products\/routers\/4g-routers\/glc40\/","url":"https:\/\/adgt.cz\/pl\/products\/routers\/4g-routers\/glc40\/","name":"GLC40 - ADGT","isPartOf":{"@id":"https:\/\/adgt.cz\/pl\/#website"},"primaryImageOfPage":{"@id":"https:\/\/adgt.cz\/pl\/products\/routers\/4g-routers\/glc40\/#primaryimage"},"image":{"@id":"https:\/\/adgt.cz\/pl\/products\/routers\/4g-routers\/glc40\/#primaryimage"},"thumbnailUrl":"https:\/\/adgt.cz\/wp-content\/uploads\/2020\/09\/GLC40_1.jpg","datePublished":"2020-12-03T14:06:49+00:00","dateModified":"2021-12-22T10:15:10+00:00","breadcrumb":{"@id":"https:\/\/adgt.cz\/pl\/products\/routers\/4g-routers\/glc40\/#breadcrumb"},"inLanguage":"pl-PL","potentialAction":[{"@type":"ReadAction","target":["https:\/\/adgt.cz\/pl\/products\/routers\/4g-routers\/glc40\/"]}]},{"@type":"ImageObject","inLanguage":"pl-PL","@id":"https:\/\/adgt.cz\/pl\/products\/routers\/4g-routers\/glc40\/#primaryimage","url":"https:\/\/adgt.cz\/wp-content\/uploads\/2020\/09\/GLC40_1.jpg","contentUrl":"https:\/\/adgt.cz\/wp-content\/uploads\/2020\/09\/GLC40_1.jpg","width":1600,"height":1600},{"@type":"BreadcrumbList","@id":"https:\/\/adgt.cz\/pl\/products\/routers\/4g-routers\/glc40\/#breadcrumb","itemListElement":[{"@type":"ListItem","position":1,"name":"Home","item":"https:\/\/adgt.cz\/pl\/"},{"@type":"ListItem","position":2,"name":"Produkty","item":"https:\/\/adgt.cz\/products\/"},{"@type":"ListItem","position":3,"name":"Routery","item":"https:\/\/adgt.cz\/pl\/product-category\/routers\/"},{"@type":"ListItem","position":4,"name":"Routery 4G","item":"https:\/\/adgt.cz\/pl\/product-category\/routers\/4g-routers\/"},{"@type":"ListItem","position":5,"name":"GLC40"}]},{"@type":"WebSite","@id":"https:\/\/adgt.cz\/pl\/#website","url":"https:\/\/adgt.cz\/pl\/","name":"ADGT","description":"Just another WordPress site","publisher":{"@id":"https:\/\/adgt.cz\/pl\/#organization"},"potentialAction":[{"@type":"SearchAction","target":{"@type":"EntryPoint","urlTemplate":"https:\/\/adgt.cz\/pl\/?s={search_term_string}"},"query-input":{"@type":"PropertyValueSpecification","valueRequired":true,"valueName":"search_term_string"}}],"inLanguage":"pl-PL"},{"@type":"Organization","@id":"https:\/\/adgt.cz\/pl\/#organization","name":"ADGT","url":"https:\/\/adgt.cz\/pl\/","logo":{"@type":"ImageObject","inLanguage":"pl-PL","@id":"https:\/\/adgt.cz\/pl\/#\/schema\/logo\/image\/","url":"https:\/\/adgt.cz\/wp-content\/uploads\/2020\/09\/ADGT_logo_Magenta.png","contentUrl":"https:\/\/adgt.cz\/wp-content\/uploads\/2020\/09\/ADGT_logo_Magenta.png","width":798,"height":208,"caption":"ADGT"},"image":{"@id":"https:\/\/adgt.cz\/pl\/#\/schema\/logo\/image\/"}}]}},"_links":{"self":[{"href":"https:\/\/adgt.cz\/pl\/wp-json\/wp\/v2\/product\/8636"}],"collection":[{"href":"https:\/\/adgt.cz\/pl\/wp-json\/wp\/v2\/product"}],"about":[{"href":"https:\/\/adgt.cz\/pl\/wp-json\/wp\/v2\/types\/product"}],"replies":[{"embeddable":true,"href":"https:\/\/adgt.cz\/pl\/wp-json\/wp\/v2\/comments?post=8636"}],"wp:featuredmedia":[{"embeddable":true,"href":"https:\/\/adgt.cz\/pl\/wp-json\/wp\/v2\/media\/7727"}],"wp:attachment":[{"href":"https:\/\/adgt.cz\/pl\/wp-json\/wp\/v2\/media?parent=8636"}],"wp:term":[{"taxonomy":"product_cat","embeddable":true,"href":"https:\/\/adgt.cz\/pl\/wp-json\/wp\/v2\/product_cat?post=8636"},{"taxonomy":"product_tag","embeddable":true,"href":"https:\/\/adgt.cz\/pl\/wp-json\/wp\/v2\/product_tag?post=8636"}],"curies":[{"name":"wp","href":"https:\/\/api.w.org\/{rel}","templated":true}]}}