{"id":8628,"date":"2020-09-28T11:06:14","date_gmt":"2020-12-03T13:20:20","guid":{"rendered":"https:\/\/adgt.cz\/?post_type=product&#038;p=8628"},"modified":"2021-12-22T10:01:13","modified_gmt":"2021-12-22T10:01:13","slug":"gtr40","status":"publish","type":"product","link":"https:\/\/adgt.cz\/pl\/products\/routers\/4g-routers\/gtr40\/","title":{"rendered":"GTR40"},"content":{"rendered":"<p>Przemys\u0142owy router LTE 4G. Wyposa\u017cony w dwa porty Ethernet 10\/100, podw\u00f3jne gniazda SIM, cztery linie IO, porty szeregowe RS-232 i RS-485 oraz system operacyjny OpenWrt.<br \/>\nRouter przeznaczony do zastosowa\u0144 przemys\u0142owych, M2M\/IoT i komercyjnych, w tym transportu, energii, inteligentnych sieci, bankomat\u00f3w, automat\u00f3w do sprzeda\u017cy itp. Zapewnia solidny i szybki bezprzewodowy dost\u0119p do Internetu przez sie\u0107 LTE (4G).<br \/>\nOparty na Linuksie system operacyjny OpenWrt umo\u017cliwia tworzenie bezpiecznych sieci VPN i instalowanie niestandardowego oprogramowania, dzi\u0119ki czemu mo\u017ce s\u0142u\u017cy\u0107 jako kontroler zautomatyzowanego systemu sterowania.<\/p>\n<p>\u2014 Pr\u0119dko\u015b\u0107 modemu LTE 4G do 150 Mb\/s<br \/>\n\u2014 2 interfejsy Ethernet 10\/100Base-TX<br \/>\n\u2014 Porty szeregowe RS-232, RS-485<br \/>\n\u2014 2 x sloty na karty SIM<br \/>\n\u2014 1 x USB A (host\/urz\u0105dzenie)<br \/>\n\u2014 1 x slot na kart\u0119 pami\u0119ci microSD<br \/>\n\u2014 4 linie I\/O obs\u0142uguj\u0105ce kilka tryb\u00f3w pracy:<br \/>\n\u2014 Us\u0142ugi sieciowe: OpenVPN, PPTP, GRE, IPSec, NAT, Firewall, IPv6, DHCP (serwer\/klient), TinyProxy, NTP, FTP, mened\u017cer SIM itp.<br \/>\n\u2014 Modbus-TCP &#8211; konwersja Modbus RTU\/SCII<br \/>\n\u2014 System operacyjny OpenWrt\u00ae typu open source, zapewniaj\u0105cy szeroki zakres mo\u017cliwo\u015bci tworzenia bezpiecznych sieci VPN<br \/>\n\u2014 Zegar czasu rzeczywistego z kompensacj\u0105 temperatury (RTC) zapewniaj\u0105cy wysok\u0105 dok\u0142adno\u015b\u0107 pomiaru czasu<br \/>\n\u2014 Napi\u0119cia zasilania: 10-50 VDC<\/p>\n<p><iframe loading=\"lazy\" style=\"width: 50%; height: 50%;\" src=\"https:\/\/www.youtube.com\/embed\/9FxU3Dc43iU\" width=\"360\" height=\"200\" frameborder=\"0\" allowfullscreen=\"allowfullscreen\"><\/iframe><\/p>\n","protected":false},"excerpt":{"rendered":"<p>Przemys\u0142owy router LTE 4G. Wyposa\u017cony w dwa porty Ethernet 10\/100, podw\u00f3jne gniazda SIM, cztery linie IO, porty szeregowe RS-232 i RS-485 oraz system operacyjny OpenWrt.<br \/>\nRouter przeznaczony do zastosowa\u0144 przemys\u0142owych, M2M\/IoT i komercyjnych, w tym transportu, energii, inteligentnych sieci, bankomat\u00f3w, automat\u00f3w do sprzeda\u017cy itp. Zapewnia solidny i szybki bezprzewodowy dost\u0119p do Internetu przez sie\u0107 LTE (4G).<br \/>\nOparty na Linuksie system operacyjny OpenWrt umo\u017cliwia tworzenie bezpiecznych sieci VPN i instalowanie niestandardowego oprogramowania, dzi\u0119ki czemu mo\u017ce s\u0142u\u017cy\u0107 jako kontroler zautomatyzowanego systemu sterowania.<\/p>\n","protected":false},"featured_media":7377,"comment_status":"closed","ping_status":"closed","template":"","meta":[],"product_cat":[270,272],"product_tag":[300],"class_list":{"0":"post-8628","1":"product","2":"type-product","3":"status-publish","4":"has-post-thumbnail","6":"product_cat-routers","7":"product_cat-4g-routers","8":"product_tag-lte-4g","10":"first","11":"outofstock","12":"featured","13":"shipping-taxable","14":"purchasable","15":"product-type-simple"},"yoast_head":"<!-- This site is optimized with the Yoast SEO plugin v23.5 - https:\/\/yoast.com\/wordpress\/plugins\/seo\/ -->\n<title>GTR40 - ADGT<\/title>\n<meta name=\"robots\" content=\"index, follow, max-snippet:-1, max-image-preview:large, max-video-preview:-1\" \/>\n<link rel=\"canonical\" href=\"https:\/\/adgt.cz\/pl\/products\/routers\/4g-routers\/gtr40\/\" \/>\n<meta property=\"og:locale\" content=\"pl_PL\" \/>\n<meta property=\"og:type\" content=\"article\" \/>\n<meta property=\"og:title\" content=\"GTR40 - ADGT\" \/>\n<meta property=\"og:description\" content=\"Przemys\u0142owy router LTE 4G. Wyposa\u017cony w dwa porty Ethernet 10\/100, podw\u00f3jne gniazda SIM, cztery linie IO, porty szeregowe RS-232 i RS-485 oraz system operacyjny OpenWrt. Router przeznaczony do zastosowa\u0144 przemys\u0142owych, M2M\/IoT i komercyjnych, w tym transportu, energii, inteligentnych sieci, bankomat\u00f3w, automat\u00f3w do sprzeda\u017cy itp. Zapewnia solidny i szybki bezprzewodowy dost\u0119p do Internetu przez sie\u0107 LTE (4G). Oparty na Linuksie system operacyjny OpenWrt umo\u017cliwia tworzenie bezpiecznych sieci VPN i instalowanie niestandardowego oprogramowania, dzi\u0119ki czemu mo\u017ce s\u0142u\u017cy\u0107 jako kontroler zautomatyzowanego systemu sterowania.\" \/>\n<meta property=\"og:url\" content=\"https:\/\/adgt.cz\/pl\/products\/routers\/4g-routers\/gtr40\/\" \/>\n<meta property=\"og:site_name\" content=\"ADGT\" \/>\n<meta property=\"article:modified_time\" content=\"2021-12-22T10:01:13+00:00\" \/>\n<meta property=\"og:image\" content=\"https:\/\/adgt.cz\/wp-content\/uploads\/2020\/09\/gtr40_v2_1.jpg\" \/>\n\t<meta property=\"og:image:width\" content=\"1024\" \/>\n\t<meta property=\"og:image:height\" content=\"1024\" \/>\n\t<meta property=\"og:image:type\" content=\"image\/jpeg\" \/>\n<meta name=\"twitter:card\" content=\"summary_large_image\" \/>\n<meta name=\"twitter:label1\" content=\"Szacowany czas czytania\" \/>\n\t<meta name=\"twitter:data1\" content=\"1 minuta\" \/>\n<script type=\"application\/ld+json\" class=\"yoast-schema-graph\">{\"@context\":\"https:\/\/schema.org\",\"@graph\":[{\"@type\":\"WebPage\",\"@id\":\"https:\/\/adgt.cz\/pl\/products\/routers\/4g-routers\/gtr40\/\",\"url\":\"https:\/\/adgt.cz\/pl\/products\/routers\/4g-routers\/gtr40\/\",\"name\":\"GTR40 - ADGT\",\"isPartOf\":{\"@id\":\"https:\/\/adgt.cz\/pl\/#website\"},\"primaryImageOfPage\":{\"@id\":\"https:\/\/adgt.cz\/pl\/products\/routers\/4g-routers\/gtr40\/#primaryimage\"},\"image\":{\"@id\":\"https:\/\/adgt.cz\/pl\/products\/routers\/4g-routers\/gtr40\/#primaryimage\"},\"thumbnailUrl\":\"https:\/\/adgt.cz\/wp-content\/uploads\/2020\/09\/gtr40_v2_1.jpg\",\"datePublished\":\"2020-12-03T13:20:20+00:00\",\"dateModified\":\"2021-12-22T10:01:13+00:00\",\"breadcrumb\":{\"@id\":\"https:\/\/adgt.cz\/pl\/products\/routers\/4g-routers\/gtr40\/#breadcrumb\"},\"inLanguage\":\"pl-PL\",\"potentialAction\":[{\"@type\":\"ReadAction\",\"target\":[\"https:\/\/adgt.cz\/pl\/products\/routers\/4g-routers\/gtr40\/\"]}]},{\"@type\":\"ImageObject\",\"inLanguage\":\"pl-PL\",\"@id\":\"https:\/\/adgt.cz\/pl\/products\/routers\/4g-routers\/gtr40\/#primaryimage\",\"url\":\"https:\/\/adgt.cz\/wp-content\/uploads\/2020\/09\/gtr40_v2_1.jpg\",\"contentUrl\":\"https:\/\/adgt.cz\/wp-content\/uploads\/2020\/09\/gtr40_v2_1.jpg\",\"width\":1024,\"height\":1024},{\"@type\":\"BreadcrumbList\",\"@id\":\"https:\/\/adgt.cz\/pl\/products\/routers\/4g-routers\/gtr40\/#breadcrumb\",\"itemListElement\":[{\"@type\":\"ListItem\",\"position\":1,\"name\":\"Home\",\"item\":\"https:\/\/adgt.cz\/pl\/\"},{\"@type\":\"ListItem\",\"position\":2,\"name\":\"Produkty\",\"item\":\"https:\/\/adgt.cz\/products\/\"},{\"@type\":\"ListItem\",\"position\":3,\"name\":\"Routery\",\"item\":\"https:\/\/adgt.cz\/pl\/product-category\/routers\/\"},{\"@type\":\"ListItem\",\"position\":4,\"name\":\"Routery 4G\",\"item\":\"https:\/\/adgt.cz\/pl\/product-category\/routers\/4g-routers\/\"},{\"@type\":\"ListItem\",\"position\":5,\"name\":\"GTR40\"}]},{\"@type\":\"WebSite\",\"@id\":\"https:\/\/adgt.cz\/pl\/#website\",\"url\":\"https:\/\/adgt.cz\/pl\/\",\"name\":\"ADGT\",\"description\":\"Just another WordPress site\",\"publisher\":{\"@id\":\"https:\/\/adgt.cz\/pl\/#organization\"},\"potentialAction\":[{\"@type\":\"SearchAction\",\"target\":{\"@type\":\"EntryPoint\",\"urlTemplate\":\"https:\/\/adgt.cz\/pl\/?s={search_term_string}\"},\"query-input\":{\"@type\":\"PropertyValueSpecification\",\"valueRequired\":true,\"valueName\":\"search_term_string\"}}],\"inLanguage\":\"pl-PL\"},{\"@type\":\"Organization\",\"@id\":\"https:\/\/adgt.cz\/pl\/#organization\",\"name\":\"ADGT\",\"url\":\"https:\/\/adgt.cz\/pl\/\",\"logo\":{\"@type\":\"ImageObject\",\"inLanguage\":\"pl-PL\",\"@id\":\"https:\/\/adgt.cz\/pl\/#\/schema\/logo\/image\/\",\"url\":\"https:\/\/adgt.cz\/wp-content\/uploads\/2020\/09\/ADGT_logo_Magenta.png\",\"contentUrl\":\"https:\/\/adgt.cz\/wp-content\/uploads\/2020\/09\/ADGT_logo_Magenta.png\",\"width\":798,\"height\":208,\"caption\":\"ADGT\"},\"image\":{\"@id\":\"https:\/\/adgt.cz\/pl\/#\/schema\/logo\/image\/\"}}]}<\/script>\n<!-- \/ Yoast SEO plugin. -->","yoast_head_json":{"title":"GTR40 - ADGT","robots":{"index":"index","follow":"follow","max-snippet":"max-snippet:-1","max-image-preview":"max-image-preview:large","max-video-preview":"max-video-preview:-1"},"canonical":"https:\/\/adgt.cz\/pl\/products\/routers\/4g-routers\/gtr40\/","og_locale":"pl_PL","og_type":"article","og_title":"GTR40 - ADGT","og_description":"Przemys\u0142owy router LTE 4G. Wyposa\u017cony w dwa porty Ethernet 10\/100, podw\u00f3jne gniazda SIM, cztery linie IO, porty szeregowe RS-232 i RS-485 oraz system operacyjny OpenWrt. Router przeznaczony do zastosowa\u0144 przemys\u0142owych, M2M\/IoT i komercyjnych, w tym transportu, energii, inteligentnych sieci, bankomat\u00f3w, automat\u00f3w do sprzeda\u017cy itp. Zapewnia solidny i szybki bezprzewodowy dost\u0119p do Internetu przez sie\u0107 LTE (4G). Oparty na Linuksie system operacyjny OpenWrt umo\u017cliwia tworzenie bezpiecznych sieci VPN i instalowanie niestandardowego oprogramowania, dzi\u0119ki czemu mo\u017ce s\u0142u\u017cy\u0107 jako kontroler zautomatyzowanego systemu sterowania.","og_url":"https:\/\/adgt.cz\/pl\/products\/routers\/4g-routers\/gtr40\/","og_site_name":"ADGT","article_modified_time":"2021-12-22T10:01:13+00:00","og_image":[{"width":1024,"height":1024,"url":"https:\/\/adgt.cz\/wp-content\/uploads\/2020\/09\/gtr40_v2_1.jpg","type":"image\/jpeg"}],"twitter_card":"summary_large_image","twitter_misc":{"Szacowany czas czytania":"1 minuta"},"schema":{"@context":"https:\/\/schema.org","@graph":[{"@type":"WebPage","@id":"https:\/\/adgt.cz\/pl\/products\/routers\/4g-routers\/gtr40\/","url":"https:\/\/adgt.cz\/pl\/products\/routers\/4g-routers\/gtr40\/","name":"GTR40 - ADGT","isPartOf":{"@id":"https:\/\/adgt.cz\/pl\/#website"},"primaryImageOfPage":{"@id":"https:\/\/adgt.cz\/pl\/products\/routers\/4g-routers\/gtr40\/#primaryimage"},"image":{"@id":"https:\/\/adgt.cz\/pl\/products\/routers\/4g-routers\/gtr40\/#primaryimage"},"thumbnailUrl":"https:\/\/adgt.cz\/wp-content\/uploads\/2020\/09\/gtr40_v2_1.jpg","datePublished":"2020-12-03T13:20:20+00:00","dateModified":"2021-12-22T10:01:13+00:00","breadcrumb":{"@id":"https:\/\/adgt.cz\/pl\/products\/routers\/4g-routers\/gtr40\/#breadcrumb"},"inLanguage":"pl-PL","potentialAction":[{"@type":"ReadAction","target":["https:\/\/adgt.cz\/pl\/products\/routers\/4g-routers\/gtr40\/"]}]},{"@type":"ImageObject","inLanguage":"pl-PL","@id":"https:\/\/adgt.cz\/pl\/products\/routers\/4g-routers\/gtr40\/#primaryimage","url":"https:\/\/adgt.cz\/wp-content\/uploads\/2020\/09\/gtr40_v2_1.jpg","contentUrl":"https:\/\/adgt.cz\/wp-content\/uploads\/2020\/09\/gtr40_v2_1.jpg","width":1024,"height":1024},{"@type":"BreadcrumbList","@id":"https:\/\/adgt.cz\/pl\/products\/routers\/4g-routers\/gtr40\/#breadcrumb","itemListElement":[{"@type":"ListItem","position":1,"name":"Home","item":"https:\/\/adgt.cz\/pl\/"},{"@type":"ListItem","position":2,"name":"Produkty","item":"https:\/\/adgt.cz\/products\/"},{"@type":"ListItem","position":3,"name":"Routery","item":"https:\/\/adgt.cz\/pl\/product-category\/routers\/"},{"@type":"ListItem","position":4,"name":"Routery 4G","item":"https:\/\/adgt.cz\/pl\/product-category\/routers\/4g-routers\/"},{"@type":"ListItem","position":5,"name":"GTR40"}]},{"@type":"WebSite","@id":"https:\/\/adgt.cz\/pl\/#website","url":"https:\/\/adgt.cz\/pl\/","name":"ADGT","description":"Just another WordPress site","publisher":{"@id":"https:\/\/adgt.cz\/pl\/#organization"},"potentialAction":[{"@type":"SearchAction","target":{"@type":"EntryPoint","urlTemplate":"https:\/\/adgt.cz\/pl\/?s={search_term_string}"},"query-input":{"@type":"PropertyValueSpecification","valueRequired":true,"valueName":"search_term_string"}}],"inLanguage":"pl-PL"},{"@type":"Organization","@id":"https:\/\/adgt.cz\/pl\/#organization","name":"ADGT","url":"https:\/\/adgt.cz\/pl\/","logo":{"@type":"ImageObject","inLanguage":"pl-PL","@id":"https:\/\/adgt.cz\/pl\/#\/schema\/logo\/image\/","url":"https:\/\/adgt.cz\/wp-content\/uploads\/2020\/09\/ADGT_logo_Magenta.png","contentUrl":"https:\/\/adgt.cz\/wp-content\/uploads\/2020\/09\/ADGT_logo_Magenta.png","width":798,"height":208,"caption":"ADGT"},"image":{"@id":"https:\/\/adgt.cz\/pl\/#\/schema\/logo\/image\/"}}]}},"_links":{"self":[{"href":"https:\/\/adgt.cz\/pl\/wp-json\/wp\/v2\/product\/8628"}],"collection":[{"href":"https:\/\/adgt.cz\/pl\/wp-json\/wp\/v2\/product"}],"about":[{"href":"https:\/\/adgt.cz\/pl\/wp-json\/wp\/v2\/types\/product"}],"replies":[{"embeddable":true,"href":"https:\/\/adgt.cz\/pl\/wp-json\/wp\/v2\/comments?post=8628"}],"wp:featuredmedia":[{"embeddable":true,"href":"https:\/\/adgt.cz\/pl\/wp-json\/wp\/v2\/media\/7377"}],"wp:attachment":[{"href":"https:\/\/adgt.cz\/pl\/wp-json\/wp\/v2\/media?parent=8628"}],"wp:term":[{"taxonomy":"product_cat","embeddable":true,"href":"https:\/\/adgt.cz\/pl\/wp-json\/wp\/v2\/product_cat?post=8628"},{"taxonomy":"product_tag","embeddable":true,"href":"https:\/\/adgt.cz\/pl\/wp-json\/wp\/v2\/product_tag?post=8628"}],"curies":[{"name":"wp","href":"https:\/\/api.w.org\/{rel}","templated":true}]}}