{"id":8543,"date":"2020-09-24T08:14:08","date_gmt":"2020-12-02T14:58:36","guid":{"rendered":"https:\/\/adgt.cz\/?post_type=product&#038;p=8543"},"modified":"2022-02-02T13:45:53","modified_gmt":"2022-02-02T13:45:53","slug":"adm114-g","status":"publish","type":"product","link":"https:\/\/adgt.cz\/pl\/products\/modems\/gsm-gprs-modems\/adm114-g\/","title":{"rendered":"ADM114-G"},"content":{"rendered":"<p>Inteligentny modem GSM\/GPRS z interfejsem izolowane galwanicznie RS-485 do sieci przemys\u0142owych i aplikacji M2M\/IoT. Zapewnia szybki i niezawodny bezprzewodowy transfer danych przez kana\u0142 GPRS z wykorzystaniem protoko\u0142u TCP\/IP, a tak\u017ce przez CSD.<\/p>\n<p>\u2014 Dwuzakresowy GSM\/GPRS 900\/1800 MHz<br \/>\n\u2014 Przejrzysty transfer danych przez kom\u00f3rkow\u0105 sie\u0107 GPRS lub CSD<br \/>\n\u2014 Konwersja danych szeregowych na dane IP<br \/>\n\u2014 Tryby TCP Client\/TCP Server<br \/>\n\u2014 Po\u0142\u0105czenie GPRS: zgodnie z harmonogramem i na \u017c\u0105danie<br \/>\n\u2014 Podw\u00f3jne gniazda na karty SIM zapewniaj\u0105ce nadmiarowo\u015b\u0107 kana\u0142\u00f3w<br \/>\n\u2014 Lokalna i zdalna konfiguracja oraz aktualizacja oprogramowania. Ponad 200 parametr\u00f3w konfiguracyjnych. Zdalna konfiguracja przez TCP, CSD lub SMS<br \/>\n\u2014 Przyjazne dla u\u017cytkownika oprogramowanie konfiguracyjne<br \/>\n\u2014 1xDI. Wysy\u0142anie wiadomo\u015bci SMS, je\u015bli DI jest wyzwolone<br \/>\n\u2014 Kompaktowa metalowa obudowa, monta\u017c na szynie din<\/p>\n","protected":false},"excerpt":{"rendered":"<p>Inteligentny modem GSM\/GPRS z interfejsem izolowane galwanicznie RS-485 do sieci przemys\u0142owych i aplikacji M2M\/IoT. Zapewnia szybki i niezawodny bezprzewodowy transfer danych przez kana\u0142 GPRS z wykorzystaniem protoko\u0142u TCP\/IP, a tak\u017ce przez CSD.<\/p>\n","protected":false},"featured_media":6985,"comment_status":"closed","ping_status":"closed","template":"","meta":[],"product_cat":[261,262],"product_tag":[296],"class_list":{"0":"post-8543","1":"product","2":"type-product","3":"status-publish","4":"has-post-thumbnail","6":"product_cat-modems","7":"product_cat-gsm-gprs-modems","8":"product_tag-gprs","10":"first","11":"instock","12":"shipping-taxable","13":"purchasable","14":"product-type-simple"},"yoast_head":"<!-- This site is optimized with the Yoast SEO plugin v23.5 - https:\/\/yoast.com\/wordpress\/plugins\/seo\/ -->\n<title>ADM114-G - Przemys\u0142owy Modem GSM\/GPRS RS-485 | Produkty ADGT<\/title>\n<meta name=\"description\" content=\"Inteligentny modem GSM\/GPRS ADM114-G z interfejsem izolowane galwanicznie RS-485 do sieci przemys\u0142owych i aplikacji M2M\/IoT.\" \/>\n<meta name=\"robots\" content=\"index, follow, max-snippet:-1, max-image-preview:large, max-video-preview:-1\" \/>\n<link rel=\"canonical\" href=\"https:\/\/adgt.cz\/pl\/products\/modems\/gsm-gprs-modems\/adm114-g\/\" \/>\n<meta property=\"og:locale\" content=\"pl_PL\" \/>\n<meta property=\"og:type\" content=\"article\" \/>\n<meta property=\"og:title\" content=\"ADM114-G - Przemys\u0142owy Modem GSM\/GPRS RS-485 | Produkty ADGT\" \/>\n<meta property=\"og:description\" content=\"Inteligentny modem GSM\/GPRS ADM114-G z interfejsem izolowane galwanicznie RS-485 do sieci przemys\u0142owych i aplikacji M2M\/IoT.\" \/>\n<meta property=\"og:url\" content=\"https:\/\/adgt.cz\/pl\/products\/modems\/gsm-gprs-modems\/adm114-g\/\" \/>\n<meta property=\"og:site_name\" content=\"ADGT\" \/>\n<meta property=\"article:modified_time\" content=\"2022-02-02T13:45:53+00:00\" \/>\n<meta property=\"og:image\" content=\"https:\/\/adgt.cz\/wp-content\/uploads\/2020\/09\/ADM-10.jpg\" \/>\n\t<meta property=\"og:image:width\" content=\"1200\" \/>\n\t<meta property=\"og:image:height\" content=\"1200\" \/>\n\t<meta property=\"og:image:type\" content=\"image\/jpeg\" \/>\n<meta name=\"twitter:card\" content=\"summary_large_image\" \/>\n<meta name=\"twitter:label1\" content=\"Szacowany czas czytania\" \/>\n\t<meta name=\"twitter:data1\" content=\"1 minuta\" \/>\n<script type=\"application\/ld+json\" class=\"yoast-schema-graph\">{\"@context\":\"https:\/\/schema.org\",\"@graph\":[{\"@type\":\"WebPage\",\"@id\":\"https:\/\/adgt.cz\/pl\/products\/modems\/gsm-gprs-modems\/adm114-g\/\",\"url\":\"https:\/\/adgt.cz\/pl\/products\/modems\/gsm-gprs-modems\/adm114-g\/\",\"name\":\"ADM114-G - Przemys\u0142owy Modem GSM\/GPRS RS-485 | Produkty ADGT\",\"isPartOf\":{\"@id\":\"https:\/\/adgt.cz\/pl\/#website\"},\"primaryImageOfPage\":{\"@id\":\"https:\/\/adgt.cz\/pl\/products\/modems\/gsm-gprs-modems\/adm114-g\/#primaryimage\"},\"image\":{\"@id\":\"https:\/\/adgt.cz\/pl\/products\/modems\/gsm-gprs-modems\/adm114-g\/#primaryimage\"},\"thumbnailUrl\":\"https:\/\/adgt.cz\/wp-content\/uploads\/2020\/09\/ADM-10.jpg\",\"datePublished\":\"2020-12-02T14:58:36+00:00\",\"dateModified\":\"2022-02-02T13:45:53+00:00\",\"description\":\"Inteligentny modem GSM\/GPRS ADM114-G z interfejsem izolowane galwanicznie RS-485 do sieci przemys\u0142owych i aplikacji M2M\/IoT.\",\"breadcrumb\":{\"@id\":\"https:\/\/adgt.cz\/pl\/products\/modems\/gsm-gprs-modems\/adm114-g\/#breadcrumb\"},\"inLanguage\":\"pl-PL\",\"potentialAction\":[{\"@type\":\"ReadAction\",\"target\":[\"https:\/\/adgt.cz\/pl\/products\/modems\/gsm-gprs-modems\/adm114-g\/\"]}]},{\"@type\":\"ImageObject\",\"inLanguage\":\"pl-PL\",\"@id\":\"https:\/\/adgt.cz\/pl\/products\/modems\/gsm-gprs-modems\/adm114-g\/#primaryimage\",\"url\":\"https:\/\/adgt.cz\/wp-content\/uploads\/2020\/09\/ADM-10.jpg\",\"contentUrl\":\"https:\/\/adgt.cz\/wp-content\/uploads\/2020\/09\/ADM-10.jpg\",\"width\":1200,\"height\":1200},{\"@type\":\"BreadcrumbList\",\"@id\":\"https:\/\/adgt.cz\/pl\/products\/modems\/gsm-gprs-modems\/adm114-g\/#breadcrumb\",\"itemListElement\":[{\"@type\":\"ListItem\",\"position\":1,\"name\":\"Home\",\"item\":\"https:\/\/adgt.cz\/pl\/\"},{\"@type\":\"ListItem\",\"position\":2,\"name\":\"Produkty\",\"item\":\"https:\/\/adgt.cz\/products\/\"},{\"@type\":\"ListItem\",\"position\":3,\"name\":\"Modemy\",\"item\":\"https:\/\/adgt.cz\/pl\/product-category\/modems\/\"},{\"@type\":\"ListItem\",\"position\":4,\"name\":\"Modemy GSM\/GPRS\",\"item\":\"https:\/\/adgt.cz\/pl\/product-category\/modems\/gsm-gprs-modems\/\"},{\"@type\":\"ListItem\",\"position\":5,\"name\":\"ADM114-G\"}]},{\"@type\":\"WebSite\",\"@id\":\"https:\/\/adgt.cz\/pl\/#website\",\"url\":\"https:\/\/adgt.cz\/pl\/\",\"name\":\"ADGT\",\"description\":\"Just another WordPress site\",\"publisher\":{\"@id\":\"https:\/\/adgt.cz\/pl\/#organization\"},\"potentialAction\":[{\"@type\":\"SearchAction\",\"target\":{\"@type\":\"EntryPoint\",\"urlTemplate\":\"https:\/\/adgt.cz\/pl\/?s={search_term_string}\"},\"query-input\":{\"@type\":\"PropertyValueSpecification\",\"valueRequired\":true,\"valueName\":\"search_term_string\"}}],\"inLanguage\":\"pl-PL\"},{\"@type\":\"Organization\",\"@id\":\"https:\/\/adgt.cz\/pl\/#organization\",\"name\":\"ADGT\",\"url\":\"https:\/\/adgt.cz\/pl\/\",\"logo\":{\"@type\":\"ImageObject\",\"inLanguage\":\"pl-PL\",\"@id\":\"https:\/\/adgt.cz\/pl\/#\/schema\/logo\/image\/\",\"url\":\"https:\/\/adgt.cz\/wp-content\/uploads\/2020\/09\/ADGT_logo_Magenta.png\",\"contentUrl\":\"https:\/\/adgt.cz\/wp-content\/uploads\/2020\/09\/ADGT_logo_Magenta.png\",\"width\":798,\"height\":208,\"caption\":\"ADGT\"},\"image\":{\"@id\":\"https:\/\/adgt.cz\/pl\/#\/schema\/logo\/image\/\"}}]}<\/script>\n<!-- \/ Yoast SEO plugin. -->","yoast_head_json":{"title":"ADM114-G - Przemys\u0142owy Modem GSM\/GPRS RS-485 | Produkty ADGT","description":"Inteligentny modem GSM\/GPRS ADM114-G z interfejsem izolowane galwanicznie RS-485 do sieci przemys\u0142owych i aplikacji M2M\/IoT.","robots":{"index":"index","follow":"follow","max-snippet":"max-snippet:-1","max-image-preview":"max-image-preview:large","max-video-preview":"max-video-preview:-1"},"canonical":"https:\/\/adgt.cz\/pl\/products\/modems\/gsm-gprs-modems\/adm114-g\/","og_locale":"pl_PL","og_type":"article","og_title":"ADM114-G - Przemys\u0142owy Modem GSM\/GPRS RS-485 | Produkty ADGT","og_description":"Inteligentny modem GSM\/GPRS ADM114-G z interfejsem izolowane galwanicznie RS-485 do sieci przemys\u0142owych i aplikacji M2M\/IoT.","og_url":"https:\/\/adgt.cz\/pl\/products\/modems\/gsm-gprs-modems\/adm114-g\/","og_site_name":"ADGT","article_modified_time":"2022-02-02T13:45:53+00:00","og_image":[{"width":1200,"height":1200,"url":"https:\/\/adgt.cz\/wp-content\/uploads\/2020\/09\/ADM-10.jpg","type":"image\/jpeg"}],"twitter_card":"summary_large_image","twitter_misc":{"Szacowany czas czytania":"1 minuta"},"schema":{"@context":"https:\/\/schema.org","@graph":[{"@type":"WebPage","@id":"https:\/\/adgt.cz\/pl\/products\/modems\/gsm-gprs-modems\/adm114-g\/","url":"https:\/\/adgt.cz\/pl\/products\/modems\/gsm-gprs-modems\/adm114-g\/","name":"ADM114-G - Przemys\u0142owy Modem GSM\/GPRS RS-485 | Produkty ADGT","isPartOf":{"@id":"https:\/\/adgt.cz\/pl\/#website"},"primaryImageOfPage":{"@id":"https:\/\/adgt.cz\/pl\/products\/modems\/gsm-gprs-modems\/adm114-g\/#primaryimage"},"image":{"@id":"https:\/\/adgt.cz\/pl\/products\/modems\/gsm-gprs-modems\/adm114-g\/#primaryimage"},"thumbnailUrl":"https:\/\/adgt.cz\/wp-content\/uploads\/2020\/09\/ADM-10.jpg","datePublished":"2020-12-02T14:58:36+00:00","dateModified":"2022-02-02T13:45:53+00:00","description":"Inteligentny modem GSM\/GPRS ADM114-G z interfejsem izolowane galwanicznie RS-485 do sieci przemys\u0142owych i aplikacji M2M\/IoT.","breadcrumb":{"@id":"https:\/\/adgt.cz\/pl\/products\/modems\/gsm-gprs-modems\/adm114-g\/#breadcrumb"},"inLanguage":"pl-PL","potentialAction":[{"@type":"ReadAction","target":["https:\/\/adgt.cz\/pl\/products\/modems\/gsm-gprs-modems\/adm114-g\/"]}]},{"@type":"ImageObject","inLanguage":"pl-PL","@id":"https:\/\/adgt.cz\/pl\/products\/modems\/gsm-gprs-modems\/adm114-g\/#primaryimage","url":"https:\/\/adgt.cz\/wp-content\/uploads\/2020\/09\/ADM-10.jpg","contentUrl":"https:\/\/adgt.cz\/wp-content\/uploads\/2020\/09\/ADM-10.jpg","width":1200,"height":1200},{"@type":"BreadcrumbList","@id":"https:\/\/adgt.cz\/pl\/products\/modems\/gsm-gprs-modems\/adm114-g\/#breadcrumb","itemListElement":[{"@type":"ListItem","position":1,"name":"Home","item":"https:\/\/adgt.cz\/pl\/"},{"@type":"ListItem","position":2,"name":"Produkty","item":"https:\/\/adgt.cz\/products\/"},{"@type":"ListItem","position":3,"name":"Modemy","item":"https:\/\/adgt.cz\/pl\/product-category\/modems\/"},{"@type":"ListItem","position":4,"name":"Modemy GSM\/GPRS","item":"https:\/\/adgt.cz\/pl\/product-category\/modems\/gsm-gprs-modems\/"},{"@type":"ListItem","position":5,"name":"ADM114-G"}]},{"@type":"WebSite","@id":"https:\/\/adgt.cz\/pl\/#website","url":"https:\/\/adgt.cz\/pl\/","name":"ADGT","description":"Just another WordPress site","publisher":{"@id":"https:\/\/adgt.cz\/pl\/#organization"},"potentialAction":[{"@type":"SearchAction","target":{"@type":"EntryPoint","urlTemplate":"https:\/\/adgt.cz\/pl\/?s={search_term_string}"},"query-input":{"@type":"PropertyValueSpecification","valueRequired":true,"valueName":"search_term_string"}}],"inLanguage":"pl-PL"},{"@type":"Organization","@id":"https:\/\/adgt.cz\/pl\/#organization","name":"ADGT","url":"https:\/\/adgt.cz\/pl\/","logo":{"@type":"ImageObject","inLanguage":"pl-PL","@id":"https:\/\/adgt.cz\/pl\/#\/schema\/logo\/image\/","url":"https:\/\/adgt.cz\/wp-content\/uploads\/2020\/09\/ADGT_logo_Magenta.png","contentUrl":"https:\/\/adgt.cz\/wp-content\/uploads\/2020\/09\/ADGT_logo_Magenta.png","width":798,"height":208,"caption":"ADGT"},"image":{"@id":"https:\/\/adgt.cz\/pl\/#\/schema\/logo\/image\/"}}]}},"_links":{"self":[{"href":"https:\/\/adgt.cz\/pl\/wp-json\/wp\/v2\/product\/8543"}],"collection":[{"href":"https:\/\/adgt.cz\/pl\/wp-json\/wp\/v2\/product"}],"about":[{"href":"https:\/\/adgt.cz\/pl\/wp-json\/wp\/v2\/types\/product"}],"replies":[{"embeddable":true,"href":"https:\/\/adgt.cz\/pl\/wp-json\/wp\/v2\/comments?post=8543"}],"wp:featuredmedia":[{"embeddable":true,"href":"https:\/\/adgt.cz\/pl\/wp-json\/wp\/v2\/media\/6985"}],"wp:attachment":[{"href":"https:\/\/adgt.cz\/pl\/wp-json\/wp\/v2\/media?parent=8543"}],"wp:term":[{"taxonomy":"product_cat","embeddable":true,"href":"https:\/\/adgt.cz\/pl\/wp-json\/wp\/v2\/product_cat?post=8543"},{"taxonomy":"product_tag","embeddable":true,"href":"https:\/\/adgt.cz\/pl\/wp-json\/wp\/v2\/product_tag?post=8543"}],"curies":[{"name":"wp","href":"https:\/\/api.w.org\/{rel}","templated":true}]}}