{"id":12893,"date":"2021-06-15T15:03:49","date_gmt":"2021-09-16T13:49:34","guid":{"rendered":"https:\/\/adgt.cz\/?post_type=product&#038;p=12893"},"modified":"2022-03-21T09:50:47","modified_gmt":"2022-03-21T09:50:47","slug":"dtu327-u","status":"publish","type":"product","link":"https:\/\/adgt.cz\/pl\/products\/data-loggers\/nb-iot-data-loggers\/dtu327-u\/","title":{"rendered":"DTU327-U"},"content":{"rendered":"<p>Zasilany bateryjnie 4-kana\u0142owy rejestrator danych NB-IoT o ma\u0142ej mocy. Zaprojektowany do zdalnych pomiar\u00f3w i aplikacji monitoruj\u0105cych. Urz\u0105dzenie zbiera dane o zu\u017cyciu z licznik\u00f3w impuls\u00f3w wyj\u015bciowych i czujnik\u00f3w, przechowuje odczyty w pami\u0119ci nieulotnej i przesy\u0142a dane do serwera dyspozytorskiego poprzez sie\u0107 NB-IoT. Nadaje si\u0119 do pomiaru wody, gazu, energii elektrycznej.<\/p>\n<p>\u2014 4 x wej\u015bcia zliczaj\u0105ce impulsy, 2 x wej\u015bcia binarne<br \/>\n\u2014 Ci\u0105g\u0142a praca przez 10 lat i wi\u0119cej z wewn\u0119trzn\u0105 bateri\u0105 13000 mAh<br \/>\n\u2014 Transmisja danych przez NB-IoT (UDP) wed\u0142ug konfigurowalnego harmonogramu<br \/>\n\u2014 Dwa gniazda kart SIM<br \/>\n\u2014 Zewn\u0119trzne z\u0142\u0105cze SMA(f)<br \/>\n\u2014 Wodoodporna obudowa z tworzywa sztucznego IP65\/IP68 (patrz Opcje)<br \/>\n\u2014 Konfigurowalna cz\u0119stotliwo\u015b\u0107 odpytywania: 2Hz\/20Hz<br \/>\n\u2014 \u0141atwa konfiguracja: przez port szeregowy RS-232 (lub przez port mini-USB przy u\u017cyciu <a href=\"https:\/\/adgt.cz\/pl\/products\/converters\/usb-converters\/cm10\/\" target=\"_blank\" rel=\"noopener noreferrer\">Konwerter portu szeregowego na USB CDM10<\/a>), a tak\u017ce zdalna konfiguracja przez bezp\u0142atny interfejs sieciowy <a href=\"https:\/\/adgt.cz\/pl\/products\/software\/iot24-eu-cloud-software-platform\/\" target=\"_blank\" rel=\"noopener noreferrer\">Platforma oprogramowania IOT24.EU cloud<\/a><br \/>\n\u2014 <a href=\"https:\/\/adgt.cz\/pl\/products\/software\/iot24-eu-cloud-software-platform\/\" target=\"_blank\" rel=\"noopener noreferrer\">Platforma oprogramowania IOT24.EU cloud<\/a> zapewniaj\u0105ca zdalny dost\u0119p do danych przez interfejs sieciowy<\/p>\n","protected":false},"excerpt":{"rendered":"<p>Zasilany bateryjnie 4-kana\u0142owy rejestrator danych NB-IoT o ma\u0142ej mocy w wodoszczelnej obudowie IP65\/IP68.<\/p>\n<ul>\n<li>Ci\u0105g\u0142a praca przez 10 lat i wi\u0119cej z wewn\u0119trzn\u0105 bateri\u0105 13000 mAh<\/li>\n<li>Transmisja danych przez NB-IoT (UDP) wed\u0142ug konfigurowalnego harmonogramu<\/li>\n<li>Dwa gniazda kart SIM<\/li>\n<li>Zewn\u0119trzne z\u0142\u0105cze SMA(f)<\/li>\n<li>Wodoodporna obudowa z tworzywa sztucznego IP65 lub IP68 (patrz Opcje)<\/li>\n<li>4 x wej\u015bcia zliczaj\u0105ce impulsy, 2 wej\u015bcia binarne<\/li>\n<li>Ca\u0142odobowy dost\u0119p do danych za po\u015brednictwem <a href=\"https:\/\/adgt.cz\/pl\/products\/software\/iot24-eu-cloud-software-platform\/\" target=\"_blank\" rel=\"noopener noreferrer\">Platforma oprogramowania IOT24.EU cloud<\/a><\/li>\n<\/ul>\n<p>Urz\u0105dzenie zbiera dane o zu\u017cyciu z licznik\u00f3w impuls\u00f3w wyj\u015bciowych i czujnik\u00f3w, przechowuje odczyty w pami\u0119ci nieulotnej i przesy\u0142a dane przez sie\u0107 NB-IoT. Nadaje si\u0119 do pomiaru wody, gazu, energii elektrycznej.<\/p>\n","protected":false},"featured_media":14518,"comment_status":"closed","ping_status":"closed","template":"","meta":[],"product_cat":[265,267],"product_tag":[],"class_list":{"0":"post-12893","1":"product","2":"type-product","3":"status-publish","4":"has-post-thumbnail","6":"product_cat-data-loggers","7":"product_cat-nb-iot-data-loggers","9":"first","10":"instock","11":"shipping-taxable","12":"purchasable","13":"product-type-variable","14":"has-default-attributes"},"yoast_head":"<!-- This site is optimized with the Yoast SEO plugin v23.5 - https:\/\/yoast.com\/wordpress\/plugins\/seo\/ -->\n<title>DTU327-U - ADGT<\/title>\n<meta name=\"robots\" content=\"index, follow, max-snippet:-1, max-image-preview:large, max-video-preview:-1\" \/>\n<link rel=\"canonical\" href=\"https:\/\/adgt.cz\/pl\/products\/data-loggers\/nb-iot-data-loggers\/dtu327-u\/\" \/>\n<meta property=\"og:locale\" content=\"pl_PL\" \/>\n<meta property=\"og:type\" content=\"article\" \/>\n<meta property=\"og:title\" content=\"DTU327-U - ADGT\" \/>\n<meta property=\"og:description\" content=\"Zasilany bateryjnie 4-kana\u0142owy rejestrator danych NB-IoT o ma\u0142ej mocy w wodoszczelnej obudowie IP65\/IP68.   Ci\u0105g\u0142a praca przez 10 lat i wi\u0119cej z wewn\u0119trzn\u0105 bateri\u0105 13000 mAh  Transmisja danych przez NB-IoT (UDP) wed\u0142ug konfigurowalnego harmonogramu  Dwa gniazda kart SIM  Zewn\u0119trzne z\u0142\u0105cze SMA(f)  Wodoodporna obudowa z tworzywa sztucznego IP65 lub IP68 (patrz Opcje)  4 x wej\u015bcia zliczaj\u0105ce impulsy, 2 wej\u015bcia binarne  Ca\u0142odobowy dost\u0119p do danych za po\u015brednictwem Platforma oprogramowania IOT24.EU cloud  Urz\u0105dzenie zbiera dane o zu\u017cyciu z licznik\u00f3w impuls\u00f3w wyj\u015bciowych i czujnik\u00f3w, przechowuje odczyty w pami\u0119ci nieulotnej i przesy\u0142a dane przez sie\u0107 NB-IoT. Nadaje si\u0119 do pomiaru wody, gazu, energii elektrycznej.\" \/>\n<meta property=\"og:url\" content=\"https:\/\/adgt.cz\/pl\/products\/data-loggers\/nb-iot-data-loggers\/dtu327-u\/\" \/>\n<meta property=\"og:site_name\" content=\"ADGT\" \/>\n<meta property=\"article:modified_time\" content=\"2022-03-21T09:50:47+00:00\" \/>\n<meta property=\"og:image\" content=\"https:\/\/adgt.cz\/wp-content\/uploads\/2022\/06\/DTU327-U-IP65-SMA.jpg\" \/>\n\t<meta property=\"og:image:width\" content=\"1200\" \/>\n\t<meta property=\"og:image:height\" content=\"1200\" \/>\n\t<meta property=\"og:image:type\" content=\"image\/jpeg\" \/>\n<meta name=\"twitter:card\" content=\"summary_large_image\" \/>\n<meta name=\"twitter:label1\" content=\"Szacowany czas czytania\" \/>\n\t<meta name=\"twitter:data1\" content=\"1 minuta\" \/>\n<script type=\"application\/ld+json\" class=\"yoast-schema-graph\">{\"@context\":\"https:\/\/schema.org\",\"@graph\":[{\"@type\":\"WebPage\",\"@id\":\"https:\/\/adgt.cz\/pl\/products\/data-loggers\/nb-iot-data-loggers\/dtu327-u\/\",\"url\":\"https:\/\/adgt.cz\/pl\/products\/data-loggers\/nb-iot-data-loggers\/dtu327-u\/\",\"name\":\"DTU327-U - ADGT\",\"isPartOf\":{\"@id\":\"https:\/\/adgt.cz\/pl\/#website\"},\"primaryImageOfPage\":{\"@id\":\"https:\/\/adgt.cz\/pl\/products\/data-loggers\/nb-iot-data-loggers\/dtu327-u\/#primaryimage\"},\"image\":{\"@id\":\"https:\/\/adgt.cz\/pl\/products\/data-loggers\/nb-iot-data-loggers\/dtu327-u\/#primaryimage\"},\"thumbnailUrl\":\"https:\/\/adgt.cz\/wp-content\/uploads\/2022\/06\/DTU327-U-IP65-SMA.jpg\",\"datePublished\":\"2021-09-16T13:49:34+00:00\",\"dateModified\":\"2022-03-21T09:50:47+00:00\",\"breadcrumb\":{\"@id\":\"https:\/\/adgt.cz\/pl\/products\/data-loggers\/nb-iot-data-loggers\/dtu327-u\/#breadcrumb\"},\"inLanguage\":\"pl-PL\",\"potentialAction\":[{\"@type\":\"ReadAction\",\"target\":[\"https:\/\/adgt.cz\/pl\/products\/data-loggers\/nb-iot-data-loggers\/dtu327-u\/\"]}]},{\"@type\":\"ImageObject\",\"inLanguage\":\"pl-PL\",\"@id\":\"https:\/\/adgt.cz\/pl\/products\/data-loggers\/nb-iot-data-loggers\/dtu327-u\/#primaryimage\",\"url\":\"https:\/\/adgt.cz\/wp-content\/uploads\/2022\/06\/DTU327-U-IP65-SMA.jpg\",\"contentUrl\":\"https:\/\/adgt.cz\/wp-content\/uploads\/2022\/06\/DTU327-U-IP65-SMA.jpg\",\"width\":1200,\"height\":1200,\"caption\":\"Data logger DTU327-U\"},{\"@type\":\"BreadcrumbList\",\"@id\":\"https:\/\/adgt.cz\/pl\/products\/data-loggers\/nb-iot-data-loggers\/dtu327-u\/#breadcrumb\",\"itemListElement\":[{\"@type\":\"ListItem\",\"position\":1,\"name\":\"Home\",\"item\":\"https:\/\/adgt.cz\/pl\/\"},{\"@type\":\"ListItem\",\"position\":2,\"name\":\"Produkty\",\"item\":\"https:\/\/adgt.cz\/products\/\"},{\"@type\":\"ListItem\",\"position\":3,\"name\":\"Rejestratory danych\",\"item\":\"https:\/\/adgt.cz\/pl\/product-category\/data-loggers\/\"},{\"@type\":\"ListItem\",\"position\":4,\"name\":\"Rejestratory danych NB-IoT\",\"item\":\"https:\/\/adgt.cz\/pl\/product-category\/data-loggers\/nb-iot-data-loggers\/\"},{\"@type\":\"ListItem\",\"position\":5,\"name\":\"DTU327-U\"}]},{\"@type\":\"WebSite\",\"@id\":\"https:\/\/adgt.cz\/pl\/#website\",\"url\":\"https:\/\/adgt.cz\/pl\/\",\"name\":\"ADGT\",\"description\":\"Just another WordPress site\",\"publisher\":{\"@id\":\"https:\/\/adgt.cz\/pl\/#organization\"},\"potentialAction\":[{\"@type\":\"SearchAction\",\"target\":{\"@type\":\"EntryPoint\",\"urlTemplate\":\"https:\/\/adgt.cz\/pl\/?s={search_term_string}\"},\"query-input\":{\"@type\":\"PropertyValueSpecification\",\"valueRequired\":true,\"valueName\":\"search_term_string\"}}],\"inLanguage\":\"pl-PL\"},{\"@type\":\"Organization\",\"@id\":\"https:\/\/adgt.cz\/pl\/#organization\",\"name\":\"ADGT\",\"url\":\"https:\/\/adgt.cz\/pl\/\",\"logo\":{\"@type\":\"ImageObject\",\"inLanguage\":\"pl-PL\",\"@id\":\"https:\/\/adgt.cz\/pl\/#\/schema\/logo\/image\/\",\"url\":\"https:\/\/adgt.cz\/wp-content\/uploads\/2020\/09\/ADGT_logo_Magenta.png\",\"contentUrl\":\"https:\/\/adgt.cz\/wp-content\/uploads\/2020\/09\/ADGT_logo_Magenta.png\",\"width\":798,\"height\":208,\"caption\":\"ADGT\"},\"image\":{\"@id\":\"https:\/\/adgt.cz\/pl\/#\/schema\/logo\/image\/\"}}]}<\/script>\n<!-- \/ Yoast SEO plugin. -->","yoast_head_json":{"title":"DTU327-U - ADGT","robots":{"index":"index","follow":"follow","max-snippet":"max-snippet:-1","max-image-preview":"max-image-preview:large","max-video-preview":"max-video-preview:-1"},"canonical":"https:\/\/adgt.cz\/pl\/products\/data-loggers\/nb-iot-data-loggers\/dtu327-u\/","og_locale":"pl_PL","og_type":"article","og_title":"DTU327-U - ADGT","og_description":"Zasilany bateryjnie 4-kana\u0142owy rejestrator danych NB-IoT o ma\u0142ej mocy w wodoszczelnej obudowie IP65\/IP68.   Ci\u0105g\u0142a praca przez 10 lat i wi\u0119cej z wewn\u0119trzn\u0105 bateri\u0105 13000 mAh  Transmisja danych przez NB-IoT (UDP) wed\u0142ug konfigurowalnego harmonogramu  Dwa gniazda kart SIM  Zewn\u0119trzne z\u0142\u0105cze SMA(f)  Wodoodporna obudowa z tworzywa sztucznego IP65 lub IP68 (patrz Opcje)  4 x wej\u015bcia zliczaj\u0105ce impulsy, 2 wej\u015bcia binarne  Ca\u0142odobowy dost\u0119p do danych za po\u015brednictwem Platforma oprogramowania IOT24.EU cloud  Urz\u0105dzenie zbiera dane o zu\u017cyciu z licznik\u00f3w impuls\u00f3w wyj\u015bciowych i czujnik\u00f3w, przechowuje odczyty w pami\u0119ci nieulotnej i przesy\u0142a dane przez sie\u0107 NB-IoT. Nadaje si\u0119 do pomiaru wody, gazu, energii elektrycznej.","og_url":"https:\/\/adgt.cz\/pl\/products\/data-loggers\/nb-iot-data-loggers\/dtu327-u\/","og_site_name":"ADGT","article_modified_time":"2022-03-21T09:50:47+00:00","og_image":[{"width":1200,"height":1200,"url":"https:\/\/adgt.cz\/wp-content\/uploads\/2022\/06\/DTU327-U-IP65-SMA.jpg","type":"image\/jpeg"}],"twitter_card":"summary_large_image","twitter_misc":{"Szacowany czas czytania":"1 minuta"},"schema":{"@context":"https:\/\/schema.org","@graph":[{"@type":"WebPage","@id":"https:\/\/adgt.cz\/pl\/products\/data-loggers\/nb-iot-data-loggers\/dtu327-u\/","url":"https:\/\/adgt.cz\/pl\/products\/data-loggers\/nb-iot-data-loggers\/dtu327-u\/","name":"DTU327-U - ADGT","isPartOf":{"@id":"https:\/\/adgt.cz\/pl\/#website"},"primaryImageOfPage":{"@id":"https:\/\/adgt.cz\/pl\/products\/data-loggers\/nb-iot-data-loggers\/dtu327-u\/#primaryimage"},"image":{"@id":"https:\/\/adgt.cz\/pl\/products\/data-loggers\/nb-iot-data-loggers\/dtu327-u\/#primaryimage"},"thumbnailUrl":"https:\/\/adgt.cz\/wp-content\/uploads\/2022\/06\/DTU327-U-IP65-SMA.jpg","datePublished":"2021-09-16T13:49:34+00:00","dateModified":"2022-03-21T09:50:47+00:00","breadcrumb":{"@id":"https:\/\/adgt.cz\/pl\/products\/data-loggers\/nb-iot-data-loggers\/dtu327-u\/#breadcrumb"},"inLanguage":"pl-PL","potentialAction":[{"@type":"ReadAction","target":["https:\/\/adgt.cz\/pl\/products\/data-loggers\/nb-iot-data-loggers\/dtu327-u\/"]}]},{"@type":"ImageObject","inLanguage":"pl-PL","@id":"https:\/\/adgt.cz\/pl\/products\/data-loggers\/nb-iot-data-loggers\/dtu327-u\/#primaryimage","url":"https:\/\/adgt.cz\/wp-content\/uploads\/2022\/06\/DTU327-U-IP65-SMA.jpg","contentUrl":"https:\/\/adgt.cz\/wp-content\/uploads\/2022\/06\/DTU327-U-IP65-SMA.jpg","width":1200,"height":1200,"caption":"Data logger DTU327-U"},{"@type":"BreadcrumbList","@id":"https:\/\/adgt.cz\/pl\/products\/data-loggers\/nb-iot-data-loggers\/dtu327-u\/#breadcrumb","itemListElement":[{"@type":"ListItem","position":1,"name":"Home","item":"https:\/\/adgt.cz\/pl\/"},{"@type":"ListItem","position":2,"name":"Produkty","item":"https:\/\/adgt.cz\/products\/"},{"@type":"ListItem","position":3,"name":"Rejestratory danych","item":"https:\/\/adgt.cz\/pl\/product-category\/data-loggers\/"},{"@type":"ListItem","position":4,"name":"Rejestratory danych NB-IoT","item":"https:\/\/adgt.cz\/pl\/product-category\/data-loggers\/nb-iot-data-loggers\/"},{"@type":"ListItem","position":5,"name":"DTU327-U"}]},{"@type":"WebSite","@id":"https:\/\/adgt.cz\/pl\/#website","url":"https:\/\/adgt.cz\/pl\/","name":"ADGT","description":"Just another WordPress site","publisher":{"@id":"https:\/\/adgt.cz\/pl\/#organization"},"potentialAction":[{"@type":"SearchAction","target":{"@type":"EntryPoint","urlTemplate":"https:\/\/adgt.cz\/pl\/?s={search_term_string}"},"query-input":{"@type":"PropertyValueSpecification","valueRequired":true,"valueName":"search_term_string"}}],"inLanguage":"pl-PL"},{"@type":"Organization","@id":"https:\/\/adgt.cz\/pl\/#organization","name":"ADGT","url":"https:\/\/adgt.cz\/pl\/","logo":{"@type":"ImageObject","inLanguage":"pl-PL","@id":"https:\/\/adgt.cz\/pl\/#\/schema\/logo\/image\/","url":"https:\/\/adgt.cz\/wp-content\/uploads\/2020\/09\/ADGT_logo_Magenta.png","contentUrl":"https:\/\/adgt.cz\/wp-content\/uploads\/2020\/09\/ADGT_logo_Magenta.png","width":798,"height":208,"caption":"ADGT"},"image":{"@id":"https:\/\/adgt.cz\/pl\/#\/schema\/logo\/image\/"}}]}},"_links":{"self":[{"href":"https:\/\/adgt.cz\/pl\/wp-json\/wp\/v2\/product\/12893"}],"collection":[{"href":"https:\/\/adgt.cz\/pl\/wp-json\/wp\/v2\/product"}],"about":[{"href":"https:\/\/adgt.cz\/pl\/wp-json\/wp\/v2\/types\/product"}],"replies":[{"embeddable":true,"href":"https:\/\/adgt.cz\/pl\/wp-json\/wp\/v2\/comments?post=12893"}],"wp:featuredmedia":[{"embeddable":true,"href":"https:\/\/adgt.cz\/pl\/wp-json\/wp\/v2\/media\/14518"}],"wp:attachment":[{"href":"https:\/\/adgt.cz\/pl\/wp-json\/wp\/v2\/media?parent=12893"}],"wp:term":[{"taxonomy":"product_cat","embeddable":true,"href":"https:\/\/adgt.cz\/pl\/wp-json\/wp\/v2\/product_cat?post=12893"},{"taxonomy":"product_tag","embeddable":true,"href":"https:\/\/adgt.cz\/pl\/wp-json\/wp\/v2\/product_tag?post=12893"}],"curies":[{"name":"wp","href":"https:\/\/api.w.org\/{rel}","templated":true}]}}