{"id":12663,"date":"2021-03-11T13:11:04","date_gmt":"2021-09-15T13:23:56","guid":{"rendered":"https:\/\/adgt.cz\/?post_type=product&#038;p=12663"},"modified":"2022-03-21T09:12:32","modified_gmt":"2022-03-21T09:12:32","slug":"dtu310","status":"publish","type":"product","link":"https:\/\/adgt.cz\/pl\/products\/data-loggers\/gprs-data-loggers\/dtu310\/","title":{"rendered":"DTU310"},"content":{"rendered":"<p>4-kana\u0142owy rejestrator danych GPRS zasilany bateryjnie w wodoszczelnej obudowie IP65. Zaprojektowany do zdalnych pomiar\u00f3w i aplikacji monitoruj\u0105cych. Urz\u0105dzenie zbiera dane o zu\u017cyciu z licznik\u00f3w impuls\u00f3w i czujnik\u00f3w, przechowuje odczyty w pami\u0119ci nieulotnej i przesy\u0142a dane do serwera dyspozytorskiego poprzez sie\u0107 GPRS. Nadaje si\u0119 do pomiaru wody, gazu, energii elektrycznej.<\/p>\n<p>\u2014 Ci\u0105g\u0142a praca do 10 lat z wewn\u0119trzn\u0105 bateri\u0105 13000 mAh lub 19000 mAh (patrz Opcje)<br \/>\n\u2014 Transmisja danych przez GPRS\/TCP wed\u0142ug konfigurowalnego harmonogramu<br \/>\n\u2014 Dwa gniazda kart SIM<br \/>\n\u2014 Wewn\u0119trzna antena 698~4000 MHz<br \/>\n\u2014 Wodoodporna obudowa z tworzywa sztucznego IP65<br \/>\n\u2014 4 x wej\u015bcia zliczaj\u0105ce impulsy, 2 wej\u015bcia binarne<br \/>\n\u2014 Konfigurowalna cz\u0119stotliwo\u015b\u0107 odpytywania: 2Hz\/20Hz<br \/>\n\u2014 \u0141atwa konfiguracja: przez port szeregowy RS-232 (lub przez port mini-USB przy u\u017cyciu <a href=\"https:\/\/adgt.cz\/pl\/products\/converters\/usb-converters\/cm10\/\" target=\"_blank\" rel=\"noopener noreferrer\">Konwerter portu szeregowego na USB CDM10<\/a>), a tak\u017ce zdalna konfiguracja przez bezp\u0142atny interfejs sieciowy <a href=\"https:\/\/adgt.cz\/pl\/products\/software\/iot24-eu-cloud-software-platform\/\" target=\"_blank\" rel=\"noopener noreferrer\">Platforma oprogramowania IOT24.EU cloud<\/a><br \/>\n\u2014 <a href=\"https:\/\/adgt.cz\/pl\/products\/software\/iot24-eu-cloud-software-platform\/\" target=\"_blank\" rel=\"noopener noreferrer\">Platforma oprogramowania IOT24.EU cloud<\/a> zapewniaj\u0105ca zdalny dost\u0119p do danych przez interfejs sieciowy<\/p>\n","protected":false},"excerpt":{"rendered":"<p>4-kana\u0142owy rejestrator danych GPRS zasilany bateryjnie w wodoszczelnej obudowie IP65.<\/p>\n<ul>\n<li>Ci\u0105g\u0142a praca do 10 lat z wewn\u0119trzn\u0105 bateri\u0105 13000 mAh lub 19000 mAh<\/li>\n<li>Transmisja danych przez GPRS\/TCP wed\u0142ug konfigurowalnego harmonogramu<\/li>\n<li>Dwa gniazda kart SIM<\/li>\n<li>Wewn\u0119trzna antena 698~4000 MHz<\/li>\n<li>Wodoodporna obudowa z tworzywa sztucznego IP65<\/li>\n<li>4 x wej\u015bcia zliczaj\u0105ce impulsy, 2 wej\u015bcia binarne<\/li>\n<li>Ca\u0142odobowy dost\u0119p do danych za po\u015brednictwem <a href=\"https:\/\/adgt.cz\/pl\/products\/software\/iot24-eu-cloud-software-platform\/\" target=\"_blank\" rel=\"noopener noreferrer\">Platforma oprogramowania IOT24.EU cloud<\/a><\/li>\n<\/ul>\n<p>Urz\u0105dzenie zbiera dane o zu\u017cyciu z licznik\u00f3w impuls\u00f3w i czujnik\u00f3w, przechowuje odczyty w pami\u0119ci nieulotnej i przesy\u0142a dane przez sie\u0107 GPRS. Nadaje si\u0119 do pomiaru wody, gazu, energii elektrycznej.<\/p>\n","protected":false},"featured_media":14497,"comment_status":"closed","ping_status":"closed","template":"","meta":[],"product_cat":[265,266],"product_tag":[],"class_list":{"0":"post-12663","1":"product","2":"type-product","3":"status-publish","4":"has-post-thumbnail","6":"product_cat-data-loggers","7":"product_cat-gprs-data-loggers","9":"first","10":"instock","11":"shipping-taxable","12":"purchasable","13":"product-type-variable","14":"has-default-attributes"},"yoast_head":"<!-- This site is optimized with the Yoast SEO plugin v23.5 - https:\/\/yoast.com\/wordpress\/plugins\/seo\/ -->\n<title>DTU310 - ADGT<\/title>\n<meta name=\"robots\" content=\"index, follow, max-snippet:-1, max-image-preview:large, max-video-preview:-1\" \/>\n<link rel=\"canonical\" href=\"https:\/\/adgt.cz\/pl\/products\/data-loggers\/gprs-data-loggers\/dtu310\/\" \/>\n<meta property=\"og:locale\" content=\"pl_PL\" \/>\n<meta property=\"og:type\" content=\"article\" \/>\n<meta property=\"og:title\" content=\"DTU310 - ADGT\" \/>\n<meta property=\"og:description\" content=\"4-kana\u0142owy rejestrator danych GPRS zasilany bateryjnie w wodoszczelnej obudowie IP65.   Ci\u0105g\u0142a praca do 10 lat z wewn\u0119trzn\u0105 bateri\u0105 13000 mAh lub 19000 mAh  Transmisja danych przez GPRS\/TCP wed\u0142ug konfigurowalnego harmonogramu  Dwa gniazda kart SIM  Wewn\u0119trzna antena 698~4000 MHz  Wodoodporna obudowa z tworzywa sztucznego IP65  4 x wej\u015bcia zliczaj\u0105ce impulsy, 2 wej\u015bcia binarne  Ca\u0142odobowy dost\u0119p do danych za po\u015brednictwem Platforma oprogramowania IOT24.EU cloud  Urz\u0105dzenie zbiera dane o zu\u017cyciu z licznik\u00f3w impuls\u00f3w i czujnik\u00f3w, przechowuje odczyty w pami\u0119ci nieulotnej i przesy\u0142a dane przez sie\u0107 GPRS. Nadaje si\u0119 do pomiaru wody, gazu, energii elektrycznej.\" \/>\n<meta property=\"og:url\" content=\"https:\/\/adgt.cz\/pl\/products\/data-loggers\/gprs-data-loggers\/dtu310\/\" \/>\n<meta property=\"og:site_name\" content=\"ADGT\" \/>\n<meta property=\"article:modified_time\" content=\"2022-03-21T09:12:32+00:00\" \/>\n<meta property=\"og:image\" content=\"https:\/\/adgt.cz\/wp-content\/uploads\/2022\/06\/DTU310-IP65.jpg\" \/>\n\t<meta property=\"og:image:width\" content=\"1200\" \/>\n\t<meta property=\"og:image:height\" content=\"1200\" \/>\n\t<meta property=\"og:image:type\" content=\"image\/jpeg\" \/>\n<meta name=\"twitter:card\" content=\"summary_large_image\" \/>\n<meta name=\"twitter:label1\" content=\"Szacowany czas czytania\" \/>\n\t<meta name=\"twitter:data1\" content=\"1 minuta\" \/>\n<script type=\"application\/ld+json\" class=\"yoast-schema-graph\">{\"@context\":\"https:\/\/schema.org\",\"@graph\":[{\"@type\":\"WebPage\",\"@id\":\"https:\/\/adgt.cz\/pl\/products\/data-loggers\/gprs-data-loggers\/dtu310\/\",\"url\":\"https:\/\/adgt.cz\/pl\/products\/data-loggers\/gprs-data-loggers\/dtu310\/\",\"name\":\"DTU310 - ADGT\",\"isPartOf\":{\"@id\":\"https:\/\/adgt.cz\/pl\/#website\"},\"primaryImageOfPage\":{\"@id\":\"https:\/\/adgt.cz\/pl\/products\/data-loggers\/gprs-data-loggers\/dtu310\/#primaryimage\"},\"image\":{\"@id\":\"https:\/\/adgt.cz\/pl\/products\/data-loggers\/gprs-data-loggers\/dtu310\/#primaryimage\"},\"thumbnailUrl\":\"https:\/\/adgt.cz\/wp-content\/uploads\/2022\/06\/DTU310-IP65.jpg\",\"datePublished\":\"2021-09-15T13:23:56+00:00\",\"dateModified\":\"2022-03-21T09:12:32+00:00\",\"breadcrumb\":{\"@id\":\"https:\/\/adgt.cz\/pl\/products\/data-loggers\/gprs-data-loggers\/dtu310\/#breadcrumb\"},\"inLanguage\":\"pl-PL\",\"potentialAction\":[{\"@type\":\"ReadAction\",\"target\":[\"https:\/\/adgt.cz\/pl\/products\/data-loggers\/gprs-data-loggers\/dtu310\/\"]}]},{\"@type\":\"ImageObject\",\"inLanguage\":\"pl-PL\",\"@id\":\"https:\/\/adgt.cz\/pl\/products\/data-loggers\/gprs-data-loggers\/dtu310\/#primaryimage\",\"url\":\"https:\/\/adgt.cz\/wp-content\/uploads\/2022\/06\/DTU310-IP65.jpg\",\"contentUrl\":\"https:\/\/adgt.cz\/wp-content\/uploads\/2022\/06\/DTU310-IP65.jpg\",\"width\":1200,\"height\":1200,\"caption\":\"Data logger DTU310\"},{\"@type\":\"BreadcrumbList\",\"@id\":\"https:\/\/adgt.cz\/pl\/products\/data-loggers\/gprs-data-loggers\/dtu310\/#breadcrumb\",\"itemListElement\":[{\"@type\":\"ListItem\",\"position\":1,\"name\":\"Home\",\"item\":\"https:\/\/adgt.cz\/pl\/\"},{\"@type\":\"ListItem\",\"position\":2,\"name\":\"Produkty\",\"item\":\"https:\/\/adgt.cz\/products\/\"},{\"@type\":\"ListItem\",\"position\":3,\"name\":\"Rejestratory danych\",\"item\":\"https:\/\/adgt.cz\/pl\/product-category\/data-loggers\/\"},{\"@type\":\"ListItem\",\"position\":4,\"name\":\"Rejestratory danych GPRS\",\"item\":\"https:\/\/adgt.cz\/pl\/product-category\/data-loggers\/gprs-data-loggers\/\"},{\"@type\":\"ListItem\",\"position\":5,\"name\":\"DTU310\"}]},{\"@type\":\"WebSite\",\"@id\":\"https:\/\/adgt.cz\/pl\/#website\",\"url\":\"https:\/\/adgt.cz\/pl\/\",\"name\":\"ADGT\",\"description\":\"Just another WordPress site\",\"publisher\":{\"@id\":\"https:\/\/adgt.cz\/pl\/#organization\"},\"potentialAction\":[{\"@type\":\"SearchAction\",\"target\":{\"@type\":\"EntryPoint\",\"urlTemplate\":\"https:\/\/adgt.cz\/pl\/?s={search_term_string}\"},\"query-input\":{\"@type\":\"PropertyValueSpecification\",\"valueRequired\":true,\"valueName\":\"search_term_string\"}}],\"inLanguage\":\"pl-PL\"},{\"@type\":\"Organization\",\"@id\":\"https:\/\/adgt.cz\/pl\/#organization\",\"name\":\"ADGT\",\"url\":\"https:\/\/adgt.cz\/pl\/\",\"logo\":{\"@type\":\"ImageObject\",\"inLanguage\":\"pl-PL\",\"@id\":\"https:\/\/adgt.cz\/pl\/#\/schema\/logo\/image\/\",\"url\":\"https:\/\/adgt.cz\/wp-content\/uploads\/2020\/09\/ADGT_logo_Magenta.png\",\"contentUrl\":\"https:\/\/adgt.cz\/wp-content\/uploads\/2020\/09\/ADGT_logo_Magenta.png\",\"width\":798,\"height\":208,\"caption\":\"ADGT\"},\"image\":{\"@id\":\"https:\/\/adgt.cz\/pl\/#\/schema\/logo\/image\/\"}}]}<\/script>\n<!-- \/ Yoast SEO plugin. -->","yoast_head_json":{"title":"DTU310 - ADGT","robots":{"index":"index","follow":"follow","max-snippet":"max-snippet:-1","max-image-preview":"max-image-preview:large","max-video-preview":"max-video-preview:-1"},"canonical":"https:\/\/adgt.cz\/pl\/products\/data-loggers\/gprs-data-loggers\/dtu310\/","og_locale":"pl_PL","og_type":"article","og_title":"DTU310 - ADGT","og_description":"4-kana\u0142owy rejestrator danych GPRS zasilany bateryjnie w wodoszczelnej obudowie IP65.   Ci\u0105g\u0142a praca do 10 lat z wewn\u0119trzn\u0105 bateri\u0105 13000 mAh lub 19000 mAh  Transmisja danych przez GPRS\/TCP wed\u0142ug konfigurowalnego harmonogramu  Dwa gniazda kart SIM  Wewn\u0119trzna antena 698~4000 MHz  Wodoodporna obudowa z tworzywa sztucznego IP65  4 x wej\u015bcia zliczaj\u0105ce impulsy, 2 wej\u015bcia binarne  Ca\u0142odobowy dost\u0119p do danych za po\u015brednictwem Platforma oprogramowania IOT24.EU cloud  Urz\u0105dzenie zbiera dane o zu\u017cyciu z licznik\u00f3w impuls\u00f3w i czujnik\u00f3w, przechowuje odczyty w pami\u0119ci nieulotnej i przesy\u0142a dane przez sie\u0107 GPRS. Nadaje si\u0119 do pomiaru wody, gazu, energii elektrycznej.","og_url":"https:\/\/adgt.cz\/pl\/products\/data-loggers\/gprs-data-loggers\/dtu310\/","og_site_name":"ADGT","article_modified_time":"2022-03-21T09:12:32+00:00","og_image":[{"width":1200,"height":1200,"url":"https:\/\/adgt.cz\/wp-content\/uploads\/2022\/06\/DTU310-IP65.jpg","type":"image\/jpeg"}],"twitter_card":"summary_large_image","twitter_misc":{"Szacowany czas czytania":"1 minuta"},"schema":{"@context":"https:\/\/schema.org","@graph":[{"@type":"WebPage","@id":"https:\/\/adgt.cz\/pl\/products\/data-loggers\/gprs-data-loggers\/dtu310\/","url":"https:\/\/adgt.cz\/pl\/products\/data-loggers\/gprs-data-loggers\/dtu310\/","name":"DTU310 - ADGT","isPartOf":{"@id":"https:\/\/adgt.cz\/pl\/#website"},"primaryImageOfPage":{"@id":"https:\/\/adgt.cz\/pl\/products\/data-loggers\/gprs-data-loggers\/dtu310\/#primaryimage"},"image":{"@id":"https:\/\/adgt.cz\/pl\/products\/data-loggers\/gprs-data-loggers\/dtu310\/#primaryimage"},"thumbnailUrl":"https:\/\/adgt.cz\/wp-content\/uploads\/2022\/06\/DTU310-IP65.jpg","datePublished":"2021-09-15T13:23:56+00:00","dateModified":"2022-03-21T09:12:32+00:00","breadcrumb":{"@id":"https:\/\/adgt.cz\/pl\/products\/data-loggers\/gprs-data-loggers\/dtu310\/#breadcrumb"},"inLanguage":"pl-PL","potentialAction":[{"@type":"ReadAction","target":["https:\/\/adgt.cz\/pl\/products\/data-loggers\/gprs-data-loggers\/dtu310\/"]}]},{"@type":"ImageObject","inLanguage":"pl-PL","@id":"https:\/\/adgt.cz\/pl\/products\/data-loggers\/gprs-data-loggers\/dtu310\/#primaryimage","url":"https:\/\/adgt.cz\/wp-content\/uploads\/2022\/06\/DTU310-IP65.jpg","contentUrl":"https:\/\/adgt.cz\/wp-content\/uploads\/2022\/06\/DTU310-IP65.jpg","width":1200,"height":1200,"caption":"Data logger DTU310"},{"@type":"BreadcrumbList","@id":"https:\/\/adgt.cz\/pl\/products\/data-loggers\/gprs-data-loggers\/dtu310\/#breadcrumb","itemListElement":[{"@type":"ListItem","position":1,"name":"Home","item":"https:\/\/adgt.cz\/pl\/"},{"@type":"ListItem","position":2,"name":"Produkty","item":"https:\/\/adgt.cz\/products\/"},{"@type":"ListItem","position":3,"name":"Rejestratory danych","item":"https:\/\/adgt.cz\/pl\/product-category\/data-loggers\/"},{"@type":"ListItem","position":4,"name":"Rejestratory danych GPRS","item":"https:\/\/adgt.cz\/pl\/product-category\/data-loggers\/gprs-data-loggers\/"},{"@type":"ListItem","position":5,"name":"DTU310"}]},{"@type":"WebSite","@id":"https:\/\/adgt.cz\/pl\/#website","url":"https:\/\/adgt.cz\/pl\/","name":"ADGT","description":"Just another WordPress site","publisher":{"@id":"https:\/\/adgt.cz\/pl\/#organization"},"potentialAction":[{"@type":"SearchAction","target":{"@type":"EntryPoint","urlTemplate":"https:\/\/adgt.cz\/pl\/?s={search_term_string}"},"query-input":{"@type":"PropertyValueSpecification","valueRequired":true,"valueName":"search_term_string"}}],"inLanguage":"pl-PL"},{"@type":"Organization","@id":"https:\/\/adgt.cz\/pl\/#organization","name":"ADGT","url":"https:\/\/adgt.cz\/pl\/","logo":{"@type":"ImageObject","inLanguage":"pl-PL","@id":"https:\/\/adgt.cz\/pl\/#\/schema\/logo\/image\/","url":"https:\/\/adgt.cz\/wp-content\/uploads\/2020\/09\/ADGT_logo_Magenta.png","contentUrl":"https:\/\/adgt.cz\/wp-content\/uploads\/2020\/09\/ADGT_logo_Magenta.png","width":798,"height":208,"caption":"ADGT"},"image":{"@id":"https:\/\/adgt.cz\/pl\/#\/schema\/logo\/image\/"}}]}},"_links":{"self":[{"href":"https:\/\/adgt.cz\/pl\/wp-json\/wp\/v2\/product\/12663"}],"collection":[{"href":"https:\/\/adgt.cz\/pl\/wp-json\/wp\/v2\/product"}],"about":[{"href":"https:\/\/adgt.cz\/pl\/wp-json\/wp\/v2\/types\/product"}],"replies":[{"embeddable":true,"href":"https:\/\/adgt.cz\/pl\/wp-json\/wp\/v2\/comments?post=12663"}],"wp:featuredmedia":[{"embeddable":true,"href":"https:\/\/adgt.cz\/pl\/wp-json\/wp\/v2\/media\/14497"}],"wp:attachment":[{"href":"https:\/\/adgt.cz\/pl\/wp-json\/wp\/v2\/media?parent=12663"}],"wp:term":[{"taxonomy":"product_cat","embeddable":true,"href":"https:\/\/adgt.cz\/pl\/wp-json\/wp\/v2\/product_cat?post=12663"},{"taxonomy":"product_tag","embeddable":true,"href":"https:\/\/adgt.cz\/pl\/wp-json\/wp\/v2\/product_tag?post=12663"}],"curies":[{"name":"wp","href":"https:\/\/api.w.org\/{rel}","templated":true}]}}