{"id":12626,"date":"2021-08-17T09:29:03","date_gmt":"2021-09-15T08:10:44","guid":{"rendered":"https:\/\/adgt.cz\/?post_type=product&#038;p=12626"},"modified":"2021-09-15T08:10:44","modified_gmt":"2021-09-15T08:10:44","slug":"api-iot24-eu","status":"publish","type":"product","link":"https:\/\/adgt.cz\/pl\/products\/software\/api-iot24-eu\/","title":{"rendered":"API IOT24.EU"},"content":{"rendered":"<p>API IOT24.EU \u2013 interfejs do integracji systemu pomiaru i monitorowania energii z <a href=\"https:\/\/adgt.cz\/pl\/products\/software\/iot24-eu-cloud-software-platform\/\" target=\"_blank\" rel=\"noopener noreferrer\">Platforma Oprogramowania IOT24.EU Cloud<\/a>.<br \/>\nObecny protok\u00f3\u0142 umo\u017cliwia: logowanie si\u0119 do serwera i \u017c\u0105danie danych o zu\u017cyciu zasob\u00f3w za okre\u015blony czas.<\/p>\n<p><strong>Mo\u017cliwo\u015bci:<\/strong><br \/>\n\u2014 Autoryzacja na serwerze<br \/>\n\u2014 Odbieranie danych o zu\u017cyciu zasob\u00f3w w okre\u015blonym okresie<\/p>\n","protected":false},"excerpt":{"rendered":"<p>API IOT24.EU \u2013 interfejs do integracji systemu pomiaru i monitorowania energii z <a href=\"https:\/\/adgt.cz\/pl\/products\/software\/iot24-eu-cloud-software-platform\/\" target=\"_blank\" rel=\"noopener noreferrer\">Platforma Oprogramowania IOT24.EU Cloud<\/a>.<br \/>\nObecny protok\u00f3\u0142 umo\u017cliwia: logowanie si\u0119 do serwera i \u017c\u0105danie danych o zu\u017cyciu zasob\u00f3w za okre\u015blony czas.<\/p>\n<p><strong>Mo\u017cliwo\u015bci:<\/strong><br \/>\n\u2014 Autoryzacja na serwerze<br \/>\n\u2014 Odbieranie danych o zu\u017cyciu zasob\u00f3w w okre\u015blonym okresie<\/p>\n","protected":false},"featured_media":12467,"comment_status":"closed","ping_status":"closed","template":"","meta":[],"product_cat":[277],"product_tag":[],"class_list":{"0":"post-12626","1":"product","2":"type-product","3":"status-publish","4":"has-post-thumbnail","6":"product_cat-software","8":"first","9":"instock","10":"shipping-taxable","11":"product-type-simple"},"yoast_head":"<!-- This site is optimized with the Yoast SEO plugin v23.5 - https:\/\/yoast.com\/wordpress\/plugins\/seo\/ -->\n<title>API IOT24.EU - ADGT<\/title>\n<meta name=\"robots\" content=\"index, follow, max-snippet:-1, max-image-preview:large, max-video-preview:-1\" \/>\n<link rel=\"canonical\" href=\"https:\/\/adgt.cz\/pl\/products\/software\/api-iot24-eu\/\" \/>\n<meta property=\"og:locale\" content=\"pl_PL\" \/>\n<meta property=\"og:type\" content=\"article\" \/>\n<meta property=\"og:title\" content=\"API IOT24.EU - ADGT\" \/>\n<meta property=\"og:description\" content=\"API IOT24.EU \u2013 interfejs do integracji systemu pomiaru i monitorowania energii z Platforma Oprogramowania IOT24.EU Cloud. Obecny protok\u00f3\u0142 umo\u017cliwia: logowanie si\u0119 do serwera i \u017c\u0105danie danych o zu\u017cyciu zasob\u00f3w za okre\u015blony czas.  Mo\u017cliwo\u015bci: \u2014 Autoryzacja na serwerze \u2014 Odbieranie danych o zu\u017cyciu zasob\u00f3w w okre\u015blonym okresie\" \/>\n<meta property=\"og:url\" content=\"https:\/\/adgt.cz\/pl\/products\/software\/api-iot24-eu\/\" \/>\n<meta property=\"og:site_name\" content=\"ADGT\" \/>\n<meta property=\"og:image\" content=\"https:\/\/adgt.cz\/wp-content\/uploads\/2021\/08\/API-IOT24.EU_.jpg\" \/>\n\t<meta property=\"og:image:width\" content=\"1600\" \/>\n\t<meta property=\"og:image:height\" content=\"1569\" \/>\n\t<meta property=\"og:image:type\" content=\"image\/jpeg\" \/>\n<meta name=\"twitter:card\" content=\"summary_large_image\" \/>\n<script type=\"application\/ld+json\" class=\"yoast-schema-graph\">{\"@context\":\"https:\/\/schema.org\",\"@graph\":[{\"@type\":\"WebPage\",\"@id\":\"https:\/\/adgt.cz\/pl\/products\/software\/api-iot24-eu\/\",\"url\":\"https:\/\/adgt.cz\/pl\/products\/software\/api-iot24-eu\/\",\"name\":\"API IOT24.EU - ADGT\",\"isPartOf\":{\"@id\":\"https:\/\/adgt.cz\/pl\/#website\"},\"primaryImageOfPage\":{\"@id\":\"https:\/\/adgt.cz\/pl\/products\/software\/api-iot24-eu\/#primaryimage\"},\"image\":{\"@id\":\"https:\/\/adgt.cz\/pl\/products\/software\/api-iot24-eu\/#primaryimage\"},\"thumbnailUrl\":\"https:\/\/adgt.cz\/wp-content\/uploads\/2021\/08\/API-IOT24.EU_.jpg\",\"datePublished\":\"2021-09-15T08:10:44+00:00\",\"dateModified\":\"2021-09-15T08:10:44+00:00\",\"breadcrumb\":{\"@id\":\"https:\/\/adgt.cz\/pl\/products\/software\/api-iot24-eu\/#breadcrumb\"},\"inLanguage\":\"pl-PL\",\"potentialAction\":[{\"@type\":\"ReadAction\",\"target\":[\"https:\/\/adgt.cz\/pl\/products\/software\/api-iot24-eu\/\"]}]},{\"@type\":\"ImageObject\",\"inLanguage\":\"pl-PL\",\"@id\":\"https:\/\/adgt.cz\/pl\/products\/software\/api-iot24-eu\/#primaryimage\",\"url\":\"https:\/\/adgt.cz\/wp-content\/uploads\/2021\/08\/API-IOT24.EU_.jpg\",\"contentUrl\":\"https:\/\/adgt.cz\/wp-content\/uploads\/2021\/08\/API-IOT24.EU_.jpg\",\"width\":1600,\"height\":1569},{\"@type\":\"BreadcrumbList\",\"@id\":\"https:\/\/adgt.cz\/pl\/products\/software\/api-iot24-eu\/#breadcrumb\",\"itemListElement\":[{\"@type\":\"ListItem\",\"position\":1,\"name\":\"Home\",\"item\":\"https:\/\/adgt.cz\/pl\/\"},{\"@type\":\"ListItem\",\"position\":2,\"name\":\"Produkty\",\"item\":\"https:\/\/adgt.cz\/products\/\"},{\"@type\":\"ListItem\",\"position\":3,\"name\":\"Oprogramowanie\",\"item\":\"https:\/\/adgt.cz\/pl\/product-category\/software\/\"},{\"@type\":\"ListItem\",\"position\":4,\"name\":\"API IOT24.EU\"}]},{\"@type\":\"WebSite\",\"@id\":\"https:\/\/adgt.cz\/pl\/#website\",\"url\":\"https:\/\/adgt.cz\/pl\/\",\"name\":\"ADGT\",\"description\":\"Just another WordPress site\",\"publisher\":{\"@id\":\"https:\/\/adgt.cz\/pl\/#organization\"},\"potentialAction\":[{\"@type\":\"SearchAction\",\"target\":{\"@type\":\"EntryPoint\",\"urlTemplate\":\"https:\/\/adgt.cz\/pl\/?s={search_term_string}\"},\"query-input\":{\"@type\":\"PropertyValueSpecification\",\"valueRequired\":true,\"valueName\":\"search_term_string\"}}],\"inLanguage\":\"pl-PL\"},{\"@type\":\"Organization\",\"@id\":\"https:\/\/adgt.cz\/pl\/#organization\",\"name\":\"ADGT\",\"url\":\"https:\/\/adgt.cz\/pl\/\",\"logo\":{\"@type\":\"ImageObject\",\"inLanguage\":\"pl-PL\",\"@id\":\"https:\/\/adgt.cz\/pl\/#\/schema\/logo\/image\/\",\"url\":\"https:\/\/adgt.cz\/wp-content\/uploads\/2020\/09\/ADGT_logo_Magenta.png\",\"contentUrl\":\"https:\/\/adgt.cz\/wp-content\/uploads\/2020\/09\/ADGT_logo_Magenta.png\",\"width\":798,\"height\":208,\"caption\":\"ADGT\"},\"image\":{\"@id\":\"https:\/\/adgt.cz\/pl\/#\/schema\/logo\/image\/\"}}]}<\/script>\n<!-- \/ Yoast SEO plugin. -->","yoast_head_json":{"title":"API IOT24.EU - ADGT","robots":{"index":"index","follow":"follow","max-snippet":"max-snippet:-1","max-image-preview":"max-image-preview:large","max-video-preview":"max-video-preview:-1"},"canonical":"https:\/\/adgt.cz\/pl\/products\/software\/api-iot24-eu\/","og_locale":"pl_PL","og_type":"article","og_title":"API IOT24.EU - ADGT","og_description":"API IOT24.EU \u2013 interfejs do integracji systemu pomiaru i monitorowania energii z Platforma Oprogramowania IOT24.EU Cloud. Obecny protok\u00f3\u0142 umo\u017cliwia: logowanie si\u0119 do serwera i \u017c\u0105danie danych o zu\u017cyciu zasob\u00f3w za okre\u015blony czas.  Mo\u017cliwo\u015bci: \u2014 Autoryzacja na serwerze \u2014 Odbieranie danych o zu\u017cyciu zasob\u00f3w w okre\u015blonym okresie","og_url":"https:\/\/adgt.cz\/pl\/products\/software\/api-iot24-eu\/","og_site_name":"ADGT","og_image":[{"width":1600,"height":1569,"url":"https:\/\/adgt.cz\/wp-content\/uploads\/2021\/08\/API-IOT24.EU_.jpg","type":"image\/jpeg"}],"twitter_card":"summary_large_image","schema":{"@context":"https:\/\/schema.org","@graph":[{"@type":"WebPage","@id":"https:\/\/adgt.cz\/pl\/products\/software\/api-iot24-eu\/","url":"https:\/\/adgt.cz\/pl\/products\/software\/api-iot24-eu\/","name":"API IOT24.EU - ADGT","isPartOf":{"@id":"https:\/\/adgt.cz\/pl\/#website"},"primaryImageOfPage":{"@id":"https:\/\/adgt.cz\/pl\/products\/software\/api-iot24-eu\/#primaryimage"},"image":{"@id":"https:\/\/adgt.cz\/pl\/products\/software\/api-iot24-eu\/#primaryimage"},"thumbnailUrl":"https:\/\/adgt.cz\/wp-content\/uploads\/2021\/08\/API-IOT24.EU_.jpg","datePublished":"2021-09-15T08:10:44+00:00","dateModified":"2021-09-15T08:10:44+00:00","breadcrumb":{"@id":"https:\/\/adgt.cz\/pl\/products\/software\/api-iot24-eu\/#breadcrumb"},"inLanguage":"pl-PL","potentialAction":[{"@type":"ReadAction","target":["https:\/\/adgt.cz\/pl\/products\/software\/api-iot24-eu\/"]}]},{"@type":"ImageObject","inLanguage":"pl-PL","@id":"https:\/\/adgt.cz\/pl\/products\/software\/api-iot24-eu\/#primaryimage","url":"https:\/\/adgt.cz\/wp-content\/uploads\/2021\/08\/API-IOT24.EU_.jpg","contentUrl":"https:\/\/adgt.cz\/wp-content\/uploads\/2021\/08\/API-IOT24.EU_.jpg","width":1600,"height":1569},{"@type":"BreadcrumbList","@id":"https:\/\/adgt.cz\/pl\/products\/software\/api-iot24-eu\/#breadcrumb","itemListElement":[{"@type":"ListItem","position":1,"name":"Home","item":"https:\/\/adgt.cz\/pl\/"},{"@type":"ListItem","position":2,"name":"Produkty","item":"https:\/\/adgt.cz\/products\/"},{"@type":"ListItem","position":3,"name":"Oprogramowanie","item":"https:\/\/adgt.cz\/pl\/product-category\/software\/"},{"@type":"ListItem","position":4,"name":"API IOT24.EU"}]},{"@type":"WebSite","@id":"https:\/\/adgt.cz\/pl\/#website","url":"https:\/\/adgt.cz\/pl\/","name":"ADGT","description":"Just another WordPress site","publisher":{"@id":"https:\/\/adgt.cz\/pl\/#organization"},"potentialAction":[{"@type":"SearchAction","target":{"@type":"EntryPoint","urlTemplate":"https:\/\/adgt.cz\/pl\/?s={search_term_string}"},"query-input":{"@type":"PropertyValueSpecification","valueRequired":true,"valueName":"search_term_string"}}],"inLanguage":"pl-PL"},{"@type":"Organization","@id":"https:\/\/adgt.cz\/pl\/#organization","name":"ADGT","url":"https:\/\/adgt.cz\/pl\/","logo":{"@type":"ImageObject","inLanguage":"pl-PL","@id":"https:\/\/adgt.cz\/pl\/#\/schema\/logo\/image\/","url":"https:\/\/adgt.cz\/wp-content\/uploads\/2020\/09\/ADGT_logo_Magenta.png","contentUrl":"https:\/\/adgt.cz\/wp-content\/uploads\/2020\/09\/ADGT_logo_Magenta.png","width":798,"height":208,"caption":"ADGT"},"image":{"@id":"https:\/\/adgt.cz\/pl\/#\/schema\/logo\/image\/"}}]}},"_links":{"self":[{"href":"https:\/\/adgt.cz\/pl\/wp-json\/wp\/v2\/product\/12626"}],"collection":[{"href":"https:\/\/adgt.cz\/pl\/wp-json\/wp\/v2\/product"}],"about":[{"href":"https:\/\/adgt.cz\/pl\/wp-json\/wp\/v2\/types\/product"}],"replies":[{"embeddable":true,"href":"https:\/\/adgt.cz\/pl\/wp-json\/wp\/v2\/comments?post=12626"}],"wp:featuredmedia":[{"embeddable":true,"href":"https:\/\/adgt.cz\/pl\/wp-json\/wp\/v2\/media\/12467"}],"wp:attachment":[{"href":"https:\/\/adgt.cz\/pl\/wp-json\/wp\/v2\/media?parent=12626"}],"wp:term":[{"taxonomy":"product_cat","embeddable":true,"href":"https:\/\/adgt.cz\/pl\/wp-json\/wp\/v2\/product_cat?post=12626"},{"taxonomy":"product_tag","embeddable":true,"href":"https:\/\/adgt.cz\/pl\/wp-json\/wp\/v2\/product_tag?post=12626"}],"curies":[{"name":"wp","href":"https:\/\/api.w.org\/{rel}","templated":true}]}}