{"id":7294,"date":"2020-11-18T12:16:10","date_gmt":"2020-11-18T12:16:10","guid":{"rendered":"https:\/\/adgt.cz\/?page_id=7294"},"modified":"2021-03-05T09:44:06","modified_gmt":"2021-03-05T09:44:06","slug":"support","status":"publish","type":"page","link":"https:\/\/adgt.cz\/pl\/support\/","title":{"rendered":"Wsparcie"},"content":{"rendered":"<p>[vc_row][vc_column][vc_column_text]Tutaj mo\u017cesz przes\u0142a\u0107 zg\u0142oszenie do pomocy technicznej ADGT. Wype\u0142nij poni\u017cszy formularz, a zesp\u00f3\u0142 pomocy technicznej wkr\u00f3tce si\u0119 z Tob\u0105 skontaktuje.[\/vc_column_text]\r\n\t<div class=\"wprt-spacer clearfix\" data-desktop=\"40\" data-mobi=\"10\" data-smobi=\"0\"><\/div>[\/vc_column][\/vc_row][vc_row][vc_column][vc_raw_js]JTNDaWZyYW1lJTIwaWQlM0QlMjJmcmVzaHdpZGdldC1lbWJlZGRlZC1mb3JtJTIyJTIwY2xhc3MlM0QlMjJmcmVzaHdpZGdldC1lbWJlZGRlZC1mb3JtJTIyJTIwdGl0bGUlM0QlMjJGZWVkYmFjayUyMEZvcm0lMjIlMjBzcmMlM0QlMjJodHRwcyUzQSUyRiUyRm0ybXNlbGVjdC5mcmVzaGRlc2suY29tJTJGd2lkZ2V0cyUyRmZlZWRiYWNrX3dpZGdldCUyRm5ldyUzRiUyNndpZGdldFR5cGUlM0RlbWJlZGRlZCUyNnNjcmVlbnNob3QlM0RubyUyNmNhcHRjaGElM0R5ZXMlMjIlMjB3aWR0aCUzRCUyMjgwJTI1JTIyJTIwaGVpZ2h0JTNEJTIyNTAwcHglMjIlMjBmcmFtZWJvcmRlciUzRCUyMjAlMjIlMjBzY3JvbGxpbmclM0QlMjJubyUyMiUzRSUzQyUyRmlmcmFtZSUzRQ==[\/vc_raw_js][\/vc_column][\/vc_row]<\/p>\n","protected":false},"excerpt":{"rendered":"<p>[vc_row][vc_column][vc_column_text]Tutaj mo\u017cesz przes\u0142a\u0107 zg\u0142oszenie do pomocy technicznej ADGT. Wype\u0142nij poni\u017cszy formularz, a zesp\u00f3\u0142 pomocy technicznej wkr\u00f3tce si\u0119 z Tob\u0105 skontaktuje.[\/vc_column_text][\/vc_column][\/vc_row][vc_row][vc_column][vc_raw_js]JTNDaWZyYW1lJTIwaWQlM0QlMjJmcmVzaHdpZGdldC1lbWJlZGRlZC1mb3JtJTIyJTIwY2xhc3MlM0QlMjJmcmVzaHdpZGdldC1lbWJlZGRlZC1mb3JtJTIyJTIwdGl0bGUlM0QlMjJGZWVkYmFjayUyMEZvcm0lMjIlMjBzcmMlM0QlMjJodHRwcyUzQSUyRiUyRm0ybXNlbGVjdC5mcmVzaGRlc2suY29tJTJGd2lkZ2V0cyUyRmZlZWRiYWNrX3dpZGdldCUyRm5ldyUzRiUyNndpZGdldFR5cGUlM0RlbWJlZGRlZCUyNnNjcmVlbnNob3QlM0RubyUyNmNhcHRjaGElM0R5ZXMlMjIlMjB3aWR0aCUzRCUyMjgwJTI1JTIyJTIwaGVpZ2h0JTNEJTIyNTAwcHglMjIlMjBmcmFtZWJvcmRlciUzRCUyMjAlMjIlMjBzY3JvbGxpbmclM0QlMjJubyUyMiUzRSUzQyUyRmlmcmFtZSUzRQ==[\/vc_raw_js][\/vc_column][\/vc_row]<\/p>\n","protected":false},"author":1,"featured_media":0,"parent":0,"menu_order":0,"comment_status":"closed","ping_status":"closed","template":"","meta":{"footnotes":""},"class_list":["post-7294","page","type-page","status-publish","hentry"],"yoast_head":"<!-- This site is optimized with the Yoast SEO plugin v23.5 - https:\/\/yoast.com\/wordpress\/plugins\/seo\/ -->\n<title>Wsparcie - ADGT<\/title>\n<meta name=\"robots\" content=\"index, follow, max-snippet:-1, max-image-preview:large, max-video-preview:-1\" \/>\n<link rel=\"canonical\" href=\"https:\/\/adgt.cz\/pl\/support\/\" \/>\n<meta property=\"og:locale\" content=\"pl_PL\" \/>\n<meta property=\"og:type\" content=\"article\" \/>\n<meta property=\"og:title\" content=\"Wsparcie - ADGT\" \/>\n<meta property=\"og:description\" content=\"[vc_row][vc_column][vc_column_text]Tutaj mo\u017cesz przes\u0142a\u0107 zg\u0142oszenie do pomocy technicznej ADGT. Wype\u0142nij poni\u017cszy formularz, a zesp\u00f3\u0142 pomocy technicznej wkr\u00f3tce si\u0119 z Tob\u0105 skontaktuje.[\/vc_column_text][\/vc_column][\/vc_row][vc_row][vc_column][vc_raw_js]JTNDaWZyYW1lJTIwaWQlM0QlMjJmcmVzaHdpZGdldC1lbWJlZGRlZC1mb3JtJTIyJTIwY2xhc3MlM0QlMjJmcmVzaHdpZGdldC1lbWJlZGRlZC1mb3JtJTIyJTIwdGl0bGUlM0QlMjJGZWVkYmFjayUyMEZvcm0lMjIlMjBzcmMlM0QlMjJodHRwcyUzQSUyRiUyRm0ybXNlbGVjdC5mcmVzaGRlc2suY29tJTJGd2lkZ2V0cyUyRmZlZWRiYWNrX3dpZGdldCUyRm5ldyUzRiUyNndpZGdldFR5cGUlM0RlbWJlZGRlZCUyNnNjcmVlbnNob3QlM0RubyUyNmNhcHRjaGElM0R5ZXMlMjIlMjB3aWR0aCUzRCUyMjgwJTI1JTIyJTIwaGVpZ2h0JTNEJTIyNTAwcHglMjIlMjBmcmFtZWJvcmRlciUzRCUyMjAlMjIlMjBzY3JvbGxpbmclM0QlMjJubyUyMiUzRSUzQyUyRmlmcmFtZSUzRQ==[\/vc_raw_js][\/vc_column][\/vc_row]\" \/>\n<meta property=\"og:url\" content=\"https:\/\/adgt.cz\/pl\/support\/\" \/>\n<meta property=\"og:site_name\" content=\"ADGT\" \/>\n<meta property=\"article:modified_time\" content=\"2021-03-05T09:44:06+00:00\" \/>\n<meta name=\"twitter:card\" content=\"summary_large_image\" \/>\n<script type=\"application\/ld+json\" class=\"yoast-schema-graph\">{\"@context\":\"https:\/\/schema.org\",\"@graph\":[{\"@type\":\"WebPage\",\"@id\":\"https:\/\/adgt.cz\/pl\/support\/\",\"url\":\"https:\/\/adgt.cz\/pl\/support\/\",\"name\":\"Wsparcie - ADGT\",\"isPartOf\":{\"@id\":\"https:\/\/adgt.cz\/pl\/#website\"},\"datePublished\":\"2020-11-18T12:16:10+00:00\",\"dateModified\":\"2021-03-05T09:44:06+00:00\",\"breadcrumb\":{\"@id\":\"https:\/\/adgt.cz\/pl\/support\/#breadcrumb\"},\"inLanguage\":\"pl-PL\",\"potentialAction\":[{\"@type\":\"ReadAction\",\"target\":[\"https:\/\/adgt.cz\/pl\/support\/\"]}]},{\"@type\":\"BreadcrumbList\",\"@id\":\"https:\/\/adgt.cz\/pl\/support\/#breadcrumb\",\"itemListElement\":[{\"@type\":\"ListItem\",\"position\":1,\"name\":\"Home\",\"item\":\"https:\/\/adgt.cz\/pl\/\"},{\"@type\":\"ListItem\",\"position\":2,\"name\":\"Wsparcie\"}]},{\"@type\":\"WebSite\",\"@id\":\"https:\/\/adgt.cz\/pl\/#website\",\"url\":\"https:\/\/adgt.cz\/pl\/\",\"name\":\"ADGT\",\"description\":\"Just another WordPress site\",\"publisher\":{\"@id\":\"https:\/\/adgt.cz\/pl\/#organization\"},\"potentialAction\":[{\"@type\":\"SearchAction\",\"target\":{\"@type\":\"EntryPoint\",\"urlTemplate\":\"https:\/\/adgt.cz\/pl\/?s={search_term_string}\"},\"query-input\":{\"@type\":\"PropertyValueSpecification\",\"valueRequired\":true,\"valueName\":\"search_term_string\"}}],\"inLanguage\":\"pl-PL\"},{\"@type\":\"Organization\",\"@id\":\"https:\/\/adgt.cz\/pl\/#organization\",\"name\":\"ADGT\",\"url\":\"https:\/\/adgt.cz\/pl\/\",\"logo\":{\"@type\":\"ImageObject\",\"inLanguage\":\"pl-PL\",\"@id\":\"https:\/\/adgt.cz\/pl\/#\/schema\/logo\/image\/\",\"url\":\"https:\/\/adgt.cz\/wp-content\/uploads\/2020\/09\/ADGT_logo_Magenta.png\",\"contentUrl\":\"https:\/\/adgt.cz\/wp-content\/uploads\/2020\/09\/ADGT_logo_Magenta.png\",\"width\":798,\"height\":208,\"caption\":\"ADGT\"},\"image\":{\"@id\":\"https:\/\/adgt.cz\/pl\/#\/schema\/logo\/image\/\"}}]}<\/script>\n<!-- \/ Yoast SEO plugin. -->","yoast_head_json":{"title":"Wsparcie - ADGT","robots":{"index":"index","follow":"follow","max-snippet":"max-snippet:-1","max-image-preview":"max-image-preview:large","max-video-preview":"max-video-preview:-1"},"canonical":"https:\/\/adgt.cz\/pl\/support\/","og_locale":"pl_PL","og_type":"article","og_title":"Wsparcie - ADGT","og_description":"[vc_row][vc_column][vc_column_text]Tutaj mo\u017cesz przes\u0142a\u0107 zg\u0142oszenie do pomocy technicznej ADGT. Wype\u0142nij poni\u017cszy formularz, a zesp\u00f3\u0142 pomocy technicznej wkr\u00f3tce si\u0119 z Tob\u0105 skontaktuje.[\/vc_column_text][\/vc_column][\/vc_row][vc_row][vc_column][vc_raw_js]JTNDaWZyYW1lJTIwaWQlM0QlMjJmcmVzaHdpZGdldC1lbWJlZGRlZC1mb3JtJTIyJTIwY2xhc3MlM0QlMjJmcmVzaHdpZGdldC1lbWJlZGRlZC1mb3JtJTIyJTIwdGl0bGUlM0QlMjJGZWVkYmFjayUyMEZvcm0lMjIlMjBzcmMlM0QlMjJodHRwcyUzQSUyRiUyRm0ybXNlbGVjdC5mcmVzaGRlc2suY29tJTJGd2lkZ2V0cyUyRmZlZWRiYWNrX3dpZGdldCUyRm5ldyUzRiUyNndpZGdldFR5cGUlM0RlbWJlZGRlZCUyNnNjcmVlbnNob3QlM0RubyUyNmNhcHRjaGElM0R5ZXMlMjIlMjB3aWR0aCUzRCUyMjgwJTI1JTIyJTIwaGVpZ2h0JTNEJTIyNTAwcHglMjIlMjBmcmFtZWJvcmRlciUzRCUyMjAlMjIlMjBzY3JvbGxpbmclM0QlMjJubyUyMiUzRSUzQyUyRmlmcmFtZSUzRQ==[\/vc_raw_js][\/vc_column][\/vc_row]","og_url":"https:\/\/adgt.cz\/pl\/support\/","og_site_name":"ADGT","article_modified_time":"2021-03-05T09:44:06+00:00","twitter_card":"summary_large_image","schema":{"@context":"https:\/\/schema.org","@graph":[{"@type":"WebPage","@id":"https:\/\/adgt.cz\/pl\/support\/","url":"https:\/\/adgt.cz\/pl\/support\/","name":"Wsparcie - ADGT","isPartOf":{"@id":"https:\/\/adgt.cz\/pl\/#website"},"datePublished":"2020-11-18T12:16:10+00:00","dateModified":"2021-03-05T09:44:06+00:00","breadcrumb":{"@id":"https:\/\/adgt.cz\/pl\/support\/#breadcrumb"},"inLanguage":"pl-PL","potentialAction":[{"@type":"ReadAction","target":["https:\/\/adgt.cz\/pl\/support\/"]}]},{"@type":"BreadcrumbList","@id":"https:\/\/adgt.cz\/pl\/support\/#breadcrumb","itemListElement":[{"@type":"ListItem","position":1,"name":"Home","item":"https:\/\/adgt.cz\/pl\/"},{"@type":"ListItem","position":2,"name":"Wsparcie"}]},{"@type":"WebSite","@id":"https:\/\/adgt.cz\/pl\/#website","url":"https:\/\/adgt.cz\/pl\/","name":"ADGT","description":"Just another WordPress site","publisher":{"@id":"https:\/\/adgt.cz\/pl\/#organization"},"potentialAction":[{"@type":"SearchAction","target":{"@type":"EntryPoint","urlTemplate":"https:\/\/adgt.cz\/pl\/?s={search_term_string}"},"query-input":{"@type":"PropertyValueSpecification","valueRequired":true,"valueName":"search_term_string"}}],"inLanguage":"pl-PL"},{"@type":"Organization","@id":"https:\/\/adgt.cz\/pl\/#organization","name":"ADGT","url":"https:\/\/adgt.cz\/pl\/","logo":{"@type":"ImageObject","inLanguage":"pl-PL","@id":"https:\/\/adgt.cz\/pl\/#\/schema\/logo\/image\/","url":"https:\/\/adgt.cz\/wp-content\/uploads\/2020\/09\/ADGT_logo_Magenta.png","contentUrl":"https:\/\/adgt.cz\/wp-content\/uploads\/2020\/09\/ADGT_logo_Magenta.png","width":798,"height":208,"caption":"ADGT"},"image":{"@id":"https:\/\/adgt.cz\/pl\/#\/schema\/logo\/image\/"}}]}},"_links":{"self":[{"href":"https:\/\/adgt.cz\/pl\/wp-json\/wp\/v2\/pages\/7294"}],"collection":[{"href":"https:\/\/adgt.cz\/pl\/wp-json\/wp\/v2\/pages"}],"about":[{"href":"https:\/\/adgt.cz\/pl\/wp-json\/wp\/v2\/types\/page"}],"author":[{"embeddable":true,"href":"https:\/\/adgt.cz\/pl\/wp-json\/wp\/v2\/users\/1"}],"replies":[{"embeddable":true,"href":"https:\/\/adgt.cz\/pl\/wp-json\/wp\/v2\/comments?post=7294"}],"version-history":[{"count":2,"href":"https:\/\/adgt.cz\/pl\/wp-json\/wp\/v2\/pages\/7294\/revisions"}],"predecessor-version":[{"id":10379,"href":"https:\/\/adgt.cz\/pl\/wp-json\/wp\/v2\/pages\/7294\/revisions\/10379"}],"wp:attachment":[{"href":"https:\/\/adgt.cz\/pl\/wp-json\/wp\/v2\/media?parent=7294"}],"curies":[{"name":"wp","href":"https:\/\/api.w.org\/{rel}","templated":true}]}}