{"id":7283,"date":"2020-11-18T11:54:14","date_gmt":"2020-11-18T11:54:14","guid":{"rendered":"https:\/\/adgt.cz\/?page_id=7283"},"modified":"2021-05-21T12:36:27","modified_gmt":"2021-05-21T12:36:27","slug":"about-us","status":"publish","type":"page","link":"https:\/\/adgt.cz\/pl\/about-us\/","title":{"rendered":"O NAS"},"content":{"rendered":"<p>[vc_row][vc_column]\r\n\t<div class=\"wprt-spacer clearfix\" data-desktop=\"70\" data-mobi=\"50\" data-smobi=\"50\"><\/div><div class=\"wprt-headings clearfix text-center\"  style=\"\"><h2 class=\"heading clearfix\" style=\"font-weight:700;margin-bottom:3px;\">\r\n\t\tWITAMY W ADGT\r\n\t<\/h2><div class=\"sep accent clearfix\" style=\"width:60px;height:3px;\"><\/div><p class=\"sub-heading clearfix\" style=\"font-style:normal;font-size:14px;line-height:28px;margin-top:11px;max-width:520px; margin-left: auto; margin-right: auto;font-family:Montserrat;\">\r\n\t\tINTELIGENTNE ROZWI\u0104ZANIA BEZPRZEWODOWE\r\n\t<\/p><\/div>\r\n\t<div class=\"wprt-spacer clearfix\" data-desktop=\"35\" data-mobi=\"35\" data-smobi=\"35\"><\/div>[vc_row_inner gap=&#8221;35&#8243;][vc_column_inner width=&#8221;1\/2&#8243;][vc_column_text]W ADGT opracowujemy i produkujemy bezprzewodowe rozwi\u0105zania i systemy do zdalnego gromadzenia, przetwarzania i przesy\u0142ania danych przez sieci kom\u00f3rkowe. Poza tym produkujemy specjalne oprogramowanie, kt\u00f3re sprawia, \u017ce \u200b\u200bnasze produkty s\u0105 elastycznymi narz\u0119dziami dostosowanymi do wymaga\u0144 naszych klient\u00f3w.<\/p>\n<p>ADGT zapewnia pe\u0142ny cykl produkcyjny: od opracowania projektu do wydania gotowego produktu. Wszystkie nasze urz\u0105dzenia powstaj\u0105 w oparciu o wysokiej jako\u015bci certyfikowane komponenty czo\u0142owych \u015bwiatowych producent\u00f3w. Us\u0142uga kontroli jako\u015bci zapewnia trwa\u0142o\u015b\u0107 i niezawodno\u015b\u0107 naszych urz\u0105dze\u0144.[\/vc_column_text][\/vc_column_inner][vc_column_inner width=&#8221;1\/2&#8243;][vc_single_image image=&#8221;7987&#8243; alignment=&#8221;center&#8221;][\/vc_column_inner][\/vc_row_inner]\r\n\t<div class=\"wprt-spacer clearfix\" data-desktop=\"30\" data-mobi=\"20\" data-smobi=\"20\"><\/div>[\/vc_column][\/vc_row][vc_row][vc_column width=&#8221;1\/2&#8243;]<div class=\"wprt-content-box clearfix \" data-padding=\"\" data-mobipadding=\"\" data-margin=\"10% 20%\" data-mobimargin=\"8%\">\r\n\t\t<div class=\"inner \" style=\"\">\r\n\t\t\t<div class=\"wprt-headings clearfix \"  style=\"\"><h2 class=\"heading clearfix\" style=\"font-weight:700;margin-bottom:5px;\">\r\n\t\tPRODUKUJEMY\r\n\t<\/h2><div class=\"sep accent clearfix\" style=\"width:60px;height:5px;\"><\/div><\/div><div class=\"wprt-list clearfix icon-left icon-top\">\r\n\t\t<div style=\"padding:20px 0px 0px 0px;margin-bottom:3px;\">\r\n\t\t\t<span style=\"padding-left:35px;\"><span class=\"icon style-3\" style=\"\">\r\n\t\t\t<i class=\"fa fa-check\"><\/i>\r\n\t\t<\/span> <span style=\"font-size:17px;\">Inteligentne modemy GSM\/3G\/NB-IoT<\/span><\/span>\r\n\t\t<\/div>\r\n\t<\/div><div class=\"wprt-list clearfix icon-left icon-top\">\r\n\t\t<div style=\"padding:0px 0px 0px 0px;margin-bottom:3px;\">\r\n\t\t\t<span style=\"padding-left:35px;\"><span class=\"icon style-3\" style=\"\">\r\n\t\t\t<i class=\"fa fa-check\"><\/i>\r\n\t\t<\/span> <span style=\"font-size:17px;\">Rejestratory danych GPRS\/NB-IoT\/Cat M1<\/span><\/span>\r\n\t\t<\/div>\r\n\t<\/div><div class=\"wprt-list clearfix icon-left icon-top\">\r\n\t\t<div style=\"padding:0px 0px 0px 0px;margin-bottom:3px;\">\r\n\t\t\t<span style=\"padding-left:35px;\"><span class=\"icon style-3\" style=\"\">\r\n\t\t\t<i class=\"fa fa-check\"><\/i>\r\n\t\t<\/span> <span style=\"font-size:17px;\">Routery 3G\/4G<\/span><\/span>\r\n\t\t<\/div>\r\n\t<\/div><div class=\"wprt-list clearfix icon-left icon-top\">\r\n\t\t<div style=\"padding:0px 0px 0px 0px;margin-bottom:3px;\">\r\n\t\t\t<span style=\"padding-left:35px;\"><span class=\"icon style-3\" style=\"\">\r\n\t\t\t<i class=\"fa fa-check\"><\/i>\r\n\t\t<\/span> <span style=\"font-size:17px;\">Konwertery<\/span><\/span>\r\n\t\t<\/div>\r\n\t<\/div><div class=\"wprt-list clearfix icon-left icon-top\">\r\n\t\t<div style=\"padding:0px 0px 0px 0px;margin-bottom:3px;\">\r\n\t\t\t<span style=\"padding-left:35px;\"><span class=\"icon style-3\" style=\"\">\r\n\t\t\t<i class=\"fa fa-check\"><\/i>\r\n\t\t<\/span> <span style=\"font-size:17px;\">Oprogramowanie<\/span><\/span>\r\n\t\t<\/div>\r\n\t<\/div><div class=\"wprt-list clearfix icon-left icon-top\">\r\n\t\t<div style=\"padding:0px 0px 0px 0px;margin-bottom:3px;\">\r\n\t\t\t<span style=\"padding-left:35px;\"><span class=\"icon style-3\" style=\"\">\r\n\t\t\t<i class=\"fa fa-check\"><\/i>\r\n\t\t<\/span> <span style=\"font-size:17px;\">Anteny i akcesoria komunikacyjne<\/span><\/span>\r\n\t\t<\/div>\r\n\t<\/div>\r\n\t<div class=\"wprt-spacer clearfix\" data-desktop=\"30\" data-mobi=\"30\" data-smobi=\"30\"><\/div><div class=\"button-wrap icon-left has-icon\" style=\"\"><a href=\"http:\/\/adgt.cz\/pl\/products\/\" target=\"_blank\" class=\"wprt-button big solid accent\" style=\"\">\r\n\t\t<span style=\"\">WYGL\u0104DAJ PRODUKTY <span class=\"icon\" style=\"\"><i class=\"fa fa-plus-circle\"><\/i><\/span><\/span>\r\n\t<\/a><\/div>\n\r\n\t\t<\/div>\r\n\t<\/div>[\/vc_column][vc_column width=&#8221;1\/2&#8243;]\r\n\t<div class=\"wprt-accordions style-2\"><div class=\"accordion-item  no-icon\" style=\"margin-bottom:10px;\"><\/div><div class=\"accordion-item  active no-icon\" style=\"margin-bottom:10px;\"><h3 class=\"accordion-heading\" style=\"\">\r\n\t\t\t<span class=\"inner\" style=\"\">\r\n\t\t\t\t\r\n\t\t\t\tDLACZEGO W\u0141A\u015aNIE MY?\r\n\t\t\t<\/span>\r\n\t\t<\/h3><div class=\"accordion-content\" style=\"padding:22px 0px 20px 13px;\"><p>ADGT to zesp\u00f3\u0142 niezwykle entuzjastycznych i wysoko wykwalifikowanych specjalist\u00f3w technicznych. \u015aledz\u0105c nasz\u0105 histori\u0119 a\u017c do ko\u0144ca 2000 roku, zaczynali\u015bmy jako ma\u0142a grupa in\u017cynieryjna, zajmuj\u0105c si\u0119 projektowaniem i produkcj\u0105 urz\u0105dze\u0144 komunikacyjnych. Nasze adaptacyjne podej\u015bcie i zrozumienie interes\u00f3w naszych klient\u00f3w pomog\u0142o firmie zaj\u0105\u0107 i utrzyma\u0107 swoj\u0105 pozycj\u0119 na rynku cyfrowym. W odpowiedzi na zmieniaj\u0105ce si\u0119 wymagania czasu stworzono r\u00f3wnie\u017c wyspecjalizowan\u0105 jednostk\u0119 IT, kt\u00f3ra zaopatruje nasze urz\u0105dzenia w odpowiednie i \u0142atwe w adaptacji oprogramowanie.<\/p>\n<p>W dzisiejszych czasach trudno utrzyma\u0107 skuteczno\u015b\u0107, je\u015bli brakuje Ci aktualnych trend\u00f3w w Twoim biznesie. Od momentu powstania mamy du\u017ce do\u015bwiadczenie, dzi\u0119ki czemu mo\u017cemy kontynuowa\u0107 rozw\u00f3j i produkcj\u0119 elektroniki i urz\u0105dze\u0144, aby sprosta\u0107 wyzwaniom zwi\u0105zanym z efektywno\u015bci\u0105 energetyczn\u0105 i oszcz\u0119dno\u015bci\u0105 energii, a tak\u017ce tworzy\u0107 inteligentne urz\u0105dzenia pomiarowe i bezprzewodowe sieci czujnik\u00f3w.<\/p>\n<\/div><\/div><div class=\"accordion-item  no-icon\" style=\"margin-bottom:10px;\"><h3 class=\"accordion-heading\" style=\"\">\r\n\t\t\t<span class=\"inner\" style=\"\">\r\n\t\t\t\t\r\n\t\t\t\tFILOZOFIA\r\n\t\t\t<\/span>\r\n\t\t<\/h3><div class=\"accordion-content\" style=\"padding:22px 0px 20px 13px;\"><p>Szacunek dla naszych klient\u00f3w i dba\u0142o\u015b\u0107 o ich potrzeby to podstawa naszej filozofii. W\u0142a\u015bnie o tym pami\u0119tali\u015bmy przez ponad 10 lat naszego wyj\u0105tkowego do\u015bwiadczenia w tworzeniu i rozwijaniu innowacyjnego biznesu w dziedzinie rozwoju i produkcji sprz\u0119tu i oprogramowania.<\/p>\n<p>Naszymi g\u0142\u00f3wnymi priorytetami s\u0105 tworzenie wszechstronnych, niezawodnych i efektywnych kosztowo urz\u0105dze\u0144, a tak\u017ce projektowanie nowych rozwi\u0105za\u0144 w zakresie zarz\u0105dzania zasobami, oszcz\u0119dzania energii i poprawy efektywno\u015bci energetycznej zar\u00f3wno do u\u017cytku prywatnego, jak i przemys\u0142owego. Dok\u0142adamy wszelkich stara\u0144, aby zapewni\u0107 wysok\u0105 jako\u015b\u0107 naszych produkt\u00f3w i us\u0142ug oraz zdoby\u0107 uznanie i lojalno\u015b\u0107 klient\u00f3w.<\/p>\n<\/div><\/div>\n<\/div>\r\n\t<div class=\"wprt-spacer clearfix\" data-desktop=\"60\" data-mobi=\"20\" data-smobi=\"20\"><\/div>[\/vc_column][\/vc_row]<\/p>\n","protected":false},"excerpt":{"rendered":"<p>[vc_row][vc_column][vc_row_inner gap=&#8221;35&#8243;][vc_column_inner width=&#8221;1\/2&#8243;][vc_column_text]W ADGT opracowujemy i produkujemy bezprzewodowe rozwi\u0105zania i systemy do zdalnego gromadzenia, przetwarzania i przesy\u0142ania danych przez sieci kom\u00f3rkowe. Poza tym produkujemy specjalne oprogramowanie, kt\u00f3re sprawia, \u017ce \u200b\u200bnasze produkty s\u0105 elastycznymi narz\u0119dziami dostosowanymi do wymaga\u0144 naszych klient\u00f3w. ADGT zapewnia pe\u0142ny cykl produkcyjny: od opracowania projektu do wydania gotowego produktu. Wszystkie nasze urz\u0105dzenia powstaj\u0105 w oparciu o wysokiej jako\u015bci certyfikowane komponenty czo\u0142owych \u015bwiatowych producent\u00f3w. Us\u0142uga kontroli jako\u015bci zapewnia trwa\u0142o\u015b\u0107 i niezawodno\u015b\u0107 naszych urz\u0105dze\u0144.[\/vc_column_text][\/vc_column_inner][vc_column_inner width=&#8221;1\/2&#8243;][vc_single_image image=&#8221;7987&#8243; alignment=&#8221;center&#8221;][\/vc_column_inner][\/vc_row_inner][\/vc_column][\/vc_row][vc_row][vc_column width=&#8221;1\/2&#8243;][\/vc_column][vc_column width=&#8221;1\/2&#8243;][\/vc_column][\/vc_row]<\/p>\n","protected":false},"author":1,"featured_media":0,"parent":0,"menu_order":0,"comment_status":"closed","ping_status":"closed","template":"","meta":{"footnotes":""},"class_list":["post-7283","page","type-page","status-publish","hentry"],"yoast_head":"<!-- This site is optimized with the Yoast SEO plugin v23.5 - https:\/\/yoast.com\/wordpress\/plugins\/seo\/ -->\n<title>O NAS - ADGT<\/title>\n<meta name=\"robots\" content=\"index, follow, max-snippet:-1, max-image-preview:large, max-video-preview:-1\" \/>\n<link rel=\"canonical\" href=\"https:\/\/adgt.cz\/pl\/about-us\/\" \/>\n<meta property=\"og:locale\" content=\"pl_PL\" \/>\n<meta property=\"og:type\" content=\"article\" \/>\n<meta property=\"og:title\" content=\"O NAS - ADGT\" \/>\n<meta property=\"og:description\" content=\"[vc_row][vc_column][vc_row_inner gap=&#8221;35&#8243;][vc_column_inner width=&#8221;1\/2&#8243;][vc_column_text]W ADGT opracowujemy i produkujemy bezprzewodowe rozwi\u0105zania i systemy do zdalnego gromadzenia, przetwarzania i przesy\u0142ania danych przez sieci kom\u00f3rkowe. Poza tym produkujemy specjalne oprogramowanie, kt\u00f3re sprawia, \u017ce \u200b\u200bnasze produkty s\u0105 elastycznymi narz\u0119dziami dostosowanymi do wymaga\u0144 naszych klient\u00f3w. ADGT zapewnia pe\u0142ny cykl produkcyjny: od opracowania projektu do wydania gotowego produktu. Wszystkie nasze urz\u0105dzenia powstaj\u0105 w oparciu o wysokiej jako\u015bci certyfikowane komponenty czo\u0142owych \u015bwiatowych producent\u00f3w. Us\u0142uga kontroli jako\u015bci zapewnia trwa\u0142o\u015b\u0107 i niezawodno\u015b\u0107 naszych urz\u0105dze\u0144.[\/vc_column_text][\/vc_column_inner][vc_column_inner width=&#8221;1\/2&#8243;][vc_single_image image=&#8221;7987&#8243; alignment=&#8221;center&#8221;][\/vc_column_inner][\/vc_row_inner][\/vc_column][\/vc_row][vc_row][vc_column width=&#8221;1\/2&#8243;][\/vc_column][vc_column width=&#8221;1\/2&#8243;][\/vc_column][\/vc_row]\" \/>\n<meta property=\"og:url\" content=\"https:\/\/adgt.cz\/pl\/about-us\/\" \/>\n<meta property=\"og:site_name\" content=\"ADGT\" \/>\n<meta property=\"article:modified_time\" content=\"2021-05-21T12:36:27+00:00\" \/>\n<meta name=\"twitter:card\" content=\"summary_large_image\" \/>\n<meta name=\"twitter:label1\" content=\"Szacowany czas czytania\" \/>\n\t<meta name=\"twitter:data1\" content=\"4 minuty\" \/>\n<script type=\"application\/ld+json\" class=\"yoast-schema-graph\">{\"@context\":\"https:\/\/schema.org\",\"@graph\":[{\"@type\":\"WebPage\",\"@id\":\"https:\/\/adgt.cz\/pl\/about-us\/\",\"url\":\"https:\/\/adgt.cz\/pl\/about-us\/\",\"name\":\"O NAS - ADGT\",\"isPartOf\":{\"@id\":\"https:\/\/adgt.cz\/pl\/#website\"},\"datePublished\":\"2020-11-18T11:54:14+00:00\",\"dateModified\":\"2021-05-21T12:36:27+00:00\",\"breadcrumb\":{\"@id\":\"https:\/\/adgt.cz\/pl\/about-us\/#breadcrumb\"},\"inLanguage\":\"pl-PL\",\"potentialAction\":[{\"@type\":\"ReadAction\",\"target\":[\"https:\/\/adgt.cz\/pl\/about-us\/\"]}]},{\"@type\":\"BreadcrumbList\",\"@id\":\"https:\/\/adgt.cz\/pl\/about-us\/#breadcrumb\",\"itemListElement\":[{\"@type\":\"ListItem\",\"position\":1,\"name\":\"Home\",\"item\":\"https:\/\/adgt.cz\/pl\/\"},{\"@type\":\"ListItem\",\"position\":2,\"name\":\"O NAS\"}]},{\"@type\":\"WebSite\",\"@id\":\"https:\/\/adgt.cz\/pl\/#website\",\"url\":\"https:\/\/adgt.cz\/pl\/\",\"name\":\"ADGT\",\"description\":\"Just another WordPress site\",\"publisher\":{\"@id\":\"https:\/\/adgt.cz\/pl\/#organization\"},\"potentialAction\":[{\"@type\":\"SearchAction\",\"target\":{\"@type\":\"EntryPoint\",\"urlTemplate\":\"https:\/\/adgt.cz\/pl\/?s={search_term_string}\"},\"query-input\":{\"@type\":\"PropertyValueSpecification\",\"valueRequired\":true,\"valueName\":\"search_term_string\"}}],\"inLanguage\":\"pl-PL\"},{\"@type\":\"Organization\",\"@id\":\"https:\/\/adgt.cz\/pl\/#organization\",\"name\":\"ADGT\",\"url\":\"https:\/\/adgt.cz\/pl\/\",\"logo\":{\"@type\":\"ImageObject\",\"inLanguage\":\"pl-PL\",\"@id\":\"https:\/\/adgt.cz\/pl\/#\/schema\/logo\/image\/\",\"url\":\"https:\/\/adgt.cz\/wp-content\/uploads\/2020\/09\/ADGT_logo_Magenta.png\",\"contentUrl\":\"https:\/\/adgt.cz\/wp-content\/uploads\/2020\/09\/ADGT_logo_Magenta.png\",\"width\":798,\"height\":208,\"caption\":\"ADGT\"},\"image\":{\"@id\":\"https:\/\/adgt.cz\/pl\/#\/schema\/logo\/image\/\"}}]}<\/script>\n<!-- \/ Yoast SEO plugin. -->","yoast_head_json":{"title":"O NAS - ADGT","robots":{"index":"index","follow":"follow","max-snippet":"max-snippet:-1","max-image-preview":"max-image-preview:large","max-video-preview":"max-video-preview:-1"},"canonical":"https:\/\/adgt.cz\/pl\/about-us\/","og_locale":"pl_PL","og_type":"article","og_title":"O NAS - ADGT","og_description":"[vc_row][vc_column][vc_row_inner gap=&#8221;35&#8243;][vc_column_inner width=&#8221;1\/2&#8243;][vc_column_text]W ADGT opracowujemy i produkujemy bezprzewodowe rozwi\u0105zania i systemy do zdalnego gromadzenia, przetwarzania i przesy\u0142ania danych przez sieci kom\u00f3rkowe. Poza tym produkujemy specjalne oprogramowanie, kt\u00f3re sprawia, \u017ce \u200b\u200bnasze produkty s\u0105 elastycznymi narz\u0119dziami dostosowanymi do wymaga\u0144 naszych klient\u00f3w. ADGT zapewnia pe\u0142ny cykl produkcyjny: od opracowania projektu do wydania gotowego produktu. Wszystkie nasze urz\u0105dzenia powstaj\u0105 w oparciu o wysokiej jako\u015bci certyfikowane komponenty czo\u0142owych \u015bwiatowych producent\u00f3w. Us\u0142uga kontroli jako\u015bci zapewnia trwa\u0142o\u015b\u0107 i niezawodno\u015b\u0107 naszych urz\u0105dze\u0144.[\/vc_column_text][\/vc_column_inner][vc_column_inner width=&#8221;1\/2&#8243;][vc_single_image image=&#8221;7987&#8243; alignment=&#8221;center&#8221;][\/vc_column_inner][\/vc_row_inner][\/vc_column][\/vc_row][vc_row][vc_column width=&#8221;1\/2&#8243;][\/vc_column][vc_column width=&#8221;1\/2&#8243;][\/vc_column][\/vc_row]","og_url":"https:\/\/adgt.cz\/pl\/about-us\/","og_site_name":"ADGT","article_modified_time":"2021-05-21T12:36:27+00:00","twitter_card":"summary_large_image","twitter_misc":{"Szacowany czas czytania":"4 minuty"},"schema":{"@context":"https:\/\/schema.org","@graph":[{"@type":"WebPage","@id":"https:\/\/adgt.cz\/pl\/about-us\/","url":"https:\/\/adgt.cz\/pl\/about-us\/","name":"O NAS - ADGT","isPartOf":{"@id":"https:\/\/adgt.cz\/pl\/#website"},"datePublished":"2020-11-18T11:54:14+00:00","dateModified":"2021-05-21T12:36:27+00:00","breadcrumb":{"@id":"https:\/\/adgt.cz\/pl\/about-us\/#breadcrumb"},"inLanguage":"pl-PL","potentialAction":[{"@type":"ReadAction","target":["https:\/\/adgt.cz\/pl\/about-us\/"]}]},{"@type":"BreadcrumbList","@id":"https:\/\/adgt.cz\/pl\/about-us\/#breadcrumb","itemListElement":[{"@type":"ListItem","position":1,"name":"Home","item":"https:\/\/adgt.cz\/pl\/"},{"@type":"ListItem","position":2,"name":"O NAS"}]},{"@type":"WebSite","@id":"https:\/\/adgt.cz\/pl\/#website","url":"https:\/\/adgt.cz\/pl\/","name":"ADGT","description":"Just another WordPress site","publisher":{"@id":"https:\/\/adgt.cz\/pl\/#organization"},"potentialAction":[{"@type":"SearchAction","target":{"@type":"EntryPoint","urlTemplate":"https:\/\/adgt.cz\/pl\/?s={search_term_string}"},"query-input":{"@type":"PropertyValueSpecification","valueRequired":true,"valueName":"search_term_string"}}],"inLanguage":"pl-PL"},{"@type":"Organization","@id":"https:\/\/adgt.cz\/pl\/#organization","name":"ADGT","url":"https:\/\/adgt.cz\/pl\/","logo":{"@type":"ImageObject","inLanguage":"pl-PL","@id":"https:\/\/adgt.cz\/pl\/#\/schema\/logo\/image\/","url":"https:\/\/adgt.cz\/wp-content\/uploads\/2020\/09\/ADGT_logo_Magenta.png","contentUrl":"https:\/\/adgt.cz\/wp-content\/uploads\/2020\/09\/ADGT_logo_Magenta.png","width":798,"height":208,"caption":"ADGT"},"image":{"@id":"https:\/\/adgt.cz\/pl\/#\/schema\/logo\/image\/"}}]}},"_links":{"self":[{"href":"https:\/\/adgt.cz\/pl\/wp-json\/wp\/v2\/pages\/7283"}],"collection":[{"href":"https:\/\/adgt.cz\/pl\/wp-json\/wp\/v2\/pages"}],"about":[{"href":"https:\/\/adgt.cz\/pl\/wp-json\/wp\/v2\/types\/page"}],"author":[{"embeddable":true,"href":"https:\/\/adgt.cz\/pl\/wp-json\/wp\/v2\/users\/1"}],"replies":[{"embeddable":true,"href":"https:\/\/adgt.cz\/pl\/wp-json\/wp\/v2\/comments?post=7283"}],"version-history":[{"count":3,"href":"https:\/\/adgt.cz\/pl\/wp-json\/wp\/v2\/pages\/7283\/revisions"}],"predecessor-version":[{"id":11891,"href":"https:\/\/adgt.cz\/pl\/wp-json\/wp\/v2\/pages\/7283\/revisions\/11891"}],"wp:attachment":[{"href":"https:\/\/adgt.cz\/pl\/wp-json\/wp\/v2\/media?parent=7283"}],"curies":[{"name":"wp","href":"https:\/\/api.w.org\/{rel}","templated":true}]}}