{"id":7267,"date":"2020-11-18T11:31:59","date_gmt":"2020-11-18T11:31:59","guid":{"rendered":"https:\/\/adgt.cz\/?page_id=7267"},"modified":"2022-02-16T09:47:04","modified_gmt":"2022-02-16T09:47:04","slug":"contacts","status":"publish","type":"page","link":"https:\/\/adgt.cz\/pl\/contacts\/","title":{"rendered":"\u0141\u0105czno\u015b\u0107"},"content":{"rendered":"<p>[vc_row][vc_column parallax=&#8221;content-moving&#8221; width=&#8221;1\/2&#8243;]\r\n\t<div class=\"wprt-spacer clearfix\" data-desktop=\"20\" data-mobi=\"60\" data-smobi=\"60\"><\/div>[vc_column_text]<strong>ADGT systems s.r.o.<\/strong><br \/>\nID firmy: 097 52 463<br \/>\nNIP: CZ09752463[\/vc_column_text]\r\n\t<div class=\"wprt-spacer clearfix\" data-desktop=\"20\" data-mobi=\"40\" data-smobi=\"40\"><\/div>[vc_column_text]Planichkova, 442\/3, 16200, Praga 6, Praga, CZ[\/vc_column_text][vc_column_text]<a href=\"tel:+420234076670\">+420 234 076 670<\/a><br \/>\n<span class=\"font-size-16\"><a href=\"mailto:info@adgt.cz\" target=\"_blank\" rel=\"noopener noreferrer\">info@adgt.cz<\/a><\/span>[\/vc_column_text]\r\n\t<div class=\"wprt-spacer clearfix\" data-desktop=\"20\" data-mobi=\"40\" data-smobi=\"40\"><\/div>[vc_column_text]<strong>Czas otwarcia:<\/strong><br \/>\nOd poniedzia\u0142ku do pi\u0105tku: 08:00 &#8211; 16:00[\/vc_column_text]\r\n\t<div class=\"wprt-spacer clearfix\" data-desktop=\"10\" data-mobi=\"20\" data-smobi=\"20\"><\/div>[vc_column_text]Skontaktuj si\u0119 z nami w przypadku jakichkolwiek pyta\u0144, a my postaramy si\u0119 odpowiedzie\u0107 tak szybko, jak to mo\u017cliwe![\/vc_column_text][\/vc_column][vc_column width=&#8221;1\/2&#8243;]<div class=\"wprt-content-box clearfix \" data-padding=\"\" data-mobipadding=\"\" data-margin=\"\" data-mobimargin=\"\">\r\n\t\t<div class=\"inner \" style=\"\">\r\n\t\t\t\r\n\t\t<\/div>\r\n\t<\/div>[\/vc_column][\/vc_row][vc_row][vc_column]\r\n\t<div class=\"wprt-spacer clearfix\" data-desktop=\"80\" data-mobi=\"40\" data-smobi=\"40\"><\/div><div class=\"wprt-content-box clearfix \" data-padding=\"\" data-mobipadding=\"\" data-margin=\"\" data-mobimargin=\"\">\r\n\t\t<div class=\"inner \" style=\"\">\r\n\t\t\t<p>[vc_row_inner][vc_column_inner width=&#8221;9\/12&#8243;]<div class=\"wprt-headings clearfix \" data-font=16 style=\"\"><h2 class=\"heading clearfix\" style=\"font-size:16px;\">\r\n\t\tFORMULARZ KONTAKTOWY\r\n\t<\/h2><\/div><div class=\"wprt-divider divider-center divider-solid\" style=\"border-top-color:#e0e0e0;margin-top:10px;\"><\/div><div class=\"clearfix\"><\/div>\r\n\t<div class=\"wprt-spacer clearfix\" data-desktop=\"30\" data-mobi=\"20\" data-smobi=\"20\"><\/div><div class=\"wprt-headings clearfix \"  style=\"\"><p class=\"sub-heading clearfix\" style=\"font-style:normal;color:#999999;font-size:18px;\">\r\n\t\tZwykle odpowiadamy w ci\u0105gu 24 godzin w dni robocze.\r\n\t<\/p><\/div>\r\n\t<div class=\"wprt-spacer clearfix\" data-desktop=\"30\" data-mobi=\"20\" data-smobi=\"20\"><\/div>\n<div class=\"wpcf7 no-js\" id=\"wpcf7-f9003-o1\" lang=\"pl-PL\" dir=\"ltr\">\n<div class=\"screen-reader-response\"><p role=\"status\" aria-live=\"polite\" aria-atomic=\"true\"><\/p> <ul><\/ul><\/div>\n<form action=\"\/pl\/wp-json\/wp\/v2\/pages\/7267#wpcf7-f9003-o1\" method=\"post\" class=\"wpcf7-form init\" aria-label=\"Formularz kontaktowy\" novalidate=\"novalidate\" data-status=\"init\">\n<div style=\"display: none;\">\n<input type=\"hidden\" name=\"_wpcf7\" value=\"9003\" \/>\n<input type=\"hidden\" name=\"_wpcf7_version\" value=\"5.9.8\" \/>\n<input type=\"hidden\" name=\"_wpcf7_locale\" value=\"pl_PL\" \/>\n<input type=\"hidden\" name=\"_wpcf7_unit_tag\" value=\"wpcf7-f9003-o1\" \/>\n<input type=\"hidden\" name=\"_wpcf7_container_post\" value=\"0\" \/>\n<input type=\"hidden\" name=\"_wpcf7_posted_data_hash\" value=\"\" \/>\n<input type=\"hidden\" name=\"_wpcf7_recaptcha_response\" value=\"\" \/>\n<\/div>\n<div class=\"wprt-contact-form-3 input-bottom-20 message-height-150\">\n\t<p><span class=\"wpcf7-form-control-wrap\" data-name=\"your-name\"><input size=\"40\" maxlength=\"400\" class=\"wpcf7-form-control wpcf7-text wpcf7-validates-as-required\" aria-required=\"true\" aria-invalid=\"false\" placeholder=\"Name\" value=\"\" type=\"text\" name=\"your-name\" \/><\/span><span class=\"wpcf7-form-control-wrap\" data-name=\"your-email\"><input size=\"40\" maxlength=\"400\" class=\"wpcf7-form-control wpcf7-email wpcf7-validates-as-required wpcf7-text wpcf7-validates-as-email\" aria-required=\"true\" aria-invalid=\"false\" placeholder=\"Email\" value=\"\" type=\"email\" name=\"your-email\" \/><\/span><span class=\"wpcf7-form-control-wrap\" data-name=\"your-subject\"><input size=\"40\" maxlength=\"400\" class=\"wpcf7-form-control wpcf7-text wpcf7-validates-as-required\" aria-required=\"true\" aria-invalid=\"false\" placeholder=\"Subject\" value=\"\" type=\"text\" name=\"your-subject\" \/><\/span><span class=\"wpcf7-form-control-wrap\" data-name=\"your-message\"><textarea cols=\"40\" rows=\"10\" maxlength=\"2000\" class=\"wpcf7-form-control wpcf7-textarea\" aria-invalid=\"false\" placeholder=\"Message\" name=\"your-message\"><\/textarea><\/span><br \/>\n<label><span class=\"wpcf7-form-control-wrap\" data-name=\"acceptance-512\"><span class=\"wpcf7-form-control wpcf7-acceptance\"><span class=\"wpcf7-list-item\"><input type=\"checkbox\" name=\"acceptance-512\" value=\"1\" aria-invalid=\"false\" \/><\/span><\/span><\/span> I have read and accept the terms and conditions of <a href=\"\/privacy-policy\" target=\"_blank\">Privacy Policy.<\/a> <\/label>\n\t<\/p>\n\t<div class=\"wrap-submit\">\n\t\t<p><input class=\"wpcf7-form-control wpcf7-submit has-spinner\" type=\"submit\" value=\"SUBMIT CONTENT\" \/>\n\t\t<\/p>\n\t<\/div>\n<\/div><div class=\"wpcf7-response-output\" aria-hidden=\"true\"><\/div>\n<\/form>\n<\/div>\n\r\n\t<div class=\"wprt-spacer clearfix\" data-desktop=\"0\" data-mobi=\"50\" data-smobi=\"50\"><\/div>[\/vc_column_inner][\/vc_row_inner]<\/p>\n\r\n\t\t<\/div>\r\n\t<\/div>[\/vc_column][\/vc_row][vc_row full_width=&#8221;stretch_row_content_no_spaces&#8221;][vc_column]\r\n\t<div class=\"wprt-spacer clearfix\" data-desktop=\"30\" data-mobi=\"15\" data-smobi=\"15\"><\/div>[vc_gmaps link=&#8221;#E-8_JTNDaWZyYW1lJTIwc3JjJTNEJTIyaHR0cHMlM0ElMkYlMkZ3d3cuZ29vZ2xlLmNvbSUyRm1hcHMlMkZlbWJlZCUzRnBiJTNEJTIxMW0xOCUyMTFtMTIlMjExbTMlMjExZDE0MTg0My41MDUwMjA5ODE3NCUyMTJkMTQuMzYzODQyMTg5ODMyODM2JTIxM2Q1MC4wNzQ3OTU2OTE1ODQ1OSUyMTJtMyUyMTFmMCUyMTJmMCUyMTNmMCUyMTNtMiUyMTFpMTAyNCUyMTJpNzY4JTIxNGYxMy4xJTIxM20zJTIxMW0yJTIxMXMweDQ3MGJiZmQ3ZDdhMjk3ZGIlMjUzQTB4YmU3NGJmMWI1OGJlY2ZiYSUyMTJ6VUd6RG9XNXB4STFyYjNaaElEUTBNaXdnTVRZeUlEQXdJRkJ5WVdoaElEWXRWbVZzWlhOc1lYYkRyVzRzSU5DbjBMWFJoZEM0MFk4JTIxNWUwJTIxM20yJTIxMXNydSUyMTJzcnUlMjE0djE2MDE1NDc5NjAyNjglMjE1bTIlMjExc3J1JTIxMnNydSUyMiUyMHdpZHRoJTNEJTIyODAwJTIyJTIwaGVpZ2h0JTNEJTIyNjAwJTIyJTIwZnJhbWVib3JkZXIlM0QlMjIwJTIyJTIwc3R5bGUlM0QlMjJib3JkZXIlM0EwJTNCJTIyJTIwYWxsb3dmdWxsc2NyZWVuJTNEJTIyJTIyJTIwYXJpYS1oaWRkZW4lM0QlMjJmYWxzZSUyMiUyMHRhYmluZGV4JTNEJTIyMCUyMiUzRSUzQyUyRmlmcmFtZSUzRQ==&#8221;][\/vc_column][\/vc_row]<\/p>\n","protected":false},"excerpt":{"rendered":"<p>[vc_row][vc_column parallax=&#8221;content-moving&#8221; width=&#8221;1\/2&#8243;][vc_column_text]ADGT systems s.r.o. ID firmy: 097 52 463 NIP: CZ09752463[\/vc_column_text][vc_column_text]Planichkova, 442\/3, 16200, Praga 6, Praga, CZ[\/vc_column_text][vc_column_text]+420 234 076 670 info@adgt.cz[\/vc_column_text][vc_column_text]Czas otwarcia: Od poniedzia\u0142ku do pi\u0105tku: 08:00 &#8211; 16:00[\/vc_column_text][vc_column_text]Skontaktuj si\u0119 z nami w przypadku jakichkolwiek pyta\u0144, a my postaramy si\u0119 odpowiedzie\u0107 tak szybko, jak to mo\u017cliwe![\/vc_column_text][\/vc_column][vc_column width=&#8221;1\/2&#8243;][\/vc_column][\/vc_row][vc_row][vc_column][\/vc_column][\/vc_row][vc_row full_width=&#8221;stretch_row_content_no_spaces&#8221;][vc_column][vc_gmaps link=&#8221;#E-8_JTNDaWZyYW1lJTIwc3JjJTNEJTIyaHR0cHMlM0ElMkYlMkZ3d3cuZ29vZ2xlLmNvbSUyRm1hcHMlMkZlbWJlZCUzRnBiJTNEJTIxMW0xOCUyMTFtMTIlMjExbTMlMjExZDE0MTg0My41MDUwMjA5ODE3NCUyMTJkMTQuMzYzODQyMTg5ODMyODM2JTIxM2Q1MC4wNzQ3OTU2OTE1ODQ1OSUyMTJtMyUyMTFmMCUyMTJmMCUyMTNmMCUyMTNtMiUyMTFpMTAyNCUyMTJpNzY4JTIxNGYxMy4xJTIxM20zJTIxMW0yJTIxMXMweDQ3MGJiZmQ3ZDdhMjk3ZGIlMjUzQTB4YmU3NGJmMWI1OGJlY2ZiYSUyMTJ6VUd6RG9XNXB4STFyYjNaaElEUTBNaXdnTVRZeUlEQXdJRkJ5WVdoaElEWXRWbVZzWlhOc1lYYkRyVzRzSU5DbjBMWFJoZEM0MFk4JTIxNWUwJTIxM20yJTIxMXNydSUyMTJzcnUlMjE0djE2MDE1NDc5NjAyNjglMjE1bTIlMjExc3J1JTIxMnNydSUyMiUyMHdpZHRoJTNEJTIyODAwJTIyJTIwaGVpZ2h0JTNEJTIyNjAwJTIyJTIwZnJhbWVib3JkZXIlM0QlMjIwJTIyJTIwc3R5bGUlM0QlMjJib3JkZXIlM0EwJTNCJTIyJTIwYWxsb3dmdWxsc2NyZWVuJTNEJTIyJTIyJTIwYXJpYS1oaWRkZW4lM0QlMjJmYWxzZSUyMiUyMHRhYmluZGV4JTNEJTIyMCUyMiUzRSUzQyUyRmlmcmFtZSUzRQ==&#8221;][\/vc_column][\/vc_row]<\/p>\n","protected":false},"author":1,"featured_media":0,"parent":0,"menu_order":0,"comment_status":"closed","ping_status":"closed","template":"","meta":{"footnotes":""},"class_list":["post-7267","page","type-page","status-publish","hentry"],"yoast_head":"<!-- This site is optimized with the Yoast SEO plugin v23.5 - https:\/\/yoast.com\/wordpress\/plugins\/seo\/ -->\n<title>\u0141\u0105czno\u015b\u0107 - ADGT<\/title>\n<meta name=\"robots\" content=\"index, follow, max-snippet:-1, max-image-preview:large, max-video-preview:-1\" \/>\n<link rel=\"canonical\" href=\"https:\/\/adgt.cz\/pl\/contacts\/\" \/>\n<meta property=\"og:locale\" content=\"pl_PL\" \/>\n<meta property=\"og:type\" content=\"article\" \/>\n<meta property=\"og:title\" content=\"\u0141\u0105czno\u015b\u0107 - ADGT\" \/>\n<meta property=\"og:description\" content=\"[vc_row][vc_column parallax=&#8221;content-moving&#8221; width=&#8221;1\/2&#8243;][vc_column_text]ADGT systems s.r.o. ID firmy: 097 52 463 NIP: CZ09752463[\/vc_column_text][vc_column_text]Planichkova, 442\/3, 16200, Praga 6, Praga, CZ[\/vc_column_text][vc_column_text]+420 234 076 670 info@adgt.cz[\/vc_column_text][vc_column_text]Czas otwarcia: Od poniedzia\u0142ku do pi\u0105tku: 08:00 &#8211; 16:00[\/vc_column_text][vc_column_text]Skontaktuj si\u0119 z nami w przypadku jakichkolwiek pyta\u0144, a my postaramy si\u0119 odpowiedzie\u0107 tak szybko, jak to mo\u017cliwe![\/vc_column_text][\/vc_column][vc_column width=&#8221;1\/2&#8243;][\/vc_column][\/vc_row][vc_row][vc_column][\/vc_column][\/vc_row][vc_row full_width=&#8221;stretch_row_content_no_spaces&#8221;][vc_column][vc_gmaps link=&#8221;#E-8_JTNDaWZyYW1lJTIwc3JjJTNEJTIyaHR0cHMlM0ElMkYlMkZ3d3cuZ29vZ2xlLmNvbSUyRm1hcHMlMkZlbWJlZCUzRnBiJTNEJTIxMW0xOCUyMTFtMTIlMjExbTMlMjExZDE0MTg0My41MDUwMjA5ODE3NCUyMTJkMTQuMzYzODQyMTg5ODMyODM2JTIxM2Q1MC4wNzQ3OTU2OTE1ODQ1OSUyMTJtMyUyMTFmMCUyMTJmMCUyMTNmMCUyMTNtMiUyMTFpMTAyNCUyMTJpNzY4JTIxNGYxMy4xJTIxM20zJTIxMW0yJTIxMXMweDQ3MGJiZmQ3ZDdhMjk3ZGIlMjUzQTB4YmU3NGJmMWI1OGJlY2ZiYSUyMTJ6VUd6RG9XNXB4STFyYjNaaElEUTBNaXdnTVRZeUlEQXdJRkJ5WVdoaElEWXRWbVZzWlhOc1lYYkRyVzRzSU5DbjBMWFJoZEM0MFk4JTIxNWUwJTIxM20yJTIxMXNydSUyMTJzcnUlMjE0djE2MDE1NDc5NjAyNjglMjE1bTIlMjExc3J1JTIxMnNydSUyMiUyMHdpZHRoJTNEJTIyODAwJTIyJTIwaGVpZ2h0JTNEJTIyNjAwJTIyJTIwZnJhbWVib3JkZXIlM0QlMjIwJTIyJTIwc3R5bGUlM0QlMjJib3JkZXIlM0EwJTNCJTIyJTIwYWxsb3dmdWxsc2NyZWVuJTNEJTIyJTIyJTIwYXJpYS1oaWRkZW4lM0QlMjJmYWxzZSUyMiUyMHRhYmluZGV4JTNEJTIyMCUyMiUzRSUzQyUyRmlmcmFtZSUzRQ==&#8221;][\/vc_column][\/vc_row]\" \/>\n<meta property=\"og:url\" content=\"https:\/\/adgt.cz\/pl\/contacts\/\" \/>\n<meta property=\"og:site_name\" content=\"ADGT\" \/>\n<meta property=\"article:modified_time\" content=\"2022-02-16T09:47:04+00:00\" \/>\n<meta name=\"twitter:card\" content=\"summary_large_image\" \/>\n<meta name=\"twitter:label1\" content=\"Szacowany czas czytania\" \/>\n\t<meta name=\"twitter:data1\" content=\"2 minuty\" \/>\n<script type=\"application\/ld+json\" class=\"yoast-schema-graph\">{\"@context\":\"https:\/\/schema.org\",\"@graph\":[{\"@type\":\"WebPage\",\"@id\":\"https:\/\/adgt.cz\/pl\/contacts\/\",\"url\":\"https:\/\/adgt.cz\/pl\/contacts\/\",\"name\":\"\u0141\u0105czno\u015b\u0107 - ADGT\",\"isPartOf\":{\"@id\":\"https:\/\/adgt.cz\/pl\/#website\"},\"datePublished\":\"2020-11-18T11:31:59+00:00\",\"dateModified\":\"2022-02-16T09:47:04+00:00\",\"breadcrumb\":{\"@id\":\"https:\/\/adgt.cz\/pl\/contacts\/#breadcrumb\"},\"inLanguage\":\"pl-PL\",\"potentialAction\":[{\"@type\":\"ReadAction\",\"target\":[\"https:\/\/adgt.cz\/pl\/contacts\/\"]}]},{\"@type\":\"BreadcrumbList\",\"@id\":\"https:\/\/adgt.cz\/pl\/contacts\/#breadcrumb\",\"itemListElement\":[{\"@type\":\"ListItem\",\"position\":1,\"name\":\"Home\",\"item\":\"https:\/\/adgt.cz\/pl\/\"},{\"@type\":\"ListItem\",\"position\":2,\"name\":\"\u0141\u0105czno\u015b\u0107\"}]},{\"@type\":\"WebSite\",\"@id\":\"https:\/\/adgt.cz\/pl\/#website\",\"url\":\"https:\/\/adgt.cz\/pl\/\",\"name\":\"ADGT\",\"description\":\"Just another WordPress site\",\"publisher\":{\"@id\":\"https:\/\/adgt.cz\/pl\/#organization\"},\"potentialAction\":[{\"@type\":\"SearchAction\",\"target\":{\"@type\":\"EntryPoint\",\"urlTemplate\":\"https:\/\/adgt.cz\/pl\/?s={search_term_string}\"},\"query-input\":{\"@type\":\"PropertyValueSpecification\",\"valueRequired\":true,\"valueName\":\"search_term_string\"}}],\"inLanguage\":\"pl-PL\"},{\"@type\":\"Organization\",\"@id\":\"https:\/\/adgt.cz\/pl\/#organization\",\"name\":\"ADGT\",\"url\":\"https:\/\/adgt.cz\/pl\/\",\"logo\":{\"@type\":\"ImageObject\",\"inLanguage\":\"pl-PL\",\"@id\":\"https:\/\/adgt.cz\/pl\/#\/schema\/logo\/image\/\",\"url\":\"https:\/\/adgt.cz\/wp-content\/uploads\/2020\/09\/ADGT_logo_Magenta.png\",\"contentUrl\":\"https:\/\/adgt.cz\/wp-content\/uploads\/2020\/09\/ADGT_logo_Magenta.png\",\"width\":798,\"height\":208,\"caption\":\"ADGT\"},\"image\":{\"@id\":\"https:\/\/adgt.cz\/pl\/#\/schema\/logo\/image\/\"}}]}<\/script>\n<!-- \/ Yoast SEO plugin. -->","yoast_head_json":{"title":"\u0141\u0105czno\u015b\u0107 - ADGT","robots":{"index":"index","follow":"follow","max-snippet":"max-snippet:-1","max-image-preview":"max-image-preview:large","max-video-preview":"max-video-preview:-1"},"canonical":"https:\/\/adgt.cz\/pl\/contacts\/","og_locale":"pl_PL","og_type":"article","og_title":"\u0141\u0105czno\u015b\u0107 - ADGT","og_description":"[vc_row][vc_column parallax=&#8221;content-moving&#8221; width=&#8221;1\/2&#8243;][vc_column_text]ADGT systems s.r.o. ID firmy: 097 52 463 NIP: CZ09752463[\/vc_column_text][vc_column_text]Planichkova, 442\/3, 16200, Praga 6, Praga, CZ[\/vc_column_text][vc_column_text]+420 234 076 670 info@adgt.cz[\/vc_column_text][vc_column_text]Czas otwarcia: Od poniedzia\u0142ku do pi\u0105tku: 08:00 &#8211; 16:00[\/vc_column_text][vc_column_text]Skontaktuj si\u0119 z nami w przypadku jakichkolwiek pyta\u0144, a my postaramy si\u0119 odpowiedzie\u0107 tak szybko, jak to mo\u017cliwe![\/vc_column_text][\/vc_column][vc_column width=&#8221;1\/2&#8243;][\/vc_column][\/vc_row][vc_row][vc_column][\/vc_column][\/vc_row][vc_row full_width=&#8221;stretch_row_content_no_spaces&#8221;][vc_column][vc_gmaps link=&#8221;#E-8_JTNDaWZyYW1lJTIwc3JjJTNEJTIyaHR0cHMlM0ElMkYlMkZ3d3cuZ29vZ2xlLmNvbSUyRm1hcHMlMkZlbWJlZCUzRnBiJTNEJTIxMW0xOCUyMTFtMTIlMjExbTMlMjExZDE0MTg0My41MDUwMjA5ODE3NCUyMTJkMTQuMzYzODQyMTg5ODMyODM2JTIxM2Q1MC4wNzQ3OTU2OTE1ODQ1OSUyMTJtMyUyMTFmMCUyMTJmMCUyMTNmMCUyMTNtMiUyMTFpMTAyNCUyMTJpNzY4JTIxNGYxMy4xJTIxM20zJTIxMW0yJTIxMXMweDQ3MGJiZmQ3ZDdhMjk3ZGIlMjUzQTB4YmU3NGJmMWI1OGJlY2ZiYSUyMTJ6VUd6RG9XNXB4STFyYjNaaElEUTBNaXdnTVRZeUlEQXdJRkJ5WVdoaElEWXRWbVZzWlhOc1lYYkRyVzRzSU5DbjBMWFJoZEM0MFk4JTIxNWUwJTIxM20yJTIxMXNydSUyMTJzcnUlMjE0djE2MDE1NDc5NjAyNjglMjE1bTIlMjExc3J1JTIxMnNydSUyMiUyMHdpZHRoJTNEJTIyODAwJTIyJTIwaGVpZ2h0JTNEJTIyNjAwJTIyJTIwZnJhbWVib3JkZXIlM0QlMjIwJTIyJTIwc3R5bGUlM0QlMjJib3JkZXIlM0EwJTNCJTIyJTIwYWxsb3dmdWxsc2NyZWVuJTNEJTIyJTIyJTIwYXJpYS1oaWRkZW4lM0QlMjJmYWxzZSUyMiUyMHRhYmluZGV4JTNEJTIyMCUyMiUzRSUzQyUyRmlmcmFtZSUzRQ==&#8221;][\/vc_column][\/vc_row]","og_url":"https:\/\/adgt.cz\/pl\/contacts\/","og_site_name":"ADGT","article_modified_time":"2022-02-16T09:47:04+00:00","twitter_card":"summary_large_image","twitter_misc":{"Szacowany czas czytania":"2 minuty"},"schema":{"@context":"https:\/\/schema.org","@graph":[{"@type":"WebPage","@id":"https:\/\/adgt.cz\/pl\/contacts\/","url":"https:\/\/adgt.cz\/pl\/contacts\/","name":"\u0141\u0105czno\u015b\u0107 - ADGT","isPartOf":{"@id":"https:\/\/adgt.cz\/pl\/#website"},"datePublished":"2020-11-18T11:31:59+00:00","dateModified":"2022-02-16T09:47:04+00:00","breadcrumb":{"@id":"https:\/\/adgt.cz\/pl\/contacts\/#breadcrumb"},"inLanguage":"pl-PL","potentialAction":[{"@type":"ReadAction","target":["https:\/\/adgt.cz\/pl\/contacts\/"]}]},{"@type":"BreadcrumbList","@id":"https:\/\/adgt.cz\/pl\/contacts\/#breadcrumb","itemListElement":[{"@type":"ListItem","position":1,"name":"Home","item":"https:\/\/adgt.cz\/pl\/"},{"@type":"ListItem","position":2,"name":"\u0141\u0105czno\u015b\u0107"}]},{"@type":"WebSite","@id":"https:\/\/adgt.cz\/pl\/#website","url":"https:\/\/adgt.cz\/pl\/","name":"ADGT","description":"Just another WordPress site","publisher":{"@id":"https:\/\/adgt.cz\/pl\/#organization"},"potentialAction":[{"@type":"SearchAction","target":{"@type":"EntryPoint","urlTemplate":"https:\/\/adgt.cz\/pl\/?s={search_term_string}"},"query-input":{"@type":"PropertyValueSpecification","valueRequired":true,"valueName":"search_term_string"}}],"inLanguage":"pl-PL"},{"@type":"Organization","@id":"https:\/\/adgt.cz\/pl\/#organization","name":"ADGT","url":"https:\/\/adgt.cz\/pl\/","logo":{"@type":"ImageObject","inLanguage":"pl-PL","@id":"https:\/\/adgt.cz\/pl\/#\/schema\/logo\/image\/","url":"https:\/\/adgt.cz\/wp-content\/uploads\/2020\/09\/ADGT_logo_Magenta.png","contentUrl":"https:\/\/adgt.cz\/wp-content\/uploads\/2020\/09\/ADGT_logo_Magenta.png","width":798,"height":208,"caption":"ADGT"},"image":{"@id":"https:\/\/adgt.cz\/pl\/#\/schema\/logo\/image\/"}}]}},"_links":{"self":[{"href":"https:\/\/adgt.cz\/pl\/wp-json\/wp\/v2\/pages\/7267"}],"collection":[{"href":"https:\/\/adgt.cz\/pl\/wp-json\/wp\/v2\/pages"}],"about":[{"href":"https:\/\/adgt.cz\/pl\/wp-json\/wp\/v2\/types\/page"}],"author":[{"embeddable":true,"href":"https:\/\/adgt.cz\/pl\/wp-json\/wp\/v2\/users\/1"}],"replies":[{"embeddable":true,"href":"https:\/\/adgt.cz\/pl\/wp-json\/wp\/v2\/comments?post=7267"}],"version-history":[{"count":7,"href":"https:\/\/adgt.cz\/pl\/wp-json\/wp\/v2\/pages\/7267\/revisions"}],"predecessor-version":[{"id":13773,"href":"https:\/\/adgt.cz\/pl\/wp-json\/wp\/v2\/pages\/7267\/revisions\/13773"}],"wp:attachment":[{"href":"https:\/\/adgt.cz\/pl\/wp-json\/wp\/v2\/media?parent=7267"}],"curies":[{"name":"wp","href":"https:\/\/api.w.org\/{rel}","templated":true}]}}