{"id":7280,"date":"2020-11-18T11:53:25","date_gmt":"2020-11-18T11:53:25","guid":{"rendered":"https:\/\/adgt.cz\/?page_id=7280"},"modified":"2021-05-21T12:34:48","modified_gmt":"2021-05-21T12:34:48","slug":"about-us","status":"publish","type":"page","link":"https:\/\/adgt.cz\/it\/about-us\/","title":{"rendered":"Riguardo a noi"},"content":{"rendered":"<p>[vc_row][vc_column]\r\n\t<div class=\"wprt-spacer clearfix\" data-desktop=\"70\" data-mobi=\"50\" data-smobi=\"50\"><\/div><div class=\"wprt-headings clearfix text-center\"  style=\"\"><h2 class=\"heading clearfix\" style=\"font-weight:700;margin-bottom:3px;\">\r\n\t\tBENVENUTI AD ADGT\r\n\t<\/h2><div class=\"sep accent clearfix\" style=\"width:60px;height:3px;\"><\/div><p class=\"sub-heading clearfix\" style=\"font-style:normal;font-size:14px;line-height:28px;margin-top:11px;max-width:520px; margin-left: auto; margin-right: auto;font-family:Montserrat;\">\r\n\t\tSOLUZIONI WIRELESS INTELLIGENTI\r\n\t<\/p><\/div>\r\n\t<div class=\"wprt-spacer clearfix\" data-desktop=\"35\" data-mobi=\"35\" data-smobi=\"35\"><\/div>[vc_row_inner gap=&#8221;35&#8243;][vc_column_inner width=&#8221;1\/2&#8243;][vc_column_text]Alla ADGT sviluppiamo e produciamo soluzioni e sistemi wireless per la raccolta, l&#8217;elaborazione e la trasmissione di dati a distanza su reti mobili. Inoltre, produciamo software speciali che rendono i nostri prodotti adattabili e flessibili gli strumenti per le richieste dei nostri clienti.<\/p>\n<p>ADGT fornisce un ciclo di produzione completo: dallo sviluppo del progetto al rilascio del prodotto finito. Tutte le nostre attrezzature sono sviluppate sulla base di componenti di alta qualit\u00e0 certificati da produttori leader a livello mondiale. Il servizio di controllo qualit\u00e0 garantisce la durata e l&#8217;affidabilit\u00e0 dei nostri dispositivi.[\/vc_column_text][\/vc_column_inner][vc_column_inner width=&#8221;1\/2&#8243;][vc_single_image image=&#8221;5746&#8243; alignment=&#8221;center&#8221;][\/vc_column_inner][\/vc_row_inner]\r\n\t<div class=\"wprt-spacer clearfix\" data-desktop=\"30\" data-mobi=\"20\" data-smobi=\"20\"><\/div>[\/vc_column][\/vc_row][vc_row][vc_column width=&#8221;1\/2&#8243;]<div class=\"wprt-content-box clearfix \" data-padding=\"\" data-mobipadding=\"\" data-margin=\"10% 20%\" data-mobimargin=\"8%\">\r\n\t\t<div class=\"inner \" style=\"\">\r\n\t\t\t<div class=\"wprt-headings clearfix \"  style=\"\"><h2 class=\"heading clearfix\" style=\"font-weight:700;margin-bottom:5px;\">\r\n\t\tNOI PRODUCIAMO\r\n\t<\/h2><div class=\"sep accent clearfix\" style=\"width:60px;height:5px;\"><\/div><\/div><div class=\"wprt-list clearfix icon-left icon-top\">\r\n\t\t<div style=\"padding:20px 0px 0px 0px;margin-bottom:3px;\">\r\n\t\t\t<span style=\"padding-left:35px;\"><span class=\"icon style-3\" style=\"\">\r\n\t\t\t<i class=\"fa fa-check\"><\/i>\r\n\t\t<\/span> <span style=\"font-size:17px;\">Modem intelligenti GSM\/3G\/NB-IoT<\/span><\/span>\r\n\t\t<\/div>\r\n\t<\/div><div class=\"wprt-list clearfix icon-left icon-top\">\r\n\t\t<div style=\"padding:0px 0px 0px 0px;margin-bottom:3px;\">\r\n\t\t\t<span style=\"padding-left:35px;\"><span class=\"icon style-3\" style=\"\">\r\n\t\t\t<i class=\"fa fa-check\"><\/i>\r\n\t\t<\/span> <span style=\"font-size:17px;\">Data Logger GPRS\/NB-IoT\/Cat M1<\/span><\/span>\r\n\t\t<\/div>\r\n\t<\/div><div class=\"wprt-list clearfix icon-left icon-top\">\r\n\t\t<div style=\"padding:0px 0px 0px 0px;margin-bottom:3px;\">\r\n\t\t\t<span style=\"padding-left:35px;\"><span class=\"icon style-3\" style=\"\">\r\n\t\t\t<i class=\"fa fa-check\"><\/i>\r\n\t\t<\/span> <span style=\"font-size:17px;\">Router 3G\/4G<\/span><\/span>\r\n\t\t<\/div>\r\n\t<\/div><div class=\"wprt-list clearfix icon-left icon-top\">\r\n\t\t<div style=\"padding:0px 0px 0px 0px;margin-bottom:3px;\">\r\n\t\t\t<span style=\"padding-left:35px;\"><span class=\"icon style-3\" style=\"\">\r\n\t\t\t<i class=\"fa fa-check\"><\/i>\r\n\t\t<\/span> <span style=\"font-size:17px;\">Convertitori<\/span><\/span>\r\n\t\t<\/div>\r\n\t<\/div><div class=\"wprt-list clearfix icon-left icon-top\">\r\n\t\t<div style=\"padding:0px 0px 0px 0px;margin-bottom:3px;\">\r\n\t\t\t<span style=\"padding-left:35px;\"><span class=\"icon style-3\" style=\"\">\r\n\t\t\t<i class=\"fa fa-check\"><\/i>\r\n\t\t<\/span> <span style=\"font-size:17px;\">Software<\/span><\/span>\r\n\t\t<\/div>\r\n\t<\/div><div class=\"wprt-list clearfix icon-left icon-top\">\r\n\t\t<div style=\"padding:0px 0px 0px 0px;margin-bottom:3px;\">\r\n\t\t\t<span style=\"padding-left:35px;\"><span class=\"icon style-3\" style=\"\">\r\n\t\t\t<i class=\"fa fa-check\"><\/i>\r\n\t\t<\/span> <span style=\"font-size:17px;\">Antenne di comunicazione e accessori<\/span><\/span>\r\n\t\t<\/div>\r\n\t<\/div>\r\n\t<div class=\"wprt-spacer clearfix\" data-desktop=\"30\" data-mobi=\"30\" data-smobi=\"30\"><\/div><div class=\"button-wrap icon-left has-icon\" style=\"\"><a href=\"http:\/\/adgt.cz\/it\/products\/\" target=\"_blank\" class=\"wprt-button big solid accent\" style=\"\">\r\n\t\t<span style=\"\">GUARDA I PRODOTTI <span class=\"icon\" style=\"\"><i class=\"fa fa-plus-circle\"><\/i><\/span><\/span>\r\n\t<\/a><\/div>\n\r\n\t\t<\/div>\r\n\t<\/div>[\/vc_column][vc_column width=&#8221;1\/2&#8243;]\r\n\t<div class=\"wprt-accordions style-2\"><div class=\"accordion-item  no-icon\" style=\"margin-bottom:10px;\"><\/div><div class=\"accordion-item  active no-icon\" style=\"margin-bottom:10px;\"><h3 class=\"accordion-heading\" style=\"\">\r\n\t\t\t<span class=\"inner\" style=\"\">\r\n\t\t\t\t\r\n\t\t\t\tPERCH\u00c9 SCEGLIERCI?\r\n\t\t\t<\/span>\r\n\t\t<\/h3><div class=\"accordion-content\" style=\"padding:22px 0px 20px 13px;\"><p>ADGT \u00e8 un team di specialisti tecnici estremamente entusiasti e altamente qualificati. Risalendo alla fine degli anni 2000, abbiamo iniziato come un piccolo gruppo di ingegneri, lavorando nel campo della progettazione e della produzione di dispositivi di comunicazione. Il nostro approccio adattivo e la comprensione degli interessi dei nostri clienti hanno aiutato l&#8217;azienda a prendere e mantenere il suo posto nel mercato digitale. In risposta alle mutevoli esigenze del tempo, \u00e8 stata creata anche un&#8217;unit\u00e0 IT specializzata per fornire ai nostri dispositivi un software adeguato e facilmente adattabile.<\/p>\n<p>Al giorno d&#8217;oggi \u00e8 difficile mantenere l&#8217;efficacia, se si perdono le tendenze attuali nel vostro business. Fin dalla nostra fondazione abbiamo molta esperienza, quindi ci permette di continuare lo sviluppo e la produzione di elettronica ed elettrodomestici per affrontare le sfide dell&#8217;efficienza energetica e del risparmio energetico, cos\u00ec come la creazione di dispositivi di misurazione intelligenti e di reti di sensori wireless.<\/p>\n<\/div><\/div><div class=\"accordion-item  no-icon\" style=\"margin-bottom:10px;\"><h3 class=\"accordion-heading\" style=\"\">\r\n\t\t\t<span class=\"inner\" style=\"\">\r\n\t\t\t\t\r\n\t\t\t\tFILOSOFIA\r\n\t\t\t<\/span>\r\n\t\t<\/h3><div class=\"accordion-content\" style=\"padding:22px 0px 20px 13px;\"><p>Il rispetto per i nostri clienti e l&#8217;attenzione alle loro esigenze sono alla base della nostra filosofia. Questo \u00e8 ci\u00f2 che abbiamo tenuto a mente per oltre 10 anni della nostra esperienza unica nella creazione e nell&#8217;espansione di attivit\u00e0 innovative nell&#8217;ambito dello sviluppo e della produzione di hardware e software.<\/p>\n<p>Le nostre priorit\u00e0 principali sono la creazione di apparecchiature versatili, affidabili ed economiche, nonch\u00e9 la progettazione di nuove soluzioni per la gestione delle risorse, il risparmio energetico e il miglioramento dell&#8217;efficienza energetica sia per l&#8217;utilizzo privato che industriale. Facciamo del nostro meglio per garantire l&#8217;alta qualit\u00e0 dei nostri prodotti e servizi, per ottenere il riconoscimento e la fedelt\u00e0 dei clienti.<\/p>\n<\/div><\/div>\n<\/div>\r\n\t<div class=\"wprt-spacer clearfix\" data-desktop=\"60\" data-mobi=\"20\" data-smobi=\"20\"><\/div>[\/vc_column][\/vc_row]<\/p>\n","protected":false},"excerpt":{"rendered":"<p>[vc_row][vc_column][vc_row_inner gap=&#8221;35&#8243;][vc_column_inner width=&#8221;1\/2&#8243;][vc_column_text]Alla ADGT sviluppiamo e produciamo soluzioni e sistemi wireless per la raccolta, l&#8217;elaborazione e la trasmissione di dati a distanza su reti mobili. Inoltre, produciamo software speciali che rendono i nostri prodotti adattabili e flessibili gli strumenti per le richieste dei nostri clienti. ADGT fornisce un ciclo di produzione completo: dallo sviluppo del progetto al rilascio del prodotto finito. Tutte le nostre attrezzature sono sviluppate sulla base di componenti di alta qualit\u00e0 certificati da produttori leader a livello mondiale. Il servizio di controllo qualit\u00e0 garantisce la durata e l&#8217;affidabilit\u00e0 dei nostri dispositivi.[\/vc_column_text][\/vc_column_inner][vc_column_inner width=&#8221;1\/2&#8243;][vc_single_image image=&#8221;5746&#8243; alignment=&#8221;center&#8221;][\/vc_column_inner][\/vc_row_inner][\/vc_column][\/vc_row][vc_row][vc_column width=&#8221;1\/2&#8243;][\/vc_column][vc_column width=&#8221;1\/2&#8243;][\/vc_column][\/vc_row]<\/p>\n","protected":false},"author":1,"featured_media":0,"parent":0,"menu_order":0,"comment_status":"closed","ping_status":"closed","template":"","meta":{"footnotes":""},"class_list":["post-7280","page","type-page","status-publish","hentry"],"yoast_head":"<!-- This site is optimized with the Yoast SEO plugin v23.5 - https:\/\/yoast.com\/wordpress\/plugins\/seo\/ -->\n<title>Riguardo a noi - ADGT<\/title>\n<meta name=\"robots\" content=\"index, follow, max-snippet:-1, max-image-preview:large, max-video-preview:-1\" \/>\n<link rel=\"canonical\" href=\"https:\/\/adgt.cz\/it\/about-us\/\" \/>\n<meta property=\"og:locale\" content=\"it_IT\" \/>\n<meta property=\"og:type\" content=\"article\" \/>\n<meta property=\"og:title\" content=\"Riguardo a noi - ADGT\" \/>\n<meta property=\"og:description\" content=\"[vc_row][vc_column][vc_row_inner gap=&#8221;35&#8243;][vc_column_inner width=&#8221;1\/2&#8243;][vc_column_text]Alla ADGT sviluppiamo e produciamo soluzioni e sistemi wireless per la raccolta, l&#8217;elaborazione e la trasmissione di dati a distanza su reti mobili. Inoltre, produciamo software speciali che rendono i nostri prodotti adattabili e flessibili gli strumenti per le richieste dei nostri clienti. ADGT fornisce un ciclo di produzione completo: dallo sviluppo del progetto al rilascio del prodotto finito. Tutte le nostre attrezzature sono sviluppate sulla base di componenti di alta qualit\u00e0 certificati da produttori leader a livello mondiale. Il servizio di controllo qualit\u00e0 garantisce la durata e l&#8217;affidabilit\u00e0 dei nostri dispositivi.[\/vc_column_text][\/vc_column_inner][vc_column_inner width=&#8221;1\/2&#8243;][vc_single_image image=&#8221;5746&#8243; alignment=&#8221;center&#8221;][\/vc_column_inner][\/vc_row_inner][\/vc_column][\/vc_row][vc_row][vc_column width=&#8221;1\/2&#8243;][\/vc_column][vc_column width=&#8221;1\/2&#8243;][\/vc_column][\/vc_row]\" \/>\n<meta property=\"og:url\" content=\"https:\/\/adgt.cz\/it\/about-us\/\" \/>\n<meta property=\"og:site_name\" content=\"ADGT\" \/>\n<meta property=\"article:modified_time\" content=\"2021-05-21T12:34:48+00:00\" \/>\n<meta name=\"twitter:card\" content=\"summary_large_image\" \/>\n<meta name=\"twitter:label1\" content=\"Tempo di lettura stimato\" \/>\n\t<meta name=\"twitter:data1\" content=\"4 minuti\" \/>\n<script type=\"application\/ld+json\" class=\"yoast-schema-graph\">{\"@context\":\"https:\/\/schema.org\",\"@graph\":[{\"@type\":\"WebPage\",\"@id\":\"https:\/\/adgt.cz\/it\/about-us\/\",\"url\":\"https:\/\/adgt.cz\/it\/about-us\/\",\"name\":\"Riguardo a noi - ADGT\",\"isPartOf\":{\"@id\":\"https:\/\/adgt.cz\/it\/#website\"},\"datePublished\":\"2020-11-18T11:53:25+00:00\",\"dateModified\":\"2021-05-21T12:34:48+00:00\",\"breadcrumb\":{\"@id\":\"https:\/\/adgt.cz\/it\/about-us\/#breadcrumb\"},\"inLanguage\":\"it-IT\",\"potentialAction\":[{\"@type\":\"ReadAction\",\"target\":[\"https:\/\/adgt.cz\/it\/about-us\/\"]}]},{\"@type\":\"BreadcrumbList\",\"@id\":\"https:\/\/adgt.cz\/it\/about-us\/#breadcrumb\",\"itemListElement\":[{\"@type\":\"ListItem\",\"position\":1,\"name\":\"Home\",\"item\":\"https:\/\/adgt.cz\/it\/\"},{\"@type\":\"ListItem\",\"position\":2,\"name\":\"Riguardo a noi\"}]},{\"@type\":\"WebSite\",\"@id\":\"https:\/\/adgt.cz\/it\/#website\",\"url\":\"https:\/\/adgt.cz\/it\/\",\"name\":\"ADGT\",\"description\":\"Just another WordPress site\",\"publisher\":{\"@id\":\"https:\/\/adgt.cz\/it\/#organization\"},\"potentialAction\":[{\"@type\":\"SearchAction\",\"target\":{\"@type\":\"EntryPoint\",\"urlTemplate\":\"https:\/\/adgt.cz\/it\/?s={search_term_string}\"},\"query-input\":{\"@type\":\"PropertyValueSpecification\",\"valueRequired\":true,\"valueName\":\"search_term_string\"}}],\"inLanguage\":\"it-IT\"},{\"@type\":\"Organization\",\"@id\":\"https:\/\/adgt.cz\/it\/#organization\",\"name\":\"ADGT\",\"url\":\"https:\/\/adgt.cz\/it\/\",\"logo\":{\"@type\":\"ImageObject\",\"inLanguage\":\"it-IT\",\"@id\":\"https:\/\/adgt.cz\/it\/#\/schema\/logo\/image\/\",\"url\":\"https:\/\/adgt.cz\/wp-content\/uploads\/2020\/09\/ADGT_logo_Magenta.png\",\"contentUrl\":\"https:\/\/adgt.cz\/wp-content\/uploads\/2020\/09\/ADGT_logo_Magenta.png\",\"width\":798,\"height\":208,\"caption\":\"ADGT\"},\"image\":{\"@id\":\"https:\/\/adgt.cz\/it\/#\/schema\/logo\/image\/\"}}]}<\/script>\n<!-- \/ Yoast SEO plugin. -->","yoast_head_json":{"title":"Riguardo a noi - ADGT","robots":{"index":"index","follow":"follow","max-snippet":"max-snippet:-1","max-image-preview":"max-image-preview:large","max-video-preview":"max-video-preview:-1"},"canonical":"https:\/\/adgt.cz\/it\/about-us\/","og_locale":"it_IT","og_type":"article","og_title":"Riguardo a noi - ADGT","og_description":"[vc_row][vc_column][vc_row_inner gap=&#8221;35&#8243;][vc_column_inner width=&#8221;1\/2&#8243;][vc_column_text]Alla ADGT sviluppiamo e produciamo soluzioni e sistemi wireless per la raccolta, l&#8217;elaborazione e la trasmissione di dati a distanza su reti mobili. Inoltre, produciamo software speciali che rendono i nostri prodotti adattabili e flessibili gli strumenti per le richieste dei nostri clienti. ADGT fornisce un ciclo di produzione completo: dallo sviluppo del progetto al rilascio del prodotto finito. Tutte le nostre attrezzature sono sviluppate sulla base di componenti di alta qualit\u00e0 certificati da produttori leader a livello mondiale. Il servizio di controllo qualit\u00e0 garantisce la durata e l&#8217;affidabilit\u00e0 dei nostri dispositivi.[\/vc_column_text][\/vc_column_inner][vc_column_inner width=&#8221;1\/2&#8243;][vc_single_image image=&#8221;5746&#8243; alignment=&#8221;center&#8221;][\/vc_column_inner][\/vc_row_inner][\/vc_column][\/vc_row][vc_row][vc_column width=&#8221;1\/2&#8243;][\/vc_column][vc_column width=&#8221;1\/2&#8243;][\/vc_column][\/vc_row]","og_url":"https:\/\/adgt.cz\/it\/about-us\/","og_site_name":"ADGT","article_modified_time":"2021-05-21T12:34:48+00:00","twitter_card":"summary_large_image","twitter_misc":{"Tempo di lettura stimato":"4 minuti"},"schema":{"@context":"https:\/\/schema.org","@graph":[{"@type":"WebPage","@id":"https:\/\/adgt.cz\/it\/about-us\/","url":"https:\/\/adgt.cz\/it\/about-us\/","name":"Riguardo a noi - ADGT","isPartOf":{"@id":"https:\/\/adgt.cz\/it\/#website"},"datePublished":"2020-11-18T11:53:25+00:00","dateModified":"2021-05-21T12:34:48+00:00","breadcrumb":{"@id":"https:\/\/adgt.cz\/it\/about-us\/#breadcrumb"},"inLanguage":"it-IT","potentialAction":[{"@type":"ReadAction","target":["https:\/\/adgt.cz\/it\/about-us\/"]}]},{"@type":"BreadcrumbList","@id":"https:\/\/adgt.cz\/it\/about-us\/#breadcrumb","itemListElement":[{"@type":"ListItem","position":1,"name":"Home","item":"https:\/\/adgt.cz\/it\/"},{"@type":"ListItem","position":2,"name":"Riguardo a noi"}]},{"@type":"WebSite","@id":"https:\/\/adgt.cz\/it\/#website","url":"https:\/\/adgt.cz\/it\/","name":"ADGT","description":"Just another WordPress site","publisher":{"@id":"https:\/\/adgt.cz\/it\/#organization"},"potentialAction":[{"@type":"SearchAction","target":{"@type":"EntryPoint","urlTemplate":"https:\/\/adgt.cz\/it\/?s={search_term_string}"},"query-input":{"@type":"PropertyValueSpecification","valueRequired":true,"valueName":"search_term_string"}}],"inLanguage":"it-IT"},{"@type":"Organization","@id":"https:\/\/adgt.cz\/it\/#organization","name":"ADGT","url":"https:\/\/adgt.cz\/it\/","logo":{"@type":"ImageObject","inLanguage":"it-IT","@id":"https:\/\/adgt.cz\/it\/#\/schema\/logo\/image\/","url":"https:\/\/adgt.cz\/wp-content\/uploads\/2020\/09\/ADGT_logo_Magenta.png","contentUrl":"https:\/\/adgt.cz\/wp-content\/uploads\/2020\/09\/ADGT_logo_Magenta.png","width":798,"height":208,"caption":"ADGT"},"image":{"@id":"https:\/\/adgt.cz\/it\/#\/schema\/logo\/image\/"}}]}},"_links":{"self":[{"href":"https:\/\/adgt.cz\/it\/wp-json\/wp\/v2\/pages\/7280"}],"collection":[{"href":"https:\/\/adgt.cz\/it\/wp-json\/wp\/v2\/pages"}],"about":[{"href":"https:\/\/adgt.cz\/it\/wp-json\/wp\/v2\/types\/page"}],"author":[{"embeddable":true,"href":"https:\/\/adgt.cz\/it\/wp-json\/wp\/v2\/users\/1"}],"replies":[{"embeddable":true,"href":"https:\/\/adgt.cz\/it\/wp-json\/wp\/v2\/comments?post=7280"}],"version-history":[{"count":2,"href":"https:\/\/adgt.cz\/it\/wp-json\/wp\/v2\/pages\/7280\/revisions"}],"predecessor-version":[{"id":11890,"href":"https:\/\/adgt.cz\/it\/wp-json\/wp\/v2\/pages\/7280\/revisions\/11890"}],"wp:attachment":[{"href":"https:\/\/adgt.cz\/it\/wp-json\/wp\/v2\/media?parent=7280"}],"curies":[{"name":"wp","href":"https:\/\/api.w.org\/{rel}","templated":true}]}}