{"id":7594,"date":"2020-09-28T11:06:14","date_gmt":"2020-11-26T08:42:16","guid":{"rendered":"https:\/\/adgt.cz\/?post_type=product&#038;p=7594"},"modified":"2021-12-22T09:59:30","modified_gmt":"2021-12-22T09:59:30","slug":"gtr40","status":"publish","type":"product","link":"https:\/\/adgt.cz\/fr\/products\/routers\/4g-routers\/gtr40\/","title":{"rendered":"GTR40"},"content":{"rendered":"<p>Routeur industriel 4G\/LTE. \u00c9quip\u00e9 de deux ports Ethernet 10\/100, de deux emplacements SIM, de quatre lignes d&#8217;E\/S, de ports s\u00e9rie RS-232 et RS-485 et du syst\u00e8me d&#8217;exploitation OpenWrt.<br \/>\nRouteur con\u00e7u pour des applications industrielles, M2M\/IoT et commerciales, notamment dans le domaine des transports, de l&#8217;\u00e9nergie, des r\u00e9seaux intelligents, de la distribution automatique de billets, etc. Fournit un acc\u00e8s sans fil robuste et \u00e0 haut d\u00e9bit \u00e0 l&#8217;internet sur le r\u00e9seau LTE (4G).<br \/>\nLe syst\u00e8me d&#8217;exploitation OpenWrt bas\u00e9 sur Linux permet de cr\u00e9er des r\u00e9seaux VPN s\u00e9curis\u00e9s et d&#8217;installer des logiciels personnalis\u00e9s et peut donc servir de contr\u00f4leur de syst\u00e8me de contr\u00f4le automatis\u00e9.<\/p>\n<p>\u2014 Modem LTE 4G d&#8217;une vitesse allant jusqu&#8217;\u00e0 150Mbps<br \/>\n\u2014 2 x 10\/100Base-TX interfaces Ethernet<br \/>\n\u2014 Ports s\u00e9rie RS-232, RS-485<br \/>\n\u2014 2 x fentes pour cartes SIM<br \/>\n\u2014 1 x USB A (H\u00f4te\/P\u00e9riph\u00e9rique)<br \/>\n\u2014 1 x fente pour carte m\u00e9moire microSD<br \/>\n\u2014 4 x lignes d&#8217;E\/S supportant plusieurs modes de fonctionnement<br \/>\n\u2014 Services de r\u00e9seau: OpenVPN, PPTP, GRE, IPSec, NAT, Firewall, IPv6, DHCP (Server\/Client), TinyProxy, NTP, FTP, gestionnaire SIM, etc.<br \/>\n\u2014 Modbus-TCP &#8211; Conversion Modbus RTU\/ASCII<br \/>\n\u2014 le syst\u00e8me d&#8217;exploitation OpenWrt\u00ae \u00e0 code source ouvert, qui offre un large \u00e9ventail de possibilit\u00e9s pour cr\u00e9er des r\u00e9seaux VPN s\u00e9curis\u00e9s<br \/>\n\u2014 Horloge en temps r\u00e9el compens\u00e9e en temp\u00e9rature (RTC) offrant une grande pr\u00e9cision de chronom\u00e9trage<br \/>\n\u2014 Tensions d&#8217;alimentation: 10-50 VDC<\/p>\n<p><iframe loading=\"lazy\" style=\"width: 50%; height: 50%;\" src=\"https:\/\/www.youtube.com\/embed\/9FxU3Dc43iU\" width=\"360\" height=\"200\" frameborder=\"0\" allowfullscreen=\"allowfullscreen\"><\/iframe><\/p>\n","protected":false},"excerpt":{"rendered":"<p>Routeur industriel 4G\/LTE. \u00c9quip\u00e9 de deux ports Ethernet 10\/100, de deux emplacements SIM, de quatre lignes d&#8217;E\/S, de ports s\u00e9rie RS-232 et RS-485 et du syst\u00e8me d&#8217;exploitation OpenWrt.<br \/>\nRouteur con\u00e7u pour des applications industrielles, M2M\/IoT et commerciales, notamment dans le domaine des transports, de l&#8217;\u00e9nergie, des r\u00e9seaux intelligents, de la distribution automatique de billets, etc. Fournit un acc\u00e8s sans fil robuste et \u00e0 haut d\u00e9bit \u00e0 l&#8217;internet sur le r\u00e9seau LTE (4G).<br \/>\nLe syst\u00e8me d&#8217;exploitation OpenWrt bas\u00e9 sur Linux permet de cr\u00e9er des r\u00e9seaux VPN s\u00e9curis\u00e9s et d&#8217;installer des logiciels personnalis\u00e9s et peut donc servir de contr\u00f4leur de syst\u00e8me de contr\u00f4le automatis\u00e9.<\/p>\n","protected":false},"featured_media":5107,"comment_status":"closed","ping_status":"closed","template":"","meta":[],"product_cat":[238,239],"product_tag":[298],"class_list":{"0":"post-7594","1":"product","2":"type-product","3":"status-publish","4":"has-post-thumbnail","6":"product_cat-routers","7":"product_cat-4g-routers","8":"product_tag-lte-4g","10":"first","11":"outofstock","12":"featured","13":"shipping-taxable","14":"purchasable","15":"product-type-simple"},"yoast_head":"<!-- This site is optimized with the Yoast SEO plugin v23.5 - https:\/\/yoast.com\/wordpress\/plugins\/seo\/ -->\n<title>GTR40 - ADGT<\/title>\n<meta name=\"robots\" content=\"index, follow, max-snippet:-1, max-image-preview:large, max-video-preview:-1\" \/>\n<link rel=\"canonical\" href=\"https:\/\/adgt.cz\/fr\/products\/routers\/4g-routers\/gtr40\/\" \/>\n<meta property=\"og:locale\" content=\"fr_FR\" \/>\n<meta property=\"og:type\" content=\"article\" \/>\n<meta property=\"og:title\" content=\"GTR40 - ADGT\" \/>\n<meta property=\"og:description\" content=\"Routeur industriel 4G\/LTE. \u00c9quip\u00e9 de deux ports Ethernet 10\/100, de deux emplacements SIM, de quatre lignes d&#039;E\/S, de ports s\u00e9rie RS-232 et RS-485 et du syst\u00e8me d&#039;exploitation OpenWrt. Routeur con\u00e7u pour des applications industrielles, M2M\/IoT et commerciales, notamment dans le domaine des transports, de l&#039;\u00e9nergie, des r\u00e9seaux intelligents, de la distribution automatique de billets, etc. Fournit un acc\u00e8s sans fil robuste et \u00e0 haut d\u00e9bit \u00e0 l&#039;internet sur le r\u00e9seau LTE (4G). Le syst\u00e8me d&#039;exploitation OpenWrt bas\u00e9 sur Linux permet de cr\u00e9er des r\u00e9seaux VPN s\u00e9curis\u00e9s et d&#039;installer des logiciels personnalis\u00e9s et peut donc servir de contr\u00f4leur de syst\u00e8me de contr\u00f4le automatis\u00e9.\" \/>\n<meta property=\"og:url\" content=\"https:\/\/adgt.cz\/fr\/products\/routers\/4g-routers\/gtr40\/\" \/>\n<meta property=\"og:site_name\" content=\"ADGT\" \/>\n<meta property=\"article:modified_time\" content=\"2021-12-22T09:59:30+00:00\" \/>\n<meta property=\"og:image\" content=\"https:\/\/adgt.cz\/wp-content\/uploads\/2020\/09\/gtr40_v2_1.jpg\" \/>\n\t<meta property=\"og:image:width\" content=\"1024\" \/>\n\t<meta property=\"og:image:height\" content=\"1024\" \/>\n\t<meta property=\"og:image:type\" content=\"image\/jpeg\" \/>\n<meta name=\"twitter:card\" content=\"summary_large_image\" \/>\n<meta name=\"twitter:label1\" content=\"Dur\u00e9e de lecture estim\u00e9e\" \/>\n\t<meta name=\"twitter:data1\" content=\"1 minute\" \/>\n<script type=\"application\/ld+json\" class=\"yoast-schema-graph\">{\"@context\":\"https:\/\/schema.org\",\"@graph\":[{\"@type\":\"WebPage\",\"@id\":\"https:\/\/adgt.cz\/fr\/products\/routers\/4g-routers\/gtr40\/\",\"url\":\"https:\/\/adgt.cz\/fr\/products\/routers\/4g-routers\/gtr40\/\",\"name\":\"GTR40 - ADGT\",\"isPartOf\":{\"@id\":\"https:\/\/adgt.cz\/fr\/#website\"},\"primaryImageOfPage\":{\"@id\":\"https:\/\/adgt.cz\/fr\/products\/routers\/4g-routers\/gtr40\/#primaryimage\"},\"image\":{\"@id\":\"https:\/\/adgt.cz\/fr\/products\/routers\/4g-routers\/gtr40\/#primaryimage\"},\"thumbnailUrl\":\"https:\/\/adgt.cz\/wp-content\/uploads\/2020\/09\/gtr40_v2_1.jpg\",\"datePublished\":\"2020-11-26T08:42:16+00:00\",\"dateModified\":\"2021-12-22T09:59:30+00:00\",\"breadcrumb\":{\"@id\":\"https:\/\/adgt.cz\/fr\/products\/routers\/4g-routers\/gtr40\/#breadcrumb\"},\"inLanguage\":\"fr-FR\",\"potentialAction\":[{\"@type\":\"ReadAction\",\"target\":[\"https:\/\/adgt.cz\/fr\/products\/routers\/4g-routers\/gtr40\/\"]}]},{\"@type\":\"ImageObject\",\"inLanguage\":\"fr-FR\",\"@id\":\"https:\/\/adgt.cz\/fr\/products\/routers\/4g-routers\/gtr40\/#primaryimage\",\"url\":\"https:\/\/adgt.cz\/wp-content\/uploads\/2020\/09\/gtr40_v2_1.jpg\",\"contentUrl\":\"https:\/\/adgt.cz\/wp-content\/uploads\/2020\/09\/gtr40_v2_1.jpg\",\"width\":1024,\"height\":1024},{\"@type\":\"BreadcrumbList\",\"@id\":\"https:\/\/adgt.cz\/fr\/products\/routers\/4g-routers\/gtr40\/#breadcrumb\",\"itemListElement\":[{\"@type\":\"ListItem\",\"position\":1,\"name\":\"Home\",\"item\":\"https:\/\/adgt.cz\/fr\/\"},{\"@type\":\"ListItem\",\"position\":2,\"name\":\"Produits\",\"item\":\"https:\/\/adgt.cz\/fr\/products\/\"},{\"@type\":\"ListItem\",\"position\":3,\"name\":\"Routeurs\",\"item\":\"https:\/\/adgt.cz\/fr\/product-category\/routers\/\"},{\"@type\":\"ListItem\",\"position\":4,\"name\":\"Routeurs 4G\",\"item\":\"https:\/\/adgt.cz\/fr\/product-category\/routers\/4g-routers\/\"},{\"@type\":\"ListItem\",\"position\":5,\"name\":\"GTR40\"}]},{\"@type\":\"WebSite\",\"@id\":\"https:\/\/adgt.cz\/fr\/#website\",\"url\":\"https:\/\/adgt.cz\/fr\/\",\"name\":\"ADGT\",\"description\":\"Just another WordPress site\",\"publisher\":{\"@id\":\"https:\/\/adgt.cz\/fr\/#organization\"},\"potentialAction\":[{\"@type\":\"SearchAction\",\"target\":{\"@type\":\"EntryPoint\",\"urlTemplate\":\"https:\/\/adgt.cz\/fr\/?s={search_term_string}\"},\"query-input\":{\"@type\":\"PropertyValueSpecification\",\"valueRequired\":true,\"valueName\":\"search_term_string\"}}],\"inLanguage\":\"fr-FR\"},{\"@type\":\"Organization\",\"@id\":\"https:\/\/adgt.cz\/fr\/#organization\",\"name\":\"ADGT\",\"url\":\"https:\/\/adgt.cz\/fr\/\",\"logo\":{\"@type\":\"ImageObject\",\"inLanguage\":\"fr-FR\",\"@id\":\"https:\/\/adgt.cz\/fr\/#\/schema\/logo\/image\/\",\"url\":\"https:\/\/adgt.cz\/wp-content\/uploads\/2020\/09\/ADGT_logo_Magenta.png\",\"contentUrl\":\"https:\/\/adgt.cz\/wp-content\/uploads\/2020\/09\/ADGT_logo_Magenta.png\",\"width\":798,\"height\":208,\"caption\":\"ADGT\"},\"image\":{\"@id\":\"https:\/\/adgt.cz\/fr\/#\/schema\/logo\/image\/\"}}]}<\/script>\n<!-- \/ Yoast SEO plugin. -->","yoast_head_json":{"title":"GTR40 - ADGT","robots":{"index":"index","follow":"follow","max-snippet":"max-snippet:-1","max-image-preview":"max-image-preview:large","max-video-preview":"max-video-preview:-1"},"canonical":"https:\/\/adgt.cz\/fr\/products\/routers\/4g-routers\/gtr40\/","og_locale":"fr_FR","og_type":"article","og_title":"GTR40 - ADGT","og_description":"Routeur industriel 4G\/LTE. \u00c9quip\u00e9 de deux ports Ethernet 10\/100, de deux emplacements SIM, de quatre lignes d'E\/S, de ports s\u00e9rie RS-232 et RS-485 et du syst\u00e8me d'exploitation OpenWrt. Routeur con\u00e7u pour des applications industrielles, M2M\/IoT et commerciales, notamment dans le domaine des transports, de l'\u00e9nergie, des r\u00e9seaux intelligents, de la distribution automatique de billets, etc. Fournit un acc\u00e8s sans fil robuste et \u00e0 haut d\u00e9bit \u00e0 l'internet sur le r\u00e9seau LTE (4G). Le syst\u00e8me d'exploitation OpenWrt bas\u00e9 sur Linux permet de cr\u00e9er des r\u00e9seaux VPN s\u00e9curis\u00e9s et d'installer des logiciels personnalis\u00e9s et peut donc servir de contr\u00f4leur de syst\u00e8me de contr\u00f4le automatis\u00e9.","og_url":"https:\/\/adgt.cz\/fr\/products\/routers\/4g-routers\/gtr40\/","og_site_name":"ADGT","article_modified_time":"2021-12-22T09:59:30+00:00","og_image":[{"width":1024,"height":1024,"url":"https:\/\/adgt.cz\/wp-content\/uploads\/2020\/09\/gtr40_v2_1.jpg","type":"image\/jpeg"}],"twitter_card":"summary_large_image","twitter_misc":{"Dur\u00e9e de lecture estim\u00e9e":"1 minute"},"schema":{"@context":"https:\/\/schema.org","@graph":[{"@type":"WebPage","@id":"https:\/\/adgt.cz\/fr\/products\/routers\/4g-routers\/gtr40\/","url":"https:\/\/adgt.cz\/fr\/products\/routers\/4g-routers\/gtr40\/","name":"GTR40 - ADGT","isPartOf":{"@id":"https:\/\/adgt.cz\/fr\/#website"},"primaryImageOfPage":{"@id":"https:\/\/adgt.cz\/fr\/products\/routers\/4g-routers\/gtr40\/#primaryimage"},"image":{"@id":"https:\/\/adgt.cz\/fr\/products\/routers\/4g-routers\/gtr40\/#primaryimage"},"thumbnailUrl":"https:\/\/adgt.cz\/wp-content\/uploads\/2020\/09\/gtr40_v2_1.jpg","datePublished":"2020-11-26T08:42:16+00:00","dateModified":"2021-12-22T09:59:30+00:00","breadcrumb":{"@id":"https:\/\/adgt.cz\/fr\/products\/routers\/4g-routers\/gtr40\/#breadcrumb"},"inLanguage":"fr-FR","potentialAction":[{"@type":"ReadAction","target":["https:\/\/adgt.cz\/fr\/products\/routers\/4g-routers\/gtr40\/"]}]},{"@type":"ImageObject","inLanguage":"fr-FR","@id":"https:\/\/adgt.cz\/fr\/products\/routers\/4g-routers\/gtr40\/#primaryimage","url":"https:\/\/adgt.cz\/wp-content\/uploads\/2020\/09\/gtr40_v2_1.jpg","contentUrl":"https:\/\/adgt.cz\/wp-content\/uploads\/2020\/09\/gtr40_v2_1.jpg","width":1024,"height":1024},{"@type":"BreadcrumbList","@id":"https:\/\/adgt.cz\/fr\/products\/routers\/4g-routers\/gtr40\/#breadcrumb","itemListElement":[{"@type":"ListItem","position":1,"name":"Home","item":"https:\/\/adgt.cz\/fr\/"},{"@type":"ListItem","position":2,"name":"Produits","item":"https:\/\/adgt.cz\/fr\/products\/"},{"@type":"ListItem","position":3,"name":"Routeurs","item":"https:\/\/adgt.cz\/fr\/product-category\/routers\/"},{"@type":"ListItem","position":4,"name":"Routeurs 4G","item":"https:\/\/adgt.cz\/fr\/product-category\/routers\/4g-routers\/"},{"@type":"ListItem","position":5,"name":"GTR40"}]},{"@type":"WebSite","@id":"https:\/\/adgt.cz\/fr\/#website","url":"https:\/\/adgt.cz\/fr\/","name":"ADGT","description":"Just another WordPress site","publisher":{"@id":"https:\/\/adgt.cz\/fr\/#organization"},"potentialAction":[{"@type":"SearchAction","target":{"@type":"EntryPoint","urlTemplate":"https:\/\/adgt.cz\/fr\/?s={search_term_string}"},"query-input":{"@type":"PropertyValueSpecification","valueRequired":true,"valueName":"search_term_string"}}],"inLanguage":"fr-FR"},{"@type":"Organization","@id":"https:\/\/adgt.cz\/fr\/#organization","name":"ADGT","url":"https:\/\/adgt.cz\/fr\/","logo":{"@type":"ImageObject","inLanguage":"fr-FR","@id":"https:\/\/adgt.cz\/fr\/#\/schema\/logo\/image\/","url":"https:\/\/adgt.cz\/wp-content\/uploads\/2020\/09\/ADGT_logo_Magenta.png","contentUrl":"https:\/\/adgt.cz\/wp-content\/uploads\/2020\/09\/ADGT_logo_Magenta.png","width":798,"height":208,"caption":"ADGT"},"image":{"@id":"https:\/\/adgt.cz\/fr\/#\/schema\/logo\/image\/"}}]}},"_links":{"self":[{"href":"https:\/\/adgt.cz\/fr\/wp-json\/wp\/v2\/product\/7594"}],"collection":[{"href":"https:\/\/adgt.cz\/fr\/wp-json\/wp\/v2\/product"}],"about":[{"href":"https:\/\/adgt.cz\/fr\/wp-json\/wp\/v2\/types\/product"}],"replies":[{"embeddable":true,"href":"https:\/\/adgt.cz\/fr\/wp-json\/wp\/v2\/comments?post=7594"}],"wp:featuredmedia":[{"embeddable":true,"href":"https:\/\/adgt.cz\/fr\/wp-json\/wp\/v2\/media\/5107"}],"wp:attachment":[{"href":"https:\/\/adgt.cz\/fr\/wp-json\/wp\/v2\/media?parent=7594"}],"wp:term":[{"taxonomy":"product_cat","embeddable":true,"href":"https:\/\/adgt.cz\/fr\/wp-json\/wp\/v2\/product_cat?post=7594"},{"taxonomy":"product_tag","embeddable":true,"href":"https:\/\/adgt.cz\/fr\/wp-json\/wp\/v2\/product_tag?post=7594"}],"curies":[{"name":"wp","href":"https:\/\/api.w.org\/{rel}","templated":true}]}}