{"id":7577,"date":"2020-09-24T08:14:08","date_gmt":"2020-11-26T06:32:11","guid":{"rendered":"https:\/\/adgt.cz\/?post_type=product&#038;p=7577"},"modified":"2022-02-02T13:43:54","modified_gmt":"2022-02-02T13:43:54","slug":"adm114-g","status":"publish","type":"product","link":"https:\/\/adgt.cz\/fr\/products\/modems\/gsm-gprs-modems\/adm114-g\/","title":{"rendered":"ADM114-G"},"content":{"rendered":"<p>Modem GSM\/GPRS intelligent avec interface RS-485 isol\u00e9 galvaniquement pour les r\u00e9seaux industriels et les applications M2M\/IoT. Fournit un transfert de donn\u00e9es sans fil rapide et fiable via le canal GPRS en utilisant le protocole TCP\/IP, ainsi que sur CSD.<\/p>\n<p>\u2014 GSM\/GPRS bi-bande 900\/1800MHz<br \/>\n\u2014 Transfert de donn\u00e9es transparent sur r\u00e9seau cellulaire GPRS ou CSD<br \/>\n\u2014 Conversion de donn\u00e9es s\u00e9rie en donn\u00e9es IP<br \/>\n\u2014 Modes TCP Client\/TCP Serveur<br \/>\n\u2014 Connexion GPRS: \u00e0 l&#8217;heure et sur demande<br \/>\n\u2014 Deux emplacements pour cartes SIM assurant la redondance des canaux<br \/>\n\u2014 Configuration locale et \u00e0 distance et mise \u00e0 jour du microprogramme. Plus de 200 param\u00e8tres de configuration. Configuration \u00e0 distance via TCP, CSD ou SMS<br \/>\n\u2014 Logiciel de configuration convivial<br \/>\n\u2014 1xDI. Envoi de SMS en cas de d\u00e9clenchement d&#8217;une DI<br \/>\n\u2014 Bo\u00eetier m\u00e9tallique compact, montage sur rail din<\/p>\n","protected":false},"excerpt":{"rendered":"<p>Modem GSM\/GPRS intelligent avec interface RS-485 isol\u00e9 galvaniquement pour les r\u00e9seaux industriels et les applications M2M\/IoT. Fournit un transfert de donn\u00e9es sans fil rapide et fiable via le canal GPRS en utilisant le protocole TCP\/IP, ainsi que sur CSD.<\/p>\n","protected":false},"featured_media":4975,"comment_status":"closed","ping_status":"closed","template":"","meta":[],"product_cat":[229,230],"product_tag":[171],"class_list":{"0":"post-7577","1":"product","2":"type-product","3":"status-publish","4":"has-post-thumbnail","6":"product_cat-modems","7":"product_cat-gsm-gprs-modems","8":"product_tag-gprs","10":"first","11":"instock","12":"shipping-taxable","13":"purchasable","14":"product-type-simple"},"yoast_head":"<!-- This site is optimized with the Yoast SEO plugin v23.5 - https:\/\/yoast.com\/wordpress\/plugins\/seo\/ -->\n<title>ADM114-G - Modem GSM\/GPRS industriel RS-485 | Produits ADGT<\/title>\n<meta name=\"description\" content=\"Modem ADGT ADM114-G GSM\/GPRS intelligent avec interface RS-485 isol\u00e9e galvaniquement pour les applications de r\u00e9seau industriel et M2M\/IoT.\" \/>\n<meta name=\"robots\" content=\"index, follow, max-snippet:-1, max-image-preview:large, max-video-preview:-1\" \/>\n<link rel=\"canonical\" href=\"https:\/\/adgt.cz\/fr\/products\/modems\/gsm-gprs-modems\/adm114-g\/\" \/>\n<meta property=\"og:locale\" content=\"fr_FR\" \/>\n<meta property=\"og:type\" content=\"article\" \/>\n<meta property=\"og:title\" content=\"ADM114-G - Modem GSM\/GPRS industriel RS-485 | Produits ADGT\" \/>\n<meta property=\"og:description\" content=\"Modem ADGT ADM114-G GSM\/GPRS intelligent avec interface RS-485 isol\u00e9e galvaniquement pour les applications de r\u00e9seau industriel et M2M\/IoT.\" \/>\n<meta property=\"og:url\" content=\"https:\/\/adgt.cz\/fr\/products\/modems\/gsm-gprs-modems\/adm114-g\/\" \/>\n<meta property=\"og:site_name\" content=\"ADGT\" \/>\n<meta property=\"article:modified_time\" content=\"2022-02-02T13:43:54+00:00\" \/>\n<meta property=\"og:image\" content=\"https:\/\/adgt.cz\/wp-content\/uploads\/2020\/09\/ADM-10.jpg\" \/>\n\t<meta property=\"og:image:width\" content=\"1200\" \/>\n\t<meta property=\"og:image:height\" content=\"1200\" \/>\n\t<meta property=\"og:image:type\" content=\"image\/jpeg\" \/>\n<meta name=\"twitter:card\" content=\"summary_large_image\" \/>\n<meta name=\"twitter:label1\" content=\"Dur\u00e9e de lecture estim\u00e9e\" \/>\n\t<meta name=\"twitter:data1\" content=\"1 minute\" \/>\n<script type=\"application\/ld+json\" class=\"yoast-schema-graph\">{\"@context\":\"https:\/\/schema.org\",\"@graph\":[{\"@type\":\"WebPage\",\"@id\":\"https:\/\/adgt.cz\/fr\/products\/modems\/gsm-gprs-modems\/adm114-g\/\",\"url\":\"https:\/\/adgt.cz\/fr\/products\/modems\/gsm-gprs-modems\/adm114-g\/\",\"name\":\"ADM114-G - Modem GSM\/GPRS industriel RS-485 | Produits ADGT\",\"isPartOf\":{\"@id\":\"https:\/\/adgt.cz\/fr\/#website\"},\"primaryImageOfPage\":{\"@id\":\"https:\/\/adgt.cz\/fr\/products\/modems\/gsm-gprs-modems\/adm114-g\/#primaryimage\"},\"image\":{\"@id\":\"https:\/\/adgt.cz\/fr\/products\/modems\/gsm-gprs-modems\/adm114-g\/#primaryimage\"},\"thumbnailUrl\":\"https:\/\/adgt.cz\/wp-content\/uploads\/2020\/09\/ADM-10.jpg\",\"datePublished\":\"2020-11-26T06:32:11+00:00\",\"dateModified\":\"2022-02-02T13:43:54+00:00\",\"description\":\"Modem ADGT ADM114-G GSM\/GPRS intelligent avec interface RS-485 isol\u00e9e galvaniquement pour les applications de r\u00e9seau industriel et M2M\/IoT.\",\"breadcrumb\":{\"@id\":\"https:\/\/adgt.cz\/fr\/products\/modems\/gsm-gprs-modems\/adm114-g\/#breadcrumb\"},\"inLanguage\":\"fr-FR\",\"potentialAction\":[{\"@type\":\"ReadAction\",\"target\":[\"https:\/\/adgt.cz\/fr\/products\/modems\/gsm-gprs-modems\/adm114-g\/\"]}]},{\"@type\":\"ImageObject\",\"inLanguage\":\"fr-FR\",\"@id\":\"https:\/\/adgt.cz\/fr\/products\/modems\/gsm-gprs-modems\/adm114-g\/#primaryimage\",\"url\":\"https:\/\/adgt.cz\/wp-content\/uploads\/2020\/09\/ADM-10.jpg\",\"contentUrl\":\"https:\/\/adgt.cz\/wp-content\/uploads\/2020\/09\/ADM-10.jpg\",\"width\":1200,\"height\":1200},{\"@type\":\"BreadcrumbList\",\"@id\":\"https:\/\/adgt.cz\/fr\/products\/modems\/gsm-gprs-modems\/adm114-g\/#breadcrumb\",\"itemListElement\":[{\"@type\":\"ListItem\",\"position\":1,\"name\":\"Home\",\"item\":\"https:\/\/adgt.cz\/fr\/\"},{\"@type\":\"ListItem\",\"position\":2,\"name\":\"Produits\",\"item\":\"https:\/\/adgt.cz\/fr\/products\/\"},{\"@type\":\"ListItem\",\"position\":3,\"name\":\"Modems\",\"item\":\"https:\/\/adgt.cz\/fr\/product-category\/modems\/\"},{\"@type\":\"ListItem\",\"position\":4,\"name\":\"Modems GSM\/GPRS\",\"item\":\"https:\/\/adgt.cz\/fr\/product-category\/modems\/gsm-gprs-modems\/\"},{\"@type\":\"ListItem\",\"position\":5,\"name\":\"ADM114-G\"}]},{\"@type\":\"WebSite\",\"@id\":\"https:\/\/adgt.cz\/fr\/#website\",\"url\":\"https:\/\/adgt.cz\/fr\/\",\"name\":\"ADGT\",\"description\":\"Just another WordPress site\",\"publisher\":{\"@id\":\"https:\/\/adgt.cz\/fr\/#organization\"},\"potentialAction\":[{\"@type\":\"SearchAction\",\"target\":{\"@type\":\"EntryPoint\",\"urlTemplate\":\"https:\/\/adgt.cz\/fr\/?s={search_term_string}\"},\"query-input\":{\"@type\":\"PropertyValueSpecification\",\"valueRequired\":true,\"valueName\":\"search_term_string\"}}],\"inLanguage\":\"fr-FR\"},{\"@type\":\"Organization\",\"@id\":\"https:\/\/adgt.cz\/fr\/#organization\",\"name\":\"ADGT\",\"url\":\"https:\/\/adgt.cz\/fr\/\",\"logo\":{\"@type\":\"ImageObject\",\"inLanguage\":\"fr-FR\",\"@id\":\"https:\/\/adgt.cz\/fr\/#\/schema\/logo\/image\/\",\"url\":\"https:\/\/adgt.cz\/wp-content\/uploads\/2020\/09\/ADGT_logo_Magenta.png\",\"contentUrl\":\"https:\/\/adgt.cz\/wp-content\/uploads\/2020\/09\/ADGT_logo_Magenta.png\",\"width\":798,\"height\":208,\"caption\":\"ADGT\"},\"image\":{\"@id\":\"https:\/\/adgt.cz\/fr\/#\/schema\/logo\/image\/\"}}]}<\/script>\n<!-- \/ Yoast SEO plugin. -->","yoast_head_json":{"title":"ADM114-G - Modem GSM\/GPRS industriel RS-485 | Produits ADGT","description":"Modem ADGT ADM114-G GSM\/GPRS intelligent avec interface RS-485 isol\u00e9e galvaniquement pour les applications de r\u00e9seau industriel et M2M\/IoT.","robots":{"index":"index","follow":"follow","max-snippet":"max-snippet:-1","max-image-preview":"max-image-preview:large","max-video-preview":"max-video-preview:-1"},"canonical":"https:\/\/adgt.cz\/fr\/products\/modems\/gsm-gprs-modems\/adm114-g\/","og_locale":"fr_FR","og_type":"article","og_title":"ADM114-G - Modem GSM\/GPRS industriel RS-485 | Produits ADGT","og_description":"Modem ADGT ADM114-G GSM\/GPRS intelligent avec interface RS-485 isol\u00e9e galvaniquement pour les applications de r\u00e9seau industriel et M2M\/IoT.","og_url":"https:\/\/adgt.cz\/fr\/products\/modems\/gsm-gprs-modems\/adm114-g\/","og_site_name":"ADGT","article_modified_time":"2022-02-02T13:43:54+00:00","og_image":[{"width":1200,"height":1200,"url":"https:\/\/adgt.cz\/wp-content\/uploads\/2020\/09\/ADM-10.jpg","type":"image\/jpeg"}],"twitter_card":"summary_large_image","twitter_misc":{"Dur\u00e9e de lecture estim\u00e9e":"1 minute"},"schema":{"@context":"https:\/\/schema.org","@graph":[{"@type":"WebPage","@id":"https:\/\/adgt.cz\/fr\/products\/modems\/gsm-gprs-modems\/adm114-g\/","url":"https:\/\/adgt.cz\/fr\/products\/modems\/gsm-gprs-modems\/adm114-g\/","name":"ADM114-G - Modem GSM\/GPRS industriel RS-485 | Produits ADGT","isPartOf":{"@id":"https:\/\/adgt.cz\/fr\/#website"},"primaryImageOfPage":{"@id":"https:\/\/adgt.cz\/fr\/products\/modems\/gsm-gprs-modems\/adm114-g\/#primaryimage"},"image":{"@id":"https:\/\/adgt.cz\/fr\/products\/modems\/gsm-gprs-modems\/adm114-g\/#primaryimage"},"thumbnailUrl":"https:\/\/adgt.cz\/wp-content\/uploads\/2020\/09\/ADM-10.jpg","datePublished":"2020-11-26T06:32:11+00:00","dateModified":"2022-02-02T13:43:54+00:00","description":"Modem ADGT ADM114-G GSM\/GPRS intelligent avec interface RS-485 isol\u00e9e galvaniquement pour les applications de r\u00e9seau industriel et M2M\/IoT.","breadcrumb":{"@id":"https:\/\/adgt.cz\/fr\/products\/modems\/gsm-gprs-modems\/adm114-g\/#breadcrumb"},"inLanguage":"fr-FR","potentialAction":[{"@type":"ReadAction","target":["https:\/\/adgt.cz\/fr\/products\/modems\/gsm-gprs-modems\/adm114-g\/"]}]},{"@type":"ImageObject","inLanguage":"fr-FR","@id":"https:\/\/adgt.cz\/fr\/products\/modems\/gsm-gprs-modems\/adm114-g\/#primaryimage","url":"https:\/\/adgt.cz\/wp-content\/uploads\/2020\/09\/ADM-10.jpg","contentUrl":"https:\/\/adgt.cz\/wp-content\/uploads\/2020\/09\/ADM-10.jpg","width":1200,"height":1200},{"@type":"BreadcrumbList","@id":"https:\/\/adgt.cz\/fr\/products\/modems\/gsm-gprs-modems\/adm114-g\/#breadcrumb","itemListElement":[{"@type":"ListItem","position":1,"name":"Home","item":"https:\/\/adgt.cz\/fr\/"},{"@type":"ListItem","position":2,"name":"Produits","item":"https:\/\/adgt.cz\/fr\/products\/"},{"@type":"ListItem","position":3,"name":"Modems","item":"https:\/\/adgt.cz\/fr\/product-category\/modems\/"},{"@type":"ListItem","position":4,"name":"Modems GSM\/GPRS","item":"https:\/\/adgt.cz\/fr\/product-category\/modems\/gsm-gprs-modems\/"},{"@type":"ListItem","position":5,"name":"ADM114-G"}]},{"@type":"WebSite","@id":"https:\/\/adgt.cz\/fr\/#website","url":"https:\/\/adgt.cz\/fr\/","name":"ADGT","description":"Just another WordPress site","publisher":{"@id":"https:\/\/adgt.cz\/fr\/#organization"},"potentialAction":[{"@type":"SearchAction","target":{"@type":"EntryPoint","urlTemplate":"https:\/\/adgt.cz\/fr\/?s={search_term_string}"},"query-input":{"@type":"PropertyValueSpecification","valueRequired":true,"valueName":"search_term_string"}}],"inLanguage":"fr-FR"},{"@type":"Organization","@id":"https:\/\/adgt.cz\/fr\/#organization","name":"ADGT","url":"https:\/\/adgt.cz\/fr\/","logo":{"@type":"ImageObject","inLanguage":"fr-FR","@id":"https:\/\/adgt.cz\/fr\/#\/schema\/logo\/image\/","url":"https:\/\/adgt.cz\/wp-content\/uploads\/2020\/09\/ADGT_logo_Magenta.png","contentUrl":"https:\/\/adgt.cz\/wp-content\/uploads\/2020\/09\/ADGT_logo_Magenta.png","width":798,"height":208,"caption":"ADGT"},"image":{"@id":"https:\/\/adgt.cz\/fr\/#\/schema\/logo\/image\/"}}]}},"_links":{"self":[{"href":"https:\/\/adgt.cz\/fr\/wp-json\/wp\/v2\/product\/7577"}],"collection":[{"href":"https:\/\/adgt.cz\/fr\/wp-json\/wp\/v2\/product"}],"about":[{"href":"https:\/\/adgt.cz\/fr\/wp-json\/wp\/v2\/types\/product"}],"replies":[{"embeddable":true,"href":"https:\/\/adgt.cz\/fr\/wp-json\/wp\/v2\/comments?post=7577"}],"wp:featuredmedia":[{"embeddable":true,"href":"https:\/\/adgt.cz\/fr\/wp-json\/wp\/v2\/media\/4975"}],"wp:attachment":[{"href":"https:\/\/adgt.cz\/fr\/wp-json\/wp\/v2\/media?parent=7577"}],"wp:term":[{"taxonomy":"product_cat","embeddable":true,"href":"https:\/\/adgt.cz\/fr\/wp-json\/wp\/v2\/product_cat?post=7577"},{"taxonomy":"product_tag","embeddable":true,"href":"https:\/\/adgt.cz\/fr\/wp-json\/wp\/v2\/product_tag?post=7577"}],"curies":[{"name":"wp","href":"https:\/\/api.w.org\/{rel}","templated":true}]}}