{"id":7555,"date":"2020-09-29T14:37:29","date_gmt":"2020-11-25T14:04:34","guid":{"rendered":"https:\/\/adgt.cz\/?post_type=product&#038;p=7555"},"modified":"2021-09-22T06:39:39","modified_gmt":"2021-09-22T06:39:39","slug":"adgt-dtu-data-server","status":"publish","type":"product","link":"https:\/\/adgt.cz\/fr\/products\/software\/adgt-dtu-data-server\/","title":{"rendered":"ADGT DTU Data Server"},"content":{"rendered":"<p>Logiciel permettant d&#8217;int\u00e9grer les enregistreurs de donn\u00e9es ADGT DTU aux syst\u00e8mes de lecture et de surveillance \u00e0 distance de fournisseurs tiers.<br \/>\nNos enregistreurs de donn\u00e9es DTU ont un grand nombre de param\u00e8tres configurables et fonctionnent selon notre protocole de transmission DTU Protocol. Si l&#8217;entreprise pr\u00e9voit d&#8217;utiliser des enregistreurs de donn\u00e9es DTU dans son syst\u00e8me AMR, l&#8217;int\u00e9gration de nos appareils peut prendre un certain temps : vous devez d&#8217;abord ajouter le protocole de transmission DTU \u00e0 votre logiciel, puis tester son fonctionnement et effectuer un d\u00e9bogage si n\u00e9cessaire.<br \/>\nPour r\u00e9duire les risques et les co\u00fbts d&#8217;int\u00e9gration, ainsi que pour vous faire gagner du temps, nous avons d\u00e9velopp\u00e9 un outil sp\u00e9cial &#8211; ADGT DTU DATA SERVER.<br \/>\nCet outil d&#8217;int\u00e9gration vous permettra de d\u00e9ployer rapidement et en toute s\u00e9curit\u00e9 votre syst\u00e8me de surveillance \u00e0 l&#8217;aide d&#8217;enregistreurs de donn\u00e9es DTU sans qu&#8217;il soit n\u00e9cessaire d&#8217;int\u00e9grer le protocole ADGT DTU dans votre syst\u00e8me.<br \/>\nLe produit est destin\u00e9 aux d\u00e9veloppeurs, aux int\u00e9grateurs de produits et aux administrateurs de bases de donn\u00e9es.<\/p>\n<p><strong>Caract\u00e9ristiques du logiciel:<\/strong><br \/>\n\u2014 Re\u00e7oit et traite les connexions entrantes des enregistreurs de donn\u00e9es<br \/>\n\u2014 Garantit l&#8217;interaction du logiciel de RAM avec les enregistreurs de donn\u00e9es<br \/>\n\u2014 Stocke toutes les donn\u00e9es des enregistreurs de donn\u00e9es (lecture, \u00e9v\u00e9nements, informations de t\u00e9l\u00e9m\u00e9trie) dans la base de donn\u00e9es PostgreSQL<br \/>\n\u2014 Mise \u00e0 jour du micrologiciel de l&#8217;enregistreur de donn\u00e9es \u00e0 la demande de l&#8217;utilisateur<br \/>\n\u2014 Permet de modifier \u00e0 distance les param\u00e8tres de l&#8217;enregistreur de donn\u00e9es avec une ex\u00e9cution diff\u00e9r\u00e9e<br \/>\n\u2014 Supporte le protocole UDP pour les appareils NB-IoT<br \/>\n\u2014 Lecture des archives sur demande<\/p>\n<p><strong>Comment cela fonctionne-t-il<\/strong><br \/>\n\u2014 La plate-forme joue le r\u00f4le de serveur TCP et UDP et permet la connexion des enregistreurs de donn\u00e9es DTU \u00e0 distance sur Internet.<br \/>\n\u2014 Le logiciel collecte les donn\u00e9es des enregistreurs de donn\u00e9es et les stocke dans la base de donn\u00e9es PostgreSQL<br \/>\n\u2014 Le syst\u00e8me AMR envoie une demande de lecture des donn\u00e9es et\/ou une demande de modification des param\u00e8tres de l&#8217;appareil.<br \/>\n\u2014 Le logiciel signale les donn\u00e9es demand\u00e9es et\/ou applique les nouveaux param\u00e8tres aux enregistreurs de donn\u00e9es<\/p>\n","protected":false},"excerpt":{"rendered":"<p>Logiciel permettant d&#8217;int\u00e9grer les enregistreurs de donn\u00e9es ADGT DTU aux syst\u00e8mes de lecture et de surveillance \u00e0 distance de fournisseurs tiers.<\/p>\n","protected":false},"featured_media":5774,"comment_status":"closed","ping_status":"closed","template":"","meta":[],"product_cat":[241],"product_tag":[],"class_list":{"0":"post-7555","1":"product","2":"type-product","3":"status-publish","4":"has-post-thumbnail","6":"product_cat-software","8":"first","9":"instock","10":"shipping-taxable","11":"product-type-simple"},"yoast_head":"<!-- This site is optimized with the Yoast SEO plugin v23.5 - https:\/\/yoast.com\/wordpress\/plugins\/seo\/ -->\n<title>ADGT DTU Data Server - ADGT<\/title>\n<meta name=\"robots\" content=\"index, follow, max-snippet:-1, max-image-preview:large, max-video-preview:-1\" \/>\n<link rel=\"canonical\" href=\"https:\/\/adgt.cz\/fr\/products\/software\/adgt-dtu-data-server\/\" \/>\n<meta property=\"og:locale\" content=\"fr_FR\" \/>\n<meta property=\"og:type\" content=\"article\" \/>\n<meta property=\"og:title\" content=\"ADGT DTU Data Server - ADGT\" \/>\n<meta property=\"og:description\" content=\"Logiciel permettant d&#039;int\u00e9grer les enregistreurs de donn\u00e9es ADGT DTU aux syst\u00e8mes de lecture et de surveillance \u00e0 distance de fournisseurs tiers.\" \/>\n<meta property=\"og:url\" content=\"https:\/\/adgt.cz\/fr\/products\/software\/adgt-dtu-data-server\/\" \/>\n<meta property=\"og:site_name\" content=\"ADGT\" \/>\n<meta property=\"article:modified_time\" content=\"2021-09-22T06:39:39+00:00\" \/>\n<meta property=\"og:image\" content=\"https:\/\/adgt.cz\/wp-content\/uploads\/2020\/10\/ADGT.jpg\" \/>\n\t<meta property=\"og:image:width\" content=\"1200\" \/>\n\t<meta property=\"og:image:height\" content=\"1177\" \/>\n\t<meta property=\"og:image:type\" content=\"image\/jpeg\" \/>\n<meta name=\"twitter:card\" content=\"summary_large_image\" \/>\n<meta name=\"twitter:label1\" content=\"Dur\u00e9e de lecture estim\u00e9e\" \/>\n\t<meta name=\"twitter:data1\" content=\"2 minutes\" \/>\n<script type=\"application\/ld+json\" class=\"yoast-schema-graph\">{\"@context\":\"https:\/\/schema.org\",\"@graph\":[{\"@type\":\"WebPage\",\"@id\":\"https:\/\/adgt.cz\/fr\/products\/software\/adgt-dtu-data-server\/\",\"url\":\"https:\/\/adgt.cz\/fr\/products\/software\/adgt-dtu-data-server\/\",\"name\":\"ADGT DTU Data Server - ADGT\",\"isPartOf\":{\"@id\":\"https:\/\/adgt.cz\/fr\/#website\"},\"primaryImageOfPage\":{\"@id\":\"https:\/\/adgt.cz\/fr\/products\/software\/adgt-dtu-data-server\/#primaryimage\"},\"image\":{\"@id\":\"https:\/\/adgt.cz\/fr\/products\/software\/adgt-dtu-data-server\/#primaryimage\"},\"thumbnailUrl\":\"https:\/\/adgt.cz\/wp-content\/uploads\/2020\/10\/ADGT.jpg\",\"datePublished\":\"2020-11-25T14:04:34+00:00\",\"dateModified\":\"2021-09-22T06:39:39+00:00\",\"breadcrumb\":{\"@id\":\"https:\/\/adgt.cz\/fr\/products\/software\/adgt-dtu-data-server\/#breadcrumb\"},\"inLanguage\":\"fr-FR\",\"potentialAction\":[{\"@type\":\"ReadAction\",\"target\":[\"https:\/\/adgt.cz\/fr\/products\/software\/adgt-dtu-data-server\/\"]}]},{\"@type\":\"ImageObject\",\"inLanguage\":\"fr-FR\",\"@id\":\"https:\/\/adgt.cz\/fr\/products\/software\/adgt-dtu-data-server\/#primaryimage\",\"url\":\"https:\/\/adgt.cz\/wp-content\/uploads\/2020\/10\/ADGT.jpg\",\"contentUrl\":\"https:\/\/adgt.cz\/wp-content\/uploads\/2020\/10\/ADGT.jpg\",\"width\":1200,\"height\":1177},{\"@type\":\"BreadcrumbList\",\"@id\":\"https:\/\/adgt.cz\/fr\/products\/software\/adgt-dtu-data-server\/#breadcrumb\",\"itemListElement\":[{\"@type\":\"ListItem\",\"position\":1,\"name\":\"Home\",\"item\":\"https:\/\/adgt.cz\/fr\/\"},{\"@type\":\"ListItem\",\"position\":2,\"name\":\"Produits\",\"item\":\"https:\/\/adgt.cz\/fr\/products\/\"},{\"@type\":\"ListItem\",\"position\":3,\"name\":\"Logiciel\",\"item\":\"https:\/\/adgt.cz\/fr\/product-category\/software\/\"},{\"@type\":\"ListItem\",\"position\":4,\"name\":\"ADGT DTU Data Server\"}]},{\"@type\":\"WebSite\",\"@id\":\"https:\/\/adgt.cz\/fr\/#website\",\"url\":\"https:\/\/adgt.cz\/fr\/\",\"name\":\"ADGT\",\"description\":\"Just another WordPress site\",\"publisher\":{\"@id\":\"https:\/\/adgt.cz\/fr\/#organization\"},\"potentialAction\":[{\"@type\":\"SearchAction\",\"target\":{\"@type\":\"EntryPoint\",\"urlTemplate\":\"https:\/\/adgt.cz\/fr\/?s={search_term_string}\"},\"query-input\":{\"@type\":\"PropertyValueSpecification\",\"valueRequired\":true,\"valueName\":\"search_term_string\"}}],\"inLanguage\":\"fr-FR\"},{\"@type\":\"Organization\",\"@id\":\"https:\/\/adgt.cz\/fr\/#organization\",\"name\":\"ADGT\",\"url\":\"https:\/\/adgt.cz\/fr\/\",\"logo\":{\"@type\":\"ImageObject\",\"inLanguage\":\"fr-FR\",\"@id\":\"https:\/\/adgt.cz\/fr\/#\/schema\/logo\/image\/\",\"url\":\"https:\/\/adgt.cz\/wp-content\/uploads\/2020\/09\/ADGT_logo_Magenta.png\",\"contentUrl\":\"https:\/\/adgt.cz\/wp-content\/uploads\/2020\/09\/ADGT_logo_Magenta.png\",\"width\":798,\"height\":208,\"caption\":\"ADGT\"},\"image\":{\"@id\":\"https:\/\/adgt.cz\/fr\/#\/schema\/logo\/image\/\"}}]}<\/script>\n<!-- \/ Yoast SEO plugin. -->","yoast_head_json":{"title":"ADGT DTU Data Server - ADGT","robots":{"index":"index","follow":"follow","max-snippet":"max-snippet:-1","max-image-preview":"max-image-preview:large","max-video-preview":"max-video-preview:-1"},"canonical":"https:\/\/adgt.cz\/fr\/products\/software\/adgt-dtu-data-server\/","og_locale":"fr_FR","og_type":"article","og_title":"ADGT DTU Data Server - ADGT","og_description":"Logiciel permettant d'int\u00e9grer les enregistreurs de donn\u00e9es ADGT DTU aux syst\u00e8mes de lecture et de surveillance \u00e0 distance de fournisseurs tiers.","og_url":"https:\/\/adgt.cz\/fr\/products\/software\/adgt-dtu-data-server\/","og_site_name":"ADGT","article_modified_time":"2021-09-22T06:39:39+00:00","og_image":[{"width":1200,"height":1177,"url":"https:\/\/adgt.cz\/wp-content\/uploads\/2020\/10\/ADGT.jpg","type":"image\/jpeg"}],"twitter_card":"summary_large_image","twitter_misc":{"Dur\u00e9e de lecture estim\u00e9e":"2 minutes"},"schema":{"@context":"https:\/\/schema.org","@graph":[{"@type":"WebPage","@id":"https:\/\/adgt.cz\/fr\/products\/software\/adgt-dtu-data-server\/","url":"https:\/\/adgt.cz\/fr\/products\/software\/adgt-dtu-data-server\/","name":"ADGT DTU Data Server - ADGT","isPartOf":{"@id":"https:\/\/adgt.cz\/fr\/#website"},"primaryImageOfPage":{"@id":"https:\/\/adgt.cz\/fr\/products\/software\/adgt-dtu-data-server\/#primaryimage"},"image":{"@id":"https:\/\/adgt.cz\/fr\/products\/software\/adgt-dtu-data-server\/#primaryimage"},"thumbnailUrl":"https:\/\/adgt.cz\/wp-content\/uploads\/2020\/10\/ADGT.jpg","datePublished":"2020-11-25T14:04:34+00:00","dateModified":"2021-09-22T06:39:39+00:00","breadcrumb":{"@id":"https:\/\/adgt.cz\/fr\/products\/software\/adgt-dtu-data-server\/#breadcrumb"},"inLanguage":"fr-FR","potentialAction":[{"@type":"ReadAction","target":["https:\/\/adgt.cz\/fr\/products\/software\/adgt-dtu-data-server\/"]}]},{"@type":"ImageObject","inLanguage":"fr-FR","@id":"https:\/\/adgt.cz\/fr\/products\/software\/adgt-dtu-data-server\/#primaryimage","url":"https:\/\/adgt.cz\/wp-content\/uploads\/2020\/10\/ADGT.jpg","contentUrl":"https:\/\/adgt.cz\/wp-content\/uploads\/2020\/10\/ADGT.jpg","width":1200,"height":1177},{"@type":"BreadcrumbList","@id":"https:\/\/adgt.cz\/fr\/products\/software\/adgt-dtu-data-server\/#breadcrumb","itemListElement":[{"@type":"ListItem","position":1,"name":"Home","item":"https:\/\/adgt.cz\/fr\/"},{"@type":"ListItem","position":2,"name":"Produits","item":"https:\/\/adgt.cz\/fr\/products\/"},{"@type":"ListItem","position":3,"name":"Logiciel","item":"https:\/\/adgt.cz\/fr\/product-category\/software\/"},{"@type":"ListItem","position":4,"name":"ADGT DTU Data Server"}]},{"@type":"WebSite","@id":"https:\/\/adgt.cz\/fr\/#website","url":"https:\/\/adgt.cz\/fr\/","name":"ADGT","description":"Just another WordPress site","publisher":{"@id":"https:\/\/adgt.cz\/fr\/#organization"},"potentialAction":[{"@type":"SearchAction","target":{"@type":"EntryPoint","urlTemplate":"https:\/\/adgt.cz\/fr\/?s={search_term_string}"},"query-input":{"@type":"PropertyValueSpecification","valueRequired":true,"valueName":"search_term_string"}}],"inLanguage":"fr-FR"},{"@type":"Organization","@id":"https:\/\/adgt.cz\/fr\/#organization","name":"ADGT","url":"https:\/\/adgt.cz\/fr\/","logo":{"@type":"ImageObject","inLanguage":"fr-FR","@id":"https:\/\/adgt.cz\/fr\/#\/schema\/logo\/image\/","url":"https:\/\/adgt.cz\/wp-content\/uploads\/2020\/09\/ADGT_logo_Magenta.png","contentUrl":"https:\/\/adgt.cz\/wp-content\/uploads\/2020\/09\/ADGT_logo_Magenta.png","width":798,"height":208,"caption":"ADGT"},"image":{"@id":"https:\/\/adgt.cz\/fr\/#\/schema\/logo\/image\/"}}]}},"_links":{"self":[{"href":"https:\/\/adgt.cz\/fr\/wp-json\/wp\/v2\/product\/7555"}],"collection":[{"href":"https:\/\/adgt.cz\/fr\/wp-json\/wp\/v2\/product"}],"about":[{"href":"https:\/\/adgt.cz\/fr\/wp-json\/wp\/v2\/types\/product"}],"replies":[{"embeddable":true,"href":"https:\/\/adgt.cz\/fr\/wp-json\/wp\/v2\/comments?post=7555"}],"wp:featuredmedia":[{"embeddable":true,"href":"https:\/\/adgt.cz\/fr\/wp-json\/wp\/v2\/media\/5774"}],"wp:attachment":[{"href":"https:\/\/adgt.cz\/fr\/wp-json\/wp\/v2\/media?parent=7555"}],"wp:term":[{"taxonomy":"product_cat","embeddable":true,"href":"https:\/\/adgt.cz\/fr\/wp-json\/wp\/v2\/product_cat?post=7555"},{"taxonomy":"product_tag","embeddable":true,"href":"https:\/\/adgt.cz\/fr\/wp-json\/wp\/v2\/product_tag?post=7555"}],"curies":[{"name":"wp","href":"https:\/\/api.w.org\/{rel}","templated":true}]}}