{"id":7549,"date":"2020-09-29T14:32:46","date_gmt":"2020-11-25T13:57:18","guid":{"rendered":"https:\/\/adgt.cz\/?post_type=product&#038;p=7549"},"modified":"2021-08-30T12:11:11","modified_gmt":"2021-08-30T12:11:11","slug":"iot24-eu-cloud-software-platform","status":"publish","type":"product","link":"https:\/\/adgt.cz\/fr\/products\/software\/iot24-eu-cloud-software-platform\/","title":{"rendered":"IOT24.EU Cloud Software Platform"},"content":{"rendered":"<p>IOT24.EU &#8211; plate-forme logicielle de mesure et de surveillance des ressources \u00e9nerg\u00e9tiques dans les nuages. Cette plateforme permet de stocker, de visualiser et de g\u00e9rer les donn\u00e9es de consommation provenant de compteurs et de capteurs connect\u00e9s \u00e0 des enregistreurs de donn\u00e9es ADGT DTU. Platform est une bonne solution de rechange aux autres syst\u00e8mes de RAM et convient \u00e0 la surveillance des donn\u00e9es provenant des compteurs d&#8217;eau, de gaz, ainsi que des capteurs analogiques.<\/p>\n<h6>IoT24.eu options:<\/h6>\n<p>\u2014 Acc\u00e8s \u00e0 distance aux relev\u00e9s, 24 heures sur 24 et 7 jours sur 7, gr\u00e2ce \u00e0 l&#8217;informatique en nuage<br \/>\n\u2014 Visualisation des donn\u00e9es<br \/>\n\u2014 Configuration \u00e0 distance des enregistreurs de donn\u00e9es<br \/>\n\u2014 Affichage du niveau de la batterie et du signal<br \/>\n\u2014 V\u00e9rification et correction des lectures<br \/>\n\u2014 Sortie rapide des messages d&#8217;alarme\/\u00e9v\u00e9nements<br \/>\n\u2014 G\u00e9n\u00e9ration de rapports pour la p\u00e9riode s\u00e9lectionn\u00e9e<br \/>\n\u2014 Acc\u00e8s aux informations de t\u00e9l\u00e9m\u00e9trie des enregistreurs de donn\u00e9es<br \/>\n\u2014 Interface API REST pour l&#8217;int\u00e9gration avec d&#8217;autres plates-formes<\/p>\n<div class=\"wp-block-button\"><a class=\"wp-block-button__link has-white-color has-text-color has-background\" style=\"border-radius: 6px; background-color: #d81a7a;\" href=\"https:\/\/adgt.cz\/fr\/resources\/our-products\/dtu-cellular-data-logger-series\/\" target=\"_blank\" rel=\"https:\/\/adgt.cz\/resources\/our-products\/dtu-cellular-data-logger-series\/ noopener noreferrer\">EXPLOREZ LES ENREGISTREURS DE DONN\u00c9ES DTU<\/a><\/div>\n","protected":false},"excerpt":{"rendered":"<p>IOT24.EU &#8211; plate-forme logicielle de mesure et de surveillance des ressources \u00e9nerg\u00e9tiques dans les nuages. Cette plateforme permet de stocker, de visualiser et de g\u00e9rer les donn\u00e9es de consommation provenant de compteurs et de capteurs connect\u00e9s \u00e0 des enregistreurs de donn\u00e9es ADGT DTU. Platform est une bonne solution de rechange aux autres syst\u00e8mes de RAM et convient \u00e0 la surveillance des donn\u00e9es provenant des compteurs d&#8217;eau, de gaz, ainsi que des capteurs analogiques.<\/p>\n","protected":false},"featured_media":6439,"comment_status":"closed","ping_status":"closed","template":"","meta":[],"product_cat":[241],"product_tag":[],"class_list":{"0":"post-7549","1":"product","2":"type-product","3":"status-publish","4":"has-post-thumbnail","6":"product_cat-software","8":"first","9":"instock","10":"shipping-taxable","11":"product-type-simple"},"yoast_head":"<!-- This site is optimized with the Yoast SEO plugin v23.5 - https:\/\/yoast.com\/wordpress\/plugins\/seo\/ -->\n<title>IOT24.EU Cloud Software Platform - ADGT<\/title>\n<meta name=\"robots\" content=\"index, follow, max-snippet:-1, max-image-preview:large, max-video-preview:-1\" \/>\n<link rel=\"canonical\" href=\"https:\/\/adgt.cz\/fr\/products\/software\/iot24-eu-cloud-software-platform\/\" \/>\n<meta property=\"og:locale\" content=\"fr_FR\" \/>\n<meta property=\"og:type\" content=\"article\" \/>\n<meta property=\"og:title\" content=\"IOT24.EU Cloud Software Platform - ADGT\" \/>\n<meta property=\"og:description\" content=\"IOT24.EU - plate-forme logicielle de mesure et de surveillance des ressources \u00e9nerg\u00e9tiques dans les nuages. Cette plateforme permet de stocker, de visualiser et de g\u00e9rer les donn\u00e9es de consommation provenant de compteurs et de capteurs connect\u00e9s \u00e0 des enregistreurs de donn\u00e9es ADGT DTU. Platform est une bonne solution de rechange aux autres syst\u00e8mes de RAM et convient \u00e0 la surveillance des donn\u00e9es provenant des compteurs d&#039;eau, de gaz, ainsi que des capteurs analogiques.\" \/>\n<meta property=\"og:url\" content=\"https:\/\/adgt.cz\/fr\/products\/software\/iot24-eu-cloud-software-platform\/\" \/>\n<meta property=\"og:site_name\" content=\"ADGT\" \/>\n<meta property=\"article:modified_time\" content=\"2021-08-30T12:11:11+00:00\" \/>\n<meta property=\"og:image\" content=\"https:\/\/adgt.cz\/wp-content\/uploads\/2020\/09\/iot24_eu.jpg\" \/>\n\t<meta property=\"og:image:width\" content=\"1100\" \/>\n\t<meta property=\"og:image:height\" content=\"1100\" \/>\n\t<meta property=\"og:image:type\" content=\"image\/jpeg\" \/>\n<meta name=\"twitter:card\" content=\"summary_large_image\" \/>\n<meta name=\"twitter:label1\" content=\"Dur\u00e9e de lecture estim\u00e9e\" \/>\n\t<meta name=\"twitter:data1\" content=\"1 minute\" \/>\n<script type=\"application\/ld+json\" class=\"yoast-schema-graph\">{\"@context\":\"https:\/\/schema.org\",\"@graph\":[{\"@type\":\"WebPage\",\"@id\":\"https:\/\/adgt.cz\/fr\/products\/software\/iot24-eu-cloud-software-platform\/\",\"url\":\"https:\/\/adgt.cz\/fr\/products\/software\/iot24-eu-cloud-software-platform\/\",\"name\":\"IOT24.EU Cloud Software Platform - ADGT\",\"isPartOf\":{\"@id\":\"https:\/\/adgt.cz\/fr\/#website\"},\"primaryImageOfPage\":{\"@id\":\"https:\/\/adgt.cz\/fr\/products\/software\/iot24-eu-cloud-software-platform\/#primaryimage\"},\"image\":{\"@id\":\"https:\/\/adgt.cz\/fr\/products\/software\/iot24-eu-cloud-software-platform\/#primaryimage\"},\"thumbnailUrl\":\"https:\/\/adgt.cz\/wp-content\/uploads\/2020\/09\/iot24_eu.jpg\",\"datePublished\":\"2020-11-25T13:57:18+00:00\",\"dateModified\":\"2021-08-30T12:11:11+00:00\",\"breadcrumb\":{\"@id\":\"https:\/\/adgt.cz\/fr\/products\/software\/iot24-eu-cloud-software-platform\/#breadcrumb\"},\"inLanguage\":\"fr-FR\",\"potentialAction\":[{\"@type\":\"ReadAction\",\"target\":[\"https:\/\/adgt.cz\/fr\/products\/software\/iot24-eu-cloud-software-platform\/\"]}]},{\"@type\":\"ImageObject\",\"inLanguage\":\"fr-FR\",\"@id\":\"https:\/\/adgt.cz\/fr\/products\/software\/iot24-eu-cloud-software-platform\/#primaryimage\",\"url\":\"https:\/\/adgt.cz\/wp-content\/uploads\/2020\/09\/iot24_eu.jpg\",\"contentUrl\":\"https:\/\/adgt.cz\/wp-content\/uploads\/2020\/09\/iot24_eu.jpg\",\"width\":1100,\"height\":1100},{\"@type\":\"BreadcrumbList\",\"@id\":\"https:\/\/adgt.cz\/fr\/products\/software\/iot24-eu-cloud-software-platform\/#breadcrumb\",\"itemListElement\":[{\"@type\":\"ListItem\",\"position\":1,\"name\":\"Home\",\"item\":\"https:\/\/adgt.cz\/fr\/\"},{\"@type\":\"ListItem\",\"position\":2,\"name\":\"Produits\",\"item\":\"https:\/\/adgt.cz\/fr\/products\/\"},{\"@type\":\"ListItem\",\"position\":3,\"name\":\"Logiciel\",\"item\":\"https:\/\/adgt.cz\/fr\/product-category\/software\/\"},{\"@type\":\"ListItem\",\"position\":4,\"name\":\"IOT24.EU Cloud Software Platform\"}]},{\"@type\":\"WebSite\",\"@id\":\"https:\/\/adgt.cz\/fr\/#website\",\"url\":\"https:\/\/adgt.cz\/fr\/\",\"name\":\"ADGT\",\"description\":\"Just another WordPress site\",\"publisher\":{\"@id\":\"https:\/\/adgt.cz\/fr\/#organization\"},\"potentialAction\":[{\"@type\":\"SearchAction\",\"target\":{\"@type\":\"EntryPoint\",\"urlTemplate\":\"https:\/\/adgt.cz\/fr\/?s={search_term_string}\"},\"query-input\":{\"@type\":\"PropertyValueSpecification\",\"valueRequired\":true,\"valueName\":\"search_term_string\"}}],\"inLanguage\":\"fr-FR\"},{\"@type\":\"Organization\",\"@id\":\"https:\/\/adgt.cz\/fr\/#organization\",\"name\":\"ADGT\",\"url\":\"https:\/\/adgt.cz\/fr\/\",\"logo\":{\"@type\":\"ImageObject\",\"inLanguage\":\"fr-FR\",\"@id\":\"https:\/\/adgt.cz\/fr\/#\/schema\/logo\/image\/\",\"url\":\"https:\/\/adgt.cz\/wp-content\/uploads\/2020\/09\/ADGT_logo_Magenta.png\",\"contentUrl\":\"https:\/\/adgt.cz\/wp-content\/uploads\/2020\/09\/ADGT_logo_Magenta.png\",\"width\":798,\"height\":208,\"caption\":\"ADGT\"},\"image\":{\"@id\":\"https:\/\/adgt.cz\/fr\/#\/schema\/logo\/image\/\"}}]}<\/script>\n<!-- \/ Yoast SEO plugin. -->","yoast_head_json":{"title":"IOT24.EU Cloud Software Platform - ADGT","robots":{"index":"index","follow":"follow","max-snippet":"max-snippet:-1","max-image-preview":"max-image-preview:large","max-video-preview":"max-video-preview:-1"},"canonical":"https:\/\/adgt.cz\/fr\/products\/software\/iot24-eu-cloud-software-platform\/","og_locale":"fr_FR","og_type":"article","og_title":"IOT24.EU Cloud Software Platform - ADGT","og_description":"IOT24.EU - plate-forme logicielle de mesure et de surveillance des ressources \u00e9nerg\u00e9tiques dans les nuages. Cette plateforme permet de stocker, de visualiser et de g\u00e9rer les donn\u00e9es de consommation provenant de compteurs et de capteurs connect\u00e9s \u00e0 des enregistreurs de donn\u00e9es ADGT DTU. Platform est une bonne solution de rechange aux autres syst\u00e8mes de RAM et convient \u00e0 la surveillance des donn\u00e9es provenant des compteurs d'eau, de gaz, ainsi que des capteurs analogiques.","og_url":"https:\/\/adgt.cz\/fr\/products\/software\/iot24-eu-cloud-software-platform\/","og_site_name":"ADGT","article_modified_time":"2021-08-30T12:11:11+00:00","og_image":[{"width":1100,"height":1100,"url":"https:\/\/adgt.cz\/wp-content\/uploads\/2020\/09\/iot24_eu.jpg","type":"image\/jpeg"}],"twitter_card":"summary_large_image","twitter_misc":{"Dur\u00e9e de lecture estim\u00e9e":"1 minute"},"schema":{"@context":"https:\/\/schema.org","@graph":[{"@type":"WebPage","@id":"https:\/\/adgt.cz\/fr\/products\/software\/iot24-eu-cloud-software-platform\/","url":"https:\/\/adgt.cz\/fr\/products\/software\/iot24-eu-cloud-software-platform\/","name":"IOT24.EU Cloud Software Platform - ADGT","isPartOf":{"@id":"https:\/\/adgt.cz\/fr\/#website"},"primaryImageOfPage":{"@id":"https:\/\/adgt.cz\/fr\/products\/software\/iot24-eu-cloud-software-platform\/#primaryimage"},"image":{"@id":"https:\/\/adgt.cz\/fr\/products\/software\/iot24-eu-cloud-software-platform\/#primaryimage"},"thumbnailUrl":"https:\/\/adgt.cz\/wp-content\/uploads\/2020\/09\/iot24_eu.jpg","datePublished":"2020-11-25T13:57:18+00:00","dateModified":"2021-08-30T12:11:11+00:00","breadcrumb":{"@id":"https:\/\/adgt.cz\/fr\/products\/software\/iot24-eu-cloud-software-platform\/#breadcrumb"},"inLanguage":"fr-FR","potentialAction":[{"@type":"ReadAction","target":["https:\/\/adgt.cz\/fr\/products\/software\/iot24-eu-cloud-software-platform\/"]}]},{"@type":"ImageObject","inLanguage":"fr-FR","@id":"https:\/\/adgt.cz\/fr\/products\/software\/iot24-eu-cloud-software-platform\/#primaryimage","url":"https:\/\/adgt.cz\/wp-content\/uploads\/2020\/09\/iot24_eu.jpg","contentUrl":"https:\/\/adgt.cz\/wp-content\/uploads\/2020\/09\/iot24_eu.jpg","width":1100,"height":1100},{"@type":"BreadcrumbList","@id":"https:\/\/adgt.cz\/fr\/products\/software\/iot24-eu-cloud-software-platform\/#breadcrumb","itemListElement":[{"@type":"ListItem","position":1,"name":"Home","item":"https:\/\/adgt.cz\/fr\/"},{"@type":"ListItem","position":2,"name":"Produits","item":"https:\/\/adgt.cz\/fr\/products\/"},{"@type":"ListItem","position":3,"name":"Logiciel","item":"https:\/\/adgt.cz\/fr\/product-category\/software\/"},{"@type":"ListItem","position":4,"name":"IOT24.EU Cloud Software Platform"}]},{"@type":"WebSite","@id":"https:\/\/adgt.cz\/fr\/#website","url":"https:\/\/adgt.cz\/fr\/","name":"ADGT","description":"Just another WordPress site","publisher":{"@id":"https:\/\/adgt.cz\/fr\/#organization"},"potentialAction":[{"@type":"SearchAction","target":{"@type":"EntryPoint","urlTemplate":"https:\/\/adgt.cz\/fr\/?s={search_term_string}"},"query-input":{"@type":"PropertyValueSpecification","valueRequired":true,"valueName":"search_term_string"}}],"inLanguage":"fr-FR"},{"@type":"Organization","@id":"https:\/\/adgt.cz\/fr\/#organization","name":"ADGT","url":"https:\/\/adgt.cz\/fr\/","logo":{"@type":"ImageObject","inLanguage":"fr-FR","@id":"https:\/\/adgt.cz\/fr\/#\/schema\/logo\/image\/","url":"https:\/\/adgt.cz\/wp-content\/uploads\/2020\/09\/ADGT_logo_Magenta.png","contentUrl":"https:\/\/adgt.cz\/wp-content\/uploads\/2020\/09\/ADGT_logo_Magenta.png","width":798,"height":208,"caption":"ADGT"},"image":{"@id":"https:\/\/adgt.cz\/fr\/#\/schema\/logo\/image\/"}}]}},"_links":{"self":[{"href":"https:\/\/adgt.cz\/fr\/wp-json\/wp\/v2\/product\/7549"}],"collection":[{"href":"https:\/\/adgt.cz\/fr\/wp-json\/wp\/v2\/product"}],"about":[{"href":"https:\/\/adgt.cz\/fr\/wp-json\/wp\/v2\/types\/product"}],"replies":[{"embeddable":true,"href":"https:\/\/adgt.cz\/fr\/wp-json\/wp\/v2\/comments?post=7549"}],"wp:featuredmedia":[{"embeddable":true,"href":"https:\/\/adgt.cz\/fr\/wp-json\/wp\/v2\/media\/6439"}],"wp:attachment":[{"href":"https:\/\/adgt.cz\/fr\/wp-json\/wp\/v2\/media?parent=7549"}],"wp:term":[{"taxonomy":"product_cat","embeddable":true,"href":"https:\/\/adgt.cz\/fr\/wp-json\/wp\/v2\/product_cat?post=7549"},{"taxonomy":"product_tag","embeddable":true,"href":"https:\/\/adgt.cz\/fr\/wp-json\/wp\/v2\/product_tag?post=7549"}],"curies":[{"name":"wp","href":"https:\/\/api.w.org\/{rel}","templated":true}]}}