{"id":7541,"date":"2020-09-29T13:04:28","date_gmt":"2020-11-25T12:59:51","guid":{"rendered":"https:\/\/adgt.cz\/?post_type=product&#038;p=7541"},"modified":"2021-05-25T09:05:13","modified_gmt":"2021-05-25T09:05:13","slug":"cdm10","status":"publish","type":"product","link":"https:\/\/adgt.cz\/fr\/products\/converters\/usb-converters\/cdm10\/","title":{"rendered":"CDM10"},"content":{"rendered":"<p>Convertisseur s\u00e9rie-USB qui permet une conversion bidirectionnelle simultan\u00e9e d&#8217;USB en RS-232. Sp\u00e9cialement con\u00e7u pour \u00eatre utilis\u00e9 avec les enregistreurs de donn\u00e9es DTU1xx pour une configuration facile via un PC.<br \/>\nLe convertisseur est connect\u00e9 aux contacts RS-232 (RX, TX, GND) de l&#8217;enregistreur de donn\u00e9es DTU et permet de configurer l&#8217;appareil via un PC \u00e0 l&#8217;aide d&#8217;un c\u00e2ble micro USB. La configuration est effectu\u00e9e \u00e0 l&#8217;aide du logiciel DTU Configuration Tool. Le convertisseur CDM10 est con\u00e7u comme un circuit imprim\u00e9 dans un ruban thermor\u00e9tractable et est \u00e9quip\u00e9 d&#8217;un connecteur micro USB et d&#8217;un connecteur RS-232 \u00e0 3 broches (RX, TX, GND). Il est \u00e9quip\u00e9 de trois LED pour indiquer l&#8217;alimentation et l&#8217;\u00e9tat de r\u00e9ception\/transmission des donn\u00e9es.<\/p>\n<p><a href=\"https:\/\/www.silabs.com\/developers\/usb-to-uart-bridge-vcp-drivers\" target=\"_blank\" rel=\"noopener noreferrer\">T\u00e9l\u00e9charger Universal Windows Driver pour le convertisseur CDM10<\/a><\/p>\n","protected":false},"excerpt":{"rendered":"<p>Convertisseur s\u00e9rie-USB qui permet une conversion bidirectionnelle simultan\u00e9e d&#8217;USB en RS-232. Sp\u00e9cialement con\u00e7u pour \u00eatre utilis\u00e9 avec les enregistreurs de donn\u00e9es DTU1xx pour une configuration facile via un PC.<\/p>\n<p><a href=\"https:\/\/www.silabs.com\/developers\/usb-to-uart-bridge-vcp-drivers\" target=\"_blank\" rel=\"noopener noreferrer\">T\u00e9l\u00e9charger Universal Windows Driver pour le convertisseur CDM10<\/a><\/p>\n","protected":false},"featured_media":5158,"comment_status":"closed","ping_status":"closed","template":"","meta":[],"product_cat":[235,237],"product_tag":[],"class_list":{"0":"post-7541","1":"product","2":"type-product","3":"status-publish","4":"has-post-thumbnail","6":"product_cat-converters","7":"product_cat-usb-converters","9":"first","10":"instock","11":"shipping-taxable","12":"purchasable","13":"product-type-simple"},"yoast_head":"<!-- This site is optimized with the Yoast SEO plugin v23.5 - https:\/\/yoast.com\/wordpress\/plugins\/seo\/ -->\n<title>CDM10 - ADGT<\/title>\n<meta name=\"robots\" content=\"index, follow, max-snippet:-1, max-image-preview:large, max-video-preview:-1\" \/>\n<link rel=\"canonical\" href=\"https:\/\/adgt.cz\/fr\/products\/converters\/usb-converters\/cdm10\/\" \/>\n<meta property=\"og:locale\" content=\"fr_FR\" \/>\n<meta property=\"og:type\" content=\"article\" \/>\n<meta property=\"og:title\" content=\"CDM10 - ADGT\" \/>\n<meta property=\"og:description\" content=\"Convertisseur s\u00e9rie-USB qui permet une conversion bidirectionnelle simultan\u00e9e d&#039;USB en RS-232. Sp\u00e9cialement con\u00e7u pour \u00eatre utilis\u00e9 avec les enregistreurs de donn\u00e9es DTU1xx pour une configuration facile via un PC.  T\u00e9l\u00e9charger Universal Windows Driver pour le convertisseur CDM10\" \/>\n<meta property=\"og:url\" content=\"https:\/\/adgt.cz\/fr\/products\/converters\/usb-converters\/cdm10\/\" \/>\n<meta property=\"og:site_name\" content=\"ADGT\" \/>\n<meta property=\"article:modified_time\" content=\"2021-05-25T09:05:13+00:00\" \/>\n<meta property=\"og:image\" content=\"https:\/\/adgt.cz\/wp-content\/uploads\/2020\/09\/CMD10.jpg\" \/>\n\t<meta property=\"og:image:width\" content=\"1012\" \/>\n\t<meta property=\"og:image:height\" content=\"1012\" \/>\n\t<meta property=\"og:image:type\" content=\"image\/jpeg\" \/>\n<meta name=\"twitter:card\" content=\"summary_large_image\" \/>\n<meta name=\"twitter:label1\" content=\"Dur\u00e9e de lecture estim\u00e9e\" \/>\n\t<meta name=\"twitter:data1\" content=\"1 minute\" \/>\n<script type=\"application\/ld+json\" class=\"yoast-schema-graph\">{\"@context\":\"https:\/\/schema.org\",\"@graph\":[{\"@type\":\"WebPage\",\"@id\":\"https:\/\/adgt.cz\/fr\/products\/converters\/usb-converters\/cdm10\/\",\"url\":\"https:\/\/adgt.cz\/fr\/products\/converters\/usb-converters\/cdm10\/\",\"name\":\"CDM10 - ADGT\",\"isPartOf\":{\"@id\":\"https:\/\/adgt.cz\/fr\/#website\"},\"primaryImageOfPage\":{\"@id\":\"https:\/\/adgt.cz\/fr\/products\/converters\/usb-converters\/cdm10\/#primaryimage\"},\"image\":{\"@id\":\"https:\/\/adgt.cz\/fr\/products\/converters\/usb-converters\/cdm10\/#primaryimage\"},\"thumbnailUrl\":\"https:\/\/adgt.cz\/wp-content\/uploads\/2020\/09\/CMD10.jpg\",\"datePublished\":\"2020-11-25T12:59:51+00:00\",\"dateModified\":\"2021-05-25T09:05:13+00:00\",\"breadcrumb\":{\"@id\":\"https:\/\/adgt.cz\/fr\/products\/converters\/usb-converters\/cdm10\/#breadcrumb\"},\"inLanguage\":\"fr-FR\",\"potentialAction\":[{\"@type\":\"ReadAction\",\"target\":[\"https:\/\/adgt.cz\/fr\/products\/converters\/usb-converters\/cdm10\/\"]}]},{\"@type\":\"ImageObject\",\"inLanguage\":\"fr-FR\",\"@id\":\"https:\/\/adgt.cz\/fr\/products\/converters\/usb-converters\/cdm10\/#primaryimage\",\"url\":\"https:\/\/adgt.cz\/wp-content\/uploads\/2020\/09\/CMD10.jpg\",\"contentUrl\":\"https:\/\/adgt.cz\/wp-content\/uploads\/2020\/09\/CMD10.jpg\",\"width\":1012,\"height\":1012},{\"@type\":\"BreadcrumbList\",\"@id\":\"https:\/\/adgt.cz\/fr\/products\/converters\/usb-converters\/cdm10\/#breadcrumb\",\"itemListElement\":[{\"@type\":\"ListItem\",\"position\":1,\"name\":\"Home\",\"item\":\"https:\/\/adgt.cz\/fr\/\"},{\"@type\":\"ListItem\",\"position\":2,\"name\":\"Produits\",\"item\":\"https:\/\/adgt.cz\/fr\/products\/\"},{\"@type\":\"ListItem\",\"position\":3,\"name\":\"Convertisseurs\",\"item\":\"https:\/\/adgt.cz\/fr\/product-category\/converters\/\"},{\"@type\":\"ListItem\",\"position\":4,\"name\":\"Convertisseurs s\u00e9rie-USB\",\"item\":\"https:\/\/adgt.cz\/fr\/product-category\/converters\/usb-converters\/\"},{\"@type\":\"ListItem\",\"position\":5,\"name\":\"CDM10\"}]},{\"@type\":\"WebSite\",\"@id\":\"https:\/\/adgt.cz\/fr\/#website\",\"url\":\"https:\/\/adgt.cz\/fr\/\",\"name\":\"ADGT\",\"description\":\"Just another WordPress site\",\"publisher\":{\"@id\":\"https:\/\/adgt.cz\/fr\/#organization\"},\"potentialAction\":[{\"@type\":\"SearchAction\",\"target\":{\"@type\":\"EntryPoint\",\"urlTemplate\":\"https:\/\/adgt.cz\/fr\/?s={search_term_string}\"},\"query-input\":{\"@type\":\"PropertyValueSpecification\",\"valueRequired\":true,\"valueName\":\"search_term_string\"}}],\"inLanguage\":\"fr-FR\"},{\"@type\":\"Organization\",\"@id\":\"https:\/\/adgt.cz\/fr\/#organization\",\"name\":\"ADGT\",\"url\":\"https:\/\/adgt.cz\/fr\/\",\"logo\":{\"@type\":\"ImageObject\",\"inLanguage\":\"fr-FR\",\"@id\":\"https:\/\/adgt.cz\/fr\/#\/schema\/logo\/image\/\",\"url\":\"https:\/\/adgt.cz\/wp-content\/uploads\/2020\/09\/ADGT_logo_Magenta.png\",\"contentUrl\":\"https:\/\/adgt.cz\/wp-content\/uploads\/2020\/09\/ADGT_logo_Magenta.png\",\"width\":798,\"height\":208,\"caption\":\"ADGT\"},\"image\":{\"@id\":\"https:\/\/adgt.cz\/fr\/#\/schema\/logo\/image\/\"}}]}<\/script>\n<!-- \/ Yoast SEO plugin. -->","yoast_head_json":{"title":"CDM10 - ADGT","robots":{"index":"index","follow":"follow","max-snippet":"max-snippet:-1","max-image-preview":"max-image-preview:large","max-video-preview":"max-video-preview:-1"},"canonical":"https:\/\/adgt.cz\/fr\/products\/converters\/usb-converters\/cdm10\/","og_locale":"fr_FR","og_type":"article","og_title":"CDM10 - ADGT","og_description":"Convertisseur s\u00e9rie-USB qui permet une conversion bidirectionnelle simultan\u00e9e d'USB en RS-232. Sp\u00e9cialement con\u00e7u pour \u00eatre utilis\u00e9 avec les enregistreurs de donn\u00e9es DTU1xx pour une configuration facile via un PC.  T\u00e9l\u00e9charger Universal Windows Driver pour le convertisseur CDM10","og_url":"https:\/\/adgt.cz\/fr\/products\/converters\/usb-converters\/cdm10\/","og_site_name":"ADGT","article_modified_time":"2021-05-25T09:05:13+00:00","og_image":[{"width":1012,"height":1012,"url":"https:\/\/adgt.cz\/wp-content\/uploads\/2020\/09\/CMD10.jpg","type":"image\/jpeg"}],"twitter_card":"summary_large_image","twitter_misc":{"Dur\u00e9e de lecture estim\u00e9e":"1 minute"},"schema":{"@context":"https:\/\/schema.org","@graph":[{"@type":"WebPage","@id":"https:\/\/adgt.cz\/fr\/products\/converters\/usb-converters\/cdm10\/","url":"https:\/\/adgt.cz\/fr\/products\/converters\/usb-converters\/cdm10\/","name":"CDM10 - ADGT","isPartOf":{"@id":"https:\/\/adgt.cz\/fr\/#website"},"primaryImageOfPage":{"@id":"https:\/\/adgt.cz\/fr\/products\/converters\/usb-converters\/cdm10\/#primaryimage"},"image":{"@id":"https:\/\/adgt.cz\/fr\/products\/converters\/usb-converters\/cdm10\/#primaryimage"},"thumbnailUrl":"https:\/\/adgt.cz\/wp-content\/uploads\/2020\/09\/CMD10.jpg","datePublished":"2020-11-25T12:59:51+00:00","dateModified":"2021-05-25T09:05:13+00:00","breadcrumb":{"@id":"https:\/\/adgt.cz\/fr\/products\/converters\/usb-converters\/cdm10\/#breadcrumb"},"inLanguage":"fr-FR","potentialAction":[{"@type":"ReadAction","target":["https:\/\/adgt.cz\/fr\/products\/converters\/usb-converters\/cdm10\/"]}]},{"@type":"ImageObject","inLanguage":"fr-FR","@id":"https:\/\/adgt.cz\/fr\/products\/converters\/usb-converters\/cdm10\/#primaryimage","url":"https:\/\/adgt.cz\/wp-content\/uploads\/2020\/09\/CMD10.jpg","contentUrl":"https:\/\/adgt.cz\/wp-content\/uploads\/2020\/09\/CMD10.jpg","width":1012,"height":1012},{"@type":"BreadcrumbList","@id":"https:\/\/adgt.cz\/fr\/products\/converters\/usb-converters\/cdm10\/#breadcrumb","itemListElement":[{"@type":"ListItem","position":1,"name":"Home","item":"https:\/\/adgt.cz\/fr\/"},{"@type":"ListItem","position":2,"name":"Produits","item":"https:\/\/adgt.cz\/fr\/products\/"},{"@type":"ListItem","position":3,"name":"Convertisseurs","item":"https:\/\/adgt.cz\/fr\/product-category\/converters\/"},{"@type":"ListItem","position":4,"name":"Convertisseurs s\u00e9rie-USB","item":"https:\/\/adgt.cz\/fr\/product-category\/converters\/usb-converters\/"},{"@type":"ListItem","position":5,"name":"CDM10"}]},{"@type":"WebSite","@id":"https:\/\/adgt.cz\/fr\/#website","url":"https:\/\/adgt.cz\/fr\/","name":"ADGT","description":"Just another WordPress site","publisher":{"@id":"https:\/\/adgt.cz\/fr\/#organization"},"potentialAction":[{"@type":"SearchAction","target":{"@type":"EntryPoint","urlTemplate":"https:\/\/adgt.cz\/fr\/?s={search_term_string}"},"query-input":{"@type":"PropertyValueSpecification","valueRequired":true,"valueName":"search_term_string"}}],"inLanguage":"fr-FR"},{"@type":"Organization","@id":"https:\/\/adgt.cz\/fr\/#organization","name":"ADGT","url":"https:\/\/adgt.cz\/fr\/","logo":{"@type":"ImageObject","inLanguage":"fr-FR","@id":"https:\/\/adgt.cz\/fr\/#\/schema\/logo\/image\/","url":"https:\/\/adgt.cz\/wp-content\/uploads\/2020\/09\/ADGT_logo_Magenta.png","contentUrl":"https:\/\/adgt.cz\/wp-content\/uploads\/2020\/09\/ADGT_logo_Magenta.png","width":798,"height":208,"caption":"ADGT"},"image":{"@id":"https:\/\/adgt.cz\/fr\/#\/schema\/logo\/image\/"}}]}},"_links":{"self":[{"href":"https:\/\/adgt.cz\/fr\/wp-json\/wp\/v2\/product\/7541"}],"collection":[{"href":"https:\/\/adgt.cz\/fr\/wp-json\/wp\/v2\/product"}],"about":[{"href":"https:\/\/adgt.cz\/fr\/wp-json\/wp\/v2\/types\/product"}],"replies":[{"embeddable":true,"href":"https:\/\/adgt.cz\/fr\/wp-json\/wp\/v2\/comments?post=7541"}],"wp:featuredmedia":[{"embeddable":true,"href":"https:\/\/adgt.cz\/fr\/wp-json\/wp\/v2\/media\/5158"}],"wp:attachment":[{"href":"https:\/\/adgt.cz\/fr\/wp-json\/wp\/v2\/media?parent=7541"}],"wp:term":[{"taxonomy":"product_cat","embeddable":true,"href":"https:\/\/adgt.cz\/fr\/wp-json\/wp\/v2\/product_cat?post=7541"},{"taxonomy":"product_tag","embeddable":true,"href":"https:\/\/adgt.cz\/fr\/wp-json\/wp\/v2\/product_tag?post=7541"}],"curies":[{"name":"wp","href":"https:\/\/api.w.org\/{rel}","templated":true}]}}