{"id":7535,"date":"2020-09-28T14:53:48","date_gmt":"2020-11-25T12:43:00","guid":{"rendered":"https:\/\/adgt.cz\/?post_type=product&#038;p=7535"},"modified":"2021-09-06T14:57:03","modified_gmt":"2021-09-06T14:57:03","slug":"edm106","status":"publish","type":"product","link":"https:\/\/adgt.cz\/fr\/products\/converters\/ethernet-converters\/edm106\/","title":{"rendered":"EDM106"},"content":{"rendered":"<p>Convertisseur s\u00e9rie-\u00e9thernet bidirectionnel avec un port RS-232 et deux ports RS-485. Con\u00e7u pour connecter des appareils s\u00e9rie RS-232\/RS-485\/RS-422 \u00e0 un r\u00e9seau Internet LAN\/WAN sur Ethernet. Solution facile \u00e0 utiliser, fiable et \u00e9conomique qui permet d&#8217;acc\u00e9der \u00e0 distance \u00e0 des \u00e9quipements industriels depuis n&#8217;importe o\u00f9 dans le monde. Toutes les interfaces s\u00e9rie peuvent \u00eatre utilis\u00e9es simultan\u00e9ment, ce qui permet de connecter une large gamme d&#8217;appareils: compteurs, contr\u00f4leurs, capteurs, etc.<\/p>\n<p>\u2014 Modes de fonctionnement du serveur TCP et du client TCP<br \/>\n\u2014 Int\u00e9gration ais\u00e9e dans un syst\u00e8me SCADA ou tout autre syst\u00e8me d&#8217;automatisation industrielle<br \/>\n\u2014 Configuration via l&#8217;interface web<br \/>\n\u2014 Une minuterie de surveillance int\u00e9gr\u00e9e assure le red\u00e9marrage automatique de l&#8217;appareil en cas de d\u00e9faillance et de raccrochage du syst\u00e8me<br \/>\n\u2014 Bo\u00eetier m\u00e9tallique compact<br \/>\n\u2014 Montage sur rail DIN et sur mur<\/p>\n","protected":false},"excerpt":{"rendered":"<p>Convertisseur s\u00e9rie-\u00e9thernet bidirectionnel avec un port RS-232 et deux ports RS-485. Con\u00e7u pour connecter des appareils s\u00e9rie RS-232\/RS-485\/RS-422 \u00e0 un r\u00e9seau Internet LAN\/WAN sur Ethernet. Solution facile \u00e0 utiliser, fiable et \u00e9conomique qui permet d&#8217;acc\u00e9der \u00e0 distance \u00e0 des \u00e9quipements industriels depuis n&#8217;importe o\u00f9 dans le monde. Toutes les interfaces s\u00e9rie peuvent \u00eatre utilis\u00e9es simultan\u00e9ment, ce qui permet de connecter une large gamme d&#8217;appareils: compteurs, contr\u00f4leurs, capteurs, etc.<\/p>\n","protected":false},"featured_media":5139,"comment_status":"closed","ping_status":"closed","template":"","meta":[],"product_cat":[235,236],"product_tag":[],"class_list":{"0":"post-7535","1":"product","2":"type-product","3":"status-publish","4":"has-post-thumbnail","6":"product_cat-converters","7":"product_cat-ethernet-converters","9":"first","10":"instock","11":"shipping-taxable","12":"purchasable","13":"product-type-simple"},"yoast_head":"<!-- This site is optimized with the Yoast SEO plugin v23.5 - https:\/\/yoast.com\/wordpress\/plugins\/seo\/ -->\n<title>EDM106 - ADGT<\/title>\n<meta name=\"robots\" content=\"index, follow, max-snippet:-1, max-image-preview:large, max-video-preview:-1\" \/>\n<link rel=\"canonical\" href=\"https:\/\/adgt.cz\/fr\/products\/converters\/ethernet-converters\/edm106\/\" \/>\n<meta property=\"og:locale\" content=\"fr_FR\" \/>\n<meta property=\"og:type\" content=\"article\" \/>\n<meta property=\"og:title\" content=\"EDM106 - ADGT\" \/>\n<meta property=\"og:description\" content=\"Convertisseur s\u00e9rie-\u00e9thernet bidirectionnel avec un port RS-232 et deux ports RS-485. Con\u00e7u pour connecter des appareils s\u00e9rie RS-232\/RS-485\/RS-422 \u00e0 un r\u00e9seau Internet LAN\/WAN sur Ethernet. Solution facile \u00e0 utiliser, fiable et \u00e9conomique qui permet d&#039;acc\u00e9der \u00e0 distance \u00e0 des \u00e9quipements industriels depuis n&#039;importe o\u00f9 dans le monde. Toutes les interfaces s\u00e9rie peuvent \u00eatre utilis\u00e9es simultan\u00e9ment, ce qui permet de connecter une large gamme d&#039;appareils: compteurs, contr\u00f4leurs, capteurs, etc.\" \/>\n<meta property=\"og:url\" content=\"https:\/\/adgt.cz\/fr\/products\/converters\/ethernet-converters\/edm106\/\" \/>\n<meta property=\"og:site_name\" content=\"ADGT\" \/>\n<meta property=\"article:modified_time\" content=\"2021-09-06T14:57:03+00:00\" \/>\n<meta property=\"og:image\" content=\"https:\/\/adgt.cz\/wp-content\/uploads\/2020\/09\/ER108_3.jpg\" \/>\n\t<meta property=\"og:image:width\" content=\"1022\" \/>\n\t<meta property=\"og:image:height\" content=\"1024\" \/>\n\t<meta property=\"og:image:type\" content=\"image\/jpeg\" \/>\n<meta name=\"twitter:card\" content=\"summary_large_image\" \/>\n<meta name=\"twitter:label1\" content=\"Dur\u00e9e de lecture estim\u00e9e\" \/>\n\t<meta name=\"twitter:data1\" content=\"1 minute\" \/>\n<script type=\"application\/ld+json\" class=\"yoast-schema-graph\">{\"@context\":\"https:\/\/schema.org\",\"@graph\":[{\"@type\":\"WebPage\",\"@id\":\"https:\/\/adgt.cz\/fr\/products\/converters\/ethernet-converters\/edm106\/\",\"url\":\"https:\/\/adgt.cz\/fr\/products\/converters\/ethernet-converters\/edm106\/\",\"name\":\"EDM106 - ADGT\",\"isPartOf\":{\"@id\":\"https:\/\/adgt.cz\/fr\/#website\"},\"primaryImageOfPage\":{\"@id\":\"https:\/\/adgt.cz\/fr\/products\/converters\/ethernet-converters\/edm106\/#primaryimage\"},\"image\":{\"@id\":\"https:\/\/adgt.cz\/fr\/products\/converters\/ethernet-converters\/edm106\/#primaryimage\"},\"thumbnailUrl\":\"https:\/\/adgt.cz\/wp-content\/uploads\/2020\/09\/ER108_3.jpg\",\"datePublished\":\"2020-11-25T12:43:00+00:00\",\"dateModified\":\"2021-09-06T14:57:03+00:00\",\"breadcrumb\":{\"@id\":\"https:\/\/adgt.cz\/fr\/products\/converters\/ethernet-converters\/edm106\/#breadcrumb\"},\"inLanguage\":\"fr-FR\",\"potentialAction\":[{\"@type\":\"ReadAction\",\"target\":[\"https:\/\/adgt.cz\/fr\/products\/converters\/ethernet-converters\/edm106\/\"]}]},{\"@type\":\"ImageObject\",\"inLanguage\":\"fr-FR\",\"@id\":\"https:\/\/adgt.cz\/fr\/products\/converters\/ethernet-converters\/edm106\/#primaryimage\",\"url\":\"https:\/\/adgt.cz\/wp-content\/uploads\/2020\/09\/ER108_3.jpg\",\"contentUrl\":\"https:\/\/adgt.cz\/wp-content\/uploads\/2020\/09\/ER108_3.jpg\",\"width\":1022,\"height\":1024},{\"@type\":\"BreadcrumbList\",\"@id\":\"https:\/\/adgt.cz\/fr\/products\/converters\/ethernet-converters\/edm106\/#breadcrumb\",\"itemListElement\":[{\"@type\":\"ListItem\",\"position\":1,\"name\":\"Home\",\"item\":\"https:\/\/adgt.cz\/fr\/\"},{\"@type\":\"ListItem\",\"position\":2,\"name\":\"Produits\",\"item\":\"https:\/\/adgt.cz\/fr\/products\/\"},{\"@type\":\"ListItem\",\"position\":3,\"name\":\"Convertisseurs\",\"item\":\"https:\/\/adgt.cz\/fr\/product-category\/converters\/\"},{\"@type\":\"ListItem\",\"position\":4,\"name\":\"Convertisseurs s\u00e9rie-\u00e9thernet\",\"item\":\"https:\/\/adgt.cz\/fr\/product-category\/converters\/ethernet-converters\/\"},{\"@type\":\"ListItem\",\"position\":5,\"name\":\"EDM106\"}]},{\"@type\":\"WebSite\",\"@id\":\"https:\/\/adgt.cz\/fr\/#website\",\"url\":\"https:\/\/adgt.cz\/fr\/\",\"name\":\"ADGT\",\"description\":\"Just another WordPress site\",\"publisher\":{\"@id\":\"https:\/\/adgt.cz\/fr\/#organization\"},\"potentialAction\":[{\"@type\":\"SearchAction\",\"target\":{\"@type\":\"EntryPoint\",\"urlTemplate\":\"https:\/\/adgt.cz\/fr\/?s={search_term_string}\"},\"query-input\":{\"@type\":\"PropertyValueSpecification\",\"valueRequired\":true,\"valueName\":\"search_term_string\"}}],\"inLanguage\":\"fr-FR\"},{\"@type\":\"Organization\",\"@id\":\"https:\/\/adgt.cz\/fr\/#organization\",\"name\":\"ADGT\",\"url\":\"https:\/\/adgt.cz\/fr\/\",\"logo\":{\"@type\":\"ImageObject\",\"inLanguage\":\"fr-FR\",\"@id\":\"https:\/\/adgt.cz\/fr\/#\/schema\/logo\/image\/\",\"url\":\"https:\/\/adgt.cz\/wp-content\/uploads\/2020\/09\/ADGT_logo_Magenta.png\",\"contentUrl\":\"https:\/\/adgt.cz\/wp-content\/uploads\/2020\/09\/ADGT_logo_Magenta.png\",\"width\":798,\"height\":208,\"caption\":\"ADGT\"},\"image\":{\"@id\":\"https:\/\/adgt.cz\/fr\/#\/schema\/logo\/image\/\"}}]}<\/script>\n<!-- \/ Yoast SEO plugin. -->","yoast_head_json":{"title":"EDM106 - ADGT","robots":{"index":"index","follow":"follow","max-snippet":"max-snippet:-1","max-image-preview":"max-image-preview:large","max-video-preview":"max-video-preview:-1"},"canonical":"https:\/\/adgt.cz\/fr\/products\/converters\/ethernet-converters\/edm106\/","og_locale":"fr_FR","og_type":"article","og_title":"EDM106 - ADGT","og_description":"Convertisseur s\u00e9rie-\u00e9thernet bidirectionnel avec un port RS-232 et deux ports RS-485. Con\u00e7u pour connecter des appareils s\u00e9rie RS-232\/RS-485\/RS-422 \u00e0 un r\u00e9seau Internet LAN\/WAN sur Ethernet. Solution facile \u00e0 utiliser, fiable et \u00e9conomique qui permet d'acc\u00e9der \u00e0 distance \u00e0 des \u00e9quipements industriels depuis n'importe o\u00f9 dans le monde. Toutes les interfaces s\u00e9rie peuvent \u00eatre utilis\u00e9es simultan\u00e9ment, ce qui permet de connecter une large gamme d'appareils: compteurs, contr\u00f4leurs, capteurs, etc.","og_url":"https:\/\/adgt.cz\/fr\/products\/converters\/ethernet-converters\/edm106\/","og_site_name":"ADGT","article_modified_time":"2021-09-06T14:57:03+00:00","og_image":[{"width":1022,"height":1024,"url":"https:\/\/adgt.cz\/wp-content\/uploads\/2020\/09\/ER108_3.jpg","type":"image\/jpeg"}],"twitter_card":"summary_large_image","twitter_misc":{"Dur\u00e9e de lecture estim\u00e9e":"1 minute"},"schema":{"@context":"https:\/\/schema.org","@graph":[{"@type":"WebPage","@id":"https:\/\/adgt.cz\/fr\/products\/converters\/ethernet-converters\/edm106\/","url":"https:\/\/adgt.cz\/fr\/products\/converters\/ethernet-converters\/edm106\/","name":"EDM106 - ADGT","isPartOf":{"@id":"https:\/\/adgt.cz\/fr\/#website"},"primaryImageOfPage":{"@id":"https:\/\/adgt.cz\/fr\/products\/converters\/ethernet-converters\/edm106\/#primaryimage"},"image":{"@id":"https:\/\/adgt.cz\/fr\/products\/converters\/ethernet-converters\/edm106\/#primaryimage"},"thumbnailUrl":"https:\/\/adgt.cz\/wp-content\/uploads\/2020\/09\/ER108_3.jpg","datePublished":"2020-11-25T12:43:00+00:00","dateModified":"2021-09-06T14:57:03+00:00","breadcrumb":{"@id":"https:\/\/adgt.cz\/fr\/products\/converters\/ethernet-converters\/edm106\/#breadcrumb"},"inLanguage":"fr-FR","potentialAction":[{"@type":"ReadAction","target":["https:\/\/adgt.cz\/fr\/products\/converters\/ethernet-converters\/edm106\/"]}]},{"@type":"ImageObject","inLanguage":"fr-FR","@id":"https:\/\/adgt.cz\/fr\/products\/converters\/ethernet-converters\/edm106\/#primaryimage","url":"https:\/\/adgt.cz\/wp-content\/uploads\/2020\/09\/ER108_3.jpg","contentUrl":"https:\/\/adgt.cz\/wp-content\/uploads\/2020\/09\/ER108_3.jpg","width":1022,"height":1024},{"@type":"BreadcrumbList","@id":"https:\/\/adgt.cz\/fr\/products\/converters\/ethernet-converters\/edm106\/#breadcrumb","itemListElement":[{"@type":"ListItem","position":1,"name":"Home","item":"https:\/\/adgt.cz\/fr\/"},{"@type":"ListItem","position":2,"name":"Produits","item":"https:\/\/adgt.cz\/fr\/products\/"},{"@type":"ListItem","position":3,"name":"Convertisseurs","item":"https:\/\/adgt.cz\/fr\/product-category\/converters\/"},{"@type":"ListItem","position":4,"name":"Convertisseurs s\u00e9rie-\u00e9thernet","item":"https:\/\/adgt.cz\/fr\/product-category\/converters\/ethernet-converters\/"},{"@type":"ListItem","position":5,"name":"EDM106"}]},{"@type":"WebSite","@id":"https:\/\/adgt.cz\/fr\/#website","url":"https:\/\/adgt.cz\/fr\/","name":"ADGT","description":"Just another WordPress site","publisher":{"@id":"https:\/\/adgt.cz\/fr\/#organization"},"potentialAction":[{"@type":"SearchAction","target":{"@type":"EntryPoint","urlTemplate":"https:\/\/adgt.cz\/fr\/?s={search_term_string}"},"query-input":{"@type":"PropertyValueSpecification","valueRequired":true,"valueName":"search_term_string"}}],"inLanguage":"fr-FR"},{"@type":"Organization","@id":"https:\/\/adgt.cz\/fr\/#organization","name":"ADGT","url":"https:\/\/adgt.cz\/fr\/","logo":{"@type":"ImageObject","inLanguage":"fr-FR","@id":"https:\/\/adgt.cz\/fr\/#\/schema\/logo\/image\/","url":"https:\/\/adgt.cz\/wp-content\/uploads\/2020\/09\/ADGT_logo_Magenta.png","contentUrl":"https:\/\/adgt.cz\/wp-content\/uploads\/2020\/09\/ADGT_logo_Magenta.png","width":798,"height":208,"caption":"ADGT"},"image":{"@id":"https:\/\/adgt.cz\/fr\/#\/schema\/logo\/image\/"}}]}},"_links":{"self":[{"href":"https:\/\/adgt.cz\/fr\/wp-json\/wp\/v2\/product\/7535"}],"collection":[{"href":"https:\/\/adgt.cz\/fr\/wp-json\/wp\/v2\/product"}],"about":[{"href":"https:\/\/adgt.cz\/fr\/wp-json\/wp\/v2\/types\/product"}],"replies":[{"embeddable":true,"href":"https:\/\/adgt.cz\/fr\/wp-json\/wp\/v2\/comments?post=7535"}],"wp:featuredmedia":[{"embeddable":true,"href":"https:\/\/adgt.cz\/fr\/wp-json\/wp\/v2\/media\/5139"}],"wp:attachment":[{"href":"https:\/\/adgt.cz\/fr\/wp-json\/wp\/v2\/media?parent=7535"}],"wp:term":[{"taxonomy":"product_cat","embeddable":true,"href":"https:\/\/adgt.cz\/fr\/wp-json\/wp\/v2\/product_cat?post=7535"},{"taxonomy":"product_tag","embeddable":true,"href":"https:\/\/adgt.cz\/fr\/wp-json\/wp\/v2\/product_tag?post=7535"}],"curies":[{"name":"wp","href":"https:\/\/api.w.org\/{rel}","templated":true}]}}