{"id":7533,"date":"2020-10-02T11:41:27","date_gmt":"2020-11-25T12:19:26","guid":{"rendered":"https:\/\/adgt.cz\/?post_type=product&#038;p=7533"},"modified":"2020-12-10T15:02:08","modified_gmt":"2020-12-10T15:02:08","slug":"adaptateur-dalimentation-en-energie-gm24-10-open-end","status":"publish","type":"product","link":"https:\/\/adgt.cz\/fr\/products\/accessories\/adaptateur-dalimentation-en-energie-gm24-10-open-end\/","title":{"rendered":"Adaptateur d&#8217;alimentation en \u00e9nergie GM24-10 (Open End)"},"content":{"rendered":"<p>Adaptateur d&#8217;alimentation \u00e9lectrique avec c\u00e2ble \u00e0 extr\u00e9mit\u00e9 ouverte pour les \u00e9quipements \u00e9lectriques et radio avec une tension d&#8217;alimentation de 24V et une consommation de courant allant jusqu&#8217;\u00e0 1000mA.<\/p>\n<p>Sp\u00e9cifications techniques:<br \/>\n\u2014 Tension d&#8217;entr\u00e9e: 110-240 VAC 50\/60Hz<br \/>\n\u2014 Tension de sortie: 24 VDC<br \/>\n\u2014 Actuel: 1A<br \/>\n\u2014 Connecteur: 2 broches (extr\u00e9mit\u00e9 ouverte)<br \/>\n\u2014 Poids: 115 g<br \/>\n\u2014 Temp\u00e9rature de fonctionnement: 0\u2026+55\u00b0C<\/p>\n","protected":false},"excerpt":{"rendered":"<p>Adaptateur d&#8217;alimentation \u00e9lectrique avec c\u00e2ble \u00e0 extr\u00e9mit\u00e9 ouverte pour les \u00e9quipements \u00e9lectriques et radio avec une tension d&#8217;alimentation de 24V et une consommation de courant allant jusqu&#8217;\u00e0 1000mA.<\/p>\n","protected":false},"featured_media":6728,"comment_status":"closed","ping_status":"closed","template":"","meta":[],"product_cat":[242],"product_tag":[],"class_list":{"0":"post-7533","1":"product","2":"type-product","3":"status-publish","4":"has-post-thumbnail","6":"product_cat-accessories","8":"first","9":"instock","10":"shipping-taxable","11":"purchasable","12":"product-type-simple"},"yoast_head":"<!-- This site is optimized with the Yoast SEO plugin v23.5 - https:\/\/yoast.com\/wordpress\/plugins\/seo\/ -->\n<title>Adaptateur d&#039;alimentation en \u00e9nergie GM24-10 (Open End) - ADGT<\/title>\n<meta name=\"robots\" content=\"index, follow, max-snippet:-1, max-image-preview:large, max-video-preview:-1\" \/>\n<link rel=\"canonical\" href=\"https:\/\/adgt.cz\/fr\/products\/accessories\/adaptateur-dalimentation-en-energie-gm24-10-open-end\/\" \/>\n<meta property=\"og:locale\" content=\"fr_FR\" \/>\n<meta property=\"og:type\" content=\"article\" \/>\n<meta property=\"og:title\" content=\"Adaptateur d&#039;alimentation en \u00e9nergie GM24-10 (Open End) - ADGT\" \/>\n<meta property=\"og:description\" content=\"Adaptateur d&#039;alimentation \u00e9lectrique avec c\u00e2ble \u00e0 extr\u00e9mit\u00e9 ouverte pour les \u00e9quipements \u00e9lectriques et radio avec une tension d&#039;alimentation de 24V et une consommation de courant allant jusqu&#039;\u00e0 1000mA.\" \/>\n<meta property=\"og:url\" content=\"https:\/\/adgt.cz\/fr\/products\/accessories\/adaptateur-dalimentation-en-energie-gm24-10-open-end\/\" \/>\n<meta property=\"og:site_name\" content=\"ADGT\" \/>\n<meta property=\"article:modified_time\" content=\"2020-12-10T15:02:08+00:00\" \/>\n<meta property=\"og:image\" content=\"https:\/\/adgt.cz\/wp-content\/uploads\/2020\/10\/GM24-10open-end_1-1.jpg\" \/>\n\t<meta property=\"og:image:width\" content=\"1200\" \/>\n\t<meta property=\"og:image:height\" content=\"1200\" \/>\n\t<meta property=\"og:image:type\" content=\"image\/jpeg\" \/>\n<meta name=\"twitter:card\" content=\"summary_large_image\" \/>\n<script type=\"application\/ld+json\" class=\"yoast-schema-graph\">{\"@context\":\"https:\/\/schema.org\",\"@graph\":[{\"@type\":\"WebPage\",\"@id\":\"https:\/\/adgt.cz\/fr\/products\/accessories\/adaptateur-dalimentation-en-energie-gm24-10-open-end\/\",\"url\":\"https:\/\/adgt.cz\/fr\/products\/accessories\/adaptateur-dalimentation-en-energie-gm24-10-open-end\/\",\"name\":\"Adaptateur d'alimentation en \u00e9nergie GM24-10 (Open End) - ADGT\",\"isPartOf\":{\"@id\":\"https:\/\/adgt.cz\/fr\/#website\"},\"primaryImageOfPage\":{\"@id\":\"https:\/\/adgt.cz\/fr\/products\/accessories\/adaptateur-dalimentation-en-energie-gm24-10-open-end\/#primaryimage\"},\"image\":{\"@id\":\"https:\/\/adgt.cz\/fr\/products\/accessories\/adaptateur-dalimentation-en-energie-gm24-10-open-end\/#primaryimage\"},\"thumbnailUrl\":\"https:\/\/adgt.cz\/wp-content\/uploads\/2020\/10\/GM24-10open-end_1-1.jpg\",\"datePublished\":\"2020-11-25T12:19:26+00:00\",\"dateModified\":\"2020-12-10T15:02:08+00:00\",\"breadcrumb\":{\"@id\":\"https:\/\/adgt.cz\/fr\/products\/accessories\/adaptateur-dalimentation-en-energie-gm24-10-open-end\/#breadcrumb\"},\"inLanguage\":\"fr-FR\",\"potentialAction\":[{\"@type\":\"ReadAction\",\"target\":[\"https:\/\/adgt.cz\/fr\/products\/accessories\/adaptateur-dalimentation-en-energie-gm24-10-open-end\/\"]}]},{\"@type\":\"ImageObject\",\"inLanguage\":\"fr-FR\",\"@id\":\"https:\/\/adgt.cz\/fr\/products\/accessories\/adaptateur-dalimentation-en-energie-gm24-10-open-end\/#primaryimage\",\"url\":\"https:\/\/adgt.cz\/wp-content\/uploads\/2020\/10\/GM24-10open-end_1-1.jpg\",\"contentUrl\":\"https:\/\/adgt.cz\/wp-content\/uploads\/2020\/10\/GM24-10open-end_1-1.jpg\",\"width\":1200,\"height\":1200},{\"@type\":\"BreadcrumbList\",\"@id\":\"https:\/\/adgt.cz\/fr\/products\/accessories\/adaptateur-dalimentation-en-energie-gm24-10-open-end\/#breadcrumb\",\"itemListElement\":[{\"@type\":\"ListItem\",\"position\":1,\"name\":\"Home\",\"item\":\"https:\/\/adgt.cz\/fr\/\"},{\"@type\":\"ListItem\",\"position\":2,\"name\":\"Produits\",\"item\":\"https:\/\/adgt.cz\/fr\/products\/\"},{\"@type\":\"ListItem\",\"position\":3,\"name\":\"Accessoires\",\"item\":\"https:\/\/adgt.cz\/fr\/product-category\/accessories\/\"},{\"@type\":\"ListItem\",\"position\":4,\"name\":\"Adaptateur d&#8217;alimentation en \u00e9nergie GM24-10 (Open End)\"}]},{\"@type\":\"WebSite\",\"@id\":\"https:\/\/adgt.cz\/fr\/#website\",\"url\":\"https:\/\/adgt.cz\/fr\/\",\"name\":\"ADGT\",\"description\":\"Just another WordPress site\",\"publisher\":{\"@id\":\"https:\/\/adgt.cz\/fr\/#organization\"},\"potentialAction\":[{\"@type\":\"SearchAction\",\"target\":{\"@type\":\"EntryPoint\",\"urlTemplate\":\"https:\/\/adgt.cz\/fr\/?s={search_term_string}\"},\"query-input\":{\"@type\":\"PropertyValueSpecification\",\"valueRequired\":true,\"valueName\":\"search_term_string\"}}],\"inLanguage\":\"fr-FR\"},{\"@type\":\"Organization\",\"@id\":\"https:\/\/adgt.cz\/fr\/#organization\",\"name\":\"ADGT\",\"url\":\"https:\/\/adgt.cz\/fr\/\",\"logo\":{\"@type\":\"ImageObject\",\"inLanguage\":\"fr-FR\",\"@id\":\"https:\/\/adgt.cz\/fr\/#\/schema\/logo\/image\/\",\"url\":\"https:\/\/adgt.cz\/wp-content\/uploads\/2020\/09\/ADGT_logo_Magenta.png\",\"contentUrl\":\"https:\/\/adgt.cz\/wp-content\/uploads\/2020\/09\/ADGT_logo_Magenta.png\",\"width\":798,\"height\":208,\"caption\":\"ADGT\"},\"image\":{\"@id\":\"https:\/\/adgt.cz\/fr\/#\/schema\/logo\/image\/\"}}]}<\/script>\n<!-- \/ Yoast SEO plugin. -->","yoast_head_json":{"title":"Adaptateur d'alimentation en \u00e9nergie GM24-10 (Open End) - ADGT","robots":{"index":"index","follow":"follow","max-snippet":"max-snippet:-1","max-image-preview":"max-image-preview:large","max-video-preview":"max-video-preview:-1"},"canonical":"https:\/\/adgt.cz\/fr\/products\/accessories\/adaptateur-dalimentation-en-energie-gm24-10-open-end\/","og_locale":"fr_FR","og_type":"article","og_title":"Adaptateur d'alimentation en \u00e9nergie GM24-10 (Open End) - ADGT","og_description":"Adaptateur d'alimentation \u00e9lectrique avec c\u00e2ble \u00e0 extr\u00e9mit\u00e9 ouverte pour les \u00e9quipements \u00e9lectriques et radio avec une tension d'alimentation de 24V et une consommation de courant allant jusqu'\u00e0 1000mA.","og_url":"https:\/\/adgt.cz\/fr\/products\/accessories\/adaptateur-dalimentation-en-energie-gm24-10-open-end\/","og_site_name":"ADGT","article_modified_time":"2020-12-10T15:02:08+00:00","og_image":[{"width":1200,"height":1200,"url":"https:\/\/adgt.cz\/wp-content\/uploads\/2020\/10\/GM24-10open-end_1-1.jpg","type":"image\/jpeg"}],"twitter_card":"summary_large_image","schema":{"@context":"https:\/\/schema.org","@graph":[{"@type":"WebPage","@id":"https:\/\/adgt.cz\/fr\/products\/accessories\/adaptateur-dalimentation-en-energie-gm24-10-open-end\/","url":"https:\/\/adgt.cz\/fr\/products\/accessories\/adaptateur-dalimentation-en-energie-gm24-10-open-end\/","name":"Adaptateur d'alimentation en \u00e9nergie GM24-10 (Open End) - ADGT","isPartOf":{"@id":"https:\/\/adgt.cz\/fr\/#website"},"primaryImageOfPage":{"@id":"https:\/\/adgt.cz\/fr\/products\/accessories\/adaptateur-dalimentation-en-energie-gm24-10-open-end\/#primaryimage"},"image":{"@id":"https:\/\/adgt.cz\/fr\/products\/accessories\/adaptateur-dalimentation-en-energie-gm24-10-open-end\/#primaryimage"},"thumbnailUrl":"https:\/\/adgt.cz\/wp-content\/uploads\/2020\/10\/GM24-10open-end_1-1.jpg","datePublished":"2020-11-25T12:19:26+00:00","dateModified":"2020-12-10T15:02:08+00:00","breadcrumb":{"@id":"https:\/\/adgt.cz\/fr\/products\/accessories\/adaptateur-dalimentation-en-energie-gm24-10-open-end\/#breadcrumb"},"inLanguage":"fr-FR","potentialAction":[{"@type":"ReadAction","target":["https:\/\/adgt.cz\/fr\/products\/accessories\/adaptateur-dalimentation-en-energie-gm24-10-open-end\/"]}]},{"@type":"ImageObject","inLanguage":"fr-FR","@id":"https:\/\/adgt.cz\/fr\/products\/accessories\/adaptateur-dalimentation-en-energie-gm24-10-open-end\/#primaryimage","url":"https:\/\/adgt.cz\/wp-content\/uploads\/2020\/10\/GM24-10open-end_1-1.jpg","contentUrl":"https:\/\/adgt.cz\/wp-content\/uploads\/2020\/10\/GM24-10open-end_1-1.jpg","width":1200,"height":1200},{"@type":"BreadcrumbList","@id":"https:\/\/adgt.cz\/fr\/products\/accessories\/adaptateur-dalimentation-en-energie-gm24-10-open-end\/#breadcrumb","itemListElement":[{"@type":"ListItem","position":1,"name":"Home","item":"https:\/\/adgt.cz\/fr\/"},{"@type":"ListItem","position":2,"name":"Produits","item":"https:\/\/adgt.cz\/fr\/products\/"},{"@type":"ListItem","position":3,"name":"Accessoires","item":"https:\/\/adgt.cz\/fr\/product-category\/accessories\/"},{"@type":"ListItem","position":4,"name":"Adaptateur d&#8217;alimentation en \u00e9nergie GM24-10 (Open End)"}]},{"@type":"WebSite","@id":"https:\/\/adgt.cz\/fr\/#website","url":"https:\/\/adgt.cz\/fr\/","name":"ADGT","description":"Just another WordPress site","publisher":{"@id":"https:\/\/adgt.cz\/fr\/#organization"},"potentialAction":[{"@type":"SearchAction","target":{"@type":"EntryPoint","urlTemplate":"https:\/\/adgt.cz\/fr\/?s={search_term_string}"},"query-input":{"@type":"PropertyValueSpecification","valueRequired":true,"valueName":"search_term_string"}}],"inLanguage":"fr-FR"},{"@type":"Organization","@id":"https:\/\/adgt.cz\/fr\/#organization","name":"ADGT","url":"https:\/\/adgt.cz\/fr\/","logo":{"@type":"ImageObject","inLanguage":"fr-FR","@id":"https:\/\/adgt.cz\/fr\/#\/schema\/logo\/image\/","url":"https:\/\/adgt.cz\/wp-content\/uploads\/2020\/09\/ADGT_logo_Magenta.png","contentUrl":"https:\/\/adgt.cz\/wp-content\/uploads\/2020\/09\/ADGT_logo_Magenta.png","width":798,"height":208,"caption":"ADGT"},"image":{"@id":"https:\/\/adgt.cz\/fr\/#\/schema\/logo\/image\/"}}]}},"_links":{"self":[{"href":"https:\/\/adgt.cz\/fr\/wp-json\/wp\/v2\/product\/7533"}],"collection":[{"href":"https:\/\/adgt.cz\/fr\/wp-json\/wp\/v2\/product"}],"about":[{"href":"https:\/\/adgt.cz\/fr\/wp-json\/wp\/v2\/types\/product"}],"replies":[{"embeddable":true,"href":"https:\/\/adgt.cz\/fr\/wp-json\/wp\/v2\/comments?post=7533"}],"wp:featuredmedia":[{"embeddable":true,"href":"https:\/\/adgt.cz\/fr\/wp-json\/wp\/v2\/media\/6728"}],"wp:attachment":[{"href":"https:\/\/adgt.cz\/fr\/wp-json\/wp\/v2\/media?parent=7533"}],"wp:term":[{"taxonomy":"product_cat","embeddable":true,"href":"https:\/\/adgt.cz\/fr\/wp-json\/wp\/v2\/product_cat?post=7533"},{"taxonomy":"product_tag","embeddable":true,"href":"https:\/\/adgt.cz\/fr\/wp-json\/wp\/v2\/product_tag?post=7533"}],"curies":[{"name":"wp","href":"https:\/\/api.w.org\/{rel}","templated":true}]}}