{"id":7521,"date":"2020-10-02T11:25:43","date_gmt":"2020-11-25T10:22:23","guid":{"rendered":"https:\/\/adgt.cz\/?post_type=product&#038;p=7521"},"modified":"2020-12-10T15:01:36","modified_gmt":"2020-12-10T15:01:36","slug":"antenna-l42","status":"publish","type":"product","link":"https:\/\/adgt.cz\/fr\/products\/accessories\/antenna-l42\/","title":{"rendered":"Antenna L42"},"content":{"rendered":"<p>Antenne LTE\/3G\/GSM 5dBi avec base magn\u00e9tique, connecteur SMA et c\u00e2ble de 3m. Destin\u00e9e \u00e0 amplifier le signal de communication dans les appareils cellulaires (passerelles, modems, routeurs, r\u00e9p\u00e9teurs) avec connecteur d&#8217;antenne SMA.<\/p>\n<p>Sp\u00e9cifications techniques:<br \/>\n\u2014 Fr\u00e9quence: 698-960\/1710-2170\/2500-2700 MHz<br \/>\n\u2014 Imp\u00e9dance d&#8217;entr\u00e9e: 50 Ohm<br \/>\n\u2014 Gain: 5 dBi<br \/>\n\u2014 Polarisation : verticale<br \/>\n\u2014 Longueur de l&#8217;antenne: 290 mm<br \/>\n\u2014 Magnet Base: 50 mm<br \/>\n\u2014 Longueur du c\u00e2ble: 3 m<br \/>\n\u2014 Montage: magn\u00e9tique<br \/>\n\u2014 Connecteur: SMA(m)<br \/>\n\u2014 Temp\u00e9rature de fonctionnement: -45&#8230;+75\u00b0\u0421<\/p>\n","protected":false},"excerpt":{"rendered":"<p>Antenne LTE\/3G\/GSM 5dBi avec base magn\u00e9tique, connecteur SMA et c\u00e2ble de 3m. Destin\u00e9e \u00e0 amplifier le signal de communication dans les appareils cellulaires (passerelles, modems, routeurs, r\u00e9p\u00e9teurs) avec connecteur d&#8217;antenne SMA.<\/p>\n","protected":false},"featured_media":5593,"comment_status":"closed","ping_status":"closed","template":"","meta":[],"product_cat":[242],"product_tag":[],"class_list":{"0":"post-7521","1":"product","2":"type-product","3":"status-publish","4":"has-post-thumbnail","6":"product_cat-accessories","8":"first","9":"instock","10":"shipping-taxable","11":"purchasable","12":"product-type-simple"},"yoast_head":"<!-- This site is optimized with the Yoast SEO plugin v23.5 - https:\/\/yoast.com\/wordpress\/plugins\/seo\/ -->\n<title>Antenna L42 - ADGT<\/title>\n<meta name=\"robots\" content=\"index, follow, max-snippet:-1, max-image-preview:large, max-video-preview:-1\" \/>\n<link rel=\"canonical\" href=\"https:\/\/adgt.cz\/fr\/products\/accessories\/antenna-l42\/\" \/>\n<meta property=\"og:locale\" content=\"fr_FR\" \/>\n<meta property=\"og:type\" content=\"article\" \/>\n<meta property=\"og:title\" content=\"Antenna L42 - ADGT\" \/>\n<meta property=\"og:description\" content=\"Antenne LTE\/3G\/GSM 5dBi avec base magn\u00e9tique, connecteur SMA et c\u00e2ble de 3m. Destin\u00e9e \u00e0 amplifier le signal de communication dans les appareils cellulaires (passerelles, modems, routeurs, r\u00e9p\u00e9teurs) avec connecteur d&#039;antenne SMA.\" \/>\n<meta property=\"og:url\" content=\"https:\/\/adgt.cz\/fr\/products\/accessories\/antenna-l42\/\" \/>\n<meta property=\"og:site_name\" content=\"ADGT\" \/>\n<meta property=\"article:modified_time\" content=\"2020-12-10T15:01:36+00:00\" \/>\n<meta property=\"og:image\" content=\"https:\/\/adgt.cz\/wp-content\/uploads\/2020\/10\/ADGT_L42.jpg\" \/>\n\t<meta property=\"og:image:width\" content=\"1605\" \/>\n\t<meta property=\"og:image:height\" content=\"1598\" \/>\n\t<meta property=\"og:image:type\" content=\"image\/jpeg\" \/>\n<meta name=\"twitter:card\" content=\"summary_large_image\" \/>\n<script type=\"application\/ld+json\" class=\"yoast-schema-graph\">{\"@context\":\"https:\/\/schema.org\",\"@graph\":[{\"@type\":\"WebPage\",\"@id\":\"https:\/\/adgt.cz\/fr\/products\/accessories\/antenna-l42\/\",\"url\":\"https:\/\/adgt.cz\/fr\/products\/accessories\/antenna-l42\/\",\"name\":\"Antenna L42 - ADGT\",\"isPartOf\":{\"@id\":\"https:\/\/adgt.cz\/fr\/#website\"},\"primaryImageOfPage\":{\"@id\":\"https:\/\/adgt.cz\/fr\/products\/accessories\/antenna-l42\/#primaryimage\"},\"image\":{\"@id\":\"https:\/\/adgt.cz\/fr\/products\/accessories\/antenna-l42\/#primaryimage\"},\"thumbnailUrl\":\"https:\/\/adgt.cz\/wp-content\/uploads\/2020\/10\/ADGT_L42.jpg\",\"datePublished\":\"2020-11-25T10:22:23+00:00\",\"dateModified\":\"2020-12-10T15:01:36+00:00\",\"breadcrumb\":{\"@id\":\"https:\/\/adgt.cz\/fr\/products\/accessories\/antenna-l42\/#breadcrumb\"},\"inLanguage\":\"fr-FR\",\"potentialAction\":[{\"@type\":\"ReadAction\",\"target\":[\"https:\/\/adgt.cz\/fr\/products\/accessories\/antenna-l42\/\"]}]},{\"@type\":\"ImageObject\",\"inLanguage\":\"fr-FR\",\"@id\":\"https:\/\/adgt.cz\/fr\/products\/accessories\/antenna-l42\/#primaryimage\",\"url\":\"https:\/\/adgt.cz\/wp-content\/uploads\/2020\/10\/ADGT_L42.jpg\",\"contentUrl\":\"https:\/\/adgt.cz\/wp-content\/uploads\/2020\/10\/ADGT_L42.jpg\",\"width\":1605,\"height\":1598},{\"@type\":\"BreadcrumbList\",\"@id\":\"https:\/\/adgt.cz\/fr\/products\/accessories\/antenna-l42\/#breadcrumb\",\"itemListElement\":[{\"@type\":\"ListItem\",\"position\":1,\"name\":\"Home\",\"item\":\"https:\/\/adgt.cz\/fr\/\"},{\"@type\":\"ListItem\",\"position\":2,\"name\":\"Produits\",\"item\":\"https:\/\/adgt.cz\/fr\/products\/\"},{\"@type\":\"ListItem\",\"position\":3,\"name\":\"Accessoires\",\"item\":\"https:\/\/adgt.cz\/fr\/product-category\/accessories\/\"},{\"@type\":\"ListItem\",\"position\":4,\"name\":\"Antenna L42\"}]},{\"@type\":\"WebSite\",\"@id\":\"https:\/\/adgt.cz\/fr\/#website\",\"url\":\"https:\/\/adgt.cz\/fr\/\",\"name\":\"ADGT\",\"description\":\"Just another WordPress site\",\"publisher\":{\"@id\":\"https:\/\/adgt.cz\/fr\/#organization\"},\"potentialAction\":[{\"@type\":\"SearchAction\",\"target\":{\"@type\":\"EntryPoint\",\"urlTemplate\":\"https:\/\/adgt.cz\/fr\/?s={search_term_string}\"},\"query-input\":{\"@type\":\"PropertyValueSpecification\",\"valueRequired\":true,\"valueName\":\"search_term_string\"}}],\"inLanguage\":\"fr-FR\"},{\"@type\":\"Organization\",\"@id\":\"https:\/\/adgt.cz\/fr\/#organization\",\"name\":\"ADGT\",\"url\":\"https:\/\/adgt.cz\/fr\/\",\"logo\":{\"@type\":\"ImageObject\",\"inLanguage\":\"fr-FR\",\"@id\":\"https:\/\/adgt.cz\/fr\/#\/schema\/logo\/image\/\",\"url\":\"https:\/\/adgt.cz\/wp-content\/uploads\/2020\/09\/ADGT_logo_Magenta.png\",\"contentUrl\":\"https:\/\/adgt.cz\/wp-content\/uploads\/2020\/09\/ADGT_logo_Magenta.png\",\"width\":798,\"height\":208,\"caption\":\"ADGT\"},\"image\":{\"@id\":\"https:\/\/adgt.cz\/fr\/#\/schema\/logo\/image\/\"}}]}<\/script>\n<!-- \/ Yoast SEO plugin. -->","yoast_head_json":{"title":"Antenna L42 - ADGT","robots":{"index":"index","follow":"follow","max-snippet":"max-snippet:-1","max-image-preview":"max-image-preview:large","max-video-preview":"max-video-preview:-1"},"canonical":"https:\/\/adgt.cz\/fr\/products\/accessories\/antenna-l42\/","og_locale":"fr_FR","og_type":"article","og_title":"Antenna L42 - ADGT","og_description":"Antenne LTE\/3G\/GSM 5dBi avec base magn\u00e9tique, connecteur SMA et c\u00e2ble de 3m. Destin\u00e9e \u00e0 amplifier le signal de communication dans les appareils cellulaires (passerelles, modems, routeurs, r\u00e9p\u00e9teurs) avec connecteur d'antenne SMA.","og_url":"https:\/\/adgt.cz\/fr\/products\/accessories\/antenna-l42\/","og_site_name":"ADGT","article_modified_time":"2020-12-10T15:01:36+00:00","og_image":[{"width":1605,"height":1598,"url":"https:\/\/adgt.cz\/wp-content\/uploads\/2020\/10\/ADGT_L42.jpg","type":"image\/jpeg"}],"twitter_card":"summary_large_image","schema":{"@context":"https:\/\/schema.org","@graph":[{"@type":"WebPage","@id":"https:\/\/adgt.cz\/fr\/products\/accessories\/antenna-l42\/","url":"https:\/\/adgt.cz\/fr\/products\/accessories\/antenna-l42\/","name":"Antenna L42 - ADGT","isPartOf":{"@id":"https:\/\/adgt.cz\/fr\/#website"},"primaryImageOfPage":{"@id":"https:\/\/adgt.cz\/fr\/products\/accessories\/antenna-l42\/#primaryimage"},"image":{"@id":"https:\/\/adgt.cz\/fr\/products\/accessories\/antenna-l42\/#primaryimage"},"thumbnailUrl":"https:\/\/adgt.cz\/wp-content\/uploads\/2020\/10\/ADGT_L42.jpg","datePublished":"2020-11-25T10:22:23+00:00","dateModified":"2020-12-10T15:01:36+00:00","breadcrumb":{"@id":"https:\/\/adgt.cz\/fr\/products\/accessories\/antenna-l42\/#breadcrumb"},"inLanguage":"fr-FR","potentialAction":[{"@type":"ReadAction","target":["https:\/\/adgt.cz\/fr\/products\/accessories\/antenna-l42\/"]}]},{"@type":"ImageObject","inLanguage":"fr-FR","@id":"https:\/\/adgt.cz\/fr\/products\/accessories\/antenna-l42\/#primaryimage","url":"https:\/\/adgt.cz\/wp-content\/uploads\/2020\/10\/ADGT_L42.jpg","contentUrl":"https:\/\/adgt.cz\/wp-content\/uploads\/2020\/10\/ADGT_L42.jpg","width":1605,"height":1598},{"@type":"BreadcrumbList","@id":"https:\/\/adgt.cz\/fr\/products\/accessories\/antenna-l42\/#breadcrumb","itemListElement":[{"@type":"ListItem","position":1,"name":"Home","item":"https:\/\/adgt.cz\/fr\/"},{"@type":"ListItem","position":2,"name":"Produits","item":"https:\/\/adgt.cz\/fr\/products\/"},{"@type":"ListItem","position":3,"name":"Accessoires","item":"https:\/\/adgt.cz\/fr\/product-category\/accessories\/"},{"@type":"ListItem","position":4,"name":"Antenna L42"}]},{"@type":"WebSite","@id":"https:\/\/adgt.cz\/fr\/#website","url":"https:\/\/adgt.cz\/fr\/","name":"ADGT","description":"Just another WordPress site","publisher":{"@id":"https:\/\/adgt.cz\/fr\/#organization"},"potentialAction":[{"@type":"SearchAction","target":{"@type":"EntryPoint","urlTemplate":"https:\/\/adgt.cz\/fr\/?s={search_term_string}"},"query-input":{"@type":"PropertyValueSpecification","valueRequired":true,"valueName":"search_term_string"}}],"inLanguage":"fr-FR"},{"@type":"Organization","@id":"https:\/\/adgt.cz\/fr\/#organization","name":"ADGT","url":"https:\/\/adgt.cz\/fr\/","logo":{"@type":"ImageObject","inLanguage":"fr-FR","@id":"https:\/\/adgt.cz\/fr\/#\/schema\/logo\/image\/","url":"https:\/\/adgt.cz\/wp-content\/uploads\/2020\/09\/ADGT_logo_Magenta.png","contentUrl":"https:\/\/adgt.cz\/wp-content\/uploads\/2020\/09\/ADGT_logo_Magenta.png","width":798,"height":208,"caption":"ADGT"},"image":{"@id":"https:\/\/adgt.cz\/fr\/#\/schema\/logo\/image\/"}}]}},"_links":{"self":[{"href":"https:\/\/adgt.cz\/fr\/wp-json\/wp\/v2\/product\/7521"}],"collection":[{"href":"https:\/\/adgt.cz\/fr\/wp-json\/wp\/v2\/product"}],"about":[{"href":"https:\/\/adgt.cz\/fr\/wp-json\/wp\/v2\/types\/product"}],"replies":[{"embeddable":true,"href":"https:\/\/adgt.cz\/fr\/wp-json\/wp\/v2\/comments?post=7521"}],"wp:featuredmedia":[{"embeddable":true,"href":"https:\/\/adgt.cz\/fr\/wp-json\/wp\/v2\/media\/5593"}],"wp:attachment":[{"href":"https:\/\/adgt.cz\/fr\/wp-json\/wp\/v2\/media?parent=7521"}],"wp:term":[{"taxonomy":"product_cat","embeddable":true,"href":"https:\/\/adgt.cz\/fr\/wp-json\/wp\/v2\/product_cat?post=7521"},{"taxonomy":"product_tag","embeddable":true,"href":"https:\/\/adgt.cz\/fr\/wp-json\/wp\/v2\/product_tag?post=7521"}],"curies":[{"name":"wp","href":"https:\/\/api.w.org\/{rel}","templated":true}]}}