{"id":12749,"date":"2021-06-15T14:59:10","date_gmt":"2021-09-16T08:58:57","guid":{"rendered":"https:\/\/adgt.cz\/?post_type=product&#038;p=12749"},"modified":"2022-03-21T09:20:16","modified_gmt":"2022-03-21T09:20:16","slug":"dtu317","status":"publish","type":"product","link":"https:\/\/adgt.cz\/fr\/products\/data-loggers\/gprs-data-loggers\/dtu317\/","title":{"rendered":"DTU317"},"content":{"rendered":"<p>Enregistreur de donn\u00e9es GPRS \u00e0 4 canaux aliment\u00e9 par batterie. Con\u00e7u pour les applications de mesure et de surveillance \u00e0 distance. L&#8217;appareil collecte les donn\u00e9es de consommation des compteurs et capteurs de sortie d&#8217;impulsions, stocke les lectures dans une m\u00e9moire non volatile et transmet les donn\u00e9es au serveur de r\u00e9partition sur le r\u00e9seau GPRS. Convient pour les compteurs d&#8217;eau, de gaz, d&#8217;\u00e9lectricit\u00e9.<\/p>\n<p>\u2014 4 x entr\u00e9es de comptage d&#8217;impulsions, 2 x entr\u00e9es binaires<br \/>\n\u2014 Fonctionnement continu jusqu&#8217;\u00e0 10 ans gr\u00e2ce \u00e0 la batterie interne de 13 000 mAh<br \/>\n\u2014 Transmission de donn\u00e9es via GPRS\/TCP selon un calendrier configurable<br \/>\n\u2014 Deux emplacements pour carte SIM<br \/>\n\u2014 Connecteur SMA(f) externe<br \/>\n\u2014 Bo\u00eetier plastique \u00e9tanche IP65\/IP68 (voir Options)<br \/>\n\u2014 Fr\u00e9quence d&#8217;interrogation configurable : 2 Hz\/20 Hz<br \/>\n\u2014 Configuration facile: via le port s\u00e9rie RS-232 (ou via le port mini-USB \u00e0 l&#8217;aide de <a href=\"https:\/\/adgt.cz\/fr\/products\/converters\/usb-converters\/cm10\/\" target=\"_blank\" rel=\"noopener noreferrer\">Convertisseur s\u00e9rie-USB CDM10<\/a>) ainsi que la configuration \u00e0 distance via l&#8217;interface Web gratuite <a href=\"https:\/\/adgt.cz\/fr\/products\/software\/iot24-eu-cloud-software-platform\/\" target=\"_blank\" rel=\"noopener noreferrer\">Cloud Platform IoT24.eu<\/a><br \/>\n\u2014 <a href=\"https:\/\/adgt.cz\/fr\/products\/software\/iot24-eu-cloud-software-platform\/\" target=\"_blank\" rel=\"noopener noreferrer\">Cloud Platform IoT24.eu<\/a> assurant un acc\u00e8s \u00e0 distance aux donn\u00e9es via une interface Web<\/p>\n","protected":false},"excerpt":{"rendered":"<p>Enregistreur de donn\u00e9es GPRS \u00e0 4 canaux aliment\u00e9 par batterie dans un bo\u00eetier de protection \u00e9tanche IP65\/IP68.<\/p>\n<ul>\n<li>Fonctionnement continu jusqu&#8217;\u00e0 10 ans gr\u00e2ce \u00e0 la batterie interne de 13 000 mAh<\/li>\n<li>Transmission de donn\u00e9es via GPRS\/TCP selon un calendrier configurable<\/li>\n<li>Deux emplacements pour carte SIM<\/li>\n<li>Connecteur SMA(f) externe<\/li>\n<li>Bo\u00eetier plastique \u00e9tanche IP65\/IP68 (voir Options)<\/li>\n<li>4 x entr\u00e9es de comptage d&#8217;impulsions, 2 entr\u00e9es binaires<\/li>\n<li>Acc\u00e8s 24h\/24 et 7j\/7 aux donn\u00e9es via la <a href=\"https:\/\/adgt.cz\/fr\/products\/software\/iot24-eu-cloud-software-platform\/\" target=\"_blank\" rel=\"noopener noreferrer\">Cloud Platform IoT24.eu<\/a><\/li>\n<\/ul>\n<p>L&#8217;appareil collecte les donn\u00e9es de consommation des compteurs et capteurs de sortie d&#8217;impulsions, stocke les lectures dans une m\u00e9moire non volatile et transmet les donn\u00e9es sur le r\u00e9seau GPRS. Convient pour les compteurs d&#8217;eau, de gaz, d&#8217;\u00e9lectricit\u00e9.<\/p>\n","protected":false},"featured_media":14501,"comment_status":"closed","ping_status":"closed","template":"","meta":[],"product_cat":[126,155],"product_tag":[],"class_list":{"0":"post-12749","1":"product","2":"type-product","3":"status-publish","4":"has-post-thumbnail","6":"product_cat-data-loggers","7":"product_cat-gprs-data-loggers","9":"first","10":"instock","11":"shipping-taxable","12":"purchasable","13":"product-type-variable","14":"has-default-attributes"},"yoast_head":"<!-- This site is optimized with the Yoast SEO plugin v23.5 - https:\/\/yoast.com\/wordpress\/plugins\/seo\/ -->\n<title>DTU317 - ADGT<\/title>\n<meta name=\"robots\" content=\"index, follow, max-snippet:-1, max-image-preview:large, max-video-preview:-1\" \/>\n<link rel=\"canonical\" href=\"https:\/\/adgt.cz\/fr\/products\/data-loggers\/gprs-data-loggers\/dtu317\/\" \/>\n<meta property=\"og:locale\" content=\"fr_FR\" \/>\n<meta property=\"og:type\" content=\"article\" \/>\n<meta property=\"og:title\" content=\"DTU317 - ADGT\" \/>\n<meta property=\"og:description\" content=\"Enregistreur de donn\u00e9es GPRS \u00e0 4 canaux aliment\u00e9 par batterie dans un bo\u00eetier de protection \u00e9tanche IP65\/IP68.   Fonctionnement continu jusqu&#039;\u00e0 10 ans gr\u00e2ce \u00e0 la batterie interne de 13 000 mAh  Transmission de donn\u00e9es via GPRS\/TCP selon un calendrier configurable  Deux emplacements pour carte SIM  Connecteur SMA(f) externe  Bo\u00eetier plastique \u00e9tanche IP65\/IP68 (voir Options)  4 x entr\u00e9es de comptage d&#039;impulsions, 2 entr\u00e9es binaires  Acc\u00e8s 24h\/24 et 7j\/7 aux donn\u00e9es via la Cloud Platform IoT24.eu  L&#039;appareil collecte les donn\u00e9es de consommation des compteurs et capteurs de sortie d&#039;impulsions, stocke les lectures dans une m\u00e9moire non volatile et transmet les donn\u00e9es sur le r\u00e9seau GPRS. Convient pour les compteurs d&#039;eau, de gaz, d&#039;\u00e9lectricit\u00e9.\" \/>\n<meta property=\"og:url\" content=\"https:\/\/adgt.cz\/fr\/products\/data-loggers\/gprs-data-loggers\/dtu317\/\" \/>\n<meta property=\"og:site_name\" content=\"ADGT\" \/>\n<meta property=\"article:modified_time\" content=\"2022-03-21T09:20:16+00:00\" \/>\n<meta property=\"og:image\" content=\"https:\/\/adgt.cz\/wp-content\/uploads\/2022\/06\/DTU317-IP65-SMA.jpg\" \/>\n\t<meta property=\"og:image:width\" content=\"1200\" \/>\n\t<meta property=\"og:image:height\" content=\"1200\" \/>\n\t<meta property=\"og:image:type\" content=\"image\/jpeg\" \/>\n<meta name=\"twitter:card\" content=\"summary_large_image\" \/>\n<meta name=\"twitter:label1\" content=\"Dur\u00e9e de lecture estim\u00e9e\" \/>\n\t<meta name=\"twitter:data1\" content=\"1 minute\" \/>\n<script type=\"application\/ld+json\" class=\"yoast-schema-graph\">{\"@context\":\"https:\/\/schema.org\",\"@graph\":[{\"@type\":\"WebPage\",\"@id\":\"https:\/\/adgt.cz\/fr\/products\/data-loggers\/gprs-data-loggers\/dtu317\/\",\"url\":\"https:\/\/adgt.cz\/fr\/products\/data-loggers\/gprs-data-loggers\/dtu317\/\",\"name\":\"DTU317 - ADGT\",\"isPartOf\":{\"@id\":\"https:\/\/adgt.cz\/fr\/#website\"},\"primaryImageOfPage\":{\"@id\":\"https:\/\/adgt.cz\/fr\/products\/data-loggers\/gprs-data-loggers\/dtu317\/#primaryimage\"},\"image\":{\"@id\":\"https:\/\/adgt.cz\/fr\/products\/data-loggers\/gprs-data-loggers\/dtu317\/#primaryimage\"},\"thumbnailUrl\":\"https:\/\/adgt.cz\/wp-content\/uploads\/2022\/06\/DTU317-IP65-SMA.jpg\",\"datePublished\":\"2021-09-16T08:58:57+00:00\",\"dateModified\":\"2022-03-21T09:20:16+00:00\",\"breadcrumb\":{\"@id\":\"https:\/\/adgt.cz\/fr\/products\/data-loggers\/gprs-data-loggers\/dtu317\/#breadcrumb\"},\"inLanguage\":\"fr-FR\",\"potentialAction\":[{\"@type\":\"ReadAction\",\"target\":[\"https:\/\/adgt.cz\/fr\/products\/data-loggers\/gprs-data-loggers\/dtu317\/\"]}]},{\"@type\":\"ImageObject\",\"inLanguage\":\"fr-FR\",\"@id\":\"https:\/\/adgt.cz\/fr\/products\/data-loggers\/gprs-data-loggers\/dtu317\/#primaryimage\",\"url\":\"https:\/\/adgt.cz\/wp-content\/uploads\/2022\/06\/DTU317-IP65-SMA.jpg\",\"contentUrl\":\"https:\/\/adgt.cz\/wp-content\/uploads\/2022\/06\/DTU317-IP65-SMA.jpg\",\"width\":1200,\"height\":1200,\"caption\":\"Data logger DTU317\"},{\"@type\":\"BreadcrumbList\",\"@id\":\"https:\/\/adgt.cz\/fr\/products\/data-loggers\/gprs-data-loggers\/dtu317\/#breadcrumb\",\"itemListElement\":[{\"@type\":\"ListItem\",\"position\":1,\"name\":\"Home\",\"item\":\"https:\/\/adgt.cz\/fr\/\"},{\"@type\":\"ListItem\",\"position\":2,\"name\":\"Produits\",\"item\":\"https:\/\/adgt.cz\/fr\/products\/\"},{\"@type\":\"ListItem\",\"position\":3,\"name\":\"Enregistreurs De Donn\u00e9es\",\"item\":\"https:\/\/adgt.cz\/fr\/product-category\/data-loggers\/\"},{\"@type\":\"ListItem\",\"position\":4,\"name\":\"Enregistreurs de donn\u00e9es GPRS\",\"item\":\"https:\/\/adgt.cz\/fr\/product-category\/data-loggers\/gprs-data-loggers\/\"},{\"@type\":\"ListItem\",\"position\":5,\"name\":\"DTU317\"}]},{\"@type\":\"WebSite\",\"@id\":\"https:\/\/adgt.cz\/fr\/#website\",\"url\":\"https:\/\/adgt.cz\/fr\/\",\"name\":\"ADGT\",\"description\":\"Just another WordPress site\",\"publisher\":{\"@id\":\"https:\/\/adgt.cz\/fr\/#organization\"},\"potentialAction\":[{\"@type\":\"SearchAction\",\"target\":{\"@type\":\"EntryPoint\",\"urlTemplate\":\"https:\/\/adgt.cz\/fr\/?s={search_term_string}\"},\"query-input\":{\"@type\":\"PropertyValueSpecification\",\"valueRequired\":true,\"valueName\":\"search_term_string\"}}],\"inLanguage\":\"fr-FR\"},{\"@type\":\"Organization\",\"@id\":\"https:\/\/adgt.cz\/fr\/#organization\",\"name\":\"ADGT\",\"url\":\"https:\/\/adgt.cz\/fr\/\",\"logo\":{\"@type\":\"ImageObject\",\"inLanguage\":\"fr-FR\",\"@id\":\"https:\/\/adgt.cz\/fr\/#\/schema\/logo\/image\/\",\"url\":\"https:\/\/adgt.cz\/wp-content\/uploads\/2020\/09\/ADGT_logo_Magenta.png\",\"contentUrl\":\"https:\/\/adgt.cz\/wp-content\/uploads\/2020\/09\/ADGT_logo_Magenta.png\",\"width\":798,\"height\":208,\"caption\":\"ADGT\"},\"image\":{\"@id\":\"https:\/\/adgt.cz\/fr\/#\/schema\/logo\/image\/\"}}]}<\/script>\n<!-- \/ Yoast SEO plugin. -->","yoast_head_json":{"title":"DTU317 - ADGT","robots":{"index":"index","follow":"follow","max-snippet":"max-snippet:-1","max-image-preview":"max-image-preview:large","max-video-preview":"max-video-preview:-1"},"canonical":"https:\/\/adgt.cz\/fr\/products\/data-loggers\/gprs-data-loggers\/dtu317\/","og_locale":"fr_FR","og_type":"article","og_title":"DTU317 - ADGT","og_description":"Enregistreur de donn\u00e9es GPRS \u00e0 4 canaux aliment\u00e9 par batterie dans un bo\u00eetier de protection \u00e9tanche IP65\/IP68.   Fonctionnement continu jusqu'\u00e0 10 ans gr\u00e2ce \u00e0 la batterie interne de 13 000 mAh  Transmission de donn\u00e9es via GPRS\/TCP selon un calendrier configurable  Deux emplacements pour carte SIM  Connecteur SMA(f) externe  Bo\u00eetier plastique \u00e9tanche IP65\/IP68 (voir Options)  4 x entr\u00e9es de comptage d'impulsions, 2 entr\u00e9es binaires  Acc\u00e8s 24h\/24 et 7j\/7 aux donn\u00e9es via la Cloud Platform IoT24.eu  L'appareil collecte les donn\u00e9es de consommation des compteurs et capteurs de sortie d'impulsions, stocke les lectures dans une m\u00e9moire non volatile et transmet les donn\u00e9es sur le r\u00e9seau GPRS. Convient pour les compteurs d'eau, de gaz, d'\u00e9lectricit\u00e9.","og_url":"https:\/\/adgt.cz\/fr\/products\/data-loggers\/gprs-data-loggers\/dtu317\/","og_site_name":"ADGT","article_modified_time":"2022-03-21T09:20:16+00:00","og_image":[{"width":1200,"height":1200,"url":"https:\/\/adgt.cz\/wp-content\/uploads\/2022\/06\/DTU317-IP65-SMA.jpg","type":"image\/jpeg"}],"twitter_card":"summary_large_image","twitter_misc":{"Dur\u00e9e de lecture estim\u00e9e":"1 minute"},"schema":{"@context":"https:\/\/schema.org","@graph":[{"@type":"WebPage","@id":"https:\/\/adgt.cz\/fr\/products\/data-loggers\/gprs-data-loggers\/dtu317\/","url":"https:\/\/adgt.cz\/fr\/products\/data-loggers\/gprs-data-loggers\/dtu317\/","name":"DTU317 - ADGT","isPartOf":{"@id":"https:\/\/adgt.cz\/fr\/#website"},"primaryImageOfPage":{"@id":"https:\/\/adgt.cz\/fr\/products\/data-loggers\/gprs-data-loggers\/dtu317\/#primaryimage"},"image":{"@id":"https:\/\/adgt.cz\/fr\/products\/data-loggers\/gprs-data-loggers\/dtu317\/#primaryimage"},"thumbnailUrl":"https:\/\/adgt.cz\/wp-content\/uploads\/2022\/06\/DTU317-IP65-SMA.jpg","datePublished":"2021-09-16T08:58:57+00:00","dateModified":"2022-03-21T09:20:16+00:00","breadcrumb":{"@id":"https:\/\/adgt.cz\/fr\/products\/data-loggers\/gprs-data-loggers\/dtu317\/#breadcrumb"},"inLanguage":"fr-FR","potentialAction":[{"@type":"ReadAction","target":["https:\/\/adgt.cz\/fr\/products\/data-loggers\/gprs-data-loggers\/dtu317\/"]}]},{"@type":"ImageObject","inLanguage":"fr-FR","@id":"https:\/\/adgt.cz\/fr\/products\/data-loggers\/gprs-data-loggers\/dtu317\/#primaryimage","url":"https:\/\/adgt.cz\/wp-content\/uploads\/2022\/06\/DTU317-IP65-SMA.jpg","contentUrl":"https:\/\/adgt.cz\/wp-content\/uploads\/2022\/06\/DTU317-IP65-SMA.jpg","width":1200,"height":1200,"caption":"Data logger DTU317"},{"@type":"BreadcrumbList","@id":"https:\/\/adgt.cz\/fr\/products\/data-loggers\/gprs-data-loggers\/dtu317\/#breadcrumb","itemListElement":[{"@type":"ListItem","position":1,"name":"Home","item":"https:\/\/adgt.cz\/fr\/"},{"@type":"ListItem","position":2,"name":"Produits","item":"https:\/\/adgt.cz\/fr\/products\/"},{"@type":"ListItem","position":3,"name":"Enregistreurs De Donn\u00e9es","item":"https:\/\/adgt.cz\/fr\/product-category\/data-loggers\/"},{"@type":"ListItem","position":4,"name":"Enregistreurs de donn\u00e9es GPRS","item":"https:\/\/adgt.cz\/fr\/product-category\/data-loggers\/gprs-data-loggers\/"},{"@type":"ListItem","position":5,"name":"DTU317"}]},{"@type":"WebSite","@id":"https:\/\/adgt.cz\/fr\/#website","url":"https:\/\/adgt.cz\/fr\/","name":"ADGT","description":"Just another WordPress site","publisher":{"@id":"https:\/\/adgt.cz\/fr\/#organization"},"potentialAction":[{"@type":"SearchAction","target":{"@type":"EntryPoint","urlTemplate":"https:\/\/adgt.cz\/fr\/?s={search_term_string}"},"query-input":{"@type":"PropertyValueSpecification","valueRequired":true,"valueName":"search_term_string"}}],"inLanguage":"fr-FR"},{"@type":"Organization","@id":"https:\/\/adgt.cz\/fr\/#organization","name":"ADGT","url":"https:\/\/adgt.cz\/fr\/","logo":{"@type":"ImageObject","inLanguage":"fr-FR","@id":"https:\/\/adgt.cz\/fr\/#\/schema\/logo\/image\/","url":"https:\/\/adgt.cz\/wp-content\/uploads\/2020\/09\/ADGT_logo_Magenta.png","contentUrl":"https:\/\/adgt.cz\/wp-content\/uploads\/2020\/09\/ADGT_logo_Magenta.png","width":798,"height":208,"caption":"ADGT"},"image":{"@id":"https:\/\/adgt.cz\/fr\/#\/schema\/logo\/image\/"}}]}},"_links":{"self":[{"href":"https:\/\/adgt.cz\/fr\/wp-json\/wp\/v2\/product\/12749"}],"collection":[{"href":"https:\/\/adgt.cz\/fr\/wp-json\/wp\/v2\/product"}],"about":[{"href":"https:\/\/adgt.cz\/fr\/wp-json\/wp\/v2\/types\/product"}],"replies":[{"embeddable":true,"href":"https:\/\/adgt.cz\/fr\/wp-json\/wp\/v2\/comments?post=12749"}],"wp:featuredmedia":[{"embeddable":true,"href":"https:\/\/adgt.cz\/fr\/wp-json\/wp\/v2\/media\/14501"}],"wp:attachment":[{"href":"https:\/\/adgt.cz\/fr\/wp-json\/wp\/v2\/media?parent=12749"}],"wp:term":[{"taxonomy":"product_cat","embeddable":true,"href":"https:\/\/adgt.cz\/fr\/wp-json\/wp\/v2\/product_cat?post=12749"},{"taxonomy":"product_tag","embeddable":true,"href":"https:\/\/adgt.cz\/fr\/wp-json\/wp\/v2\/product_tag?post=12749"}],"curies":[{"name":"wp","href":"https:\/\/api.w.org\/{rel}","templated":true}]}}