{"id":12625,"date":"2021-08-17T09:29:03","date_gmt":"2021-09-15T08:04:20","guid":{"rendered":"https:\/\/adgt.cz\/?post_type=product&#038;p=12625"},"modified":"2021-09-15T08:04:20","modified_gmt":"2021-09-15T08:04:20","slug":"api-iot24-eu","status":"publish","type":"product","link":"https:\/\/adgt.cz\/fr\/products\/software\/api-iot24-eu\/","title":{"rendered":"API IOT24.EU"},"content":{"rendered":"<p>API IOT24.EU \u2013 interface pour l&#8217;int\u00e9gration de votre syst\u00e8me de mesure et de surveillance de l&#8217;\u00e9nergie avec <a href=\"https:\/\/adgt.cz\/fr\/products\/software\/iot24-eu-cloud-software-platform\/\" target=\"_blank\" rel=\"noopener noreferrer\">IOT24.EU cloud software platform<\/a>.<br \/>\nLe protocole actuel permet: de se connecter au serveur et de demander les donn\u00e9es de consommation des ressources pour une p\u00e9riode d\u00e9termin\u00e9e.<\/p>\n<p><strong>Possibilit\u00e9s:<\/strong><br \/>\n\u2014 Autorisation sur le serveur<br \/>\n\u2014 R\u00e9ception des donn\u00e9es de consommation des ressources pour une p\u00e9riode sp\u00e9cifique<\/p>\n","protected":false},"excerpt":{"rendered":"<p>API IOT24.EU \u2013 interface pour l&#8217;int\u00e9gration de votre syst\u00e8me de mesure et de surveillance de l&#8217;\u00e9nergie avec <a href=\"https:\/\/adgt.cz\/fr\/products\/software\/iot24-eu-cloud-software-platform\/\" target=\"_blank\" rel=\"noopener noreferrer\">IOT24.EU cloud software platform<\/a>.<br \/>\nLe protocole actuel permet: de se connecter au serveur et de demander les donn\u00e9es de consommation des ressources pour une p\u00e9riode d\u00e9termin\u00e9e.<\/p>\n<p><strong>Possibilit\u00e9s:<\/strong><br \/>\n\u2014 Autorisation sur le serveur<br \/>\n\u2014 R\u00e9ception des donn\u00e9es de consommation des ressources pour une p\u00e9riode sp\u00e9cifique<\/p>\n","protected":false},"featured_media":12464,"comment_status":"closed","ping_status":"closed","template":"","meta":[],"product_cat":[241],"product_tag":[],"class_list":{"0":"post-12625","1":"product","2":"type-product","3":"status-publish","4":"has-post-thumbnail","6":"product_cat-software","8":"first","9":"instock","10":"shipping-taxable","11":"product-type-simple"},"yoast_head":"<!-- This site is optimized with the Yoast SEO plugin v23.5 - https:\/\/yoast.com\/wordpress\/plugins\/seo\/ -->\n<title>API IOT24.EU - ADGT<\/title>\n<meta name=\"robots\" content=\"index, follow, max-snippet:-1, max-image-preview:large, max-video-preview:-1\" \/>\n<link rel=\"canonical\" href=\"https:\/\/adgt.cz\/fr\/products\/software\/api-iot24-eu\/\" \/>\n<meta property=\"og:locale\" content=\"fr_FR\" \/>\n<meta property=\"og:type\" content=\"article\" \/>\n<meta property=\"og:title\" content=\"API IOT24.EU - ADGT\" \/>\n<meta property=\"og:description\" content=\"API IOT24.EU \u2013 interface pour l&#039;int\u00e9gration de votre syst\u00e8me de mesure et de surveillance de l&#039;\u00e9nergie avec IOT24.EU cloud software platform. Le protocole actuel permet: de se connecter au serveur et de demander les donn\u00e9es de consommation des ressources pour une p\u00e9riode d\u00e9termin\u00e9e.  Possibilit\u00e9s: \u2014 Autorisation sur le serveur \u2014 R\u00e9ception des donn\u00e9es de consommation des ressources pour une p\u00e9riode sp\u00e9cifique\" \/>\n<meta property=\"og:url\" content=\"https:\/\/adgt.cz\/fr\/products\/software\/api-iot24-eu\/\" \/>\n<meta property=\"og:site_name\" content=\"ADGT\" \/>\n<meta property=\"og:image\" content=\"https:\/\/adgt.cz\/wp-content\/uploads\/2021\/08\/API-IOT24.EU_.jpg\" \/>\n\t<meta property=\"og:image:width\" content=\"1600\" \/>\n\t<meta property=\"og:image:height\" content=\"1569\" \/>\n\t<meta property=\"og:image:type\" content=\"image\/jpeg\" \/>\n<meta name=\"twitter:card\" content=\"summary_large_image\" \/>\n<script type=\"application\/ld+json\" class=\"yoast-schema-graph\">{\"@context\":\"https:\/\/schema.org\",\"@graph\":[{\"@type\":\"WebPage\",\"@id\":\"https:\/\/adgt.cz\/fr\/products\/software\/api-iot24-eu\/\",\"url\":\"https:\/\/adgt.cz\/fr\/products\/software\/api-iot24-eu\/\",\"name\":\"API IOT24.EU - ADGT\",\"isPartOf\":{\"@id\":\"https:\/\/adgt.cz\/fr\/#website\"},\"primaryImageOfPage\":{\"@id\":\"https:\/\/adgt.cz\/fr\/products\/software\/api-iot24-eu\/#primaryimage\"},\"image\":{\"@id\":\"https:\/\/adgt.cz\/fr\/products\/software\/api-iot24-eu\/#primaryimage\"},\"thumbnailUrl\":\"https:\/\/adgt.cz\/wp-content\/uploads\/2021\/08\/API-IOT24.EU_.jpg\",\"datePublished\":\"2021-09-15T08:04:20+00:00\",\"dateModified\":\"2021-09-15T08:04:20+00:00\",\"breadcrumb\":{\"@id\":\"https:\/\/adgt.cz\/fr\/products\/software\/api-iot24-eu\/#breadcrumb\"},\"inLanguage\":\"fr-FR\",\"potentialAction\":[{\"@type\":\"ReadAction\",\"target\":[\"https:\/\/adgt.cz\/fr\/products\/software\/api-iot24-eu\/\"]}]},{\"@type\":\"ImageObject\",\"inLanguage\":\"fr-FR\",\"@id\":\"https:\/\/adgt.cz\/fr\/products\/software\/api-iot24-eu\/#primaryimage\",\"url\":\"https:\/\/adgt.cz\/wp-content\/uploads\/2021\/08\/API-IOT24.EU_.jpg\",\"contentUrl\":\"https:\/\/adgt.cz\/wp-content\/uploads\/2021\/08\/API-IOT24.EU_.jpg\",\"width\":1600,\"height\":1569},{\"@type\":\"BreadcrumbList\",\"@id\":\"https:\/\/adgt.cz\/fr\/products\/software\/api-iot24-eu\/#breadcrumb\",\"itemListElement\":[{\"@type\":\"ListItem\",\"position\":1,\"name\":\"Home\",\"item\":\"https:\/\/adgt.cz\/fr\/\"},{\"@type\":\"ListItem\",\"position\":2,\"name\":\"Produits\",\"item\":\"https:\/\/adgt.cz\/fr\/products\/\"},{\"@type\":\"ListItem\",\"position\":3,\"name\":\"Logiciel\",\"item\":\"https:\/\/adgt.cz\/fr\/product-category\/software\/\"},{\"@type\":\"ListItem\",\"position\":4,\"name\":\"API IOT24.EU\"}]},{\"@type\":\"WebSite\",\"@id\":\"https:\/\/adgt.cz\/fr\/#website\",\"url\":\"https:\/\/adgt.cz\/fr\/\",\"name\":\"ADGT\",\"description\":\"Just another WordPress site\",\"publisher\":{\"@id\":\"https:\/\/adgt.cz\/fr\/#organization\"},\"potentialAction\":[{\"@type\":\"SearchAction\",\"target\":{\"@type\":\"EntryPoint\",\"urlTemplate\":\"https:\/\/adgt.cz\/fr\/?s={search_term_string}\"},\"query-input\":{\"@type\":\"PropertyValueSpecification\",\"valueRequired\":true,\"valueName\":\"search_term_string\"}}],\"inLanguage\":\"fr-FR\"},{\"@type\":\"Organization\",\"@id\":\"https:\/\/adgt.cz\/fr\/#organization\",\"name\":\"ADGT\",\"url\":\"https:\/\/adgt.cz\/fr\/\",\"logo\":{\"@type\":\"ImageObject\",\"inLanguage\":\"fr-FR\",\"@id\":\"https:\/\/adgt.cz\/fr\/#\/schema\/logo\/image\/\",\"url\":\"https:\/\/adgt.cz\/wp-content\/uploads\/2020\/09\/ADGT_logo_Magenta.png\",\"contentUrl\":\"https:\/\/adgt.cz\/wp-content\/uploads\/2020\/09\/ADGT_logo_Magenta.png\",\"width\":798,\"height\":208,\"caption\":\"ADGT\"},\"image\":{\"@id\":\"https:\/\/adgt.cz\/fr\/#\/schema\/logo\/image\/\"}}]}<\/script>\n<!-- \/ Yoast SEO plugin. -->","yoast_head_json":{"title":"API IOT24.EU - ADGT","robots":{"index":"index","follow":"follow","max-snippet":"max-snippet:-1","max-image-preview":"max-image-preview:large","max-video-preview":"max-video-preview:-1"},"canonical":"https:\/\/adgt.cz\/fr\/products\/software\/api-iot24-eu\/","og_locale":"fr_FR","og_type":"article","og_title":"API IOT24.EU - ADGT","og_description":"API IOT24.EU \u2013 interface pour l'int\u00e9gration de votre syst\u00e8me de mesure et de surveillance de l'\u00e9nergie avec IOT24.EU cloud software platform. Le protocole actuel permet: de se connecter au serveur et de demander les donn\u00e9es de consommation des ressources pour une p\u00e9riode d\u00e9termin\u00e9e.  Possibilit\u00e9s: \u2014 Autorisation sur le serveur \u2014 R\u00e9ception des donn\u00e9es de consommation des ressources pour une p\u00e9riode sp\u00e9cifique","og_url":"https:\/\/adgt.cz\/fr\/products\/software\/api-iot24-eu\/","og_site_name":"ADGT","og_image":[{"width":1600,"height":1569,"url":"https:\/\/adgt.cz\/wp-content\/uploads\/2021\/08\/API-IOT24.EU_.jpg","type":"image\/jpeg"}],"twitter_card":"summary_large_image","schema":{"@context":"https:\/\/schema.org","@graph":[{"@type":"WebPage","@id":"https:\/\/adgt.cz\/fr\/products\/software\/api-iot24-eu\/","url":"https:\/\/adgt.cz\/fr\/products\/software\/api-iot24-eu\/","name":"API IOT24.EU - ADGT","isPartOf":{"@id":"https:\/\/adgt.cz\/fr\/#website"},"primaryImageOfPage":{"@id":"https:\/\/adgt.cz\/fr\/products\/software\/api-iot24-eu\/#primaryimage"},"image":{"@id":"https:\/\/adgt.cz\/fr\/products\/software\/api-iot24-eu\/#primaryimage"},"thumbnailUrl":"https:\/\/adgt.cz\/wp-content\/uploads\/2021\/08\/API-IOT24.EU_.jpg","datePublished":"2021-09-15T08:04:20+00:00","dateModified":"2021-09-15T08:04:20+00:00","breadcrumb":{"@id":"https:\/\/adgt.cz\/fr\/products\/software\/api-iot24-eu\/#breadcrumb"},"inLanguage":"fr-FR","potentialAction":[{"@type":"ReadAction","target":["https:\/\/adgt.cz\/fr\/products\/software\/api-iot24-eu\/"]}]},{"@type":"ImageObject","inLanguage":"fr-FR","@id":"https:\/\/adgt.cz\/fr\/products\/software\/api-iot24-eu\/#primaryimage","url":"https:\/\/adgt.cz\/wp-content\/uploads\/2021\/08\/API-IOT24.EU_.jpg","contentUrl":"https:\/\/adgt.cz\/wp-content\/uploads\/2021\/08\/API-IOT24.EU_.jpg","width":1600,"height":1569},{"@type":"BreadcrumbList","@id":"https:\/\/adgt.cz\/fr\/products\/software\/api-iot24-eu\/#breadcrumb","itemListElement":[{"@type":"ListItem","position":1,"name":"Home","item":"https:\/\/adgt.cz\/fr\/"},{"@type":"ListItem","position":2,"name":"Produits","item":"https:\/\/adgt.cz\/fr\/products\/"},{"@type":"ListItem","position":3,"name":"Logiciel","item":"https:\/\/adgt.cz\/fr\/product-category\/software\/"},{"@type":"ListItem","position":4,"name":"API IOT24.EU"}]},{"@type":"WebSite","@id":"https:\/\/adgt.cz\/fr\/#website","url":"https:\/\/adgt.cz\/fr\/","name":"ADGT","description":"Just another WordPress site","publisher":{"@id":"https:\/\/adgt.cz\/fr\/#organization"},"potentialAction":[{"@type":"SearchAction","target":{"@type":"EntryPoint","urlTemplate":"https:\/\/adgt.cz\/fr\/?s={search_term_string}"},"query-input":{"@type":"PropertyValueSpecification","valueRequired":true,"valueName":"search_term_string"}}],"inLanguage":"fr-FR"},{"@type":"Organization","@id":"https:\/\/adgt.cz\/fr\/#organization","name":"ADGT","url":"https:\/\/adgt.cz\/fr\/","logo":{"@type":"ImageObject","inLanguage":"fr-FR","@id":"https:\/\/adgt.cz\/fr\/#\/schema\/logo\/image\/","url":"https:\/\/adgt.cz\/wp-content\/uploads\/2020\/09\/ADGT_logo_Magenta.png","contentUrl":"https:\/\/adgt.cz\/wp-content\/uploads\/2020\/09\/ADGT_logo_Magenta.png","width":798,"height":208,"caption":"ADGT"},"image":{"@id":"https:\/\/adgt.cz\/fr\/#\/schema\/logo\/image\/"}}]}},"_links":{"self":[{"href":"https:\/\/adgt.cz\/fr\/wp-json\/wp\/v2\/product\/12625"}],"collection":[{"href":"https:\/\/adgt.cz\/fr\/wp-json\/wp\/v2\/product"}],"about":[{"href":"https:\/\/adgt.cz\/fr\/wp-json\/wp\/v2\/types\/product"}],"replies":[{"embeddable":true,"href":"https:\/\/adgt.cz\/fr\/wp-json\/wp\/v2\/comments?post=12625"}],"wp:featuredmedia":[{"embeddable":true,"href":"https:\/\/adgt.cz\/fr\/wp-json\/wp\/v2\/media\/12464"}],"wp:attachment":[{"href":"https:\/\/adgt.cz\/fr\/wp-json\/wp\/v2\/media?parent=12625"}],"wp:term":[{"taxonomy":"product_cat","embeddable":true,"href":"https:\/\/adgt.cz\/fr\/wp-json\/wp\/v2\/product_cat?post=12625"},{"taxonomy":"product_tag","embeddable":true,"href":"https:\/\/adgt.cz\/fr\/wp-json\/wp\/v2\/product_tag?post=12625"}],"curies":[{"name":"wp","href":"https:\/\/api.w.org\/{rel}","templated":true}]}}