{"id":7276,"date":"2020-11-18T11:45:27","date_gmt":"2020-11-18T11:45:27","guid":{"rendered":"https:\/\/adgt.cz\/?page_id=7276"},"modified":"2021-05-21T12:32:36","modified_gmt":"2021-05-21T12:32:36","slug":"about-us","status":"publish","type":"page","link":"https:\/\/adgt.cz\/fr\/about-us\/","title":{"rendered":"A propos de nous"},"content":{"rendered":"<p>[vc_row][vc_column]\r\n\t<div class=\"wprt-spacer clearfix\" data-desktop=\"70\" data-mobi=\"50\" data-smobi=\"50\"><\/div><div class=\"wprt-headings clearfix text-center\"  style=\"\"><h2 class=\"heading clearfix\" style=\"font-weight:700;margin-bottom:3px;\">\r\n\t\tBIENVENUE \u00c0 L'ADGT\r\n\t<\/h2><div class=\"sep accent clearfix\" style=\"width:60px;height:3px;\"><\/div><p class=\"sub-heading clearfix\" style=\"font-style:normal;font-size:14px;line-height:28px;margin-top:11px;max-width:520px; margin-left: auto; margin-right: auto;font-family:Montserrat;\">\r\n\t\tDES SOLUTIONS SANS FIL INTELLIGENTES\r\n\t<\/p><\/div>\r\n\t<div class=\"wprt-spacer clearfix\" data-desktop=\"35\" data-mobi=\"35\" data-smobi=\"35\"><\/div>[vc_row_inner gap=&#8221;35&#8243;][vc_column_inner width=&#8221;1\/2&#8243;][vc_column_text]Chez ADGT, nous d\u00e9veloppons et fabriquons des solutions et des syst\u00e8mes sans fil pour la collecte, le traitement et la transmission de donn\u00e9es \u00e0 distance sur des r\u00e9seaux mobiles. En outre, nous produisons des logiciels sp\u00e9ciaux qui rendent nos produits adaptables et des outils flexibles pour les demandes de nos clients.<\/p>\n<p>ADGT assure un cycle de production complet : du d\u00e9veloppement du projet \u00e0 la sortie du produit fini. Tous nos \u00e9quipements sont d\u00e9velopp\u00e9s sur la base de composants certifi\u00e9s de haute qualit\u00e9 provenant des principaux fabricants mondiaux. Un service de contr\u00f4le de la qualit\u00e9 assure la durabilit\u00e9 et la fiabilit\u00e9 de nos appareils.[\/vc_column_text][\/vc_column_inner][vc_column_inner width=&#8221;1\/2&#8243;][vc_single_image image=&#8221;5744&#8243; alignment=&#8221;center&#8221;][\/vc_column_inner][\/vc_row_inner]\r\n\t<div class=\"wprt-spacer clearfix\" data-desktop=\"30\" data-mobi=\"20\" data-smobi=\"20\"><\/div>[\/vc_column][\/vc_row][vc_row][vc_column width=&#8221;1\/2&#8243;]<div class=\"wprt-content-box clearfix \" data-padding=\"\" data-mobipadding=\"\" data-margin=\"10% 20%\" data-mobimargin=\"8%\">\r\n\t\t<div class=\"inner \" style=\"\">\r\n\t\t\t<div class=\"wprt-headings clearfix \"  style=\"\"><h2 class=\"heading clearfix\" style=\"font-weight:700;margin-bottom:5px;\">\r\n\t\tNOUS PRODUISONS\r\n\t<\/h2><div class=\"sep accent clearfix\" style=\"width:60px;height:5px;\"><\/div><\/div><div class=\"wprt-list clearfix icon-left icon-top\">\r\n\t\t<div style=\"padding:20px 0px 0px 0px;margin-bottom:3px;\">\r\n\t\t\t<span style=\"padding-left:35px;\"><span class=\"icon style-3\" style=\"\">\r\n\t\t\t<i class=\"fa fa-check\"><\/i>\r\n\t\t<\/span> <span style=\"font-size:17px;\">Modems intelligents GSM\/3G\/NB-IoT<\/span><\/span>\r\n\t\t<\/div>\r\n\t<\/div><div class=\"wprt-list clearfix icon-left icon-top\">\r\n\t\t<div style=\"padding:0px 0px 0px 0px;margin-bottom:3px;\">\r\n\t\t\t<span style=\"padding-left:35px;\"><span class=\"icon style-3\" style=\"\">\r\n\t\t\t<i class=\"fa fa-check\"><\/i>\r\n\t\t<\/span> <span style=\"font-size:17px;\">Enregistreurs de donn\u00e9es GPRS\/NB-IoT\/Cat M1<\/span><\/span>\r\n\t\t<\/div>\r\n\t<\/div><div class=\"wprt-list clearfix icon-left icon-top\">\r\n\t\t<div style=\"padding:0px 0px 0px 0px;margin-bottom:3px;\">\r\n\t\t\t<span style=\"padding-left:35px;\"><span class=\"icon style-3\" style=\"\">\r\n\t\t\t<i class=\"fa fa-check\"><\/i>\r\n\t\t<\/span> <span style=\"font-size:17px;\">Routeurs 3G\/4G<\/span><\/span>\r\n\t\t<\/div>\r\n\t<\/div><div class=\"wprt-list clearfix icon-left icon-top\">\r\n\t\t<div style=\"padding:0px 0px 0px 0px;margin-bottom:3px;\">\r\n\t\t\t<span style=\"padding-left:35px;\"><span class=\"icon style-3\" style=\"\">\r\n\t\t\t<i class=\"fa fa-check\"><\/i>\r\n\t\t<\/span> <span style=\"font-size:17px;\">Convertisseurs<\/span><\/span>\r\n\t\t<\/div>\r\n\t<\/div><div class=\"wprt-list clearfix icon-left icon-top\">\r\n\t\t<div style=\"padding:0px 0px 0px 0px;margin-bottom:3px;\">\r\n\t\t\t<span style=\"padding-left:35px;\"><span class=\"icon style-3\" style=\"\">\r\n\t\t\t<i class=\"fa fa-check\"><\/i>\r\n\t\t<\/span> <span style=\"font-size:17px;\"> Logiciels<\/span><\/span>\r\n\t\t<\/div>\r\n\t<\/div><div class=\"wprt-list clearfix icon-left icon-top\">\r\n\t\t<div style=\"padding:0px 0px 0px 0px;margin-bottom:3px;\">\r\n\t\t\t<span style=\"padding-left:35px;\"><span class=\"icon style-3\" style=\"\">\r\n\t\t\t<i class=\"fa fa-check\"><\/i>\r\n\t\t<\/span> <span style=\"font-size:17px;\">Antennes de communication et accessoires<\/span><\/span>\r\n\t\t<\/div>\r\n\t<\/div>\r\n\t<div class=\"wprt-spacer clearfix\" data-desktop=\"30\" data-mobi=\"30\" data-smobi=\"30\"><\/div><div class=\"button-wrap icon-left has-icon\" style=\"\"><a href=\"http:\/\/adgt.cz\/fr\/products\/\" target=\"_blank\" class=\"wprt-button big solid accent\" style=\"\">\r\n\t\t<span style=\"\">RECHERCHER DES PRODUITS <span class=\"icon\" style=\"\"><i class=\"fa fa-plus-circle\"><\/i><\/span><\/span>\r\n\t<\/a><\/div>\n\r\n\t\t<\/div>\r\n\t<\/div>[\/vc_column][vc_column width=&#8221;1\/2&#8243;]\r\n\t<div class=\"wprt-accordions style-2\"><div class=\"accordion-item  no-icon\" style=\"margin-bottom:10px;\"><\/div><div class=\"accordion-item  active no-icon\" style=\"margin-bottom:10px;\"><h3 class=\"accordion-heading\" style=\"\">\r\n\t\t\t<span class=\"inner\" style=\"\">\r\n\t\t\t\t\r\n\t\t\t\tPOURQUOI NOUS CHOISIR?\r\n\t\t\t<\/span>\r\n\t\t<\/h3><div class=\"accordion-content\" style=\"padding:22px 0px 20px 13px;\"><p>ADGT est une \u00e9quipe de sp\u00e9cialistes techniques extr\u00eamement enthousiastes et hautement qualifi\u00e9s. Notre histoire remonte \u00e0 la fin des ann\u00e9es 2000. Nous avons commenc\u00e9 comme un petit groupe d&#8217;ing\u00e9nieurs, travaillant dans le domaine de la conception et de la production de dispositifs de communication. Notre approche adaptative et notre compr\u00e9hension des int\u00e9r\u00eats de nos clients ont aid\u00e9 l&#8217;entreprise \u00e0 prendre et \u00e0 tenir sa place sur le march\u00e9 num\u00e9rique. En r\u00e9ponse \u00e0 l&#8217;\u00e9volution des exigences du temps, une unit\u00e9 informatique sp\u00e9cialis\u00e9e a \u00e9galement \u00e9t\u00e9 cr\u00e9\u00e9e pour fournir \u00e0 nos appareils des logiciels appropri\u00e9s et facilement adaptables.<\/p>\n<p>De nos jours, il est difficile de maintenir son efficacit\u00e9 si l&#8217;on ne tient pas compte des tendances actuelles de son entreprise. Depuis notre fondation, nous avons acquis une grande exp\u00e9rience, ce qui nous permet de poursuivre le d\u00e9veloppement et la production d&#8217;\u00e9lectronique et d&#8217;appareils pour relever les d\u00e9fis de l&#8217;efficacit\u00e9 \u00e9nerg\u00e9tique et des \u00e9conomies d&#8217;\u00e9nergie, ainsi que la cr\u00e9ation de dispositifs de comptage intelligents et de r\u00e9seaux de capteurs sans fil.<\/p>\n<\/div><\/div><div class=\"accordion-item  no-icon\" style=\"margin-bottom:10px;\"><h3 class=\"accordion-heading\" style=\"\">\r\n\t\t\t<span class=\"inner\" style=\"\">\r\n\t\t\t\t\r\n\t\t\t\tPHILOSOPHIE\r\n\t\t\t<\/span>\r\n\t\t<\/h3><div class=\"accordion-content\" style=\"padding:22px 0px 20px 13px;\"><p>Le respect de nos clients et l&#8217;attention port\u00e9e \u00e0 leurs besoins constituent la base de notre philosophie. C&#8217;est ce que nous avons gard\u00e9 \u00e0 l&#8217;esprit pendant plus de 10 ans de notre exp\u00e9rience unique de cr\u00e9ation et d&#8217;expansion d&#8217;entreprises innovantes dans le domaine du d\u00e9veloppement et de la fabrication de mat\u00e9riel et de logiciels.<\/p>\n<p>Nos principales priorit\u00e9s sont la cr\u00e9ation d&#8217;\u00e9quipements polyvalents, fiables et rentables, ainsi que la conception de nouvelles solutions pour la gestion des ressources, les \u00e9conomies d&#8217;\u00e9nergie et l&#8217;am\u00e9lioration de l&#8217;efficacit\u00e9 \u00e9nerg\u00e9tique pour une utilisation priv\u00e9e et industrielle. Nous faisons de notre mieux pour garantir la haute qualit\u00e9 de nos produits et services, afin d&#8217;obtenir la reconnaissance et la fid\u00e9lit\u00e9 de nos clients.<\/p>\n<\/div><\/div>\n<\/div>\r\n\t<div class=\"wprt-spacer clearfix\" data-desktop=\"60\" data-mobi=\"20\" data-smobi=\"20\"><\/div>[\/vc_column][\/vc_row]<\/p>\n","protected":false},"excerpt":{"rendered":"<p>[vc_row][vc_column][vc_row_inner gap=&#8221;35&#8243;][vc_column_inner width=&#8221;1\/2&#8243;][vc_column_text]Chez ADGT, nous d\u00e9veloppons et fabriquons des solutions et des syst\u00e8mes sans fil pour la collecte, le traitement et la transmission de donn\u00e9es \u00e0 distance sur des r\u00e9seaux mobiles. En outre, nous produisons des logiciels sp\u00e9ciaux qui rendent nos produits adaptables et des outils flexibles pour les demandes de nos clients. ADGT assure un cycle de production complet : du d\u00e9veloppement du projet \u00e0 la sortie du produit fini. Tous nos \u00e9quipements sont d\u00e9velopp\u00e9s sur la base de composants certifi\u00e9s de haute qualit\u00e9 provenant des principaux fabricants mondiaux. Un service de contr\u00f4le de la qualit\u00e9 assure la durabilit\u00e9 et la fiabilit\u00e9 de nos appareils.[\/vc_column_text][\/vc_column_inner][vc_column_inner width=&#8221;1\/2&#8243;][vc_single_image image=&#8221;5744&#8243;&hellip;<\/p>\n","protected":false},"author":1,"featured_media":0,"parent":0,"menu_order":0,"comment_status":"closed","ping_status":"closed","template":"","meta":{"footnotes":""},"class_list":["post-7276","page","type-page","status-publish","hentry"],"yoast_head":"<!-- This site is optimized with the Yoast SEO plugin v23.5 - https:\/\/yoast.com\/wordpress\/plugins\/seo\/ -->\n<title>A propos de nous - ADGT<\/title>\n<meta name=\"robots\" content=\"index, follow, max-snippet:-1, max-image-preview:large, max-video-preview:-1\" \/>\n<link rel=\"canonical\" href=\"https:\/\/adgt.cz\/fr\/about-us\/\" \/>\n<meta property=\"og:locale\" content=\"fr_FR\" \/>\n<meta property=\"og:type\" content=\"article\" \/>\n<meta property=\"og:title\" content=\"A propos de nous - ADGT\" \/>\n<meta property=\"og:description\" content=\"[vc_row][vc_column][vc_row_inner gap=&#8221;35&#8243;][vc_column_inner width=&#8221;1\/2&#8243;][vc_column_text]Chez ADGT, nous d\u00e9veloppons et fabriquons des solutions et des syst\u00e8mes sans fil pour la collecte, le traitement et la transmission de donn\u00e9es \u00e0 distance sur des r\u00e9seaux mobiles. En outre, nous produisons des logiciels sp\u00e9ciaux qui rendent nos produits adaptables et des outils flexibles pour les demandes de nos clients. ADGT assure un cycle de production complet : du d\u00e9veloppement du projet \u00e0 la sortie du produit fini. Tous nos \u00e9quipements sont d\u00e9velopp\u00e9s sur la base de composants certifi\u00e9s de haute qualit\u00e9 provenant des principaux fabricants mondiaux. Un service de contr\u00f4le de la qualit\u00e9 assure la durabilit\u00e9 et la fiabilit\u00e9 de nos appareils.[\/vc_column_text][\/vc_column_inner][vc_column_inner width=&#8221;1\/2&#8243;][vc_single_image image=&#8221;5744&#8243;&hellip;\" \/>\n<meta property=\"og:url\" content=\"https:\/\/adgt.cz\/fr\/about-us\/\" \/>\n<meta property=\"og:site_name\" content=\"ADGT\" \/>\n<meta property=\"article:modified_time\" content=\"2021-05-21T12:32:36+00:00\" \/>\n<meta name=\"twitter:card\" content=\"summary_large_image\" \/>\n<meta name=\"twitter:label1\" content=\"Dur\u00e9e de lecture estim\u00e9e\" \/>\n\t<meta name=\"twitter:data1\" content=\"4 minutes\" \/>\n<script type=\"application\/ld+json\" class=\"yoast-schema-graph\">{\"@context\":\"https:\/\/schema.org\",\"@graph\":[{\"@type\":\"WebPage\",\"@id\":\"https:\/\/adgt.cz\/fr\/about-us\/\",\"url\":\"https:\/\/adgt.cz\/fr\/about-us\/\",\"name\":\"A propos de nous - ADGT\",\"isPartOf\":{\"@id\":\"https:\/\/adgt.cz\/fr\/#website\"},\"datePublished\":\"2020-11-18T11:45:27+00:00\",\"dateModified\":\"2021-05-21T12:32:36+00:00\",\"breadcrumb\":{\"@id\":\"https:\/\/adgt.cz\/fr\/about-us\/#breadcrumb\"},\"inLanguage\":\"fr-FR\",\"potentialAction\":[{\"@type\":\"ReadAction\",\"target\":[\"https:\/\/adgt.cz\/fr\/about-us\/\"]}]},{\"@type\":\"BreadcrumbList\",\"@id\":\"https:\/\/adgt.cz\/fr\/about-us\/#breadcrumb\",\"itemListElement\":[{\"@type\":\"ListItem\",\"position\":1,\"name\":\"Home\",\"item\":\"https:\/\/adgt.cz\/fr\/\"},{\"@type\":\"ListItem\",\"position\":2,\"name\":\"A propos de nous\"}]},{\"@type\":\"WebSite\",\"@id\":\"https:\/\/adgt.cz\/fr\/#website\",\"url\":\"https:\/\/adgt.cz\/fr\/\",\"name\":\"ADGT\",\"description\":\"Just another WordPress site\",\"publisher\":{\"@id\":\"https:\/\/adgt.cz\/fr\/#organization\"},\"potentialAction\":[{\"@type\":\"SearchAction\",\"target\":{\"@type\":\"EntryPoint\",\"urlTemplate\":\"https:\/\/adgt.cz\/fr\/?s={search_term_string}\"},\"query-input\":{\"@type\":\"PropertyValueSpecification\",\"valueRequired\":true,\"valueName\":\"search_term_string\"}}],\"inLanguage\":\"fr-FR\"},{\"@type\":\"Organization\",\"@id\":\"https:\/\/adgt.cz\/fr\/#organization\",\"name\":\"ADGT\",\"url\":\"https:\/\/adgt.cz\/fr\/\",\"logo\":{\"@type\":\"ImageObject\",\"inLanguage\":\"fr-FR\",\"@id\":\"https:\/\/adgt.cz\/fr\/#\/schema\/logo\/image\/\",\"url\":\"https:\/\/adgt.cz\/wp-content\/uploads\/2020\/09\/ADGT_logo_Magenta.png\",\"contentUrl\":\"https:\/\/adgt.cz\/wp-content\/uploads\/2020\/09\/ADGT_logo_Magenta.png\",\"width\":798,\"height\":208,\"caption\":\"ADGT\"},\"image\":{\"@id\":\"https:\/\/adgt.cz\/fr\/#\/schema\/logo\/image\/\"}}]}<\/script>\n<!-- \/ Yoast SEO plugin. -->","yoast_head_json":{"title":"A propos de nous - ADGT","robots":{"index":"index","follow":"follow","max-snippet":"max-snippet:-1","max-image-preview":"max-image-preview:large","max-video-preview":"max-video-preview:-1"},"canonical":"https:\/\/adgt.cz\/fr\/about-us\/","og_locale":"fr_FR","og_type":"article","og_title":"A propos de nous - ADGT","og_description":"[vc_row][vc_column][vc_row_inner gap=&#8221;35&#8243;][vc_column_inner width=&#8221;1\/2&#8243;][vc_column_text]Chez ADGT, nous d\u00e9veloppons et fabriquons des solutions et des syst\u00e8mes sans fil pour la collecte, le traitement et la transmission de donn\u00e9es \u00e0 distance sur des r\u00e9seaux mobiles. En outre, nous produisons des logiciels sp\u00e9ciaux qui rendent nos produits adaptables et des outils flexibles pour les demandes de nos clients. ADGT assure un cycle de production complet : du d\u00e9veloppement du projet \u00e0 la sortie du produit fini. Tous nos \u00e9quipements sont d\u00e9velopp\u00e9s sur la base de composants certifi\u00e9s de haute qualit\u00e9 provenant des principaux fabricants mondiaux. Un service de contr\u00f4le de la qualit\u00e9 assure la durabilit\u00e9 et la fiabilit\u00e9 de nos appareils.[\/vc_column_text][\/vc_column_inner][vc_column_inner width=&#8221;1\/2&#8243;][vc_single_image image=&#8221;5744&#8243;&hellip;","og_url":"https:\/\/adgt.cz\/fr\/about-us\/","og_site_name":"ADGT","article_modified_time":"2021-05-21T12:32:36+00:00","twitter_card":"summary_large_image","twitter_misc":{"Dur\u00e9e de lecture estim\u00e9e":"4 minutes"},"schema":{"@context":"https:\/\/schema.org","@graph":[{"@type":"WebPage","@id":"https:\/\/adgt.cz\/fr\/about-us\/","url":"https:\/\/adgt.cz\/fr\/about-us\/","name":"A propos de nous - ADGT","isPartOf":{"@id":"https:\/\/adgt.cz\/fr\/#website"},"datePublished":"2020-11-18T11:45:27+00:00","dateModified":"2021-05-21T12:32:36+00:00","breadcrumb":{"@id":"https:\/\/adgt.cz\/fr\/about-us\/#breadcrumb"},"inLanguage":"fr-FR","potentialAction":[{"@type":"ReadAction","target":["https:\/\/adgt.cz\/fr\/about-us\/"]}]},{"@type":"BreadcrumbList","@id":"https:\/\/adgt.cz\/fr\/about-us\/#breadcrumb","itemListElement":[{"@type":"ListItem","position":1,"name":"Home","item":"https:\/\/adgt.cz\/fr\/"},{"@type":"ListItem","position":2,"name":"A propos de nous"}]},{"@type":"WebSite","@id":"https:\/\/adgt.cz\/fr\/#website","url":"https:\/\/adgt.cz\/fr\/","name":"ADGT","description":"Just another WordPress site","publisher":{"@id":"https:\/\/adgt.cz\/fr\/#organization"},"potentialAction":[{"@type":"SearchAction","target":{"@type":"EntryPoint","urlTemplate":"https:\/\/adgt.cz\/fr\/?s={search_term_string}"},"query-input":{"@type":"PropertyValueSpecification","valueRequired":true,"valueName":"search_term_string"}}],"inLanguage":"fr-FR"},{"@type":"Organization","@id":"https:\/\/adgt.cz\/fr\/#organization","name":"ADGT","url":"https:\/\/adgt.cz\/fr\/","logo":{"@type":"ImageObject","inLanguage":"fr-FR","@id":"https:\/\/adgt.cz\/fr\/#\/schema\/logo\/image\/","url":"https:\/\/adgt.cz\/wp-content\/uploads\/2020\/09\/ADGT_logo_Magenta.png","contentUrl":"https:\/\/adgt.cz\/wp-content\/uploads\/2020\/09\/ADGT_logo_Magenta.png","width":798,"height":208,"caption":"ADGT"},"image":{"@id":"https:\/\/adgt.cz\/fr\/#\/schema\/logo\/image\/"}}]}},"_links":{"self":[{"href":"https:\/\/adgt.cz\/fr\/wp-json\/wp\/v2\/pages\/7276"}],"collection":[{"href":"https:\/\/adgt.cz\/fr\/wp-json\/wp\/v2\/pages"}],"about":[{"href":"https:\/\/adgt.cz\/fr\/wp-json\/wp\/v2\/types\/page"}],"author":[{"embeddable":true,"href":"https:\/\/adgt.cz\/fr\/wp-json\/wp\/v2\/users\/1"}],"replies":[{"embeddable":true,"href":"https:\/\/adgt.cz\/fr\/wp-json\/wp\/v2\/comments?post=7276"}],"version-history":[{"count":2,"href":"https:\/\/adgt.cz\/fr\/wp-json\/wp\/v2\/pages\/7276\/revisions"}],"predecessor-version":[{"id":11888,"href":"https:\/\/adgt.cz\/fr\/wp-json\/wp\/v2\/pages\/7276\/revisions\/11888"}],"wp:attachment":[{"href":"https:\/\/adgt.cz\/fr\/wp-json\/wp\/v2\/media?parent=7276"}],"curies":[{"name":"wp","href":"https:\/\/api.w.org\/{rel}","templated":true}]}}