{"id":7509,"date":"2020-09-29T14:37:29","date_gmt":"2020-11-25T07:18:47","guid":{"rendered":"https:\/\/adgt.cz\/?post_type=product&#038;p=7509"},"modified":"2021-09-22T06:41:30","modified_gmt":"2021-09-22T06:41:30","slug":"servidor-de-datos-adgt-dtu","status":"publish","type":"product","link":"https:\/\/adgt.cz\/es\/products\/software\/servidor-de-datos-adgt-dtu\/","title":{"rendered":"Servidor de Datos ADGT DTU"},"content":{"rendered":"<p>Software para integrar los registradores de datos de ADGT DTU con sistemas de lectura y monitoreo remoto de terceros.<br \/>\nNuestros registradores de datos DTU tienen un gran n\u00famero de par\u00e1metros configurables y funcionan seg\u00fan nuestro protocolo de transmisi\u00f3n DTU Protocol. Si la compa\u00f1\u00eda planea utilizar los registradores de datos DTU en su sistema AMR, puede llevar bastante tiempo integrar nuestros dispositivos: primero hay que a\u00f1adir el protocolo de transmisi\u00f3n DTU a su software, luego probar su funcionamiento y realizar la depuraci\u00f3n si es necesario.<br \/>\nPara reducir los riesgos y costos de la integraci\u00f3n, as\u00ed como para ahorrarle tiempo, hemos desarrollado una herramienta especial &#8211; ADGT DTU DATA SERVER.<br \/>\nLa herramienta de integraci\u00f3n le permitir\u00e1 desplegar de forma r\u00e1pida y segura su sistema de monitorizaci\u00f3n utilizando registradores de datos DTU sin necesidad de integrar el protocolo ADGT DTU en su sistema. El producto est\u00e1 destinado a desarrolladores, integradores de productos y administradores de bases de datos.<\/p>\n<p><strong>Caracter\u00edsticas del software:<\/strong><br \/>\n\u2014 Recibe y procesa las conexiones entrantes de los registradores de datos<br \/>\n\u2014 Asegura la interacci\u00f3n del software AMR con los registradores de datos<br \/>\n\u2014 Almacena todos los datos de los registradores de datos (lectura, eventos, informaci\u00f3n de telemetr\u00eda) en la base de datos PostgreSQL<br \/>\n\u2014 Actualiza el firmware del registrador de datos a petici\u00f3n del usuario<br \/>\n\u2014 Permite cambiar a distancia los par\u00e1metros del registrador de datos con una ejecuci\u00f3n retardada<br \/>\n\u2014 Soporta el protocolo UDP para los dispositivos NB-IoT<br \/>\n\u2014 Lee los archivos a petici\u00f3n.<\/p>\n<p><strong>C\u00f3mo funciona<\/strong><br \/>\n\u2014 La plataforma desempe\u00f1a el papel de servidor TCP y UDP y proporciona la conexi\u00f3n de los registradores de datos remotos de DTU a trav\u00e9s de Internet.<br \/>\n\u2014 El software recoge datos de los registradores de datos y los almacena en la base de datos PostgreSQL<br \/>\n\u2014 El sistema AMR env\u00eda una solicitud de lectura de datos y\/o una solicitud para cambiar la configuraci\u00f3n del dispositivo.<br \/>\n\u2014 El software informa de los datos solicitados y\/o aplica los nuevos ajustes a los registradores de datos.<\/p>\n","protected":false},"excerpt":{"rendered":"<p>Software para integrar los registradores de datos de ADGT DTU con sistemas de lectura y monitoreo remoto de terceros.<\/p>\n","protected":false},"featured_media":5777,"comment_status":"closed","ping_status":"closed","template":"","meta":[],"product_cat":[227],"product_tag":[],"class_list":{"0":"post-7509","1":"product","2":"type-product","3":"status-publish","4":"has-post-thumbnail","6":"product_cat-software","8":"first","9":"instock","10":"shipping-taxable","11":"product-type-simple"},"yoast_head":"<!-- This site is optimized with the Yoast SEO plugin v23.5 - https:\/\/yoast.com\/wordpress\/plugins\/seo\/ -->\n<title>Servidor de Datos ADGT DTU - ADGT<\/title>\n<meta name=\"robots\" content=\"index, follow, max-snippet:-1, max-image-preview:large, max-video-preview:-1\" \/>\n<link rel=\"canonical\" href=\"https:\/\/adgt.cz\/es\/products\/software\/servidor-de-datos-adgt-dtu\/\" \/>\n<meta property=\"og:locale\" content=\"es_ES\" \/>\n<meta property=\"og:type\" content=\"article\" \/>\n<meta property=\"og:title\" content=\"Servidor de Datos ADGT DTU - ADGT\" \/>\n<meta property=\"og:description\" content=\"Software para integrar los registradores de datos de ADGT DTU con sistemas de lectura y monitoreo remoto de terceros.\" \/>\n<meta property=\"og:url\" content=\"https:\/\/adgt.cz\/es\/products\/software\/servidor-de-datos-adgt-dtu\/\" \/>\n<meta property=\"og:site_name\" content=\"ADGT\" \/>\n<meta property=\"article:modified_time\" content=\"2021-09-22T06:41:30+00:00\" \/>\n<meta property=\"og:image\" content=\"https:\/\/adgt.cz\/wp-content\/uploads\/2020\/10\/ADGT.jpg\" \/>\n\t<meta property=\"og:image:width\" content=\"1200\" \/>\n\t<meta property=\"og:image:height\" content=\"1177\" \/>\n\t<meta property=\"og:image:type\" content=\"image\/jpeg\" \/>\n<meta name=\"twitter:card\" content=\"summary_large_image\" \/>\n<meta name=\"twitter:label1\" content=\"Tiempo de lectura\" \/>\n\t<meta name=\"twitter:data1\" content=\"2 minutos\" \/>\n<script type=\"application\/ld+json\" class=\"yoast-schema-graph\">{\"@context\":\"https:\/\/schema.org\",\"@graph\":[{\"@type\":\"WebPage\",\"@id\":\"https:\/\/adgt.cz\/es\/products\/software\/servidor-de-datos-adgt-dtu\/\",\"url\":\"https:\/\/adgt.cz\/es\/products\/software\/servidor-de-datos-adgt-dtu\/\",\"name\":\"Servidor de Datos ADGT DTU - ADGT\",\"isPartOf\":{\"@id\":\"https:\/\/adgt.cz\/es\/#website\"},\"primaryImageOfPage\":{\"@id\":\"https:\/\/adgt.cz\/es\/products\/software\/servidor-de-datos-adgt-dtu\/#primaryimage\"},\"image\":{\"@id\":\"https:\/\/adgt.cz\/es\/products\/software\/servidor-de-datos-adgt-dtu\/#primaryimage\"},\"thumbnailUrl\":\"https:\/\/adgt.cz\/wp-content\/uploads\/2020\/10\/ADGT.jpg\",\"datePublished\":\"2020-11-25T07:18:47+00:00\",\"dateModified\":\"2021-09-22T06:41:30+00:00\",\"breadcrumb\":{\"@id\":\"https:\/\/adgt.cz\/es\/products\/software\/servidor-de-datos-adgt-dtu\/#breadcrumb\"},\"inLanguage\":\"es\",\"potentialAction\":[{\"@type\":\"ReadAction\",\"target\":[\"https:\/\/adgt.cz\/es\/products\/software\/servidor-de-datos-adgt-dtu\/\"]}]},{\"@type\":\"ImageObject\",\"inLanguage\":\"es\",\"@id\":\"https:\/\/adgt.cz\/es\/products\/software\/servidor-de-datos-adgt-dtu\/#primaryimage\",\"url\":\"https:\/\/adgt.cz\/wp-content\/uploads\/2020\/10\/ADGT.jpg\",\"contentUrl\":\"https:\/\/adgt.cz\/wp-content\/uploads\/2020\/10\/ADGT.jpg\",\"width\":1200,\"height\":1177},{\"@type\":\"BreadcrumbList\",\"@id\":\"https:\/\/adgt.cz\/es\/products\/software\/servidor-de-datos-adgt-dtu\/#breadcrumb\",\"itemListElement\":[{\"@type\":\"ListItem\",\"position\":1,\"name\":\"Home\",\"item\":\"https:\/\/adgt.cz\/es\/\"},{\"@type\":\"ListItem\",\"position\":2,\"name\":\"Productos\",\"item\":\"https:\/\/adgt.cz\/products\/\"},{\"@type\":\"ListItem\",\"position\":3,\"name\":\"Software\",\"item\":\"https:\/\/adgt.cz\/es\/product-category\/software\/\"},{\"@type\":\"ListItem\",\"position\":4,\"name\":\"Servidor de Datos ADGT DTU\"}]},{\"@type\":\"WebSite\",\"@id\":\"https:\/\/adgt.cz\/es\/#website\",\"url\":\"https:\/\/adgt.cz\/es\/\",\"name\":\"ADGT\",\"description\":\"Just another WordPress site\",\"publisher\":{\"@id\":\"https:\/\/adgt.cz\/es\/#organization\"},\"potentialAction\":[{\"@type\":\"SearchAction\",\"target\":{\"@type\":\"EntryPoint\",\"urlTemplate\":\"https:\/\/adgt.cz\/es\/?s={search_term_string}\"},\"query-input\":{\"@type\":\"PropertyValueSpecification\",\"valueRequired\":true,\"valueName\":\"search_term_string\"}}],\"inLanguage\":\"es\"},{\"@type\":\"Organization\",\"@id\":\"https:\/\/adgt.cz\/es\/#organization\",\"name\":\"ADGT\",\"url\":\"https:\/\/adgt.cz\/es\/\",\"logo\":{\"@type\":\"ImageObject\",\"inLanguage\":\"es\",\"@id\":\"https:\/\/adgt.cz\/es\/#\/schema\/logo\/image\/\",\"url\":\"https:\/\/adgt.cz\/wp-content\/uploads\/2020\/09\/ADGT_logo_Magenta.png\",\"contentUrl\":\"https:\/\/adgt.cz\/wp-content\/uploads\/2020\/09\/ADGT_logo_Magenta.png\",\"width\":798,\"height\":208,\"caption\":\"ADGT\"},\"image\":{\"@id\":\"https:\/\/adgt.cz\/es\/#\/schema\/logo\/image\/\"}}]}<\/script>\n<!-- \/ Yoast SEO plugin. -->","yoast_head_json":{"title":"Servidor de Datos ADGT DTU - ADGT","robots":{"index":"index","follow":"follow","max-snippet":"max-snippet:-1","max-image-preview":"max-image-preview:large","max-video-preview":"max-video-preview:-1"},"canonical":"https:\/\/adgt.cz\/es\/products\/software\/servidor-de-datos-adgt-dtu\/","og_locale":"es_ES","og_type":"article","og_title":"Servidor de Datos ADGT DTU - ADGT","og_description":"Software para integrar los registradores de datos de ADGT DTU con sistemas de lectura y monitoreo remoto de terceros.","og_url":"https:\/\/adgt.cz\/es\/products\/software\/servidor-de-datos-adgt-dtu\/","og_site_name":"ADGT","article_modified_time":"2021-09-22T06:41:30+00:00","og_image":[{"width":1200,"height":1177,"url":"https:\/\/adgt.cz\/wp-content\/uploads\/2020\/10\/ADGT.jpg","type":"image\/jpeg"}],"twitter_card":"summary_large_image","twitter_misc":{"Tiempo de lectura":"2 minutos"},"schema":{"@context":"https:\/\/schema.org","@graph":[{"@type":"WebPage","@id":"https:\/\/adgt.cz\/es\/products\/software\/servidor-de-datos-adgt-dtu\/","url":"https:\/\/adgt.cz\/es\/products\/software\/servidor-de-datos-adgt-dtu\/","name":"Servidor de Datos ADGT DTU - ADGT","isPartOf":{"@id":"https:\/\/adgt.cz\/es\/#website"},"primaryImageOfPage":{"@id":"https:\/\/adgt.cz\/es\/products\/software\/servidor-de-datos-adgt-dtu\/#primaryimage"},"image":{"@id":"https:\/\/adgt.cz\/es\/products\/software\/servidor-de-datos-adgt-dtu\/#primaryimage"},"thumbnailUrl":"https:\/\/adgt.cz\/wp-content\/uploads\/2020\/10\/ADGT.jpg","datePublished":"2020-11-25T07:18:47+00:00","dateModified":"2021-09-22T06:41:30+00:00","breadcrumb":{"@id":"https:\/\/adgt.cz\/es\/products\/software\/servidor-de-datos-adgt-dtu\/#breadcrumb"},"inLanguage":"es","potentialAction":[{"@type":"ReadAction","target":["https:\/\/adgt.cz\/es\/products\/software\/servidor-de-datos-adgt-dtu\/"]}]},{"@type":"ImageObject","inLanguage":"es","@id":"https:\/\/adgt.cz\/es\/products\/software\/servidor-de-datos-adgt-dtu\/#primaryimage","url":"https:\/\/adgt.cz\/wp-content\/uploads\/2020\/10\/ADGT.jpg","contentUrl":"https:\/\/adgt.cz\/wp-content\/uploads\/2020\/10\/ADGT.jpg","width":1200,"height":1177},{"@type":"BreadcrumbList","@id":"https:\/\/adgt.cz\/es\/products\/software\/servidor-de-datos-adgt-dtu\/#breadcrumb","itemListElement":[{"@type":"ListItem","position":1,"name":"Home","item":"https:\/\/adgt.cz\/es\/"},{"@type":"ListItem","position":2,"name":"Productos","item":"https:\/\/adgt.cz\/products\/"},{"@type":"ListItem","position":3,"name":"Software","item":"https:\/\/adgt.cz\/es\/product-category\/software\/"},{"@type":"ListItem","position":4,"name":"Servidor de Datos ADGT DTU"}]},{"@type":"WebSite","@id":"https:\/\/adgt.cz\/es\/#website","url":"https:\/\/adgt.cz\/es\/","name":"ADGT","description":"Just another WordPress site","publisher":{"@id":"https:\/\/adgt.cz\/es\/#organization"},"potentialAction":[{"@type":"SearchAction","target":{"@type":"EntryPoint","urlTemplate":"https:\/\/adgt.cz\/es\/?s={search_term_string}"},"query-input":{"@type":"PropertyValueSpecification","valueRequired":true,"valueName":"search_term_string"}}],"inLanguage":"es"},{"@type":"Organization","@id":"https:\/\/adgt.cz\/es\/#organization","name":"ADGT","url":"https:\/\/adgt.cz\/es\/","logo":{"@type":"ImageObject","inLanguage":"es","@id":"https:\/\/adgt.cz\/es\/#\/schema\/logo\/image\/","url":"https:\/\/adgt.cz\/wp-content\/uploads\/2020\/09\/ADGT_logo_Magenta.png","contentUrl":"https:\/\/adgt.cz\/wp-content\/uploads\/2020\/09\/ADGT_logo_Magenta.png","width":798,"height":208,"caption":"ADGT"},"image":{"@id":"https:\/\/adgt.cz\/es\/#\/schema\/logo\/image\/"}}]}},"_links":{"self":[{"href":"https:\/\/adgt.cz\/es\/wp-json\/wp\/v2\/product\/7509"}],"collection":[{"href":"https:\/\/adgt.cz\/es\/wp-json\/wp\/v2\/product"}],"about":[{"href":"https:\/\/adgt.cz\/es\/wp-json\/wp\/v2\/types\/product"}],"replies":[{"embeddable":true,"href":"https:\/\/adgt.cz\/es\/wp-json\/wp\/v2\/comments?post=7509"}],"wp:featuredmedia":[{"embeddable":true,"href":"https:\/\/adgt.cz\/es\/wp-json\/wp\/v2\/media\/5777"}],"wp:attachment":[{"href":"https:\/\/adgt.cz\/es\/wp-json\/wp\/v2\/media?parent=7509"}],"wp:term":[{"taxonomy":"product_cat","embeddable":true,"href":"https:\/\/adgt.cz\/es\/wp-json\/wp\/v2\/product_cat?post=7509"},{"taxonomy":"product_tag","embeddable":true,"href":"https:\/\/adgt.cz\/es\/wp-json\/wp\/v2\/product_tag?post=7509"}],"curies":[{"name":"wp","href":"https:\/\/api.w.org\/{rel}","templated":true}]}}