{"id":7505,"date":"2020-09-29T14:32:46","date_gmt":"2020-11-25T07:10:59","guid":{"rendered":"https:\/\/adgt.cz\/?post_type=product&#038;p=7505"},"modified":"2021-08-30T12:15:19","modified_gmt":"2021-08-30T12:15:19","slug":"plataforma-de-software-de-nube-iot24-eu","status":"publish","type":"product","link":"https:\/\/adgt.cz\/es\/products\/software\/plataforma-de-software-de-nube-iot24-eu\/","title":{"rendered":"PLATAFORMA DE SOFTWARE DE NUBE IOT24.EU"},"content":{"rendered":"<p>IOT24.EU &#8211; plataforma de software en la nube para la medici\u00f3n y monitorizaci\u00f3n de recursos energ\u00e9ticos. La plataforma permite almacenar, visualizar y gestionar los datos de consumo de los medidores y sensores conectados a los registradores de datos ADGT DTU. La plataforma es una buena soluci\u00f3n alternativa a otros sistemas AMR y es adecuada para monitorizar los datos de los contadores de agua, gas, as\u00ed como los sensores anal\u00f3gicos.<\/p>\n<h6>Opciones de IoT24.eu:<\/h6>\n<p>\u2014 Acceso remoto a lecturas 24\/7 basado en la nube<br \/>\n\u2014 Visualizaci\u00f3n de datos<br \/>\n\u2014 Configuraci\u00f3n remota de los registradores de datos<br \/>\n\u2014 La bater\u00eda y el nivel de la se\u00f1al se muestran<br \/>\n\u2014 Verificaci\u00f3n y correcci\u00f3n de las lecturas<br \/>\n\u2014 Salida inmediata de mensajes\/eventos de alarma<br \/>\n\u2014 Generaci\u00f3n de informes para el per\u00edodo seleccionado<br \/>\n\u2014 Acceso a la informaci\u00f3n de telemetr\u00eda del registrador de datos<br \/>\n\u2014 Interfaz API REST para integraci\u00f3n con otras plataformas<\/p>\n<div class=\"wp-block-button\"><a class=\"wp-block-button__link has-white-color has-text-color has-background\" style=\"border-radius: 6px; background-color: #d81a7a;\" href=\"https:\/\/adgt.cz\/es\/resources\/our-products\/dtu-cellular-data-logger-series\/\" target=\"_blank\" rel=\"https:\/\/adgt.cz\/resources\/our-products\/dtu-cellular-data-logger-series\/ noopener noreferrer\">EXPLORE EL REGISTRADOR DE DATOS<\/a><\/div>\n","protected":false},"excerpt":{"rendered":"<p>IOT24.EU &#8211; plataforma de software en la nube para la medici\u00f3n y monitorizaci\u00f3n de recursos energ\u00e9ticos. La plataforma permite almacenar, visualizar y gestionar los datos de consumo de los medidores y sensores conectados a los registradores de datos <a href=\"https:\/\/adgt.cz\/es\/product-category\/data-loggers\/\" target=\"_blank\" rel=\"noopener noreferrer\">ADGT DTU<\/a>.<\/p>\n<p>La plataforma es una buena soluci\u00f3n alternativa a otros sistemas AMR y es adecuada para monitorizar los datos de los contadores de agua, gas, as\u00ed como los sensores anal\u00f3gicos.<\/p>\n","protected":false},"featured_media":6442,"comment_status":"closed","ping_status":"closed","template":"","meta":[],"product_cat":[227],"product_tag":[],"class_list":{"0":"post-7505","1":"product","2":"type-product","3":"status-publish","4":"has-post-thumbnail","6":"product_cat-software","8":"first","9":"instock","10":"shipping-taxable","11":"product-type-simple"},"yoast_head":"<!-- This site is optimized with the Yoast SEO plugin v23.5 - https:\/\/yoast.com\/wordpress\/plugins\/seo\/ -->\n<title>PLATAFORMA DE SOFTWARE DE NUBE IOT24.EU - ADGT<\/title>\n<meta name=\"robots\" content=\"index, follow, max-snippet:-1, max-image-preview:large, max-video-preview:-1\" \/>\n<link rel=\"canonical\" href=\"https:\/\/adgt.cz\/es\/products\/software\/plataforma-de-software-de-nube-iot24-eu\/\" \/>\n<meta property=\"og:locale\" content=\"es_ES\" \/>\n<meta property=\"og:type\" content=\"article\" \/>\n<meta property=\"og:title\" content=\"PLATAFORMA DE SOFTWARE DE NUBE IOT24.EU - ADGT\" \/>\n<meta property=\"og:description\" content=\"IOT24.EU - plataforma de software en la nube para la medici\u00f3n y monitorizaci\u00f3n de recursos energ\u00e9ticos. La plataforma permite almacenar, visualizar y gestionar los datos de consumo de los medidores y sensores conectados a los registradores de datos ADGT DTU.  La plataforma es una buena soluci\u00f3n alternativa a otros sistemas AMR y es adecuada para monitorizar los datos de los contadores de agua, gas, as\u00ed como los sensores anal\u00f3gicos.\" \/>\n<meta property=\"og:url\" content=\"https:\/\/adgt.cz\/es\/products\/software\/plataforma-de-software-de-nube-iot24-eu\/\" \/>\n<meta property=\"og:site_name\" content=\"ADGT\" \/>\n<meta property=\"article:modified_time\" content=\"2021-08-30T12:15:19+00:00\" \/>\n<meta property=\"og:image\" content=\"https:\/\/adgt.cz\/wp-content\/uploads\/2020\/09\/iot24_eu.jpg\" \/>\n\t<meta property=\"og:image:width\" content=\"1100\" \/>\n\t<meta property=\"og:image:height\" content=\"1100\" \/>\n\t<meta property=\"og:image:type\" content=\"image\/jpeg\" \/>\n<meta name=\"twitter:card\" content=\"summary_large_image\" \/>\n<meta name=\"twitter:label1\" content=\"Tiempo de lectura\" \/>\n\t<meta name=\"twitter:data1\" content=\"1 minuto\" \/>\n<script type=\"application\/ld+json\" class=\"yoast-schema-graph\">{\"@context\":\"https:\/\/schema.org\",\"@graph\":[{\"@type\":\"WebPage\",\"@id\":\"https:\/\/adgt.cz\/es\/products\/software\/plataforma-de-software-de-nube-iot24-eu\/\",\"url\":\"https:\/\/adgt.cz\/es\/products\/software\/plataforma-de-software-de-nube-iot24-eu\/\",\"name\":\"PLATAFORMA DE SOFTWARE DE NUBE IOT24.EU - ADGT\",\"isPartOf\":{\"@id\":\"https:\/\/adgt.cz\/es\/#website\"},\"primaryImageOfPage\":{\"@id\":\"https:\/\/adgt.cz\/es\/products\/software\/plataforma-de-software-de-nube-iot24-eu\/#primaryimage\"},\"image\":{\"@id\":\"https:\/\/adgt.cz\/es\/products\/software\/plataforma-de-software-de-nube-iot24-eu\/#primaryimage\"},\"thumbnailUrl\":\"https:\/\/adgt.cz\/wp-content\/uploads\/2020\/09\/iot24_eu.jpg\",\"datePublished\":\"2020-11-25T07:10:59+00:00\",\"dateModified\":\"2021-08-30T12:15:19+00:00\",\"breadcrumb\":{\"@id\":\"https:\/\/adgt.cz\/es\/products\/software\/plataforma-de-software-de-nube-iot24-eu\/#breadcrumb\"},\"inLanguage\":\"es\",\"potentialAction\":[{\"@type\":\"ReadAction\",\"target\":[\"https:\/\/adgt.cz\/es\/products\/software\/plataforma-de-software-de-nube-iot24-eu\/\"]}]},{\"@type\":\"ImageObject\",\"inLanguage\":\"es\",\"@id\":\"https:\/\/adgt.cz\/es\/products\/software\/plataforma-de-software-de-nube-iot24-eu\/#primaryimage\",\"url\":\"https:\/\/adgt.cz\/wp-content\/uploads\/2020\/09\/iot24_eu.jpg\",\"contentUrl\":\"https:\/\/adgt.cz\/wp-content\/uploads\/2020\/09\/iot24_eu.jpg\",\"width\":1100,\"height\":1100},{\"@type\":\"BreadcrumbList\",\"@id\":\"https:\/\/adgt.cz\/es\/products\/software\/plataforma-de-software-de-nube-iot24-eu\/#breadcrumb\",\"itemListElement\":[{\"@type\":\"ListItem\",\"position\":1,\"name\":\"Home\",\"item\":\"https:\/\/adgt.cz\/es\/\"},{\"@type\":\"ListItem\",\"position\":2,\"name\":\"Productos\",\"item\":\"https:\/\/adgt.cz\/products\/\"},{\"@type\":\"ListItem\",\"position\":3,\"name\":\"Software\",\"item\":\"https:\/\/adgt.cz\/es\/product-category\/software\/\"},{\"@type\":\"ListItem\",\"position\":4,\"name\":\"PLATAFORMA DE SOFTWARE DE NUBE IOT24.EU\"}]},{\"@type\":\"WebSite\",\"@id\":\"https:\/\/adgt.cz\/es\/#website\",\"url\":\"https:\/\/adgt.cz\/es\/\",\"name\":\"ADGT\",\"description\":\"Just another WordPress site\",\"publisher\":{\"@id\":\"https:\/\/adgt.cz\/es\/#organization\"},\"potentialAction\":[{\"@type\":\"SearchAction\",\"target\":{\"@type\":\"EntryPoint\",\"urlTemplate\":\"https:\/\/adgt.cz\/es\/?s={search_term_string}\"},\"query-input\":{\"@type\":\"PropertyValueSpecification\",\"valueRequired\":true,\"valueName\":\"search_term_string\"}}],\"inLanguage\":\"es\"},{\"@type\":\"Organization\",\"@id\":\"https:\/\/adgt.cz\/es\/#organization\",\"name\":\"ADGT\",\"url\":\"https:\/\/adgt.cz\/es\/\",\"logo\":{\"@type\":\"ImageObject\",\"inLanguage\":\"es\",\"@id\":\"https:\/\/adgt.cz\/es\/#\/schema\/logo\/image\/\",\"url\":\"https:\/\/adgt.cz\/wp-content\/uploads\/2020\/09\/ADGT_logo_Magenta.png\",\"contentUrl\":\"https:\/\/adgt.cz\/wp-content\/uploads\/2020\/09\/ADGT_logo_Magenta.png\",\"width\":798,\"height\":208,\"caption\":\"ADGT\"},\"image\":{\"@id\":\"https:\/\/adgt.cz\/es\/#\/schema\/logo\/image\/\"}}]}<\/script>\n<!-- \/ Yoast SEO plugin. -->","yoast_head_json":{"title":"PLATAFORMA DE SOFTWARE DE NUBE IOT24.EU - ADGT","robots":{"index":"index","follow":"follow","max-snippet":"max-snippet:-1","max-image-preview":"max-image-preview:large","max-video-preview":"max-video-preview:-1"},"canonical":"https:\/\/adgt.cz\/es\/products\/software\/plataforma-de-software-de-nube-iot24-eu\/","og_locale":"es_ES","og_type":"article","og_title":"PLATAFORMA DE SOFTWARE DE NUBE IOT24.EU - ADGT","og_description":"IOT24.EU - plataforma de software en la nube para la medici\u00f3n y monitorizaci\u00f3n de recursos energ\u00e9ticos. La plataforma permite almacenar, visualizar y gestionar los datos de consumo de los medidores y sensores conectados a los registradores de datos ADGT DTU.  La plataforma es una buena soluci\u00f3n alternativa a otros sistemas AMR y es adecuada para monitorizar los datos de los contadores de agua, gas, as\u00ed como los sensores anal\u00f3gicos.","og_url":"https:\/\/adgt.cz\/es\/products\/software\/plataforma-de-software-de-nube-iot24-eu\/","og_site_name":"ADGT","article_modified_time":"2021-08-30T12:15:19+00:00","og_image":[{"width":1100,"height":1100,"url":"https:\/\/adgt.cz\/wp-content\/uploads\/2020\/09\/iot24_eu.jpg","type":"image\/jpeg"}],"twitter_card":"summary_large_image","twitter_misc":{"Tiempo de lectura":"1 minuto"},"schema":{"@context":"https:\/\/schema.org","@graph":[{"@type":"WebPage","@id":"https:\/\/adgt.cz\/es\/products\/software\/plataforma-de-software-de-nube-iot24-eu\/","url":"https:\/\/adgt.cz\/es\/products\/software\/plataforma-de-software-de-nube-iot24-eu\/","name":"PLATAFORMA DE SOFTWARE DE NUBE IOT24.EU - ADGT","isPartOf":{"@id":"https:\/\/adgt.cz\/es\/#website"},"primaryImageOfPage":{"@id":"https:\/\/adgt.cz\/es\/products\/software\/plataforma-de-software-de-nube-iot24-eu\/#primaryimage"},"image":{"@id":"https:\/\/adgt.cz\/es\/products\/software\/plataforma-de-software-de-nube-iot24-eu\/#primaryimage"},"thumbnailUrl":"https:\/\/adgt.cz\/wp-content\/uploads\/2020\/09\/iot24_eu.jpg","datePublished":"2020-11-25T07:10:59+00:00","dateModified":"2021-08-30T12:15:19+00:00","breadcrumb":{"@id":"https:\/\/adgt.cz\/es\/products\/software\/plataforma-de-software-de-nube-iot24-eu\/#breadcrumb"},"inLanguage":"es","potentialAction":[{"@type":"ReadAction","target":["https:\/\/adgt.cz\/es\/products\/software\/plataforma-de-software-de-nube-iot24-eu\/"]}]},{"@type":"ImageObject","inLanguage":"es","@id":"https:\/\/adgt.cz\/es\/products\/software\/plataforma-de-software-de-nube-iot24-eu\/#primaryimage","url":"https:\/\/adgt.cz\/wp-content\/uploads\/2020\/09\/iot24_eu.jpg","contentUrl":"https:\/\/adgt.cz\/wp-content\/uploads\/2020\/09\/iot24_eu.jpg","width":1100,"height":1100},{"@type":"BreadcrumbList","@id":"https:\/\/adgt.cz\/es\/products\/software\/plataforma-de-software-de-nube-iot24-eu\/#breadcrumb","itemListElement":[{"@type":"ListItem","position":1,"name":"Home","item":"https:\/\/adgt.cz\/es\/"},{"@type":"ListItem","position":2,"name":"Productos","item":"https:\/\/adgt.cz\/products\/"},{"@type":"ListItem","position":3,"name":"Software","item":"https:\/\/adgt.cz\/es\/product-category\/software\/"},{"@type":"ListItem","position":4,"name":"PLATAFORMA DE SOFTWARE DE NUBE IOT24.EU"}]},{"@type":"WebSite","@id":"https:\/\/adgt.cz\/es\/#website","url":"https:\/\/adgt.cz\/es\/","name":"ADGT","description":"Just another WordPress site","publisher":{"@id":"https:\/\/adgt.cz\/es\/#organization"},"potentialAction":[{"@type":"SearchAction","target":{"@type":"EntryPoint","urlTemplate":"https:\/\/adgt.cz\/es\/?s={search_term_string}"},"query-input":{"@type":"PropertyValueSpecification","valueRequired":true,"valueName":"search_term_string"}}],"inLanguage":"es"},{"@type":"Organization","@id":"https:\/\/adgt.cz\/es\/#organization","name":"ADGT","url":"https:\/\/adgt.cz\/es\/","logo":{"@type":"ImageObject","inLanguage":"es","@id":"https:\/\/adgt.cz\/es\/#\/schema\/logo\/image\/","url":"https:\/\/adgt.cz\/wp-content\/uploads\/2020\/09\/ADGT_logo_Magenta.png","contentUrl":"https:\/\/adgt.cz\/wp-content\/uploads\/2020\/09\/ADGT_logo_Magenta.png","width":798,"height":208,"caption":"ADGT"},"image":{"@id":"https:\/\/adgt.cz\/es\/#\/schema\/logo\/image\/"}}]}},"_links":{"self":[{"href":"https:\/\/adgt.cz\/es\/wp-json\/wp\/v2\/product\/7505"}],"collection":[{"href":"https:\/\/adgt.cz\/es\/wp-json\/wp\/v2\/product"}],"about":[{"href":"https:\/\/adgt.cz\/es\/wp-json\/wp\/v2\/types\/product"}],"replies":[{"embeddable":true,"href":"https:\/\/adgt.cz\/es\/wp-json\/wp\/v2\/comments?post=7505"}],"wp:featuredmedia":[{"embeddable":true,"href":"https:\/\/adgt.cz\/es\/wp-json\/wp\/v2\/media\/6442"}],"wp:attachment":[{"href":"https:\/\/adgt.cz\/es\/wp-json\/wp\/v2\/media?parent=7505"}],"wp:term":[{"taxonomy":"product_cat","embeddable":true,"href":"https:\/\/adgt.cz\/es\/wp-json\/wp\/v2\/product_cat?post=7505"},{"taxonomy":"product_tag","embeddable":true,"href":"https:\/\/adgt.cz\/es\/wp-json\/wp\/v2\/product_tag?post=7505"}],"curies":[{"name":"wp","href":"https:\/\/api.w.org\/{rel}","templated":true}]}}