{"id":7460,"date":"2020-10-02T11:22:23","date_gmt":"2020-11-20T14:46:38","guid":{"rendered":"https:\/\/adgt.cz\/?post_type=product&#038;p=7460"},"modified":"2020-12-10T11:00:07","modified_gmt":"2020-12-10T11:00:07","slug":"antenna-l41","status":"publish","type":"product","link":"https:\/\/adgt.cz\/es\/products\/accessories\/antenna-l41\/","title":{"rendered":"Antenna L41"},"content":{"rendered":"<p>Antena omnidireccional de goma LTE\/3G\/GSM de 3dBi con conector SMA. Destinada a amplificar la se\u00f1al de comunicaci\u00f3n en los dispositivos celulares (puertos de entrada, m\u00f3dems, routers, repetidores).<\/p>\n<p>Especificaciones t\u00e9cnicas:<br \/>\n\u2014 Frecuencia: 698-960\/1710-2170\/2500-2700 MHz<br \/>\n\u2014 Impedancia de entrada: 50 Ohm<br \/>\n\u2014 Ganancia: 3 dBi<br \/>\n\u2014 Polarizaci\u00f3n: vertical<br \/>\n\u2014 Longitud de la antena: 195 mm<br \/>\n\u2014 Conector: SMA(m)<br \/>\n\u2014 Temperatura de funcionamiento: -30&#8230;+75\u00b0\u0421<\/p>\n","protected":false},"excerpt":{"rendered":"<p>Antena omnidireccional de goma LTE\/3G\/GSM de 3dBi con conector SMA. Destinada a amplificar la se\u00f1al de comunicaci\u00f3n en los dispositivos celulares (puertos de entrada, m\u00f3dems, routers, repetidores).<\/p>\n","protected":false},"featured_media":5592,"comment_status":"closed","ping_status":"closed","template":"","meta":[],"product_cat":[225],"product_tag":[],"class_list":{"0":"post-7460","1":"product","2":"type-product","3":"status-publish","4":"has-post-thumbnail","6":"product_cat-accessories","8":"first","9":"instock","10":"shipping-taxable","11":"purchasable","12":"product-type-simple"},"yoast_head":"<!-- This site is optimized with the Yoast SEO plugin v23.5 - https:\/\/yoast.com\/wordpress\/plugins\/seo\/ -->\n<title>Antenna L41 - ADGT<\/title>\n<meta name=\"robots\" content=\"index, follow, max-snippet:-1, max-image-preview:large, max-video-preview:-1\" \/>\n<link rel=\"canonical\" href=\"https:\/\/adgt.cz\/es\/products\/accessories\/antenna-l41\/\" \/>\n<meta property=\"og:locale\" content=\"es_ES\" \/>\n<meta property=\"og:type\" content=\"article\" \/>\n<meta property=\"og:title\" content=\"Antenna L41 - ADGT\" \/>\n<meta property=\"og:description\" content=\"Antena omnidireccional de goma LTE\/3G\/GSM de 3dBi con conector SMA. Destinada a amplificar la se\u00f1al de comunicaci\u00f3n en los dispositivos celulares (puertos de entrada, m\u00f3dems, routers, repetidores).\" \/>\n<meta property=\"og:url\" content=\"https:\/\/adgt.cz\/es\/products\/accessories\/antenna-l41\/\" \/>\n<meta property=\"og:site_name\" content=\"ADGT\" \/>\n<meta property=\"article:modified_time\" content=\"2020-12-10T11:00:07+00:00\" \/>\n<meta property=\"og:image\" content=\"https:\/\/adgt.cz\/wp-content\/uploads\/2020\/10\/ADGT_L41.jpg\" \/>\n\t<meta property=\"og:image:width\" content=\"1605\" \/>\n\t<meta property=\"og:image:height\" content=\"1598\" \/>\n\t<meta property=\"og:image:type\" content=\"image\/jpeg\" \/>\n<meta name=\"twitter:card\" content=\"summary_large_image\" \/>\n<script type=\"application\/ld+json\" class=\"yoast-schema-graph\">{\"@context\":\"https:\/\/schema.org\",\"@graph\":[{\"@type\":\"WebPage\",\"@id\":\"https:\/\/adgt.cz\/es\/products\/accessories\/antenna-l41\/\",\"url\":\"https:\/\/adgt.cz\/es\/products\/accessories\/antenna-l41\/\",\"name\":\"Antenna L41 - ADGT\",\"isPartOf\":{\"@id\":\"https:\/\/adgt.cz\/es\/#website\"},\"primaryImageOfPage\":{\"@id\":\"https:\/\/adgt.cz\/es\/products\/accessories\/antenna-l41\/#primaryimage\"},\"image\":{\"@id\":\"https:\/\/adgt.cz\/es\/products\/accessories\/antenna-l41\/#primaryimage\"},\"thumbnailUrl\":\"https:\/\/adgt.cz\/wp-content\/uploads\/2020\/10\/ADGT_L41.jpg\",\"datePublished\":\"2020-11-20T14:46:38+00:00\",\"dateModified\":\"2020-12-10T11:00:07+00:00\",\"breadcrumb\":{\"@id\":\"https:\/\/adgt.cz\/es\/products\/accessories\/antenna-l41\/#breadcrumb\"},\"inLanguage\":\"es\",\"potentialAction\":[{\"@type\":\"ReadAction\",\"target\":[\"https:\/\/adgt.cz\/es\/products\/accessories\/antenna-l41\/\"]}]},{\"@type\":\"ImageObject\",\"inLanguage\":\"es\",\"@id\":\"https:\/\/adgt.cz\/es\/products\/accessories\/antenna-l41\/#primaryimage\",\"url\":\"https:\/\/adgt.cz\/wp-content\/uploads\/2020\/10\/ADGT_L41.jpg\",\"contentUrl\":\"https:\/\/adgt.cz\/wp-content\/uploads\/2020\/10\/ADGT_L41.jpg\",\"width\":1605,\"height\":1598},{\"@type\":\"BreadcrumbList\",\"@id\":\"https:\/\/adgt.cz\/es\/products\/accessories\/antenna-l41\/#breadcrumb\",\"itemListElement\":[{\"@type\":\"ListItem\",\"position\":1,\"name\":\"Home\",\"item\":\"https:\/\/adgt.cz\/es\/\"},{\"@type\":\"ListItem\",\"position\":2,\"name\":\"Productos\",\"item\":\"https:\/\/adgt.cz\/products\/\"},{\"@type\":\"ListItem\",\"position\":3,\"name\":\"Accesorios\",\"item\":\"https:\/\/adgt.cz\/es\/product-category\/accessories\/\"},{\"@type\":\"ListItem\",\"position\":4,\"name\":\"Antenna L41\"}]},{\"@type\":\"WebSite\",\"@id\":\"https:\/\/adgt.cz\/es\/#website\",\"url\":\"https:\/\/adgt.cz\/es\/\",\"name\":\"ADGT\",\"description\":\"Just another WordPress site\",\"publisher\":{\"@id\":\"https:\/\/adgt.cz\/es\/#organization\"},\"potentialAction\":[{\"@type\":\"SearchAction\",\"target\":{\"@type\":\"EntryPoint\",\"urlTemplate\":\"https:\/\/adgt.cz\/es\/?s={search_term_string}\"},\"query-input\":{\"@type\":\"PropertyValueSpecification\",\"valueRequired\":true,\"valueName\":\"search_term_string\"}}],\"inLanguage\":\"es\"},{\"@type\":\"Organization\",\"@id\":\"https:\/\/adgt.cz\/es\/#organization\",\"name\":\"ADGT\",\"url\":\"https:\/\/adgt.cz\/es\/\",\"logo\":{\"@type\":\"ImageObject\",\"inLanguage\":\"es\",\"@id\":\"https:\/\/adgt.cz\/es\/#\/schema\/logo\/image\/\",\"url\":\"https:\/\/adgt.cz\/wp-content\/uploads\/2020\/09\/ADGT_logo_Magenta.png\",\"contentUrl\":\"https:\/\/adgt.cz\/wp-content\/uploads\/2020\/09\/ADGT_logo_Magenta.png\",\"width\":798,\"height\":208,\"caption\":\"ADGT\"},\"image\":{\"@id\":\"https:\/\/adgt.cz\/es\/#\/schema\/logo\/image\/\"}}]}<\/script>\n<!-- \/ Yoast SEO plugin. -->","yoast_head_json":{"title":"Antenna L41 - ADGT","robots":{"index":"index","follow":"follow","max-snippet":"max-snippet:-1","max-image-preview":"max-image-preview:large","max-video-preview":"max-video-preview:-1"},"canonical":"https:\/\/adgt.cz\/es\/products\/accessories\/antenna-l41\/","og_locale":"es_ES","og_type":"article","og_title":"Antenna L41 - ADGT","og_description":"Antena omnidireccional de goma LTE\/3G\/GSM de 3dBi con conector SMA. Destinada a amplificar la se\u00f1al de comunicaci\u00f3n en los dispositivos celulares (puertos de entrada, m\u00f3dems, routers, repetidores).","og_url":"https:\/\/adgt.cz\/es\/products\/accessories\/antenna-l41\/","og_site_name":"ADGT","article_modified_time":"2020-12-10T11:00:07+00:00","og_image":[{"width":1605,"height":1598,"url":"https:\/\/adgt.cz\/wp-content\/uploads\/2020\/10\/ADGT_L41.jpg","type":"image\/jpeg"}],"twitter_card":"summary_large_image","schema":{"@context":"https:\/\/schema.org","@graph":[{"@type":"WebPage","@id":"https:\/\/adgt.cz\/es\/products\/accessories\/antenna-l41\/","url":"https:\/\/adgt.cz\/es\/products\/accessories\/antenna-l41\/","name":"Antenna L41 - ADGT","isPartOf":{"@id":"https:\/\/adgt.cz\/es\/#website"},"primaryImageOfPage":{"@id":"https:\/\/adgt.cz\/es\/products\/accessories\/antenna-l41\/#primaryimage"},"image":{"@id":"https:\/\/adgt.cz\/es\/products\/accessories\/antenna-l41\/#primaryimage"},"thumbnailUrl":"https:\/\/adgt.cz\/wp-content\/uploads\/2020\/10\/ADGT_L41.jpg","datePublished":"2020-11-20T14:46:38+00:00","dateModified":"2020-12-10T11:00:07+00:00","breadcrumb":{"@id":"https:\/\/adgt.cz\/es\/products\/accessories\/antenna-l41\/#breadcrumb"},"inLanguage":"es","potentialAction":[{"@type":"ReadAction","target":["https:\/\/adgt.cz\/es\/products\/accessories\/antenna-l41\/"]}]},{"@type":"ImageObject","inLanguage":"es","@id":"https:\/\/adgt.cz\/es\/products\/accessories\/antenna-l41\/#primaryimage","url":"https:\/\/adgt.cz\/wp-content\/uploads\/2020\/10\/ADGT_L41.jpg","contentUrl":"https:\/\/adgt.cz\/wp-content\/uploads\/2020\/10\/ADGT_L41.jpg","width":1605,"height":1598},{"@type":"BreadcrumbList","@id":"https:\/\/adgt.cz\/es\/products\/accessories\/antenna-l41\/#breadcrumb","itemListElement":[{"@type":"ListItem","position":1,"name":"Home","item":"https:\/\/adgt.cz\/es\/"},{"@type":"ListItem","position":2,"name":"Productos","item":"https:\/\/adgt.cz\/products\/"},{"@type":"ListItem","position":3,"name":"Accesorios","item":"https:\/\/adgt.cz\/es\/product-category\/accessories\/"},{"@type":"ListItem","position":4,"name":"Antenna L41"}]},{"@type":"WebSite","@id":"https:\/\/adgt.cz\/es\/#website","url":"https:\/\/adgt.cz\/es\/","name":"ADGT","description":"Just another WordPress site","publisher":{"@id":"https:\/\/adgt.cz\/es\/#organization"},"potentialAction":[{"@type":"SearchAction","target":{"@type":"EntryPoint","urlTemplate":"https:\/\/adgt.cz\/es\/?s={search_term_string}"},"query-input":{"@type":"PropertyValueSpecification","valueRequired":true,"valueName":"search_term_string"}}],"inLanguage":"es"},{"@type":"Organization","@id":"https:\/\/adgt.cz\/es\/#organization","name":"ADGT","url":"https:\/\/adgt.cz\/es\/","logo":{"@type":"ImageObject","inLanguage":"es","@id":"https:\/\/adgt.cz\/es\/#\/schema\/logo\/image\/","url":"https:\/\/adgt.cz\/wp-content\/uploads\/2020\/09\/ADGT_logo_Magenta.png","contentUrl":"https:\/\/adgt.cz\/wp-content\/uploads\/2020\/09\/ADGT_logo_Magenta.png","width":798,"height":208,"caption":"ADGT"},"image":{"@id":"https:\/\/adgt.cz\/es\/#\/schema\/logo\/image\/"}}]}},"_links":{"self":[{"href":"https:\/\/adgt.cz\/es\/wp-json\/wp\/v2\/product\/7460"}],"collection":[{"href":"https:\/\/adgt.cz\/es\/wp-json\/wp\/v2\/product"}],"about":[{"href":"https:\/\/adgt.cz\/es\/wp-json\/wp\/v2\/types\/product"}],"replies":[{"embeddable":true,"href":"https:\/\/adgt.cz\/es\/wp-json\/wp\/v2\/comments?post=7460"}],"wp:featuredmedia":[{"embeddable":true,"href":"https:\/\/adgt.cz\/es\/wp-json\/wp\/v2\/media\/5592"}],"wp:attachment":[{"href":"https:\/\/adgt.cz\/es\/wp-json\/wp\/v2\/media?parent=7460"}],"wp:term":[{"taxonomy":"product_cat","embeddable":true,"href":"https:\/\/adgt.cz\/es\/wp-json\/wp\/v2\/product_cat?post=7460"},{"taxonomy":"product_tag","embeddable":true,"href":"https:\/\/adgt.cz\/es\/wp-json\/wp\/v2\/product_tag?post=7460"}],"curies":[{"name":"wp","href":"https:\/\/api.w.org\/{rel}","templated":true}]}}