{"id":7423,"date":"2020-09-28T14:53:48","date_gmt":"2020-11-20T10:47:36","guid":{"rendered":"https:\/\/adgt.cz\/?post_type=product&#038;p=7423"},"modified":"2021-09-06T14:58:33","modified_gmt":"2021-09-06T14:58:33","slug":"edm106","status":"publish","type":"product","link":"https:\/\/adgt.cz\/es\/products\/converters\/ethernet-converters\/edm106\/","title":{"rendered":"EDM106"},"content":{"rendered":"<p>Conversor bidireccional serie-a-Ethernet con un RS-232 y dos puertos RS-485. Dise\u00f1ado para conectar dispositivos RS-232\/RS-485\/RS-422 a Internet LAN\/WAN a trav\u00e9s de la red Ethernet. Soluci\u00f3n f\u00e1cil de usar, fiable y econ\u00f3mica que proporciona acceso remoto a los equipos industriales desde cualquier lugar del mundo. Todas las interfaces seriales se pueden utilizar simult\u00e1neamente, lo que permite conectar una amplia gama de dispositivos: medidores, controladores, sensores, etc.<\/p>\n<p>\u2014 Modos de operaci\u00f3n del Servidor TCP y del Cliente TCP<br \/>\n\u2014 F\u00e1cil integraci\u00f3n en el SCADA o en cualquier sistema de automatizaci\u00f3n industrial<br \/>\n\u2014 Configuraci\u00f3n a trav\u00e9s de la interfaz web<br \/>\n\u2014 El temporizador de vigilancia incorporado asegura el reinicio autom\u00e1tico del dispositivo en caso de fallos y cuelgues del sistema<br \/>\n\u2014 Cerramiento met\u00e1lico compacto<br \/>\n\u2014 Rieles DIN y montaje en la pared<\/p>\n","protected":false},"excerpt":{"rendered":"<p>Conversor bidireccional serie-a-Ethernet con un RS-232 y dos puertos RS-485. Dise\u00f1ado para conectar dispositivos RS-232\/RS-485\/RS-422 a Internet LAN\/WAN a trav\u00e9s de la red Ethernet. Soluci\u00f3n f\u00e1cil de usar, fiable y econ\u00f3mica que proporciona acceso remoto a los equipos industriales desde cualquier lugar del mundo. Todas las interfaces seriales se pueden utilizar simult\u00e1neamente, lo que permite conectar una amplia gama de dispositivos: medidores, controladores, sensores, etc.<\/p>\n","protected":false},"featured_media":5142,"comment_status":"closed","ping_status":"closed","template":"","meta":[],"product_cat":[210,211],"product_tag":[],"class_list":{"0":"post-7423","1":"product","2":"type-product","3":"status-publish","4":"has-post-thumbnail","6":"product_cat-converters","7":"product_cat-ethernet-converters","9":"first","10":"instock","11":"shipping-taxable","12":"purchasable","13":"product-type-simple"},"yoast_head":"<!-- This site is optimized with the Yoast SEO plugin v23.5 - https:\/\/yoast.com\/wordpress\/plugins\/seo\/ -->\n<title>EDM106 - ADGT<\/title>\n<meta name=\"robots\" content=\"index, follow, max-snippet:-1, max-image-preview:large, max-video-preview:-1\" \/>\n<link rel=\"canonical\" href=\"https:\/\/adgt.cz\/es\/products\/converters\/ethernet-converters\/edm106\/\" \/>\n<meta property=\"og:locale\" content=\"es_ES\" \/>\n<meta property=\"og:type\" content=\"article\" \/>\n<meta property=\"og:title\" content=\"EDM106 - ADGT\" \/>\n<meta property=\"og:description\" content=\"Conversor bidireccional serie-a-Ethernet con un RS-232 y dos puertos RS-485. Dise\u00f1ado para conectar dispositivos RS-232\/RS-485\/RS-422 a Internet LAN\/WAN a trav\u00e9s de la red Ethernet. Soluci\u00f3n f\u00e1cil de usar, fiable y econ\u00f3mica que proporciona acceso remoto a los equipos industriales desde cualquier lugar del mundo. Todas las interfaces seriales se pueden utilizar simult\u00e1neamente, lo que permite conectar una amplia gama de dispositivos: medidores, controladores, sensores, etc.\" \/>\n<meta property=\"og:url\" content=\"https:\/\/adgt.cz\/es\/products\/converters\/ethernet-converters\/edm106\/\" \/>\n<meta property=\"og:site_name\" content=\"ADGT\" \/>\n<meta property=\"article:modified_time\" content=\"2021-09-06T14:58:33+00:00\" \/>\n<meta property=\"og:image\" content=\"https:\/\/adgt.cz\/wp-content\/uploads\/2020\/09\/ER108_3.jpg\" \/>\n\t<meta property=\"og:image:width\" content=\"1022\" \/>\n\t<meta property=\"og:image:height\" content=\"1024\" \/>\n\t<meta property=\"og:image:type\" content=\"image\/jpeg\" \/>\n<meta name=\"twitter:card\" content=\"summary_large_image\" \/>\n<meta name=\"twitter:label1\" content=\"Tiempo de lectura\" \/>\n\t<meta name=\"twitter:data1\" content=\"1 minuto\" \/>\n<script type=\"application\/ld+json\" class=\"yoast-schema-graph\">{\"@context\":\"https:\/\/schema.org\",\"@graph\":[{\"@type\":\"WebPage\",\"@id\":\"https:\/\/adgt.cz\/es\/products\/converters\/ethernet-converters\/edm106\/\",\"url\":\"https:\/\/adgt.cz\/es\/products\/converters\/ethernet-converters\/edm106\/\",\"name\":\"EDM106 - ADGT\",\"isPartOf\":{\"@id\":\"https:\/\/adgt.cz\/es\/#website\"},\"primaryImageOfPage\":{\"@id\":\"https:\/\/adgt.cz\/es\/products\/converters\/ethernet-converters\/edm106\/#primaryimage\"},\"image\":{\"@id\":\"https:\/\/adgt.cz\/es\/products\/converters\/ethernet-converters\/edm106\/#primaryimage\"},\"thumbnailUrl\":\"https:\/\/adgt.cz\/wp-content\/uploads\/2020\/09\/ER108_3.jpg\",\"datePublished\":\"2020-11-20T10:47:36+00:00\",\"dateModified\":\"2021-09-06T14:58:33+00:00\",\"breadcrumb\":{\"@id\":\"https:\/\/adgt.cz\/es\/products\/converters\/ethernet-converters\/edm106\/#breadcrumb\"},\"inLanguage\":\"es\",\"potentialAction\":[{\"@type\":\"ReadAction\",\"target\":[\"https:\/\/adgt.cz\/es\/products\/converters\/ethernet-converters\/edm106\/\"]}]},{\"@type\":\"ImageObject\",\"inLanguage\":\"es\",\"@id\":\"https:\/\/adgt.cz\/es\/products\/converters\/ethernet-converters\/edm106\/#primaryimage\",\"url\":\"https:\/\/adgt.cz\/wp-content\/uploads\/2020\/09\/ER108_3.jpg\",\"contentUrl\":\"https:\/\/adgt.cz\/wp-content\/uploads\/2020\/09\/ER108_3.jpg\",\"width\":1022,\"height\":1024},{\"@type\":\"BreadcrumbList\",\"@id\":\"https:\/\/adgt.cz\/es\/products\/converters\/ethernet-converters\/edm106\/#breadcrumb\",\"itemListElement\":[{\"@type\":\"ListItem\",\"position\":1,\"name\":\"Home\",\"item\":\"https:\/\/adgt.cz\/es\/\"},{\"@type\":\"ListItem\",\"position\":2,\"name\":\"Productos\",\"item\":\"https:\/\/adgt.cz\/products\/\"},{\"@type\":\"ListItem\",\"position\":3,\"name\":\"Convertidores\",\"item\":\"https:\/\/adgt.cz\/es\/product-category\/converters\/\"},{\"@type\":\"ListItem\",\"position\":4,\"name\":\"Convertidores de serie a Ethernet\",\"item\":\"https:\/\/adgt.cz\/es\/product-category\/converters\/ethernet-converters\/\"},{\"@type\":\"ListItem\",\"position\":5,\"name\":\"EDM106\"}]},{\"@type\":\"WebSite\",\"@id\":\"https:\/\/adgt.cz\/es\/#website\",\"url\":\"https:\/\/adgt.cz\/es\/\",\"name\":\"ADGT\",\"description\":\"Just another WordPress site\",\"publisher\":{\"@id\":\"https:\/\/adgt.cz\/es\/#organization\"},\"potentialAction\":[{\"@type\":\"SearchAction\",\"target\":{\"@type\":\"EntryPoint\",\"urlTemplate\":\"https:\/\/adgt.cz\/es\/?s={search_term_string}\"},\"query-input\":{\"@type\":\"PropertyValueSpecification\",\"valueRequired\":true,\"valueName\":\"search_term_string\"}}],\"inLanguage\":\"es\"},{\"@type\":\"Organization\",\"@id\":\"https:\/\/adgt.cz\/es\/#organization\",\"name\":\"ADGT\",\"url\":\"https:\/\/adgt.cz\/es\/\",\"logo\":{\"@type\":\"ImageObject\",\"inLanguage\":\"es\",\"@id\":\"https:\/\/adgt.cz\/es\/#\/schema\/logo\/image\/\",\"url\":\"https:\/\/adgt.cz\/wp-content\/uploads\/2020\/09\/ADGT_logo_Magenta.png\",\"contentUrl\":\"https:\/\/adgt.cz\/wp-content\/uploads\/2020\/09\/ADGT_logo_Magenta.png\",\"width\":798,\"height\":208,\"caption\":\"ADGT\"},\"image\":{\"@id\":\"https:\/\/adgt.cz\/es\/#\/schema\/logo\/image\/\"}}]}<\/script>\n<!-- \/ Yoast SEO plugin. -->","yoast_head_json":{"title":"EDM106 - ADGT","robots":{"index":"index","follow":"follow","max-snippet":"max-snippet:-1","max-image-preview":"max-image-preview:large","max-video-preview":"max-video-preview:-1"},"canonical":"https:\/\/adgt.cz\/es\/products\/converters\/ethernet-converters\/edm106\/","og_locale":"es_ES","og_type":"article","og_title":"EDM106 - ADGT","og_description":"Conversor bidireccional serie-a-Ethernet con un RS-232 y dos puertos RS-485. Dise\u00f1ado para conectar dispositivos RS-232\/RS-485\/RS-422 a Internet LAN\/WAN a trav\u00e9s de la red Ethernet. Soluci\u00f3n f\u00e1cil de usar, fiable y econ\u00f3mica que proporciona acceso remoto a los equipos industriales desde cualquier lugar del mundo. Todas las interfaces seriales se pueden utilizar simult\u00e1neamente, lo que permite conectar una amplia gama de dispositivos: medidores, controladores, sensores, etc.","og_url":"https:\/\/adgt.cz\/es\/products\/converters\/ethernet-converters\/edm106\/","og_site_name":"ADGT","article_modified_time":"2021-09-06T14:58:33+00:00","og_image":[{"width":1022,"height":1024,"url":"https:\/\/adgt.cz\/wp-content\/uploads\/2020\/09\/ER108_3.jpg","type":"image\/jpeg"}],"twitter_card":"summary_large_image","twitter_misc":{"Tiempo de lectura":"1 minuto"},"schema":{"@context":"https:\/\/schema.org","@graph":[{"@type":"WebPage","@id":"https:\/\/adgt.cz\/es\/products\/converters\/ethernet-converters\/edm106\/","url":"https:\/\/adgt.cz\/es\/products\/converters\/ethernet-converters\/edm106\/","name":"EDM106 - ADGT","isPartOf":{"@id":"https:\/\/adgt.cz\/es\/#website"},"primaryImageOfPage":{"@id":"https:\/\/adgt.cz\/es\/products\/converters\/ethernet-converters\/edm106\/#primaryimage"},"image":{"@id":"https:\/\/adgt.cz\/es\/products\/converters\/ethernet-converters\/edm106\/#primaryimage"},"thumbnailUrl":"https:\/\/adgt.cz\/wp-content\/uploads\/2020\/09\/ER108_3.jpg","datePublished":"2020-11-20T10:47:36+00:00","dateModified":"2021-09-06T14:58:33+00:00","breadcrumb":{"@id":"https:\/\/adgt.cz\/es\/products\/converters\/ethernet-converters\/edm106\/#breadcrumb"},"inLanguage":"es","potentialAction":[{"@type":"ReadAction","target":["https:\/\/adgt.cz\/es\/products\/converters\/ethernet-converters\/edm106\/"]}]},{"@type":"ImageObject","inLanguage":"es","@id":"https:\/\/adgt.cz\/es\/products\/converters\/ethernet-converters\/edm106\/#primaryimage","url":"https:\/\/adgt.cz\/wp-content\/uploads\/2020\/09\/ER108_3.jpg","contentUrl":"https:\/\/adgt.cz\/wp-content\/uploads\/2020\/09\/ER108_3.jpg","width":1022,"height":1024},{"@type":"BreadcrumbList","@id":"https:\/\/adgt.cz\/es\/products\/converters\/ethernet-converters\/edm106\/#breadcrumb","itemListElement":[{"@type":"ListItem","position":1,"name":"Home","item":"https:\/\/adgt.cz\/es\/"},{"@type":"ListItem","position":2,"name":"Productos","item":"https:\/\/adgt.cz\/products\/"},{"@type":"ListItem","position":3,"name":"Convertidores","item":"https:\/\/adgt.cz\/es\/product-category\/converters\/"},{"@type":"ListItem","position":4,"name":"Convertidores de serie a Ethernet","item":"https:\/\/adgt.cz\/es\/product-category\/converters\/ethernet-converters\/"},{"@type":"ListItem","position":5,"name":"EDM106"}]},{"@type":"WebSite","@id":"https:\/\/adgt.cz\/es\/#website","url":"https:\/\/adgt.cz\/es\/","name":"ADGT","description":"Just another WordPress site","publisher":{"@id":"https:\/\/adgt.cz\/es\/#organization"},"potentialAction":[{"@type":"SearchAction","target":{"@type":"EntryPoint","urlTemplate":"https:\/\/adgt.cz\/es\/?s={search_term_string}"},"query-input":{"@type":"PropertyValueSpecification","valueRequired":true,"valueName":"search_term_string"}}],"inLanguage":"es"},{"@type":"Organization","@id":"https:\/\/adgt.cz\/es\/#organization","name":"ADGT","url":"https:\/\/adgt.cz\/es\/","logo":{"@type":"ImageObject","inLanguage":"es","@id":"https:\/\/adgt.cz\/es\/#\/schema\/logo\/image\/","url":"https:\/\/adgt.cz\/wp-content\/uploads\/2020\/09\/ADGT_logo_Magenta.png","contentUrl":"https:\/\/adgt.cz\/wp-content\/uploads\/2020\/09\/ADGT_logo_Magenta.png","width":798,"height":208,"caption":"ADGT"},"image":{"@id":"https:\/\/adgt.cz\/es\/#\/schema\/logo\/image\/"}}]}},"_links":{"self":[{"href":"https:\/\/adgt.cz\/es\/wp-json\/wp\/v2\/product\/7423"}],"collection":[{"href":"https:\/\/adgt.cz\/es\/wp-json\/wp\/v2\/product"}],"about":[{"href":"https:\/\/adgt.cz\/es\/wp-json\/wp\/v2\/types\/product"}],"replies":[{"embeddable":true,"href":"https:\/\/adgt.cz\/es\/wp-json\/wp\/v2\/comments?post=7423"}],"wp:featuredmedia":[{"embeddable":true,"href":"https:\/\/adgt.cz\/es\/wp-json\/wp\/v2\/media\/5142"}],"wp:attachment":[{"href":"https:\/\/adgt.cz\/es\/wp-json\/wp\/v2\/media?parent=7423"}],"wp:term":[{"taxonomy":"product_cat","embeddable":true,"href":"https:\/\/adgt.cz\/es\/wp-json\/wp\/v2\/product_cat?post=7423"},{"taxonomy":"product_tag","embeddable":true,"href":"https:\/\/adgt.cz\/es\/wp-json\/wp\/v2\/product_tag?post=7423"}],"curies":[{"name":"wp","href":"https:\/\/api.w.org\/{rel}","templated":true}]}}