{"id":7385,"date":"2020-09-28T12:22:03","date_gmt":"2020-11-19T13:06:13","guid":{"rendered":"https:\/\/adgt.cz\/?post_type=product&#038;p=7385"},"modified":"2021-12-22T10:15:42","modified_gmt":"2021-12-22T10:15:42","slug":"glc40","status":"publish","type":"product","link":"https:\/\/adgt.cz\/es\/products\/routers\/4g-routers\/glc40\/","title":{"rendered":"GLC40"},"content":{"rendered":"<p>Router 4G LTE y sistema operativo OpenWrt. Proporciona una conectividad inal\u00e1mbrica robusta y de alta velocidad a trav\u00e9s de la red LTE (4G). Dise\u00f1ado para M2M\/IoT y aplicaciones de redes de negocios, incluyendo transporte, ATM, vending, SOHO, etc.<\/p>\n<p>\u2014 Velocidad del m\u00f3dem LTE hasta 150Mbps<br \/>\n\u2014 1 x Ethernet 10\/100 Mbps<br \/>\n\u2014 1 x mini puerto USB<br \/>\n\u2014 2 x ranuras SIM<br \/>\n\u2014 2 x conectores SMA para antenas 4G<br \/>\n\u2014 Servicios de red: OpenVPN, IPsec, NAT, Firewall, SNMP, GRE, PPTP, L2TP, PPPoE, DHCP (servidor\/cliente), Collectd<br \/>\n\u2014 Sistema operativo de c\u00f3digo abierto OpenWrt\u00ae, que proporciona una amplia gama de capacidades para crear redes VPN seguras<br \/>\n\u2014 Rieles DIN y montaje en la pared<br \/>\n\u2014 Temperatura de funcionamiento: -40&#8230;+60C<br \/>\n\u2014 Temporizador de vigilancia<\/p>\n","protected":false},"excerpt":{"rendered":"<p>Router 4G LTE y sistema operativo OpenWrt. Proporciona una conectividad inal\u00e1mbrica robusta y de alta velocidad a trav\u00e9s de la red LTE (4G). Dise\u00f1ado para M2M\/IoT y aplicaciones de redes de negocios, incluyendo transporte, ATM, vending, SOHO, etc.<\/p>\n","protected":false},"featured_media":5118,"comment_status":"closed","ping_status":"closed","template":"","meta":[],"product_cat":[216,217],"product_tag":[301],"class_list":{"0":"post-7385","1":"product","2":"type-product","3":"status-publish","4":"has-post-thumbnail","6":"product_cat-routers","7":"product_cat-4g-routers","8":"product_tag-lte-4g","10":"first","11":"instock","12":"shipping-taxable","13":"purchasable","14":"product-type-simple"},"yoast_head":"<!-- This site is optimized with the Yoast SEO plugin v23.5 - https:\/\/yoast.com\/wordpress\/plugins\/seo\/ -->\n<title>GLC40 - ADGT<\/title>\n<meta name=\"robots\" content=\"index, follow, max-snippet:-1, max-image-preview:large, max-video-preview:-1\" \/>\n<link rel=\"canonical\" href=\"https:\/\/adgt.cz\/es\/products\/routers\/4g-routers\/glc40\/\" \/>\n<meta property=\"og:locale\" content=\"es_ES\" \/>\n<meta property=\"og:type\" content=\"article\" \/>\n<meta property=\"og:title\" content=\"GLC40 - ADGT\" \/>\n<meta property=\"og:description\" content=\"Router 4G LTE y sistema operativo OpenWrt. Proporciona una conectividad inal\u00e1mbrica robusta y de alta velocidad a trav\u00e9s de la red LTE (4G). Dise\u00f1ado para M2M\/IoT y aplicaciones de redes de negocios, incluyendo transporte, ATM, vending, SOHO, etc.\" \/>\n<meta property=\"og:url\" content=\"https:\/\/adgt.cz\/es\/products\/routers\/4g-routers\/glc40\/\" \/>\n<meta property=\"og:site_name\" content=\"ADGT\" \/>\n<meta property=\"article:modified_time\" content=\"2021-12-22T10:15:42+00:00\" \/>\n<meta property=\"og:image\" content=\"https:\/\/adgt.cz\/wp-content\/uploads\/2020\/09\/GLC40_1.jpg\" \/>\n\t<meta property=\"og:image:width\" content=\"1600\" \/>\n\t<meta property=\"og:image:height\" content=\"1600\" \/>\n\t<meta property=\"og:image:type\" content=\"image\/jpeg\" \/>\n<meta name=\"twitter:card\" content=\"summary_large_image\" \/>\n<meta name=\"twitter:label1\" content=\"Tiempo de lectura\" \/>\n\t<meta name=\"twitter:data1\" content=\"1 minuto\" \/>\n<script type=\"application\/ld+json\" class=\"yoast-schema-graph\">{\"@context\":\"https:\/\/schema.org\",\"@graph\":[{\"@type\":\"WebPage\",\"@id\":\"https:\/\/adgt.cz\/es\/products\/routers\/4g-routers\/glc40\/\",\"url\":\"https:\/\/adgt.cz\/es\/products\/routers\/4g-routers\/glc40\/\",\"name\":\"GLC40 - ADGT\",\"isPartOf\":{\"@id\":\"https:\/\/adgt.cz\/es\/#website\"},\"primaryImageOfPage\":{\"@id\":\"https:\/\/adgt.cz\/es\/products\/routers\/4g-routers\/glc40\/#primaryimage\"},\"image\":{\"@id\":\"https:\/\/adgt.cz\/es\/products\/routers\/4g-routers\/glc40\/#primaryimage\"},\"thumbnailUrl\":\"https:\/\/adgt.cz\/wp-content\/uploads\/2020\/09\/GLC40_1.jpg\",\"datePublished\":\"2020-11-19T13:06:13+00:00\",\"dateModified\":\"2021-12-22T10:15:42+00:00\",\"breadcrumb\":{\"@id\":\"https:\/\/adgt.cz\/es\/products\/routers\/4g-routers\/glc40\/#breadcrumb\"},\"inLanguage\":\"es\",\"potentialAction\":[{\"@type\":\"ReadAction\",\"target\":[\"https:\/\/adgt.cz\/es\/products\/routers\/4g-routers\/glc40\/\"]}]},{\"@type\":\"ImageObject\",\"inLanguage\":\"es\",\"@id\":\"https:\/\/adgt.cz\/es\/products\/routers\/4g-routers\/glc40\/#primaryimage\",\"url\":\"https:\/\/adgt.cz\/wp-content\/uploads\/2020\/09\/GLC40_1.jpg\",\"contentUrl\":\"https:\/\/adgt.cz\/wp-content\/uploads\/2020\/09\/GLC40_1.jpg\",\"width\":1600,\"height\":1600},{\"@type\":\"BreadcrumbList\",\"@id\":\"https:\/\/adgt.cz\/es\/products\/routers\/4g-routers\/glc40\/#breadcrumb\",\"itemListElement\":[{\"@type\":\"ListItem\",\"position\":1,\"name\":\"Home\",\"item\":\"https:\/\/adgt.cz\/es\/\"},{\"@type\":\"ListItem\",\"position\":2,\"name\":\"Productos\",\"item\":\"https:\/\/adgt.cz\/products\/\"},{\"@type\":\"ListItem\",\"position\":3,\"name\":\"Routers\",\"item\":\"https:\/\/adgt.cz\/es\/product-category\/routers\/\"},{\"@type\":\"ListItem\",\"position\":4,\"name\":\"Routers 4G\",\"item\":\"https:\/\/adgt.cz\/es\/product-category\/routers\/4g-routers\/\"},{\"@type\":\"ListItem\",\"position\":5,\"name\":\"GLC40\"}]},{\"@type\":\"WebSite\",\"@id\":\"https:\/\/adgt.cz\/es\/#website\",\"url\":\"https:\/\/adgt.cz\/es\/\",\"name\":\"ADGT\",\"description\":\"Just another WordPress site\",\"publisher\":{\"@id\":\"https:\/\/adgt.cz\/es\/#organization\"},\"potentialAction\":[{\"@type\":\"SearchAction\",\"target\":{\"@type\":\"EntryPoint\",\"urlTemplate\":\"https:\/\/adgt.cz\/es\/?s={search_term_string}\"},\"query-input\":{\"@type\":\"PropertyValueSpecification\",\"valueRequired\":true,\"valueName\":\"search_term_string\"}}],\"inLanguage\":\"es\"},{\"@type\":\"Organization\",\"@id\":\"https:\/\/adgt.cz\/es\/#organization\",\"name\":\"ADGT\",\"url\":\"https:\/\/adgt.cz\/es\/\",\"logo\":{\"@type\":\"ImageObject\",\"inLanguage\":\"es\",\"@id\":\"https:\/\/adgt.cz\/es\/#\/schema\/logo\/image\/\",\"url\":\"https:\/\/adgt.cz\/wp-content\/uploads\/2020\/09\/ADGT_logo_Magenta.png\",\"contentUrl\":\"https:\/\/adgt.cz\/wp-content\/uploads\/2020\/09\/ADGT_logo_Magenta.png\",\"width\":798,\"height\":208,\"caption\":\"ADGT\"},\"image\":{\"@id\":\"https:\/\/adgt.cz\/es\/#\/schema\/logo\/image\/\"}}]}<\/script>\n<!-- \/ Yoast SEO plugin. -->","yoast_head_json":{"title":"GLC40 - ADGT","robots":{"index":"index","follow":"follow","max-snippet":"max-snippet:-1","max-image-preview":"max-image-preview:large","max-video-preview":"max-video-preview:-1"},"canonical":"https:\/\/adgt.cz\/es\/products\/routers\/4g-routers\/glc40\/","og_locale":"es_ES","og_type":"article","og_title":"GLC40 - ADGT","og_description":"Router 4G LTE y sistema operativo OpenWrt. Proporciona una conectividad inal\u00e1mbrica robusta y de alta velocidad a trav\u00e9s de la red LTE (4G). Dise\u00f1ado para M2M\/IoT y aplicaciones de redes de negocios, incluyendo transporte, ATM, vending, SOHO, etc.","og_url":"https:\/\/adgt.cz\/es\/products\/routers\/4g-routers\/glc40\/","og_site_name":"ADGT","article_modified_time":"2021-12-22T10:15:42+00:00","og_image":[{"width":1600,"height":1600,"url":"https:\/\/adgt.cz\/wp-content\/uploads\/2020\/09\/GLC40_1.jpg","type":"image\/jpeg"}],"twitter_card":"summary_large_image","twitter_misc":{"Tiempo de lectura":"1 minuto"},"schema":{"@context":"https:\/\/schema.org","@graph":[{"@type":"WebPage","@id":"https:\/\/adgt.cz\/es\/products\/routers\/4g-routers\/glc40\/","url":"https:\/\/adgt.cz\/es\/products\/routers\/4g-routers\/glc40\/","name":"GLC40 - ADGT","isPartOf":{"@id":"https:\/\/adgt.cz\/es\/#website"},"primaryImageOfPage":{"@id":"https:\/\/adgt.cz\/es\/products\/routers\/4g-routers\/glc40\/#primaryimage"},"image":{"@id":"https:\/\/adgt.cz\/es\/products\/routers\/4g-routers\/glc40\/#primaryimage"},"thumbnailUrl":"https:\/\/adgt.cz\/wp-content\/uploads\/2020\/09\/GLC40_1.jpg","datePublished":"2020-11-19T13:06:13+00:00","dateModified":"2021-12-22T10:15:42+00:00","breadcrumb":{"@id":"https:\/\/adgt.cz\/es\/products\/routers\/4g-routers\/glc40\/#breadcrumb"},"inLanguage":"es","potentialAction":[{"@type":"ReadAction","target":["https:\/\/adgt.cz\/es\/products\/routers\/4g-routers\/glc40\/"]}]},{"@type":"ImageObject","inLanguage":"es","@id":"https:\/\/adgt.cz\/es\/products\/routers\/4g-routers\/glc40\/#primaryimage","url":"https:\/\/adgt.cz\/wp-content\/uploads\/2020\/09\/GLC40_1.jpg","contentUrl":"https:\/\/adgt.cz\/wp-content\/uploads\/2020\/09\/GLC40_1.jpg","width":1600,"height":1600},{"@type":"BreadcrumbList","@id":"https:\/\/adgt.cz\/es\/products\/routers\/4g-routers\/glc40\/#breadcrumb","itemListElement":[{"@type":"ListItem","position":1,"name":"Home","item":"https:\/\/adgt.cz\/es\/"},{"@type":"ListItem","position":2,"name":"Productos","item":"https:\/\/adgt.cz\/products\/"},{"@type":"ListItem","position":3,"name":"Routers","item":"https:\/\/adgt.cz\/es\/product-category\/routers\/"},{"@type":"ListItem","position":4,"name":"Routers 4G","item":"https:\/\/adgt.cz\/es\/product-category\/routers\/4g-routers\/"},{"@type":"ListItem","position":5,"name":"GLC40"}]},{"@type":"WebSite","@id":"https:\/\/adgt.cz\/es\/#website","url":"https:\/\/adgt.cz\/es\/","name":"ADGT","description":"Just another WordPress site","publisher":{"@id":"https:\/\/adgt.cz\/es\/#organization"},"potentialAction":[{"@type":"SearchAction","target":{"@type":"EntryPoint","urlTemplate":"https:\/\/adgt.cz\/es\/?s={search_term_string}"},"query-input":{"@type":"PropertyValueSpecification","valueRequired":true,"valueName":"search_term_string"}}],"inLanguage":"es"},{"@type":"Organization","@id":"https:\/\/adgt.cz\/es\/#organization","name":"ADGT","url":"https:\/\/adgt.cz\/es\/","logo":{"@type":"ImageObject","inLanguage":"es","@id":"https:\/\/adgt.cz\/es\/#\/schema\/logo\/image\/","url":"https:\/\/adgt.cz\/wp-content\/uploads\/2020\/09\/ADGT_logo_Magenta.png","contentUrl":"https:\/\/adgt.cz\/wp-content\/uploads\/2020\/09\/ADGT_logo_Magenta.png","width":798,"height":208,"caption":"ADGT"},"image":{"@id":"https:\/\/adgt.cz\/es\/#\/schema\/logo\/image\/"}}]}},"_links":{"self":[{"href":"https:\/\/adgt.cz\/es\/wp-json\/wp\/v2\/product\/7385"}],"collection":[{"href":"https:\/\/adgt.cz\/es\/wp-json\/wp\/v2\/product"}],"about":[{"href":"https:\/\/adgt.cz\/es\/wp-json\/wp\/v2\/types\/product"}],"replies":[{"embeddable":true,"href":"https:\/\/adgt.cz\/es\/wp-json\/wp\/v2\/comments?post=7385"}],"wp:featuredmedia":[{"embeddable":true,"href":"https:\/\/adgt.cz\/es\/wp-json\/wp\/v2\/media\/5118"}],"wp:attachment":[{"href":"https:\/\/adgt.cz\/es\/wp-json\/wp\/v2\/media?parent=7385"}],"wp:term":[{"taxonomy":"product_cat","embeddable":true,"href":"https:\/\/adgt.cz\/es\/wp-json\/wp\/v2\/product_cat?post=7385"},{"taxonomy":"product_tag","embeddable":true,"href":"https:\/\/adgt.cz\/es\/wp-json\/wp\/v2\/product_tag?post=7385"}],"curies":[{"name":"wp","href":"https:\/\/api.w.org\/{rel}","templated":true}]}}