{"id":7373,"date":"2020-09-28T11:06:14","date_gmt":"2020-11-19T10:35:40","guid":{"rendered":"https:\/\/adgt.cz\/?post_type=product&#038;p=7373"},"modified":"2021-12-22T10:01:41","modified_gmt":"2021-12-22T10:01:41","slug":"gtr40","status":"publish","type":"product","link":"https:\/\/adgt.cz\/es\/products\/routers\/4g-routers\/gtr40\/","title":{"rendered":"GTR40"},"content":{"rendered":"<p>Router industrial 4G\/LTE. Equipado con dos puertos Ethernet 10\/100, dos ranuras SIM, cuatro l\u00edneas IO, puertos seriales RS-232 y RS-485 y sistema operativo OpenWrt.<br \/>\nRouter dise\u00f1ado para aplicaciones industriales, M2M\/IoT y comerciales, incluyendo transporte, energ\u00eda, red inteligente, ATM, vending, etc. Proporciona un acceso inal\u00e1mbrico robusto y de alta velocidad a Internet a trav\u00e9s de la red LTE (4G).<br \/>\nEl sistema operativo OpenWrt basado en Linux permite crear redes VPN seguras e instalar software personalizado y, por lo tanto, puede servir como controlador del sistema de control automatizado.<\/p>\n<p>&#8211; Velocidad del m\u00f3dem LTE (4G) hasta 150Mbps<br \/>\n\u2014 2 x 10\/100Base-TX interfaces Ethernet<br \/>\n\u2014 Puertos seriales RS-232, RS-485<br \/>\n\u2014 2 x ranuras para tarjetas SIM<br \/>\n\u2014 1 x USB A (Host\/Dispositivo)<br \/>\n\u2014 1 x ranura para tarjeta de memoria microSD<br \/>\n\u2014 4 x l\u00edneas de E\/S que soportan varios modos de funcionamiento:<br \/>\n\u2014 Servicios de red: OpenVPN, PPTP, GRE, IPSec, NAT, Firewall, IPv6, DHCP (Servidor\/Cliente), TinyProxy, NTP, FTP, gestor de SIM, etc.<br \/>\n\u2014 Conversi\u00f3n Modbus-TCP &#8211; Modbus RTU\/ASCII<br \/>\n\u2014 Sistema operativo de c\u00f3digo abierto OpenWrt\u00ae, que proporciona una amplia gama de capacidades para crear redes VPN seguras<br \/>\n\u2014 Reloj de tiempo real compensado por temperatura (RTC) que proporciona una alta precisi\u00f3n de cronometraje<br \/>\n\u2014 Voltajes de alimentaci\u00f3n: 10-50 VDC<\/p>\n<p><iframe loading=\"lazy\" style=\"width: 50%; height: 50%;\" src=\"https:\/\/www.youtube.com\/embed\/9FxU3Dc43iU\" width=\"360\" height=\"200\" frameborder=\"0\" allowfullscreen=\"allowfullscreen\" data-mce-fragment=\"1\"><\/iframe><\/p>\n","protected":false},"excerpt":{"rendered":"<p>Router industrial 4G\/LTE. Equipado con dos puertos Ethernet 10\/100, dos ranuras SIM, cuatro l\u00edneas IO, puertos seriales RS-232 y RS-485 y sistema operativo OpenWrt.<br \/>\nRouter dise\u00f1ado para aplicaciones industriales, M2M\/IoT y comerciales, incluyendo transporte, energ\u00eda, red inteligente, ATM, vending, etc. Proporciona un acceso inal\u00e1mbrico robusto y de alta velocidad a Internet a trav\u00e9s de la red LTE (4G).<br \/>\nEl sistema operativo OpenWrt basado en Linux permite crear redes VPN seguras e instalar software personalizado y, por lo tanto, puede servir como controlador del sistema de control automatizado.<\/p>\n","protected":false},"featured_media":5110,"comment_status":"closed","ping_status":"closed","template":"","meta":[],"product_cat":[216,217],"product_tag":[301],"class_list":{"0":"post-7373","1":"product","2":"type-product","3":"status-publish","4":"has-post-thumbnail","6":"product_cat-routers","7":"product_cat-4g-routers","8":"product_tag-lte-4g","10":"first","11":"outofstock","12":"featured","13":"shipping-taxable","14":"purchasable","15":"product-type-simple"},"yoast_head":"<!-- This site is optimized with the Yoast SEO plugin v23.5 - https:\/\/yoast.com\/wordpress\/plugins\/seo\/ -->\n<title>GTR40 - ADGT<\/title>\n<meta name=\"robots\" content=\"index, follow, max-snippet:-1, max-image-preview:large, max-video-preview:-1\" \/>\n<link rel=\"canonical\" href=\"https:\/\/adgt.cz\/es\/products\/routers\/4g-routers\/gtr40\/\" \/>\n<meta property=\"og:locale\" content=\"es_ES\" \/>\n<meta property=\"og:type\" content=\"article\" \/>\n<meta property=\"og:title\" content=\"GTR40 - ADGT\" \/>\n<meta property=\"og:description\" content=\"Router industrial 4G\/LTE. Equipado con dos puertos Ethernet 10\/100, dos ranuras SIM, cuatro l\u00edneas IO, puertos seriales RS-232 y RS-485 y sistema operativo OpenWrt. Router dise\u00f1ado para aplicaciones industriales, M2M\/IoT y comerciales, incluyendo transporte, energ\u00eda, red inteligente, ATM, vending, etc. Proporciona un acceso inal\u00e1mbrico robusto y de alta velocidad a Internet a trav\u00e9s de la red LTE (4G). El sistema operativo OpenWrt basado en Linux permite crear redes VPN seguras e instalar software personalizado y, por lo tanto, puede servir como controlador del sistema de control automatizado.\" \/>\n<meta property=\"og:url\" content=\"https:\/\/adgt.cz\/es\/products\/routers\/4g-routers\/gtr40\/\" \/>\n<meta property=\"og:site_name\" content=\"ADGT\" \/>\n<meta property=\"article:modified_time\" content=\"2021-12-22T10:01:41+00:00\" \/>\n<meta property=\"og:image\" content=\"https:\/\/adgt.cz\/wp-content\/uploads\/2020\/09\/gtr40_v2_1.jpg\" \/>\n\t<meta property=\"og:image:width\" content=\"1024\" \/>\n\t<meta property=\"og:image:height\" content=\"1024\" \/>\n\t<meta property=\"og:image:type\" content=\"image\/jpeg\" \/>\n<meta name=\"twitter:card\" content=\"summary_large_image\" \/>\n<meta name=\"twitter:label1\" content=\"Tiempo de lectura\" \/>\n\t<meta name=\"twitter:data1\" content=\"1 minuto\" \/>\n<script type=\"application\/ld+json\" class=\"yoast-schema-graph\">{\"@context\":\"https:\/\/schema.org\",\"@graph\":[{\"@type\":\"WebPage\",\"@id\":\"https:\/\/adgt.cz\/es\/products\/routers\/4g-routers\/gtr40\/\",\"url\":\"https:\/\/adgt.cz\/es\/products\/routers\/4g-routers\/gtr40\/\",\"name\":\"GTR40 - ADGT\",\"isPartOf\":{\"@id\":\"https:\/\/adgt.cz\/es\/#website\"},\"primaryImageOfPage\":{\"@id\":\"https:\/\/adgt.cz\/es\/products\/routers\/4g-routers\/gtr40\/#primaryimage\"},\"image\":{\"@id\":\"https:\/\/adgt.cz\/es\/products\/routers\/4g-routers\/gtr40\/#primaryimage\"},\"thumbnailUrl\":\"https:\/\/adgt.cz\/wp-content\/uploads\/2020\/09\/gtr40_v2_1.jpg\",\"datePublished\":\"2020-11-19T10:35:40+00:00\",\"dateModified\":\"2021-12-22T10:01:41+00:00\",\"breadcrumb\":{\"@id\":\"https:\/\/adgt.cz\/es\/products\/routers\/4g-routers\/gtr40\/#breadcrumb\"},\"inLanguage\":\"es\",\"potentialAction\":[{\"@type\":\"ReadAction\",\"target\":[\"https:\/\/adgt.cz\/es\/products\/routers\/4g-routers\/gtr40\/\"]}]},{\"@type\":\"ImageObject\",\"inLanguage\":\"es\",\"@id\":\"https:\/\/adgt.cz\/es\/products\/routers\/4g-routers\/gtr40\/#primaryimage\",\"url\":\"https:\/\/adgt.cz\/wp-content\/uploads\/2020\/09\/gtr40_v2_1.jpg\",\"contentUrl\":\"https:\/\/adgt.cz\/wp-content\/uploads\/2020\/09\/gtr40_v2_1.jpg\",\"width\":1024,\"height\":1024},{\"@type\":\"BreadcrumbList\",\"@id\":\"https:\/\/adgt.cz\/es\/products\/routers\/4g-routers\/gtr40\/#breadcrumb\",\"itemListElement\":[{\"@type\":\"ListItem\",\"position\":1,\"name\":\"Home\",\"item\":\"https:\/\/adgt.cz\/es\/\"},{\"@type\":\"ListItem\",\"position\":2,\"name\":\"Productos\",\"item\":\"https:\/\/adgt.cz\/products\/\"},{\"@type\":\"ListItem\",\"position\":3,\"name\":\"Routers\",\"item\":\"https:\/\/adgt.cz\/es\/product-category\/routers\/\"},{\"@type\":\"ListItem\",\"position\":4,\"name\":\"Routers 4G\",\"item\":\"https:\/\/adgt.cz\/es\/product-category\/routers\/4g-routers\/\"},{\"@type\":\"ListItem\",\"position\":5,\"name\":\"GTR40\"}]},{\"@type\":\"WebSite\",\"@id\":\"https:\/\/adgt.cz\/es\/#website\",\"url\":\"https:\/\/adgt.cz\/es\/\",\"name\":\"ADGT\",\"description\":\"Just another WordPress site\",\"publisher\":{\"@id\":\"https:\/\/adgt.cz\/es\/#organization\"},\"potentialAction\":[{\"@type\":\"SearchAction\",\"target\":{\"@type\":\"EntryPoint\",\"urlTemplate\":\"https:\/\/adgt.cz\/es\/?s={search_term_string}\"},\"query-input\":{\"@type\":\"PropertyValueSpecification\",\"valueRequired\":true,\"valueName\":\"search_term_string\"}}],\"inLanguage\":\"es\"},{\"@type\":\"Organization\",\"@id\":\"https:\/\/adgt.cz\/es\/#organization\",\"name\":\"ADGT\",\"url\":\"https:\/\/adgt.cz\/es\/\",\"logo\":{\"@type\":\"ImageObject\",\"inLanguage\":\"es\",\"@id\":\"https:\/\/adgt.cz\/es\/#\/schema\/logo\/image\/\",\"url\":\"https:\/\/adgt.cz\/wp-content\/uploads\/2020\/09\/ADGT_logo_Magenta.png\",\"contentUrl\":\"https:\/\/adgt.cz\/wp-content\/uploads\/2020\/09\/ADGT_logo_Magenta.png\",\"width\":798,\"height\":208,\"caption\":\"ADGT\"},\"image\":{\"@id\":\"https:\/\/adgt.cz\/es\/#\/schema\/logo\/image\/\"}}]}<\/script>\n<!-- \/ Yoast SEO plugin. -->","yoast_head_json":{"title":"GTR40 - ADGT","robots":{"index":"index","follow":"follow","max-snippet":"max-snippet:-1","max-image-preview":"max-image-preview:large","max-video-preview":"max-video-preview:-1"},"canonical":"https:\/\/adgt.cz\/es\/products\/routers\/4g-routers\/gtr40\/","og_locale":"es_ES","og_type":"article","og_title":"GTR40 - ADGT","og_description":"Router industrial 4G\/LTE. Equipado con dos puertos Ethernet 10\/100, dos ranuras SIM, cuatro l\u00edneas IO, puertos seriales RS-232 y RS-485 y sistema operativo OpenWrt. Router dise\u00f1ado para aplicaciones industriales, M2M\/IoT y comerciales, incluyendo transporte, energ\u00eda, red inteligente, ATM, vending, etc. Proporciona un acceso inal\u00e1mbrico robusto y de alta velocidad a Internet a trav\u00e9s de la red LTE (4G). El sistema operativo OpenWrt basado en Linux permite crear redes VPN seguras e instalar software personalizado y, por lo tanto, puede servir como controlador del sistema de control automatizado.","og_url":"https:\/\/adgt.cz\/es\/products\/routers\/4g-routers\/gtr40\/","og_site_name":"ADGT","article_modified_time":"2021-12-22T10:01:41+00:00","og_image":[{"width":1024,"height":1024,"url":"https:\/\/adgt.cz\/wp-content\/uploads\/2020\/09\/gtr40_v2_1.jpg","type":"image\/jpeg"}],"twitter_card":"summary_large_image","twitter_misc":{"Tiempo de lectura":"1 minuto"},"schema":{"@context":"https:\/\/schema.org","@graph":[{"@type":"WebPage","@id":"https:\/\/adgt.cz\/es\/products\/routers\/4g-routers\/gtr40\/","url":"https:\/\/adgt.cz\/es\/products\/routers\/4g-routers\/gtr40\/","name":"GTR40 - ADGT","isPartOf":{"@id":"https:\/\/adgt.cz\/es\/#website"},"primaryImageOfPage":{"@id":"https:\/\/adgt.cz\/es\/products\/routers\/4g-routers\/gtr40\/#primaryimage"},"image":{"@id":"https:\/\/adgt.cz\/es\/products\/routers\/4g-routers\/gtr40\/#primaryimage"},"thumbnailUrl":"https:\/\/adgt.cz\/wp-content\/uploads\/2020\/09\/gtr40_v2_1.jpg","datePublished":"2020-11-19T10:35:40+00:00","dateModified":"2021-12-22T10:01:41+00:00","breadcrumb":{"@id":"https:\/\/adgt.cz\/es\/products\/routers\/4g-routers\/gtr40\/#breadcrumb"},"inLanguage":"es","potentialAction":[{"@type":"ReadAction","target":["https:\/\/adgt.cz\/es\/products\/routers\/4g-routers\/gtr40\/"]}]},{"@type":"ImageObject","inLanguage":"es","@id":"https:\/\/adgt.cz\/es\/products\/routers\/4g-routers\/gtr40\/#primaryimage","url":"https:\/\/adgt.cz\/wp-content\/uploads\/2020\/09\/gtr40_v2_1.jpg","contentUrl":"https:\/\/adgt.cz\/wp-content\/uploads\/2020\/09\/gtr40_v2_1.jpg","width":1024,"height":1024},{"@type":"BreadcrumbList","@id":"https:\/\/adgt.cz\/es\/products\/routers\/4g-routers\/gtr40\/#breadcrumb","itemListElement":[{"@type":"ListItem","position":1,"name":"Home","item":"https:\/\/adgt.cz\/es\/"},{"@type":"ListItem","position":2,"name":"Productos","item":"https:\/\/adgt.cz\/products\/"},{"@type":"ListItem","position":3,"name":"Routers","item":"https:\/\/adgt.cz\/es\/product-category\/routers\/"},{"@type":"ListItem","position":4,"name":"Routers 4G","item":"https:\/\/adgt.cz\/es\/product-category\/routers\/4g-routers\/"},{"@type":"ListItem","position":5,"name":"GTR40"}]},{"@type":"WebSite","@id":"https:\/\/adgt.cz\/es\/#website","url":"https:\/\/adgt.cz\/es\/","name":"ADGT","description":"Just another WordPress site","publisher":{"@id":"https:\/\/adgt.cz\/es\/#organization"},"potentialAction":[{"@type":"SearchAction","target":{"@type":"EntryPoint","urlTemplate":"https:\/\/adgt.cz\/es\/?s={search_term_string}"},"query-input":{"@type":"PropertyValueSpecification","valueRequired":true,"valueName":"search_term_string"}}],"inLanguage":"es"},{"@type":"Organization","@id":"https:\/\/adgt.cz\/es\/#organization","name":"ADGT","url":"https:\/\/adgt.cz\/es\/","logo":{"@type":"ImageObject","inLanguage":"es","@id":"https:\/\/adgt.cz\/es\/#\/schema\/logo\/image\/","url":"https:\/\/adgt.cz\/wp-content\/uploads\/2020\/09\/ADGT_logo_Magenta.png","contentUrl":"https:\/\/adgt.cz\/wp-content\/uploads\/2020\/09\/ADGT_logo_Magenta.png","width":798,"height":208,"caption":"ADGT"},"image":{"@id":"https:\/\/adgt.cz\/es\/#\/schema\/logo\/image\/"}}]}},"_links":{"self":[{"href":"https:\/\/adgt.cz\/es\/wp-json\/wp\/v2\/product\/7373"}],"collection":[{"href":"https:\/\/adgt.cz\/es\/wp-json\/wp\/v2\/product"}],"about":[{"href":"https:\/\/adgt.cz\/es\/wp-json\/wp\/v2\/types\/product"}],"replies":[{"embeddable":true,"href":"https:\/\/adgt.cz\/es\/wp-json\/wp\/v2\/comments?post=7373"}],"wp:featuredmedia":[{"embeddable":true,"href":"https:\/\/adgt.cz\/es\/wp-json\/wp\/v2\/media\/5110"}],"wp:attachment":[{"href":"https:\/\/adgt.cz\/es\/wp-json\/wp\/v2\/media?parent=7373"}],"wp:term":[{"taxonomy":"product_cat","embeddable":true,"href":"https:\/\/adgt.cz\/es\/wp-json\/wp\/v2\/product_cat?post=7373"},{"taxonomy":"product_tag","embeddable":true,"href":"https:\/\/adgt.cz\/es\/wp-json\/wp\/v2\/product_tag?post=7373"}],"curies":[{"name":"wp","href":"https:\/\/api.w.org\/{rel}","templated":true}]}}