{"id":6964,"date":"2020-09-24T08:14:08","date_gmt":"2020-11-11T08:28:01","guid":{"rendered":"https:\/\/adgt.cz\/?post_type=product&#038;p=6964"},"modified":"2022-02-02T13:46:37","modified_gmt":"2022-02-02T13:46:37","slug":"adm114-g","status":"publish","type":"product","link":"https:\/\/adgt.cz\/es\/products\/modems\/gsm-gprs-modems\/adm114-g\/","title":{"rendered":"ADM114-G"},"content":{"rendered":"<p>M\u00f3dem GSM\/GPRS inteligente con interfaz RS-485 aislado galv\u00e1nicamente para redes industriales y aplicaciones M2M\/IoT. Proporciona una transferencia de datos inal\u00e1mbrica r\u00e1pida y fiable a trav\u00e9s del canal GPRS utilizando el protocolo TCP\/IP, as\u00ed como a trav\u00e9s de CSD.<\/p>\n<p>\u2014 GSM\/GPRS de doble banda 900\/1800MHz<br \/>\n\u2014 Transferencia de datos transparente a trav\u00e9s de la red celular GPRS o CSD<br \/>\n\u2014 Conversi\u00f3n de datos de serie a datos IP<br \/>\n\u2014 Modos Cliente TCP\/Servidor TCP<br \/>\n\u2014 Conexi\u00f3n GPRS: seg\u00fan lo programado y a pedido<br \/>\n\u2014 Las ranuras de la tarjeta SIM doble proporcionan redundancia de canal<br \/>\n\u2014 Configuraci\u00f3n local y remota y actualizaci\u00f3n del firmware. M\u00e1s de 200 par\u00e1metros de configuraci\u00f3n. Configuraci\u00f3n remota a trav\u00e9s de TCP, CSD o SMS<br \/>\n\u2014 Software de configuraci\u00f3n f\u00e1cil de usar<br \/>\n\u2014 1xDI. Enviando un SMS si se activa la DI<br \/>\n\u2014 Cerramiento met\u00e1lico compacto, montaje en carril DIN<\/p>\n","protected":false},"excerpt":{"rendered":"<p>M\u00f3dem GSM\/GPRS inteligente con interfaz RS-485 aislado galv\u00e1nicamente para redes industriales y aplicaciones M2M\/IoT. Proporciona una transferencia de datos inal\u00e1mbrica r\u00e1pida y fiable a trav\u00e9s del canal GPRS utilizando el protocolo TCP\/IP, as\u00ed como a trav\u00e9s de CSD.<\/p>\n","protected":false},"featured_media":4978,"comment_status":"closed","ping_status":"closed","template":"","meta":[],"product_cat":[189,190],"product_tag":[193],"class_list":{"0":"post-6964","1":"product","2":"type-product","3":"status-publish","4":"has-post-thumbnail","6":"product_cat-modems","7":"product_cat-gsm-gprs-modems","8":"product_tag-gprs","10":"first","11":"instock","12":"shipping-taxable","13":"purchasable","14":"product-type-simple"},"yoast_head":"<!-- This site is optimized with the Yoast SEO plugin v23.5 - https:\/\/yoast.com\/wordpress\/plugins\/seo\/ -->\n<title>ADM114-G - M\u00f3dem industrial GSM\/GPRS RS-485 | Productos ADGT<\/title>\n<meta name=\"description\" content=\"M\u00f3dem inteligente GSM\/GPRS ADGT ADM114-G con interfaz RS-485 aislada galv\u00e1nicamente para redes industriales y aplicaciones M2M\/IoT.\" \/>\n<meta name=\"robots\" content=\"index, follow, max-snippet:-1, max-image-preview:large, max-video-preview:-1\" \/>\n<link rel=\"canonical\" href=\"https:\/\/adgt.cz\/es\/products\/modems\/gsm-gprs-modems\/adm114-g\/\" \/>\n<meta property=\"og:locale\" content=\"es_ES\" \/>\n<meta property=\"og:type\" content=\"article\" \/>\n<meta property=\"og:title\" content=\"ADM114-G - M\u00f3dem industrial GSM\/GPRS RS-485 | Productos ADGT\" \/>\n<meta property=\"og:description\" content=\"M\u00f3dem inteligente GSM\/GPRS ADGT ADM114-G con interfaz RS-485 aislada galv\u00e1nicamente para redes industriales y aplicaciones M2M\/IoT.\" \/>\n<meta property=\"og:url\" content=\"https:\/\/adgt.cz\/es\/products\/modems\/gsm-gprs-modems\/adm114-g\/\" \/>\n<meta property=\"og:site_name\" content=\"ADGT\" \/>\n<meta property=\"article:modified_time\" content=\"2022-02-02T13:46:37+00:00\" \/>\n<meta property=\"og:image\" content=\"https:\/\/adgt.cz\/wp-content\/uploads\/2020\/09\/ADM-10.jpg\" \/>\n\t<meta property=\"og:image:width\" content=\"1200\" \/>\n\t<meta property=\"og:image:height\" content=\"1200\" \/>\n\t<meta property=\"og:image:type\" content=\"image\/jpeg\" \/>\n<meta name=\"twitter:card\" content=\"summary_large_image\" \/>\n<meta name=\"twitter:label1\" content=\"Tiempo de lectura\" \/>\n\t<meta name=\"twitter:data1\" content=\"1 minuto\" \/>\n<script type=\"application\/ld+json\" class=\"yoast-schema-graph\">{\"@context\":\"https:\/\/schema.org\",\"@graph\":[{\"@type\":\"WebPage\",\"@id\":\"https:\/\/adgt.cz\/es\/products\/modems\/gsm-gprs-modems\/adm114-g\/\",\"url\":\"https:\/\/adgt.cz\/es\/products\/modems\/gsm-gprs-modems\/adm114-g\/\",\"name\":\"ADM114-G - M\u00f3dem industrial GSM\/GPRS RS-485 | Productos ADGT\",\"isPartOf\":{\"@id\":\"https:\/\/adgt.cz\/es\/#website\"},\"primaryImageOfPage\":{\"@id\":\"https:\/\/adgt.cz\/es\/products\/modems\/gsm-gprs-modems\/adm114-g\/#primaryimage\"},\"image\":{\"@id\":\"https:\/\/adgt.cz\/es\/products\/modems\/gsm-gprs-modems\/adm114-g\/#primaryimage\"},\"thumbnailUrl\":\"https:\/\/adgt.cz\/wp-content\/uploads\/2020\/09\/ADM-10.jpg\",\"datePublished\":\"2020-11-11T08:28:01+00:00\",\"dateModified\":\"2022-02-02T13:46:37+00:00\",\"description\":\"M\u00f3dem inteligente GSM\/GPRS ADGT ADM114-G con interfaz RS-485 aislada galv\u00e1nicamente para redes industriales y aplicaciones M2M\/IoT.\",\"breadcrumb\":{\"@id\":\"https:\/\/adgt.cz\/es\/products\/modems\/gsm-gprs-modems\/adm114-g\/#breadcrumb\"},\"inLanguage\":\"es\",\"potentialAction\":[{\"@type\":\"ReadAction\",\"target\":[\"https:\/\/adgt.cz\/es\/products\/modems\/gsm-gprs-modems\/adm114-g\/\"]}]},{\"@type\":\"ImageObject\",\"inLanguage\":\"es\",\"@id\":\"https:\/\/adgt.cz\/es\/products\/modems\/gsm-gprs-modems\/adm114-g\/#primaryimage\",\"url\":\"https:\/\/adgt.cz\/wp-content\/uploads\/2020\/09\/ADM-10.jpg\",\"contentUrl\":\"https:\/\/adgt.cz\/wp-content\/uploads\/2020\/09\/ADM-10.jpg\",\"width\":1200,\"height\":1200},{\"@type\":\"BreadcrumbList\",\"@id\":\"https:\/\/adgt.cz\/es\/products\/modems\/gsm-gprs-modems\/adm114-g\/#breadcrumb\",\"itemListElement\":[{\"@type\":\"ListItem\",\"position\":1,\"name\":\"Home\",\"item\":\"https:\/\/adgt.cz\/es\/\"},{\"@type\":\"ListItem\",\"position\":2,\"name\":\"Productos\",\"item\":\"https:\/\/adgt.cz\/products\/\"},{\"@type\":\"ListItem\",\"position\":3,\"name\":\"M\u00f3dems\",\"item\":\"https:\/\/adgt.cz\/es\/product-category\/modems\/\"},{\"@type\":\"ListItem\",\"position\":4,\"name\":\"M\u00f3dems GSM\/GPRS\",\"item\":\"https:\/\/adgt.cz\/es\/product-category\/modems\/gsm-gprs-modems\/\"},{\"@type\":\"ListItem\",\"position\":5,\"name\":\"ADM114-G\"}]},{\"@type\":\"WebSite\",\"@id\":\"https:\/\/adgt.cz\/es\/#website\",\"url\":\"https:\/\/adgt.cz\/es\/\",\"name\":\"ADGT\",\"description\":\"Just another WordPress site\",\"publisher\":{\"@id\":\"https:\/\/adgt.cz\/es\/#organization\"},\"potentialAction\":[{\"@type\":\"SearchAction\",\"target\":{\"@type\":\"EntryPoint\",\"urlTemplate\":\"https:\/\/adgt.cz\/es\/?s={search_term_string}\"},\"query-input\":{\"@type\":\"PropertyValueSpecification\",\"valueRequired\":true,\"valueName\":\"search_term_string\"}}],\"inLanguage\":\"es\"},{\"@type\":\"Organization\",\"@id\":\"https:\/\/adgt.cz\/es\/#organization\",\"name\":\"ADGT\",\"url\":\"https:\/\/adgt.cz\/es\/\",\"logo\":{\"@type\":\"ImageObject\",\"inLanguage\":\"es\",\"@id\":\"https:\/\/adgt.cz\/es\/#\/schema\/logo\/image\/\",\"url\":\"https:\/\/adgt.cz\/wp-content\/uploads\/2020\/09\/ADGT_logo_Magenta.png\",\"contentUrl\":\"https:\/\/adgt.cz\/wp-content\/uploads\/2020\/09\/ADGT_logo_Magenta.png\",\"width\":798,\"height\":208,\"caption\":\"ADGT\"},\"image\":{\"@id\":\"https:\/\/adgt.cz\/es\/#\/schema\/logo\/image\/\"}}]}<\/script>\n<!-- \/ Yoast SEO plugin. -->","yoast_head_json":{"title":"ADM114-G - M\u00f3dem industrial GSM\/GPRS RS-485 | Productos ADGT","description":"M\u00f3dem inteligente GSM\/GPRS ADGT ADM114-G con interfaz RS-485 aislada galv\u00e1nicamente para redes industriales y aplicaciones M2M\/IoT.","robots":{"index":"index","follow":"follow","max-snippet":"max-snippet:-1","max-image-preview":"max-image-preview:large","max-video-preview":"max-video-preview:-1"},"canonical":"https:\/\/adgt.cz\/es\/products\/modems\/gsm-gprs-modems\/adm114-g\/","og_locale":"es_ES","og_type":"article","og_title":"ADM114-G - M\u00f3dem industrial GSM\/GPRS RS-485 | Productos ADGT","og_description":"M\u00f3dem inteligente GSM\/GPRS ADGT ADM114-G con interfaz RS-485 aislada galv\u00e1nicamente para redes industriales y aplicaciones M2M\/IoT.","og_url":"https:\/\/adgt.cz\/es\/products\/modems\/gsm-gprs-modems\/adm114-g\/","og_site_name":"ADGT","article_modified_time":"2022-02-02T13:46:37+00:00","og_image":[{"width":1200,"height":1200,"url":"https:\/\/adgt.cz\/wp-content\/uploads\/2020\/09\/ADM-10.jpg","type":"image\/jpeg"}],"twitter_card":"summary_large_image","twitter_misc":{"Tiempo de lectura":"1 minuto"},"schema":{"@context":"https:\/\/schema.org","@graph":[{"@type":"WebPage","@id":"https:\/\/adgt.cz\/es\/products\/modems\/gsm-gprs-modems\/adm114-g\/","url":"https:\/\/adgt.cz\/es\/products\/modems\/gsm-gprs-modems\/adm114-g\/","name":"ADM114-G - M\u00f3dem industrial GSM\/GPRS RS-485 | Productos ADGT","isPartOf":{"@id":"https:\/\/adgt.cz\/es\/#website"},"primaryImageOfPage":{"@id":"https:\/\/adgt.cz\/es\/products\/modems\/gsm-gprs-modems\/adm114-g\/#primaryimage"},"image":{"@id":"https:\/\/adgt.cz\/es\/products\/modems\/gsm-gprs-modems\/adm114-g\/#primaryimage"},"thumbnailUrl":"https:\/\/adgt.cz\/wp-content\/uploads\/2020\/09\/ADM-10.jpg","datePublished":"2020-11-11T08:28:01+00:00","dateModified":"2022-02-02T13:46:37+00:00","description":"M\u00f3dem inteligente GSM\/GPRS ADGT ADM114-G con interfaz RS-485 aislada galv\u00e1nicamente para redes industriales y aplicaciones M2M\/IoT.","breadcrumb":{"@id":"https:\/\/adgt.cz\/es\/products\/modems\/gsm-gprs-modems\/adm114-g\/#breadcrumb"},"inLanguage":"es","potentialAction":[{"@type":"ReadAction","target":["https:\/\/adgt.cz\/es\/products\/modems\/gsm-gprs-modems\/adm114-g\/"]}]},{"@type":"ImageObject","inLanguage":"es","@id":"https:\/\/adgt.cz\/es\/products\/modems\/gsm-gprs-modems\/adm114-g\/#primaryimage","url":"https:\/\/adgt.cz\/wp-content\/uploads\/2020\/09\/ADM-10.jpg","contentUrl":"https:\/\/adgt.cz\/wp-content\/uploads\/2020\/09\/ADM-10.jpg","width":1200,"height":1200},{"@type":"BreadcrumbList","@id":"https:\/\/adgt.cz\/es\/products\/modems\/gsm-gprs-modems\/adm114-g\/#breadcrumb","itemListElement":[{"@type":"ListItem","position":1,"name":"Home","item":"https:\/\/adgt.cz\/es\/"},{"@type":"ListItem","position":2,"name":"Productos","item":"https:\/\/adgt.cz\/products\/"},{"@type":"ListItem","position":3,"name":"M\u00f3dems","item":"https:\/\/adgt.cz\/es\/product-category\/modems\/"},{"@type":"ListItem","position":4,"name":"M\u00f3dems GSM\/GPRS","item":"https:\/\/adgt.cz\/es\/product-category\/modems\/gsm-gprs-modems\/"},{"@type":"ListItem","position":5,"name":"ADM114-G"}]},{"@type":"WebSite","@id":"https:\/\/adgt.cz\/es\/#website","url":"https:\/\/adgt.cz\/es\/","name":"ADGT","description":"Just another WordPress site","publisher":{"@id":"https:\/\/adgt.cz\/es\/#organization"},"potentialAction":[{"@type":"SearchAction","target":{"@type":"EntryPoint","urlTemplate":"https:\/\/adgt.cz\/es\/?s={search_term_string}"},"query-input":{"@type":"PropertyValueSpecification","valueRequired":true,"valueName":"search_term_string"}}],"inLanguage":"es"},{"@type":"Organization","@id":"https:\/\/adgt.cz\/es\/#organization","name":"ADGT","url":"https:\/\/adgt.cz\/es\/","logo":{"@type":"ImageObject","inLanguage":"es","@id":"https:\/\/adgt.cz\/es\/#\/schema\/logo\/image\/","url":"https:\/\/adgt.cz\/wp-content\/uploads\/2020\/09\/ADGT_logo_Magenta.png","contentUrl":"https:\/\/adgt.cz\/wp-content\/uploads\/2020\/09\/ADGT_logo_Magenta.png","width":798,"height":208,"caption":"ADGT"},"image":{"@id":"https:\/\/adgt.cz\/es\/#\/schema\/logo\/image\/"}}]}},"_links":{"self":[{"href":"https:\/\/adgt.cz\/es\/wp-json\/wp\/v2\/product\/6964"}],"collection":[{"href":"https:\/\/adgt.cz\/es\/wp-json\/wp\/v2\/product"}],"about":[{"href":"https:\/\/adgt.cz\/es\/wp-json\/wp\/v2\/types\/product"}],"replies":[{"embeddable":true,"href":"https:\/\/adgt.cz\/es\/wp-json\/wp\/v2\/comments?post=6964"}],"wp:featuredmedia":[{"embeddable":true,"href":"https:\/\/adgt.cz\/es\/wp-json\/wp\/v2\/media\/4978"}],"wp:attachment":[{"href":"https:\/\/adgt.cz\/es\/wp-json\/wp\/v2\/media?parent=6964"}],"wp:term":[{"taxonomy":"product_cat","embeddable":true,"href":"https:\/\/adgt.cz\/es\/wp-json\/wp\/v2\/product_cat?post=6964"},{"taxonomy":"product_tag","embeddable":true,"href":"https:\/\/adgt.cz\/es\/wp-json\/wp\/v2\/product_tag?post=6964"}],"curies":[{"name":"wp","href":"https:\/\/api.w.org\/{rel}","templated":true}]}}