{"id":12718,"date":"2021-06-15T14:59:10","date_gmt":"2021-09-16T07:34:57","guid":{"rendered":"https:\/\/adgt.cz\/?post_type=product&#038;p=12718"},"modified":"2022-03-21T09:24:40","modified_gmt":"2022-03-21T09:24:40","slug":"dtu317","status":"publish","type":"product","link":"https:\/\/adgt.cz\/es\/products\/data-loggers\/gprs-data-loggers\/dtu317\/","title":{"rendered":"DTU317"},"content":{"rendered":"<p>Registrador de datos de 4 canales alimentado por bater\u00eda GPRS. Dise\u00f1ado para aplicaciones de medici\u00f3n y supervisi\u00f3n remotas. El dispositivo recoge los datos de consumo de los contadores y sensores de salida de impulsos, almacena las lecturas en una memoria no vol\u00e1til y transmite los datos al servidor de env\u00edo a trav\u00e9s de la red GPRS. Adecuado para la medici\u00f3n de agua, gas y electricidad.<\/p>\n<p>\u2014 4 x entradas de recuento de pulsos, 2 x entradas binarias<br \/>\n\u2014 Funcionamiento continuo de hasta 10 a\u00f1os con la bater\u00eda interna de 13000 mAh<br \/>\n\u2014 Transmisi\u00f3n de datos v\u00eda GPRS\/TCP en horario configurable<br \/>\n\u2014 Doble ranura para tarjetas SIM<br \/>\n\u2014 Conector externo SMA(f)<br \/>\n\u2014 Carcasa de pl\u00e1stico impermeable IP65\/IP68 (ver opciones)<br \/>\n\u2014 Frecuencia de sondeo configurable: 2Hz\/20Hz<br \/>\n\u2014 F\u00e1cil configuraci\u00f3n: a trav\u00e9s del puerto serie RS-232 (o a trav\u00e9s del puerto mini-USB utilizando el <a href=\"https:\/\/adgt.cz\/es\/products\/converters\/usb-converters\/cm10\/\" target=\"_blank\" rel=\"noopener noreferrer\">Convertidor de serie a USB CDM10<\/a>), as\u00ed como la configuraci\u00f3n remota a trav\u00e9s de la <a class=\"external-link\" href=\"https:\/\/adgt.cz\/es\/products\/software\/iot24-eu-cloud-software-platform\/\" target=\"_blank\" rel=\"nofollow noopener noreferrer\">Plataforma de software de nube IOT24.EU<\/a><br \/>\n\u2014 <a class=\"external-link\" href=\"https:\/\/adgt.cz\/es\/products\/software\/iot24-eu-cloud-software-platform\/\" target=\"_blank\" rel=\"nofollow noopener noreferrer\">Plataforma de software de nube IOT24.EU<\/a> que garantiza el acceso remoto a los datos a trav\u00e9s de la interfaz web<\/p>\n","protected":false},"excerpt":{"rendered":"<p>Registrador de datos de 4 canales alimentado por bater\u00eda GPRS en una caja protectora IP65\/IP68 resistente al agua.<\/p>\n<ul>\n<li>Funcionamiento continuo de hasta 10 a\u00f1os con la bater\u00eda interna de 13000 mAh<\/li>\n<li>Transmisi\u00f3n de datos v\u00eda GPRS\/TCP en horario configurable<\/li>\n<li>Doble ranura para tarjetas SIM<\/li>\n<li>Conector externo SMA(f)<\/li>\n<li>Carcasa de pl\u00e1stico impermeable IP65\/IP68 (ver opciones)<\/li>\n<li>Acceso 24\/7 a los datos a trav\u00e9s de la <a class=\"external-link\" href=\"https:\/\/adgt.cz\/es\/products\/software\/iot24-eu-cloud-software-platform\/\" target=\"_blank\" rel=\"nofollow noopener noreferrer\">Plataforma de software de nube IOT24.EU<\/a><\/li>\n<\/ul>\n<p>El dispositivo recoge los datos de consumo de los contadores y sensores de salida de impulsos, almacena las lecturas en una memoria no vol\u00e1til y transmite los datos a trav\u00e9s de la red GPRS. Adecuado para la medici\u00f3n de agua, gas y electricidad.<\/p>\n","protected":false},"featured_media":14505,"comment_status":"closed","ping_status":"closed","template":"","meta":[],"product_cat":[199,201],"product_tag":[],"class_list":{"0":"post-12718","1":"product","2":"type-product","3":"status-publish","4":"has-post-thumbnail","6":"product_cat-data-loggers","7":"product_cat-gprs-data-loggers","9":"first","10":"instock","11":"shipping-taxable","12":"purchasable","13":"product-type-variable","14":"has-default-attributes"},"yoast_head":"<!-- This site is optimized with the Yoast SEO plugin v23.5 - https:\/\/yoast.com\/wordpress\/plugins\/seo\/ -->\n<title>DTU317 - ADGT<\/title>\n<meta name=\"robots\" content=\"index, follow, max-snippet:-1, max-image-preview:large, max-video-preview:-1\" \/>\n<link rel=\"canonical\" href=\"https:\/\/adgt.cz\/es\/products\/data-loggers\/gprs-data-loggers\/dtu317\/\" \/>\n<meta property=\"og:locale\" content=\"es_ES\" \/>\n<meta property=\"og:type\" content=\"article\" \/>\n<meta property=\"og:title\" content=\"DTU317 - ADGT\" \/>\n<meta property=\"og:description\" content=\"Registrador de datos de 4 canales alimentado por bater\u00eda GPRS en una caja protectora IP65\/IP68 resistente al agua.   Funcionamiento continuo de hasta 10 a\u00f1os con la bater\u00eda interna de 13000 mAh  Transmisi\u00f3n de datos v\u00eda GPRS\/TCP en horario configurable  Doble ranura para tarjetas SIM  Conector externo SMA(f)  Carcasa de pl\u00e1stico impermeable IP65\/IP68 (ver opciones)  Acceso 24\/7 a los datos a trav\u00e9s de la Plataforma de software de nube IOT24.EU  El dispositivo recoge los datos de consumo de los contadores y sensores de salida de impulsos, almacena las lecturas en una memoria no vol\u00e1til y transmite los datos a trav\u00e9s de la red GPRS. Adecuado para la medici\u00f3n de agua, gas y electricidad.\" \/>\n<meta property=\"og:url\" content=\"https:\/\/adgt.cz\/es\/products\/data-loggers\/gprs-data-loggers\/dtu317\/\" \/>\n<meta property=\"og:site_name\" content=\"ADGT\" \/>\n<meta property=\"article:modified_time\" content=\"2022-03-21T09:24:40+00:00\" \/>\n<meta property=\"og:image\" content=\"https:\/\/adgt.cz\/wp-content\/uploads\/2022\/06\/DTU317-IP65-SMA.jpg\" \/>\n\t<meta property=\"og:image:width\" content=\"1200\" \/>\n\t<meta property=\"og:image:height\" content=\"1200\" \/>\n\t<meta property=\"og:image:type\" content=\"image\/jpeg\" \/>\n<meta name=\"twitter:card\" content=\"summary_large_image\" \/>\n<meta name=\"twitter:label1\" content=\"Tiempo de lectura\" \/>\n\t<meta name=\"twitter:data1\" content=\"1 minuto\" \/>\n<script type=\"application\/ld+json\" class=\"yoast-schema-graph\">{\"@context\":\"https:\/\/schema.org\",\"@graph\":[{\"@type\":\"WebPage\",\"@id\":\"https:\/\/adgt.cz\/es\/products\/data-loggers\/gprs-data-loggers\/dtu317\/\",\"url\":\"https:\/\/adgt.cz\/es\/products\/data-loggers\/gprs-data-loggers\/dtu317\/\",\"name\":\"DTU317 - ADGT\",\"isPartOf\":{\"@id\":\"https:\/\/adgt.cz\/es\/#website\"},\"primaryImageOfPage\":{\"@id\":\"https:\/\/adgt.cz\/es\/products\/data-loggers\/gprs-data-loggers\/dtu317\/#primaryimage\"},\"image\":{\"@id\":\"https:\/\/adgt.cz\/es\/products\/data-loggers\/gprs-data-loggers\/dtu317\/#primaryimage\"},\"thumbnailUrl\":\"https:\/\/adgt.cz\/wp-content\/uploads\/2022\/06\/DTU317-IP65-SMA.jpg\",\"datePublished\":\"2021-09-16T07:34:57+00:00\",\"dateModified\":\"2022-03-21T09:24:40+00:00\",\"breadcrumb\":{\"@id\":\"https:\/\/adgt.cz\/es\/products\/data-loggers\/gprs-data-loggers\/dtu317\/#breadcrumb\"},\"inLanguage\":\"es\",\"potentialAction\":[{\"@type\":\"ReadAction\",\"target\":[\"https:\/\/adgt.cz\/es\/products\/data-loggers\/gprs-data-loggers\/dtu317\/\"]}]},{\"@type\":\"ImageObject\",\"inLanguage\":\"es\",\"@id\":\"https:\/\/adgt.cz\/es\/products\/data-loggers\/gprs-data-loggers\/dtu317\/#primaryimage\",\"url\":\"https:\/\/adgt.cz\/wp-content\/uploads\/2022\/06\/DTU317-IP65-SMA.jpg\",\"contentUrl\":\"https:\/\/adgt.cz\/wp-content\/uploads\/2022\/06\/DTU317-IP65-SMA.jpg\",\"width\":1200,\"height\":1200,\"caption\":\"Data logger DTU317\"},{\"@type\":\"BreadcrumbList\",\"@id\":\"https:\/\/adgt.cz\/es\/products\/data-loggers\/gprs-data-loggers\/dtu317\/#breadcrumb\",\"itemListElement\":[{\"@type\":\"ListItem\",\"position\":1,\"name\":\"Home\",\"item\":\"https:\/\/adgt.cz\/es\/\"},{\"@type\":\"ListItem\",\"position\":2,\"name\":\"Productos\",\"item\":\"https:\/\/adgt.cz\/products\/\"},{\"@type\":\"ListItem\",\"position\":3,\"name\":\"Registradores de datos\",\"item\":\"https:\/\/adgt.cz\/es\/product-category\/data-loggers\/\"},{\"@type\":\"ListItem\",\"position\":4,\"name\":\"Registradores de datos GPRS\",\"item\":\"https:\/\/adgt.cz\/es\/product-category\/data-loggers\/gprs-data-loggers\/\"},{\"@type\":\"ListItem\",\"position\":5,\"name\":\"DTU317\"}]},{\"@type\":\"WebSite\",\"@id\":\"https:\/\/adgt.cz\/es\/#website\",\"url\":\"https:\/\/adgt.cz\/es\/\",\"name\":\"ADGT\",\"description\":\"Just another WordPress site\",\"publisher\":{\"@id\":\"https:\/\/adgt.cz\/es\/#organization\"},\"potentialAction\":[{\"@type\":\"SearchAction\",\"target\":{\"@type\":\"EntryPoint\",\"urlTemplate\":\"https:\/\/adgt.cz\/es\/?s={search_term_string}\"},\"query-input\":{\"@type\":\"PropertyValueSpecification\",\"valueRequired\":true,\"valueName\":\"search_term_string\"}}],\"inLanguage\":\"es\"},{\"@type\":\"Organization\",\"@id\":\"https:\/\/adgt.cz\/es\/#organization\",\"name\":\"ADGT\",\"url\":\"https:\/\/adgt.cz\/es\/\",\"logo\":{\"@type\":\"ImageObject\",\"inLanguage\":\"es\",\"@id\":\"https:\/\/adgt.cz\/es\/#\/schema\/logo\/image\/\",\"url\":\"https:\/\/adgt.cz\/wp-content\/uploads\/2020\/09\/ADGT_logo_Magenta.png\",\"contentUrl\":\"https:\/\/adgt.cz\/wp-content\/uploads\/2020\/09\/ADGT_logo_Magenta.png\",\"width\":798,\"height\":208,\"caption\":\"ADGT\"},\"image\":{\"@id\":\"https:\/\/adgt.cz\/es\/#\/schema\/logo\/image\/\"}}]}<\/script>\n<!-- \/ Yoast SEO plugin. -->","yoast_head_json":{"title":"DTU317 - ADGT","robots":{"index":"index","follow":"follow","max-snippet":"max-snippet:-1","max-image-preview":"max-image-preview:large","max-video-preview":"max-video-preview:-1"},"canonical":"https:\/\/adgt.cz\/es\/products\/data-loggers\/gprs-data-loggers\/dtu317\/","og_locale":"es_ES","og_type":"article","og_title":"DTU317 - ADGT","og_description":"Registrador de datos de 4 canales alimentado por bater\u00eda GPRS en una caja protectora IP65\/IP68 resistente al agua.   Funcionamiento continuo de hasta 10 a\u00f1os con la bater\u00eda interna de 13000 mAh  Transmisi\u00f3n de datos v\u00eda GPRS\/TCP en horario configurable  Doble ranura para tarjetas SIM  Conector externo SMA(f)  Carcasa de pl\u00e1stico impermeable IP65\/IP68 (ver opciones)  Acceso 24\/7 a los datos a trav\u00e9s de la Plataforma de software de nube IOT24.EU  El dispositivo recoge los datos de consumo de los contadores y sensores de salida de impulsos, almacena las lecturas en una memoria no vol\u00e1til y transmite los datos a trav\u00e9s de la red GPRS. Adecuado para la medici\u00f3n de agua, gas y electricidad.","og_url":"https:\/\/adgt.cz\/es\/products\/data-loggers\/gprs-data-loggers\/dtu317\/","og_site_name":"ADGT","article_modified_time":"2022-03-21T09:24:40+00:00","og_image":[{"width":1200,"height":1200,"url":"https:\/\/adgt.cz\/wp-content\/uploads\/2022\/06\/DTU317-IP65-SMA.jpg","type":"image\/jpeg"}],"twitter_card":"summary_large_image","twitter_misc":{"Tiempo de lectura":"1 minuto"},"schema":{"@context":"https:\/\/schema.org","@graph":[{"@type":"WebPage","@id":"https:\/\/adgt.cz\/es\/products\/data-loggers\/gprs-data-loggers\/dtu317\/","url":"https:\/\/adgt.cz\/es\/products\/data-loggers\/gprs-data-loggers\/dtu317\/","name":"DTU317 - ADGT","isPartOf":{"@id":"https:\/\/adgt.cz\/es\/#website"},"primaryImageOfPage":{"@id":"https:\/\/adgt.cz\/es\/products\/data-loggers\/gprs-data-loggers\/dtu317\/#primaryimage"},"image":{"@id":"https:\/\/adgt.cz\/es\/products\/data-loggers\/gprs-data-loggers\/dtu317\/#primaryimage"},"thumbnailUrl":"https:\/\/adgt.cz\/wp-content\/uploads\/2022\/06\/DTU317-IP65-SMA.jpg","datePublished":"2021-09-16T07:34:57+00:00","dateModified":"2022-03-21T09:24:40+00:00","breadcrumb":{"@id":"https:\/\/adgt.cz\/es\/products\/data-loggers\/gprs-data-loggers\/dtu317\/#breadcrumb"},"inLanguage":"es","potentialAction":[{"@type":"ReadAction","target":["https:\/\/adgt.cz\/es\/products\/data-loggers\/gprs-data-loggers\/dtu317\/"]}]},{"@type":"ImageObject","inLanguage":"es","@id":"https:\/\/adgt.cz\/es\/products\/data-loggers\/gprs-data-loggers\/dtu317\/#primaryimage","url":"https:\/\/adgt.cz\/wp-content\/uploads\/2022\/06\/DTU317-IP65-SMA.jpg","contentUrl":"https:\/\/adgt.cz\/wp-content\/uploads\/2022\/06\/DTU317-IP65-SMA.jpg","width":1200,"height":1200,"caption":"Data logger DTU317"},{"@type":"BreadcrumbList","@id":"https:\/\/adgt.cz\/es\/products\/data-loggers\/gprs-data-loggers\/dtu317\/#breadcrumb","itemListElement":[{"@type":"ListItem","position":1,"name":"Home","item":"https:\/\/adgt.cz\/es\/"},{"@type":"ListItem","position":2,"name":"Productos","item":"https:\/\/adgt.cz\/products\/"},{"@type":"ListItem","position":3,"name":"Registradores de datos","item":"https:\/\/adgt.cz\/es\/product-category\/data-loggers\/"},{"@type":"ListItem","position":4,"name":"Registradores de datos GPRS","item":"https:\/\/adgt.cz\/es\/product-category\/data-loggers\/gprs-data-loggers\/"},{"@type":"ListItem","position":5,"name":"DTU317"}]},{"@type":"WebSite","@id":"https:\/\/adgt.cz\/es\/#website","url":"https:\/\/adgt.cz\/es\/","name":"ADGT","description":"Just another WordPress site","publisher":{"@id":"https:\/\/adgt.cz\/es\/#organization"},"potentialAction":[{"@type":"SearchAction","target":{"@type":"EntryPoint","urlTemplate":"https:\/\/adgt.cz\/es\/?s={search_term_string}"},"query-input":{"@type":"PropertyValueSpecification","valueRequired":true,"valueName":"search_term_string"}}],"inLanguage":"es"},{"@type":"Organization","@id":"https:\/\/adgt.cz\/es\/#organization","name":"ADGT","url":"https:\/\/adgt.cz\/es\/","logo":{"@type":"ImageObject","inLanguage":"es","@id":"https:\/\/adgt.cz\/es\/#\/schema\/logo\/image\/","url":"https:\/\/adgt.cz\/wp-content\/uploads\/2020\/09\/ADGT_logo_Magenta.png","contentUrl":"https:\/\/adgt.cz\/wp-content\/uploads\/2020\/09\/ADGT_logo_Magenta.png","width":798,"height":208,"caption":"ADGT"},"image":{"@id":"https:\/\/adgt.cz\/es\/#\/schema\/logo\/image\/"}}]}},"_links":{"self":[{"href":"https:\/\/adgt.cz\/es\/wp-json\/wp\/v2\/product\/12718"}],"collection":[{"href":"https:\/\/adgt.cz\/es\/wp-json\/wp\/v2\/product"}],"about":[{"href":"https:\/\/adgt.cz\/es\/wp-json\/wp\/v2\/types\/product"}],"replies":[{"embeddable":true,"href":"https:\/\/adgt.cz\/es\/wp-json\/wp\/v2\/comments?post=12718"}],"wp:featuredmedia":[{"embeddable":true,"href":"https:\/\/adgt.cz\/es\/wp-json\/wp\/v2\/media\/14505"}],"wp:attachment":[{"href":"https:\/\/adgt.cz\/es\/wp-json\/wp\/v2\/media?parent=12718"}],"wp:term":[{"taxonomy":"product_cat","embeddable":true,"href":"https:\/\/adgt.cz\/es\/wp-json\/wp\/v2\/product_cat?post=12718"},{"taxonomy":"product_tag","embeddable":true,"href":"https:\/\/adgt.cz\/es\/wp-json\/wp\/v2\/product_tag?post=12718"}],"curies":[{"name":"wp","href":"https:\/\/api.w.org\/{rel}","templated":true}]}}