{"id":7285,"date":"2020-11-18T11:55:07","date_gmt":"2020-11-18T11:55:07","guid":{"rendered":"https:\/\/adgt.cz\/?page_id=7285"},"modified":"2021-05-21T12:37:44","modified_gmt":"2021-05-21T12:37:44","slug":"about-us","status":"publish","type":"page","link":"https:\/\/adgt.cz\/es\/about-us\/","title":{"rendered":"Sobre nosotros"},"content":{"rendered":"<p>[vc_row][vc_column]\r\n\t<div class=\"wprt-spacer clearfix\" data-desktop=\"70\" data-mobi=\"50\" data-smobi=\"50\"><\/div><div class=\"wprt-headings clearfix text-center\"  style=\"\"><h2 class=\"heading clearfix\" style=\"font-weight:700;margin-bottom:3px;\">\r\n\t\tBIENVENIDO A ADGT\r\n\t<\/h2><div class=\"sep accent clearfix\" style=\"width:60px;height:3px;\"><\/div><p class=\"sub-heading clearfix\" style=\"font-style:normal;font-size:14px;line-height:28px;margin-top:11px;max-width:520px; margin-left: auto; margin-right: auto;font-family:Montserrat;\">\r\n\t\tSOLUCIONES INAL\u00c1MBRICAS INTELIGENTES\r\n\t<\/p><\/div>\r\n\t<div class=\"wprt-spacer clearfix\" data-desktop=\"35\" data-mobi=\"35\" data-smobi=\"35\"><\/div>[vc_row_inner gap=&#8221;35&#8243;][vc_column_inner width=&#8221;1\/2&#8243;][vc_column_text]En ADGT desarrollamos y fabricamos soluciones y sistemas inal\u00e1mbricos para la recopilaci\u00f3n, el procesamiento y la transmisi\u00f3n de datos a distancia a trav\u00e9s de redes m\u00f3viles. Adem\u00e1s, producimos software especial que hace que nuestros productos sean herramientas adaptables y flexibles para las peticiones de nuestros clientes.<\/p>\n<p>ADGT proporciona un ciclo de producci\u00f3n completo: desde el desarrollo del proyecto hasta el lanzamiento del producto final. Todo nuestro equipo se desarrolla sobre la base de componentes certificados de alta calidad de los principales fabricantes del mundo. El servicio de control de calidad asegura la durabilidad y fiabilidad de nuestros dispositivos.[\/vc_column_text][\/vc_column_inner][vc_column_inner width=&#8221;1\/2&#8243;][vc_single_image image=&#8221;5747&#8243; alignment=&#8221;center&#8221;][\/vc_column_inner][\/vc_row_inner]\r\n\t<div class=\"wprt-spacer clearfix\" data-desktop=\"30\" data-mobi=\"20\" data-smobi=\"20\"><\/div>[\/vc_column][\/vc_row][vc_row][vc_column width=&#8221;1\/2&#8243;]<div class=\"wprt-content-box clearfix \" data-padding=\"\" data-mobipadding=\"\" data-margin=\"10% 20%\" data-mobimargin=\"8%\">\r\n\t\t<div class=\"inner \" style=\"\">\r\n\t\t\t<div class=\"wprt-headings clearfix \"  style=\"\"><h2 class=\"heading clearfix\" style=\"font-weight:700;margin-bottom:5px;\">\r\n\t\tPRODUCIMOS\r\n\t<\/h2><div class=\"sep accent clearfix\" style=\"width:60px;height:5px;\"><\/div><\/div><div class=\"wprt-list clearfix icon-left icon-top\">\r\n\t\t<div style=\"padding:20px 0px 0px 0px;margin-bottom:3px;\">\r\n\t\t\t<span style=\"padding-left:35px;\"><span class=\"icon style-3\" style=\"\">\r\n\t\t\t<i class=\"fa fa-check\"><\/i>\r\n\t\t<\/span> <span style=\"font-size:17px;\">M\u00f3dems inteligentes GSM\/3G\/NB-IoT<\/span><\/span>\r\n\t\t<\/div>\r\n\t<\/div><div class=\"wprt-list clearfix icon-left icon-top\">\r\n\t\t<div style=\"padding:0px 0px 0px 0px;margin-bottom:3px;\">\r\n\t\t\t<span style=\"padding-left:35px;\"><span class=\"icon style-3\" style=\"\">\r\n\t\t\t<i class=\"fa fa-check\"><\/i>\r\n\t\t<\/span> <span style=\"font-size:17px;\">Registradores de datos GPRS\/NB-IoT\/Cat M1<\/span><\/span>\r\n\t\t<\/div>\r\n\t<\/div><div class=\"wprt-list clearfix icon-left icon-top\">\r\n\t\t<div style=\"padding:0px 0px 0px 0px;margin-bottom:3px;\">\r\n\t\t\t<span style=\"padding-left:35px;\"><span class=\"icon style-3\" style=\"\">\r\n\t\t\t<i class=\"fa fa-check\"><\/i>\r\n\t\t<\/span> <span style=\"font-size:17px;\">Routers 3G\/4G<\/span><\/span>\r\n\t\t<\/div>\r\n\t<\/div><div class=\"wprt-list clearfix icon-left icon-top\">\r\n\t\t<div style=\"padding:0px 0px 0px 0px;margin-bottom:3px;\">\r\n\t\t\t<span style=\"padding-left:35px;\"><span class=\"icon style-3\" style=\"\">\r\n\t\t\t<i class=\"fa fa-check\"><\/i>\r\n\t\t<\/span> <span style=\"font-size:17px;\">Convertidores<\/span><\/span>\r\n\t\t<\/div>\r\n\t<\/div><div class=\"wprt-list clearfix icon-left icon-top\">\r\n\t\t<div style=\"padding:0px 0px 0px 0px;margin-bottom:3px;\">\r\n\t\t\t<span style=\"padding-left:35px;\"><span class=\"icon style-3\" style=\"\">\r\n\t\t\t<i class=\"fa fa-check\"><\/i>\r\n\t\t<\/span> <span style=\"font-size:17px;\">Software<\/span><\/span>\r\n\t\t<\/div>\r\n\t<\/div><div class=\"wprt-list clearfix icon-left icon-top\">\r\n\t\t<div style=\"padding:0px 0px 0px 0px;margin-bottom:3px;\">\r\n\t\t\t<span style=\"padding-left:35px;\"><span class=\"icon style-3\" style=\"\">\r\n\t\t\t<i class=\"fa fa-check\"><\/i>\r\n\t\t<\/span> <span style=\"font-size:17px;\">Antenas de comunicaci\u00f3n y accesorios<\/span><\/span>\r\n\t\t<\/div>\r\n\t<\/div>\r\n\t<div class=\"wprt-spacer clearfix\" data-desktop=\"30\" data-mobi=\"30\" data-smobi=\"30\"><\/div><div class=\"button-wrap icon-left has-icon\" style=\"\"><a href=\"http:\/\/adgt.cz\/es\/products\/\" target=\"_blank\" class=\"wprt-button big solid accent\" style=\"\">\r\n\t\t<span style=\"\">MIRE LOS PRODUCTOS <span class=\"icon\" style=\"\"><i class=\"fa fa-plus-circle\"><\/i><\/span><\/span>\r\n\t<\/a><\/div>\n\r\n\t\t<\/div>\r\n\t<\/div>[\/vc_column][vc_column width=&#8221;1\/2&#8243;]\r\n\t<div class=\"wprt-accordions style-2\"><div class=\"accordion-item  no-icon\" style=\"margin-bottom:10px;\"><\/div><div class=\"accordion-item  active no-icon\" style=\"margin-bottom:10px;\"><h3 class=\"accordion-heading\" style=\"\">\r\n\t\t\t<span class=\"inner\" style=\"\">\r\n\t\t\t\t\r\n\t\t\t\t\u00bfPOR QU\u00c9 NOS ELIGEN?\r\n\t\t\t<\/span>\r\n\t\t<\/h3><div class=\"accordion-content\" style=\"padding:22px 0px 20px 13px;\"><p>ADGT es un equipo de especialistas t\u00e9cnicos extremadamente entusiastas y altamente calificados. Rastreando nuestra historia hasta finales de la d\u00e9cada de 2000, comenzamos como un peque\u00f1o grupo de ingenier\u00eda, trabajando en el campo del dise\u00f1o y la producci\u00f3n de dispositivos de comunicaci\u00f3n. Nuestro enfoque adaptable y la comprensi\u00f3n de los intereses de nuestros clientes ayudaron a la empresa a tomar y mantener su lugar en el mercado digital. En respuesta a las demandas cambiantes del tiempo, tambi\u00e9n se cre\u00f3 una unidad de TI especializada para suministrar a nuestros dispositivos el software adecuado y f\u00e1cilmente adaptable.<\/p>\n<p>Hoy en d\u00eda es dif\u00edcil mantener la eficacia, si se pierden las tendencias actuales en su negocio. Desde nuestra fundaci\u00f3n tenemos mucha experiencia, por lo que nos permite continuar con el desarrollo y la producci\u00f3n de electr\u00f3nica y aparatos para afrontar los retos de la eficiencia energ\u00e9tica y el ahorro de energ\u00eda, as\u00ed como la creaci\u00f3n de dispositivos de medici\u00f3n inteligentes y redes de sensores inal\u00e1mbricos.<\/p>\n<\/div><\/div><div class=\"accordion-item  no-icon\" style=\"margin-bottom:10px;\"><h3 class=\"accordion-heading\" style=\"\">\r\n\t\t\t<span class=\"inner\" style=\"\">\r\n\t\t\t\t\r\n\t\t\t\tFILOSOF\u00cdA\r\n\t\t\t<\/span>\r\n\t\t<\/h3><div class=\"accordion-content\" style=\"padding:22px 0px 20px 13px;\"><p>El respeto a nuestros clientes y la atenci\u00f3n a sus necesidades son la base de nuestra filosof\u00eda. Eso es lo que hemos tenido en cuenta durante m\u00e1s de 10 a\u00f1os de nuestra experiencia \u00fanica en la creaci\u00f3n y expansi\u00f3n de negocios innovadores en la esfera del desarrollo y la fabricaci\u00f3n de hardware y software.<\/p>\n<p>Nuestras principales prioridades son la creaci\u00f3n de equipos vers\u00e1tiles, fiables y rentables, as\u00ed como el dise\u00f1o de nuevas soluciones para la gesti\u00f3n de recursos, el ahorro de energ\u00eda y la mejora de la eficiencia energ\u00e9tica tanto para uso privado como industrial. Hacemos todo lo posible para garantizar la alta calidad de nuestros productos y servicios, para lograr el reconocimiento y la lealtad de los clientes.<\/p>\n<\/div><\/div>\n<\/div>\r\n\t<div class=\"wprt-spacer clearfix\" data-desktop=\"60\" data-mobi=\"20\" data-smobi=\"20\"><\/div>[\/vc_column][\/vc_row]<\/p>\n","protected":false},"excerpt":{"rendered":"<p>[vc_row][vc_column][vc_row_inner gap=&#8221;35&#8243;][vc_column_inner width=&#8221;1\/2&#8243;][vc_column_text]En ADGT desarrollamos y fabricamos soluciones y sistemas inal\u00e1mbricos para la recopilaci\u00f3n, el procesamiento y la transmisi\u00f3n de datos a distancia a trav\u00e9s de redes m\u00f3viles. Adem\u00e1s, producimos software especial que hace que nuestros productos sean herramientas adaptables y flexibles para las peticiones de nuestros clientes. ADGT proporciona un ciclo de producci\u00f3n completo: desde el desarrollo del proyecto hasta el lanzamiento del producto final. Todo nuestro equipo se desarrolla sobre la base de componentes certificados de alta calidad de los principales fabricantes del mundo. El servicio de control de calidad asegura la durabilidad y fiabilidad de nuestros dispositivos.[\/vc_column_text][\/vc_column_inner][vc_column_inner width=&#8221;1\/2&#8243;][vc_single_image image=&#8221;5747&#8243; alignment=&#8221;center&#8221;][\/vc_column_inner][\/vc_row_inner][\/vc_column][\/vc_row][vc_row][vc_column width=&#8221;1\/2&#8243;][\/vc_column][vc_column width=&#8221;1\/2&#8243;][\/vc_column][\/vc_row]<\/p>\n","protected":false},"author":1,"featured_media":0,"parent":0,"menu_order":0,"comment_status":"closed","ping_status":"closed","template":"","meta":{"footnotes":""},"class_list":["post-7285","page","type-page","status-publish","hentry"],"yoast_head":"<!-- This site is optimized with the Yoast SEO plugin v23.5 - https:\/\/yoast.com\/wordpress\/plugins\/seo\/ -->\n<title>Sobre nosotros - ADGT<\/title>\n<meta name=\"robots\" content=\"index, follow, max-snippet:-1, max-image-preview:large, max-video-preview:-1\" \/>\n<link rel=\"canonical\" href=\"https:\/\/adgt.cz\/es\/about-us\/\" \/>\n<meta property=\"og:locale\" content=\"es_ES\" \/>\n<meta property=\"og:type\" content=\"article\" \/>\n<meta property=\"og:title\" content=\"Sobre nosotros - ADGT\" \/>\n<meta property=\"og:description\" content=\"[vc_row][vc_column][vc_row_inner gap=&#8221;35&#8243;][vc_column_inner width=&#8221;1\/2&#8243;][vc_column_text]En ADGT desarrollamos y fabricamos soluciones y sistemas inal\u00e1mbricos para la recopilaci\u00f3n, el procesamiento y la transmisi\u00f3n de datos a distancia a trav\u00e9s de redes m\u00f3viles. Adem\u00e1s, producimos software especial que hace que nuestros productos sean herramientas adaptables y flexibles para las peticiones de nuestros clientes. ADGT proporciona un ciclo de producci\u00f3n completo: desde el desarrollo del proyecto hasta el lanzamiento del producto final. Todo nuestro equipo se desarrolla sobre la base de componentes certificados de alta calidad de los principales fabricantes del mundo. El servicio de control de calidad asegura la durabilidad y fiabilidad de nuestros dispositivos.[\/vc_column_text][\/vc_column_inner][vc_column_inner width=&#8221;1\/2&#8243;][vc_single_image image=&#8221;5747&#8243; alignment=&#8221;center&#8221;][\/vc_column_inner][\/vc_row_inner][\/vc_column][\/vc_row][vc_row][vc_column width=&#8221;1\/2&#8243;][\/vc_column][vc_column width=&#8221;1\/2&#8243;][\/vc_column][\/vc_row]\" \/>\n<meta property=\"og:url\" content=\"https:\/\/adgt.cz\/es\/about-us\/\" \/>\n<meta property=\"og:site_name\" content=\"ADGT\" \/>\n<meta property=\"article:modified_time\" content=\"2021-05-21T12:37:44+00:00\" \/>\n<meta name=\"twitter:card\" content=\"summary_large_image\" \/>\n<meta name=\"twitter:label1\" content=\"Tiempo de lectura\" \/>\n\t<meta name=\"twitter:data1\" content=\"4 minutos\" \/>\n<script type=\"application\/ld+json\" class=\"yoast-schema-graph\">{\"@context\":\"https:\/\/schema.org\",\"@graph\":[{\"@type\":\"WebPage\",\"@id\":\"https:\/\/adgt.cz\/es\/about-us\/\",\"url\":\"https:\/\/adgt.cz\/es\/about-us\/\",\"name\":\"Sobre nosotros - ADGT\",\"isPartOf\":{\"@id\":\"https:\/\/adgt.cz\/es\/#website\"},\"datePublished\":\"2020-11-18T11:55:07+00:00\",\"dateModified\":\"2021-05-21T12:37:44+00:00\",\"breadcrumb\":{\"@id\":\"https:\/\/adgt.cz\/es\/about-us\/#breadcrumb\"},\"inLanguage\":\"es\",\"potentialAction\":[{\"@type\":\"ReadAction\",\"target\":[\"https:\/\/adgt.cz\/es\/about-us\/\"]}]},{\"@type\":\"BreadcrumbList\",\"@id\":\"https:\/\/adgt.cz\/es\/about-us\/#breadcrumb\",\"itemListElement\":[{\"@type\":\"ListItem\",\"position\":1,\"name\":\"Home\",\"item\":\"https:\/\/adgt.cz\/es\/\"},{\"@type\":\"ListItem\",\"position\":2,\"name\":\"Sobre nosotros\"}]},{\"@type\":\"WebSite\",\"@id\":\"https:\/\/adgt.cz\/es\/#website\",\"url\":\"https:\/\/adgt.cz\/es\/\",\"name\":\"ADGT\",\"description\":\"Just another WordPress site\",\"publisher\":{\"@id\":\"https:\/\/adgt.cz\/es\/#organization\"},\"potentialAction\":[{\"@type\":\"SearchAction\",\"target\":{\"@type\":\"EntryPoint\",\"urlTemplate\":\"https:\/\/adgt.cz\/es\/?s={search_term_string}\"},\"query-input\":{\"@type\":\"PropertyValueSpecification\",\"valueRequired\":true,\"valueName\":\"search_term_string\"}}],\"inLanguage\":\"es\"},{\"@type\":\"Organization\",\"@id\":\"https:\/\/adgt.cz\/es\/#organization\",\"name\":\"ADGT\",\"url\":\"https:\/\/adgt.cz\/es\/\",\"logo\":{\"@type\":\"ImageObject\",\"inLanguage\":\"es\",\"@id\":\"https:\/\/adgt.cz\/es\/#\/schema\/logo\/image\/\",\"url\":\"https:\/\/adgt.cz\/wp-content\/uploads\/2020\/09\/ADGT_logo_Magenta.png\",\"contentUrl\":\"https:\/\/adgt.cz\/wp-content\/uploads\/2020\/09\/ADGT_logo_Magenta.png\",\"width\":798,\"height\":208,\"caption\":\"ADGT\"},\"image\":{\"@id\":\"https:\/\/adgt.cz\/es\/#\/schema\/logo\/image\/\"}}]}<\/script>\n<!-- \/ Yoast SEO plugin. -->","yoast_head_json":{"title":"Sobre nosotros - ADGT","robots":{"index":"index","follow":"follow","max-snippet":"max-snippet:-1","max-image-preview":"max-image-preview:large","max-video-preview":"max-video-preview:-1"},"canonical":"https:\/\/adgt.cz\/es\/about-us\/","og_locale":"es_ES","og_type":"article","og_title":"Sobre nosotros - ADGT","og_description":"[vc_row][vc_column][vc_row_inner gap=&#8221;35&#8243;][vc_column_inner width=&#8221;1\/2&#8243;][vc_column_text]En ADGT desarrollamos y fabricamos soluciones y sistemas inal\u00e1mbricos para la recopilaci\u00f3n, el procesamiento y la transmisi\u00f3n de datos a distancia a trav\u00e9s de redes m\u00f3viles. Adem\u00e1s, producimos software especial que hace que nuestros productos sean herramientas adaptables y flexibles para las peticiones de nuestros clientes. ADGT proporciona un ciclo de producci\u00f3n completo: desde el desarrollo del proyecto hasta el lanzamiento del producto final. Todo nuestro equipo se desarrolla sobre la base de componentes certificados de alta calidad de los principales fabricantes del mundo. El servicio de control de calidad asegura la durabilidad y fiabilidad de nuestros dispositivos.[\/vc_column_text][\/vc_column_inner][vc_column_inner width=&#8221;1\/2&#8243;][vc_single_image image=&#8221;5747&#8243; alignment=&#8221;center&#8221;][\/vc_column_inner][\/vc_row_inner][\/vc_column][\/vc_row][vc_row][vc_column width=&#8221;1\/2&#8243;][\/vc_column][vc_column width=&#8221;1\/2&#8243;][\/vc_column][\/vc_row]","og_url":"https:\/\/adgt.cz\/es\/about-us\/","og_site_name":"ADGT","article_modified_time":"2021-05-21T12:37:44+00:00","twitter_card":"summary_large_image","twitter_misc":{"Tiempo de lectura":"4 minutos"},"schema":{"@context":"https:\/\/schema.org","@graph":[{"@type":"WebPage","@id":"https:\/\/adgt.cz\/es\/about-us\/","url":"https:\/\/adgt.cz\/es\/about-us\/","name":"Sobre nosotros - ADGT","isPartOf":{"@id":"https:\/\/adgt.cz\/es\/#website"},"datePublished":"2020-11-18T11:55:07+00:00","dateModified":"2021-05-21T12:37:44+00:00","breadcrumb":{"@id":"https:\/\/adgt.cz\/es\/about-us\/#breadcrumb"},"inLanguage":"es","potentialAction":[{"@type":"ReadAction","target":["https:\/\/adgt.cz\/es\/about-us\/"]}]},{"@type":"BreadcrumbList","@id":"https:\/\/adgt.cz\/es\/about-us\/#breadcrumb","itemListElement":[{"@type":"ListItem","position":1,"name":"Home","item":"https:\/\/adgt.cz\/es\/"},{"@type":"ListItem","position":2,"name":"Sobre nosotros"}]},{"@type":"WebSite","@id":"https:\/\/adgt.cz\/es\/#website","url":"https:\/\/adgt.cz\/es\/","name":"ADGT","description":"Just another WordPress site","publisher":{"@id":"https:\/\/adgt.cz\/es\/#organization"},"potentialAction":[{"@type":"SearchAction","target":{"@type":"EntryPoint","urlTemplate":"https:\/\/adgt.cz\/es\/?s={search_term_string}"},"query-input":{"@type":"PropertyValueSpecification","valueRequired":true,"valueName":"search_term_string"}}],"inLanguage":"es"},{"@type":"Organization","@id":"https:\/\/adgt.cz\/es\/#organization","name":"ADGT","url":"https:\/\/adgt.cz\/es\/","logo":{"@type":"ImageObject","inLanguage":"es","@id":"https:\/\/adgt.cz\/es\/#\/schema\/logo\/image\/","url":"https:\/\/adgt.cz\/wp-content\/uploads\/2020\/09\/ADGT_logo_Magenta.png","contentUrl":"https:\/\/adgt.cz\/wp-content\/uploads\/2020\/09\/ADGT_logo_Magenta.png","width":798,"height":208,"caption":"ADGT"},"image":{"@id":"https:\/\/adgt.cz\/es\/#\/schema\/logo\/image\/"}}]}},"_links":{"self":[{"href":"https:\/\/adgt.cz\/es\/wp-json\/wp\/v2\/pages\/7285"}],"collection":[{"href":"https:\/\/adgt.cz\/es\/wp-json\/wp\/v2\/pages"}],"about":[{"href":"https:\/\/adgt.cz\/es\/wp-json\/wp\/v2\/types\/page"}],"author":[{"embeddable":true,"href":"https:\/\/adgt.cz\/es\/wp-json\/wp\/v2\/users\/1"}],"replies":[{"embeddable":true,"href":"https:\/\/adgt.cz\/es\/wp-json\/wp\/v2\/comments?post=7285"}],"version-history":[{"count":2,"href":"https:\/\/adgt.cz\/es\/wp-json\/wp\/v2\/pages\/7285\/revisions"}],"predecessor-version":[{"id":11892,"href":"https:\/\/adgt.cz\/es\/wp-json\/wp\/v2\/pages\/7285\/revisions\/11892"}],"wp:attachment":[{"href":"https:\/\/adgt.cz\/es\/wp-json\/wp\/v2\/media?parent=7285"}],"curies":[{"name":"wp","href":"https:\/\/api.w.org\/{rel}","templated":true}]}}