{"id":12818,"date":"2021-03-11T13:51:29","date_gmt":"2021-09-16T12:23:20","guid":{"rendered":"https:\/\/adgt.cz\/?post_type=product&#038;p=12818"},"modified":"2022-03-21T09:33:19","modified_gmt":"2022-03-21T09:33:19","slug":"dtu320-u","status":"publish","type":"product","link":"https:\/\/adgt.cz\/de\/products\/data-loggers\/nb-iot-data-loggers\/dtu320-u\/","title":{"rendered":"DTU320-U"},"content":{"rendered":"<p>Batteriebetriebener NB-IoT-Datenlogger mit niedrigem Stromverbrauch und 4 Kan\u00e4len in einem wasserdichten IP65-Geh\u00e4use. Entwickelt f\u00fcr Fernmess- und \u00dcberwachungsanwendungen. Das Ger\u00e4t sammelt Verbrauchsdaten von Impulsausgangsz\u00e4hlern und Sensoren, speichert die Messwerte in einem nichtfl\u00fcchtigen Speicher und \u00fcbertr\u00e4gt die Daten \u00fcber ein NB-IoT-Netzwerk an einen Dispatching-Server. Geeignet f\u00fcr die Messung von Wasser, Gas und Strom.<\/p>\n<p>\u2014 Kontinuierlicher Betrieb von 10 Jahren und mehr durch interne 13000 mAh oder 19000 mAh Batterie (siehe Optionen)<br \/>\n\u2014 Daten\u00fcbertragung \u00fcber NB-IoT (UDP) nach konfigurierbarem Zeitplan<br \/>\n\u2014 Zwei SIM-Karten-Steckpl\u00e4tze<br \/>\n\u2014 Interne 698~4000 MHz Antenne<br \/>\n\u2014 IP65 wasserdichtes Kunststoffgeh\u00e4use<br \/>\n\u2014 4 x Impulsz\u00e4hleing\u00e4nge, 2 Bin\u00e4reing\u00e4nge<br \/>\n\u2014 Einfache Konfiguration: \u00fcber serielle RS-232-Schnittstelle (oder \u00fcber Mini-USB-Schnittstelle mit dem <a href=\"https:\/\/adgt.cz\/de\/products\/converters\/usb-converters\/cm10\/\" target=\"_blank\" rel=\"noopener noreferrer\">CDM10 Seriell-zu-USB-Konverter<\/a>) sowie Fernkonfiguration \u00fcber die kostenlose <a href=\"https:\/\/adgt.cz\/de\/products\/software\/iot24-eu-cloud-software-platform\/\" target=\"_blank\" rel=\"noopener noreferrer\">IOT24.EU Cloud Software Platform<\/a> Web-Interface<br \/>\n\u2014 <a href=\"https:\/\/adgt.cz\/de\/products\/software\/iot24-eu-cloud-software-platform\/\" target=\"_blank\" rel=\"noopener noreferrer\">IOT24.EU Cloud Software Platform<\/a> f\u00fcr den Datenfernzugriff \u00fcber ein Webinterface<\/p>\n","protected":false},"excerpt":{"rendered":"<p>Batteriebetriebener NB-IoT-Datenlogger mit niedrigem Stromverbrauch und 4 Kan\u00e4len in einem wasserdichten IP65-Geh\u00e4use.<\/p>\n<ul>\n<li>Dauerbetrieb von 10+ Jahren mit einer internen 13.000 mAh oder 19.000 mAh Batterie (siehe Optionen)<\/li>\n<li>Daten\u00fcbertragung \u00fcber NB-IoT (UDP) nach einem konfigurierbaren Zeitplan<\/li>\n<li>Zwei SIM-Kartensteckpl\u00e4tze<\/li>\n<li>698~4000 MHz interne Antenne<\/li>\n<li>Wasserdichtes Kunststoffgeh\u00e4use IP65<\/li>\n<li>4 x Impulsz\u00e4hleing\u00e4nge, 2 Bin\u00e4reing\u00e4nge<\/li>\n<li>24\/7-Zugang zu den Daten \u00fcber die <a href=\"https:\/\/adgt.cz\/de\/products\/software\/iot24-eu-cloud-software-platform\/\" target=\"_blank\" rel=\"noopener noreferrer\">IOT24.EU Cloud Software Platform<\/a><\/li>\n<\/ul>\n<p>Das Ger\u00e4t sammelt Verbrauchsdaten von Impulsausgangsz\u00e4hlern und Sensoren, speichert die Messwerte in einem nichtfl\u00fcchtigen Speicher und \u00fcbertr\u00e4gt die Daten \u00fcber das NB-IoT-Netzwerk. Geeignet f\u00fcr Wasser-, Gas- und Stromz\u00e4hler.<\/p>\n","protected":false},"featured_media":14509,"comment_status":"closed","ping_status":"closed","template":"","meta":[],"product_cat":[165,486],"product_tag":[],"class_list":{"0":"post-12818","1":"product","2":"type-product","3":"status-publish","4":"has-post-thumbnail","6":"product_cat-data-loggers","7":"product_cat-nb-iot-data-loggers","9":"first","10":"instock","11":"shipping-taxable","12":"purchasable","13":"product-type-variable","14":"has-default-attributes"},"yoast_head":"<!-- This site is optimized with the Yoast SEO plugin v23.5 - https:\/\/yoast.com\/wordpress\/plugins\/seo\/ -->\n<title>DTU320-U - ADGT<\/title>\n<meta name=\"robots\" content=\"index, follow, max-snippet:-1, max-image-preview:large, max-video-preview:-1\" \/>\n<link rel=\"canonical\" href=\"https:\/\/adgt.cz\/de\/products\/data-loggers\/nb-iot-data-loggers\/dtu320-u\/\" \/>\n<meta property=\"og:locale\" content=\"de_DE\" \/>\n<meta property=\"og:type\" content=\"article\" \/>\n<meta property=\"og:title\" content=\"DTU320-U - ADGT\" \/>\n<meta property=\"og:description\" content=\"Batteriebetriebener NB-IoT-Datenlogger mit niedrigem Stromverbrauch und 4 Kan\u00e4len in einem wasserdichten IP65-Geh\u00e4use.   Dauerbetrieb von 10+ Jahren mit einer internen 13.000 mAh oder 19.000 mAh Batterie (siehe Optionen)  Daten\u00fcbertragung \u00fcber NB-IoT (UDP) nach einem konfigurierbaren Zeitplan  Zwei SIM-Kartensteckpl\u00e4tze  698~4000 MHz interne Antenne  Wasserdichtes Kunststoffgeh\u00e4use IP65  4 x Impulsz\u00e4hleing\u00e4nge, 2 Bin\u00e4reing\u00e4nge  24\/7-Zugang zu den Daten \u00fcber die IOT24.EU Cloud Software Platform  Das Ger\u00e4t sammelt Verbrauchsdaten von Impulsausgangsz\u00e4hlern und Sensoren, speichert die Messwerte in einem nichtfl\u00fcchtigen Speicher und \u00fcbertr\u00e4gt die Daten \u00fcber das NB-IoT-Netzwerk. Geeignet f\u00fcr Wasser-, Gas- und Stromz\u00e4hler.\" \/>\n<meta property=\"og:url\" content=\"https:\/\/adgt.cz\/de\/products\/data-loggers\/nb-iot-data-loggers\/dtu320-u\/\" \/>\n<meta property=\"og:site_name\" content=\"ADGT\" \/>\n<meta property=\"article:modified_time\" content=\"2022-03-21T09:33:19+00:00\" \/>\n<meta property=\"og:image\" content=\"https:\/\/adgt.cz\/wp-content\/uploads\/2022\/06\/DTU320-U-IP65.jpg\" \/>\n\t<meta property=\"og:image:width\" content=\"1200\" \/>\n\t<meta property=\"og:image:height\" content=\"1200\" \/>\n\t<meta property=\"og:image:type\" content=\"image\/jpeg\" \/>\n<meta name=\"twitter:card\" content=\"summary_large_image\" \/>\n<meta name=\"twitter:label1\" content=\"Gesch\u00e4tzte Lesezeit\" \/>\n\t<meta name=\"twitter:data1\" content=\"1\u00a0Minute\" \/>\n<script type=\"application\/ld+json\" class=\"yoast-schema-graph\">{\"@context\":\"https:\/\/schema.org\",\"@graph\":[{\"@type\":\"WebPage\",\"@id\":\"https:\/\/adgt.cz\/de\/products\/data-loggers\/nb-iot-data-loggers\/dtu320-u\/\",\"url\":\"https:\/\/adgt.cz\/de\/products\/data-loggers\/nb-iot-data-loggers\/dtu320-u\/\",\"name\":\"DTU320-U - ADGT\",\"isPartOf\":{\"@id\":\"https:\/\/adgt.cz\/de\/#website\"},\"primaryImageOfPage\":{\"@id\":\"https:\/\/adgt.cz\/de\/products\/data-loggers\/nb-iot-data-loggers\/dtu320-u\/#primaryimage\"},\"image\":{\"@id\":\"https:\/\/adgt.cz\/de\/products\/data-loggers\/nb-iot-data-loggers\/dtu320-u\/#primaryimage\"},\"thumbnailUrl\":\"https:\/\/adgt.cz\/wp-content\/uploads\/2022\/06\/DTU320-U-IP65.jpg\",\"datePublished\":\"2021-09-16T12:23:20+00:00\",\"dateModified\":\"2022-03-21T09:33:19+00:00\",\"breadcrumb\":{\"@id\":\"https:\/\/adgt.cz\/de\/products\/data-loggers\/nb-iot-data-loggers\/dtu320-u\/#breadcrumb\"},\"inLanguage\":\"de\",\"potentialAction\":[{\"@type\":\"ReadAction\",\"target\":[\"https:\/\/adgt.cz\/de\/products\/data-loggers\/nb-iot-data-loggers\/dtu320-u\/\"]}]},{\"@type\":\"ImageObject\",\"inLanguage\":\"de\",\"@id\":\"https:\/\/adgt.cz\/de\/products\/data-loggers\/nb-iot-data-loggers\/dtu320-u\/#primaryimage\",\"url\":\"https:\/\/adgt.cz\/wp-content\/uploads\/2022\/06\/DTU320-U-IP65.jpg\",\"contentUrl\":\"https:\/\/adgt.cz\/wp-content\/uploads\/2022\/06\/DTU320-U-IP65.jpg\",\"width\":1200,\"height\":1200,\"caption\":\"Data logger DTU320-U\"},{\"@type\":\"BreadcrumbList\",\"@id\":\"https:\/\/adgt.cz\/de\/products\/data-loggers\/nb-iot-data-loggers\/dtu320-u\/#breadcrumb\",\"itemListElement\":[{\"@type\":\"ListItem\",\"position\":1,\"name\":\"Home\",\"item\":\"https:\/\/adgt.cz\/de\/\"},{\"@type\":\"ListItem\",\"position\":2,\"name\":\"PRODUKTE\",\"item\":\"https:\/\/adgt.cz\/products\/\"},{\"@type\":\"ListItem\",\"position\":3,\"name\":\"Datenlogger\",\"item\":\"https:\/\/adgt.cz\/de\/product-category\/data-loggers\/\"},{\"@type\":\"ListItem\",\"position\":4,\"name\":\"NB-IoT-Datenlogger\",\"item\":\"https:\/\/adgt.cz\/de\/product-category\/data-loggers\/nb-iot-data-loggers\/\"},{\"@type\":\"ListItem\",\"position\":5,\"name\":\"DTU320-U\"}]},{\"@type\":\"WebSite\",\"@id\":\"https:\/\/adgt.cz\/de\/#website\",\"url\":\"https:\/\/adgt.cz\/de\/\",\"name\":\"ADGT\",\"description\":\"Just another WordPress site\",\"publisher\":{\"@id\":\"https:\/\/adgt.cz\/de\/#organization\"},\"potentialAction\":[{\"@type\":\"SearchAction\",\"target\":{\"@type\":\"EntryPoint\",\"urlTemplate\":\"https:\/\/adgt.cz\/de\/?s={search_term_string}\"},\"query-input\":{\"@type\":\"PropertyValueSpecification\",\"valueRequired\":true,\"valueName\":\"search_term_string\"}}],\"inLanguage\":\"de\"},{\"@type\":\"Organization\",\"@id\":\"https:\/\/adgt.cz\/de\/#organization\",\"name\":\"ADGT\",\"url\":\"https:\/\/adgt.cz\/de\/\",\"logo\":{\"@type\":\"ImageObject\",\"inLanguage\":\"de\",\"@id\":\"https:\/\/adgt.cz\/de\/#\/schema\/logo\/image\/\",\"url\":\"https:\/\/adgt.cz\/wp-content\/uploads\/2020\/09\/ADGT_logo_Magenta.png\",\"contentUrl\":\"https:\/\/adgt.cz\/wp-content\/uploads\/2020\/09\/ADGT_logo_Magenta.png\",\"width\":798,\"height\":208,\"caption\":\"ADGT\"},\"image\":{\"@id\":\"https:\/\/adgt.cz\/de\/#\/schema\/logo\/image\/\"}}]}<\/script>\n<!-- \/ Yoast SEO plugin. -->","yoast_head_json":{"title":"DTU320-U - ADGT","robots":{"index":"index","follow":"follow","max-snippet":"max-snippet:-1","max-image-preview":"max-image-preview:large","max-video-preview":"max-video-preview:-1"},"canonical":"https:\/\/adgt.cz\/de\/products\/data-loggers\/nb-iot-data-loggers\/dtu320-u\/","og_locale":"de_DE","og_type":"article","og_title":"DTU320-U - ADGT","og_description":"Batteriebetriebener NB-IoT-Datenlogger mit niedrigem Stromverbrauch und 4 Kan\u00e4len in einem wasserdichten IP65-Geh\u00e4use.   Dauerbetrieb von 10+ Jahren mit einer internen 13.000 mAh oder 19.000 mAh Batterie (siehe Optionen)  Daten\u00fcbertragung \u00fcber NB-IoT (UDP) nach einem konfigurierbaren Zeitplan  Zwei SIM-Kartensteckpl\u00e4tze  698~4000 MHz interne Antenne  Wasserdichtes Kunststoffgeh\u00e4use IP65  4 x Impulsz\u00e4hleing\u00e4nge, 2 Bin\u00e4reing\u00e4nge  24\/7-Zugang zu den Daten \u00fcber die IOT24.EU Cloud Software Platform  Das Ger\u00e4t sammelt Verbrauchsdaten von Impulsausgangsz\u00e4hlern und Sensoren, speichert die Messwerte in einem nichtfl\u00fcchtigen Speicher und \u00fcbertr\u00e4gt die Daten \u00fcber das NB-IoT-Netzwerk. Geeignet f\u00fcr Wasser-, Gas- und Stromz\u00e4hler.","og_url":"https:\/\/adgt.cz\/de\/products\/data-loggers\/nb-iot-data-loggers\/dtu320-u\/","og_site_name":"ADGT","article_modified_time":"2022-03-21T09:33:19+00:00","og_image":[{"width":1200,"height":1200,"url":"https:\/\/adgt.cz\/wp-content\/uploads\/2022\/06\/DTU320-U-IP65.jpg","type":"image\/jpeg"}],"twitter_card":"summary_large_image","twitter_misc":{"Gesch\u00e4tzte Lesezeit":"1\u00a0Minute"},"schema":{"@context":"https:\/\/schema.org","@graph":[{"@type":"WebPage","@id":"https:\/\/adgt.cz\/de\/products\/data-loggers\/nb-iot-data-loggers\/dtu320-u\/","url":"https:\/\/adgt.cz\/de\/products\/data-loggers\/nb-iot-data-loggers\/dtu320-u\/","name":"DTU320-U - ADGT","isPartOf":{"@id":"https:\/\/adgt.cz\/de\/#website"},"primaryImageOfPage":{"@id":"https:\/\/adgt.cz\/de\/products\/data-loggers\/nb-iot-data-loggers\/dtu320-u\/#primaryimage"},"image":{"@id":"https:\/\/adgt.cz\/de\/products\/data-loggers\/nb-iot-data-loggers\/dtu320-u\/#primaryimage"},"thumbnailUrl":"https:\/\/adgt.cz\/wp-content\/uploads\/2022\/06\/DTU320-U-IP65.jpg","datePublished":"2021-09-16T12:23:20+00:00","dateModified":"2022-03-21T09:33:19+00:00","breadcrumb":{"@id":"https:\/\/adgt.cz\/de\/products\/data-loggers\/nb-iot-data-loggers\/dtu320-u\/#breadcrumb"},"inLanguage":"de","potentialAction":[{"@type":"ReadAction","target":["https:\/\/adgt.cz\/de\/products\/data-loggers\/nb-iot-data-loggers\/dtu320-u\/"]}]},{"@type":"ImageObject","inLanguage":"de","@id":"https:\/\/adgt.cz\/de\/products\/data-loggers\/nb-iot-data-loggers\/dtu320-u\/#primaryimage","url":"https:\/\/adgt.cz\/wp-content\/uploads\/2022\/06\/DTU320-U-IP65.jpg","contentUrl":"https:\/\/adgt.cz\/wp-content\/uploads\/2022\/06\/DTU320-U-IP65.jpg","width":1200,"height":1200,"caption":"Data logger DTU320-U"},{"@type":"BreadcrumbList","@id":"https:\/\/adgt.cz\/de\/products\/data-loggers\/nb-iot-data-loggers\/dtu320-u\/#breadcrumb","itemListElement":[{"@type":"ListItem","position":1,"name":"Home","item":"https:\/\/adgt.cz\/de\/"},{"@type":"ListItem","position":2,"name":"PRODUKTE","item":"https:\/\/adgt.cz\/products\/"},{"@type":"ListItem","position":3,"name":"Datenlogger","item":"https:\/\/adgt.cz\/de\/product-category\/data-loggers\/"},{"@type":"ListItem","position":4,"name":"NB-IoT-Datenlogger","item":"https:\/\/adgt.cz\/de\/product-category\/data-loggers\/nb-iot-data-loggers\/"},{"@type":"ListItem","position":5,"name":"DTU320-U"}]},{"@type":"WebSite","@id":"https:\/\/adgt.cz\/de\/#website","url":"https:\/\/adgt.cz\/de\/","name":"ADGT","description":"Just another WordPress site","publisher":{"@id":"https:\/\/adgt.cz\/de\/#organization"},"potentialAction":[{"@type":"SearchAction","target":{"@type":"EntryPoint","urlTemplate":"https:\/\/adgt.cz\/de\/?s={search_term_string}"},"query-input":{"@type":"PropertyValueSpecification","valueRequired":true,"valueName":"search_term_string"}}],"inLanguage":"de"},{"@type":"Organization","@id":"https:\/\/adgt.cz\/de\/#organization","name":"ADGT","url":"https:\/\/adgt.cz\/de\/","logo":{"@type":"ImageObject","inLanguage":"de","@id":"https:\/\/adgt.cz\/de\/#\/schema\/logo\/image\/","url":"https:\/\/adgt.cz\/wp-content\/uploads\/2020\/09\/ADGT_logo_Magenta.png","contentUrl":"https:\/\/adgt.cz\/wp-content\/uploads\/2020\/09\/ADGT_logo_Magenta.png","width":798,"height":208,"caption":"ADGT"},"image":{"@id":"https:\/\/adgt.cz\/de\/#\/schema\/logo\/image\/"}}]}},"_links":{"self":[{"href":"https:\/\/adgt.cz\/de\/wp-json\/wp\/v2\/product\/12818"}],"collection":[{"href":"https:\/\/adgt.cz\/de\/wp-json\/wp\/v2\/product"}],"about":[{"href":"https:\/\/adgt.cz\/de\/wp-json\/wp\/v2\/types\/product"}],"replies":[{"embeddable":true,"href":"https:\/\/adgt.cz\/de\/wp-json\/wp\/v2\/comments?post=12818"}],"wp:featuredmedia":[{"embeddable":true,"href":"https:\/\/adgt.cz\/de\/wp-json\/wp\/v2\/media\/14509"}],"wp:attachment":[{"href":"https:\/\/adgt.cz\/de\/wp-json\/wp\/v2\/media?parent=12818"}],"wp:term":[{"taxonomy":"product_cat","embeddable":true,"href":"https:\/\/adgt.cz\/de\/wp-json\/wp\/v2\/product_cat?post=12818"},{"taxonomy":"product_tag","embeddable":true,"href":"https:\/\/adgt.cz\/de\/wp-json\/wp\/v2\/product_tag?post=12818"}],"curies":[{"name":"wp","href":"https:\/\/api.w.org\/{rel}","templated":true}]}}