{"id":12765,"date":"2021-06-15T14:59:10","date_gmt":"2021-09-16T09:10:33","guid":{"rendered":"https:\/\/adgt.cz\/?post_type=product&#038;p=12765"},"modified":"2022-03-21T09:20:52","modified_gmt":"2022-03-21T09:20:52","slug":"dtu317","status":"publish","type":"product","link":"https:\/\/adgt.cz\/de\/products\/data-loggers\/gprs-data-loggers\/dtu317\/","title":{"rendered":"DTU317"},"content":{"rendered":"<p>Batteriebetriebener 4-Kanal-GPRS-Datenlogger. Konzipiert f\u00fcr Fernmess- und \u00dcberwachungsanwendungen. Das Ger\u00e4t sammelt Verbrauchsdaten von Z\u00e4hlern und Impulsgebern, speichert die Messwerte in einem nichtfl\u00fcchtigen Speicher und \u00fcbertr\u00e4gt die Daten \u00fcber das GPRS-Netz an den Dispatch-Server. Geeignet f\u00fcr Wasser-, Gas- und Stromz\u00e4hler.<\/p>\n<p>\u2014 4 x Impulsz\u00e4hleing\u00e4nge, 2 x Bin\u00e4reing\u00e4nge<br \/>\n\u2014 Ununterbrochener Betrieb bis zu 10 Jahren dank des internen 13.000-mAh-Akkus<br \/>\n\u2014 Daten\u00fcbertragung \u00fcber GPRS\/TCP nach einem konfigurierbaren Zeitplan<br \/>\n\u2014 Zwei SIM-Kartensteckpl\u00e4tze<br \/>\n\u2014 Externer SMA(f)-Anschluss<br \/>\n\u2014 Wasserdichtes Kunststoffgeh\u00e4use IP65\/IP68 (siehe Optionen)<br \/>\n\u2014 Konfigurierbare Abfragefrequenz: 2 Hz\/20 Hz<br \/>\n\u2014 Einfache Konfiguration: \u00fcber serielle RS-232-Schnittstelle (oder \u00fcber Mini-USB-Schnittstelle mit dem <a href=\"https:\/\/adgt.cz\/de\/products\/converters\/usb-converters\/cm10\/\" target=\"_blank\" rel=\"noopener noreferrer\">CDM10 Seriell-zu-USB-Konverter<\/a>) sowie Fernkonfiguration \u00fcber die kostenlose <a href=\"https:\/\/adgt.cz\/de\/products\/software\/iot24-eu-cloud-software-platform\/\" target=\"_blank\" rel=\"noopener noreferrer\">IOT24.EU Cloud Software Platform<\/a> Web-Interface<br \/>\n\u2014 <a href=\"https:\/\/adgt.cz\/de\/products\/software\/iot24-eu-cloud-software-platform\/\" target=\"_blank\" rel=\"noopener noreferrer\">IOT24.EU Cloud Software Platform<\/a> f\u00fcr den Datenfernzugriff \u00fcber ein Webinterface<\/p>\n","protected":false},"excerpt":{"rendered":"<p>Batteriebetriebener 4-Kanal-GPRS-Datenlogger im wasserdichten IP65\/IP68-Geh\u00e4use.<\/p>\n<ul>\n<li>Ununterbrochener Betrieb bis zu 10 Jahren dank des internen 13.000-mAh-Akkus<\/li>\n<li>Daten\u00fcbertragung \u00fcber GPRS\/TCP nach einem konfigurierbaren Zeitplan<\/li>\n<li>Zwei SIM-Kartensteckpl\u00e4tze<\/li>\n<li>Externer SMA(f)-Anschluss<\/li>\n<li>Wasserdichtes Kunststoffgeh\u00e4use IP65\/IP68 (siehe Optionen)<\/li>\n<li>4 x Impulsz\u00e4hleing\u00e4nge, 2 Bin\u00e4reing\u00e4nge<\/li>\n<li>24\/7-Zugang zu den Daten \u00fcber die <a href=\"https:\/\/adgt.cz\/de\/products\/software\/iot24-eu-cloud-software-platform\/\" target=\"_blank\" rel=\"noopener noreferrer\">IOT24.EU Cloud Software Platform<\/a><\/li>\n<\/ul>\n<p>Das Ger\u00e4t sammelt Verbrauchsdaten von Impulsausgangsz\u00e4hlern und Sensoren, speichert die Messwerte in einem nichtfl\u00fcchtigen Speicher und \u00fcbertr\u00e4gt die Daten \u00fcber das GPRS-Netz. Geeignet f\u00fcr Wasser-, Gas- und Stromz\u00e4hler.<\/p>\n","protected":false},"featured_media":14502,"comment_status":"closed","ping_status":"closed","template":"","meta":[],"product_cat":[165,176],"product_tag":[],"class_list":{"0":"post-12765","1":"product","2":"type-product","3":"status-publish","4":"has-post-thumbnail","6":"product_cat-data-loggers","7":"product_cat-gprs-data-loggers","9":"first","10":"instock","11":"shipping-taxable","12":"purchasable","13":"product-type-variable","14":"has-default-attributes"},"yoast_head":"<!-- This site is optimized with the Yoast SEO plugin v23.5 - https:\/\/yoast.com\/wordpress\/plugins\/seo\/ -->\n<title>DTU317 - ADGT<\/title>\n<meta name=\"robots\" content=\"index, follow, max-snippet:-1, max-image-preview:large, max-video-preview:-1\" \/>\n<link rel=\"canonical\" href=\"https:\/\/adgt.cz\/de\/products\/data-loggers\/gprs-data-loggers\/dtu317\/\" \/>\n<meta property=\"og:locale\" content=\"de_DE\" \/>\n<meta property=\"og:type\" content=\"article\" \/>\n<meta property=\"og:title\" content=\"DTU317 - ADGT\" \/>\n<meta property=\"og:description\" content=\"Batteriebetriebener 4-Kanal-GPRS-Datenlogger im wasserdichten IP65\/IP68-Geh\u00e4use.   Ununterbrochener Betrieb bis zu 10 Jahren dank des internen 13.000-mAh-Akkus  Daten\u00fcbertragung \u00fcber GPRS\/TCP nach einem konfigurierbaren Zeitplan  Zwei SIM-Kartensteckpl\u00e4tze  Externer SMA(f)-Anschluss  Wasserdichtes Kunststoffgeh\u00e4use IP65\/IP68 (siehe Optionen)  4 x Impulsz\u00e4hleing\u00e4nge, 2 Bin\u00e4reing\u00e4nge  24\/7-Zugang zu den Daten \u00fcber die IOT24.EU Cloud Software Platform  Das Ger\u00e4t sammelt Verbrauchsdaten von Impulsausgangsz\u00e4hlern und Sensoren, speichert die Messwerte in einem nichtfl\u00fcchtigen Speicher und \u00fcbertr\u00e4gt die Daten \u00fcber das GPRS-Netz. Geeignet f\u00fcr Wasser-, Gas- und Stromz\u00e4hler.\" \/>\n<meta property=\"og:url\" content=\"https:\/\/adgt.cz\/de\/products\/data-loggers\/gprs-data-loggers\/dtu317\/\" \/>\n<meta property=\"og:site_name\" content=\"ADGT\" \/>\n<meta property=\"article:modified_time\" content=\"2022-03-21T09:20:52+00:00\" \/>\n<meta property=\"og:image\" content=\"https:\/\/adgt.cz\/wp-content\/uploads\/2022\/06\/DTU317-IP65-SMA.jpg\" \/>\n\t<meta property=\"og:image:width\" content=\"1200\" \/>\n\t<meta property=\"og:image:height\" content=\"1200\" \/>\n\t<meta property=\"og:image:type\" content=\"image\/jpeg\" \/>\n<meta name=\"twitter:card\" content=\"summary_large_image\" \/>\n<meta name=\"twitter:label1\" content=\"Gesch\u00e4tzte Lesezeit\" \/>\n\t<meta name=\"twitter:data1\" content=\"1\u00a0Minute\" \/>\n<script type=\"application\/ld+json\" class=\"yoast-schema-graph\">{\"@context\":\"https:\/\/schema.org\",\"@graph\":[{\"@type\":\"WebPage\",\"@id\":\"https:\/\/adgt.cz\/de\/products\/data-loggers\/gprs-data-loggers\/dtu317\/\",\"url\":\"https:\/\/adgt.cz\/de\/products\/data-loggers\/gprs-data-loggers\/dtu317\/\",\"name\":\"DTU317 - ADGT\",\"isPartOf\":{\"@id\":\"https:\/\/adgt.cz\/de\/#website\"},\"primaryImageOfPage\":{\"@id\":\"https:\/\/adgt.cz\/de\/products\/data-loggers\/gprs-data-loggers\/dtu317\/#primaryimage\"},\"image\":{\"@id\":\"https:\/\/adgt.cz\/de\/products\/data-loggers\/gprs-data-loggers\/dtu317\/#primaryimage\"},\"thumbnailUrl\":\"https:\/\/adgt.cz\/wp-content\/uploads\/2022\/06\/DTU317-IP65-SMA.jpg\",\"datePublished\":\"2021-09-16T09:10:33+00:00\",\"dateModified\":\"2022-03-21T09:20:52+00:00\",\"breadcrumb\":{\"@id\":\"https:\/\/adgt.cz\/de\/products\/data-loggers\/gprs-data-loggers\/dtu317\/#breadcrumb\"},\"inLanguage\":\"de\",\"potentialAction\":[{\"@type\":\"ReadAction\",\"target\":[\"https:\/\/adgt.cz\/de\/products\/data-loggers\/gprs-data-loggers\/dtu317\/\"]}]},{\"@type\":\"ImageObject\",\"inLanguage\":\"de\",\"@id\":\"https:\/\/adgt.cz\/de\/products\/data-loggers\/gprs-data-loggers\/dtu317\/#primaryimage\",\"url\":\"https:\/\/adgt.cz\/wp-content\/uploads\/2022\/06\/DTU317-IP65-SMA.jpg\",\"contentUrl\":\"https:\/\/adgt.cz\/wp-content\/uploads\/2022\/06\/DTU317-IP65-SMA.jpg\",\"width\":1200,\"height\":1200,\"caption\":\"Data logger DTU317\"},{\"@type\":\"BreadcrumbList\",\"@id\":\"https:\/\/adgt.cz\/de\/products\/data-loggers\/gprs-data-loggers\/dtu317\/#breadcrumb\",\"itemListElement\":[{\"@type\":\"ListItem\",\"position\":1,\"name\":\"Home\",\"item\":\"https:\/\/adgt.cz\/de\/\"},{\"@type\":\"ListItem\",\"position\":2,\"name\":\"PRODUKTE\",\"item\":\"https:\/\/adgt.cz\/products\/\"},{\"@type\":\"ListItem\",\"position\":3,\"name\":\"Datenlogger\",\"item\":\"https:\/\/adgt.cz\/de\/product-category\/data-loggers\/\"},{\"@type\":\"ListItem\",\"position\":4,\"name\":\"GPRS-Datenlogger\",\"item\":\"https:\/\/adgt.cz\/de\/product-category\/data-loggers\/gprs-data-loggers\/\"},{\"@type\":\"ListItem\",\"position\":5,\"name\":\"DTU317\"}]},{\"@type\":\"WebSite\",\"@id\":\"https:\/\/adgt.cz\/de\/#website\",\"url\":\"https:\/\/adgt.cz\/de\/\",\"name\":\"ADGT\",\"description\":\"Just another WordPress site\",\"publisher\":{\"@id\":\"https:\/\/adgt.cz\/de\/#organization\"},\"potentialAction\":[{\"@type\":\"SearchAction\",\"target\":{\"@type\":\"EntryPoint\",\"urlTemplate\":\"https:\/\/adgt.cz\/de\/?s={search_term_string}\"},\"query-input\":{\"@type\":\"PropertyValueSpecification\",\"valueRequired\":true,\"valueName\":\"search_term_string\"}}],\"inLanguage\":\"de\"},{\"@type\":\"Organization\",\"@id\":\"https:\/\/adgt.cz\/de\/#organization\",\"name\":\"ADGT\",\"url\":\"https:\/\/adgt.cz\/de\/\",\"logo\":{\"@type\":\"ImageObject\",\"inLanguage\":\"de\",\"@id\":\"https:\/\/adgt.cz\/de\/#\/schema\/logo\/image\/\",\"url\":\"https:\/\/adgt.cz\/wp-content\/uploads\/2020\/09\/ADGT_logo_Magenta.png\",\"contentUrl\":\"https:\/\/adgt.cz\/wp-content\/uploads\/2020\/09\/ADGT_logo_Magenta.png\",\"width\":798,\"height\":208,\"caption\":\"ADGT\"},\"image\":{\"@id\":\"https:\/\/adgt.cz\/de\/#\/schema\/logo\/image\/\"}}]}<\/script>\n<!-- \/ Yoast SEO plugin. -->","yoast_head_json":{"title":"DTU317 - ADGT","robots":{"index":"index","follow":"follow","max-snippet":"max-snippet:-1","max-image-preview":"max-image-preview:large","max-video-preview":"max-video-preview:-1"},"canonical":"https:\/\/adgt.cz\/de\/products\/data-loggers\/gprs-data-loggers\/dtu317\/","og_locale":"de_DE","og_type":"article","og_title":"DTU317 - ADGT","og_description":"Batteriebetriebener 4-Kanal-GPRS-Datenlogger im wasserdichten IP65\/IP68-Geh\u00e4use.   Ununterbrochener Betrieb bis zu 10 Jahren dank des internen 13.000-mAh-Akkus  Daten\u00fcbertragung \u00fcber GPRS\/TCP nach einem konfigurierbaren Zeitplan  Zwei SIM-Kartensteckpl\u00e4tze  Externer SMA(f)-Anschluss  Wasserdichtes Kunststoffgeh\u00e4use IP65\/IP68 (siehe Optionen)  4 x Impulsz\u00e4hleing\u00e4nge, 2 Bin\u00e4reing\u00e4nge  24\/7-Zugang zu den Daten \u00fcber die IOT24.EU Cloud Software Platform  Das Ger\u00e4t sammelt Verbrauchsdaten von Impulsausgangsz\u00e4hlern und Sensoren, speichert die Messwerte in einem nichtfl\u00fcchtigen Speicher und \u00fcbertr\u00e4gt die Daten \u00fcber das GPRS-Netz. Geeignet f\u00fcr Wasser-, Gas- und Stromz\u00e4hler.","og_url":"https:\/\/adgt.cz\/de\/products\/data-loggers\/gprs-data-loggers\/dtu317\/","og_site_name":"ADGT","article_modified_time":"2022-03-21T09:20:52+00:00","og_image":[{"width":1200,"height":1200,"url":"https:\/\/adgt.cz\/wp-content\/uploads\/2022\/06\/DTU317-IP65-SMA.jpg","type":"image\/jpeg"}],"twitter_card":"summary_large_image","twitter_misc":{"Gesch\u00e4tzte Lesezeit":"1\u00a0Minute"},"schema":{"@context":"https:\/\/schema.org","@graph":[{"@type":"WebPage","@id":"https:\/\/adgt.cz\/de\/products\/data-loggers\/gprs-data-loggers\/dtu317\/","url":"https:\/\/adgt.cz\/de\/products\/data-loggers\/gprs-data-loggers\/dtu317\/","name":"DTU317 - ADGT","isPartOf":{"@id":"https:\/\/adgt.cz\/de\/#website"},"primaryImageOfPage":{"@id":"https:\/\/adgt.cz\/de\/products\/data-loggers\/gprs-data-loggers\/dtu317\/#primaryimage"},"image":{"@id":"https:\/\/adgt.cz\/de\/products\/data-loggers\/gprs-data-loggers\/dtu317\/#primaryimage"},"thumbnailUrl":"https:\/\/adgt.cz\/wp-content\/uploads\/2022\/06\/DTU317-IP65-SMA.jpg","datePublished":"2021-09-16T09:10:33+00:00","dateModified":"2022-03-21T09:20:52+00:00","breadcrumb":{"@id":"https:\/\/adgt.cz\/de\/products\/data-loggers\/gprs-data-loggers\/dtu317\/#breadcrumb"},"inLanguage":"de","potentialAction":[{"@type":"ReadAction","target":["https:\/\/adgt.cz\/de\/products\/data-loggers\/gprs-data-loggers\/dtu317\/"]}]},{"@type":"ImageObject","inLanguage":"de","@id":"https:\/\/adgt.cz\/de\/products\/data-loggers\/gprs-data-loggers\/dtu317\/#primaryimage","url":"https:\/\/adgt.cz\/wp-content\/uploads\/2022\/06\/DTU317-IP65-SMA.jpg","contentUrl":"https:\/\/adgt.cz\/wp-content\/uploads\/2022\/06\/DTU317-IP65-SMA.jpg","width":1200,"height":1200,"caption":"Data logger DTU317"},{"@type":"BreadcrumbList","@id":"https:\/\/adgt.cz\/de\/products\/data-loggers\/gprs-data-loggers\/dtu317\/#breadcrumb","itemListElement":[{"@type":"ListItem","position":1,"name":"Home","item":"https:\/\/adgt.cz\/de\/"},{"@type":"ListItem","position":2,"name":"PRODUKTE","item":"https:\/\/adgt.cz\/products\/"},{"@type":"ListItem","position":3,"name":"Datenlogger","item":"https:\/\/adgt.cz\/de\/product-category\/data-loggers\/"},{"@type":"ListItem","position":4,"name":"GPRS-Datenlogger","item":"https:\/\/adgt.cz\/de\/product-category\/data-loggers\/gprs-data-loggers\/"},{"@type":"ListItem","position":5,"name":"DTU317"}]},{"@type":"WebSite","@id":"https:\/\/adgt.cz\/de\/#website","url":"https:\/\/adgt.cz\/de\/","name":"ADGT","description":"Just another WordPress site","publisher":{"@id":"https:\/\/adgt.cz\/de\/#organization"},"potentialAction":[{"@type":"SearchAction","target":{"@type":"EntryPoint","urlTemplate":"https:\/\/adgt.cz\/de\/?s={search_term_string}"},"query-input":{"@type":"PropertyValueSpecification","valueRequired":true,"valueName":"search_term_string"}}],"inLanguage":"de"},{"@type":"Organization","@id":"https:\/\/adgt.cz\/de\/#organization","name":"ADGT","url":"https:\/\/adgt.cz\/de\/","logo":{"@type":"ImageObject","inLanguage":"de","@id":"https:\/\/adgt.cz\/de\/#\/schema\/logo\/image\/","url":"https:\/\/adgt.cz\/wp-content\/uploads\/2020\/09\/ADGT_logo_Magenta.png","contentUrl":"https:\/\/adgt.cz\/wp-content\/uploads\/2020\/09\/ADGT_logo_Magenta.png","width":798,"height":208,"caption":"ADGT"},"image":{"@id":"https:\/\/adgt.cz\/de\/#\/schema\/logo\/image\/"}}]}},"_links":{"self":[{"href":"https:\/\/adgt.cz\/de\/wp-json\/wp\/v2\/product\/12765"}],"collection":[{"href":"https:\/\/adgt.cz\/de\/wp-json\/wp\/v2\/product"}],"about":[{"href":"https:\/\/adgt.cz\/de\/wp-json\/wp\/v2\/types\/product"}],"replies":[{"embeddable":true,"href":"https:\/\/adgt.cz\/de\/wp-json\/wp\/v2\/comments?post=12765"}],"wp:featuredmedia":[{"embeddable":true,"href":"https:\/\/adgt.cz\/de\/wp-json\/wp\/v2\/media\/14502"}],"wp:attachment":[{"href":"https:\/\/adgt.cz\/de\/wp-json\/wp\/v2\/media?parent=12765"}],"wp:term":[{"taxonomy":"product_cat","embeddable":true,"href":"https:\/\/adgt.cz\/de\/wp-json\/wp\/v2\/product_cat?post=12765"},{"taxonomy":"product_tag","embeddable":true,"href":"https:\/\/adgt.cz\/de\/wp-json\/wp\/v2\/product_tag?post=12765"}],"curies":[{"name":"wp","href":"https:\/\/api.w.org\/{rel}","templated":true}]}}