{"id":10862,"date":"2020-09-28T12:22:03","date_gmt":"2021-03-29T14:17:54","guid":{"rendered":"https:\/\/adgt.cz\/?post_type=product&#038;p=10862"},"modified":"2021-12-22T10:13:35","modified_gmt":"2021-12-22T10:13:35","slug":"glc40","status":"publish","type":"product","link":"https:\/\/adgt.cz\/de\/products\/routers\/4g-routers\/glc40\/","title":{"rendered":"GLC40"},"content":{"rendered":"<p>4G-LTE-Router und OpenWrt-Betriebssystem. Bietet robuste und schnelle drahtlose Konnektivit\u00e4t \u00fcber das LTE (4G)-Netzwerk. Konzipiert f\u00fcr M2M\/IoT- und Gesch\u00e4ftsnetzwerkanwendungen, einschlie\u00dflich Transportwesen, Geldautomaten, Verkaufsautomaten, SOHO, usw.<\/p>\n<p>\u2014 LTE-Modem-Geschwindigkeit bis zu 150Mbps<br \/>\n\u2014 1 x Ethernet 10\/100 Mbit\/s<br \/>\n\u2014 1 x Mini-USB-Anschluss<br \/>\n\u2014 2 x SIM-Steckpl\u00e4tze<br \/>\n\u2014 2 x SMA-Anschl\u00fcsse f\u00fcr 4G-Antennen<br \/>\n\u2014 Netzwerk-Dienste: OpenVPN, IPsec, NAT, Firewall, SNMP, GRE, PPTP, L2TP, PPPoE, DHCP (Server\/Client), Collectd<br \/>\n\u2014 GPS-Modul zur Standortbestimmung und hochgenauen Zeitsynchronisation mit GPS-Systemen<br \/>\n\u2014 OpenWrt\u00ae Open-Source-Betriebssystem mit umfangreichen M\u00f6glichkeiten zum Aufbau sicherer VPN-Netzwerke<br \/>\n\u2014 DIN-Schiene und Wandmontage m\u00f6glich<br \/>\n\u2014 Betriebstemperatur: -40&#8230;+60C<br \/>\n\u2014 Watchdog-Timer<\/p>\n","protected":false},"excerpt":{"rendered":"<p>4G-LTE-Router und OpenWrt-Betriebssystem. Bietet robuste und schnelle drahtlose Konnektivit\u00e4t \u00fcber das LTE (4G)-Netzwerk. Konzipiert f\u00fcr M2M\/IoT- und Gesch\u00e4ftsnetzwerkanwendungen, einschlie\u00dflich Transportwesen, Geldautomaten, Verkaufsautomaten, SOHO, usw.<\/p>\n","protected":false},"featured_media":5116,"comment_status":"closed","ping_status":"closed","template":"","meta":[],"product_cat":[488,489],"product_tag":[524],"class_list":{"0":"post-10862","1":"product","2":"type-product","3":"status-publish","4":"has-post-thumbnail","6":"product_cat-routers","7":"product_cat-4g-routers","8":"product_tag-lte-4g-de","10":"first","11":"instock","12":"shipping-taxable","13":"purchasable","14":"product-type-simple"},"yoast_head":"<!-- This site is optimized with the Yoast SEO plugin v23.5 - https:\/\/yoast.com\/wordpress\/plugins\/seo\/ -->\n<title>GLC40 - ADGT<\/title>\n<meta name=\"robots\" content=\"index, follow, max-snippet:-1, max-image-preview:large, max-video-preview:-1\" \/>\n<link rel=\"canonical\" href=\"https:\/\/adgt.cz\/de\/products\/routers\/4g-routers\/glc40\/\" \/>\n<meta property=\"og:locale\" content=\"de_DE\" \/>\n<meta property=\"og:type\" content=\"article\" \/>\n<meta property=\"og:title\" content=\"GLC40 - ADGT\" \/>\n<meta property=\"og:description\" content=\"4G-LTE-Router und OpenWrt-Betriebssystem. Bietet robuste und schnelle drahtlose Konnektivit\u00e4t \u00fcber das LTE (4G)-Netzwerk. Konzipiert f\u00fcr M2M\/IoT- und Gesch\u00e4ftsnetzwerkanwendungen, einschlie\u00dflich Transportwesen, Geldautomaten, Verkaufsautomaten, SOHO, usw.\" \/>\n<meta property=\"og:url\" content=\"https:\/\/adgt.cz\/de\/products\/routers\/4g-routers\/glc40\/\" \/>\n<meta property=\"og:site_name\" content=\"ADGT\" \/>\n<meta property=\"article:modified_time\" content=\"2021-12-22T10:13:35+00:00\" \/>\n<meta property=\"og:image\" content=\"https:\/\/adgt.cz\/wp-content\/uploads\/2020\/09\/GLC40_1.jpg\" \/>\n\t<meta property=\"og:image:width\" content=\"1600\" \/>\n\t<meta property=\"og:image:height\" content=\"1600\" \/>\n\t<meta property=\"og:image:type\" content=\"image\/jpeg\" \/>\n<meta name=\"twitter:card\" content=\"summary_large_image\" \/>\n<script type=\"application\/ld+json\" class=\"yoast-schema-graph\">{\"@context\":\"https:\/\/schema.org\",\"@graph\":[{\"@type\":\"WebPage\",\"@id\":\"https:\/\/adgt.cz\/de\/products\/routers\/4g-routers\/glc40\/\",\"url\":\"https:\/\/adgt.cz\/de\/products\/routers\/4g-routers\/glc40\/\",\"name\":\"GLC40 - ADGT\",\"isPartOf\":{\"@id\":\"https:\/\/adgt.cz\/de\/#website\"},\"primaryImageOfPage\":{\"@id\":\"https:\/\/adgt.cz\/de\/products\/routers\/4g-routers\/glc40\/#primaryimage\"},\"image\":{\"@id\":\"https:\/\/adgt.cz\/de\/products\/routers\/4g-routers\/glc40\/#primaryimage\"},\"thumbnailUrl\":\"https:\/\/adgt.cz\/wp-content\/uploads\/2020\/09\/GLC40_1.jpg\",\"datePublished\":\"2021-03-29T14:17:54+00:00\",\"dateModified\":\"2021-12-22T10:13:35+00:00\",\"breadcrumb\":{\"@id\":\"https:\/\/adgt.cz\/de\/products\/routers\/4g-routers\/glc40\/#breadcrumb\"},\"inLanguage\":\"de\",\"potentialAction\":[{\"@type\":\"ReadAction\",\"target\":[\"https:\/\/adgt.cz\/de\/products\/routers\/4g-routers\/glc40\/\"]}]},{\"@type\":\"ImageObject\",\"inLanguage\":\"de\",\"@id\":\"https:\/\/adgt.cz\/de\/products\/routers\/4g-routers\/glc40\/#primaryimage\",\"url\":\"https:\/\/adgt.cz\/wp-content\/uploads\/2020\/09\/GLC40_1.jpg\",\"contentUrl\":\"https:\/\/adgt.cz\/wp-content\/uploads\/2020\/09\/GLC40_1.jpg\",\"width\":1600,\"height\":1600},{\"@type\":\"BreadcrumbList\",\"@id\":\"https:\/\/adgt.cz\/de\/products\/routers\/4g-routers\/glc40\/#breadcrumb\",\"itemListElement\":[{\"@type\":\"ListItem\",\"position\":1,\"name\":\"Home\",\"item\":\"https:\/\/adgt.cz\/de\/\"},{\"@type\":\"ListItem\",\"position\":2,\"name\":\"PRODUKTE\",\"item\":\"https:\/\/adgt.cz\/products\/\"},{\"@type\":\"ListItem\",\"position\":3,\"name\":\"Router\",\"item\":\"https:\/\/adgt.cz\/de\/product-category\/routers\/\"},{\"@type\":\"ListItem\",\"position\":4,\"name\":\"4G Router\",\"item\":\"https:\/\/adgt.cz\/de\/product-category\/routers\/4g-routers\/\"},{\"@type\":\"ListItem\",\"position\":5,\"name\":\"GLC40\"}]},{\"@type\":\"WebSite\",\"@id\":\"https:\/\/adgt.cz\/de\/#website\",\"url\":\"https:\/\/adgt.cz\/de\/\",\"name\":\"ADGT\",\"description\":\"Just another WordPress site\",\"publisher\":{\"@id\":\"https:\/\/adgt.cz\/de\/#organization\"},\"potentialAction\":[{\"@type\":\"SearchAction\",\"target\":{\"@type\":\"EntryPoint\",\"urlTemplate\":\"https:\/\/adgt.cz\/de\/?s={search_term_string}\"},\"query-input\":{\"@type\":\"PropertyValueSpecification\",\"valueRequired\":true,\"valueName\":\"search_term_string\"}}],\"inLanguage\":\"de\"},{\"@type\":\"Organization\",\"@id\":\"https:\/\/adgt.cz\/de\/#organization\",\"name\":\"ADGT\",\"url\":\"https:\/\/adgt.cz\/de\/\",\"logo\":{\"@type\":\"ImageObject\",\"inLanguage\":\"de\",\"@id\":\"https:\/\/adgt.cz\/de\/#\/schema\/logo\/image\/\",\"url\":\"https:\/\/adgt.cz\/wp-content\/uploads\/2020\/09\/ADGT_logo_Magenta.png\",\"contentUrl\":\"https:\/\/adgt.cz\/wp-content\/uploads\/2020\/09\/ADGT_logo_Magenta.png\",\"width\":798,\"height\":208,\"caption\":\"ADGT\"},\"image\":{\"@id\":\"https:\/\/adgt.cz\/de\/#\/schema\/logo\/image\/\"}}]}<\/script>\n<!-- \/ Yoast SEO plugin. -->","yoast_head_json":{"title":"GLC40 - ADGT","robots":{"index":"index","follow":"follow","max-snippet":"max-snippet:-1","max-image-preview":"max-image-preview:large","max-video-preview":"max-video-preview:-1"},"canonical":"https:\/\/adgt.cz\/de\/products\/routers\/4g-routers\/glc40\/","og_locale":"de_DE","og_type":"article","og_title":"GLC40 - ADGT","og_description":"4G-LTE-Router und OpenWrt-Betriebssystem. Bietet robuste und schnelle drahtlose Konnektivit\u00e4t \u00fcber das LTE (4G)-Netzwerk. Konzipiert f\u00fcr M2M\/IoT- und Gesch\u00e4ftsnetzwerkanwendungen, einschlie\u00dflich Transportwesen, Geldautomaten, Verkaufsautomaten, SOHO, usw.","og_url":"https:\/\/adgt.cz\/de\/products\/routers\/4g-routers\/glc40\/","og_site_name":"ADGT","article_modified_time":"2021-12-22T10:13:35+00:00","og_image":[{"width":1600,"height":1600,"url":"https:\/\/adgt.cz\/wp-content\/uploads\/2020\/09\/GLC40_1.jpg","type":"image\/jpeg"}],"twitter_card":"summary_large_image","schema":{"@context":"https:\/\/schema.org","@graph":[{"@type":"WebPage","@id":"https:\/\/adgt.cz\/de\/products\/routers\/4g-routers\/glc40\/","url":"https:\/\/adgt.cz\/de\/products\/routers\/4g-routers\/glc40\/","name":"GLC40 - ADGT","isPartOf":{"@id":"https:\/\/adgt.cz\/de\/#website"},"primaryImageOfPage":{"@id":"https:\/\/adgt.cz\/de\/products\/routers\/4g-routers\/glc40\/#primaryimage"},"image":{"@id":"https:\/\/adgt.cz\/de\/products\/routers\/4g-routers\/glc40\/#primaryimage"},"thumbnailUrl":"https:\/\/adgt.cz\/wp-content\/uploads\/2020\/09\/GLC40_1.jpg","datePublished":"2021-03-29T14:17:54+00:00","dateModified":"2021-12-22T10:13:35+00:00","breadcrumb":{"@id":"https:\/\/adgt.cz\/de\/products\/routers\/4g-routers\/glc40\/#breadcrumb"},"inLanguage":"de","potentialAction":[{"@type":"ReadAction","target":["https:\/\/adgt.cz\/de\/products\/routers\/4g-routers\/glc40\/"]}]},{"@type":"ImageObject","inLanguage":"de","@id":"https:\/\/adgt.cz\/de\/products\/routers\/4g-routers\/glc40\/#primaryimage","url":"https:\/\/adgt.cz\/wp-content\/uploads\/2020\/09\/GLC40_1.jpg","contentUrl":"https:\/\/adgt.cz\/wp-content\/uploads\/2020\/09\/GLC40_1.jpg","width":1600,"height":1600},{"@type":"BreadcrumbList","@id":"https:\/\/adgt.cz\/de\/products\/routers\/4g-routers\/glc40\/#breadcrumb","itemListElement":[{"@type":"ListItem","position":1,"name":"Home","item":"https:\/\/adgt.cz\/de\/"},{"@type":"ListItem","position":2,"name":"PRODUKTE","item":"https:\/\/adgt.cz\/products\/"},{"@type":"ListItem","position":3,"name":"Router","item":"https:\/\/adgt.cz\/de\/product-category\/routers\/"},{"@type":"ListItem","position":4,"name":"4G Router","item":"https:\/\/adgt.cz\/de\/product-category\/routers\/4g-routers\/"},{"@type":"ListItem","position":5,"name":"GLC40"}]},{"@type":"WebSite","@id":"https:\/\/adgt.cz\/de\/#website","url":"https:\/\/adgt.cz\/de\/","name":"ADGT","description":"Just another WordPress site","publisher":{"@id":"https:\/\/adgt.cz\/de\/#organization"},"potentialAction":[{"@type":"SearchAction","target":{"@type":"EntryPoint","urlTemplate":"https:\/\/adgt.cz\/de\/?s={search_term_string}"},"query-input":{"@type":"PropertyValueSpecification","valueRequired":true,"valueName":"search_term_string"}}],"inLanguage":"de"},{"@type":"Organization","@id":"https:\/\/adgt.cz\/de\/#organization","name":"ADGT","url":"https:\/\/adgt.cz\/de\/","logo":{"@type":"ImageObject","inLanguage":"de","@id":"https:\/\/adgt.cz\/de\/#\/schema\/logo\/image\/","url":"https:\/\/adgt.cz\/wp-content\/uploads\/2020\/09\/ADGT_logo_Magenta.png","contentUrl":"https:\/\/adgt.cz\/wp-content\/uploads\/2020\/09\/ADGT_logo_Magenta.png","width":798,"height":208,"caption":"ADGT"},"image":{"@id":"https:\/\/adgt.cz\/de\/#\/schema\/logo\/image\/"}}]}},"_links":{"self":[{"href":"https:\/\/adgt.cz\/de\/wp-json\/wp\/v2\/product\/10862"}],"collection":[{"href":"https:\/\/adgt.cz\/de\/wp-json\/wp\/v2\/product"}],"about":[{"href":"https:\/\/adgt.cz\/de\/wp-json\/wp\/v2\/types\/product"}],"replies":[{"embeddable":true,"href":"https:\/\/adgt.cz\/de\/wp-json\/wp\/v2\/comments?post=10862"}],"wp:featuredmedia":[{"embeddable":true,"href":"https:\/\/adgt.cz\/de\/wp-json\/wp\/v2\/media\/5116"}],"wp:attachment":[{"href":"https:\/\/adgt.cz\/de\/wp-json\/wp\/v2\/media?parent=10862"}],"wp:term":[{"taxonomy":"product_cat","embeddable":true,"href":"https:\/\/adgt.cz\/de\/wp-json\/wp\/v2\/product_cat?post=10862"},{"taxonomy":"product_tag","embeddable":true,"href":"https:\/\/adgt.cz\/de\/wp-json\/wp\/v2\/product_tag?post=10862"}],"curies":[{"name":"wp","href":"https:\/\/api.w.org\/{rel}","templated":true}]}}