{"id":10828,"date":"2020-10-02T11:25:43","date_gmt":"2021-03-26T14:44:24","guid":{"rendered":"https:\/\/adgt.cz\/?post_type=product&#038;p=10828"},"modified":"2021-04-23T08:48:22","modified_gmt":"2021-04-23T08:48:22","slug":"antenne-l42","status":"publish","type":"product","link":"https:\/\/adgt.cz\/de\/products\/accessories\/antenne-l42\/","title":{"rendered":"Antenne L42"},"content":{"rendered":"<p>LTE\/3G\/GSM-Antenne 5dBi mit Magnetfu\u00df, SMA-Anschluss und 3m Kabel. Vorgesehen zur Verst\u00e4rkung des Kommunikationssignals in Mobilfunkger\u00e4ten (Gateways, Modems, Router, Repeater) mit SMA-Antennenanschluss.<\/p>\n<p>Technische Daten:<br \/>\n\u2014 Frequenz: 698-960\/1710-2170\/2500-2700 MHz<br \/>\n\u2014 Eingangsimpedanz: 50 Ohm<br \/>\n\u2014 Verst\u00e4rkung: 5 dBi<br \/>\n\u2014 Polarisation: vertikal<br \/>\n\u2014 L\u00e4nge der Antenne: 290 mm<br \/>\n\u2014 Magnetfu\u00df: 50 mm<\/p>\n","protected":false},"excerpt":{"rendered":"<p>LTE\/3G\/GSM-Antenne 5dBi mit Magnetfu\u00df, SMA-Anschluss und 3m Kabel. Vorgesehen zur Verst\u00e4rkung des Kommunikationssignals in Mobilfunkger\u00e4ten (Gateways, Modems, Router, Repeater) mit SMA-Antennenanschluss.<\/p>\n","protected":false},"featured_media":5594,"comment_status":"closed","ping_status":"closed","template":"","meta":[],"product_cat":[495],"product_tag":[],"class_list":{"0":"post-10828","1":"product","2":"type-product","3":"status-publish","4":"has-post-thumbnail","6":"product_cat-accessories","8":"first","9":"instock","10":"shipping-taxable","11":"purchasable","12":"product-type-simple"},"yoast_head":"<!-- This site is optimized with the Yoast SEO plugin v23.5 - https:\/\/yoast.com\/wordpress\/plugins\/seo\/ -->\n<title>Antenne L42 - ADGT<\/title>\n<meta name=\"robots\" content=\"index, follow, max-snippet:-1, max-image-preview:large, max-video-preview:-1\" \/>\n<link rel=\"canonical\" href=\"https:\/\/adgt.cz\/de\/products\/accessories\/antenne-l42\/\" \/>\n<meta property=\"og:locale\" content=\"de_DE\" \/>\n<meta property=\"og:type\" content=\"article\" \/>\n<meta property=\"og:title\" content=\"Antenne L42 - ADGT\" \/>\n<meta property=\"og:description\" content=\"LTE\/3G\/GSM-Antenne 5dBi mit Magnetfu\u00df, SMA-Anschluss und 3m Kabel. Vorgesehen zur Verst\u00e4rkung des Kommunikationssignals in Mobilfunkger\u00e4ten (Gateways, Modems, Router, Repeater) mit SMA-Antennenanschluss.\" \/>\n<meta property=\"og:url\" content=\"https:\/\/adgt.cz\/de\/products\/accessories\/antenne-l42\/\" \/>\n<meta property=\"og:site_name\" content=\"ADGT\" \/>\n<meta property=\"article:modified_time\" content=\"2021-04-23T08:48:22+00:00\" \/>\n<meta property=\"og:image\" content=\"https:\/\/adgt.cz\/wp-content\/uploads\/2020\/10\/ADGT_L42.jpg\" \/>\n\t<meta property=\"og:image:width\" content=\"1605\" \/>\n\t<meta property=\"og:image:height\" content=\"1598\" \/>\n\t<meta property=\"og:image:type\" content=\"image\/jpeg\" \/>\n<meta name=\"twitter:card\" content=\"summary_large_image\" \/>\n<script type=\"application\/ld+json\" class=\"yoast-schema-graph\">{\"@context\":\"https:\/\/schema.org\",\"@graph\":[{\"@type\":\"WebPage\",\"@id\":\"https:\/\/adgt.cz\/de\/products\/accessories\/antenne-l42\/\",\"url\":\"https:\/\/adgt.cz\/de\/products\/accessories\/antenne-l42\/\",\"name\":\"Antenne L42 - ADGT\",\"isPartOf\":{\"@id\":\"https:\/\/adgt.cz\/de\/#website\"},\"primaryImageOfPage\":{\"@id\":\"https:\/\/adgt.cz\/de\/products\/accessories\/antenne-l42\/#primaryimage\"},\"image\":{\"@id\":\"https:\/\/adgt.cz\/de\/products\/accessories\/antenne-l42\/#primaryimage\"},\"thumbnailUrl\":\"https:\/\/adgt.cz\/wp-content\/uploads\/2020\/10\/ADGT_L42.jpg\",\"datePublished\":\"2021-03-26T14:44:24+00:00\",\"dateModified\":\"2021-04-23T08:48:22+00:00\",\"breadcrumb\":{\"@id\":\"https:\/\/adgt.cz\/de\/products\/accessories\/antenne-l42\/#breadcrumb\"},\"inLanguage\":\"de\",\"potentialAction\":[{\"@type\":\"ReadAction\",\"target\":[\"https:\/\/adgt.cz\/de\/products\/accessories\/antenne-l42\/\"]}]},{\"@type\":\"ImageObject\",\"inLanguage\":\"de\",\"@id\":\"https:\/\/adgt.cz\/de\/products\/accessories\/antenne-l42\/#primaryimage\",\"url\":\"https:\/\/adgt.cz\/wp-content\/uploads\/2020\/10\/ADGT_L42.jpg\",\"contentUrl\":\"https:\/\/adgt.cz\/wp-content\/uploads\/2020\/10\/ADGT_L42.jpg\",\"width\":1605,\"height\":1598},{\"@type\":\"BreadcrumbList\",\"@id\":\"https:\/\/adgt.cz\/de\/products\/accessories\/antenne-l42\/#breadcrumb\",\"itemListElement\":[{\"@type\":\"ListItem\",\"position\":1,\"name\":\"Home\",\"item\":\"https:\/\/adgt.cz\/de\/\"},{\"@type\":\"ListItem\",\"position\":2,\"name\":\"PRODUKTE\",\"item\":\"https:\/\/adgt.cz\/products\/\"},{\"@type\":\"ListItem\",\"position\":3,\"name\":\"Zubeh\u00f6r\",\"item\":\"https:\/\/adgt.cz\/de\/product-category\/accessories\/\"},{\"@type\":\"ListItem\",\"position\":4,\"name\":\"Antenne L42\"}]},{\"@type\":\"WebSite\",\"@id\":\"https:\/\/adgt.cz\/de\/#website\",\"url\":\"https:\/\/adgt.cz\/de\/\",\"name\":\"ADGT\",\"description\":\"Just another WordPress site\",\"publisher\":{\"@id\":\"https:\/\/adgt.cz\/de\/#organization\"},\"potentialAction\":[{\"@type\":\"SearchAction\",\"target\":{\"@type\":\"EntryPoint\",\"urlTemplate\":\"https:\/\/adgt.cz\/de\/?s={search_term_string}\"},\"query-input\":{\"@type\":\"PropertyValueSpecification\",\"valueRequired\":true,\"valueName\":\"search_term_string\"}}],\"inLanguage\":\"de\"},{\"@type\":\"Organization\",\"@id\":\"https:\/\/adgt.cz\/de\/#organization\",\"name\":\"ADGT\",\"url\":\"https:\/\/adgt.cz\/de\/\",\"logo\":{\"@type\":\"ImageObject\",\"inLanguage\":\"de\",\"@id\":\"https:\/\/adgt.cz\/de\/#\/schema\/logo\/image\/\",\"url\":\"https:\/\/adgt.cz\/wp-content\/uploads\/2020\/09\/ADGT_logo_Magenta.png\",\"contentUrl\":\"https:\/\/adgt.cz\/wp-content\/uploads\/2020\/09\/ADGT_logo_Magenta.png\",\"width\":798,\"height\":208,\"caption\":\"ADGT\"},\"image\":{\"@id\":\"https:\/\/adgt.cz\/de\/#\/schema\/logo\/image\/\"}}]}<\/script>\n<!-- \/ Yoast SEO plugin. -->","yoast_head_json":{"title":"Antenne L42 - ADGT","robots":{"index":"index","follow":"follow","max-snippet":"max-snippet:-1","max-image-preview":"max-image-preview:large","max-video-preview":"max-video-preview:-1"},"canonical":"https:\/\/adgt.cz\/de\/products\/accessories\/antenne-l42\/","og_locale":"de_DE","og_type":"article","og_title":"Antenne L42 - ADGT","og_description":"LTE\/3G\/GSM-Antenne 5dBi mit Magnetfu\u00df, SMA-Anschluss und 3m Kabel. Vorgesehen zur Verst\u00e4rkung des Kommunikationssignals in Mobilfunkger\u00e4ten (Gateways, Modems, Router, Repeater) mit SMA-Antennenanschluss.","og_url":"https:\/\/adgt.cz\/de\/products\/accessories\/antenne-l42\/","og_site_name":"ADGT","article_modified_time":"2021-04-23T08:48:22+00:00","og_image":[{"width":1605,"height":1598,"url":"https:\/\/adgt.cz\/wp-content\/uploads\/2020\/10\/ADGT_L42.jpg","type":"image\/jpeg"}],"twitter_card":"summary_large_image","schema":{"@context":"https:\/\/schema.org","@graph":[{"@type":"WebPage","@id":"https:\/\/adgt.cz\/de\/products\/accessories\/antenne-l42\/","url":"https:\/\/adgt.cz\/de\/products\/accessories\/antenne-l42\/","name":"Antenne L42 - ADGT","isPartOf":{"@id":"https:\/\/adgt.cz\/de\/#website"},"primaryImageOfPage":{"@id":"https:\/\/adgt.cz\/de\/products\/accessories\/antenne-l42\/#primaryimage"},"image":{"@id":"https:\/\/adgt.cz\/de\/products\/accessories\/antenne-l42\/#primaryimage"},"thumbnailUrl":"https:\/\/adgt.cz\/wp-content\/uploads\/2020\/10\/ADGT_L42.jpg","datePublished":"2021-03-26T14:44:24+00:00","dateModified":"2021-04-23T08:48:22+00:00","breadcrumb":{"@id":"https:\/\/adgt.cz\/de\/products\/accessories\/antenne-l42\/#breadcrumb"},"inLanguage":"de","potentialAction":[{"@type":"ReadAction","target":["https:\/\/adgt.cz\/de\/products\/accessories\/antenne-l42\/"]}]},{"@type":"ImageObject","inLanguage":"de","@id":"https:\/\/adgt.cz\/de\/products\/accessories\/antenne-l42\/#primaryimage","url":"https:\/\/adgt.cz\/wp-content\/uploads\/2020\/10\/ADGT_L42.jpg","contentUrl":"https:\/\/adgt.cz\/wp-content\/uploads\/2020\/10\/ADGT_L42.jpg","width":1605,"height":1598},{"@type":"BreadcrumbList","@id":"https:\/\/adgt.cz\/de\/products\/accessories\/antenne-l42\/#breadcrumb","itemListElement":[{"@type":"ListItem","position":1,"name":"Home","item":"https:\/\/adgt.cz\/de\/"},{"@type":"ListItem","position":2,"name":"PRODUKTE","item":"https:\/\/adgt.cz\/products\/"},{"@type":"ListItem","position":3,"name":"Zubeh\u00f6r","item":"https:\/\/adgt.cz\/de\/product-category\/accessories\/"},{"@type":"ListItem","position":4,"name":"Antenne L42"}]},{"@type":"WebSite","@id":"https:\/\/adgt.cz\/de\/#website","url":"https:\/\/adgt.cz\/de\/","name":"ADGT","description":"Just another WordPress site","publisher":{"@id":"https:\/\/adgt.cz\/de\/#organization"},"potentialAction":[{"@type":"SearchAction","target":{"@type":"EntryPoint","urlTemplate":"https:\/\/adgt.cz\/de\/?s={search_term_string}"},"query-input":{"@type":"PropertyValueSpecification","valueRequired":true,"valueName":"search_term_string"}}],"inLanguage":"de"},{"@type":"Organization","@id":"https:\/\/adgt.cz\/de\/#organization","name":"ADGT","url":"https:\/\/adgt.cz\/de\/","logo":{"@type":"ImageObject","inLanguage":"de","@id":"https:\/\/adgt.cz\/de\/#\/schema\/logo\/image\/","url":"https:\/\/adgt.cz\/wp-content\/uploads\/2020\/09\/ADGT_logo_Magenta.png","contentUrl":"https:\/\/adgt.cz\/wp-content\/uploads\/2020\/09\/ADGT_logo_Magenta.png","width":798,"height":208,"caption":"ADGT"},"image":{"@id":"https:\/\/adgt.cz\/de\/#\/schema\/logo\/image\/"}}]}},"_links":{"self":[{"href":"https:\/\/adgt.cz\/de\/wp-json\/wp\/v2\/product\/10828"}],"collection":[{"href":"https:\/\/adgt.cz\/de\/wp-json\/wp\/v2\/product"}],"about":[{"href":"https:\/\/adgt.cz\/de\/wp-json\/wp\/v2\/types\/product"}],"replies":[{"embeddable":true,"href":"https:\/\/adgt.cz\/de\/wp-json\/wp\/v2\/comments?post=10828"}],"wp:featuredmedia":[{"embeddable":true,"href":"https:\/\/adgt.cz\/de\/wp-json\/wp\/v2\/media\/5594"}],"wp:attachment":[{"href":"https:\/\/adgt.cz\/de\/wp-json\/wp\/v2\/media?parent=10828"}],"wp:term":[{"taxonomy":"product_cat","embeddable":true,"href":"https:\/\/adgt.cz\/de\/wp-json\/wp\/v2\/product_cat?post=10828"},{"taxonomy":"product_tag","embeddable":true,"href":"https:\/\/adgt.cz\/de\/wp-json\/wp\/v2\/product_tag?post=10828"}],"curies":[{"name":"wp","href":"https:\/\/api.w.org\/{rel}","templated":true}]}}