{"id":10822,"date":"2020-09-29T14:37:29","date_gmt":"2021-03-26T14:29:38","guid":{"rendered":"https:\/\/adgt.cz\/?post_type=product&#038;p=10822"},"modified":"2021-09-22T06:40:06","modified_gmt":"2021-09-22T06:40:06","slug":"adgt-dtu-data-server","status":"publish","type":"product","link":"https:\/\/adgt.cz\/de\/products\/software\/adgt-dtu-data-server\/","title":{"rendered":"ADGT DTU Data Server"},"content":{"rendered":"<p>Software zur Integration von ADGT DTU-Datenloggern mit Fernauslese- und \u00dcberwachungssystemen von Drittanbietern.<br \/>\nUnsere DTU-Datenlogger haben eine gro\u00dfe Anzahl von konfigurierbaren Parametern und arbeiten nach unserem \u00dcbertragungsprotokoll DTU-Protokoll. Wenn ein Unternehmen plant, DTU-Datenlogger in sein AMR-System einzubinden, kann die Integration unserer Ger\u00e4te recht viel Zeit in Anspruch nehmen: zun\u00e4chst muss das DTU-\u00dcbertragungsprotokoll in die Software aufgenommen werden, dann wird die Funktion getestet und ggf. eine Fehlersuche durchgef\u00fchrt.<br \/>\nUm die Risiken und Kosten der Integration zu reduzieren und Ihnen Zeit zu sparen, haben wir ein spezielles Tool entwickelt &#8211; ADGT DTU DATA SERVER.<br \/>\nDas Integrationstool wird Ihnen erm\u00f6glichen, Ihr \u00dcberwachungssystem mit DTU-Datenloggern schnell und sicher einzusetzen, ohne dass Sie das ADGT DTU-Protokoll in Ihr System integrieren m\u00fcssen.<br \/>\nDas Produkt ist f\u00fcr Entwickler, Produktintegratoren und Datenbankadministratoren bestimmt.<\/p>\n<p><strong>Software-Merkmale:<\/strong><br \/>\n\u2014 Empf\u00e4ngt und verarbeitet eingehende Verbindungen von Datenloggern<br \/>\n\u2014 Stellt die Interaktion der AMR-Software mit Datenloggern sicher<br \/>\n\u2014 Speichert alle Daten von Datenloggern (Messwerte, Ereignisse, Telemetrieinformationen) in einer PostgreSQL-Datenbank<br \/>\n\u2014 Aktualisiert Datenlogger-Firmware auf Benutzeranforderung<br \/>\n\u2014 Erm\u00f6glicht die \u00c4nderung von Datenlogger-Parametern aus der Ferne mit verz\u00f6gerter Ausf\u00fchrung<br \/>\n\u2014 Unterst\u00fctzt das UDP-Protokoll f\u00fcr NB-IoT-Ger\u00e4te<br \/>\n\u2014 Liest die Archive auf Anfrage aus.<\/p>\n<p><strong>Wie es funktioniert<\/strong><br \/>\n\u2014 Die Plattform \u00fcbernimmt die Rolle eines TCP- und UDP-Servers und erm\u00f6glicht die Verbindung von entfernten DTU-Datenloggern \u00fcber das Internet.<br \/>\n\u2014 Software sammelt Daten von Datenloggern und speichert sie in PostgreSQL-Datenbank<br \/>\n\u2014 AMR-System sendet eine Anfrage zum Lesen von Daten und\/oder eine Anfrage zur \u00c4nderung der Ger\u00e4teeinstellungen.<br \/>\n\u2014 Die Software meldet die angeforderten Daten und\/oder wendet die neuen Einstellungen auf die Datenlogger an.<\/p>\n","protected":false},"excerpt":{"rendered":"<p>Software zur Integration von ADGT DTU-Datenloggern mit Fernauslese- und \u00dcberwachungssystemen von Drittanbietern.<\/p>\n","protected":false},"featured_media":5775,"comment_status":"closed","ping_status":"closed","template":"","meta":[],"product_cat":[494],"product_tag":[],"class_list":{"0":"post-10822","1":"product","2":"type-product","3":"status-publish","4":"has-post-thumbnail","6":"product_cat-software","8":"first","9":"instock","10":"shipping-taxable","11":"product-type-simple"},"yoast_head":"<!-- This site is optimized with the Yoast SEO plugin v23.5 - https:\/\/yoast.com\/wordpress\/plugins\/seo\/ -->\n<title>ADGT DTU Data Server - ADGT<\/title>\n<meta name=\"robots\" content=\"index, follow, max-snippet:-1, max-image-preview:large, max-video-preview:-1\" \/>\n<link rel=\"canonical\" href=\"https:\/\/adgt.cz\/de\/products\/software\/adgt-dtu-data-server\/\" \/>\n<meta property=\"og:locale\" content=\"de_DE\" \/>\n<meta property=\"og:type\" content=\"article\" \/>\n<meta property=\"og:title\" content=\"ADGT DTU Data Server - ADGT\" \/>\n<meta property=\"og:description\" content=\"Software zur Integration von ADGT DTU-Datenloggern mit Fernauslese- und \u00dcberwachungssystemen von Drittanbietern.\" \/>\n<meta property=\"og:url\" content=\"https:\/\/adgt.cz\/de\/products\/software\/adgt-dtu-data-server\/\" \/>\n<meta property=\"og:site_name\" content=\"ADGT\" \/>\n<meta property=\"article:modified_time\" content=\"2021-09-22T06:40:06+00:00\" \/>\n<meta property=\"og:image\" content=\"https:\/\/adgt.cz\/wp-content\/uploads\/2020\/10\/ADGT.jpg\" \/>\n\t<meta property=\"og:image:width\" content=\"1200\" \/>\n\t<meta property=\"og:image:height\" content=\"1177\" \/>\n\t<meta property=\"og:image:type\" content=\"image\/jpeg\" \/>\n<meta name=\"twitter:card\" content=\"summary_large_image\" \/>\n<meta name=\"twitter:label1\" content=\"Gesch\u00e4tzte Lesezeit\" \/>\n\t<meta name=\"twitter:data1\" content=\"1\u00a0Minute\" \/>\n<script type=\"application\/ld+json\" class=\"yoast-schema-graph\">{\"@context\":\"https:\/\/schema.org\",\"@graph\":[{\"@type\":\"WebPage\",\"@id\":\"https:\/\/adgt.cz\/de\/products\/software\/adgt-dtu-data-server\/\",\"url\":\"https:\/\/adgt.cz\/de\/products\/software\/adgt-dtu-data-server\/\",\"name\":\"ADGT DTU Data Server - ADGT\",\"isPartOf\":{\"@id\":\"https:\/\/adgt.cz\/de\/#website\"},\"primaryImageOfPage\":{\"@id\":\"https:\/\/adgt.cz\/de\/products\/software\/adgt-dtu-data-server\/#primaryimage\"},\"image\":{\"@id\":\"https:\/\/adgt.cz\/de\/products\/software\/adgt-dtu-data-server\/#primaryimage\"},\"thumbnailUrl\":\"https:\/\/adgt.cz\/wp-content\/uploads\/2020\/10\/ADGT.jpg\",\"datePublished\":\"2021-03-26T14:29:38+00:00\",\"dateModified\":\"2021-09-22T06:40:06+00:00\",\"breadcrumb\":{\"@id\":\"https:\/\/adgt.cz\/de\/products\/software\/adgt-dtu-data-server\/#breadcrumb\"},\"inLanguage\":\"de\",\"potentialAction\":[{\"@type\":\"ReadAction\",\"target\":[\"https:\/\/adgt.cz\/de\/products\/software\/adgt-dtu-data-server\/\"]}]},{\"@type\":\"ImageObject\",\"inLanguage\":\"de\",\"@id\":\"https:\/\/adgt.cz\/de\/products\/software\/adgt-dtu-data-server\/#primaryimage\",\"url\":\"https:\/\/adgt.cz\/wp-content\/uploads\/2020\/10\/ADGT.jpg\",\"contentUrl\":\"https:\/\/adgt.cz\/wp-content\/uploads\/2020\/10\/ADGT.jpg\",\"width\":1200,\"height\":1177},{\"@type\":\"BreadcrumbList\",\"@id\":\"https:\/\/adgt.cz\/de\/products\/software\/adgt-dtu-data-server\/#breadcrumb\",\"itemListElement\":[{\"@type\":\"ListItem\",\"position\":1,\"name\":\"Home\",\"item\":\"https:\/\/adgt.cz\/de\/\"},{\"@type\":\"ListItem\",\"position\":2,\"name\":\"PRODUKTE\",\"item\":\"https:\/\/adgt.cz\/products\/\"},{\"@type\":\"ListItem\",\"position\":3,\"name\":\"Software\",\"item\":\"https:\/\/adgt.cz\/de\/product-category\/software\/\"},{\"@type\":\"ListItem\",\"position\":4,\"name\":\"ADGT DTU Data Server\"}]},{\"@type\":\"WebSite\",\"@id\":\"https:\/\/adgt.cz\/de\/#website\",\"url\":\"https:\/\/adgt.cz\/de\/\",\"name\":\"ADGT\",\"description\":\"Just another WordPress site\",\"publisher\":{\"@id\":\"https:\/\/adgt.cz\/de\/#organization\"},\"potentialAction\":[{\"@type\":\"SearchAction\",\"target\":{\"@type\":\"EntryPoint\",\"urlTemplate\":\"https:\/\/adgt.cz\/de\/?s={search_term_string}\"},\"query-input\":{\"@type\":\"PropertyValueSpecification\",\"valueRequired\":true,\"valueName\":\"search_term_string\"}}],\"inLanguage\":\"de\"},{\"@type\":\"Organization\",\"@id\":\"https:\/\/adgt.cz\/de\/#organization\",\"name\":\"ADGT\",\"url\":\"https:\/\/adgt.cz\/de\/\",\"logo\":{\"@type\":\"ImageObject\",\"inLanguage\":\"de\",\"@id\":\"https:\/\/adgt.cz\/de\/#\/schema\/logo\/image\/\",\"url\":\"https:\/\/adgt.cz\/wp-content\/uploads\/2020\/09\/ADGT_logo_Magenta.png\",\"contentUrl\":\"https:\/\/adgt.cz\/wp-content\/uploads\/2020\/09\/ADGT_logo_Magenta.png\",\"width\":798,\"height\":208,\"caption\":\"ADGT\"},\"image\":{\"@id\":\"https:\/\/adgt.cz\/de\/#\/schema\/logo\/image\/\"}}]}<\/script>\n<!-- \/ Yoast SEO plugin. -->","yoast_head_json":{"title":"ADGT DTU Data Server - ADGT","robots":{"index":"index","follow":"follow","max-snippet":"max-snippet:-1","max-image-preview":"max-image-preview:large","max-video-preview":"max-video-preview:-1"},"canonical":"https:\/\/adgt.cz\/de\/products\/software\/adgt-dtu-data-server\/","og_locale":"de_DE","og_type":"article","og_title":"ADGT DTU Data Server - ADGT","og_description":"Software zur Integration von ADGT DTU-Datenloggern mit Fernauslese- und \u00dcberwachungssystemen von Drittanbietern.","og_url":"https:\/\/adgt.cz\/de\/products\/software\/adgt-dtu-data-server\/","og_site_name":"ADGT","article_modified_time":"2021-09-22T06:40:06+00:00","og_image":[{"width":1200,"height":1177,"url":"https:\/\/adgt.cz\/wp-content\/uploads\/2020\/10\/ADGT.jpg","type":"image\/jpeg"}],"twitter_card":"summary_large_image","twitter_misc":{"Gesch\u00e4tzte Lesezeit":"1\u00a0Minute"},"schema":{"@context":"https:\/\/schema.org","@graph":[{"@type":"WebPage","@id":"https:\/\/adgt.cz\/de\/products\/software\/adgt-dtu-data-server\/","url":"https:\/\/adgt.cz\/de\/products\/software\/adgt-dtu-data-server\/","name":"ADGT DTU Data Server - ADGT","isPartOf":{"@id":"https:\/\/adgt.cz\/de\/#website"},"primaryImageOfPage":{"@id":"https:\/\/adgt.cz\/de\/products\/software\/adgt-dtu-data-server\/#primaryimage"},"image":{"@id":"https:\/\/adgt.cz\/de\/products\/software\/adgt-dtu-data-server\/#primaryimage"},"thumbnailUrl":"https:\/\/adgt.cz\/wp-content\/uploads\/2020\/10\/ADGT.jpg","datePublished":"2021-03-26T14:29:38+00:00","dateModified":"2021-09-22T06:40:06+00:00","breadcrumb":{"@id":"https:\/\/adgt.cz\/de\/products\/software\/adgt-dtu-data-server\/#breadcrumb"},"inLanguage":"de","potentialAction":[{"@type":"ReadAction","target":["https:\/\/adgt.cz\/de\/products\/software\/adgt-dtu-data-server\/"]}]},{"@type":"ImageObject","inLanguage":"de","@id":"https:\/\/adgt.cz\/de\/products\/software\/adgt-dtu-data-server\/#primaryimage","url":"https:\/\/adgt.cz\/wp-content\/uploads\/2020\/10\/ADGT.jpg","contentUrl":"https:\/\/adgt.cz\/wp-content\/uploads\/2020\/10\/ADGT.jpg","width":1200,"height":1177},{"@type":"BreadcrumbList","@id":"https:\/\/adgt.cz\/de\/products\/software\/adgt-dtu-data-server\/#breadcrumb","itemListElement":[{"@type":"ListItem","position":1,"name":"Home","item":"https:\/\/adgt.cz\/de\/"},{"@type":"ListItem","position":2,"name":"PRODUKTE","item":"https:\/\/adgt.cz\/products\/"},{"@type":"ListItem","position":3,"name":"Software","item":"https:\/\/adgt.cz\/de\/product-category\/software\/"},{"@type":"ListItem","position":4,"name":"ADGT DTU Data Server"}]},{"@type":"WebSite","@id":"https:\/\/adgt.cz\/de\/#website","url":"https:\/\/adgt.cz\/de\/","name":"ADGT","description":"Just another WordPress site","publisher":{"@id":"https:\/\/adgt.cz\/de\/#organization"},"potentialAction":[{"@type":"SearchAction","target":{"@type":"EntryPoint","urlTemplate":"https:\/\/adgt.cz\/de\/?s={search_term_string}"},"query-input":{"@type":"PropertyValueSpecification","valueRequired":true,"valueName":"search_term_string"}}],"inLanguage":"de"},{"@type":"Organization","@id":"https:\/\/adgt.cz\/de\/#organization","name":"ADGT","url":"https:\/\/adgt.cz\/de\/","logo":{"@type":"ImageObject","inLanguage":"de","@id":"https:\/\/adgt.cz\/de\/#\/schema\/logo\/image\/","url":"https:\/\/adgt.cz\/wp-content\/uploads\/2020\/09\/ADGT_logo_Magenta.png","contentUrl":"https:\/\/adgt.cz\/wp-content\/uploads\/2020\/09\/ADGT_logo_Magenta.png","width":798,"height":208,"caption":"ADGT"},"image":{"@id":"https:\/\/adgt.cz\/de\/#\/schema\/logo\/image\/"}}]}},"_links":{"self":[{"href":"https:\/\/adgt.cz\/de\/wp-json\/wp\/v2\/product\/10822"}],"collection":[{"href":"https:\/\/adgt.cz\/de\/wp-json\/wp\/v2\/product"}],"about":[{"href":"https:\/\/adgt.cz\/de\/wp-json\/wp\/v2\/types\/product"}],"replies":[{"embeddable":true,"href":"https:\/\/adgt.cz\/de\/wp-json\/wp\/v2\/comments?post=10822"}],"wp:featuredmedia":[{"embeddable":true,"href":"https:\/\/adgt.cz\/de\/wp-json\/wp\/v2\/media\/5775"}],"wp:attachment":[{"href":"https:\/\/adgt.cz\/de\/wp-json\/wp\/v2\/media?parent=10822"}],"wp:term":[{"taxonomy":"product_cat","embeddable":true,"href":"https:\/\/adgt.cz\/de\/wp-json\/wp\/v2\/product_cat?post=10822"},{"taxonomy":"product_tag","embeddable":true,"href":"https:\/\/adgt.cz\/de\/wp-json\/wp\/v2\/product_tag?post=10822"}],"curies":[{"name":"wp","href":"https:\/\/api.w.org\/{rel}","templated":true}]}}