{"id":10759,"date":"2020-09-24T08:53:18","date_gmt":"2021-03-26T11:07:55","guid":{"rendered":"https:\/\/adgt.cz\/?post_type=product&#038;p=10759"},"modified":"2022-02-02T14:08:13","modified_gmt":"2022-02-02T14:08:13","slug":"adm236","status":"publish","type":"product","link":"https:\/\/adgt.cz\/de\/products\/modems\/3g-modems\/adm236\/","title":{"rendered":"ADM236"},"content":{"rendered":"<p>Smartes 3G-Modem mit RS-232 und RS-485 Schnittstellen f\u00fcr industrielle Netzwerke und M2M\/IoT-Anwendungen. Bietet eine schnelle und zuverl\u00e4ssige drahtlose Daten\u00fcbertragung \u00fcber den High-Speed-3G-Kanal unter Verwendung des TCP\/IP-Protokolls sowie \u00fcber CSD.<\/p>\n<p>\u2014 3G UMTS 900\/2100, GSM 850\/900\/1800\/1900<br \/>\n\u2014 Transparente Daten\u00fcbertragung \u00fcber das 3G- oder CSD-Mobilfunknetz<br \/>\n\u2014 Umwandlung serieller Daten in IP-Daten<br \/>\n\u2014 TCP-Klient\/TCP-Server-Modi<br \/>\n\u2014 UMTS\/GPRS-Verbindung: nach Zeitplan und auf Anfrage<br \/>\n\u2014 Zwei SIM-Karten-Steckpl\u00e4tze f\u00fcr Kanalredundanz<br \/>\n\u2014 Lokale und Remote-Konfiguration und Firmware-Aktualisierung. Mehr als 200 Konfigurationsparameter. Fernkonfiguration \u00fcber TCP, CSD oder SMS<br \/>\n\u2014 Benutzerfreundliche Konfigurationssoftware<br \/>\n\u2014 1xDI. Senden von SMS, wenn DI ausgel\u00f6st wird<br \/>\n\u2014 Kompaktes Metallgeh\u00e4use, Montage auf Hutschiene<\/p>\n","protected":false},"excerpt":{"rendered":"<p>Smartes 3G-Modem mit RS-232 und RS-485 Schnittstellen f\u00fcr industrielle Netzwerke und M2M\/IoT-Anwendungen. Bietet eine schnelle und zuverl\u00e4ssige drahtlose Daten\u00fcbertragung \u00fcber den High-Speed-3G-Kanal unter Verwendung des TCP\/IP-Protokolls sowie \u00fcber CSD.<\/p>\n","protected":false},"featured_media":4988,"comment_status":"closed","ping_status":"closed","template":"","meta":[],"product_cat":[482,485],"product_tag":[522,172],"class_list":{"0":"post-10759","1":"product","2":"type-product","3":"status-publish","4":"has-post-thumbnail","6":"product_cat-modems","7":"product_cat-3g-modems","8":"product_tag-3g-de-2","9":"product_tag-gprs-de","11":"first","12":"instock","13":"shipping-taxable","14":"purchasable","15":"product-type-simple"},"yoast_head":"<!-- This site is optimized with the Yoast SEO plugin v23.5 - https:\/\/yoast.com\/wordpress\/plugins\/seo\/ -->\n<title>ADM236 - ADGT<\/title>\n<meta name=\"robots\" content=\"index, follow, max-snippet:-1, max-image-preview:large, max-video-preview:-1\" \/>\n<link rel=\"canonical\" href=\"https:\/\/adgt.cz\/de\/products\/modems\/3g-modems\/adm236\/\" \/>\n<meta property=\"og:locale\" content=\"de_DE\" \/>\n<meta property=\"og:type\" content=\"article\" \/>\n<meta property=\"og:title\" content=\"ADM236 - ADGT\" \/>\n<meta property=\"og:description\" content=\"Smartes 3G-Modem mit RS-232 und RS-485 Schnittstellen f\u00fcr industrielle Netzwerke und M2M\/IoT-Anwendungen. Bietet eine schnelle und zuverl\u00e4ssige drahtlose Daten\u00fcbertragung \u00fcber den High-Speed-3G-Kanal unter Verwendung des TCP\/IP-Protokolls sowie \u00fcber CSD.\" \/>\n<meta property=\"og:url\" content=\"https:\/\/adgt.cz\/de\/products\/modems\/3g-modems\/adm236\/\" \/>\n<meta property=\"og:site_name\" content=\"ADGT\" \/>\n<meta property=\"article:modified_time\" content=\"2022-02-02T14:08:13+00:00\" \/>\n<meta property=\"og:image\" content=\"https:\/\/adgt.cz\/wp-content\/uploads\/2020\/09\/ADM2xx.jpg\" \/>\n\t<meta property=\"og:image:width\" content=\"1200\" \/>\n\t<meta property=\"og:image:height\" content=\"1198\" \/>\n\t<meta property=\"og:image:type\" content=\"image\/jpeg\" \/>\n<meta name=\"twitter:card\" content=\"summary_large_image\" \/>\n<script type=\"application\/ld+json\" class=\"yoast-schema-graph\">{\"@context\":\"https:\/\/schema.org\",\"@graph\":[{\"@type\":\"WebPage\",\"@id\":\"https:\/\/adgt.cz\/de\/products\/modems\/3g-modems\/adm236\/\",\"url\":\"https:\/\/adgt.cz\/de\/products\/modems\/3g-modems\/adm236\/\",\"name\":\"ADM236 - ADGT\",\"isPartOf\":{\"@id\":\"https:\/\/adgt.cz\/de\/#website\"},\"primaryImageOfPage\":{\"@id\":\"https:\/\/adgt.cz\/de\/products\/modems\/3g-modems\/adm236\/#primaryimage\"},\"image\":{\"@id\":\"https:\/\/adgt.cz\/de\/products\/modems\/3g-modems\/adm236\/#primaryimage\"},\"thumbnailUrl\":\"https:\/\/adgt.cz\/wp-content\/uploads\/2020\/09\/ADM2xx.jpg\",\"datePublished\":\"2021-03-26T11:07:55+00:00\",\"dateModified\":\"2022-02-02T14:08:13+00:00\",\"breadcrumb\":{\"@id\":\"https:\/\/adgt.cz\/de\/products\/modems\/3g-modems\/adm236\/#breadcrumb\"},\"inLanguage\":\"de\",\"potentialAction\":[{\"@type\":\"ReadAction\",\"target\":[\"https:\/\/adgt.cz\/de\/products\/modems\/3g-modems\/adm236\/\"]}]},{\"@type\":\"ImageObject\",\"inLanguage\":\"de\",\"@id\":\"https:\/\/adgt.cz\/de\/products\/modems\/3g-modems\/adm236\/#primaryimage\",\"url\":\"https:\/\/adgt.cz\/wp-content\/uploads\/2020\/09\/ADM2xx.jpg\",\"contentUrl\":\"https:\/\/adgt.cz\/wp-content\/uploads\/2020\/09\/ADM2xx.jpg\",\"width\":1200,\"height\":1198},{\"@type\":\"BreadcrumbList\",\"@id\":\"https:\/\/adgt.cz\/de\/products\/modems\/3g-modems\/adm236\/#breadcrumb\",\"itemListElement\":[{\"@type\":\"ListItem\",\"position\":1,\"name\":\"Home\",\"item\":\"https:\/\/adgt.cz\/de\/\"},{\"@type\":\"ListItem\",\"position\":2,\"name\":\"PRODUKTE\",\"item\":\"https:\/\/adgt.cz\/products\/\"},{\"@type\":\"ListItem\",\"position\":3,\"name\":\"Modems\",\"item\":\"https:\/\/adgt.cz\/de\/product-category\/modems\/\"},{\"@type\":\"ListItem\",\"position\":4,\"name\":\"3G Modems\",\"item\":\"https:\/\/adgt.cz\/de\/product-category\/modems\/3g-modems\/\"},{\"@type\":\"ListItem\",\"position\":5,\"name\":\"ADM236\"}]},{\"@type\":\"WebSite\",\"@id\":\"https:\/\/adgt.cz\/de\/#website\",\"url\":\"https:\/\/adgt.cz\/de\/\",\"name\":\"ADGT\",\"description\":\"Just another WordPress site\",\"publisher\":{\"@id\":\"https:\/\/adgt.cz\/de\/#organization\"},\"potentialAction\":[{\"@type\":\"SearchAction\",\"target\":{\"@type\":\"EntryPoint\",\"urlTemplate\":\"https:\/\/adgt.cz\/de\/?s={search_term_string}\"},\"query-input\":{\"@type\":\"PropertyValueSpecification\",\"valueRequired\":true,\"valueName\":\"search_term_string\"}}],\"inLanguage\":\"de\"},{\"@type\":\"Organization\",\"@id\":\"https:\/\/adgt.cz\/de\/#organization\",\"name\":\"ADGT\",\"url\":\"https:\/\/adgt.cz\/de\/\",\"logo\":{\"@type\":\"ImageObject\",\"inLanguage\":\"de\",\"@id\":\"https:\/\/adgt.cz\/de\/#\/schema\/logo\/image\/\",\"url\":\"https:\/\/adgt.cz\/wp-content\/uploads\/2020\/09\/ADGT_logo_Magenta.png\",\"contentUrl\":\"https:\/\/adgt.cz\/wp-content\/uploads\/2020\/09\/ADGT_logo_Magenta.png\",\"width\":798,\"height\":208,\"caption\":\"ADGT\"},\"image\":{\"@id\":\"https:\/\/adgt.cz\/de\/#\/schema\/logo\/image\/\"}}]}<\/script>\n<!-- \/ Yoast SEO plugin. -->","yoast_head_json":{"title":"ADM236 - ADGT","robots":{"index":"index","follow":"follow","max-snippet":"max-snippet:-1","max-image-preview":"max-image-preview:large","max-video-preview":"max-video-preview:-1"},"canonical":"https:\/\/adgt.cz\/de\/products\/modems\/3g-modems\/adm236\/","og_locale":"de_DE","og_type":"article","og_title":"ADM236 - ADGT","og_description":"Smartes 3G-Modem mit RS-232 und RS-485 Schnittstellen f\u00fcr industrielle Netzwerke und M2M\/IoT-Anwendungen. Bietet eine schnelle und zuverl\u00e4ssige drahtlose Daten\u00fcbertragung \u00fcber den High-Speed-3G-Kanal unter Verwendung des TCP\/IP-Protokolls sowie \u00fcber CSD.","og_url":"https:\/\/adgt.cz\/de\/products\/modems\/3g-modems\/adm236\/","og_site_name":"ADGT","article_modified_time":"2022-02-02T14:08:13+00:00","og_image":[{"width":1200,"height":1198,"url":"https:\/\/adgt.cz\/wp-content\/uploads\/2020\/09\/ADM2xx.jpg","type":"image\/jpeg"}],"twitter_card":"summary_large_image","schema":{"@context":"https:\/\/schema.org","@graph":[{"@type":"WebPage","@id":"https:\/\/adgt.cz\/de\/products\/modems\/3g-modems\/adm236\/","url":"https:\/\/adgt.cz\/de\/products\/modems\/3g-modems\/adm236\/","name":"ADM236 - ADGT","isPartOf":{"@id":"https:\/\/adgt.cz\/de\/#website"},"primaryImageOfPage":{"@id":"https:\/\/adgt.cz\/de\/products\/modems\/3g-modems\/adm236\/#primaryimage"},"image":{"@id":"https:\/\/adgt.cz\/de\/products\/modems\/3g-modems\/adm236\/#primaryimage"},"thumbnailUrl":"https:\/\/adgt.cz\/wp-content\/uploads\/2020\/09\/ADM2xx.jpg","datePublished":"2021-03-26T11:07:55+00:00","dateModified":"2022-02-02T14:08:13+00:00","breadcrumb":{"@id":"https:\/\/adgt.cz\/de\/products\/modems\/3g-modems\/adm236\/#breadcrumb"},"inLanguage":"de","potentialAction":[{"@type":"ReadAction","target":["https:\/\/adgt.cz\/de\/products\/modems\/3g-modems\/adm236\/"]}]},{"@type":"ImageObject","inLanguage":"de","@id":"https:\/\/adgt.cz\/de\/products\/modems\/3g-modems\/adm236\/#primaryimage","url":"https:\/\/adgt.cz\/wp-content\/uploads\/2020\/09\/ADM2xx.jpg","contentUrl":"https:\/\/adgt.cz\/wp-content\/uploads\/2020\/09\/ADM2xx.jpg","width":1200,"height":1198},{"@type":"BreadcrumbList","@id":"https:\/\/adgt.cz\/de\/products\/modems\/3g-modems\/adm236\/#breadcrumb","itemListElement":[{"@type":"ListItem","position":1,"name":"Home","item":"https:\/\/adgt.cz\/de\/"},{"@type":"ListItem","position":2,"name":"PRODUKTE","item":"https:\/\/adgt.cz\/products\/"},{"@type":"ListItem","position":3,"name":"Modems","item":"https:\/\/adgt.cz\/de\/product-category\/modems\/"},{"@type":"ListItem","position":4,"name":"3G Modems","item":"https:\/\/adgt.cz\/de\/product-category\/modems\/3g-modems\/"},{"@type":"ListItem","position":5,"name":"ADM236"}]},{"@type":"WebSite","@id":"https:\/\/adgt.cz\/de\/#website","url":"https:\/\/adgt.cz\/de\/","name":"ADGT","description":"Just another WordPress site","publisher":{"@id":"https:\/\/adgt.cz\/de\/#organization"},"potentialAction":[{"@type":"SearchAction","target":{"@type":"EntryPoint","urlTemplate":"https:\/\/adgt.cz\/de\/?s={search_term_string}"},"query-input":{"@type":"PropertyValueSpecification","valueRequired":true,"valueName":"search_term_string"}}],"inLanguage":"de"},{"@type":"Organization","@id":"https:\/\/adgt.cz\/de\/#organization","name":"ADGT","url":"https:\/\/adgt.cz\/de\/","logo":{"@type":"ImageObject","inLanguage":"de","@id":"https:\/\/adgt.cz\/de\/#\/schema\/logo\/image\/","url":"https:\/\/adgt.cz\/wp-content\/uploads\/2020\/09\/ADGT_logo_Magenta.png","contentUrl":"https:\/\/adgt.cz\/wp-content\/uploads\/2020\/09\/ADGT_logo_Magenta.png","width":798,"height":208,"caption":"ADGT"},"image":{"@id":"https:\/\/adgt.cz\/de\/#\/schema\/logo\/image\/"}}]}},"_links":{"self":[{"href":"https:\/\/adgt.cz\/de\/wp-json\/wp\/v2\/product\/10759"}],"collection":[{"href":"https:\/\/adgt.cz\/de\/wp-json\/wp\/v2\/product"}],"about":[{"href":"https:\/\/adgt.cz\/de\/wp-json\/wp\/v2\/types\/product"}],"replies":[{"embeddable":true,"href":"https:\/\/adgt.cz\/de\/wp-json\/wp\/v2\/comments?post=10759"}],"wp:featuredmedia":[{"embeddable":true,"href":"https:\/\/adgt.cz\/de\/wp-json\/wp\/v2\/media\/4988"}],"wp:attachment":[{"href":"https:\/\/adgt.cz\/de\/wp-json\/wp\/v2\/media?parent=10759"}],"wp:term":[{"taxonomy":"product_cat","embeddable":true,"href":"https:\/\/adgt.cz\/de\/wp-json\/wp\/v2\/product_cat?post=10759"},{"taxonomy":"product_tag","embeddable":true,"href":"https:\/\/adgt.cz\/de\/wp-json\/wp\/v2\/product_tag?post=10759"}],"curies":[{"name":"wp","href":"https:\/\/api.w.org\/{rel}","templated":true}]}}