{"id":10755,"date":"2020-09-24T08:14:08","date_gmt":"2021-03-26T11:07:32","guid":{"rendered":"https:\/\/adgt.cz\/?post_type=product&#038;p=10755"},"modified":"2022-02-02T13:44:34","modified_gmt":"2022-02-02T13:44:34","slug":"adm114-g","status":"publish","type":"product","link":"https:\/\/adgt.cz\/de\/products\/modems\/gsm-gprs-modems\/adm114-g\/","title":{"rendered":"ADM114-G"},"content":{"rendered":"<p>Smartes GSM\/GPRS-Modem mit galvanisch getrennte RS-485 Schnittstelle f\u00fcr industrielle Netzwerke und M2M\/IoT-Anwendungen. Bietet eine schnelle und zuverl\u00e4ssige drahtlose Daten\u00fcbertragung \u00fcber den GPRS-Kanal unter Verwendung des TCP\/IP-Protokolls sowie \u00fcber CSD.<\/p>\n<p>\u2014 Dual-Band GSM\/GPRS 900\/1800MHz<br \/>\n\u2014 Transparente Daten\u00fcbertragung \u00fcber das zellul\u00e4re GPRS- oder CSD-Netz<br \/>\n\u2014 Umwandlung serieller Daten in IP-Daten<br \/>\n\u2014 TCP-Klient\/TCP-Server-Modi<br \/>\n\u2014 GPRS-Verbindung: nach Plan und auf Anfrage<br \/>\n\u2014 Zwei SIM-Karten-Steckpl\u00e4tze f\u00fcr Kanalredundanz<br \/>\n\u2014 Lokale und Remote-Konfiguration und Firmware-Aktualisierung. Mehr als 200 Konfigurationsparameter. Fernkonfiguration \u00fcber TCP, CSD oder SMS<br \/>\n\u2014 Benutzerfreundliche Konfigurationssoftware<br \/>\n\u2014 1xDI. Senden von SMS, wenn DI ausgel\u00f6st wird<br \/>\n\u2014 Kompaktes Metallgeh\u00e4use, Montage auf Hutschiene<\/p>\n","protected":false},"excerpt":{"rendered":"<p>Smartes GSM\/GPRS-Modem mit galvanisch getrennte RS-485 Schnittstelle f\u00fcr industrielle Netzwerke und M2M\/IoT-Anwendungen. Bietet eine schnelle und zuverl\u00e4ssige drahtlose Daten\u00fcbertragung \u00fcber den GPRS-Kanal unter Verwendung des TCP\/IP-Protokolls sowie \u00fcber CSD.<\/p>\n","protected":false},"featured_media":4976,"comment_status":"closed","ping_status":"closed","template":"","meta":[],"product_cat":[482,483],"product_tag":[172],"class_list":{"0":"post-10755","1":"product","2":"type-product","3":"status-publish","4":"has-post-thumbnail","6":"product_cat-modems","7":"product_cat-gsm-gprs-modems","8":"product_tag-gprs-de","10":"first","11":"instock","12":"shipping-taxable","13":"purchasable","14":"product-type-simple"},"yoast_head":"<!-- This site is optimized with the Yoast SEO plugin v23.5 - https:\/\/yoast.com\/wordpress\/plugins\/seo\/ -->\n<title>ADM114-G - ADGT<\/title>\n<meta name=\"robots\" content=\"index, follow, max-snippet:-1, max-image-preview:large, max-video-preview:-1\" \/>\n<link rel=\"canonical\" href=\"https:\/\/adgt.cz\/de\/products\/modems\/gsm-gprs-modems\/adm114-g\/\" \/>\n<meta property=\"og:locale\" content=\"de_DE\" \/>\n<meta property=\"og:type\" content=\"article\" \/>\n<meta property=\"og:title\" content=\"ADM114-G - ADGT\" \/>\n<meta property=\"og:description\" content=\"Smartes GSM\/GPRS-Modem mit galvanisch getrennte RS-485 Schnittstelle f\u00fcr industrielle Netzwerke und M2M\/IoT-Anwendungen. Bietet eine schnelle und zuverl\u00e4ssige drahtlose Daten\u00fcbertragung \u00fcber den GPRS-Kanal unter Verwendung des TCP\/IP-Protokolls sowie \u00fcber CSD.\" \/>\n<meta property=\"og:url\" content=\"https:\/\/adgt.cz\/de\/products\/modems\/gsm-gprs-modems\/adm114-g\/\" \/>\n<meta property=\"og:site_name\" content=\"ADGT\" \/>\n<meta property=\"article:modified_time\" content=\"2022-02-02T13:44:34+00:00\" \/>\n<meta property=\"og:image\" content=\"https:\/\/adgt.cz\/wp-content\/uploads\/2020\/09\/ADM-10.jpg\" \/>\n\t<meta property=\"og:image:width\" content=\"1200\" \/>\n\t<meta property=\"og:image:height\" content=\"1200\" \/>\n\t<meta property=\"og:image:type\" content=\"image\/jpeg\" \/>\n<meta name=\"twitter:card\" content=\"summary_large_image\" \/>\n<meta name=\"twitter:label1\" content=\"Gesch\u00e4tzte Lesezeit\" \/>\n\t<meta name=\"twitter:data1\" content=\"1\u00a0Minute\" \/>\n<script type=\"application\/ld+json\" class=\"yoast-schema-graph\">{\"@context\":\"https:\/\/schema.org\",\"@graph\":[{\"@type\":\"WebPage\",\"@id\":\"https:\/\/adgt.cz\/de\/products\/modems\/gsm-gprs-modems\/adm114-g\/\",\"url\":\"https:\/\/adgt.cz\/de\/products\/modems\/gsm-gprs-modems\/adm114-g\/\",\"name\":\"ADM114-G - ADGT\",\"isPartOf\":{\"@id\":\"https:\/\/adgt.cz\/de\/#website\"},\"primaryImageOfPage\":{\"@id\":\"https:\/\/adgt.cz\/de\/products\/modems\/gsm-gprs-modems\/adm114-g\/#primaryimage\"},\"image\":{\"@id\":\"https:\/\/adgt.cz\/de\/products\/modems\/gsm-gprs-modems\/adm114-g\/#primaryimage\"},\"thumbnailUrl\":\"https:\/\/adgt.cz\/wp-content\/uploads\/2020\/09\/ADM-10.jpg\",\"datePublished\":\"2021-03-26T11:07:32+00:00\",\"dateModified\":\"2022-02-02T13:44:34+00:00\",\"breadcrumb\":{\"@id\":\"https:\/\/adgt.cz\/de\/products\/modems\/gsm-gprs-modems\/adm114-g\/#breadcrumb\"},\"inLanguage\":\"de\",\"potentialAction\":[{\"@type\":\"ReadAction\",\"target\":[\"https:\/\/adgt.cz\/de\/products\/modems\/gsm-gprs-modems\/adm114-g\/\"]}]},{\"@type\":\"ImageObject\",\"inLanguage\":\"de\",\"@id\":\"https:\/\/adgt.cz\/de\/products\/modems\/gsm-gprs-modems\/adm114-g\/#primaryimage\",\"url\":\"https:\/\/adgt.cz\/wp-content\/uploads\/2020\/09\/ADM-10.jpg\",\"contentUrl\":\"https:\/\/adgt.cz\/wp-content\/uploads\/2020\/09\/ADM-10.jpg\",\"width\":1200,\"height\":1200},{\"@type\":\"BreadcrumbList\",\"@id\":\"https:\/\/adgt.cz\/de\/products\/modems\/gsm-gprs-modems\/adm114-g\/#breadcrumb\",\"itemListElement\":[{\"@type\":\"ListItem\",\"position\":1,\"name\":\"Home\",\"item\":\"https:\/\/adgt.cz\/de\/\"},{\"@type\":\"ListItem\",\"position\":2,\"name\":\"PRODUKTE\",\"item\":\"https:\/\/adgt.cz\/products\/\"},{\"@type\":\"ListItem\",\"position\":3,\"name\":\"Modems\",\"item\":\"https:\/\/adgt.cz\/de\/product-category\/modems\/\"},{\"@type\":\"ListItem\",\"position\":4,\"name\":\"GSM\/GPRS Modems\",\"item\":\"https:\/\/adgt.cz\/de\/product-category\/modems\/gsm-gprs-modems\/\"},{\"@type\":\"ListItem\",\"position\":5,\"name\":\"ADM114-G\"}]},{\"@type\":\"WebSite\",\"@id\":\"https:\/\/adgt.cz\/de\/#website\",\"url\":\"https:\/\/adgt.cz\/de\/\",\"name\":\"ADGT\",\"description\":\"Just another WordPress site\",\"publisher\":{\"@id\":\"https:\/\/adgt.cz\/de\/#organization\"},\"potentialAction\":[{\"@type\":\"SearchAction\",\"target\":{\"@type\":\"EntryPoint\",\"urlTemplate\":\"https:\/\/adgt.cz\/de\/?s={search_term_string}\"},\"query-input\":{\"@type\":\"PropertyValueSpecification\",\"valueRequired\":true,\"valueName\":\"search_term_string\"}}],\"inLanguage\":\"de\"},{\"@type\":\"Organization\",\"@id\":\"https:\/\/adgt.cz\/de\/#organization\",\"name\":\"ADGT\",\"url\":\"https:\/\/adgt.cz\/de\/\",\"logo\":{\"@type\":\"ImageObject\",\"inLanguage\":\"de\",\"@id\":\"https:\/\/adgt.cz\/de\/#\/schema\/logo\/image\/\",\"url\":\"https:\/\/adgt.cz\/wp-content\/uploads\/2020\/09\/ADGT_logo_Magenta.png\",\"contentUrl\":\"https:\/\/adgt.cz\/wp-content\/uploads\/2020\/09\/ADGT_logo_Magenta.png\",\"width\":798,\"height\":208,\"caption\":\"ADGT\"},\"image\":{\"@id\":\"https:\/\/adgt.cz\/de\/#\/schema\/logo\/image\/\"}}]}<\/script>\n<!-- \/ Yoast SEO plugin. -->","yoast_head_json":{"title":"ADM114-G - ADGT","robots":{"index":"index","follow":"follow","max-snippet":"max-snippet:-1","max-image-preview":"max-image-preview:large","max-video-preview":"max-video-preview:-1"},"canonical":"https:\/\/adgt.cz\/de\/products\/modems\/gsm-gprs-modems\/adm114-g\/","og_locale":"de_DE","og_type":"article","og_title":"ADM114-G - ADGT","og_description":"Smartes GSM\/GPRS-Modem mit galvanisch getrennte RS-485 Schnittstelle f\u00fcr industrielle Netzwerke und M2M\/IoT-Anwendungen. Bietet eine schnelle und zuverl\u00e4ssige drahtlose Daten\u00fcbertragung \u00fcber den GPRS-Kanal unter Verwendung des TCP\/IP-Protokolls sowie \u00fcber CSD.","og_url":"https:\/\/adgt.cz\/de\/products\/modems\/gsm-gprs-modems\/adm114-g\/","og_site_name":"ADGT","article_modified_time":"2022-02-02T13:44:34+00:00","og_image":[{"width":1200,"height":1200,"url":"https:\/\/adgt.cz\/wp-content\/uploads\/2020\/09\/ADM-10.jpg","type":"image\/jpeg"}],"twitter_card":"summary_large_image","twitter_misc":{"Gesch\u00e4tzte Lesezeit":"1\u00a0Minute"},"schema":{"@context":"https:\/\/schema.org","@graph":[{"@type":"WebPage","@id":"https:\/\/adgt.cz\/de\/products\/modems\/gsm-gprs-modems\/adm114-g\/","url":"https:\/\/adgt.cz\/de\/products\/modems\/gsm-gprs-modems\/adm114-g\/","name":"ADM114-G - ADGT","isPartOf":{"@id":"https:\/\/adgt.cz\/de\/#website"},"primaryImageOfPage":{"@id":"https:\/\/adgt.cz\/de\/products\/modems\/gsm-gprs-modems\/adm114-g\/#primaryimage"},"image":{"@id":"https:\/\/adgt.cz\/de\/products\/modems\/gsm-gprs-modems\/adm114-g\/#primaryimage"},"thumbnailUrl":"https:\/\/adgt.cz\/wp-content\/uploads\/2020\/09\/ADM-10.jpg","datePublished":"2021-03-26T11:07:32+00:00","dateModified":"2022-02-02T13:44:34+00:00","breadcrumb":{"@id":"https:\/\/adgt.cz\/de\/products\/modems\/gsm-gprs-modems\/adm114-g\/#breadcrumb"},"inLanguage":"de","potentialAction":[{"@type":"ReadAction","target":["https:\/\/adgt.cz\/de\/products\/modems\/gsm-gprs-modems\/adm114-g\/"]}]},{"@type":"ImageObject","inLanguage":"de","@id":"https:\/\/adgt.cz\/de\/products\/modems\/gsm-gprs-modems\/adm114-g\/#primaryimage","url":"https:\/\/adgt.cz\/wp-content\/uploads\/2020\/09\/ADM-10.jpg","contentUrl":"https:\/\/adgt.cz\/wp-content\/uploads\/2020\/09\/ADM-10.jpg","width":1200,"height":1200},{"@type":"BreadcrumbList","@id":"https:\/\/adgt.cz\/de\/products\/modems\/gsm-gprs-modems\/adm114-g\/#breadcrumb","itemListElement":[{"@type":"ListItem","position":1,"name":"Home","item":"https:\/\/adgt.cz\/de\/"},{"@type":"ListItem","position":2,"name":"PRODUKTE","item":"https:\/\/adgt.cz\/products\/"},{"@type":"ListItem","position":3,"name":"Modems","item":"https:\/\/adgt.cz\/de\/product-category\/modems\/"},{"@type":"ListItem","position":4,"name":"GSM\/GPRS Modems","item":"https:\/\/adgt.cz\/de\/product-category\/modems\/gsm-gprs-modems\/"},{"@type":"ListItem","position":5,"name":"ADM114-G"}]},{"@type":"WebSite","@id":"https:\/\/adgt.cz\/de\/#website","url":"https:\/\/adgt.cz\/de\/","name":"ADGT","description":"Just another WordPress site","publisher":{"@id":"https:\/\/adgt.cz\/de\/#organization"},"potentialAction":[{"@type":"SearchAction","target":{"@type":"EntryPoint","urlTemplate":"https:\/\/adgt.cz\/de\/?s={search_term_string}"},"query-input":{"@type":"PropertyValueSpecification","valueRequired":true,"valueName":"search_term_string"}}],"inLanguage":"de"},{"@type":"Organization","@id":"https:\/\/adgt.cz\/de\/#organization","name":"ADGT","url":"https:\/\/adgt.cz\/de\/","logo":{"@type":"ImageObject","inLanguage":"de","@id":"https:\/\/adgt.cz\/de\/#\/schema\/logo\/image\/","url":"https:\/\/adgt.cz\/wp-content\/uploads\/2020\/09\/ADGT_logo_Magenta.png","contentUrl":"https:\/\/adgt.cz\/wp-content\/uploads\/2020\/09\/ADGT_logo_Magenta.png","width":798,"height":208,"caption":"ADGT"},"image":{"@id":"https:\/\/adgt.cz\/de\/#\/schema\/logo\/image\/"}}]}},"_links":{"self":[{"href":"https:\/\/adgt.cz\/de\/wp-json\/wp\/v2\/product\/10755"}],"collection":[{"href":"https:\/\/adgt.cz\/de\/wp-json\/wp\/v2\/product"}],"about":[{"href":"https:\/\/adgt.cz\/de\/wp-json\/wp\/v2\/types\/product"}],"replies":[{"embeddable":true,"href":"https:\/\/adgt.cz\/de\/wp-json\/wp\/v2\/comments?post=10755"}],"wp:featuredmedia":[{"embeddable":true,"href":"https:\/\/adgt.cz\/de\/wp-json\/wp\/v2\/media\/4976"}],"wp:attachment":[{"href":"https:\/\/adgt.cz\/de\/wp-json\/wp\/v2\/media?parent=10755"}],"wp:term":[{"taxonomy":"product_cat","embeddable":true,"href":"https:\/\/adgt.cz\/de\/wp-json\/wp\/v2\/product_cat?post=10755"},{"taxonomy":"product_tag","embeddable":true,"href":"https:\/\/adgt.cz\/de\/wp-json\/wp\/v2\/product_tag?post=10755"}],"curies":[{"name":"wp","href":"https:\/\/api.w.org\/{rel}","templated":true}]}}