{"id":10987,"date":"2021-03-30T13:38:01","date_gmt":"2021-03-30T13:38:01","guid":{"rendered":"https:\/\/adgt.cz\/uber-uns\/"},"modified":"2021-05-21T12:33:30","modified_gmt":"2021-05-21T12:33:30","slug":"about-us","status":"publish","type":"page","link":"https:\/\/adgt.cz\/de\/about-us\/","title":{"rendered":"\u00dcber uns"},"content":{"rendered":"<p>[vc_row][vc_column]\r\n\t<div class=\"wprt-spacer clearfix\" data-desktop=\"70\" data-mobi=\"50\" data-smobi=\"50\"><\/div><div class=\"wprt-headings clearfix text-center\"  style=\"\"><h2 class=\"heading clearfix\" style=\"font-weight:700;margin-bottom:3px;\">\r\n\t\tWILLKOMMEN BEI ADGT\r\n\t<\/h2><div class=\"sep accent clearfix\" style=\"width:60px;height:3px;\"><\/div><p class=\"sub-heading clearfix\" style=\"font-style:normal;font-size:14px;line-height:28px;margin-top:11px;max-width:520px; margin-left: auto; margin-right: auto;font-family:Montserrat;\">\r\n\t\tSMART WIRELESS SOLUTIONS\r\n\t<\/p><\/div>\r\n\t<div class=\"wprt-spacer clearfix\" data-desktop=\"35\" data-mobi=\"35\" data-smobi=\"35\"><\/div>[vc_row_inner gap=&#8221;35&#8243;][vc_column_inner width=&#8221;1\/2&#8243;][vc_column_text]Bei ADGT entwickeln und produzieren wir drahtlose L\u00f6sungen und Systeme f\u00fcr die Ferndatenerfassung, -verarbeitung und -\u00fcbertragung \u00fcber mobile Netzwerke. Au\u00dferdem produzieren wir spezielle Software, die unsere Produkte zu anpassungsf\u00e4higen und flexiblen Werkzeugen f\u00fcr die Anforderungen unserer Kunden macht.<\/p>\n<p>ADGT bietet einen vollst\u00e4ndigen Produktionszyklus: von der Projektentwicklung bis zur Freigabe des fertigen Produkts. Alle unsere Ger\u00e4te werden auf der Basis von hochwertigen zertifizierten Komponenten von weltweit f\u00fchrenden Herstellern entwickelt. Der Service der Qualit\u00e4tskontrolle gew\u00e4hrleistet die Haltbarkeit und Zuverl\u00e4ssigkeit unserer Ger\u00e4te.[\/vc_column_text][\/vc_column_inner][vc_column_inner width=&#8221;1\/2&#8243;][vc_single_image image=&#8221;5745&#8243; alignment=&#8221;center&#8221;][\/vc_column_inner][\/vc_row_inner]\r\n\t<div class=\"wprt-spacer clearfix\" data-desktop=\"30\" data-mobi=\"20\" data-smobi=\"20\"><\/div>[\/vc_column][\/vc_row][vc_row][vc_column width=&#8221;1\/2&#8243;]<div class=\"wprt-content-box clearfix \" data-padding=\"\" data-mobipadding=\"\" data-margin=\"10% 20%\" data-mobimargin=\"8%\">\r\n\t\t<div class=\"inner \" style=\"\">\r\n\t\t\t<div class=\"wprt-headings clearfix \"  style=\"\"><h2 class=\"heading clearfix\" style=\"font-weight:700;margin-bottom:5px;\">\r\n\t\tWIR PRODUZIEREN\r\n\t<\/h2><div class=\"sep accent clearfix\" style=\"width:60px;height:5px;\"><\/div><\/div><div class=\"wprt-list clearfix icon-left icon-top\">\r\n\t\t<div style=\"padding:20px 0px 0px 0px;margin-bottom:3px;\">\r\n\t\t\t<span style=\"padding-left:35px;\"><span class=\"icon style-3\" style=\"\">\r\n\t\t\t<i class=\"fa fa-check\"><\/i>\r\n\t\t<\/span> <span style=\"font-size:17px;\">GSM\/3G\/NB-IoT Smart Modems<\/span><\/span>\r\n\t\t<\/div>\r\n\t<\/div><div class=\"wprt-list clearfix icon-left icon-top\">\r\n\t\t<div style=\"padding:0px 0px 0px 0px;margin-bottom:3px;\">\r\n\t\t\t<span style=\"padding-left:35px;\"><span class=\"icon style-3\" style=\"\">\r\n\t\t\t<i class=\"fa fa-check\"><\/i>\r\n\t\t<\/span> <span style=\"font-size:17px;\">GPRS\/NB-IoT\/Cat M1 Datenlogger<\/span><\/span>\r\n\t\t<\/div>\r\n\t<\/div><div class=\"wprt-list clearfix icon-left icon-top\">\r\n\t\t<div style=\"padding:0px 0px 0px 0px;margin-bottom:3px;\">\r\n\t\t\t<span style=\"padding-left:35px;\"><span class=\"icon style-3\" style=\"\">\r\n\t\t\t<i class=\"fa fa-check\"><\/i>\r\n\t\t<\/span> <span style=\"font-size:17px;\">3G\/4G-Router<\/span><\/span>\r\n\t\t<\/div>\r\n\t<\/div><div class=\"wprt-list clearfix icon-left icon-top\">\r\n\t\t<div style=\"padding:0px 0px 0px 0px;margin-bottom:3px;\">\r\n\t\t\t<span style=\"padding-left:35px;\"><span class=\"icon style-3\" style=\"\">\r\n\t\t\t<i class=\"fa fa-check\"><\/i>\r\n\t\t<\/span> <span style=\"font-size:17px;\">Umsetzer<\/span><\/span>\r\n\t\t<\/div>\r\n\t<\/div><div class=\"wprt-list clearfix icon-left icon-top\">\r\n\t\t<div style=\"padding:0px 0px 0px 0px;margin-bottom:3px;\">\r\n\t\t\t<span style=\"padding-left:35px;\"><span class=\"icon style-3\" style=\"\">\r\n\t\t\t<i class=\"fa fa-check\"><\/i>\r\n\t\t<\/span> <span style=\"font-size:17px;\">Software<\/span><\/span>\r\n\t\t<\/div>\r\n\t<\/div><div class=\"wprt-list clearfix icon-left icon-top\">\r\n\t\t<div style=\"padding:0px 0px 0px 0px;margin-bottom:3px;\">\r\n\t\t\t<span style=\"padding-left:35px;\"><span class=\"icon style-3\" style=\"\">\r\n\t\t\t<i class=\"fa fa-check\"><\/i>\r\n\t\t<\/span> <span style=\"font-size:17px;\">Kommunikationsantennen &amp; Zubeh\u00f6r<\/span><\/span>\r\n\t\t<\/div>\r\n\t<\/div>\r\n\t<div class=\"wprt-spacer clearfix\" data-desktop=\"30\" data-mobi=\"30\" data-smobi=\"30\"><\/div><div class=\"button-wrap icon-left\" style=\"\"><a href=\"https:\/\/adgt.cz\/de\/products\/\" target=\"_blank\" class=\"wprt-button big solid accent\" style=\"\">\r\n\t\t<span style=\"\">LOOK-PRODUKTE <\/span>\r\n\t<\/a><\/div>\n\r\n\t\t<\/div>\r\n\t<\/div>[\/vc_column][vc_column width=&#8221;1\/2&#8243;]\r\n\t<div class=\"wprt-accordions style-2\"><div class=\"accordion-item  no-icon\" style=\"margin-bottom:10px;\"><\/div><div class=\"accordion-item  active no-icon\" style=\"margin-bottom:10px;\"><h3 class=\"accordion-heading\" style=\"\">\r\n\t\t\t<span class=\"inner\" style=\"\">\r\n\t\t\t\t\r\n\t\t\t\tWARUM W\u00c4HLEN SIE UNS?\r\n\t\t\t<\/span>\r\n\t\t<\/h3><div class=\"accordion-content\" style=\"padding:22px 0px 20px 13px;\"><p>ADGT ist ein Team von extrem enthusiastischen und hochqualifizierten technischen Spezialisten. Wenn wir unsere Geschichte bis in die sp\u00e4ten 2000er Jahre zur\u00fcckverfolgen, begannen wir als eine kleine Ingenieursgruppe, die im Bereich der Entwicklung und Produktion von Kommunikationsger\u00e4ten arbeitete. Unser adaptiver Ansatz und das Verst\u00e4ndnis f\u00fcr die Interessen unserer Kunden halfen dem Unternehmen, seinen Platz auf dem digitalen Markt einzunehmen und zu halten. Als Reaktion auf die sich \u00e4ndernden Anforderungen der Zeit wurde auch eine spezialisierte IT-Einheit geschaffen, um unsere Ger\u00e4te mit geeigneter und leicht anpassbarer Software zu versorgen.<\/p>\n<p>Heutzutage ist es schwer, die Effektivit\u00e4t aufrechtzuerhalten, wenn man aktuelle Trends in seinem Gesch\u00e4ft verpasst. Seit unserer Gr\u00fcndung haben wir eine Menge Erfahrung gesammelt, die es uns erm\u00f6glicht, die Entwicklung und Produktion von Elektronik und Ger\u00e4ten fortzusetzen, um die Herausforderungen der Energieeffizienz und Energieeinsparung zu meistern, sowie intelligente Messger\u00e4te und drahtlose Sensornetzwerke zu schaffen.<\/p>\n<\/div><\/div><div class=\"accordion-item  no-icon\" style=\"margin-bottom:10px;\"><h3 class=\"accordion-heading\" style=\"\">\r\n\t\t\t<span class=\"inner\" style=\"\">\r\n\t\t\t\t\r\n\t\t\t\tPHILOSOPHIE\r\n\t\t\t<\/span>\r\n\t\t<\/h3><div class=\"accordion-content\" style=\"padding:22px 0px 20px 13px;\"><p>Der Respekt gegen\u00fcber unseren Kunden und die Aufmerksamkeit f\u00fcr ihre Bed\u00fcrfnisse bilden die Grundlage unserer Philosophie. Das ist es, was wir in den \u00fcber 10 Jahren unserer einzigartigen Erfahrung bei der Schaffung und Erweiterung des innovativen Gesch\u00e4fts im Bereich der Entwicklung und Herstellung von Hardware und Software im Auge behalten haben.<\/p>\n<p>Unsere Hauptpriorit\u00e4ten sind die Schaffung von vielseitigen, zuverl\u00e4ssigen und kosteneffektiven Ger\u00e4ten, sowie das Entwerfen neuer L\u00f6sungen f\u00fcr das Ressourcenmanagement, die Energieeinsparung und die Verbesserung der Energieeffizienz sowohl f\u00fcr die private als auch f\u00fcr die industrielle Nutzung. Wir tun unser Bestes, um die hohe Qualit\u00e4t unserer Produkte und Dienstleistungen zu gew\u00e4hrleisten, um die Anerkennung und Loyalit\u00e4t der Kunden zu erreichen.<\/p>\n<\/div><\/div>\n<\/div>\r\n\t<div class=\"wprt-spacer clearfix\" data-desktop=\"60\" data-mobi=\"20\" data-smobi=\"20\"><\/div>[\/vc_column][\/vc_row]<\/p>\n","protected":false},"excerpt":{"rendered":"<p>[vc_row][vc_column][vc_row_inner gap=&#8221;35&#8243;][vc_column_inner width=&#8221;1\/2&#8243;][vc_column_text]Bei ADGT entwickeln und produzieren wir drahtlose L\u00f6sungen und Systeme f\u00fcr die Ferndatenerfassung, -verarbeitung und -\u00fcbertragung \u00fcber mobile Netzwerke. Au\u00dferdem produzieren wir spezielle Software, die unsere Produkte zu anpassungsf\u00e4higen und flexiblen Werkzeugen f\u00fcr die Anforderungen unserer Kunden macht. ADGT bietet einen vollst\u00e4ndigen Produktionszyklus: von der Projektentwicklung bis zur Freigabe des fertigen Produkts. Alle unsere Ger\u00e4te werden auf der Basis von hochwertigen zertifizierten Komponenten von weltweit f\u00fchrenden Herstellern entwickelt. Der Service der Qualit\u00e4tskontrolle gew\u00e4hrleistet die Haltbarkeit und Zuverl\u00e4ssigkeit unserer Ger\u00e4te.[\/vc_column_text][\/vc_column_inner][vc_column_inner width=&#8221;1\/2&#8243;][vc_single_image image=&#8221;5745&#8243; alignment=&#8221;center&#8221;][\/vc_column_inner][\/vc_row_inner][\/vc_column][\/vc_row][vc_row][vc_column width=&#8221;1\/2&#8243;][\/vc_column][vc_column width=&#8221;1\/2&#8243;][\/vc_column][\/vc_row]<\/p>\n","protected":false},"author":1,"featured_media":0,"parent":0,"menu_order":0,"comment_status":"closed","ping_status":"closed","template":"","meta":{"footnotes":""},"class_list":["post-10987","page","type-page","status-publish","hentry"],"yoast_head":"<!-- This site is optimized with the Yoast SEO plugin v23.5 - https:\/\/yoast.com\/wordpress\/plugins\/seo\/ -->\n<title>\u00dcber uns - ADGT<\/title>\n<meta name=\"robots\" content=\"index, follow, max-snippet:-1, max-image-preview:large, max-video-preview:-1\" \/>\n<link rel=\"canonical\" href=\"https:\/\/adgt.cz\/de\/about-us\/\" \/>\n<meta property=\"og:locale\" content=\"de_DE\" \/>\n<meta property=\"og:type\" content=\"article\" \/>\n<meta property=\"og:title\" content=\"\u00dcber uns - ADGT\" \/>\n<meta property=\"og:description\" content=\"[vc_row][vc_column][vc_row_inner gap=&#8221;35&#8243;][vc_column_inner width=&#8221;1\/2&#8243;][vc_column_text]Bei ADGT entwickeln und produzieren wir drahtlose L\u00f6sungen und Systeme f\u00fcr die Ferndatenerfassung, -verarbeitung und -\u00fcbertragung \u00fcber mobile Netzwerke. Au\u00dferdem produzieren wir spezielle Software, die unsere Produkte zu anpassungsf\u00e4higen und flexiblen Werkzeugen f\u00fcr die Anforderungen unserer Kunden macht. ADGT bietet einen vollst\u00e4ndigen Produktionszyklus: von der Projektentwicklung bis zur Freigabe des fertigen Produkts. Alle unsere Ger\u00e4te werden auf der Basis von hochwertigen zertifizierten Komponenten von weltweit f\u00fchrenden Herstellern entwickelt. Der Service der Qualit\u00e4tskontrolle gew\u00e4hrleistet die Haltbarkeit und Zuverl\u00e4ssigkeit unserer Ger\u00e4te.[\/vc_column_text][\/vc_column_inner][vc_column_inner width=&#8221;1\/2&#8243;][vc_single_image image=&#8221;5745&#8243; alignment=&#8221;center&#8221;][\/vc_column_inner][\/vc_row_inner][\/vc_column][\/vc_row][vc_row][vc_column width=&#8221;1\/2&#8243;][\/vc_column][vc_column width=&#8221;1\/2&#8243;][\/vc_column][\/vc_row]\" \/>\n<meta property=\"og:url\" content=\"https:\/\/adgt.cz\/de\/about-us\/\" \/>\n<meta property=\"og:site_name\" content=\"ADGT\" \/>\n<meta property=\"article:modified_time\" content=\"2021-05-21T12:33:30+00:00\" \/>\n<meta name=\"twitter:card\" content=\"summary_large_image\" \/>\n<meta name=\"twitter:label1\" content=\"Gesch\u00e4tzte Lesezeit\" \/>\n\t<meta name=\"twitter:data1\" content=\"4\u00a0Minuten\" \/>\n<script type=\"application\/ld+json\" class=\"yoast-schema-graph\">{\"@context\":\"https:\/\/schema.org\",\"@graph\":[{\"@type\":\"WebPage\",\"@id\":\"https:\/\/adgt.cz\/de\/about-us\/\",\"url\":\"https:\/\/adgt.cz\/de\/about-us\/\",\"name\":\"\u00dcber uns - ADGT\",\"isPartOf\":{\"@id\":\"https:\/\/adgt.cz\/de\/#website\"},\"datePublished\":\"2021-03-30T13:38:01+00:00\",\"dateModified\":\"2021-05-21T12:33:30+00:00\",\"breadcrumb\":{\"@id\":\"https:\/\/adgt.cz\/de\/about-us\/#breadcrumb\"},\"inLanguage\":\"de\",\"potentialAction\":[{\"@type\":\"ReadAction\",\"target\":[\"https:\/\/adgt.cz\/de\/about-us\/\"]}]},{\"@type\":\"BreadcrumbList\",\"@id\":\"https:\/\/adgt.cz\/de\/about-us\/#breadcrumb\",\"itemListElement\":[{\"@type\":\"ListItem\",\"position\":1,\"name\":\"Home\",\"item\":\"https:\/\/adgt.cz\/de\/\"},{\"@type\":\"ListItem\",\"position\":2,\"name\":\"\u00dcber uns\"}]},{\"@type\":\"WebSite\",\"@id\":\"https:\/\/adgt.cz\/de\/#website\",\"url\":\"https:\/\/adgt.cz\/de\/\",\"name\":\"ADGT\",\"description\":\"Just another WordPress site\",\"publisher\":{\"@id\":\"https:\/\/adgt.cz\/de\/#organization\"},\"potentialAction\":[{\"@type\":\"SearchAction\",\"target\":{\"@type\":\"EntryPoint\",\"urlTemplate\":\"https:\/\/adgt.cz\/de\/?s={search_term_string}\"},\"query-input\":{\"@type\":\"PropertyValueSpecification\",\"valueRequired\":true,\"valueName\":\"search_term_string\"}}],\"inLanguage\":\"de\"},{\"@type\":\"Organization\",\"@id\":\"https:\/\/adgt.cz\/de\/#organization\",\"name\":\"ADGT\",\"url\":\"https:\/\/adgt.cz\/de\/\",\"logo\":{\"@type\":\"ImageObject\",\"inLanguage\":\"de\",\"@id\":\"https:\/\/adgt.cz\/de\/#\/schema\/logo\/image\/\",\"url\":\"https:\/\/adgt.cz\/wp-content\/uploads\/2020\/09\/ADGT_logo_Magenta.png\",\"contentUrl\":\"https:\/\/adgt.cz\/wp-content\/uploads\/2020\/09\/ADGT_logo_Magenta.png\",\"width\":798,\"height\":208,\"caption\":\"ADGT\"},\"image\":{\"@id\":\"https:\/\/adgt.cz\/de\/#\/schema\/logo\/image\/\"}}]}<\/script>\n<!-- \/ Yoast SEO plugin. -->","yoast_head_json":{"title":"\u00dcber uns - ADGT","robots":{"index":"index","follow":"follow","max-snippet":"max-snippet:-1","max-image-preview":"max-image-preview:large","max-video-preview":"max-video-preview:-1"},"canonical":"https:\/\/adgt.cz\/de\/about-us\/","og_locale":"de_DE","og_type":"article","og_title":"\u00dcber uns - ADGT","og_description":"[vc_row][vc_column][vc_row_inner gap=&#8221;35&#8243;][vc_column_inner width=&#8221;1\/2&#8243;][vc_column_text]Bei ADGT entwickeln und produzieren wir drahtlose L\u00f6sungen und Systeme f\u00fcr die Ferndatenerfassung, -verarbeitung und -\u00fcbertragung \u00fcber mobile Netzwerke. Au\u00dferdem produzieren wir spezielle Software, die unsere Produkte zu anpassungsf\u00e4higen und flexiblen Werkzeugen f\u00fcr die Anforderungen unserer Kunden macht. ADGT bietet einen vollst\u00e4ndigen Produktionszyklus: von der Projektentwicklung bis zur Freigabe des fertigen Produkts. Alle unsere Ger\u00e4te werden auf der Basis von hochwertigen zertifizierten Komponenten von weltweit f\u00fchrenden Herstellern entwickelt. Der Service der Qualit\u00e4tskontrolle gew\u00e4hrleistet die Haltbarkeit und Zuverl\u00e4ssigkeit unserer Ger\u00e4te.[\/vc_column_text][\/vc_column_inner][vc_column_inner width=&#8221;1\/2&#8243;][vc_single_image image=&#8221;5745&#8243; alignment=&#8221;center&#8221;][\/vc_column_inner][\/vc_row_inner][\/vc_column][\/vc_row][vc_row][vc_column width=&#8221;1\/2&#8243;][\/vc_column][vc_column width=&#8221;1\/2&#8243;][\/vc_column][\/vc_row]","og_url":"https:\/\/adgt.cz\/de\/about-us\/","og_site_name":"ADGT","article_modified_time":"2021-05-21T12:33:30+00:00","twitter_card":"summary_large_image","twitter_misc":{"Gesch\u00e4tzte Lesezeit":"4\u00a0Minuten"},"schema":{"@context":"https:\/\/schema.org","@graph":[{"@type":"WebPage","@id":"https:\/\/adgt.cz\/de\/about-us\/","url":"https:\/\/adgt.cz\/de\/about-us\/","name":"\u00dcber uns - ADGT","isPartOf":{"@id":"https:\/\/adgt.cz\/de\/#website"},"datePublished":"2021-03-30T13:38:01+00:00","dateModified":"2021-05-21T12:33:30+00:00","breadcrumb":{"@id":"https:\/\/adgt.cz\/de\/about-us\/#breadcrumb"},"inLanguage":"de","potentialAction":[{"@type":"ReadAction","target":["https:\/\/adgt.cz\/de\/about-us\/"]}]},{"@type":"BreadcrumbList","@id":"https:\/\/adgt.cz\/de\/about-us\/#breadcrumb","itemListElement":[{"@type":"ListItem","position":1,"name":"Home","item":"https:\/\/adgt.cz\/de\/"},{"@type":"ListItem","position":2,"name":"\u00dcber uns"}]},{"@type":"WebSite","@id":"https:\/\/adgt.cz\/de\/#website","url":"https:\/\/adgt.cz\/de\/","name":"ADGT","description":"Just another WordPress site","publisher":{"@id":"https:\/\/adgt.cz\/de\/#organization"},"potentialAction":[{"@type":"SearchAction","target":{"@type":"EntryPoint","urlTemplate":"https:\/\/adgt.cz\/de\/?s={search_term_string}"},"query-input":{"@type":"PropertyValueSpecification","valueRequired":true,"valueName":"search_term_string"}}],"inLanguage":"de"},{"@type":"Organization","@id":"https:\/\/adgt.cz\/de\/#organization","name":"ADGT","url":"https:\/\/adgt.cz\/de\/","logo":{"@type":"ImageObject","inLanguage":"de","@id":"https:\/\/adgt.cz\/de\/#\/schema\/logo\/image\/","url":"https:\/\/adgt.cz\/wp-content\/uploads\/2020\/09\/ADGT_logo_Magenta.png","contentUrl":"https:\/\/adgt.cz\/wp-content\/uploads\/2020\/09\/ADGT_logo_Magenta.png","width":798,"height":208,"caption":"ADGT"},"image":{"@id":"https:\/\/adgt.cz\/de\/#\/schema\/logo\/image\/"}}]}},"_links":{"self":[{"href":"https:\/\/adgt.cz\/de\/wp-json\/wp\/v2\/pages\/10987"}],"collection":[{"href":"https:\/\/adgt.cz\/de\/wp-json\/wp\/v2\/pages"}],"about":[{"href":"https:\/\/adgt.cz\/de\/wp-json\/wp\/v2\/types\/page"}],"author":[{"embeddable":true,"href":"https:\/\/adgt.cz\/de\/wp-json\/wp\/v2\/users\/1"}],"replies":[{"embeddable":true,"href":"https:\/\/adgt.cz\/de\/wp-json\/wp\/v2\/comments?post=10987"}],"version-history":[{"count":10,"href":"https:\/\/adgt.cz\/de\/wp-json\/wp\/v2\/pages\/10987\/revisions"}],"predecessor-version":[{"id":11889,"href":"https:\/\/adgt.cz\/de\/wp-json\/wp\/v2\/pages\/10987\/revisions\/11889"}],"wp:attachment":[{"href":"https:\/\/adgt.cz\/de\/wp-json\/wp\/v2\/media?parent=10987"}],"curies":[{"name":"wp","href":"https:\/\/api.w.org\/{rel}","templated":true}]}}