{"id":10975,"date":"2021-03-30T13:20:55","date_gmt":"2021-03-30T13:20:55","guid":{"rendered":"https:\/\/adgt.cz\/unterstutzung\/"},"modified":"2021-05-19T14:22:48","modified_gmt":"2021-05-19T14:22:48","slug":"support","status":"publish","type":"page","link":"https:\/\/adgt.cz\/de\/support\/","title":{"rendered":"Unterst\u00fctzung"},"content":{"rendered":"<p>[vc_row][vc_column width=&#8221;2\/3&#8243;]\r\n\t<div class=\"wprt-spacer clearfix\" data-desktop=\"40\" data-mobi=\"10\" data-smobi=\"10\"><\/div>[vc_column_text]Hier k\u00f6nnen Sie eine Anfrage an den Technischen Support von ADGT stellen. Bitte f\u00fcllen Sie das untenstehende Formular aus und das Team des technischen Supports wird sich in K\u00fcrze mit Ihnen in Verbindung setzen.[\/vc_column_text]\r\n\t<div class=\"wprt-spacer clearfix\" data-desktop=\"40\" data-mobi=\"10\" data-smobi=\"10\"><\/div>[\/vc_column][vc_column width=&#8221;1\/3&#8243;][\/vc_column][\/vc_row][vc_row][vc_column][vc_raw_js el_id=&#8221;raw_js_setings&#8221;]JTNDaWZyYW1lJTIwaWQlM0QlMjJmcmVzaHdpZGdldC1lbWJlZGRlZC1mb3JtJTIyJTIwY2xhc3MlM0QlMjJmcmVzaHdpZGdldC1lbWJlZGRlZC1mb3JtJTIyJTIwdGl0bGUlM0QlMjJGZWVkYmFjayUyMEZvcm0lMjIlMjBzcmMlM0QlMjJodHRwcyUzQSUyRiUyRm0ybXNlbGVjdC5mcmVzaGRlc2suY29tJTJGd2lkZ2V0cyUyRmZlZWRiYWNrX3dpZGdldCUyRm5ldyUzRiUyNndpZGdldFR5cGUlM0RlbWJlZGRlZCUyNnNjcmVlbnNob3QlM0RubyUyNmNhcHRjaGElM0R5ZXMlMjIlMjB3aWR0aCUzRCUyMjgwJTI1JTIyJTIwaGVpZ2h0JTNEJTIyNTAwcHglMjIlMjBmcmFtZWJvcmRlciUzRCUyMjAlMjIlMjBzY3JvbGxpbmclM0QlMjJubyUyMiUzRSUzQyUyRmlmcmFtZSUzRQ==[\/vc_raw_js]\r\n\t<div class=\"wprt-spacer clearfix\" data-desktop=\"160\" data-mobi=\"20\" data-smobi=\"20\"><\/div>[\/vc_column][\/vc_row]<\/p>\n","protected":false},"excerpt":{"rendered":"<p>[vc_row][vc_column width=&#8221;2\/3&#8243;][vc_column_text]Hier k\u00f6nnen Sie eine Anfrage an den Technischen Support von ADGT stellen. Bitte f\u00fcllen Sie das untenstehende Formular aus und das Team des technischen Supports wird sich in K\u00fcrze mit Ihnen in Verbindung setzen.[\/vc_column_text][\/vc_column][vc_column width=&#8221;1\/3&#8243;][\/vc_column][\/vc_row][vc_row][vc_column][vc_raw_js el_id=&#8221;raw_js_setings&#8221;]JTNDaWZyYW1lJTIwaWQlM0QlMjJmcmVzaHdpZGdldC1lbWJlZGRlZC1mb3JtJTIyJTIwY2xhc3MlM0QlMjJmcmVzaHdpZGdldC1lbWJlZGRlZC1mb3JtJTIyJTIwdGl0bGUlM0QlMjJGZWVkYmFjayUyMEZvcm0lMjIlMjBzcmMlM0QlMjJodHRwcyUzQSUyRiUyRm0ybXNlbGVjdC5mcmVzaGRlc2suY29tJTJGd2lkZ2V0cyUyRmZlZWRiYWNrX3dpZGdldCUyRm5ldyUzRiUyNndpZGdldFR5cGUlM0RlbWJlZGRlZCUyNnNjcmVlbnNob3QlM0RubyUyNmNhcHRjaGElM0R5ZXMlMjIlMjB3aWR0aCUzRCUyMjgwJTI1JTIyJTIwaGVpZ2h0JTNEJTIyNTAwcHglMjIlMjBmcmFtZWJvcmRlciUzRCUyMjAlMjIlMjBzY3JvbGxpbmclM0QlMjJubyUyMiUzRSUzQyUyRmlmcmFtZSUzRQ==[\/vc_raw_js][\/vc_column][\/vc_row]<\/p>\n","protected":false},"author":1,"featured_media":0,"parent":0,"menu_order":0,"comment_status":"closed","ping_status":"closed","template":"","meta":{"footnotes":""},"class_list":["post-10975","page","type-page","status-publish","hentry"],"yoast_head":"<!-- This site is optimized with the Yoast SEO plugin v23.5 - https:\/\/yoast.com\/wordpress\/plugins\/seo\/ -->\n<title>Unterst\u00fctzung - ADGT<\/title>\n<meta name=\"robots\" content=\"index, follow, max-snippet:-1, max-image-preview:large, max-video-preview:-1\" \/>\n<link rel=\"canonical\" href=\"https:\/\/adgt.cz\/de\/support\/\" \/>\n<meta property=\"og:locale\" content=\"de_DE\" \/>\n<meta property=\"og:type\" content=\"article\" \/>\n<meta property=\"og:title\" content=\"Unterst\u00fctzung - ADGT\" \/>\n<meta property=\"og:description\" content=\"[vc_row][vc_column width=&#8221;2\/3&#8243;][vc_column_text]Hier k\u00f6nnen Sie eine Anfrage an den Technischen Support von ADGT stellen. Bitte f\u00fcllen Sie das untenstehende Formular aus und das Team des technischen Supports wird sich in K\u00fcrze mit Ihnen in Verbindung setzen.[\/vc_column_text][\/vc_column][vc_column width=&#8221;1\/3&#8243;][\/vc_column][\/vc_row][vc_row][vc_column][vc_raw_js el_id=&#8221;raw_js_setings&#8221;]JTNDaWZyYW1lJTIwaWQlM0QlMjJmcmVzaHdpZGdldC1lbWJlZGRlZC1mb3JtJTIyJTIwY2xhc3MlM0QlMjJmcmVzaHdpZGdldC1lbWJlZGRlZC1mb3JtJTIyJTIwdGl0bGUlM0QlMjJGZWVkYmFjayUyMEZvcm0lMjIlMjBzcmMlM0QlMjJodHRwcyUzQSUyRiUyRm0ybXNlbGVjdC5mcmVzaGRlc2suY29tJTJGd2lkZ2V0cyUyRmZlZWRiYWNrX3dpZGdldCUyRm5ldyUzRiUyNndpZGdldFR5cGUlM0RlbWJlZGRlZCUyNnNjcmVlbnNob3QlM0RubyUyNmNhcHRjaGElM0R5ZXMlMjIlMjB3aWR0aCUzRCUyMjgwJTI1JTIyJTIwaGVpZ2h0JTNEJTIyNTAwcHglMjIlMjBmcmFtZWJvcmRlciUzRCUyMjAlMjIlMjBzY3JvbGxpbmclM0QlMjJubyUyMiUzRSUzQyUyRmlmcmFtZSUzRQ==[\/vc_raw_js][\/vc_column][\/vc_row]\" \/>\n<meta property=\"og:url\" content=\"https:\/\/adgt.cz\/de\/support\/\" \/>\n<meta property=\"og:site_name\" content=\"ADGT\" \/>\n<meta property=\"article:modified_time\" content=\"2021-05-19T14:22:48+00:00\" \/>\n<meta name=\"twitter:card\" content=\"summary_large_image\" \/>\n<meta name=\"twitter:label1\" content=\"Gesch\u00e4tzte Lesezeit\" \/>\n\t<meta name=\"twitter:data1\" content=\"1\u00a0Minute\" \/>\n<script type=\"application\/ld+json\" class=\"yoast-schema-graph\">{\"@context\":\"https:\/\/schema.org\",\"@graph\":[{\"@type\":\"WebPage\",\"@id\":\"https:\/\/adgt.cz\/de\/support\/\",\"url\":\"https:\/\/adgt.cz\/de\/support\/\",\"name\":\"Unterst\u00fctzung - ADGT\",\"isPartOf\":{\"@id\":\"https:\/\/adgt.cz\/de\/#website\"},\"datePublished\":\"2021-03-30T13:20:55+00:00\",\"dateModified\":\"2021-05-19T14:22:48+00:00\",\"breadcrumb\":{\"@id\":\"https:\/\/adgt.cz\/de\/support\/#breadcrumb\"},\"inLanguage\":\"de\",\"potentialAction\":[{\"@type\":\"ReadAction\",\"target\":[\"https:\/\/adgt.cz\/de\/support\/\"]}]},{\"@type\":\"BreadcrumbList\",\"@id\":\"https:\/\/adgt.cz\/de\/support\/#breadcrumb\",\"itemListElement\":[{\"@type\":\"ListItem\",\"position\":1,\"name\":\"Home\",\"item\":\"https:\/\/adgt.cz\/de\/\"},{\"@type\":\"ListItem\",\"position\":2,\"name\":\"Unterst\u00fctzung\"}]},{\"@type\":\"WebSite\",\"@id\":\"https:\/\/adgt.cz\/de\/#website\",\"url\":\"https:\/\/adgt.cz\/de\/\",\"name\":\"ADGT\",\"description\":\"Just another WordPress site\",\"publisher\":{\"@id\":\"https:\/\/adgt.cz\/de\/#organization\"},\"potentialAction\":[{\"@type\":\"SearchAction\",\"target\":{\"@type\":\"EntryPoint\",\"urlTemplate\":\"https:\/\/adgt.cz\/de\/?s={search_term_string}\"},\"query-input\":{\"@type\":\"PropertyValueSpecification\",\"valueRequired\":true,\"valueName\":\"search_term_string\"}}],\"inLanguage\":\"de\"},{\"@type\":\"Organization\",\"@id\":\"https:\/\/adgt.cz\/de\/#organization\",\"name\":\"ADGT\",\"url\":\"https:\/\/adgt.cz\/de\/\",\"logo\":{\"@type\":\"ImageObject\",\"inLanguage\":\"de\",\"@id\":\"https:\/\/adgt.cz\/de\/#\/schema\/logo\/image\/\",\"url\":\"https:\/\/adgt.cz\/wp-content\/uploads\/2020\/09\/ADGT_logo_Magenta.png\",\"contentUrl\":\"https:\/\/adgt.cz\/wp-content\/uploads\/2020\/09\/ADGT_logo_Magenta.png\",\"width\":798,\"height\":208,\"caption\":\"ADGT\"},\"image\":{\"@id\":\"https:\/\/adgt.cz\/de\/#\/schema\/logo\/image\/\"}}]}<\/script>\n<!-- \/ Yoast SEO plugin. -->","yoast_head_json":{"title":"Unterst\u00fctzung - ADGT","robots":{"index":"index","follow":"follow","max-snippet":"max-snippet:-1","max-image-preview":"max-image-preview:large","max-video-preview":"max-video-preview:-1"},"canonical":"https:\/\/adgt.cz\/de\/support\/","og_locale":"de_DE","og_type":"article","og_title":"Unterst\u00fctzung - ADGT","og_description":"[vc_row][vc_column width=&#8221;2\/3&#8243;][vc_column_text]Hier k\u00f6nnen Sie eine Anfrage an den Technischen Support von ADGT stellen. Bitte f\u00fcllen Sie das untenstehende Formular aus und das Team des technischen Supports wird sich in K\u00fcrze mit Ihnen in Verbindung setzen.[\/vc_column_text][\/vc_column][vc_column width=&#8221;1\/3&#8243;][\/vc_column][\/vc_row][vc_row][vc_column][vc_raw_js el_id=&#8221;raw_js_setings&#8221;]JTNDaWZyYW1lJTIwaWQlM0QlMjJmcmVzaHdpZGdldC1lbWJlZGRlZC1mb3JtJTIyJTIwY2xhc3MlM0QlMjJmcmVzaHdpZGdldC1lbWJlZGRlZC1mb3JtJTIyJTIwdGl0bGUlM0QlMjJGZWVkYmFjayUyMEZvcm0lMjIlMjBzcmMlM0QlMjJodHRwcyUzQSUyRiUyRm0ybXNlbGVjdC5mcmVzaGRlc2suY29tJTJGd2lkZ2V0cyUyRmZlZWRiYWNrX3dpZGdldCUyRm5ldyUzRiUyNndpZGdldFR5cGUlM0RlbWJlZGRlZCUyNnNjcmVlbnNob3QlM0RubyUyNmNhcHRjaGElM0R5ZXMlMjIlMjB3aWR0aCUzRCUyMjgwJTI1JTIyJTIwaGVpZ2h0JTNEJTIyNTAwcHglMjIlMjBmcmFtZWJvcmRlciUzRCUyMjAlMjIlMjBzY3JvbGxpbmclM0QlMjJubyUyMiUzRSUzQyUyRmlmcmFtZSUzRQ==[\/vc_raw_js][\/vc_column][\/vc_row]","og_url":"https:\/\/adgt.cz\/de\/support\/","og_site_name":"ADGT","article_modified_time":"2021-05-19T14:22:48+00:00","twitter_card":"summary_large_image","twitter_misc":{"Gesch\u00e4tzte Lesezeit":"1\u00a0Minute"},"schema":{"@context":"https:\/\/schema.org","@graph":[{"@type":"WebPage","@id":"https:\/\/adgt.cz\/de\/support\/","url":"https:\/\/adgt.cz\/de\/support\/","name":"Unterst\u00fctzung - ADGT","isPartOf":{"@id":"https:\/\/adgt.cz\/de\/#website"},"datePublished":"2021-03-30T13:20:55+00:00","dateModified":"2021-05-19T14:22:48+00:00","breadcrumb":{"@id":"https:\/\/adgt.cz\/de\/support\/#breadcrumb"},"inLanguage":"de","potentialAction":[{"@type":"ReadAction","target":["https:\/\/adgt.cz\/de\/support\/"]}]},{"@type":"BreadcrumbList","@id":"https:\/\/adgt.cz\/de\/support\/#breadcrumb","itemListElement":[{"@type":"ListItem","position":1,"name":"Home","item":"https:\/\/adgt.cz\/de\/"},{"@type":"ListItem","position":2,"name":"Unterst\u00fctzung"}]},{"@type":"WebSite","@id":"https:\/\/adgt.cz\/de\/#website","url":"https:\/\/adgt.cz\/de\/","name":"ADGT","description":"Just another WordPress site","publisher":{"@id":"https:\/\/adgt.cz\/de\/#organization"},"potentialAction":[{"@type":"SearchAction","target":{"@type":"EntryPoint","urlTemplate":"https:\/\/adgt.cz\/de\/?s={search_term_string}"},"query-input":{"@type":"PropertyValueSpecification","valueRequired":true,"valueName":"search_term_string"}}],"inLanguage":"de"},{"@type":"Organization","@id":"https:\/\/adgt.cz\/de\/#organization","name":"ADGT","url":"https:\/\/adgt.cz\/de\/","logo":{"@type":"ImageObject","inLanguage":"de","@id":"https:\/\/adgt.cz\/de\/#\/schema\/logo\/image\/","url":"https:\/\/adgt.cz\/wp-content\/uploads\/2020\/09\/ADGT_logo_Magenta.png","contentUrl":"https:\/\/adgt.cz\/wp-content\/uploads\/2020\/09\/ADGT_logo_Magenta.png","width":798,"height":208,"caption":"ADGT"},"image":{"@id":"https:\/\/adgt.cz\/de\/#\/schema\/logo\/image\/"}}]}},"_links":{"self":[{"href":"https:\/\/adgt.cz\/de\/wp-json\/wp\/v2\/pages\/10975"}],"collection":[{"href":"https:\/\/adgt.cz\/de\/wp-json\/wp\/v2\/pages"}],"about":[{"href":"https:\/\/adgt.cz\/de\/wp-json\/wp\/v2\/types\/page"}],"author":[{"embeddable":true,"href":"https:\/\/adgt.cz\/de\/wp-json\/wp\/v2\/users\/1"}],"replies":[{"embeddable":true,"href":"https:\/\/adgt.cz\/de\/wp-json\/wp\/v2\/comments?post=10975"}],"version-history":[{"count":11,"href":"https:\/\/adgt.cz\/de\/wp-json\/wp\/v2\/pages\/10975\/revisions"}],"predecessor-version":[{"id":11876,"href":"https:\/\/adgt.cz\/de\/wp-json\/wp\/v2\/pages\/10975\/revisions\/11876"}],"wp:attachment":[{"href":"https:\/\/adgt.cz\/de\/wp-json\/wp\/v2\/media?parent=10975"}],"curies":[{"name":"wp","href":"https:\/\/api.w.org\/{rel}","templated":true}]}}