{"id":8529,"date":"2020-09-28T11:06:14","date_gmt":"2020-12-02T08:36:27","guid":{"rendered":"https:\/\/adgt.cz\/?post_type=product&#038;p=8529"},"modified":"2021-12-22T09:59:02","modified_gmt":"2021-12-22T09:59:02","slug":"gtr40","status":"publish","type":"product","link":"https:\/\/adgt.cz\/cs\/products\/routers\/4g-routers\/gtr40\/","title":{"rendered":"GTR40"},"content":{"rendered":"<p>Pr\u016fmyslov\u00fd router 4G\/LTE. Vybaven dv\u011bma 10\/100 ethernetov\u00fdmi porty, sloty pro du\u00e1ln\u00ed SIM karty, \u010dty\u0159mi IO linkami, s\u00e9riov\u00fdmi porty RS-232 a RS-485 a opera\u010dn\u00edm syst\u00e9mem OpenWrt.<br \/>\nRouter je ur\u010den pro pr\u016fmyslov\u00e9 aplikace, aplikace M2M\/IoT a komer\u010dn\u00ed aplikace, v\u010detn\u011b dopravy, energetiky, inteligentn\u00edch s\u00edt\u00ed, bankomat\u016f, prodejn\u00edch automat\u016f atd. Poskytuje robustn\u00ed a vysokorychlostn\u00ed bezdr\u00e1tov\u00fd p\u0159\u00edstup k internetu p\u0159es s\u00ed\u0165 LTE (4G).<br \/>\nOpera\u010dn\u00ed syst\u00e9m OpenWrt zalo\u017een\u00fd na syst\u00e9mu Linux umo\u017e\u0148uje vytv\u00e1\u0159et zabezpe\u010den\u00e9 s\u00edt\u011b VPN a instalovat vlastn\u00ed software, a m\u016f\u017ee tak slou\u017eit jako spr\u00e1vce automatizovan\u00e9ho \u0159\u00eddic\u00edho syst\u00e9mu.<\/p>\n<p>\u2014 Rychlost LTE (4G) modemu a\u017e 150 Mb\/s<br \/>\n\u2014 2 x 10\/100Base-TX Ethernet rozhran\u00ed<br \/>\n\u2014 S\u00e9riov\u00e9 porty RS-232, RS-485<br \/>\n\u2014 2 x sloty pro SIM karty<br \/>\n\u2014 1 x USB A (hostitel\/za\u0159\u00edzen\u00ed)<br \/>\n\u2014 1 x slot pro pam\u011b\u0165ovou kartu microSD<br \/>\n\u2014 4 x I\/O linky podporuj\u00edc\u00ed n\u011bkolik provozn\u00edch re\u017eim\u016f:<br \/>\n\u2014 S\u00ed\u0165ov\u00e9 slu\u017eby: OpenVPN, PPTP, GRE, IPSec, NAT, Firewall, IPv6, DHCP (Server\/Klient), TinyProxy, NTP, FTP, spr\u00e1vce SIM, atd.<br \/>\n\u2014 Modbus-TCP \u2013 p\u0159evod Modbus RTU\/ASCII<br \/>\n\u2014 Opera\u010dn\u00ed syst\u00e9m s otev\u0159en\u00fdm zdrojov\u00fdm k\u00f3dem OpenWrt\u00ae poskytuj\u00edc\u00ed \u0161irokou \u0161k\u00e1lu funkc\u00ed pro vytv\u00e1\u0159en\u00ed zabezpe\u010den\u00fdch s\u00edt\u00ed VPN<br \/>\n\u2014 Teplotn\u011b kompenzovan\u00e9 hodiny re\u00e1ln\u00e9ho \u010dasu (RTC) zaji\u0161\u0165uj\u00edc\u00ed vysokou p\u0159esnost m\u011b\u0159en\u00ed \u010dasu<br \/>\n\u2014 Nap\u00e1jec\u00ed nap\u011bt\u00ed: 10-50 VDC<\/p>\n<p><iframe loading=\"lazy\" style=\"width: 50%; height: 50%;\" src=\"https:\/\/www.youtube.com\/embed\/9FxU3Dc43iU\" width=\"360\" height=\"200\" frameborder=\"0\" allowfullscreen=\"allowfullscreen\"><\/iframe><\/p>\n","protected":false},"excerpt":{"rendered":"<p>Pr\u016fmyslov\u00fd router 4G\/LTE. Vybaven dv\u011bma 10\/100 ethernetov\u00fdmi porty, sloty pro du\u00e1ln\u00ed SIM karty, \u010dty\u0159mi IO linkami, s\u00e9riov\u00fdmi porty RS-232 a RS-485 a opera\u010dn\u00edm syst\u00e9mem OpenWrt.<br \/>\nRouter je ur\u010den pro pr\u016fmyslov\u00e9 aplikace, aplikace M2M\/IoT a komer\u010dn\u00ed aplikace, v\u010detn\u011b dopravy, energetiky, inteligentn\u00edch s\u00edt\u00ed, bankomat\u016f, prodejn\u00edch automat\u016f atd. Poskytuje robustn\u00ed a vysokorychlostn\u00ed bezdr\u00e1tov\u00fd p\u0159\u00edstup k internetu p\u0159es s\u00ed\u0165 LTE (4G).<br \/>\nOpera\u010dn\u00ed syst\u00e9m OpenWrt zalo\u017een\u00fd na syst\u00e9mu Linux umo\u017e\u0148uje vytv\u00e1\u0159et zabezpe\u010den\u00e9 s\u00edt\u011b VPN a instalovat vlastn\u00ed software, a m\u016f\u017ee tak slou\u017eit jako spr\u00e1vce automatizovan\u00e9ho \u0159\u00eddic\u00edho syst\u00e9mu.<\/p>\n","protected":false},"featured_media":7376,"comment_status":"closed","ping_status":"closed","template":"","meta":[],"product_cat":[253,254],"product_tag":[297],"class_list":{"0":"post-8529","1":"product","2":"type-product","3":"status-publish","4":"has-post-thumbnail","6":"product_cat-routers","7":"product_cat-4g-routers","8":"product_tag-lte-4g","10":"first","11":"outofstock","12":"featured","13":"shipping-taxable","14":"purchasable","15":"product-type-simple"},"yoast_head":"<!-- This site is optimized with the Yoast SEO plugin v23.5 - https:\/\/yoast.com\/wordpress\/plugins\/seo\/ -->\n<title>GTR40 - ADGT<\/title>\n<meta name=\"robots\" content=\"index, follow, max-snippet:-1, max-image-preview:large, max-video-preview:-1\" \/>\n<link rel=\"canonical\" href=\"https:\/\/adgt.cz\/cs\/products\/routers\/4g-routers\/gtr40\/\" \/>\n<meta property=\"og:locale\" content=\"cs_CZ\" \/>\n<meta property=\"og:type\" content=\"article\" \/>\n<meta property=\"og:title\" content=\"GTR40 - ADGT\" \/>\n<meta property=\"og:description\" content=\"Pr\u016fmyslov\u00fd router 4G\/LTE. Vybaven dv\u011bma 10\/100 ethernetov\u00fdmi porty, sloty pro du\u00e1ln\u00ed SIM karty, \u010dty\u0159mi IO linkami, s\u00e9riov\u00fdmi porty RS-232 a RS-485 a opera\u010dn\u00edm syst\u00e9mem OpenWrt. Router je ur\u010den pro pr\u016fmyslov\u00e9 aplikace, aplikace M2M\/IoT a komer\u010dn\u00ed aplikace, v\u010detn\u011b dopravy, energetiky, inteligentn\u00edch s\u00edt\u00ed, bankomat\u016f, prodejn\u00edch automat\u016f atd. Poskytuje robustn\u00ed a vysokorychlostn\u00ed bezdr\u00e1tov\u00fd p\u0159\u00edstup k internetu p\u0159es s\u00ed\u0165 LTE (4G). Opera\u010dn\u00ed syst\u00e9m OpenWrt zalo\u017een\u00fd na syst\u00e9mu Linux umo\u017e\u0148uje vytv\u00e1\u0159et zabezpe\u010den\u00e9 s\u00edt\u011b VPN a instalovat vlastn\u00ed software, a m\u016f\u017ee tak slou\u017eit jako spr\u00e1vce automatizovan\u00e9ho \u0159\u00eddic\u00edho syst\u00e9mu.\" \/>\n<meta property=\"og:url\" content=\"https:\/\/adgt.cz\/cs\/products\/routers\/4g-routers\/gtr40\/\" \/>\n<meta property=\"og:site_name\" content=\"ADGT\" \/>\n<meta property=\"article:modified_time\" content=\"2021-12-22T09:59:02+00:00\" \/>\n<meta property=\"og:image\" content=\"https:\/\/adgt.cz\/wp-content\/uploads\/2020\/09\/gtr40_v2_1.jpg\" \/>\n\t<meta property=\"og:image:width\" content=\"1024\" \/>\n\t<meta property=\"og:image:height\" content=\"1024\" \/>\n\t<meta property=\"og:image:type\" content=\"image\/jpeg\" \/>\n<meta name=\"twitter:card\" content=\"summary_large_image\" \/>\n<meta name=\"twitter:label1\" content=\"Odhadovan\u00e1 doba \u010dten\u00ed\" \/>\n\t<meta name=\"twitter:data1\" content=\"1 minuta\" \/>\n<script type=\"application\/ld+json\" class=\"yoast-schema-graph\">{\"@context\":\"https:\/\/schema.org\",\"@graph\":[{\"@type\":\"WebPage\",\"@id\":\"https:\/\/adgt.cz\/cs\/products\/routers\/4g-routers\/gtr40\/\",\"url\":\"https:\/\/adgt.cz\/cs\/products\/routers\/4g-routers\/gtr40\/\",\"name\":\"GTR40 - ADGT\",\"isPartOf\":{\"@id\":\"https:\/\/adgt.cz\/cs\/#website\"},\"primaryImageOfPage\":{\"@id\":\"https:\/\/adgt.cz\/cs\/products\/routers\/4g-routers\/gtr40\/#primaryimage\"},\"image\":{\"@id\":\"https:\/\/adgt.cz\/cs\/products\/routers\/4g-routers\/gtr40\/#primaryimage\"},\"thumbnailUrl\":\"https:\/\/adgt.cz\/wp-content\/uploads\/2020\/09\/gtr40_v2_1.jpg\",\"datePublished\":\"2020-12-02T08:36:27+00:00\",\"dateModified\":\"2021-12-22T09:59:02+00:00\",\"breadcrumb\":{\"@id\":\"https:\/\/adgt.cz\/cs\/products\/routers\/4g-routers\/gtr40\/#breadcrumb\"},\"inLanguage\":\"cs\",\"potentialAction\":[{\"@type\":\"ReadAction\",\"target\":[\"https:\/\/adgt.cz\/cs\/products\/routers\/4g-routers\/gtr40\/\"]}]},{\"@type\":\"ImageObject\",\"inLanguage\":\"cs\",\"@id\":\"https:\/\/adgt.cz\/cs\/products\/routers\/4g-routers\/gtr40\/#primaryimage\",\"url\":\"https:\/\/adgt.cz\/wp-content\/uploads\/2020\/09\/gtr40_v2_1.jpg\",\"contentUrl\":\"https:\/\/adgt.cz\/wp-content\/uploads\/2020\/09\/gtr40_v2_1.jpg\",\"width\":1024,\"height\":1024},{\"@type\":\"BreadcrumbList\",\"@id\":\"https:\/\/adgt.cz\/cs\/products\/routers\/4g-routers\/gtr40\/#breadcrumb\",\"itemListElement\":[{\"@type\":\"ListItem\",\"position\":1,\"name\":\"Home\",\"item\":\"https:\/\/adgt.cz\/cs\/\"},{\"@type\":\"ListItem\",\"position\":2,\"name\":\"Produkty\",\"item\":\"https:\/\/adgt.cz\/cs\/products\/\"},{\"@type\":\"ListItem\",\"position\":3,\"name\":\"Routery\",\"item\":\"https:\/\/adgt.cz\/cs\/product-category\/routers\/\"},{\"@type\":\"ListItem\",\"position\":4,\"name\":\"4G Routery\",\"item\":\"https:\/\/adgt.cz\/cs\/product-category\/routers\/4g-routers\/\"},{\"@type\":\"ListItem\",\"position\":5,\"name\":\"GTR40\"}]},{\"@type\":\"WebSite\",\"@id\":\"https:\/\/adgt.cz\/cs\/#website\",\"url\":\"https:\/\/adgt.cz\/cs\/\",\"name\":\"ADGT\",\"description\":\"Just another WordPress site\",\"publisher\":{\"@id\":\"https:\/\/adgt.cz\/cs\/#organization\"},\"potentialAction\":[{\"@type\":\"SearchAction\",\"target\":{\"@type\":\"EntryPoint\",\"urlTemplate\":\"https:\/\/adgt.cz\/cs\/?s={search_term_string}\"},\"query-input\":{\"@type\":\"PropertyValueSpecification\",\"valueRequired\":true,\"valueName\":\"search_term_string\"}}],\"inLanguage\":\"cs\"},{\"@type\":\"Organization\",\"@id\":\"https:\/\/adgt.cz\/cs\/#organization\",\"name\":\"ADGT\",\"url\":\"https:\/\/adgt.cz\/cs\/\",\"logo\":{\"@type\":\"ImageObject\",\"inLanguage\":\"cs\",\"@id\":\"https:\/\/adgt.cz\/cs\/#\/schema\/logo\/image\/\",\"url\":\"https:\/\/adgt.cz\/wp-content\/uploads\/2020\/09\/ADGT_logo_Magenta.png\",\"contentUrl\":\"https:\/\/adgt.cz\/wp-content\/uploads\/2020\/09\/ADGT_logo_Magenta.png\",\"width\":798,\"height\":208,\"caption\":\"ADGT\"},\"image\":{\"@id\":\"https:\/\/adgt.cz\/cs\/#\/schema\/logo\/image\/\"}}]}<\/script>\n<!-- \/ Yoast SEO plugin. -->","yoast_head_json":{"title":"GTR40 - ADGT","robots":{"index":"index","follow":"follow","max-snippet":"max-snippet:-1","max-image-preview":"max-image-preview:large","max-video-preview":"max-video-preview:-1"},"canonical":"https:\/\/adgt.cz\/cs\/products\/routers\/4g-routers\/gtr40\/","og_locale":"cs_CZ","og_type":"article","og_title":"GTR40 - ADGT","og_description":"Pr\u016fmyslov\u00fd router 4G\/LTE. Vybaven dv\u011bma 10\/100 ethernetov\u00fdmi porty, sloty pro du\u00e1ln\u00ed SIM karty, \u010dty\u0159mi IO linkami, s\u00e9riov\u00fdmi porty RS-232 a RS-485 a opera\u010dn\u00edm syst\u00e9mem OpenWrt. Router je ur\u010den pro pr\u016fmyslov\u00e9 aplikace, aplikace M2M\/IoT a komer\u010dn\u00ed aplikace, v\u010detn\u011b dopravy, energetiky, inteligentn\u00edch s\u00edt\u00ed, bankomat\u016f, prodejn\u00edch automat\u016f atd. Poskytuje robustn\u00ed a vysokorychlostn\u00ed bezdr\u00e1tov\u00fd p\u0159\u00edstup k internetu p\u0159es s\u00ed\u0165 LTE (4G). Opera\u010dn\u00ed syst\u00e9m OpenWrt zalo\u017een\u00fd na syst\u00e9mu Linux umo\u017e\u0148uje vytv\u00e1\u0159et zabezpe\u010den\u00e9 s\u00edt\u011b VPN a instalovat vlastn\u00ed software, a m\u016f\u017ee tak slou\u017eit jako spr\u00e1vce automatizovan\u00e9ho \u0159\u00eddic\u00edho syst\u00e9mu.","og_url":"https:\/\/adgt.cz\/cs\/products\/routers\/4g-routers\/gtr40\/","og_site_name":"ADGT","article_modified_time":"2021-12-22T09:59:02+00:00","og_image":[{"width":1024,"height":1024,"url":"https:\/\/adgt.cz\/wp-content\/uploads\/2020\/09\/gtr40_v2_1.jpg","type":"image\/jpeg"}],"twitter_card":"summary_large_image","twitter_misc":{"Odhadovan\u00e1 doba \u010dten\u00ed":"1 minuta"},"schema":{"@context":"https:\/\/schema.org","@graph":[{"@type":"WebPage","@id":"https:\/\/adgt.cz\/cs\/products\/routers\/4g-routers\/gtr40\/","url":"https:\/\/adgt.cz\/cs\/products\/routers\/4g-routers\/gtr40\/","name":"GTR40 - ADGT","isPartOf":{"@id":"https:\/\/adgt.cz\/cs\/#website"},"primaryImageOfPage":{"@id":"https:\/\/adgt.cz\/cs\/products\/routers\/4g-routers\/gtr40\/#primaryimage"},"image":{"@id":"https:\/\/adgt.cz\/cs\/products\/routers\/4g-routers\/gtr40\/#primaryimage"},"thumbnailUrl":"https:\/\/adgt.cz\/wp-content\/uploads\/2020\/09\/gtr40_v2_1.jpg","datePublished":"2020-12-02T08:36:27+00:00","dateModified":"2021-12-22T09:59:02+00:00","breadcrumb":{"@id":"https:\/\/adgt.cz\/cs\/products\/routers\/4g-routers\/gtr40\/#breadcrumb"},"inLanguage":"cs","potentialAction":[{"@type":"ReadAction","target":["https:\/\/adgt.cz\/cs\/products\/routers\/4g-routers\/gtr40\/"]}]},{"@type":"ImageObject","inLanguage":"cs","@id":"https:\/\/adgt.cz\/cs\/products\/routers\/4g-routers\/gtr40\/#primaryimage","url":"https:\/\/adgt.cz\/wp-content\/uploads\/2020\/09\/gtr40_v2_1.jpg","contentUrl":"https:\/\/adgt.cz\/wp-content\/uploads\/2020\/09\/gtr40_v2_1.jpg","width":1024,"height":1024},{"@type":"BreadcrumbList","@id":"https:\/\/adgt.cz\/cs\/products\/routers\/4g-routers\/gtr40\/#breadcrumb","itemListElement":[{"@type":"ListItem","position":1,"name":"Home","item":"https:\/\/adgt.cz\/cs\/"},{"@type":"ListItem","position":2,"name":"Produkty","item":"https:\/\/adgt.cz\/cs\/products\/"},{"@type":"ListItem","position":3,"name":"Routery","item":"https:\/\/adgt.cz\/cs\/product-category\/routers\/"},{"@type":"ListItem","position":4,"name":"4G Routery","item":"https:\/\/adgt.cz\/cs\/product-category\/routers\/4g-routers\/"},{"@type":"ListItem","position":5,"name":"GTR40"}]},{"@type":"WebSite","@id":"https:\/\/adgt.cz\/cs\/#website","url":"https:\/\/adgt.cz\/cs\/","name":"ADGT","description":"Just another WordPress site","publisher":{"@id":"https:\/\/adgt.cz\/cs\/#organization"},"potentialAction":[{"@type":"SearchAction","target":{"@type":"EntryPoint","urlTemplate":"https:\/\/adgt.cz\/cs\/?s={search_term_string}"},"query-input":{"@type":"PropertyValueSpecification","valueRequired":true,"valueName":"search_term_string"}}],"inLanguage":"cs"},{"@type":"Organization","@id":"https:\/\/adgt.cz\/cs\/#organization","name":"ADGT","url":"https:\/\/adgt.cz\/cs\/","logo":{"@type":"ImageObject","inLanguage":"cs","@id":"https:\/\/adgt.cz\/cs\/#\/schema\/logo\/image\/","url":"https:\/\/adgt.cz\/wp-content\/uploads\/2020\/09\/ADGT_logo_Magenta.png","contentUrl":"https:\/\/adgt.cz\/wp-content\/uploads\/2020\/09\/ADGT_logo_Magenta.png","width":798,"height":208,"caption":"ADGT"},"image":{"@id":"https:\/\/adgt.cz\/cs\/#\/schema\/logo\/image\/"}}]}},"_links":{"self":[{"href":"https:\/\/adgt.cz\/cs\/wp-json\/wp\/v2\/product\/8529"}],"collection":[{"href":"https:\/\/adgt.cz\/cs\/wp-json\/wp\/v2\/product"}],"about":[{"href":"https:\/\/adgt.cz\/cs\/wp-json\/wp\/v2\/types\/product"}],"replies":[{"embeddable":true,"href":"https:\/\/adgt.cz\/cs\/wp-json\/wp\/v2\/comments?post=8529"}],"wp:featuredmedia":[{"embeddable":true,"href":"https:\/\/adgt.cz\/cs\/wp-json\/wp\/v2\/media\/7376"}],"wp:attachment":[{"href":"https:\/\/adgt.cz\/cs\/wp-json\/wp\/v2\/media?parent=8529"}],"wp:term":[{"taxonomy":"product_cat","embeddable":true,"href":"https:\/\/adgt.cz\/cs\/wp-json\/wp\/v2\/product_cat?post=8529"},{"taxonomy":"product_tag","embeddable":true,"href":"https:\/\/adgt.cz\/cs\/wp-json\/wp\/v2\/product_tag?post=8529"}],"curies":[{"name":"wp","href":"https:\/\/api.w.org\/{rel}","templated":true}]}}