{"id":8514,"date":"2020-09-29T14:32:46","date_gmt":"2020-12-02T07:20:17","guid":{"rendered":"https:\/\/adgt.cz\/?post_type=product&#038;p=8514"},"modified":"2021-08-30T12:07:55","modified_gmt":"2021-08-30T12:07:55","slug":"cloudova-softwarova-platforma-iot24-eu","status":"publish","type":"product","link":"https:\/\/adgt.cz\/cs\/products\/software\/cloudova-softwarova-platforma-iot24-eu\/","title":{"rendered":"Cloudov\u00e1 Softwarov\u00e1 Platforma IOT24.EU"},"content":{"rendered":"<p>IOT24.EU je cloudov\u00e1 softwarov\u00e1 platforma pro m\u011b\u0159en\u00ed a monitorov\u00e1n\u00ed energetick\u00fdch zdroj\u016f. Platforma umo\u017e\u0148uje ukl\u00e1dat, vizualizovat a spravovat \u00fadaje o spot\u0159eb\u011b z m\u011b\u0159i\u010d\u016f a senzor\u016f p\u0159ipojen\u00fdch k z\u00e1znamn\u00edk\u016f dat ADGT DTU. Platforma je dobr\u00fdm alternativn\u00edm \u0159e\u0161en\u00edm k jin\u00fdm syst\u00e9m\u016fm AMR a je vhodn\u00e1 pro monitorov\u00e1n\u00ed dat z vodom\u011br\u016f, plynom\u011br\u016f jako\u017e i analogov\u00fdch senzor\u016f.<\/p>\n<h6>Mo\u017enosti IoT24.eu:<\/h6>\n<p>\u2014 Cloudov\u00fd vzd\u00e1len\u00fd p\u0159\u00edstup k ode\u010dt\u016fm 24\/7<br \/>\n\u2014 Vizualizace dat<br \/>\n\u2014 Vzd\u00e1len\u00e1 konfigurace z\u00e1znamn\u00edk\u016f dat<br \/>\n\u2014 Zobrazen\u00ed baterie a \u00farovn\u011b sign\u00e1lu<br \/>\n\u2014 Ov\u011b\u0159en\u00ed a oprava nam\u011b\u0159en\u00fdch hodnot<br \/>\n\u2014 Rychl\u00fd v\u00fdstup v\u00fdstra\u017en\u00fdch zpr\u00e1v\/ud\u00e1lost\u00ed<br \/>\n\u2014 Generov\u00e1n\u00ed zpr\u00e1v za vybran\u00e9 obdob\u00ed<br \/>\n\u2014 P\u0159\u00edstup k telemetrick\u00fdm informac\u00edm z\u00e1znamn\u00edk\u016f dat<br \/>\n\u2014 Rozhran\u00ed REST API pro integraci s jin\u00fdmi platformami<\/p>\n<div class=\"wp-block-button\"><a class=\"wp-block-button__link has-white-color has-text-color has-background\" style=\"border-radius: 6px; background-color: #d81a7a;\" href=\"https:\/\/adgt.cz\/cs\/resources\/our-products\/dtu-cellular-data-logger-series\/\" target=\"_blank\" rel=\"https:\/\/adgt.cz\/resources\/our-products\/dtu-cellular-data-logger-series\/ noopener noreferrer\">PROZKOUMAT Z\u00c1ZNAMN\u00cdKY DAT DTU<\/a><\/div>\n","protected":false},"excerpt":{"rendered":"<p>IOT24.EU je cloudov\u00e1 softwarov\u00e1 platforma pro m\u011b\u0159en\u00ed a monitorov\u00e1n\u00ed energetick\u00fdch zdroj\u016f. Platforma umo\u017e\u0148uje ukl\u00e1dat, vizualizovat a spravovat \u00fadaje o spot\u0159eb\u011b z m\u011b\u0159i\u010d\u016f a senzor\u016f p\u0159ipojen\u00fdch k <a href=\"https:\/\/adgt.cz\/cs\/product-category\/data-loggers\/\" target=\"_blank\" rel=\"noopener noreferrer\">z\u00e1znamn\u00edk\u016f dat ADGT DTU<\/a>. Platforma je dobr\u00fdm alternativn\u00edm \u0159e\u0161en\u00edm k jin\u00fdm syst\u00e9m\u016fm AMR a je vhodn\u00e1 pro monitorov\u00e1n\u00ed dat z vodom\u011br\u016f, plynom\u011br\u016f jako\u017e i analogov\u00fdch senzor\u016f.<\/p>\n","protected":false},"featured_media":7506,"comment_status":"closed","ping_status":"closed","template":"","meta":[],"product_cat":[259],"product_tag":[],"class_list":{"0":"post-8514","1":"product","2":"type-product","3":"status-publish","4":"has-post-thumbnail","6":"product_cat-software","8":"first","9":"instock","10":"shipping-taxable","11":"product-type-simple"},"yoast_head":"<!-- This site is optimized with the Yoast SEO plugin v23.5 - https:\/\/yoast.com\/wordpress\/plugins\/seo\/ -->\n<title>Cloudov\u00e1 Softwarov\u00e1 Platforma IOT24.EU - ADGT<\/title>\n<meta name=\"robots\" content=\"index, follow, max-snippet:-1, max-image-preview:large, max-video-preview:-1\" \/>\n<link rel=\"canonical\" href=\"https:\/\/adgt.cz\/cs\/products\/software\/cloudova-softwarova-platforma-iot24-eu\/\" \/>\n<meta property=\"og:locale\" content=\"cs_CZ\" \/>\n<meta property=\"og:type\" content=\"article\" \/>\n<meta property=\"og:title\" content=\"Cloudov\u00e1 Softwarov\u00e1 Platforma IOT24.EU - ADGT\" \/>\n<meta property=\"og:description\" content=\"IOT24.EU je cloudov\u00e1 softwarov\u00e1 platforma pro m\u011b\u0159en\u00ed a monitorov\u00e1n\u00ed energetick\u00fdch zdroj\u016f. Platforma umo\u017e\u0148uje ukl\u00e1dat, vizualizovat a spravovat \u00fadaje o spot\u0159eb\u011b z m\u011b\u0159i\u010d\u016f a senzor\u016f p\u0159ipojen\u00fdch k z\u00e1znamn\u00edk\u016f dat ADGT DTU. Platforma je dobr\u00fdm alternativn\u00edm \u0159e\u0161en\u00edm k jin\u00fdm syst\u00e9m\u016fm AMR a je vhodn\u00e1 pro monitorov\u00e1n\u00ed dat z vodom\u011br\u016f, plynom\u011br\u016f jako\u017e i analogov\u00fdch senzor\u016f.\" \/>\n<meta property=\"og:url\" content=\"https:\/\/adgt.cz\/cs\/products\/software\/cloudova-softwarova-platforma-iot24-eu\/\" \/>\n<meta property=\"og:site_name\" content=\"ADGT\" \/>\n<meta property=\"article:modified_time\" content=\"2021-08-30T12:07:55+00:00\" \/>\n<meta property=\"og:image\" content=\"https:\/\/adgt.cz\/wp-content\/uploads\/2020\/09\/iot24_eu.jpg\" \/>\n\t<meta property=\"og:image:width\" content=\"1100\" \/>\n\t<meta property=\"og:image:height\" content=\"1100\" \/>\n\t<meta property=\"og:image:type\" content=\"image\/jpeg\" \/>\n<meta name=\"twitter:card\" content=\"summary_large_image\" \/>\n<meta name=\"twitter:label1\" content=\"Odhadovan\u00e1 doba \u010dten\u00ed\" \/>\n\t<meta name=\"twitter:data1\" content=\"1 minuta\" \/>\n<script type=\"application\/ld+json\" class=\"yoast-schema-graph\">{\"@context\":\"https:\/\/schema.org\",\"@graph\":[{\"@type\":\"WebPage\",\"@id\":\"https:\/\/adgt.cz\/cs\/products\/software\/cloudova-softwarova-platforma-iot24-eu\/\",\"url\":\"https:\/\/adgt.cz\/cs\/products\/software\/cloudova-softwarova-platforma-iot24-eu\/\",\"name\":\"Cloudov\u00e1 Softwarov\u00e1 Platforma IOT24.EU - ADGT\",\"isPartOf\":{\"@id\":\"https:\/\/adgt.cz\/cs\/#website\"},\"primaryImageOfPage\":{\"@id\":\"https:\/\/adgt.cz\/cs\/products\/software\/cloudova-softwarova-platforma-iot24-eu\/#primaryimage\"},\"image\":{\"@id\":\"https:\/\/adgt.cz\/cs\/products\/software\/cloudova-softwarova-platforma-iot24-eu\/#primaryimage\"},\"thumbnailUrl\":\"https:\/\/adgt.cz\/wp-content\/uploads\/2020\/09\/iot24_eu.jpg\",\"datePublished\":\"2020-12-02T07:20:17+00:00\",\"dateModified\":\"2021-08-30T12:07:55+00:00\",\"breadcrumb\":{\"@id\":\"https:\/\/adgt.cz\/cs\/products\/software\/cloudova-softwarova-platforma-iot24-eu\/#breadcrumb\"},\"inLanguage\":\"cs\",\"potentialAction\":[{\"@type\":\"ReadAction\",\"target\":[\"https:\/\/adgt.cz\/cs\/products\/software\/cloudova-softwarova-platforma-iot24-eu\/\"]}]},{\"@type\":\"ImageObject\",\"inLanguage\":\"cs\",\"@id\":\"https:\/\/adgt.cz\/cs\/products\/software\/cloudova-softwarova-platforma-iot24-eu\/#primaryimage\",\"url\":\"https:\/\/adgt.cz\/wp-content\/uploads\/2020\/09\/iot24_eu.jpg\",\"contentUrl\":\"https:\/\/adgt.cz\/wp-content\/uploads\/2020\/09\/iot24_eu.jpg\",\"width\":1100,\"height\":1100},{\"@type\":\"BreadcrumbList\",\"@id\":\"https:\/\/adgt.cz\/cs\/products\/software\/cloudova-softwarova-platforma-iot24-eu\/#breadcrumb\",\"itemListElement\":[{\"@type\":\"ListItem\",\"position\":1,\"name\":\"Home\",\"item\":\"https:\/\/adgt.cz\/cs\/\"},{\"@type\":\"ListItem\",\"position\":2,\"name\":\"Produkty\",\"item\":\"https:\/\/adgt.cz\/cs\/products\/\"},{\"@type\":\"ListItem\",\"position\":3,\"name\":\"Software\",\"item\":\"https:\/\/adgt.cz\/cs\/product-category\/software\/\"},{\"@type\":\"ListItem\",\"position\":4,\"name\":\"Cloudov\u00e1 Softwarov\u00e1 Platforma IOT24.EU\"}]},{\"@type\":\"WebSite\",\"@id\":\"https:\/\/adgt.cz\/cs\/#website\",\"url\":\"https:\/\/adgt.cz\/cs\/\",\"name\":\"ADGT\",\"description\":\"Just another WordPress site\",\"publisher\":{\"@id\":\"https:\/\/adgt.cz\/cs\/#organization\"},\"potentialAction\":[{\"@type\":\"SearchAction\",\"target\":{\"@type\":\"EntryPoint\",\"urlTemplate\":\"https:\/\/adgt.cz\/cs\/?s={search_term_string}\"},\"query-input\":{\"@type\":\"PropertyValueSpecification\",\"valueRequired\":true,\"valueName\":\"search_term_string\"}}],\"inLanguage\":\"cs\"},{\"@type\":\"Organization\",\"@id\":\"https:\/\/adgt.cz\/cs\/#organization\",\"name\":\"ADGT\",\"url\":\"https:\/\/adgt.cz\/cs\/\",\"logo\":{\"@type\":\"ImageObject\",\"inLanguage\":\"cs\",\"@id\":\"https:\/\/adgt.cz\/cs\/#\/schema\/logo\/image\/\",\"url\":\"https:\/\/adgt.cz\/wp-content\/uploads\/2020\/09\/ADGT_logo_Magenta.png\",\"contentUrl\":\"https:\/\/adgt.cz\/wp-content\/uploads\/2020\/09\/ADGT_logo_Magenta.png\",\"width\":798,\"height\":208,\"caption\":\"ADGT\"},\"image\":{\"@id\":\"https:\/\/adgt.cz\/cs\/#\/schema\/logo\/image\/\"}}]}<\/script>\n<!-- \/ Yoast SEO plugin. -->","yoast_head_json":{"title":"Cloudov\u00e1 Softwarov\u00e1 Platforma IOT24.EU - ADGT","robots":{"index":"index","follow":"follow","max-snippet":"max-snippet:-1","max-image-preview":"max-image-preview:large","max-video-preview":"max-video-preview:-1"},"canonical":"https:\/\/adgt.cz\/cs\/products\/software\/cloudova-softwarova-platforma-iot24-eu\/","og_locale":"cs_CZ","og_type":"article","og_title":"Cloudov\u00e1 Softwarov\u00e1 Platforma IOT24.EU - ADGT","og_description":"IOT24.EU je cloudov\u00e1 softwarov\u00e1 platforma pro m\u011b\u0159en\u00ed a monitorov\u00e1n\u00ed energetick\u00fdch zdroj\u016f. Platforma umo\u017e\u0148uje ukl\u00e1dat, vizualizovat a spravovat \u00fadaje o spot\u0159eb\u011b z m\u011b\u0159i\u010d\u016f a senzor\u016f p\u0159ipojen\u00fdch k z\u00e1znamn\u00edk\u016f dat ADGT DTU. Platforma je dobr\u00fdm alternativn\u00edm \u0159e\u0161en\u00edm k jin\u00fdm syst\u00e9m\u016fm AMR a je vhodn\u00e1 pro monitorov\u00e1n\u00ed dat z vodom\u011br\u016f, plynom\u011br\u016f jako\u017e i analogov\u00fdch senzor\u016f.","og_url":"https:\/\/adgt.cz\/cs\/products\/software\/cloudova-softwarova-platforma-iot24-eu\/","og_site_name":"ADGT","article_modified_time":"2021-08-30T12:07:55+00:00","og_image":[{"width":1100,"height":1100,"url":"https:\/\/adgt.cz\/wp-content\/uploads\/2020\/09\/iot24_eu.jpg","type":"image\/jpeg"}],"twitter_card":"summary_large_image","twitter_misc":{"Odhadovan\u00e1 doba \u010dten\u00ed":"1 minuta"},"schema":{"@context":"https:\/\/schema.org","@graph":[{"@type":"WebPage","@id":"https:\/\/adgt.cz\/cs\/products\/software\/cloudova-softwarova-platforma-iot24-eu\/","url":"https:\/\/adgt.cz\/cs\/products\/software\/cloudova-softwarova-platforma-iot24-eu\/","name":"Cloudov\u00e1 Softwarov\u00e1 Platforma IOT24.EU - ADGT","isPartOf":{"@id":"https:\/\/adgt.cz\/cs\/#website"},"primaryImageOfPage":{"@id":"https:\/\/adgt.cz\/cs\/products\/software\/cloudova-softwarova-platforma-iot24-eu\/#primaryimage"},"image":{"@id":"https:\/\/adgt.cz\/cs\/products\/software\/cloudova-softwarova-platforma-iot24-eu\/#primaryimage"},"thumbnailUrl":"https:\/\/adgt.cz\/wp-content\/uploads\/2020\/09\/iot24_eu.jpg","datePublished":"2020-12-02T07:20:17+00:00","dateModified":"2021-08-30T12:07:55+00:00","breadcrumb":{"@id":"https:\/\/adgt.cz\/cs\/products\/software\/cloudova-softwarova-platforma-iot24-eu\/#breadcrumb"},"inLanguage":"cs","potentialAction":[{"@type":"ReadAction","target":["https:\/\/adgt.cz\/cs\/products\/software\/cloudova-softwarova-platforma-iot24-eu\/"]}]},{"@type":"ImageObject","inLanguage":"cs","@id":"https:\/\/adgt.cz\/cs\/products\/software\/cloudova-softwarova-platforma-iot24-eu\/#primaryimage","url":"https:\/\/adgt.cz\/wp-content\/uploads\/2020\/09\/iot24_eu.jpg","contentUrl":"https:\/\/adgt.cz\/wp-content\/uploads\/2020\/09\/iot24_eu.jpg","width":1100,"height":1100},{"@type":"BreadcrumbList","@id":"https:\/\/adgt.cz\/cs\/products\/software\/cloudova-softwarova-platforma-iot24-eu\/#breadcrumb","itemListElement":[{"@type":"ListItem","position":1,"name":"Home","item":"https:\/\/adgt.cz\/cs\/"},{"@type":"ListItem","position":2,"name":"Produkty","item":"https:\/\/adgt.cz\/cs\/products\/"},{"@type":"ListItem","position":3,"name":"Software","item":"https:\/\/adgt.cz\/cs\/product-category\/software\/"},{"@type":"ListItem","position":4,"name":"Cloudov\u00e1 Softwarov\u00e1 Platforma IOT24.EU"}]},{"@type":"WebSite","@id":"https:\/\/adgt.cz\/cs\/#website","url":"https:\/\/adgt.cz\/cs\/","name":"ADGT","description":"Just another WordPress site","publisher":{"@id":"https:\/\/adgt.cz\/cs\/#organization"},"potentialAction":[{"@type":"SearchAction","target":{"@type":"EntryPoint","urlTemplate":"https:\/\/adgt.cz\/cs\/?s={search_term_string}"},"query-input":{"@type":"PropertyValueSpecification","valueRequired":true,"valueName":"search_term_string"}}],"inLanguage":"cs"},{"@type":"Organization","@id":"https:\/\/adgt.cz\/cs\/#organization","name":"ADGT","url":"https:\/\/adgt.cz\/cs\/","logo":{"@type":"ImageObject","inLanguage":"cs","@id":"https:\/\/adgt.cz\/cs\/#\/schema\/logo\/image\/","url":"https:\/\/adgt.cz\/wp-content\/uploads\/2020\/09\/ADGT_logo_Magenta.png","contentUrl":"https:\/\/adgt.cz\/wp-content\/uploads\/2020\/09\/ADGT_logo_Magenta.png","width":798,"height":208,"caption":"ADGT"},"image":{"@id":"https:\/\/adgt.cz\/cs\/#\/schema\/logo\/image\/"}}]}},"_links":{"self":[{"href":"https:\/\/adgt.cz\/cs\/wp-json\/wp\/v2\/product\/8514"}],"collection":[{"href":"https:\/\/adgt.cz\/cs\/wp-json\/wp\/v2\/product"}],"about":[{"href":"https:\/\/adgt.cz\/cs\/wp-json\/wp\/v2\/types\/product"}],"replies":[{"embeddable":true,"href":"https:\/\/adgt.cz\/cs\/wp-json\/wp\/v2\/comments?post=8514"}],"wp:featuredmedia":[{"embeddable":true,"href":"https:\/\/adgt.cz\/cs\/wp-json\/wp\/v2\/media\/7506"}],"wp:attachment":[{"href":"https:\/\/adgt.cz\/cs\/wp-json\/wp\/v2\/media?parent=8514"}],"wp:term":[{"taxonomy":"product_cat","embeddable":true,"href":"https:\/\/adgt.cz\/cs\/wp-json\/wp\/v2\/product_cat?post=8514"},{"taxonomy":"product_tag","embeddable":true,"href":"https:\/\/adgt.cz\/cs\/wp-json\/wp\/v2\/product_tag?post=8514"}],"curies":[{"name":"wp","href":"https:\/\/api.w.org\/{rel}","templated":true}]}}