{"id":8512,"date":"2020-10-05T09:14:56","date_gmt":"2020-12-02T07:05:48","guid":{"rendered":"https:\/\/adgt.cz\/?post_type=product&#038;p=8512"},"modified":"2021-03-17T11:01:41","modified_gmt":"2021-03-17T11:01:41","slug":"kabel-usb-a-mini-b","status":"publish","type":"product","link":"https:\/\/adgt.cz\/cs\/products\/accessories\/kabel-usb-a-mini-b\/","title":{"rendered":"KABEL USB A \u2013 MINI-B"},"content":{"rendered":"<p>Kabel USB2.0 A Male na USB Mini-B Male.<\/p>\n<p>\u2014 Rozhran\u00ed: USB 2.0<br \/>\n\u2014 Konektory: USB A-mini B<br \/>\n\u2014 D\u00e9lka kabelu: 1.8 m<\/p>\n","protected":false},"excerpt":{"rendered":"<p>Kabel USB2.0 A Male na USB Mini-B Male.<\/p>\n","protected":false},"featured_media":7966,"comment_status":"closed","ping_status":"closed","template":"","meta":[],"product_cat":[260],"product_tag":[],"class_list":{"0":"post-8512","1":"product","2":"type-product","3":"status-publish","4":"has-post-thumbnail","6":"product_cat-accessories","8":"first","9":"instock","10":"shipping-taxable","11":"purchasable","12":"product-type-simple"},"yoast_head":"<!-- This site is optimized with the Yoast SEO plugin v23.5 - https:\/\/yoast.com\/wordpress\/plugins\/seo\/ -->\n<title>KABEL USB A \u2013 MINI-B - ADGT<\/title>\n<meta name=\"robots\" content=\"index, follow, max-snippet:-1, max-image-preview:large, max-video-preview:-1\" \/>\n<link rel=\"canonical\" href=\"https:\/\/adgt.cz\/cs\/products\/accessories\/kabel-usb-a-mini-b\/\" \/>\n<meta property=\"og:locale\" content=\"cs_CZ\" \/>\n<meta property=\"og:type\" content=\"article\" \/>\n<meta property=\"og:title\" content=\"KABEL USB A \u2013 MINI-B - ADGT\" \/>\n<meta property=\"og:description\" content=\"Kabel USB2.0 A Male na USB Mini-B Male.\" \/>\n<meta property=\"og:url\" content=\"https:\/\/adgt.cz\/cs\/products\/accessories\/kabel-usb-a-mini-b\/\" \/>\n<meta property=\"og:site_name\" content=\"ADGT\" \/>\n<meta property=\"article:modified_time\" content=\"2021-03-17T11:01:41+00:00\" \/>\n<meta property=\"og:image\" content=\"https:\/\/adgt.cz\/wp-content\/uploads\/2020\/10\/USB-A-mini-B.jpg\" \/>\n\t<meta property=\"og:image:width\" content=\"1200\" \/>\n\t<meta property=\"og:image:height\" content=\"1195\" \/>\n\t<meta property=\"og:image:type\" content=\"image\/jpeg\" \/>\n<meta name=\"twitter:card\" content=\"summary_large_image\" \/>\n<script type=\"application\/ld+json\" class=\"yoast-schema-graph\">{\"@context\":\"https:\/\/schema.org\",\"@graph\":[{\"@type\":\"WebPage\",\"@id\":\"https:\/\/adgt.cz\/cs\/products\/accessories\/kabel-usb-a-mini-b\/\",\"url\":\"https:\/\/adgt.cz\/cs\/products\/accessories\/kabel-usb-a-mini-b\/\",\"name\":\"KABEL USB A \u2013 MINI-B - ADGT\",\"isPartOf\":{\"@id\":\"https:\/\/adgt.cz\/cs\/#website\"},\"primaryImageOfPage\":{\"@id\":\"https:\/\/adgt.cz\/cs\/products\/accessories\/kabel-usb-a-mini-b\/#primaryimage\"},\"image\":{\"@id\":\"https:\/\/adgt.cz\/cs\/products\/accessories\/kabel-usb-a-mini-b\/#primaryimage\"},\"thumbnailUrl\":\"https:\/\/adgt.cz\/wp-content\/uploads\/2020\/10\/USB-A-mini-B.jpg\",\"datePublished\":\"2020-12-02T07:05:48+00:00\",\"dateModified\":\"2021-03-17T11:01:41+00:00\",\"breadcrumb\":{\"@id\":\"https:\/\/adgt.cz\/cs\/products\/accessories\/kabel-usb-a-mini-b\/#breadcrumb\"},\"inLanguage\":\"cs\",\"potentialAction\":[{\"@type\":\"ReadAction\",\"target\":[\"https:\/\/adgt.cz\/cs\/products\/accessories\/kabel-usb-a-mini-b\/\"]}]},{\"@type\":\"ImageObject\",\"inLanguage\":\"cs\",\"@id\":\"https:\/\/adgt.cz\/cs\/products\/accessories\/kabel-usb-a-mini-b\/#primaryimage\",\"url\":\"https:\/\/adgt.cz\/wp-content\/uploads\/2020\/10\/USB-A-mini-B.jpg\",\"contentUrl\":\"https:\/\/adgt.cz\/wp-content\/uploads\/2020\/10\/USB-A-mini-B.jpg\",\"width\":1200,\"height\":1195},{\"@type\":\"BreadcrumbList\",\"@id\":\"https:\/\/adgt.cz\/cs\/products\/accessories\/kabel-usb-a-mini-b\/#breadcrumb\",\"itemListElement\":[{\"@type\":\"ListItem\",\"position\":1,\"name\":\"Home\",\"item\":\"https:\/\/adgt.cz\/cs\/\"},{\"@type\":\"ListItem\",\"position\":2,\"name\":\"Produkty\",\"item\":\"https:\/\/adgt.cz\/cs\/products\/\"},{\"@type\":\"ListItem\",\"position\":3,\"name\":\"P\u0159\u00edslu\u0161enstv\u00ed\",\"item\":\"https:\/\/adgt.cz\/cs\/product-category\/accessories\/\"},{\"@type\":\"ListItem\",\"position\":4,\"name\":\"KABEL USB A \u2013 MINI-B\"}]},{\"@type\":\"WebSite\",\"@id\":\"https:\/\/adgt.cz\/cs\/#website\",\"url\":\"https:\/\/adgt.cz\/cs\/\",\"name\":\"ADGT\",\"description\":\"Just another WordPress site\",\"publisher\":{\"@id\":\"https:\/\/adgt.cz\/cs\/#organization\"},\"potentialAction\":[{\"@type\":\"SearchAction\",\"target\":{\"@type\":\"EntryPoint\",\"urlTemplate\":\"https:\/\/adgt.cz\/cs\/?s={search_term_string}\"},\"query-input\":{\"@type\":\"PropertyValueSpecification\",\"valueRequired\":true,\"valueName\":\"search_term_string\"}}],\"inLanguage\":\"cs\"},{\"@type\":\"Organization\",\"@id\":\"https:\/\/adgt.cz\/cs\/#organization\",\"name\":\"ADGT\",\"url\":\"https:\/\/adgt.cz\/cs\/\",\"logo\":{\"@type\":\"ImageObject\",\"inLanguage\":\"cs\",\"@id\":\"https:\/\/adgt.cz\/cs\/#\/schema\/logo\/image\/\",\"url\":\"https:\/\/adgt.cz\/wp-content\/uploads\/2020\/09\/ADGT_logo_Magenta.png\",\"contentUrl\":\"https:\/\/adgt.cz\/wp-content\/uploads\/2020\/09\/ADGT_logo_Magenta.png\",\"width\":798,\"height\":208,\"caption\":\"ADGT\"},\"image\":{\"@id\":\"https:\/\/adgt.cz\/cs\/#\/schema\/logo\/image\/\"}}]}<\/script>\n<!-- \/ Yoast SEO plugin. -->","yoast_head_json":{"title":"KABEL USB A \u2013 MINI-B - ADGT","robots":{"index":"index","follow":"follow","max-snippet":"max-snippet:-1","max-image-preview":"max-image-preview:large","max-video-preview":"max-video-preview:-1"},"canonical":"https:\/\/adgt.cz\/cs\/products\/accessories\/kabel-usb-a-mini-b\/","og_locale":"cs_CZ","og_type":"article","og_title":"KABEL USB A \u2013 MINI-B - ADGT","og_description":"Kabel USB2.0 A Male na USB Mini-B Male.","og_url":"https:\/\/adgt.cz\/cs\/products\/accessories\/kabel-usb-a-mini-b\/","og_site_name":"ADGT","article_modified_time":"2021-03-17T11:01:41+00:00","og_image":[{"width":1200,"height":1195,"url":"https:\/\/adgt.cz\/wp-content\/uploads\/2020\/10\/USB-A-mini-B.jpg","type":"image\/jpeg"}],"twitter_card":"summary_large_image","schema":{"@context":"https:\/\/schema.org","@graph":[{"@type":"WebPage","@id":"https:\/\/adgt.cz\/cs\/products\/accessories\/kabel-usb-a-mini-b\/","url":"https:\/\/adgt.cz\/cs\/products\/accessories\/kabel-usb-a-mini-b\/","name":"KABEL USB A \u2013 MINI-B - ADGT","isPartOf":{"@id":"https:\/\/adgt.cz\/cs\/#website"},"primaryImageOfPage":{"@id":"https:\/\/adgt.cz\/cs\/products\/accessories\/kabel-usb-a-mini-b\/#primaryimage"},"image":{"@id":"https:\/\/adgt.cz\/cs\/products\/accessories\/kabel-usb-a-mini-b\/#primaryimage"},"thumbnailUrl":"https:\/\/adgt.cz\/wp-content\/uploads\/2020\/10\/USB-A-mini-B.jpg","datePublished":"2020-12-02T07:05:48+00:00","dateModified":"2021-03-17T11:01:41+00:00","breadcrumb":{"@id":"https:\/\/adgt.cz\/cs\/products\/accessories\/kabel-usb-a-mini-b\/#breadcrumb"},"inLanguage":"cs","potentialAction":[{"@type":"ReadAction","target":["https:\/\/adgt.cz\/cs\/products\/accessories\/kabel-usb-a-mini-b\/"]}]},{"@type":"ImageObject","inLanguage":"cs","@id":"https:\/\/adgt.cz\/cs\/products\/accessories\/kabel-usb-a-mini-b\/#primaryimage","url":"https:\/\/adgt.cz\/wp-content\/uploads\/2020\/10\/USB-A-mini-B.jpg","contentUrl":"https:\/\/adgt.cz\/wp-content\/uploads\/2020\/10\/USB-A-mini-B.jpg","width":1200,"height":1195},{"@type":"BreadcrumbList","@id":"https:\/\/adgt.cz\/cs\/products\/accessories\/kabel-usb-a-mini-b\/#breadcrumb","itemListElement":[{"@type":"ListItem","position":1,"name":"Home","item":"https:\/\/adgt.cz\/cs\/"},{"@type":"ListItem","position":2,"name":"Produkty","item":"https:\/\/adgt.cz\/cs\/products\/"},{"@type":"ListItem","position":3,"name":"P\u0159\u00edslu\u0161enstv\u00ed","item":"https:\/\/adgt.cz\/cs\/product-category\/accessories\/"},{"@type":"ListItem","position":4,"name":"KABEL USB A \u2013 MINI-B"}]},{"@type":"WebSite","@id":"https:\/\/adgt.cz\/cs\/#website","url":"https:\/\/adgt.cz\/cs\/","name":"ADGT","description":"Just another WordPress site","publisher":{"@id":"https:\/\/adgt.cz\/cs\/#organization"},"potentialAction":[{"@type":"SearchAction","target":{"@type":"EntryPoint","urlTemplate":"https:\/\/adgt.cz\/cs\/?s={search_term_string}"},"query-input":{"@type":"PropertyValueSpecification","valueRequired":true,"valueName":"search_term_string"}}],"inLanguage":"cs"},{"@type":"Organization","@id":"https:\/\/adgt.cz\/cs\/#organization","name":"ADGT","url":"https:\/\/adgt.cz\/cs\/","logo":{"@type":"ImageObject","inLanguage":"cs","@id":"https:\/\/adgt.cz\/cs\/#\/schema\/logo\/image\/","url":"https:\/\/adgt.cz\/wp-content\/uploads\/2020\/09\/ADGT_logo_Magenta.png","contentUrl":"https:\/\/adgt.cz\/wp-content\/uploads\/2020\/09\/ADGT_logo_Magenta.png","width":798,"height":208,"caption":"ADGT"},"image":{"@id":"https:\/\/adgt.cz\/cs\/#\/schema\/logo\/image\/"}}]}},"_links":{"self":[{"href":"https:\/\/adgt.cz\/cs\/wp-json\/wp\/v2\/product\/8512"}],"collection":[{"href":"https:\/\/adgt.cz\/cs\/wp-json\/wp\/v2\/product"}],"about":[{"href":"https:\/\/adgt.cz\/cs\/wp-json\/wp\/v2\/types\/product"}],"replies":[{"embeddable":true,"href":"https:\/\/adgt.cz\/cs\/wp-json\/wp\/v2\/comments?post=8512"}],"wp:featuredmedia":[{"embeddable":true,"href":"https:\/\/adgt.cz\/cs\/wp-json\/wp\/v2\/media\/7966"}],"wp:attachment":[{"href":"https:\/\/adgt.cz\/cs\/wp-json\/wp\/v2\/media?parent=8512"}],"wp:term":[{"taxonomy":"product_cat","embeddable":true,"href":"https:\/\/adgt.cz\/cs\/wp-json\/wp\/v2\/product_cat?post=8512"},{"taxonomy":"product_tag","embeddable":true,"href":"https:\/\/adgt.cz\/cs\/wp-json\/wp\/v2\/product_tag?post=8512"}],"curies":[{"name":"wp","href":"https:\/\/api.w.org\/{rel}","templated":true}]}}