{"id":8507,"date":"2020-10-02T11:41:27","date_gmt":"2020-12-02T06:58:03","guid":{"rendered":"https:\/\/adgt.cz\/?post_type=product&#038;p=8507"},"modified":"2020-12-10T14:58:36","modified_gmt":"2020-12-10T14:58:36","slug":"napajeci-adapter-gm24-10-open-end","status":"publish","type":"product","link":"https:\/\/adgt.cz\/cs\/products\/accessories\/napajeci-adapter-gm24-10-open-end\/","title":{"rendered":"Nap\u00e1jec\u00ed adapt\u00e9r GM24-10 (Open End)"},"content":{"rendered":"<p>Nap\u00e1jec\u00ed adapt\u00e9r s otev\u0159en\u00fdmi konci kabelu pro elektrick\u00e1 a r\u00e1diov\u00e1 za\u0159\u00edzen\u00ed s nap\u00e1jec\u00edm nap\u011bt\u00edm 24V a odb\u011brem proudu a\u017e 1000mA.<\/p>\n<p>Technick\u00e9 specifikace:<br \/>\n\u2014 Vstupn\u00ed nap\u011bt\u00ed: 110-240 VAC 50\/60Hz<br \/>\n\u2014 V\u00fdstupn\u00ed nap\u011bt\u00ed: 24 VDC<br \/>\n\u2014 Proud: 1A<br \/>\n\u2014 Konektor: 2-pin (open end)<br \/>\n\u2014 Hmotnost: 115 g<br \/>\n\u2014 Provozn\u00ed teplota: 0\u2026+55\u00b0C<\/p>\n","protected":false},"excerpt":{"rendered":"<p>Nap\u00e1jec\u00ed adapt\u00e9r s otev\u0159en\u00fdmi konci kabelu pro elektrick\u00e1 a r\u00e1diov\u00e1 za\u0159\u00edzen\u00ed s nap\u00e1jec\u00edm nap\u011bt\u00edm 24V a odb\u011brem proudu a\u017e 1000mA.<\/p>\n","protected":false},"featured_media":8381,"comment_status":"closed","ping_status":"closed","template":"","meta":[],"product_cat":[260],"product_tag":[],"class_list":{"0":"post-8507","1":"product","2":"type-product","3":"status-publish","4":"has-post-thumbnail","6":"product_cat-accessories","8":"first","9":"instock","10":"shipping-taxable","11":"purchasable","12":"product-type-simple"},"yoast_head":"<!-- This site is optimized with the Yoast SEO plugin v23.5 - https:\/\/yoast.com\/wordpress\/plugins\/seo\/ -->\n<title>Nap\u00e1jec\u00ed adapt\u00e9r GM24-10 (Open End) - ADGT<\/title>\n<meta name=\"robots\" content=\"index, follow, max-snippet:-1, max-image-preview:large, max-video-preview:-1\" \/>\n<link rel=\"canonical\" href=\"https:\/\/adgt.cz\/cs\/products\/accessories\/napajeci-adapter-gm24-10-open-end\/\" \/>\n<meta property=\"og:locale\" content=\"cs_CZ\" \/>\n<meta property=\"og:type\" content=\"article\" \/>\n<meta property=\"og:title\" content=\"Nap\u00e1jec\u00ed adapt\u00e9r GM24-10 (Open End) - ADGT\" \/>\n<meta property=\"og:description\" content=\"Nap\u00e1jec\u00ed adapt\u00e9r s otev\u0159en\u00fdmi konci kabelu pro elektrick\u00e1 a r\u00e1diov\u00e1 za\u0159\u00edzen\u00ed s nap\u00e1jec\u00edm nap\u011bt\u00edm 24V a odb\u011brem proudu a\u017e 1000mA.\" \/>\n<meta property=\"og:url\" content=\"https:\/\/adgt.cz\/cs\/products\/accessories\/napajeci-adapter-gm24-10-open-end\/\" \/>\n<meta property=\"og:site_name\" content=\"ADGT\" \/>\n<meta property=\"article:modified_time\" content=\"2020-12-10T14:58:36+00:00\" \/>\n<meta property=\"og:image\" content=\"https:\/\/adgt.cz\/wp-content\/uploads\/2020\/10\/GM24-10open-end_1-1.jpg\" \/>\n\t<meta property=\"og:image:width\" content=\"1200\" \/>\n\t<meta property=\"og:image:height\" content=\"1200\" \/>\n\t<meta property=\"og:image:type\" content=\"image\/jpeg\" \/>\n<meta name=\"twitter:card\" content=\"summary_large_image\" \/>\n<script type=\"application\/ld+json\" class=\"yoast-schema-graph\">{\"@context\":\"https:\/\/schema.org\",\"@graph\":[{\"@type\":\"WebPage\",\"@id\":\"https:\/\/adgt.cz\/cs\/products\/accessories\/napajeci-adapter-gm24-10-open-end\/\",\"url\":\"https:\/\/adgt.cz\/cs\/products\/accessories\/napajeci-adapter-gm24-10-open-end\/\",\"name\":\"Nap\u00e1jec\u00ed adapt\u00e9r GM24-10 (Open End) - ADGT\",\"isPartOf\":{\"@id\":\"https:\/\/adgt.cz\/cs\/#website\"},\"primaryImageOfPage\":{\"@id\":\"https:\/\/adgt.cz\/cs\/products\/accessories\/napajeci-adapter-gm24-10-open-end\/#primaryimage\"},\"image\":{\"@id\":\"https:\/\/adgt.cz\/cs\/products\/accessories\/napajeci-adapter-gm24-10-open-end\/#primaryimage\"},\"thumbnailUrl\":\"https:\/\/adgt.cz\/wp-content\/uploads\/2020\/10\/GM24-10open-end_1-1.jpg\",\"datePublished\":\"2020-12-02T06:58:03+00:00\",\"dateModified\":\"2020-12-10T14:58:36+00:00\",\"breadcrumb\":{\"@id\":\"https:\/\/adgt.cz\/cs\/products\/accessories\/napajeci-adapter-gm24-10-open-end\/#breadcrumb\"},\"inLanguage\":\"cs\",\"potentialAction\":[{\"@type\":\"ReadAction\",\"target\":[\"https:\/\/adgt.cz\/cs\/products\/accessories\/napajeci-adapter-gm24-10-open-end\/\"]}]},{\"@type\":\"ImageObject\",\"inLanguage\":\"cs\",\"@id\":\"https:\/\/adgt.cz\/cs\/products\/accessories\/napajeci-adapter-gm24-10-open-end\/#primaryimage\",\"url\":\"https:\/\/adgt.cz\/wp-content\/uploads\/2020\/10\/GM24-10open-end_1-1.jpg\",\"contentUrl\":\"https:\/\/adgt.cz\/wp-content\/uploads\/2020\/10\/GM24-10open-end_1-1.jpg\",\"width\":1200,\"height\":1200},{\"@type\":\"BreadcrumbList\",\"@id\":\"https:\/\/adgt.cz\/cs\/products\/accessories\/napajeci-adapter-gm24-10-open-end\/#breadcrumb\",\"itemListElement\":[{\"@type\":\"ListItem\",\"position\":1,\"name\":\"Home\",\"item\":\"https:\/\/adgt.cz\/cs\/\"},{\"@type\":\"ListItem\",\"position\":2,\"name\":\"Produkty\",\"item\":\"https:\/\/adgt.cz\/cs\/products\/\"},{\"@type\":\"ListItem\",\"position\":3,\"name\":\"P\u0159\u00edslu\u0161enstv\u00ed\",\"item\":\"https:\/\/adgt.cz\/cs\/product-category\/accessories\/\"},{\"@type\":\"ListItem\",\"position\":4,\"name\":\"Nap\u00e1jec\u00ed adapt\u00e9r GM24-10 (Open End)\"}]},{\"@type\":\"WebSite\",\"@id\":\"https:\/\/adgt.cz\/cs\/#website\",\"url\":\"https:\/\/adgt.cz\/cs\/\",\"name\":\"ADGT\",\"description\":\"Just another WordPress site\",\"publisher\":{\"@id\":\"https:\/\/adgt.cz\/cs\/#organization\"},\"potentialAction\":[{\"@type\":\"SearchAction\",\"target\":{\"@type\":\"EntryPoint\",\"urlTemplate\":\"https:\/\/adgt.cz\/cs\/?s={search_term_string}\"},\"query-input\":{\"@type\":\"PropertyValueSpecification\",\"valueRequired\":true,\"valueName\":\"search_term_string\"}}],\"inLanguage\":\"cs\"},{\"@type\":\"Organization\",\"@id\":\"https:\/\/adgt.cz\/cs\/#organization\",\"name\":\"ADGT\",\"url\":\"https:\/\/adgt.cz\/cs\/\",\"logo\":{\"@type\":\"ImageObject\",\"inLanguage\":\"cs\",\"@id\":\"https:\/\/adgt.cz\/cs\/#\/schema\/logo\/image\/\",\"url\":\"https:\/\/adgt.cz\/wp-content\/uploads\/2020\/09\/ADGT_logo_Magenta.png\",\"contentUrl\":\"https:\/\/adgt.cz\/wp-content\/uploads\/2020\/09\/ADGT_logo_Magenta.png\",\"width\":798,\"height\":208,\"caption\":\"ADGT\"},\"image\":{\"@id\":\"https:\/\/adgt.cz\/cs\/#\/schema\/logo\/image\/\"}}]}<\/script>\n<!-- \/ Yoast SEO plugin. -->","yoast_head_json":{"title":"Nap\u00e1jec\u00ed adapt\u00e9r GM24-10 (Open End) - ADGT","robots":{"index":"index","follow":"follow","max-snippet":"max-snippet:-1","max-image-preview":"max-image-preview:large","max-video-preview":"max-video-preview:-1"},"canonical":"https:\/\/adgt.cz\/cs\/products\/accessories\/napajeci-adapter-gm24-10-open-end\/","og_locale":"cs_CZ","og_type":"article","og_title":"Nap\u00e1jec\u00ed adapt\u00e9r GM24-10 (Open End) - ADGT","og_description":"Nap\u00e1jec\u00ed adapt\u00e9r s otev\u0159en\u00fdmi konci kabelu pro elektrick\u00e1 a r\u00e1diov\u00e1 za\u0159\u00edzen\u00ed s nap\u00e1jec\u00edm nap\u011bt\u00edm 24V a odb\u011brem proudu a\u017e 1000mA.","og_url":"https:\/\/adgt.cz\/cs\/products\/accessories\/napajeci-adapter-gm24-10-open-end\/","og_site_name":"ADGT","article_modified_time":"2020-12-10T14:58:36+00:00","og_image":[{"width":1200,"height":1200,"url":"https:\/\/adgt.cz\/wp-content\/uploads\/2020\/10\/GM24-10open-end_1-1.jpg","type":"image\/jpeg"}],"twitter_card":"summary_large_image","schema":{"@context":"https:\/\/schema.org","@graph":[{"@type":"WebPage","@id":"https:\/\/adgt.cz\/cs\/products\/accessories\/napajeci-adapter-gm24-10-open-end\/","url":"https:\/\/adgt.cz\/cs\/products\/accessories\/napajeci-adapter-gm24-10-open-end\/","name":"Nap\u00e1jec\u00ed adapt\u00e9r GM24-10 (Open End) - ADGT","isPartOf":{"@id":"https:\/\/adgt.cz\/cs\/#website"},"primaryImageOfPage":{"@id":"https:\/\/adgt.cz\/cs\/products\/accessories\/napajeci-adapter-gm24-10-open-end\/#primaryimage"},"image":{"@id":"https:\/\/adgt.cz\/cs\/products\/accessories\/napajeci-adapter-gm24-10-open-end\/#primaryimage"},"thumbnailUrl":"https:\/\/adgt.cz\/wp-content\/uploads\/2020\/10\/GM24-10open-end_1-1.jpg","datePublished":"2020-12-02T06:58:03+00:00","dateModified":"2020-12-10T14:58:36+00:00","breadcrumb":{"@id":"https:\/\/adgt.cz\/cs\/products\/accessories\/napajeci-adapter-gm24-10-open-end\/#breadcrumb"},"inLanguage":"cs","potentialAction":[{"@type":"ReadAction","target":["https:\/\/adgt.cz\/cs\/products\/accessories\/napajeci-adapter-gm24-10-open-end\/"]}]},{"@type":"ImageObject","inLanguage":"cs","@id":"https:\/\/adgt.cz\/cs\/products\/accessories\/napajeci-adapter-gm24-10-open-end\/#primaryimage","url":"https:\/\/adgt.cz\/wp-content\/uploads\/2020\/10\/GM24-10open-end_1-1.jpg","contentUrl":"https:\/\/adgt.cz\/wp-content\/uploads\/2020\/10\/GM24-10open-end_1-1.jpg","width":1200,"height":1200},{"@type":"BreadcrumbList","@id":"https:\/\/adgt.cz\/cs\/products\/accessories\/napajeci-adapter-gm24-10-open-end\/#breadcrumb","itemListElement":[{"@type":"ListItem","position":1,"name":"Home","item":"https:\/\/adgt.cz\/cs\/"},{"@type":"ListItem","position":2,"name":"Produkty","item":"https:\/\/adgt.cz\/cs\/products\/"},{"@type":"ListItem","position":3,"name":"P\u0159\u00edslu\u0161enstv\u00ed","item":"https:\/\/adgt.cz\/cs\/product-category\/accessories\/"},{"@type":"ListItem","position":4,"name":"Nap\u00e1jec\u00ed adapt\u00e9r GM24-10 (Open End)"}]},{"@type":"WebSite","@id":"https:\/\/adgt.cz\/cs\/#website","url":"https:\/\/adgt.cz\/cs\/","name":"ADGT","description":"Just another WordPress site","publisher":{"@id":"https:\/\/adgt.cz\/cs\/#organization"},"potentialAction":[{"@type":"SearchAction","target":{"@type":"EntryPoint","urlTemplate":"https:\/\/adgt.cz\/cs\/?s={search_term_string}"},"query-input":{"@type":"PropertyValueSpecification","valueRequired":true,"valueName":"search_term_string"}}],"inLanguage":"cs"},{"@type":"Organization","@id":"https:\/\/adgt.cz\/cs\/#organization","name":"ADGT","url":"https:\/\/adgt.cz\/cs\/","logo":{"@type":"ImageObject","inLanguage":"cs","@id":"https:\/\/adgt.cz\/cs\/#\/schema\/logo\/image\/","url":"https:\/\/adgt.cz\/wp-content\/uploads\/2020\/09\/ADGT_logo_Magenta.png","contentUrl":"https:\/\/adgt.cz\/wp-content\/uploads\/2020\/09\/ADGT_logo_Magenta.png","width":798,"height":208,"caption":"ADGT"},"image":{"@id":"https:\/\/adgt.cz\/cs\/#\/schema\/logo\/image\/"}}]}},"_links":{"self":[{"href":"https:\/\/adgt.cz\/cs\/wp-json\/wp\/v2\/product\/8507"}],"collection":[{"href":"https:\/\/adgt.cz\/cs\/wp-json\/wp\/v2\/product"}],"about":[{"href":"https:\/\/adgt.cz\/cs\/wp-json\/wp\/v2\/types\/product"}],"replies":[{"embeddable":true,"href":"https:\/\/adgt.cz\/cs\/wp-json\/wp\/v2\/comments?post=8507"}],"wp:featuredmedia":[{"embeddable":true,"href":"https:\/\/adgt.cz\/cs\/wp-json\/wp\/v2\/media\/8381"}],"wp:attachment":[{"href":"https:\/\/adgt.cz\/cs\/wp-json\/wp\/v2\/media?parent=8507"}],"wp:term":[{"taxonomy":"product_cat","embeddable":true,"href":"https:\/\/adgt.cz\/cs\/wp-json\/wp\/v2\/product_cat?post=8507"},{"taxonomy":"product_tag","embeddable":true,"href":"https:\/\/adgt.cz\/cs\/wp-json\/wp\/v2\/product_tag?post=8507"}],"curies":[{"name":"wp","href":"https:\/\/api.w.org\/{rel}","templated":true}]}}