{"id":8499,"date":"2020-10-02T11:25:43","date_gmt":"2020-12-01T14:59:29","guid":{"rendered":"https:\/\/adgt.cz\/?post_type=product&#038;p=8499"},"modified":"2021-03-17T11:01:44","modified_gmt":"2021-03-17T11:01:44","slug":"antena-l42","status":"publish","type":"product","link":"https:\/\/adgt.cz\/cs\/products\/accessories\/antena-l42\/","title":{"rendered":"Ant\u00e9na L42"},"content":{"rendered":"<p>LTE\/3G\/GSM ant\u00e9na 5dBi s magnetickou z\u00e1kladnou, SMA konektorem a kabelem 3m. Ur\u010deno k zes\u00edlen\u00ed komunika\u010dn\u00edho sign\u00e1lu v celul\u00e1rn\u00edch za\u0159\u00edzen\u00edch (br\u00e1ny, modemy, routery, opakova\u010de) s ant\u00e9nn\u00edm konektorem SMA.<\/p>\n<p>Technick\u00e9 specifikace:<br \/>\n\u2014 Frekvence: 698-960\/1710-2170\/2500-2700 MHz<br \/>\n\u2014 Vstupn\u00ed impedance: 50 Ohm<br \/>\n\u2014 Zisk: 5 dBi<br \/>\n\u2014 Polarizace: vertik\u00e1ln\u00ed<br \/>\n\u2014 D\u00e9lka ant\u00e9ny: 290 mm<br \/>\n\u2014 Z\u00e1kladna magnetu: 50 mm<br \/>\n\u2014 D\u00e9lka kabelu: 3 m<br \/>\n\u2014 Mont\u00e1\u017e: magnetick\u00fd<br \/>\n\u2014 Konektor: SMA(m)<br \/>\n\u2014 Provozn\u00ed teplota: -45\u2026+75\u00b0\u0421<\/p>\n","protected":false},"excerpt":{"rendered":"<p>LTE\/3G\/GSM ant\u00e9na 5dBi s magnetickou z\u00e1kladnou, SMA konektorem a kabelem 3m. Ur\u010deno k zes\u00edlen\u00ed komunika\u010dn\u00edho sign\u00e1lu v celul\u00e1rn\u00edch za\u0159\u00edzen\u00edch (br\u00e1ny, modemy, routery, opakova\u010de) s ant\u00e9nn\u00edm konektorem SMA.<\/p>\n","protected":false},"featured_media":7910,"comment_status":"closed","ping_status":"closed","template":"","meta":[],"product_cat":[260],"product_tag":[],"class_list":{"0":"post-8499","1":"product","2":"type-product","3":"status-publish","4":"has-post-thumbnail","6":"product_cat-accessories","8":"first","9":"instock","10":"shipping-taxable","11":"purchasable","12":"product-type-simple"},"yoast_head":"<!-- This site is optimized with the Yoast SEO plugin v23.5 - https:\/\/yoast.com\/wordpress\/plugins\/seo\/ -->\n<title>Ant\u00e9na L42 - ADGT<\/title>\n<meta name=\"robots\" content=\"index, follow, max-snippet:-1, max-image-preview:large, max-video-preview:-1\" \/>\n<link rel=\"canonical\" href=\"https:\/\/adgt.cz\/cs\/products\/accessories\/antena-l42\/\" \/>\n<meta property=\"og:locale\" content=\"cs_CZ\" \/>\n<meta property=\"og:type\" content=\"article\" \/>\n<meta property=\"og:title\" content=\"Ant\u00e9na L42 - ADGT\" \/>\n<meta property=\"og:description\" content=\"LTE\/3G\/GSM ant\u00e9na 5dBi s magnetickou z\u00e1kladnou, SMA konektorem a kabelem 3m. Ur\u010deno k zes\u00edlen\u00ed komunika\u010dn\u00edho sign\u00e1lu v celul\u00e1rn\u00edch za\u0159\u00edzen\u00edch (br\u00e1ny, modemy, routery, opakova\u010de) s ant\u00e9nn\u00edm konektorem SMA.\" \/>\n<meta property=\"og:url\" content=\"https:\/\/adgt.cz\/cs\/products\/accessories\/antena-l42\/\" \/>\n<meta property=\"og:site_name\" content=\"ADGT\" \/>\n<meta property=\"article:modified_time\" content=\"2021-03-17T11:01:44+00:00\" \/>\n<meta property=\"og:image\" content=\"https:\/\/adgt.cz\/wp-content\/uploads\/2020\/10\/ADGT_L42.jpg\" \/>\n\t<meta property=\"og:image:width\" content=\"1605\" \/>\n\t<meta property=\"og:image:height\" content=\"1598\" \/>\n\t<meta property=\"og:image:type\" content=\"image\/jpeg\" \/>\n<meta name=\"twitter:card\" content=\"summary_large_image\" \/>\n<script type=\"application\/ld+json\" class=\"yoast-schema-graph\">{\"@context\":\"https:\/\/schema.org\",\"@graph\":[{\"@type\":\"WebPage\",\"@id\":\"https:\/\/adgt.cz\/cs\/products\/accessories\/antena-l42\/\",\"url\":\"https:\/\/adgt.cz\/cs\/products\/accessories\/antena-l42\/\",\"name\":\"Ant\u00e9na L42 - ADGT\",\"isPartOf\":{\"@id\":\"https:\/\/adgt.cz\/cs\/#website\"},\"primaryImageOfPage\":{\"@id\":\"https:\/\/adgt.cz\/cs\/products\/accessories\/antena-l42\/#primaryimage\"},\"image\":{\"@id\":\"https:\/\/adgt.cz\/cs\/products\/accessories\/antena-l42\/#primaryimage\"},\"thumbnailUrl\":\"https:\/\/adgt.cz\/wp-content\/uploads\/2020\/10\/ADGT_L42.jpg\",\"datePublished\":\"2020-12-01T14:59:29+00:00\",\"dateModified\":\"2021-03-17T11:01:44+00:00\",\"breadcrumb\":{\"@id\":\"https:\/\/adgt.cz\/cs\/products\/accessories\/antena-l42\/#breadcrumb\"},\"inLanguage\":\"cs\",\"potentialAction\":[{\"@type\":\"ReadAction\",\"target\":[\"https:\/\/adgt.cz\/cs\/products\/accessories\/antena-l42\/\"]}]},{\"@type\":\"ImageObject\",\"inLanguage\":\"cs\",\"@id\":\"https:\/\/adgt.cz\/cs\/products\/accessories\/antena-l42\/#primaryimage\",\"url\":\"https:\/\/adgt.cz\/wp-content\/uploads\/2020\/10\/ADGT_L42.jpg\",\"contentUrl\":\"https:\/\/adgt.cz\/wp-content\/uploads\/2020\/10\/ADGT_L42.jpg\",\"width\":1605,\"height\":1598},{\"@type\":\"BreadcrumbList\",\"@id\":\"https:\/\/adgt.cz\/cs\/products\/accessories\/antena-l42\/#breadcrumb\",\"itemListElement\":[{\"@type\":\"ListItem\",\"position\":1,\"name\":\"Home\",\"item\":\"https:\/\/adgt.cz\/cs\/\"},{\"@type\":\"ListItem\",\"position\":2,\"name\":\"Produkty\",\"item\":\"https:\/\/adgt.cz\/cs\/products\/\"},{\"@type\":\"ListItem\",\"position\":3,\"name\":\"P\u0159\u00edslu\u0161enstv\u00ed\",\"item\":\"https:\/\/adgt.cz\/cs\/product-category\/accessories\/\"},{\"@type\":\"ListItem\",\"position\":4,\"name\":\"Ant\u00e9na L42\"}]},{\"@type\":\"WebSite\",\"@id\":\"https:\/\/adgt.cz\/cs\/#website\",\"url\":\"https:\/\/adgt.cz\/cs\/\",\"name\":\"ADGT\",\"description\":\"Just another WordPress site\",\"publisher\":{\"@id\":\"https:\/\/adgt.cz\/cs\/#organization\"},\"potentialAction\":[{\"@type\":\"SearchAction\",\"target\":{\"@type\":\"EntryPoint\",\"urlTemplate\":\"https:\/\/adgt.cz\/cs\/?s={search_term_string}\"},\"query-input\":{\"@type\":\"PropertyValueSpecification\",\"valueRequired\":true,\"valueName\":\"search_term_string\"}}],\"inLanguage\":\"cs\"},{\"@type\":\"Organization\",\"@id\":\"https:\/\/adgt.cz\/cs\/#organization\",\"name\":\"ADGT\",\"url\":\"https:\/\/adgt.cz\/cs\/\",\"logo\":{\"@type\":\"ImageObject\",\"inLanguage\":\"cs\",\"@id\":\"https:\/\/adgt.cz\/cs\/#\/schema\/logo\/image\/\",\"url\":\"https:\/\/adgt.cz\/wp-content\/uploads\/2020\/09\/ADGT_logo_Magenta.png\",\"contentUrl\":\"https:\/\/adgt.cz\/wp-content\/uploads\/2020\/09\/ADGT_logo_Magenta.png\",\"width\":798,\"height\":208,\"caption\":\"ADGT\"},\"image\":{\"@id\":\"https:\/\/adgt.cz\/cs\/#\/schema\/logo\/image\/\"}}]}<\/script>\n<!-- \/ Yoast SEO plugin. -->","yoast_head_json":{"title":"Ant\u00e9na L42 - ADGT","robots":{"index":"index","follow":"follow","max-snippet":"max-snippet:-1","max-image-preview":"max-image-preview:large","max-video-preview":"max-video-preview:-1"},"canonical":"https:\/\/adgt.cz\/cs\/products\/accessories\/antena-l42\/","og_locale":"cs_CZ","og_type":"article","og_title":"Ant\u00e9na L42 - ADGT","og_description":"LTE\/3G\/GSM ant\u00e9na 5dBi s magnetickou z\u00e1kladnou, SMA konektorem a kabelem 3m. Ur\u010deno k zes\u00edlen\u00ed komunika\u010dn\u00edho sign\u00e1lu v celul\u00e1rn\u00edch za\u0159\u00edzen\u00edch (br\u00e1ny, modemy, routery, opakova\u010de) s ant\u00e9nn\u00edm konektorem SMA.","og_url":"https:\/\/adgt.cz\/cs\/products\/accessories\/antena-l42\/","og_site_name":"ADGT","article_modified_time":"2021-03-17T11:01:44+00:00","og_image":[{"width":1605,"height":1598,"url":"https:\/\/adgt.cz\/wp-content\/uploads\/2020\/10\/ADGT_L42.jpg","type":"image\/jpeg"}],"twitter_card":"summary_large_image","schema":{"@context":"https:\/\/schema.org","@graph":[{"@type":"WebPage","@id":"https:\/\/adgt.cz\/cs\/products\/accessories\/antena-l42\/","url":"https:\/\/adgt.cz\/cs\/products\/accessories\/antena-l42\/","name":"Ant\u00e9na L42 - ADGT","isPartOf":{"@id":"https:\/\/adgt.cz\/cs\/#website"},"primaryImageOfPage":{"@id":"https:\/\/adgt.cz\/cs\/products\/accessories\/antena-l42\/#primaryimage"},"image":{"@id":"https:\/\/adgt.cz\/cs\/products\/accessories\/antena-l42\/#primaryimage"},"thumbnailUrl":"https:\/\/adgt.cz\/wp-content\/uploads\/2020\/10\/ADGT_L42.jpg","datePublished":"2020-12-01T14:59:29+00:00","dateModified":"2021-03-17T11:01:44+00:00","breadcrumb":{"@id":"https:\/\/adgt.cz\/cs\/products\/accessories\/antena-l42\/#breadcrumb"},"inLanguage":"cs","potentialAction":[{"@type":"ReadAction","target":["https:\/\/adgt.cz\/cs\/products\/accessories\/antena-l42\/"]}]},{"@type":"ImageObject","inLanguage":"cs","@id":"https:\/\/adgt.cz\/cs\/products\/accessories\/antena-l42\/#primaryimage","url":"https:\/\/adgt.cz\/wp-content\/uploads\/2020\/10\/ADGT_L42.jpg","contentUrl":"https:\/\/adgt.cz\/wp-content\/uploads\/2020\/10\/ADGT_L42.jpg","width":1605,"height":1598},{"@type":"BreadcrumbList","@id":"https:\/\/adgt.cz\/cs\/products\/accessories\/antena-l42\/#breadcrumb","itemListElement":[{"@type":"ListItem","position":1,"name":"Home","item":"https:\/\/adgt.cz\/cs\/"},{"@type":"ListItem","position":2,"name":"Produkty","item":"https:\/\/adgt.cz\/cs\/products\/"},{"@type":"ListItem","position":3,"name":"P\u0159\u00edslu\u0161enstv\u00ed","item":"https:\/\/adgt.cz\/cs\/product-category\/accessories\/"},{"@type":"ListItem","position":4,"name":"Ant\u00e9na L42"}]},{"@type":"WebSite","@id":"https:\/\/adgt.cz\/cs\/#website","url":"https:\/\/adgt.cz\/cs\/","name":"ADGT","description":"Just another WordPress site","publisher":{"@id":"https:\/\/adgt.cz\/cs\/#organization"},"potentialAction":[{"@type":"SearchAction","target":{"@type":"EntryPoint","urlTemplate":"https:\/\/adgt.cz\/cs\/?s={search_term_string}"},"query-input":{"@type":"PropertyValueSpecification","valueRequired":true,"valueName":"search_term_string"}}],"inLanguage":"cs"},{"@type":"Organization","@id":"https:\/\/adgt.cz\/cs\/#organization","name":"ADGT","url":"https:\/\/adgt.cz\/cs\/","logo":{"@type":"ImageObject","inLanguage":"cs","@id":"https:\/\/adgt.cz\/cs\/#\/schema\/logo\/image\/","url":"https:\/\/adgt.cz\/wp-content\/uploads\/2020\/09\/ADGT_logo_Magenta.png","contentUrl":"https:\/\/adgt.cz\/wp-content\/uploads\/2020\/09\/ADGT_logo_Magenta.png","width":798,"height":208,"caption":"ADGT"},"image":{"@id":"https:\/\/adgt.cz\/cs\/#\/schema\/logo\/image\/"}}]}},"_links":{"self":[{"href":"https:\/\/adgt.cz\/cs\/wp-json\/wp\/v2\/product\/8499"}],"collection":[{"href":"https:\/\/adgt.cz\/cs\/wp-json\/wp\/v2\/product"}],"about":[{"href":"https:\/\/adgt.cz\/cs\/wp-json\/wp\/v2\/types\/product"}],"replies":[{"embeddable":true,"href":"https:\/\/adgt.cz\/cs\/wp-json\/wp\/v2\/comments?post=8499"}],"wp:featuredmedia":[{"embeddable":true,"href":"https:\/\/adgt.cz\/cs\/wp-json\/wp\/v2\/media\/7910"}],"wp:attachment":[{"href":"https:\/\/adgt.cz\/cs\/wp-json\/wp\/v2\/media?parent=8499"}],"wp:term":[{"taxonomy":"product_cat","embeddable":true,"href":"https:\/\/adgt.cz\/cs\/wp-json\/wp\/v2\/product_cat?post=8499"},{"taxonomy":"product_tag","embeddable":true,"href":"https:\/\/adgt.cz\/cs\/wp-json\/wp\/v2\/product_tag?post=8499"}],"curies":[{"name":"wp","href":"https:\/\/api.w.org\/{rel}","templated":true}]}}