{"id":8412,"date":"2020-09-28T14:53:48","date_gmt":"2020-11-27T14:10:26","guid":{"rendered":"https:\/\/adgt.cz\/?post_type=product&#038;p=8412"},"modified":"2021-09-06T14:56:16","modified_gmt":"2021-09-06T14:56:16","slug":"edm106","status":"publish","type":"product","link":"https:\/\/adgt.cz\/cs\/products\/converters\/ethernet-converters\/edm106\/","title":{"rendered":"EDM106"},"content":{"rendered":"<p>Obousm\u011brn\u00fd p\u0159evodn\u00edk ze s\u00e9riov\u00e9 linky na Ethernet s jedn\u00edm portem RS-232 a dv\u011bma porty RS-485. Ur\u010deno pro p\u0159ipojen\u00ed s\u00e9riov\u00fdch za\u0159\u00edzen\u00ed RS-232\/RS-485\/RS-422 k LAN\/WAN internetu p\u0159es s\u00ed\u0165 Ethernet. Snadno pou\u017eiteln\u00e9, spolehliv\u00e9 a n\u00e1kladov\u011b efektivn\u00ed \u0159e\u0161en\u00ed, kter\u00e9 poskytuje vzd\u00e1len\u00fd p\u0159\u00edstup k pr\u016fmyslov\u00fdm za\u0159\u00edzen\u00edm odkudkoli na sv\u011bt\u011b. V\u0161echna s\u00e9riov\u00e1 rozhran\u00ed lze pou\u017e\u00edt sou\u010dasn\u011b, co\u017e umo\u017e\u0148uje p\u0159ipojit \u0161irokou \u0161k\u00e1lu za\u0159\u00edzen\u00ed: m\u011b\u0159i\u010de, ovlada\u010de, senzory atd.<\/p>\n<p>\u2014 Pracovn\u00ed re\u017eimy TCP Server a TCP Client<br \/>\n\u2014 Snadn\u00e1 integrace do SCADA nebo jak\u00e9hokoli pr\u016fmyslov\u00e9ho automatiza\u010dn\u00edho syst\u00e9mu<br \/>\n\u2014 Konfigurace p\u0159es webov\u00e9 rozhran\u00ed<br \/>\n\u2014 Integrovan\u00fd \u010dasova\u010d hl\u00eddac\u00edho psa zaji\u0161\u0165uje automatick\u00e9 restartov\u00e1n\u00ed za\u0159\u00edzen\u00ed v p\u0159\u00edpad\u011b selh\u00e1n\u00ed syst\u00e9mu a zav\u011b\u0161en\u00ed<br \/>\n\u2014 Kompaktn\u00ed kovov\u00fd kryt<br \/>\n\u2014 Mont\u00e1\u017e na DIN li\u0161tu a na ze\u010f<\/p>\n","protected":false},"excerpt":{"rendered":"<p>Obousm\u011brn\u00fd p\u0159evodn\u00edk ze s\u00e9riov\u00e9 linky na Ethernet s jedn\u00edm portem RS-232 a dv\u011bma porty RS-485. Ur\u010deno pro p\u0159ipojen\u00ed s\u00e9riov\u00fdch za\u0159\u00edzen\u00ed RS-232\/RS-485\/RS-422 k LAN\/WAN internetu p\u0159es s\u00ed\u0165 Ethernet. Snadno pou\u017eiteln\u00e9, spolehliv\u00e9 a n\u00e1kladov\u011b efektivn\u00ed \u0159e\u0161en\u00ed, kter\u00e9 poskytuje vzd\u00e1len\u00fd p\u0159\u00edstup k pr\u016fmyslov\u00fdm za\u0159\u00edzen\u00edm odkudkoli na sv\u011bt\u011b. V\u0161echna s\u00e9riov\u00e1 rozhran\u00ed lze pou\u017e\u00edt sou\u010dasn\u011b, co\u017e umo\u017e\u0148uje p\u0159ipojit \u0161irokou \u0161k\u00e1lu za\u0159\u00edzen\u00ed: m\u011b\u0159i\u010de, ovlada\u010de, senzory atd.<\/p>\n","protected":false},"featured_media":7424,"comment_status":"closed","ping_status":"closed","template":"","meta":[],"product_cat":[256,257],"product_tag":[],"class_list":{"0":"post-8412","1":"product","2":"type-product","3":"status-publish","4":"has-post-thumbnail","6":"product_cat-converters","7":"product_cat-ethernet-converters","9":"first","10":"instock","11":"shipping-taxable","12":"purchasable","13":"product-type-simple"},"yoast_head":"<!-- This site is optimized with the Yoast SEO plugin v23.5 - https:\/\/yoast.com\/wordpress\/plugins\/seo\/ -->\n<title>EDM106 - ADGT<\/title>\n<meta name=\"robots\" content=\"index, follow, max-snippet:-1, max-image-preview:large, max-video-preview:-1\" \/>\n<link rel=\"canonical\" href=\"https:\/\/adgt.cz\/cs\/products\/converters\/ethernet-converters\/edm106\/\" \/>\n<meta property=\"og:locale\" content=\"cs_CZ\" \/>\n<meta property=\"og:type\" content=\"article\" \/>\n<meta property=\"og:title\" content=\"EDM106 - ADGT\" \/>\n<meta property=\"og:description\" content=\"Obousm\u011brn\u00fd p\u0159evodn\u00edk ze s\u00e9riov\u00e9 linky na Ethernet s jedn\u00edm portem RS-232 a dv\u011bma porty RS-485. Ur\u010deno pro p\u0159ipojen\u00ed s\u00e9riov\u00fdch za\u0159\u00edzen\u00ed RS-232\/RS-485\/RS-422 k LAN\/WAN internetu p\u0159es s\u00ed\u0165 Ethernet. Snadno pou\u017eiteln\u00e9, spolehliv\u00e9 a n\u00e1kladov\u011b efektivn\u00ed \u0159e\u0161en\u00ed, kter\u00e9 poskytuje vzd\u00e1len\u00fd p\u0159\u00edstup k pr\u016fmyslov\u00fdm za\u0159\u00edzen\u00edm odkudkoli na sv\u011bt\u011b. V\u0161echna s\u00e9riov\u00e1 rozhran\u00ed lze pou\u017e\u00edt sou\u010dasn\u011b, co\u017e umo\u017e\u0148uje p\u0159ipojit \u0161irokou \u0161k\u00e1lu za\u0159\u00edzen\u00ed: m\u011b\u0159i\u010de, ovlada\u010de, senzory atd.\" \/>\n<meta property=\"og:url\" content=\"https:\/\/adgt.cz\/cs\/products\/converters\/ethernet-converters\/edm106\/\" \/>\n<meta property=\"og:site_name\" content=\"ADGT\" \/>\n<meta property=\"article:modified_time\" content=\"2021-09-06T14:56:16+00:00\" \/>\n<meta property=\"og:image\" content=\"https:\/\/adgt.cz\/wp-content\/uploads\/2020\/09\/ER108_3.jpg\" \/>\n\t<meta property=\"og:image:width\" content=\"1022\" \/>\n\t<meta property=\"og:image:height\" content=\"1024\" \/>\n\t<meta property=\"og:image:type\" content=\"image\/jpeg\" \/>\n<meta name=\"twitter:card\" content=\"summary_large_image\" \/>\n<meta name=\"twitter:label1\" content=\"Odhadovan\u00e1 doba \u010dten\u00ed\" \/>\n\t<meta name=\"twitter:data1\" content=\"1 minuta\" \/>\n<script type=\"application\/ld+json\" class=\"yoast-schema-graph\">{\"@context\":\"https:\/\/schema.org\",\"@graph\":[{\"@type\":\"WebPage\",\"@id\":\"https:\/\/adgt.cz\/cs\/products\/converters\/ethernet-converters\/edm106\/\",\"url\":\"https:\/\/adgt.cz\/cs\/products\/converters\/ethernet-converters\/edm106\/\",\"name\":\"EDM106 - ADGT\",\"isPartOf\":{\"@id\":\"https:\/\/adgt.cz\/cs\/#website\"},\"primaryImageOfPage\":{\"@id\":\"https:\/\/adgt.cz\/cs\/products\/converters\/ethernet-converters\/edm106\/#primaryimage\"},\"image\":{\"@id\":\"https:\/\/adgt.cz\/cs\/products\/converters\/ethernet-converters\/edm106\/#primaryimage\"},\"thumbnailUrl\":\"https:\/\/adgt.cz\/wp-content\/uploads\/2020\/09\/ER108_3.jpg\",\"datePublished\":\"2020-11-27T14:10:26+00:00\",\"dateModified\":\"2021-09-06T14:56:16+00:00\",\"breadcrumb\":{\"@id\":\"https:\/\/adgt.cz\/cs\/products\/converters\/ethernet-converters\/edm106\/#breadcrumb\"},\"inLanguage\":\"cs\",\"potentialAction\":[{\"@type\":\"ReadAction\",\"target\":[\"https:\/\/adgt.cz\/cs\/products\/converters\/ethernet-converters\/edm106\/\"]}]},{\"@type\":\"ImageObject\",\"inLanguage\":\"cs\",\"@id\":\"https:\/\/adgt.cz\/cs\/products\/converters\/ethernet-converters\/edm106\/#primaryimage\",\"url\":\"https:\/\/adgt.cz\/wp-content\/uploads\/2020\/09\/ER108_3.jpg\",\"contentUrl\":\"https:\/\/adgt.cz\/wp-content\/uploads\/2020\/09\/ER108_3.jpg\",\"width\":1022,\"height\":1024},{\"@type\":\"BreadcrumbList\",\"@id\":\"https:\/\/adgt.cz\/cs\/products\/converters\/ethernet-converters\/edm106\/#breadcrumb\",\"itemListElement\":[{\"@type\":\"ListItem\",\"position\":1,\"name\":\"Home\",\"item\":\"https:\/\/adgt.cz\/cs\/\"},{\"@type\":\"ListItem\",\"position\":2,\"name\":\"Produkty\",\"item\":\"https:\/\/adgt.cz\/cs\/products\/\"},{\"@type\":\"ListItem\",\"position\":3,\"name\":\"P\u0159evodn\u00edky\",\"item\":\"https:\/\/adgt.cz\/cs\/product-category\/converters\/\"},{\"@type\":\"ListItem\",\"position\":4,\"name\":\"P\u0159evodn\u00edky ze s\u00e9riov\u00e9 linky na Ethernet\",\"item\":\"https:\/\/adgt.cz\/cs\/product-category\/converters\/ethernet-converters\/\"},{\"@type\":\"ListItem\",\"position\":5,\"name\":\"EDM106\"}]},{\"@type\":\"WebSite\",\"@id\":\"https:\/\/adgt.cz\/cs\/#website\",\"url\":\"https:\/\/adgt.cz\/cs\/\",\"name\":\"ADGT\",\"description\":\"Just another WordPress site\",\"publisher\":{\"@id\":\"https:\/\/adgt.cz\/cs\/#organization\"},\"potentialAction\":[{\"@type\":\"SearchAction\",\"target\":{\"@type\":\"EntryPoint\",\"urlTemplate\":\"https:\/\/adgt.cz\/cs\/?s={search_term_string}\"},\"query-input\":{\"@type\":\"PropertyValueSpecification\",\"valueRequired\":true,\"valueName\":\"search_term_string\"}}],\"inLanguage\":\"cs\"},{\"@type\":\"Organization\",\"@id\":\"https:\/\/adgt.cz\/cs\/#organization\",\"name\":\"ADGT\",\"url\":\"https:\/\/adgt.cz\/cs\/\",\"logo\":{\"@type\":\"ImageObject\",\"inLanguage\":\"cs\",\"@id\":\"https:\/\/adgt.cz\/cs\/#\/schema\/logo\/image\/\",\"url\":\"https:\/\/adgt.cz\/wp-content\/uploads\/2020\/09\/ADGT_logo_Magenta.png\",\"contentUrl\":\"https:\/\/adgt.cz\/wp-content\/uploads\/2020\/09\/ADGT_logo_Magenta.png\",\"width\":798,\"height\":208,\"caption\":\"ADGT\"},\"image\":{\"@id\":\"https:\/\/adgt.cz\/cs\/#\/schema\/logo\/image\/\"}}]}<\/script>\n<!-- \/ Yoast SEO plugin. -->","yoast_head_json":{"title":"EDM106 - ADGT","robots":{"index":"index","follow":"follow","max-snippet":"max-snippet:-1","max-image-preview":"max-image-preview:large","max-video-preview":"max-video-preview:-1"},"canonical":"https:\/\/adgt.cz\/cs\/products\/converters\/ethernet-converters\/edm106\/","og_locale":"cs_CZ","og_type":"article","og_title":"EDM106 - ADGT","og_description":"Obousm\u011brn\u00fd p\u0159evodn\u00edk ze s\u00e9riov\u00e9 linky na Ethernet s jedn\u00edm portem RS-232 a dv\u011bma porty RS-485. Ur\u010deno pro p\u0159ipojen\u00ed s\u00e9riov\u00fdch za\u0159\u00edzen\u00ed RS-232\/RS-485\/RS-422 k LAN\/WAN internetu p\u0159es s\u00ed\u0165 Ethernet. Snadno pou\u017eiteln\u00e9, spolehliv\u00e9 a n\u00e1kladov\u011b efektivn\u00ed \u0159e\u0161en\u00ed, kter\u00e9 poskytuje vzd\u00e1len\u00fd p\u0159\u00edstup k pr\u016fmyslov\u00fdm za\u0159\u00edzen\u00edm odkudkoli na sv\u011bt\u011b. V\u0161echna s\u00e9riov\u00e1 rozhran\u00ed lze pou\u017e\u00edt sou\u010dasn\u011b, co\u017e umo\u017e\u0148uje p\u0159ipojit \u0161irokou \u0161k\u00e1lu za\u0159\u00edzen\u00ed: m\u011b\u0159i\u010de, ovlada\u010de, senzory atd.","og_url":"https:\/\/adgt.cz\/cs\/products\/converters\/ethernet-converters\/edm106\/","og_site_name":"ADGT","article_modified_time":"2021-09-06T14:56:16+00:00","og_image":[{"width":1022,"height":1024,"url":"https:\/\/adgt.cz\/wp-content\/uploads\/2020\/09\/ER108_3.jpg","type":"image\/jpeg"}],"twitter_card":"summary_large_image","twitter_misc":{"Odhadovan\u00e1 doba \u010dten\u00ed":"1 minuta"},"schema":{"@context":"https:\/\/schema.org","@graph":[{"@type":"WebPage","@id":"https:\/\/adgt.cz\/cs\/products\/converters\/ethernet-converters\/edm106\/","url":"https:\/\/adgt.cz\/cs\/products\/converters\/ethernet-converters\/edm106\/","name":"EDM106 - ADGT","isPartOf":{"@id":"https:\/\/adgt.cz\/cs\/#website"},"primaryImageOfPage":{"@id":"https:\/\/adgt.cz\/cs\/products\/converters\/ethernet-converters\/edm106\/#primaryimage"},"image":{"@id":"https:\/\/adgt.cz\/cs\/products\/converters\/ethernet-converters\/edm106\/#primaryimage"},"thumbnailUrl":"https:\/\/adgt.cz\/wp-content\/uploads\/2020\/09\/ER108_3.jpg","datePublished":"2020-11-27T14:10:26+00:00","dateModified":"2021-09-06T14:56:16+00:00","breadcrumb":{"@id":"https:\/\/adgt.cz\/cs\/products\/converters\/ethernet-converters\/edm106\/#breadcrumb"},"inLanguage":"cs","potentialAction":[{"@type":"ReadAction","target":["https:\/\/adgt.cz\/cs\/products\/converters\/ethernet-converters\/edm106\/"]}]},{"@type":"ImageObject","inLanguage":"cs","@id":"https:\/\/adgt.cz\/cs\/products\/converters\/ethernet-converters\/edm106\/#primaryimage","url":"https:\/\/adgt.cz\/wp-content\/uploads\/2020\/09\/ER108_3.jpg","contentUrl":"https:\/\/adgt.cz\/wp-content\/uploads\/2020\/09\/ER108_3.jpg","width":1022,"height":1024},{"@type":"BreadcrumbList","@id":"https:\/\/adgt.cz\/cs\/products\/converters\/ethernet-converters\/edm106\/#breadcrumb","itemListElement":[{"@type":"ListItem","position":1,"name":"Home","item":"https:\/\/adgt.cz\/cs\/"},{"@type":"ListItem","position":2,"name":"Produkty","item":"https:\/\/adgt.cz\/cs\/products\/"},{"@type":"ListItem","position":3,"name":"P\u0159evodn\u00edky","item":"https:\/\/adgt.cz\/cs\/product-category\/converters\/"},{"@type":"ListItem","position":4,"name":"P\u0159evodn\u00edky ze s\u00e9riov\u00e9 linky na Ethernet","item":"https:\/\/adgt.cz\/cs\/product-category\/converters\/ethernet-converters\/"},{"@type":"ListItem","position":5,"name":"EDM106"}]},{"@type":"WebSite","@id":"https:\/\/adgt.cz\/cs\/#website","url":"https:\/\/adgt.cz\/cs\/","name":"ADGT","description":"Just another WordPress site","publisher":{"@id":"https:\/\/adgt.cz\/cs\/#organization"},"potentialAction":[{"@type":"SearchAction","target":{"@type":"EntryPoint","urlTemplate":"https:\/\/adgt.cz\/cs\/?s={search_term_string}"},"query-input":{"@type":"PropertyValueSpecification","valueRequired":true,"valueName":"search_term_string"}}],"inLanguage":"cs"},{"@type":"Organization","@id":"https:\/\/adgt.cz\/cs\/#organization","name":"ADGT","url":"https:\/\/adgt.cz\/cs\/","logo":{"@type":"ImageObject","inLanguage":"cs","@id":"https:\/\/adgt.cz\/cs\/#\/schema\/logo\/image\/","url":"https:\/\/adgt.cz\/wp-content\/uploads\/2020\/09\/ADGT_logo_Magenta.png","contentUrl":"https:\/\/adgt.cz\/wp-content\/uploads\/2020\/09\/ADGT_logo_Magenta.png","width":798,"height":208,"caption":"ADGT"},"image":{"@id":"https:\/\/adgt.cz\/cs\/#\/schema\/logo\/image\/"}}]}},"_links":{"self":[{"href":"https:\/\/adgt.cz\/cs\/wp-json\/wp\/v2\/product\/8412"}],"collection":[{"href":"https:\/\/adgt.cz\/cs\/wp-json\/wp\/v2\/product"}],"about":[{"href":"https:\/\/adgt.cz\/cs\/wp-json\/wp\/v2\/types\/product"}],"replies":[{"embeddable":true,"href":"https:\/\/adgt.cz\/cs\/wp-json\/wp\/v2\/comments?post=8412"}],"wp:featuredmedia":[{"embeddable":true,"href":"https:\/\/adgt.cz\/cs\/wp-json\/wp\/v2\/media\/7424"}],"wp:attachment":[{"href":"https:\/\/adgt.cz\/cs\/wp-json\/wp\/v2\/media?parent=8412"}],"wp:term":[{"taxonomy":"product_cat","embeddable":true,"href":"https:\/\/adgt.cz\/cs\/wp-json\/wp\/v2\/product_cat?post=8412"},{"taxonomy":"product_tag","embeddable":true,"href":"https:\/\/adgt.cz\/cs\/wp-json\/wp\/v2\/product_tag?post=8412"}],"curies":[{"name":"wp","href":"https:\/\/api.w.org\/{rel}","templated":true}]}}