{"id":8410,"date":"2020-09-24T08:53:18","date_gmt":"2020-11-27T13:40:10","guid":{"rendered":"https:\/\/adgt.cz\/?post_type=product&#038;p=8410"},"modified":"2022-02-02T14:07:06","modified_gmt":"2022-02-02T14:07:06","slug":"adm236","status":"publish","type":"product","link":"https:\/\/adgt.cz\/cs\/products\/modems\/3g-modems\/adm236\/","title":{"rendered":"ADM236"},"content":{"rendered":"<p>Chytr\u00fd vysokorychlostn\u00ed 3G modem s rozhran\u00edmi RS-232 a RS-485 pro pr\u016fmyslov\u00e9 s\u00edt\u011b a aplikace M2M\/IoT. Poskytuje rychl\u00fd a spolehliv\u00fd bezdr\u00e1tov\u00fd p\u0159enos dat prost\u0159ednictv\u00edm vysokorychlostn\u00ed 3G kan\u00e1lu pomoc\u00ed TCP\/IP protokolu, jako\u017e i p\u0159es CSD kan\u00e1ly.<\/p>\n<p>\u2014 3G UMTS 900\/2100, GSM 850\/900\/1800\/1900<br \/>\n\u2014 Transparentn\u00ed p\u0159enos dat p\u0159es mobiln\u00ed s\u00edt\u011b 3G nebo CSD<br \/>\n\u2014 P\u0159evod dat ze s\u00e9riov\u00e9ho tvaru na s\u00ed\u0165ov\u00e1 data<br \/>\n\u2014 Re\u017eimy TCP Klient\/TCP Server<br \/>\n\u2014 UMTS\/GPRS p\u0159ipojen\u00ed: podle pl\u00e1nu nebo na vy\u017e\u00e1d\u00e1n\u00ed<br \/>\n\u2014 Sloty pro du\u00e1ln\u00ed SIM karty zaji\u0161\u0165uj\u00edc\u00ed redundanci kan\u00e1lu<br \/>\n\u2014 M\u00edstn\u00ed a vzd\u00e1len\u00e1 konfigurace a aktualizace firmwaru. V\u00edce ne\u017e 200 konfigura\u010dn\u00edch parametr\u016f. Vzd\u00e1len\u00e1 konfigurace p\u0159es TCP, CSD nebo SMS<br \/>\n\u2014 U\u017eivatelsky p\u0159\u00edv\u011btiv\u00fd konfigura\u010dn\u00ed software<br \/>\n\u2014 1xDI. Odes\u00edl\u00e1n\u00ed SMS, pokud je spu\u0161t\u011bn Dl<br \/>\n\u2014 Kompaktn\u00ed kovov\u00fd kryt, mont\u00e1\u017e na DIN li\u0161tu<\/p>\n","protected":false},"excerpt":{"rendered":"<p>Chytr\u00fd vysokorychlostn\u00ed 3G modem s rozhran\u00edmi RS-232 a RS-485 pro pr\u016fmyslov\u00e9 s\u00edt\u011b a aplikace M2M\/IoT. Poskytuje rychl\u00fd a spolehliv\u00fd bezdr\u00e1tov\u00fd p\u0159enos dat prost\u0159ednictv\u00edm vysokorychlostn\u00ed 3G kan\u00e1lu pomoc\u00ed TCP\/IP protokolu, jako\u017e i p\u0159es CSD kan\u00e1ly.<\/p>\n","protected":false},"featured_media":6967,"comment_status":"closed","ping_status":"closed","template":"","meta":[],"product_cat":[244,247],"product_tag":[283,295],"class_list":{"0":"post-8410","1":"product","2":"type-product","3":"status-publish","4":"has-post-thumbnail","6":"product_cat-modems","7":"product_cat-3g-modems","8":"product_tag-3g","9":"product_tag-gprs","11":"first","12":"instock","13":"shipping-taxable","14":"purchasable","15":"product-type-simple"},"yoast_head":"<!-- This site is optimized with the Yoast SEO plugin v23.5 - https:\/\/yoast.com\/wordpress\/plugins\/seo\/ -->\n<title>ADM236 - pr\u016fmyslov\u00e9 3G modem RS-232\/RS-485 | ADGT Produkty<\/title>\n<meta name=\"description\" content=\"Chytr\u00fd 3G ADGT ADM modem se s\u00e9riov\u00fdmi rozhran\u00edmi RS-232 a RS-485 pro pr\u016fmyslov\u00e9 s\u00edt\u011b a aplikace M2M\/IoT.\" \/>\n<meta name=\"robots\" content=\"index, follow, max-snippet:-1, max-image-preview:large, max-video-preview:-1\" \/>\n<link rel=\"canonical\" href=\"https:\/\/adgt.cz\/cs\/products\/modems\/3g-modems\/adm236\/\" \/>\n<meta property=\"og:locale\" content=\"cs_CZ\" \/>\n<meta property=\"og:type\" content=\"article\" \/>\n<meta property=\"og:title\" content=\"ADM236 - pr\u016fmyslov\u00e9 3G modem RS-232\/RS-485 | ADGT Produkty\" \/>\n<meta property=\"og:description\" content=\"Chytr\u00fd 3G ADGT ADM modem se s\u00e9riov\u00fdmi rozhran\u00edmi RS-232 a RS-485 pro pr\u016fmyslov\u00e9 s\u00edt\u011b a aplikace M2M\/IoT.\" \/>\n<meta property=\"og:url\" content=\"https:\/\/adgt.cz\/cs\/products\/modems\/3g-modems\/adm236\/\" \/>\n<meta property=\"og:site_name\" content=\"ADGT\" \/>\n<meta property=\"article:modified_time\" content=\"2022-02-02T14:07:06+00:00\" \/>\n<meta property=\"og:image\" content=\"https:\/\/adgt.cz\/wp-content\/uploads\/2020\/09\/ADM2xx.jpg\" \/>\n\t<meta property=\"og:image:width\" content=\"1200\" \/>\n\t<meta property=\"og:image:height\" content=\"1198\" \/>\n\t<meta property=\"og:image:type\" content=\"image\/jpeg\" \/>\n<meta name=\"twitter:card\" content=\"summary_large_image\" \/>\n<meta name=\"twitter:label1\" content=\"Odhadovan\u00e1 doba \u010dten\u00ed\" \/>\n\t<meta name=\"twitter:data1\" content=\"1 minuta\" \/>\n<script type=\"application\/ld+json\" class=\"yoast-schema-graph\">{\"@context\":\"https:\/\/schema.org\",\"@graph\":[{\"@type\":\"WebPage\",\"@id\":\"https:\/\/adgt.cz\/cs\/products\/modems\/3g-modems\/adm236\/\",\"url\":\"https:\/\/adgt.cz\/cs\/products\/modems\/3g-modems\/adm236\/\",\"name\":\"ADM236 - pr\u016fmyslov\u00e9 3G modem RS-232\/RS-485 | ADGT Produkty\",\"isPartOf\":{\"@id\":\"https:\/\/adgt.cz\/cs\/#website\"},\"primaryImageOfPage\":{\"@id\":\"https:\/\/adgt.cz\/cs\/products\/modems\/3g-modems\/adm236\/#primaryimage\"},\"image\":{\"@id\":\"https:\/\/adgt.cz\/cs\/products\/modems\/3g-modems\/adm236\/#primaryimage\"},\"thumbnailUrl\":\"https:\/\/adgt.cz\/wp-content\/uploads\/2020\/09\/ADM2xx.jpg\",\"datePublished\":\"2020-11-27T13:40:10+00:00\",\"dateModified\":\"2022-02-02T14:07:06+00:00\",\"description\":\"Chytr\u00fd 3G ADGT ADM modem se s\u00e9riov\u00fdmi rozhran\u00edmi RS-232 a RS-485 pro pr\u016fmyslov\u00e9 s\u00edt\u011b a aplikace M2M\/IoT.\",\"breadcrumb\":{\"@id\":\"https:\/\/adgt.cz\/cs\/products\/modems\/3g-modems\/adm236\/#breadcrumb\"},\"inLanguage\":\"cs\",\"potentialAction\":[{\"@type\":\"ReadAction\",\"target\":[\"https:\/\/adgt.cz\/cs\/products\/modems\/3g-modems\/adm236\/\"]}]},{\"@type\":\"ImageObject\",\"inLanguage\":\"cs\",\"@id\":\"https:\/\/adgt.cz\/cs\/products\/modems\/3g-modems\/adm236\/#primaryimage\",\"url\":\"https:\/\/adgt.cz\/wp-content\/uploads\/2020\/09\/ADM2xx.jpg\",\"contentUrl\":\"https:\/\/adgt.cz\/wp-content\/uploads\/2020\/09\/ADM2xx.jpg\",\"width\":1200,\"height\":1198},{\"@type\":\"BreadcrumbList\",\"@id\":\"https:\/\/adgt.cz\/cs\/products\/modems\/3g-modems\/adm236\/#breadcrumb\",\"itemListElement\":[{\"@type\":\"ListItem\",\"position\":1,\"name\":\"Home\",\"item\":\"https:\/\/adgt.cz\/cs\/\"},{\"@type\":\"ListItem\",\"position\":2,\"name\":\"Produkty\",\"item\":\"https:\/\/adgt.cz\/cs\/products\/\"},{\"@type\":\"ListItem\",\"position\":3,\"name\":\"Modemy\",\"item\":\"https:\/\/adgt.cz\/cs\/product-category\/modems\/\"},{\"@type\":\"ListItem\",\"position\":4,\"name\":\"Modemy 3G\",\"item\":\"https:\/\/adgt.cz\/cs\/product-category\/modems\/3g-modems\/\"},{\"@type\":\"ListItem\",\"position\":5,\"name\":\"ADM236\"}]},{\"@type\":\"WebSite\",\"@id\":\"https:\/\/adgt.cz\/cs\/#website\",\"url\":\"https:\/\/adgt.cz\/cs\/\",\"name\":\"ADGT\",\"description\":\"Just another WordPress site\",\"publisher\":{\"@id\":\"https:\/\/adgt.cz\/cs\/#organization\"},\"potentialAction\":[{\"@type\":\"SearchAction\",\"target\":{\"@type\":\"EntryPoint\",\"urlTemplate\":\"https:\/\/adgt.cz\/cs\/?s={search_term_string}\"},\"query-input\":{\"@type\":\"PropertyValueSpecification\",\"valueRequired\":true,\"valueName\":\"search_term_string\"}}],\"inLanguage\":\"cs\"},{\"@type\":\"Organization\",\"@id\":\"https:\/\/adgt.cz\/cs\/#organization\",\"name\":\"ADGT\",\"url\":\"https:\/\/adgt.cz\/cs\/\",\"logo\":{\"@type\":\"ImageObject\",\"inLanguage\":\"cs\",\"@id\":\"https:\/\/adgt.cz\/cs\/#\/schema\/logo\/image\/\",\"url\":\"https:\/\/adgt.cz\/wp-content\/uploads\/2020\/09\/ADGT_logo_Magenta.png\",\"contentUrl\":\"https:\/\/adgt.cz\/wp-content\/uploads\/2020\/09\/ADGT_logo_Magenta.png\",\"width\":798,\"height\":208,\"caption\":\"ADGT\"},\"image\":{\"@id\":\"https:\/\/adgt.cz\/cs\/#\/schema\/logo\/image\/\"}}]}<\/script>\n<!-- \/ Yoast SEO plugin. -->","yoast_head_json":{"title":"ADM236 - pr\u016fmyslov\u00e9 3G modem RS-232\/RS-485 | ADGT Produkty","description":"Chytr\u00fd 3G ADGT ADM modem se s\u00e9riov\u00fdmi rozhran\u00edmi RS-232 a RS-485 pro pr\u016fmyslov\u00e9 s\u00edt\u011b a aplikace M2M\/IoT.","robots":{"index":"index","follow":"follow","max-snippet":"max-snippet:-1","max-image-preview":"max-image-preview:large","max-video-preview":"max-video-preview:-1"},"canonical":"https:\/\/adgt.cz\/cs\/products\/modems\/3g-modems\/adm236\/","og_locale":"cs_CZ","og_type":"article","og_title":"ADM236 - pr\u016fmyslov\u00e9 3G modem RS-232\/RS-485 | ADGT Produkty","og_description":"Chytr\u00fd 3G ADGT ADM modem se s\u00e9riov\u00fdmi rozhran\u00edmi RS-232 a RS-485 pro pr\u016fmyslov\u00e9 s\u00edt\u011b a aplikace M2M\/IoT.","og_url":"https:\/\/adgt.cz\/cs\/products\/modems\/3g-modems\/adm236\/","og_site_name":"ADGT","article_modified_time":"2022-02-02T14:07:06+00:00","og_image":[{"width":1200,"height":1198,"url":"https:\/\/adgt.cz\/wp-content\/uploads\/2020\/09\/ADM2xx.jpg","type":"image\/jpeg"}],"twitter_card":"summary_large_image","twitter_misc":{"Odhadovan\u00e1 doba \u010dten\u00ed":"1 minuta"},"schema":{"@context":"https:\/\/schema.org","@graph":[{"@type":"WebPage","@id":"https:\/\/adgt.cz\/cs\/products\/modems\/3g-modems\/adm236\/","url":"https:\/\/adgt.cz\/cs\/products\/modems\/3g-modems\/adm236\/","name":"ADM236 - pr\u016fmyslov\u00e9 3G modem RS-232\/RS-485 | ADGT Produkty","isPartOf":{"@id":"https:\/\/adgt.cz\/cs\/#website"},"primaryImageOfPage":{"@id":"https:\/\/adgt.cz\/cs\/products\/modems\/3g-modems\/adm236\/#primaryimage"},"image":{"@id":"https:\/\/adgt.cz\/cs\/products\/modems\/3g-modems\/adm236\/#primaryimage"},"thumbnailUrl":"https:\/\/adgt.cz\/wp-content\/uploads\/2020\/09\/ADM2xx.jpg","datePublished":"2020-11-27T13:40:10+00:00","dateModified":"2022-02-02T14:07:06+00:00","description":"Chytr\u00fd 3G ADGT ADM modem se s\u00e9riov\u00fdmi rozhran\u00edmi RS-232 a RS-485 pro pr\u016fmyslov\u00e9 s\u00edt\u011b a aplikace M2M\/IoT.","breadcrumb":{"@id":"https:\/\/adgt.cz\/cs\/products\/modems\/3g-modems\/adm236\/#breadcrumb"},"inLanguage":"cs","potentialAction":[{"@type":"ReadAction","target":["https:\/\/adgt.cz\/cs\/products\/modems\/3g-modems\/adm236\/"]}]},{"@type":"ImageObject","inLanguage":"cs","@id":"https:\/\/adgt.cz\/cs\/products\/modems\/3g-modems\/adm236\/#primaryimage","url":"https:\/\/adgt.cz\/wp-content\/uploads\/2020\/09\/ADM2xx.jpg","contentUrl":"https:\/\/adgt.cz\/wp-content\/uploads\/2020\/09\/ADM2xx.jpg","width":1200,"height":1198},{"@type":"BreadcrumbList","@id":"https:\/\/adgt.cz\/cs\/products\/modems\/3g-modems\/adm236\/#breadcrumb","itemListElement":[{"@type":"ListItem","position":1,"name":"Home","item":"https:\/\/adgt.cz\/cs\/"},{"@type":"ListItem","position":2,"name":"Produkty","item":"https:\/\/adgt.cz\/cs\/products\/"},{"@type":"ListItem","position":3,"name":"Modemy","item":"https:\/\/adgt.cz\/cs\/product-category\/modems\/"},{"@type":"ListItem","position":4,"name":"Modemy 3G","item":"https:\/\/adgt.cz\/cs\/product-category\/modems\/3g-modems\/"},{"@type":"ListItem","position":5,"name":"ADM236"}]},{"@type":"WebSite","@id":"https:\/\/adgt.cz\/cs\/#website","url":"https:\/\/adgt.cz\/cs\/","name":"ADGT","description":"Just another WordPress site","publisher":{"@id":"https:\/\/adgt.cz\/cs\/#organization"},"potentialAction":[{"@type":"SearchAction","target":{"@type":"EntryPoint","urlTemplate":"https:\/\/adgt.cz\/cs\/?s={search_term_string}"},"query-input":{"@type":"PropertyValueSpecification","valueRequired":true,"valueName":"search_term_string"}}],"inLanguage":"cs"},{"@type":"Organization","@id":"https:\/\/adgt.cz\/cs\/#organization","name":"ADGT","url":"https:\/\/adgt.cz\/cs\/","logo":{"@type":"ImageObject","inLanguage":"cs","@id":"https:\/\/adgt.cz\/cs\/#\/schema\/logo\/image\/","url":"https:\/\/adgt.cz\/wp-content\/uploads\/2020\/09\/ADGT_logo_Magenta.png","contentUrl":"https:\/\/adgt.cz\/wp-content\/uploads\/2020\/09\/ADGT_logo_Magenta.png","width":798,"height":208,"caption":"ADGT"},"image":{"@id":"https:\/\/adgt.cz\/cs\/#\/schema\/logo\/image\/"}}]}},"_links":{"self":[{"href":"https:\/\/adgt.cz\/cs\/wp-json\/wp\/v2\/product\/8410"}],"collection":[{"href":"https:\/\/adgt.cz\/cs\/wp-json\/wp\/v2\/product"}],"about":[{"href":"https:\/\/adgt.cz\/cs\/wp-json\/wp\/v2\/types\/product"}],"replies":[{"embeddable":true,"href":"https:\/\/adgt.cz\/cs\/wp-json\/wp\/v2\/comments?post=8410"}],"wp:featuredmedia":[{"embeddable":true,"href":"https:\/\/adgt.cz\/cs\/wp-json\/wp\/v2\/media\/6967"}],"wp:attachment":[{"href":"https:\/\/adgt.cz\/cs\/wp-json\/wp\/v2\/media?parent=8410"}],"wp:term":[{"taxonomy":"product_cat","embeddable":true,"href":"https:\/\/adgt.cz\/cs\/wp-json\/wp\/v2\/product_cat?post=8410"},{"taxonomy":"product_tag","embeddable":true,"href":"https:\/\/adgt.cz\/cs\/wp-json\/wp\/v2\/product_tag?post=8410"}],"curies":[{"name":"wp","href":"https:\/\/api.w.org\/{rel}","templated":true}]}}