{"id":12741,"date":"2021-06-15T14:59:10","date_gmt":"2021-09-16T08:53:17","guid":{"rendered":"https:\/\/adgt.cz\/?post_type=product&#038;p=12741"},"modified":"2022-06-06T12:31:34","modified_gmt":"2022-06-06T12:31:34","slug":"dtu317","status":"publish","type":"product","link":"https:\/\/adgt.cz\/cs\/products\/data-loggers\/gprs-data-loggers\/dtu317\/","title":{"rendered":"DTU317"},"content":{"rendered":"<p>4kan\u00e1lov\u00fd z\u00e1znamn\u00edk dat nap\u00e1jen\u00fd bateri\u00ed GPRS. Navr\u017eeno pro aplikace pro d\u00e1lkov\u00e9 m\u011b\u0159en\u00ed a monitorov\u00e1n\u00ed. Za\u0159\u00edzen\u00ed sb\u00edr\u00e1 data o spot\u0159eb\u011b z m\u011b\u0159i\u010d\u016f pulsu a senzor\u016f, ukl\u00e1d\u00e1 \u00fadaje do energeticky nez\u00e1visl\u00e9 pam\u011bti a p\u0159en\u00e1\u0161\u00ed data na dispe\u010dersk\u00fd server p\u0159es s\u00ed\u0165 GPRS. Vhodn\u00e9 pro m\u011b\u0159en\u00ed vody, plynu, elekt\u0159iny.<\/p>\n<p>\u2014 4 x vstupy pro po\u010d\u00edt\u00e1n\u00ed impulz\u016f, 2 x bin\u00e1rn\u00ed vstupy<br \/>\n\u2014 Nep\u0159etr\u017eit\u00fd provoz a\u017e 10 let z intern\u00ed baterie 13 000 mAh<br \/>\n\u2014 P\u0159enos dat p\u0159es GPRS\/TCP podle konfigurovateln\u00e9ho pl\u00e1nu<br \/>\n\u2014 Sloty pro dv\u011b SIM karty<br \/>\n\u2014 Extern\u00ed konektor SMA (f)<br \/>\n\u2014 Vodot\u011bsn\u00e9 plastov\u00e9 pouzdro IP65\/IP68 (viz Volby)<br \/>\n\u2014 Konfigurovateln\u00e1 frekvence dotazov\u00e1n\u00ed: 2 Hz\/20 Hz<br \/>\n\u2014 Snadn\u00e1 konfigurace: p\u0159es s\u00e9riov\u00fd port RS-232 (nebo p\u0159es mini-USB port pomoc\u00ed <a href=\"https:\/\/adgt.cz\/cs\/products\/converters\/usb-converters\/cm10\/\" target=\"_blank\" rel=\"noopener noreferrer\">P\u0159evodn\u00edk ze s\u00e9riov\u00e9 linky na USB<\/a>) a tak\u00e9 vzd\u00e1lenou konfiguraci prost\u0159ednictv\u00edm bezplatn\u00e9ho webov\u00e9ho rozhran\u00ed <a href=\"https:\/\/adgt.cz\/cs\/products\/software\/iot24-eu-cloud-software-platform\/\" target=\"_blank\" rel=\"noopener noreferrer\">Cloudov\u00e1 softwarov\u00e1 platforma IOT24.EU<\/a><br \/>\n\u2014 <a href=\"https:\/\/adgt.cz\/cs\/products\/software\/iot24-eu-cloud-software-platform\/\" target=\"_blank\" rel=\"noopener noreferrer\">Cloudov\u00e1 softwarov\u00e1 platforma IOT24.EU<\/a> zaji\u0161\u0165uj\u00edc\u00ed vzd\u00e1len\u00fd p\u0159\u00edstup k dat\u016fm prost\u0159ednictv\u00edm webov\u00e9ho rozhran\u00ed<\/p>\n","protected":false},"excerpt":{"rendered":"<p>4kan\u00e1lov\u00fd z\u00e1znamn\u00edk dat nap\u00e1jen\u00fd bateri\u00ed GPRS ve vodot\u011bsn\u00e9m pouzd\u0159e IP65.<\/p>\n<ul>\n<li>Nep\u0159etr\u017eit\u00fd provoz a\u017e 10 let z intern\u00ed baterie 13 000 mAh<\/li>\n<li>P\u0159enos dat p\u0159es GPRS\/TCP podle konfigurovateln\u00e9ho pl\u00e1nu<\/li>\n<li>Sloty pro dv\u011b SIM karty<\/li>\n<li>Extern\u00ed konektor SMA (f)<\/li>\n<li>Vodot\u011bsn\u00e9 plastov\u00e9 pouzdro IP65\/IP68 (viz Volby)<\/li>\n<li>4 x vstupy pro po\u010d\u00edt\u00e1n\u00ed impulz\u016f, 2 bin\u00e1rn\u00ed vstupy<\/li>\n<li>Nep\u0159etr\u017eit\u00fd p\u0159\u00edstup k dat\u016fm prost\u0159ednictv\u00edm <a href=\"https:\/\/adgt.cz\/cs\/products\/software\/iot24-eu-cloud-software-platform\/\" target=\"_blank\" rel=\"noopener noreferrer\">Cloudov\u00e1 softwarov\u00e1 platforma IOT24.EU<\/a><\/li>\n<\/ul>\n<p>Za\u0159\u00edzen\u00ed shroma\u017e\u010fuje data o spot\u0159eb\u011b z m\u011b\u0159i\u010d\u016f pulsu a senzor\u016f, ukl\u00e1d\u00e1 \u00fadaje do energeticky nez\u00e1visl\u00e9 pam\u011bti a p\u0159en\u00e1\u0161\u00ed data p\u0159es s\u00ed\u0165 GPRS. Vhodn\u00e9 pro m\u011b\u0159en\u00ed vody, plynu, elekt\u0159iny.<\/p>\n","protected":false},"featured_media":14500,"comment_status":"closed","ping_status":"closed","template":"","meta":[],"product_cat":[248,249],"product_tag":[],"class_list":{"0":"post-12741","1":"product","2":"type-product","3":"status-publish","4":"has-post-thumbnail","6":"product_cat-data-loggers","7":"product_cat-gprs-data-loggers","9":"first","10":"instock","11":"shipping-taxable","12":"purchasable","13":"product-type-variable","14":"has-default-attributes"},"yoast_head":"<!-- This site is optimized with the Yoast SEO plugin v23.5 - https:\/\/yoast.com\/wordpress\/plugins\/seo\/ -->\n<title>DTU317 - ADGT<\/title>\n<meta name=\"robots\" content=\"index, follow, max-snippet:-1, max-image-preview:large, max-video-preview:-1\" \/>\n<link rel=\"canonical\" href=\"https:\/\/adgt.cz\/cs\/products\/data-loggers\/gprs-data-loggers\/dtu317\/\" \/>\n<meta property=\"og:locale\" content=\"cs_CZ\" \/>\n<meta property=\"og:type\" content=\"article\" \/>\n<meta property=\"og:title\" content=\"DTU317 - ADGT\" \/>\n<meta property=\"og:description\" content=\"4kan\u00e1lov\u00fd z\u00e1znamn\u00edk dat nap\u00e1jen\u00fd bateri\u00ed GPRS ve vodot\u011bsn\u00e9m pouzd\u0159e IP65.   Nep\u0159etr\u017eit\u00fd provoz a\u017e 10 let z intern\u00ed baterie 13 000 mAh  P\u0159enos dat p\u0159es GPRS\/TCP podle konfigurovateln\u00e9ho pl\u00e1nu  Sloty pro dv\u011b SIM karty  Extern\u00ed konektor SMA (f)  Vodot\u011bsn\u00e9 plastov\u00e9 pouzdro IP65\/IP68 (viz Volby)  4 x vstupy pro po\u010d\u00edt\u00e1n\u00ed impulz\u016f, 2 bin\u00e1rn\u00ed vstupy  Nep\u0159etr\u017eit\u00fd p\u0159\u00edstup k dat\u016fm prost\u0159ednictv\u00edm Cloudov\u00e1 softwarov\u00e1 platforma IOT24.EU  Za\u0159\u00edzen\u00ed shroma\u017e\u010fuje data o spot\u0159eb\u011b z m\u011b\u0159i\u010d\u016f pulsu a senzor\u016f, ukl\u00e1d\u00e1 \u00fadaje do energeticky nez\u00e1visl\u00e9 pam\u011bti a p\u0159en\u00e1\u0161\u00ed data p\u0159es s\u00ed\u0165 GPRS. Vhodn\u00e9 pro m\u011b\u0159en\u00ed vody, plynu, elekt\u0159iny.\" \/>\n<meta property=\"og:url\" content=\"https:\/\/adgt.cz\/cs\/products\/data-loggers\/gprs-data-loggers\/dtu317\/\" \/>\n<meta property=\"og:site_name\" content=\"ADGT\" \/>\n<meta property=\"article:modified_time\" content=\"2022-06-06T12:31:34+00:00\" \/>\n<meta property=\"og:image\" content=\"https:\/\/adgt.cz\/wp-content\/uploads\/2022\/06\/DTU317-IP65-SMA.jpg\" \/>\n\t<meta property=\"og:image:width\" content=\"1200\" \/>\n\t<meta property=\"og:image:height\" content=\"1200\" \/>\n\t<meta property=\"og:image:type\" content=\"image\/jpeg\" \/>\n<meta name=\"twitter:card\" content=\"summary_large_image\" \/>\n<meta name=\"twitter:label1\" content=\"Odhadovan\u00e1 doba \u010dten\u00ed\" \/>\n\t<meta name=\"twitter:data1\" content=\"1 minuta\" \/>\n<script type=\"application\/ld+json\" class=\"yoast-schema-graph\">{\"@context\":\"https:\/\/schema.org\",\"@graph\":[{\"@type\":\"WebPage\",\"@id\":\"https:\/\/adgt.cz\/cs\/products\/data-loggers\/gprs-data-loggers\/dtu317\/\",\"url\":\"https:\/\/adgt.cz\/cs\/products\/data-loggers\/gprs-data-loggers\/dtu317\/\",\"name\":\"DTU317 - ADGT\",\"isPartOf\":{\"@id\":\"https:\/\/adgt.cz\/cs\/#website\"},\"primaryImageOfPage\":{\"@id\":\"https:\/\/adgt.cz\/cs\/products\/data-loggers\/gprs-data-loggers\/dtu317\/#primaryimage\"},\"image\":{\"@id\":\"https:\/\/adgt.cz\/cs\/products\/data-loggers\/gprs-data-loggers\/dtu317\/#primaryimage\"},\"thumbnailUrl\":\"https:\/\/adgt.cz\/wp-content\/uploads\/2022\/06\/DTU317-IP65-SMA.jpg\",\"datePublished\":\"2021-09-16T08:53:17+00:00\",\"dateModified\":\"2022-06-06T12:31:34+00:00\",\"breadcrumb\":{\"@id\":\"https:\/\/adgt.cz\/cs\/products\/data-loggers\/gprs-data-loggers\/dtu317\/#breadcrumb\"},\"inLanguage\":\"cs\",\"potentialAction\":[{\"@type\":\"ReadAction\",\"target\":[\"https:\/\/adgt.cz\/cs\/products\/data-loggers\/gprs-data-loggers\/dtu317\/\"]}]},{\"@type\":\"ImageObject\",\"inLanguage\":\"cs\",\"@id\":\"https:\/\/adgt.cz\/cs\/products\/data-loggers\/gprs-data-loggers\/dtu317\/#primaryimage\",\"url\":\"https:\/\/adgt.cz\/wp-content\/uploads\/2022\/06\/DTU317-IP65-SMA.jpg\",\"contentUrl\":\"https:\/\/adgt.cz\/wp-content\/uploads\/2022\/06\/DTU317-IP65-SMA.jpg\",\"width\":1200,\"height\":1200,\"caption\":\"Data logger DTU317\"},{\"@type\":\"BreadcrumbList\",\"@id\":\"https:\/\/adgt.cz\/cs\/products\/data-loggers\/gprs-data-loggers\/dtu317\/#breadcrumb\",\"itemListElement\":[{\"@type\":\"ListItem\",\"position\":1,\"name\":\"Home\",\"item\":\"https:\/\/adgt.cz\/cs\/\"},{\"@type\":\"ListItem\",\"position\":2,\"name\":\"Produkty\",\"item\":\"https:\/\/adgt.cz\/cs\/products\/\"},{\"@type\":\"ListItem\",\"position\":3,\"name\":\"Z\u00e1znamn\u00edky dat\",\"item\":\"https:\/\/adgt.cz\/cs\/product-category\/data-loggers\/\"},{\"@type\":\"ListItem\",\"position\":4,\"name\":\"Z\u00e1znamn\u00edky dat GPRS\",\"item\":\"https:\/\/adgt.cz\/cs\/product-category\/data-loggers\/gprs-data-loggers\/\"},{\"@type\":\"ListItem\",\"position\":5,\"name\":\"DTU317\"}]},{\"@type\":\"WebSite\",\"@id\":\"https:\/\/adgt.cz\/cs\/#website\",\"url\":\"https:\/\/adgt.cz\/cs\/\",\"name\":\"ADGT\",\"description\":\"Just another WordPress site\",\"publisher\":{\"@id\":\"https:\/\/adgt.cz\/cs\/#organization\"},\"potentialAction\":[{\"@type\":\"SearchAction\",\"target\":{\"@type\":\"EntryPoint\",\"urlTemplate\":\"https:\/\/adgt.cz\/cs\/?s={search_term_string}\"},\"query-input\":{\"@type\":\"PropertyValueSpecification\",\"valueRequired\":true,\"valueName\":\"search_term_string\"}}],\"inLanguage\":\"cs\"},{\"@type\":\"Organization\",\"@id\":\"https:\/\/adgt.cz\/cs\/#organization\",\"name\":\"ADGT\",\"url\":\"https:\/\/adgt.cz\/cs\/\",\"logo\":{\"@type\":\"ImageObject\",\"inLanguage\":\"cs\",\"@id\":\"https:\/\/adgt.cz\/cs\/#\/schema\/logo\/image\/\",\"url\":\"https:\/\/adgt.cz\/wp-content\/uploads\/2020\/09\/ADGT_logo_Magenta.png\",\"contentUrl\":\"https:\/\/adgt.cz\/wp-content\/uploads\/2020\/09\/ADGT_logo_Magenta.png\",\"width\":798,\"height\":208,\"caption\":\"ADGT\"},\"image\":{\"@id\":\"https:\/\/adgt.cz\/cs\/#\/schema\/logo\/image\/\"}}]}<\/script>\n<!-- \/ Yoast SEO plugin. -->","yoast_head_json":{"title":"DTU317 - ADGT","robots":{"index":"index","follow":"follow","max-snippet":"max-snippet:-1","max-image-preview":"max-image-preview:large","max-video-preview":"max-video-preview:-1"},"canonical":"https:\/\/adgt.cz\/cs\/products\/data-loggers\/gprs-data-loggers\/dtu317\/","og_locale":"cs_CZ","og_type":"article","og_title":"DTU317 - ADGT","og_description":"4kan\u00e1lov\u00fd z\u00e1znamn\u00edk dat nap\u00e1jen\u00fd bateri\u00ed GPRS ve vodot\u011bsn\u00e9m pouzd\u0159e IP65.   Nep\u0159etr\u017eit\u00fd provoz a\u017e 10 let z intern\u00ed baterie 13 000 mAh  P\u0159enos dat p\u0159es GPRS\/TCP podle konfigurovateln\u00e9ho pl\u00e1nu  Sloty pro dv\u011b SIM karty  Extern\u00ed konektor SMA (f)  Vodot\u011bsn\u00e9 plastov\u00e9 pouzdro IP65\/IP68 (viz Volby)  4 x vstupy pro po\u010d\u00edt\u00e1n\u00ed impulz\u016f, 2 bin\u00e1rn\u00ed vstupy  Nep\u0159etr\u017eit\u00fd p\u0159\u00edstup k dat\u016fm prost\u0159ednictv\u00edm Cloudov\u00e1 softwarov\u00e1 platforma IOT24.EU  Za\u0159\u00edzen\u00ed shroma\u017e\u010fuje data o spot\u0159eb\u011b z m\u011b\u0159i\u010d\u016f pulsu a senzor\u016f, ukl\u00e1d\u00e1 \u00fadaje do energeticky nez\u00e1visl\u00e9 pam\u011bti a p\u0159en\u00e1\u0161\u00ed data p\u0159es s\u00ed\u0165 GPRS. Vhodn\u00e9 pro m\u011b\u0159en\u00ed vody, plynu, elekt\u0159iny.","og_url":"https:\/\/adgt.cz\/cs\/products\/data-loggers\/gprs-data-loggers\/dtu317\/","og_site_name":"ADGT","article_modified_time":"2022-06-06T12:31:34+00:00","og_image":[{"width":1200,"height":1200,"url":"https:\/\/adgt.cz\/wp-content\/uploads\/2022\/06\/DTU317-IP65-SMA.jpg","type":"image\/jpeg"}],"twitter_card":"summary_large_image","twitter_misc":{"Odhadovan\u00e1 doba \u010dten\u00ed":"1 minuta"},"schema":{"@context":"https:\/\/schema.org","@graph":[{"@type":"WebPage","@id":"https:\/\/adgt.cz\/cs\/products\/data-loggers\/gprs-data-loggers\/dtu317\/","url":"https:\/\/adgt.cz\/cs\/products\/data-loggers\/gprs-data-loggers\/dtu317\/","name":"DTU317 - ADGT","isPartOf":{"@id":"https:\/\/adgt.cz\/cs\/#website"},"primaryImageOfPage":{"@id":"https:\/\/adgt.cz\/cs\/products\/data-loggers\/gprs-data-loggers\/dtu317\/#primaryimage"},"image":{"@id":"https:\/\/adgt.cz\/cs\/products\/data-loggers\/gprs-data-loggers\/dtu317\/#primaryimage"},"thumbnailUrl":"https:\/\/adgt.cz\/wp-content\/uploads\/2022\/06\/DTU317-IP65-SMA.jpg","datePublished":"2021-09-16T08:53:17+00:00","dateModified":"2022-06-06T12:31:34+00:00","breadcrumb":{"@id":"https:\/\/adgt.cz\/cs\/products\/data-loggers\/gprs-data-loggers\/dtu317\/#breadcrumb"},"inLanguage":"cs","potentialAction":[{"@type":"ReadAction","target":["https:\/\/adgt.cz\/cs\/products\/data-loggers\/gprs-data-loggers\/dtu317\/"]}]},{"@type":"ImageObject","inLanguage":"cs","@id":"https:\/\/adgt.cz\/cs\/products\/data-loggers\/gprs-data-loggers\/dtu317\/#primaryimage","url":"https:\/\/adgt.cz\/wp-content\/uploads\/2022\/06\/DTU317-IP65-SMA.jpg","contentUrl":"https:\/\/adgt.cz\/wp-content\/uploads\/2022\/06\/DTU317-IP65-SMA.jpg","width":1200,"height":1200,"caption":"Data logger DTU317"},{"@type":"BreadcrumbList","@id":"https:\/\/adgt.cz\/cs\/products\/data-loggers\/gprs-data-loggers\/dtu317\/#breadcrumb","itemListElement":[{"@type":"ListItem","position":1,"name":"Home","item":"https:\/\/adgt.cz\/cs\/"},{"@type":"ListItem","position":2,"name":"Produkty","item":"https:\/\/adgt.cz\/cs\/products\/"},{"@type":"ListItem","position":3,"name":"Z\u00e1znamn\u00edky dat","item":"https:\/\/adgt.cz\/cs\/product-category\/data-loggers\/"},{"@type":"ListItem","position":4,"name":"Z\u00e1znamn\u00edky dat GPRS","item":"https:\/\/adgt.cz\/cs\/product-category\/data-loggers\/gprs-data-loggers\/"},{"@type":"ListItem","position":5,"name":"DTU317"}]},{"@type":"WebSite","@id":"https:\/\/adgt.cz\/cs\/#website","url":"https:\/\/adgt.cz\/cs\/","name":"ADGT","description":"Just another WordPress site","publisher":{"@id":"https:\/\/adgt.cz\/cs\/#organization"},"potentialAction":[{"@type":"SearchAction","target":{"@type":"EntryPoint","urlTemplate":"https:\/\/adgt.cz\/cs\/?s={search_term_string}"},"query-input":{"@type":"PropertyValueSpecification","valueRequired":true,"valueName":"search_term_string"}}],"inLanguage":"cs"},{"@type":"Organization","@id":"https:\/\/adgt.cz\/cs\/#organization","name":"ADGT","url":"https:\/\/adgt.cz\/cs\/","logo":{"@type":"ImageObject","inLanguage":"cs","@id":"https:\/\/adgt.cz\/cs\/#\/schema\/logo\/image\/","url":"https:\/\/adgt.cz\/wp-content\/uploads\/2020\/09\/ADGT_logo_Magenta.png","contentUrl":"https:\/\/adgt.cz\/wp-content\/uploads\/2020\/09\/ADGT_logo_Magenta.png","width":798,"height":208,"caption":"ADGT"},"image":{"@id":"https:\/\/adgt.cz\/cs\/#\/schema\/logo\/image\/"}}]}},"_links":{"self":[{"href":"https:\/\/adgt.cz\/cs\/wp-json\/wp\/v2\/product\/12741"}],"collection":[{"href":"https:\/\/adgt.cz\/cs\/wp-json\/wp\/v2\/product"}],"about":[{"href":"https:\/\/adgt.cz\/cs\/wp-json\/wp\/v2\/types\/product"}],"replies":[{"embeddable":true,"href":"https:\/\/adgt.cz\/cs\/wp-json\/wp\/v2\/comments?post=12741"}],"wp:featuredmedia":[{"embeddable":true,"href":"https:\/\/adgt.cz\/cs\/wp-json\/wp\/v2\/media\/14500"}],"wp:attachment":[{"href":"https:\/\/adgt.cz\/cs\/wp-json\/wp\/v2\/media?parent=12741"}],"wp:term":[{"taxonomy":"product_cat","embeddable":true,"href":"https:\/\/adgt.cz\/cs\/wp-json\/wp\/v2\/product_cat?post=12741"},{"taxonomy":"product_tag","embeddable":true,"href":"https:\/\/adgt.cz\/cs\/wp-json\/wp\/v2\/product_tag?post=12741"}],"curies":[{"name":"wp","href":"https:\/\/api.w.org\/{rel}","templated":true}]}}